{"id":18141,"date":"2025-02-10T19:12:11","date_gmt":"2025-02-10T17:12:11","guid":{"rendered":"https:\/\/www.melform.com\/assistenza-demo\/"},"modified":"2026-04-20T00:17:34","modified_gmt":"2026-04-19T22:17:34","slug":"service-a-la-clientele","status":"publish","type":"page","link":"https:\/\/www.melform.com\/fr\/service-a-la-clientele\/","title":{"rendered":"Service \u00e0 la client\u00e8le"},"content":{"rendered":"<div class=\"wpb-content-wrapper\">[vc_row bg_type=&#8221;image&#8221; bg_image=&#8221;18089&#8243; bg_tablet_sm_position=&#8221;center-center&#8221; padding_top_multiplier=&#8221;3x&#8221; padding_bottom_multiplier=&#8221;3x&#8221; el_class=&#8221;category-fullsize-row banner&#8221; el_wrapper_class=&#8221;category-fullsize-row-wrapper&#8221;][vc_column]<h1 class=\"grve-element grve-title grve-align-center grve-h1 title\" style=\"\"><span>\r\n<p style=\"text-align: center; font-weight: 600; color: #fff;\">Service \u00e0 la client\u00e8le<br>\r\n<\/span><\/h1>[\/vc_column][\/vc_row][vc_row section_type=&#8221;fullwidth&#8221; bg_type=&#8221;color&#8221; padding_top_multiplier=&#8221;&#8221; padding_bottom_multiplier=&#8221;&#8221; columns_gap=&#8221;none&#8221; equal_column_height=&#8221;middle-content&#8221; el_class=&#8221;category-fullsize-row&#8221; bg_color=&#8221;#333333&#8243; el_wrapper_class=&#8221;category-fullsize-row-wrapper&#8221;][vc_column css=&#8221;.vc_custom_1661330057401{background-color: #333333 !important;}&#8221;]<div class=\"product-layout-wc-breadcrumb product-category-breadcrumbs\"><nav class=\"woocommerce-breadcrumb\" aria-label=\"Breadcrumb\">Accueil<\/nav><\/div>[\/vc_column][\/vc_row][vc_row heading_color=&#8221;primary-5&#8243; bg_type=&#8221;color&#8221; padding_top_multiplier=&#8221;3x&#8221; padding_bottom_multiplier=&#8221;3x&#8221; equal_column_height=&#8221;middle-content&#8221; tablet_portrait_equal_column_height=&#8221;false&#8221; mobile_equal_column_height=&#8221;false&#8221; font_color=&#8221;#FFFFFF&#8221; bg_color=&#8221;#D21138&#8243; el_wrapper_class=&#8221;assistance-features-wrapper&#8221;][vc_column vertical_content_position=&#8221;middle&#8221; width=&#8221;2\/5&#8243; tablet_sm_width=&#8221;1&#8243; el_class=&#8221;image-wrapper&#8221;][vc_single_image image=&#8221;18097&#8243; img_size=&#8221;large&#8221; alignment=&#8221;center&#8221; style=&#8221;vc_box_circle_2&#8243; css_animation=&#8221;fadeIn&#8221; css=&#8221;.vc_custom_1739211130406{border-color: #00000000 !important;}&#8221;][\/vc_column][vc_column width=&#8221;3\/5&#8243; tablet_sm_width=&#8221;1&#8243; el_class=&#8221;text-wrapper&#8221;][vc_custom_heading text=&#8221;Service apr\u00e8s-vente : toujours \u00e0 vos c\u00f4t\u00e9s&#8221; font_container=&#8221;tag:h3|text_align:left&#8221; use_theme_fonts=&#8221;yes&#8221; css_animation=&#8221;fadeIn&#8221; css=&#8221;&#8221; el_class=&#8221;home-title-border border-left light border-light longer&#8221;][vc_column_text css=&#8221;&#8221; animation=&#8221;grve-fade-in&#8221;]\r\n<p style=\"text-align: left;\">Notre assistance ne s&#8217;arr\u00eate pas \u00e0 la vente et \u00e0 la livraison.\r\nMELFORM met son expertise \u00e0 votre disposition pour garantir un support rapide et efficace, gr\u00e2ce \u00e0 :<\/p>\r\n\r\n<ul style=\"margin: 1em;\">\r\n \t<li style=\"list-style: '- '; text-align: left;\">Service client d\u00e9di\u00e9, pr\u00eat \u00e0 r\u00e9pondre \u00e0 tous vos besoins.<\/li>\r\n \t<li style=\"list-style: '- '; text-align: left;\">Techniciens sp\u00e9cialis\u00e9s, form\u00e9s directement en interne pour des interventions qualifi\u00e9es.<\/li>\r\n \t<li style=\"list-style: '- '; text-align: left;\">R\u00e9seau d&#8217;assistance international, garantissant une disponibilit\u00e9 rapide des pi\u00e8ces de rechange.<\/li>\r\n<\/ul>\r\n[\/vc_column_text][\/vc_column][\/vc_row][vc_row bg_type=&#8221;color&#8221; padding_top_multiplier=&#8221;4x&#8221; padding_bottom_multiplier=&#8221;5x&#8221; columns_gap=&#8221;none&#8221; equal_column_height=&#8221;middle-content&#8221; el_class=&#8221;category-fullsize-row&#8221; bg_color=&#8221;#e5e5e5&#8243; el_wrapper_class=&#8221;category-fullsize-row-wrapper&#8221;][vc_column el_class=&#8221;active-title-border&#8221;][vc_column_text css=&#8221;&#8221;]<strong><span style=\"text-align: left;\">Besoin d\u2019assistance ? Remplissez le formulaire pour soumettre une demande d&#8217;intervention, notre \u00e9quipe vous contactera dans les plus brefs d\u00e9lais.<\/span><\/strong>\r\n<p style=\"text-align: center;\">\n<div class=\"wpcf7 no-js\" id=\"wpcf7-f24261-o1\" lang=\"fr-FR\" dir=\"ltr\" data-wpcf7-id=\"24261\">\n<div class=\"screen-reader-response\"><p role=\"status\" aria-live=\"polite\" aria-atomic=\"true\"><\/p> <ul><\/ul><\/div>\n<form action=\"\/fr\/wp-json\/wp\/v2\/pages\/18141#wpcf7-f24261-o1\" method=\"post\" class=\"wpcf7-form init wpcf7-acceptance-as-validation\" aria-label=\"Formulaire de contact\" enctype=\"multipart\/form-data\" novalidate=\"novalidate\" data-status=\"init\">\n<fieldset class=\"hidden-fields-container\"><input type=\"hidden\" name=\"_wpcf7\" value=\"24261\" \/><input type=\"hidden\" name=\"_wpcf7_version\" value=\"6.1.4\" \/><input type=\"hidden\" name=\"_wpcf7_locale\" value=\"fr_FR\" \/><input type=\"hidden\" name=\"_wpcf7_unit_tag\" value=\"wpcf7-f24261-o1\" \/><input type=\"hidden\" name=\"_wpcf7_container_post\" value=\"0\" \/><input type=\"hidden\" name=\"_wpcf7_posted_data_hash\" value=\"\" \/><input type=\"hidden\" name=\"_wpcf7_recaptcha_response\" value=\"\" \/>\n<\/fieldset>\n<div class=\"form-wrap\">\n\n<div><span class=\"wpcf7-form-control-wrap\" data-name=\"Azienda\"><input size=\"40\" maxlength=\"400\" class=\"wpcf7-form-control wpcf7-text wpcf7-validates-as-required\" aria-required=\"true\" aria-invalid=\"false\" placeholder=\"Entreprise \/ Raison sociale*\" value=\"\" type=\"text\" name=\"Azienda\" \/><\/span><\/div>\n<div><span class=\"wpcf7-form-control-wrap\" data-name=\"Nome\"><input size=\"40\" maxlength=\"400\" class=\"wpcf7-form-control wpcf7-text wpcf7-validates-as-required\" aria-required=\"true\" aria-invalid=\"false\" placeholder=\"Nom et Pr\u00e9nome*\" value=\"\" type=\"text\" name=\"Nome\" \/><\/span><\/div>\n<div><span class=\"wpcf7-form-control-wrap\" data-name=\"Tel\"><input size=\"40\" maxlength=\"400\" class=\"wpcf7-form-control wpcf7-tel wpcf7-validates-as-required wpcf7-text wpcf7-validates-as-tel\" aria-required=\"true\" aria-invalid=\"false\" placeholder=\"Num\u00e9ro de contact*\" value=\"\" type=\"tel\" name=\"Tel\" \/><\/span><\/div>\n<div><span class=\"wpcf7-form-control-wrap\" data-name=\"Email\"><input size=\"40\" maxlength=\"400\" class=\"wpcf7-form-control wpcf7-email wpcf7-validates-as-required wpcf7-text wpcf7-validates-as-email\" aria-required=\"true\" aria-invalid=\"false\" placeholder=\"Email*\" value=\"\" type=\"email\" name=\"Email\" \/><\/span><\/div>\n<div><span class=\"wpcf7-form-control-wrap\" data-name=\"Country\"><input size=\"40\" maxlength=\"400\" class=\"wpcf7-form-control wpcf7-text wpcf7-validates-as-required\" aria-required=\"true\" aria-invalid=\"false\" placeholder=\"Pays*\" value=\"\" type=\"text\" name=\"Country\" \/><\/span><\/div>\n<div><span class=\"wpcf7-form-control-wrap\" data-name=\"CodProd\"><input size=\"40\" maxlength=\"400\" class=\"wpcf7-form-control wpcf7-text wpcf7-validates-as-required\" aria-required=\"true\" aria-invalid=\"false\" placeholder=\"Code Produit*\" value=\"\" type=\"text\" name=\"CodProd\" \/><\/span><\/div>\n<div><span class=\"wpcf7-form-control-wrap\" data-name=\"Matric\"><input size=\"40\" maxlength=\"400\" class=\"wpcf7-form-control wpcf7-text wpcf7-validates-as-required\" aria-required=\"true\" aria-invalid=\"false\" placeholder=\"Num\u00e9ro de s\u00e9rie*\" value=\"\" type=\"text\" name=\"Matric\" \/><\/span><\/div>\n<div><span class=\"wpcf7-form-control-wrap\" data-name=\"Qty\"><input size=\"40\" maxlength=\"400\" class=\"wpcf7-form-control wpcf7-text wpcf7-validates-as-required\" aria-required=\"true\" aria-invalid=\"false\" placeholder=\"Quantit\u00e9*\" value=\"\" type=\"text\" name=\"Qty\" \/><\/span><\/div>\n\n<div><span class=\"wpcf7-form-control-wrap\" data-name=\"TipProbTec\"><input size=\"40\" maxlength=\"400\" class=\"wpcf7-form-control wpcf7-text wpcf7-validates-as-required\" aria-required=\"true\" aria-invalid=\"false\" placeholder=\"Nature de la r\u00e9clamation*\" value=\"\" type=\"text\" name=\"TipProbTec\" \/><\/span><\/div>\n\n<div class=\"cf-file\">\n<span>T\u00e9l\u00e9chargez la facture ici*<\/span>\n<span class=\"wpcf7-form-control-wrap\" data-name=\"file-fattura\"><input size=\"40\" class=\"wpcf7-form-control wpcf7-file wpcf7-validates-as-required\" accept=\".pdf,.jpg,.jpeg,.png\" aria-required=\"true\" aria-invalid=\"false\" type=\"file\" name=\"file-fattura\" \/><\/span>\n<\/div>\n\n<div>\n<span>Date d'achat*<\/span>\n<span class=\"wpcf7-form-control-wrap\" data-name=\"DataAcquisto\"><input class=\"wpcf7-form-control wpcf7-date wpcf7-validates-as-required wpcf7-validates-as-date\" aria-required=\"true\" aria-invalid=\"false\" value=\"\" type=\"date\" name=\"DataAcquisto\" \/><\/span>\n<\/div>\n\n<div class=\"cf-textarea\">\n<span class=\"wpcf7-form-control-wrap\" data-name=\"Messaggio\"><textarea cols=\"40\" rows=\"10\" maxlength=\"2000\" class=\"wpcf7-form-control wpcf7-textarea\" id=\"Inserisciquiiltuomessaggio\" aria-invalid=\"false\" placeholder=\"Message (Description du d\u00e9faut et notes \u00e9ventuelles)\" name=\"Messaggio\"><\/textarea><\/span>\n<\/div>\n\n<div class=\"cf-file\">\n<span>T\u00e9l\u00e9chargez ici d'\u00e9ventuelles photos du produit<\/span>\n<span class=\"wpcf7-form-control-wrap\" data-name=\"file-foto\"><input size=\"40\" class=\"wpcf7-form-control wpcf7-file\" accept=\".jpg,.jpeg,.png\" aria-invalid=\"false\" type=\"file\" name=\"file-foto\" \/><\/span>\n<\/div>\n\n<div class=\"cf-acpt\">\n<span class=\"wpcf7-form-control-wrap\" data-name=\"acceptance-614\"><span class=\"wpcf7-form-control wpcf7-acceptance\"><span class=\"wpcf7-list-item\"><label><input type=\"checkbox\" name=\"acceptance-614\" value=\"1\" aria-invalid=\"false\" \/><span class=\"wpcf7-list-item-label\"><a href=\"https:\/\/www.melform.com\/privacy\">J'ai lu et j'accepte la politique de confidentialit\u00e9<\/a><\/span><\/label><\/span><\/span><\/span>\n<\/div>\n\n<div class=\"cf-send\">\n<input class=\"wpcf7-form-control wpcf7-submit has-spinner\" type=\"submit\" value=\"Envoyer le message\" \/>\n<\/div>\n\n<div class=\"nl-captcha\">\n<span class=\"wpcf7-form-control-wrap kc_captcha\" data-name=\"kc_captcha\"><span class=\"wpcf7-form-control wpcf7-radio\"><span class=\"captcha-image\" ><span class=\"cf7ic_instructions\">Veuillez prouver que vous \u00eates humain en s\u00e9lectionnant<span> le drapeau<\/span>.<\/span><label><input aria-label=\"1\" type=\"radio\" name=\"kc_captcha\" value=\"kc_human\" \/><svg aria-hidden=\"true\" role=\"img\" xmlns=\"http:\/\/www.w3.org\/2000\/svg\" viewBox=\"0 0 512 512\"><path fill=\"currentColor\" d=\"M350 99c-54 0-98-35-166-35-25 0-47 4-68 12a56 56 0 004-24C118 24 95 1 66 0a56 56 0 00-34 102v386c0 13 11 24 24 24h16c13 0 24-11 24-24v-94c28-12 64-23 114-23 54 0 98 35 166 35 48 0 86-16 122-41 9-6 14-15 14-26V96c0-23-24-39-45-29-35 16-77 32-117 32z\"\/><\/svg><\/label><label><input aria-label=\"2\" type=\"radio\" name=\"kc_captcha\" value=\"bot\" \/><svg aria-hidden=\"true\" role=\"img\" xmlns=\"http:\/\/www.w3.org\/2000\/svg\" viewBox=\"0 0 512 512\"><path fill=\"currentColor\" d=\"M512 176a176 176 0 01-209 173l-24 27a24 24 0 01-18 8h-37v40c0 13-11 24-24 24h-40v40c0 13-11 24-24 24H24c-13 0-24-11-24-24v-78c0-6 3-13 7-17l162-162a176 176 0 11343-55zm-176-48a48 48 0 1096 0 48 48 0 00-96 0z\"\/><\/svg><\/label><label><input aria-label=\"3\" type=\"radio\" name=\"kc_captcha\" value=\"bot\" \/><svg aria-hidden=\"true\" role=\"img\" xmlns=\"http:\/\/www.w3.org\/2000\/svg\" viewBox=\"0 0 640 512\"><path fill=\"currentColor\" d=\"M624 352h-16V244c0-13-5-25-14-34L494 110c-9-9-21-14-34-14h-44V48c0-26-21-48-48-48H48C22 0 0 22 0 48v320c0 27 22 48 48 48h16a96 96 0 00192 0h128a96 96 0 00192 0h48c9 0 16-7 16-16v-32c0-9-7-16-16-16zM160 464a48 48 0 110-96 48 48 0 010 96zm320 0a48 48 0 110-96 48 48 0 010 96zm80-208H416V144h44l100 100v12z\"\/><\/svg><\/label>\r\n    <\/span>\r\n    <span style=\"display:none\">\r\n        <input type=\"text\" name=\"kc_honeypot\">\r\n    <\/span><\/span><\/span>\n<\/div>\n\n<\/div><div class=\"wpcf7-response-output\" aria-hidden=\"true\"><\/div>\n<\/form>\n<\/div>\r\n[\/vc_column_text][\/vc_column][\/vc_row]<\/div>","protected":false},"excerpt":{"rendered":"[vc_row bg_type=&#8221;image&#8221; bg_image=&#8221;18089&#8243; bg_tablet_sm_position=&#8221;center-center&#8221; padding_top_multiplier=&#8221;3x&#8221; padding_bottom_multiplier=&#8221;3x&#8221; el_class=&#8221;category-fullsize-row banner&#8221; el_wrapper_class=&#8221;category-fullsize-row-wrapper&#8221;][vc_column][\/vc_column][\/vc_row][vc_row section_type=&#8221;fullwidth&#8221; bg_type=&#8221;color&#8221; padding_top_multiplier=&#8221;&#8221; padding_bottom_multiplier=&#8221;&#8221; columns_gap=&#8221;none&#8221; equal_column_height=&#8221;middle-content&#8221; el_class=&#8221;category-fullsize-row&#8221; bg_color=&#8221;#333333&#8243; el_wrapper_class=&#8221;category-fullsize-row-wrapper&#8221;][vc_column css=&#8221;.vc_custom_1661330057401{background-color: #333333 !important;}&#8221;][\/vc_column][\/vc_row][vc_row heading_color=&#8221;primary-5&#8243; bg_type=&#8221;color&#8221; padding_top_multiplier=&#8221;3x&#8221; padding_bottom_multiplier=&#8221;3x&#8221; equal_column_height=&#8221;middle-content&#8221; tablet_portrait_equal_column_height=&#8221;false&#8221; mobile_equal_column_height=&#8221;false&#8221; font_color=&#8221;#FFFFFF&#8221; bg_color=&#8221;#D21138&#8243; el_wrapper_class=&#8221;assistance-features-wrapper&#8221;][vc_column vertical_content_position=&#8221;middle&#8221; width=&#8221;2\/5&#8243; tablet_sm_width=&#8221;1&#8243; el_class=&#8221;image-wrapper&#8221;][vc_single_image image=&#8221;18097&#8243; img_size=&#8221;large&#8221; alignment=&#8221;center&#8221; style=&#8221;vc_box_circle_2&#8243; css_animation=&#8221;fadeIn&#8221; css=&#8221;.vc_custom_1739211130406{border-color: #00000000 !important;}&#8221;][\/vc_column][vc_column width=&#8221;3\/5&#8243; tablet_sm_width=&#8221;1&#8243; el_class=&#8221;text-wrapper&#8221;][vc_custom_heading text=&#8221;Service apr\u00e8s-vente : toujours \u00e0 vos c\u00f4t\u00e9s&#8221; font_container=&#8221;tag:h3|text_align:left&#8221; use_theme_fonts=&#8221;yes&#8221; [&hellip;]","protected":false},"author":8,"featured_media":0,"parent":0,"menu_order":5,"comment_status":"closed","ping_status":"closed","template":"","meta":{"_acf_changed":false,"_themeisle_gutenberg_block_has_review":false,"footnotes":""},"class_list":["post-18141","page","type-page","status-publish","hentry"],"acf":[],"yoast_head":"<!-- This site is optimized with the Yoast SEO plugin v26.4 - https:\/\/yoast.com\/wordpress\/plugins\/seo\/ -->\n<title>Service \u00e0 la client\u00e8le - MELFORM<\/title>\n<meta name=\"description\" content=\"MELFORM pone il cliente al centro della propria strategia investendo risorse in assistenza e supporto durante tutte le fasi dell\u2019acquisto.\u00a0\" \/>\n<meta name=\"robots\" content=\"index, follow, max-snippet:-1, max-image-preview:large, max-video-preview:-1\" \/>\n<link rel=\"canonical\" href=\"https:\/\/www.melform.com\/fr\/service-a-la-clientele\/\" \/>\n<meta property=\"og:locale\" content=\"fr_FR\" \/>\n<meta property=\"og:type\" content=\"article\" \/>\n<meta property=\"og:title\" content=\"Service \u00e0 la client\u00e8le - MELFORM\" \/>\n<meta property=\"og:description\" content=\"MELFORM pone il cliente al centro della propria strategia investendo risorse in assistenza e supporto durante tutte le fasi dell\u2019acquisto.\u00a0\" \/>\n<meta property=\"og:url\" content=\"https:\/\/www.melform.com\/fr\/service-a-la-clientele\/\" \/>\n<meta property=\"og:site_name\" content=\"MELFORM\" \/>\n<meta property=\"article:modified_time\" content=\"2026-04-19T22:17:34+00:00\" \/>\n<meta name=\"twitter:card\" content=\"summary_large_image\" \/>\n<script type=\"application\/ld+json\" class=\"yoast-schema-graph\">{\"@context\":\"https:\/\/schema.org\",\"@graph\":[{\"@type\":\"WebPage\",\"@id\":\"https:\/\/www.melform.com\/fr\/service-a-la-clientele\/\",\"url\":\"https:\/\/www.melform.com\/fr\/service-a-la-clientele\/\",\"name\":\"Service \u00e0 la client\u00e8le - MELFORM\",\"isPartOf\":{\"@id\":\"https:\/\/www.melform.com\/fr\/#website\"},\"datePublished\":\"2025-02-10T17:12:11+00:00\",\"dateModified\":\"2026-04-19T22:17:34+00:00\",\"description\":\"MELFORM pone il cliente al centro della propria strategia investendo risorse in assistenza e supporto durante tutte le fasi dell\u2019acquisto.\u00a0\",\"breadcrumb\":{\"@id\":\"https:\/\/www.melform.com\/fr\/service-a-la-clientele\/#breadcrumb\"},\"inLanguage\":\"fr-FR\",\"potentialAction\":[{\"@type\":\"ReadAction\",\"target\":[\"https:\/\/www.melform.com\/fr\/service-a-la-clientele\/\"]}]},{\"@type\":\"BreadcrumbList\",\"@id\":\"https:\/\/www.melform.com\/fr\/service-a-la-clientele\/#breadcrumb\",\"itemListElement\":[{\"@type\":\"ListItem\",\"position\":1,\"name\":\"Home\",\"item\":\"https:\/\/www.melform.com\/fr\/\"},{\"@type\":\"ListItem\",\"position\":2,\"name\":\"Service \u00e0 la client\u00e8le\"}]},{\"@type\":\"WebSite\",\"@id\":\"https:\/\/www.melform.com\/fr\/#website\",\"url\":\"https:\/\/www.melform.com\/fr\/\",\"name\":\"MELFORM\",\"description\":\"SISTEMI PER IL TRASPORTO E STOCCAGGIO A TEMPERATURA CONTROLLATA\",\"potentialAction\":[{\"@type\":\"SearchAction\",\"target\":{\"@type\":\"EntryPoint\",\"urlTemplate\":\"https:\/\/www.melform.com\/fr\/?s={search_term_string}\"},\"query-input\":{\"@type\":\"PropertyValueSpecification\",\"valueRequired\":true,\"valueName\":\"search_term_string\"}}],\"inLanguage\":\"fr-FR\"}]}<\/script>\n<!-- \/ Yoast SEO plugin. -->","yoast_head_json":{"title":"Service \u00e0 la client\u00e8le - MELFORM","description":"MELFORM pone il cliente al centro della propria strategia investendo risorse in assistenza e supporto durante tutte le fasi dell\u2019acquisto.\u00a0","robots":{"index":"index","follow":"follow","max-snippet":"max-snippet:-1","max-image-preview":"max-image-preview:large","max-video-preview":"max-video-preview:-1"},"canonical":"https:\/\/www.melform.com\/fr\/service-a-la-clientele\/","og_locale":"fr_FR","og_type":"article","og_title":"Service \u00e0 la client\u00e8le - MELFORM","og_description":"MELFORM pone il cliente al centro della propria strategia investendo risorse in assistenza e supporto durante tutte le fasi dell\u2019acquisto.\u00a0","og_url":"https:\/\/www.melform.com\/fr\/service-a-la-clientele\/","og_site_name":"MELFORM","article_modified_time":"2026-04-19T22:17:34+00:00","twitter_card":"summary_large_image","schema":{"@context":"https:\/\/schema.org","@graph":[{"@type":"WebPage","@id":"https:\/\/www.melform.com\/fr\/service-a-la-clientele\/","url":"https:\/\/www.melform.com\/fr\/service-a-la-clientele\/","name":"Service \u00e0 la client\u00e8le - MELFORM","isPartOf":{"@id":"https:\/\/www.melform.com\/fr\/#website"},"datePublished":"2025-02-10T17:12:11+00:00","dateModified":"2026-04-19T22:17:34+00:00","description":"MELFORM pone il cliente al centro della propria strategia investendo risorse in assistenza e supporto durante tutte le fasi dell\u2019acquisto.\u00a0","breadcrumb":{"@id":"https:\/\/www.melform.com\/fr\/service-a-la-clientele\/#breadcrumb"},"inLanguage":"fr-FR","potentialAction":[{"@type":"ReadAction","target":["https:\/\/www.melform.com\/fr\/service-a-la-clientele\/"]}]},{"@type":"BreadcrumbList","@id":"https:\/\/www.melform.com\/fr\/service-a-la-clientele\/#breadcrumb","itemListElement":[{"@type":"ListItem","position":1,"name":"Home","item":"https:\/\/www.melform.com\/fr\/"},{"@type":"ListItem","position":2,"name":"Service \u00e0 la client\u00e8le"}]},{"@type":"WebSite","@id":"https:\/\/www.melform.com\/fr\/#website","url":"https:\/\/www.melform.com\/fr\/","name":"MELFORM","description":"SISTEMI PER IL TRASPORTO E STOCCAGGIO A TEMPERATURA CONTROLLATA","potentialAction":[{"@type":"SearchAction","target":{"@type":"EntryPoint","urlTemplate":"https:\/\/www.melform.com\/fr\/?s={search_term_string}"},"query-input":{"@type":"PropertyValueSpecification","valueRequired":true,"valueName":"search_term_string"}}],"inLanguage":"fr-FR"}]}},"_links":{"self":[{"href":"https:\/\/www.melform.com\/fr\/wp-json\/wp\/v2\/pages\/18141","targetHints":{"allow":["GET"]}}],"collection":[{"href":"https:\/\/www.melform.com\/fr\/wp-json\/wp\/v2\/pages"}],"about":[{"href":"https:\/\/www.melform.com\/fr\/wp-json\/wp\/v2\/types\/page"}],"author":[{"embeddable":true,"href":"https:\/\/www.melform.com\/fr\/wp-json\/wp\/v2\/users\/8"}],"replies":[{"embeddable":true,"href":"https:\/\/www.melform.com\/fr\/wp-json\/wp\/v2\/comments?post=18141"}],"version-history":[{"count":5,"href":"https:\/\/www.melform.com\/fr\/wp-json\/wp\/v2\/pages\/18141\/revisions"}],"predecessor-version":[{"id":24264,"href":"https:\/\/www.melform.com\/fr\/wp-json\/wp\/v2\/pages\/18141\/revisions\/24264"}],"wp:attachment":[{"href":"https:\/\/www.melform.com\/fr\/wp-json\/wp\/v2\/media?parent=18141"}],"curies":[{"name":"wp","href":"https:\/\/api.w.org\/{rel}","templated":true}]}}