{"id":1831,"date":"2022-08-22T15:25:52","date_gmt":"2022-08-22T13:25:52","guid":{"rendered":"https:\/\/www.melform.com\/faq\/"},"modified":"2022-09-29T18:59:45","modified_gmt":"2022-09-29T16:59:45","slug":"faq","status":"publish","type":"page","link":"https:\/\/www.melform.com\/fr\/faq\/","title":{"rendered":"FAQ"},"content":{"rendered":"<div class=\"wpb-content-wrapper\">[vc_row bg_type=&#8221;image&#8221; bg_image=&#8221;1356&#8243; padding_top_multiplier=&#8221;3x&#8221; padding_bottom_multiplier=&#8221;3x&#8221; el_class=&#8221;category-fullsize-row banner&#8221; el_wrapper_class=&#8221;category-fullsize-row-wrapper&#8221;][vc_column]<h1 class=\"grve-element grve-title grve-align-center grve-h1 title\" style=\"\"><span><span style=\"color: #ffffff;\">FAQ<\/span><\/span><\/h1>[\/vc_column][\/vc_row][vc_row section_type=&#8221;fullwidth&#8221; bg_type=&#8221;color&#8221; padding_top_multiplier=&#8221;&#8221; padding_bottom_multiplier=&#8221;&#8221; columns_gap=&#8221;none&#8221; equal_column_height=&#8221;middle-content&#8221; el_class=&#8221;category-fullsize-row&#8221; bg_color=&#8221;#333333&#8243; el_wrapper_class=&#8221;category-fullsize-row-wrapper&#8221;][vc_column css=&#8221;.vc_custom_1661330057401{background-color: #333333 !important;}&#8221;]<div class=\"product-layout-wc-breadcrumb product-category-breadcrumbs\"><nav class=\"woocommerce-breadcrumb\" aria-label=\"Breadcrumb\">Accueil<\/nav><\/div>[\/vc_column][\/vc_row][vc_row el_class=&#8221;faq-container&#8221; el_wrapper_class=&#8221;faq-wrapper&#8221;][vc_column][vc_tta_accordion c_icon=&#8221;triangle&#8221; c_position=&#8221;right&#8221; active_section=&#8221;1&#8243;][vc_tta_section title=&#8221;Que sont les conteneurs isothermes CARGO?&#8221; tab_id=&#8221;1663244832755-cb820414-d2f7&#8243;][vc_column_text el_class=&#8221;title-border&#8221;]Conteneurs passifs mobiles utilis\u00e9s pour le transport sous temp\u00e9rature contr\u00f4l\u00e9e de produits p\u00e9rissables.\r\n\r\nFabriqu\u00e9s en poly\u00e9thyl\u00e8ne apte au contact alimentaire et isol\u00e9s avec de la mousse de polyur\u00e9thane sans CFC ni HCFC, ils sont con\u00e7us pour l&#8217;utilisation de plaques eutectiques pour prolonger le maintien en temp\u00e9rature.[\/vc_column_text][\/vc_tta_section][vc_tta_section title=&#8221;Que sont les conteneurs r\u00e9frig\u00e9r\u00e9s KOALA?&#8221; tab_id=&#8221;1663244832791-7a46e09a-154b&#8221;][vc_column_text el_class=&#8221;title-border&#8221;]Conteneurs mobiles actifs avec groupe frigorifique, utilis\u00e9s pour le stockage et le transport \u00e0 temp\u00e9rature contr\u00f4l\u00e9e de produits p\u00e9rissables. Gr\u00e2ce \u00e0 son thermostat num\u00e9rique, il est possible de r\u00e9gler et de contr\u00f4ler la temp\u00e9rature en veillant \u00e0 ce qu&#8217;elle reste constante, dans une plage comprise entre -30\u00b0C et + 40\u00b0C.[\/vc_column_text][\/vc_tta_section][vc_tta_section title=&#8221;Comment fonctionnent les conteneurs r\u00e9frig\u00e9r\u00e9s KOALA?&#8221; tab_id=&#8221;1663244965768-d91b42eb-0bc0&#8243;][vc_column_text el_class=&#8221;title-border&#8221;]Les Koala sont \u00e9quip\u00e9s d&#8217;un groupe frigorifique avec r\u00e9sistance chauffante et compresseurs \u00e0 courant continu (12V) sp\u00e9cifiques pour une utilisation \u00e0 bord. Les compresseurs garantissent une faible consommation d&#8217;\u00e9nergie et une haute r\u00e9sistance aux vibrations. Le syst\u00e8me d&#8217;alimentation double lui permet d&#8217;\u00eatre utilis\u00e9 \u00e0 bord (12V) ou en maison (230V).[\/vc_column_text][\/vc_tta_section][vc_tta_section title=&#8221;Un KOALA peut-il \u00eatre utilis\u00e9 \u00e0 l&#8217;int\u00e9rieur d&#8217;un v\u00e9hicule frigorifique?&#8221; tab_id=&#8221;1663244966820-15b899d2-1bac&#8221;][vc_column_text el_class=&#8221;title-border&#8221;]Oui, mais uniquement avec des temp\u00e9ratures comprises entre 10\u00b0C et 32\u00b0C.[\/vc_column_text][\/vc_tta_section][vc_tta_section title=&#8221;Quelles sont les temp\u00e9ratures ambiantes maximales dans lesquelles les conteneurs peuvent \u00eatre utilis\u00e9s?&#8221; tab_id=&#8221;1663244967716-7813c60f-76db&#8221;][vc_column_text el_class=&#8221;title-border&#8221;]+ 45 \u00b0 C. \u00c0 des temp\u00e9ratures \u00a0plus \u00e9lev\u00e9es, les composants \u00e9lectroniques peuvent \u00eatre endommag\u00e9s et affecter le bon fonctionnement des conteneurs. Bien s\u00fbr, les performances \u00e0 + 45 \u00b0 C peuvent \u00eatre inf\u00e9rieures \u00e0 celles attendues \u00e0 + 32 \u00b0 C.[\/vc_column_text][\/vc_tta_section][vc_tta_section title=&#8221;Que sont les conteneurs r\u00e9frig\u00e9r\u00e9s autonomes KOALA GREEN?&#8221; tab_id=&#8221;1663244968882-d01b4857-795f&#8221;][vc_column_text el_class=&#8221;title-border&#8221;]Conteneurs mobiles actifs avec groupe frigorifique, aliment\u00e9s par batterie, donc totalement autonomes, utilis\u00e9s pour le stockage et le transport \u00e0 temp\u00e9rature contr\u00f4l\u00e9e de produits p\u00e9rissables destin\u00e9s aux op\u00e9rateurs professionnels. Gr\u00e2ce \u00e0 son thermostat num\u00e9rique, il est possible de r\u00e9gler et de contr\u00f4ler la temp\u00e9rature en veillant \u00e0 ce qu&#8217;elle reste constante, dans une plage comprise entre -30\u00b0C et + 40\u00b0C.\r\n\r\nLes Koala Green sont \u00e9quip\u00e9s d&#8217;un groupe frigorifique avec r\u00e9sistance chauffante et d&#8217;une batterie amovible 65Ah, 100Ah, 120 Ah rechargeable par raccordement direct au r\u00e9seau \u00e9lectrique (230V) ou en l&#8217;extrayant du groupe frigorifique et en la branchant a le source de courant.[\/vc_column_text][\/vc_tta_section][vc_tta_section title=&#8221;Que sont les conteneurs isothermes pour glace carbonique DRICY?&#8221; tab_id=&#8221;1663245099597-ba029ada-7317&#8243;][vc_column_text el_class=&#8221;title-border&#8221;]Conteneurs mobiles passifs utilis\u00e9s pour la manutention, le stockage et le transport de neige carbonique qui se sublime instantan\u00e9ment et n\u00e9cessite donc des performances d&#8217;isolation tr\u00e8s \u00e9lev\u00e9es pour \u00eatre pr\u00e9serv\u00e9es.[\/vc_column_text][\/vc_tta_section][vc_tta_section title=&#8221;De quoi sont faits les conteneurs MELFORM?&#8221; tab_id=&#8221;1663245100356-8c0d931d-fadf&#8221;][vc_column_text el_class=&#8221;title-border&#8221;]Fabriqu\u00e9s avec la technologie de moulage par rotation, ils sont exempts de bords, de joints et de soudures : la forme et la conception garantissent une dispersion r\u00e9duite de la chaleur et permettent de fonctionner dans un environnement HACCP. Le type de construction permet des conteneurs extr\u00eamement solides mais non rigides, capables de supporter les vibrations li\u00e9es \u00e0 l&#8217;utilisation sur des v\u00e9hicules, m\u00eame sur des routes difficiles. Fabriqu\u00e9s en poly\u00e9thyl\u00e8ne apte au contact alimentaire et isol\u00e9s avec de la mousse de polyur\u00e9thane sans CFC ni HCFC, ils peuvent \u00eatre utilis\u00e9s en toute s\u00e9curit\u00e9.[\/vc_column_text][\/vc_tta_section][vc_tta_section title=&#8221;Quelles certifications sont disponibles pour les conteneurs MELFORM?&#8221; tab_id=&#8221;1663245101243-6c5f002d-720b&#8221;][vc_column_text el_class=&#8221;title-border&#8221;]ATP : permet le transport routier de denr\u00e9es p\u00e9rissables en classe FRAX ou FRCX. Il est valable 6 ans et peut \u00eatre suivi d&#8217;\u00e9ventuels renouvellements.\r\n\r\nNF Hygi\u00e8ne Alimentaire : certifie l&#8217;aptitude des contenants \u00e0 un usage alimentaire.\r\n\r\nLes produits sont aptes au contact alimentaire HACCP conform\u00e9ment au R\u00e8glement 852\/2004.[\/vc_column_text][\/vc_tta_section][\/vc_tta_accordion][\/vc_column][\/vc_row]<\/div>","protected":false},"excerpt":{"rendered":"[vc_row bg_type=&#8221;image&#8221; bg_image=&#8221;1356&#8243; padding_top_multiplier=&#8221;3x&#8221; padding_bottom_multiplier=&#8221;3x&#8221; el_class=&#8221;category-fullsize-row banner&#8221; el_wrapper_class=&#8221;category-fullsize-row-wrapper&#8221;][vc_column][\/vc_column][\/vc_row][vc_row section_type=&#8221;fullwidth&#8221; bg_type=&#8221;color&#8221; padding_top_multiplier=&#8221;&#8221; padding_bottom_multiplier=&#8221;&#8221; columns_gap=&#8221;none&#8221; equal_column_height=&#8221;middle-content&#8221; el_class=&#8221;category-fullsize-row&#8221; bg_color=&#8221;#333333&#8243; el_wrapper_class=&#8221;category-fullsize-row-wrapper&#8221;][vc_column css=&#8221;.vc_custom_1661330057401{background-color: #333333 !important;}&#8221;][\/vc_column][\/vc_row][vc_row el_class=&#8221;faq-container&#8221; el_wrapper_class=&#8221;faq-wrapper&#8221;][vc_column][vc_tta_accordion c_icon=&#8221;triangle&#8221; c_position=&#8221;right&#8221; active_section=&#8221;1&#8243;][vc_tta_section title=&#8221;Que sont les conteneurs isothermes CARGO?&#8221; tab_id=&#8221;1663244832755-cb820414-d2f7&#8243;][vc_column_text el_class=&#8221;title-border&#8221;]Conteneurs passifs mobiles utilis\u00e9s pour le transport sous temp\u00e9rature contr\u00f4l\u00e9e de produits p\u00e9rissables. Fabriqu\u00e9s en poly\u00e9thyl\u00e8ne apte au contact alimentaire et isol\u00e9s avec [&hellip;]","protected":false},"author":21,"featured_media":0,"parent":0,"menu_order":29,"comment_status":"closed","ping_status":"closed","template":"","meta":{"_acf_changed":false,"_themeisle_gutenberg_block_has_review":false,"footnotes":""},"class_list":["post-1831","page","type-page","status-publish","hentry"],"acf":[],"yoast_head":"<!-- This site is optimized with the Yoast SEO plugin v26.4 - https:\/\/yoast.com\/wordpress\/plugins\/seo\/ -->\n<title>FAQ - MELFORM<\/title>\n<meta name=\"robots\" content=\"index, follow, max-snippet:-1, max-image-preview:large, max-video-preview:-1\" \/>\n<link rel=\"canonical\" href=\"https:\/\/www.melform.com\/fr\/faq\/\" \/>\n<meta property=\"og:locale\" content=\"fr_FR\" \/>\n<meta property=\"og:type\" content=\"article\" \/>\n<meta property=\"og:title\" content=\"FAQ - MELFORM\" \/>\n<meta property=\"og:description\" content=\"[vc_row bg_type=&#8221;image&#8221; bg_image=&#8221;1356&#8243; padding_top_multiplier=&#8221;3x&#8221; padding_bottom_multiplier=&#8221;3x&#8221; el_class=&#8221;category-fullsize-row banner&#8221; el_wrapper_class=&#8221;category-fullsize-row-wrapper&#8221;][vc_column][\/vc_column][\/vc_row][vc_row section_type=&#8221;fullwidth&#8221; bg_type=&#8221;color&#8221; padding_top_multiplier=&#8221;&#8221; padding_bottom_multiplier=&#8221;&#8221; columns_gap=&#8221;none&#8221; equal_column_height=&#8221;middle-content&#8221; el_class=&#8221;category-fullsize-row&#8221; bg_color=&#8221;#333333&#8243; el_wrapper_class=&#8221;category-fullsize-row-wrapper&#8221;][vc_column css=&#8221;.vc_custom_1661330057401{background-color: #333333 !important;}&#8221;][\/vc_column][\/vc_row][vc_row el_class=&#8221;faq-container&#8221; el_wrapper_class=&#8221;faq-wrapper&#8221;][vc_column][vc_tta_accordion c_icon=&#8221;triangle&#8221; c_position=&#8221;right&#8221; active_section=&#8221;1&#8243;][vc_tta_section title=&#8221;Que sont les conteneurs isothermes CARGO?&#8221; tab_id=&#8221;1663244832755-cb820414-d2f7&#8243;][vc_column_text el_class=&#8221;title-border&#8221;]Conteneurs passifs mobiles utilis\u00e9s pour le transport sous temp\u00e9rature contr\u00f4l\u00e9e de produits p\u00e9rissables. Fabriqu\u00e9s en poly\u00e9thyl\u00e8ne apte au contact alimentaire et isol\u00e9s avec [&hellip;]\" \/>\n<meta property=\"og:url\" content=\"https:\/\/www.melform.com\/fr\/faq\/\" \/>\n<meta property=\"og:site_name\" content=\"MELFORM\" \/>\n<meta property=\"article:modified_time\" content=\"2022-09-29T16:59:45+00:00\" \/>\n<meta name=\"twitter:card\" content=\"summary_large_image\" \/>\n<script type=\"application\/ld+json\" class=\"yoast-schema-graph\">{\"@context\":\"https:\/\/schema.org\",\"@graph\":[{\"@type\":\"WebPage\",\"@id\":\"https:\/\/www.melform.com\/fr\/faq\/\",\"url\":\"https:\/\/www.melform.com\/fr\/faq\/\",\"name\":\"FAQ - MELFORM\",\"isPartOf\":{\"@id\":\"https:\/\/www.melform.com\/fr\/#website\"},\"datePublished\":\"2022-08-22T13:25:52+00:00\",\"dateModified\":\"2022-09-29T16:59:45+00:00\",\"breadcrumb\":{\"@id\":\"https:\/\/www.melform.com\/fr\/faq\/#breadcrumb\"},\"inLanguage\":\"fr-FR\",\"potentialAction\":[{\"@type\":\"ReadAction\",\"target\":[\"https:\/\/www.melform.com\/fr\/faq\/\"]}]},{\"@type\":\"BreadcrumbList\",\"@id\":\"https:\/\/www.melform.com\/fr\/faq\/#breadcrumb\",\"itemListElement\":[{\"@type\":\"ListItem\",\"position\":1,\"name\":\"Home\",\"item\":\"https:\/\/www.melform.com\/fr\/\"},{\"@type\":\"ListItem\",\"position\":2,\"name\":\"FAQ\"}]},{\"@type\":\"WebSite\",\"@id\":\"https:\/\/www.melform.com\/fr\/#website\",\"url\":\"https:\/\/www.melform.com\/fr\/\",\"name\":\"MELFORM\",\"description\":\"SISTEMI PER IL TRASPORTO E STOCCAGGIO A TEMPERATURA CONTROLLATA\",\"potentialAction\":[{\"@type\":\"SearchAction\",\"target\":{\"@type\":\"EntryPoint\",\"urlTemplate\":\"https:\/\/www.melform.com\/fr\/?s={search_term_string}\"},\"query-input\":{\"@type\":\"PropertyValueSpecification\",\"valueRequired\":true,\"valueName\":\"search_term_string\"}}],\"inLanguage\":\"fr-FR\"}]}<\/script>\n<!-- \/ Yoast SEO plugin. -->","yoast_head_json":{"title":"FAQ - MELFORM","robots":{"index":"index","follow":"follow","max-snippet":"max-snippet:-1","max-image-preview":"max-image-preview:large","max-video-preview":"max-video-preview:-1"},"canonical":"https:\/\/www.melform.com\/fr\/faq\/","og_locale":"fr_FR","og_type":"article","og_title":"FAQ - MELFORM","og_description":"[vc_row bg_type=&#8221;image&#8221; bg_image=&#8221;1356&#8243; padding_top_multiplier=&#8221;3x&#8221; padding_bottom_multiplier=&#8221;3x&#8221; el_class=&#8221;category-fullsize-row banner&#8221; el_wrapper_class=&#8221;category-fullsize-row-wrapper&#8221;][vc_column][\/vc_column][\/vc_row][vc_row section_type=&#8221;fullwidth&#8221; bg_type=&#8221;color&#8221; padding_top_multiplier=&#8221;&#8221; padding_bottom_multiplier=&#8221;&#8221; columns_gap=&#8221;none&#8221; equal_column_height=&#8221;middle-content&#8221; el_class=&#8221;category-fullsize-row&#8221; bg_color=&#8221;#333333&#8243; el_wrapper_class=&#8221;category-fullsize-row-wrapper&#8221;][vc_column css=&#8221;.vc_custom_1661330057401{background-color: #333333 !important;}&#8221;][\/vc_column][\/vc_row][vc_row el_class=&#8221;faq-container&#8221; el_wrapper_class=&#8221;faq-wrapper&#8221;][vc_column][vc_tta_accordion c_icon=&#8221;triangle&#8221; c_position=&#8221;right&#8221; active_section=&#8221;1&#8243;][vc_tta_section title=&#8221;Que sont les conteneurs isothermes CARGO?&#8221; tab_id=&#8221;1663244832755-cb820414-d2f7&#8243;][vc_column_text el_class=&#8221;title-border&#8221;]Conteneurs passifs mobiles utilis\u00e9s pour le transport sous temp\u00e9rature contr\u00f4l\u00e9e de produits p\u00e9rissables. Fabriqu\u00e9s en poly\u00e9thyl\u00e8ne apte au contact alimentaire et isol\u00e9s avec [&hellip;]","og_url":"https:\/\/www.melform.com\/fr\/faq\/","og_site_name":"MELFORM","article_modified_time":"2022-09-29T16:59:45+00:00","twitter_card":"summary_large_image","schema":{"@context":"https:\/\/schema.org","@graph":[{"@type":"WebPage","@id":"https:\/\/www.melform.com\/fr\/faq\/","url":"https:\/\/www.melform.com\/fr\/faq\/","name":"FAQ - MELFORM","isPartOf":{"@id":"https:\/\/www.melform.com\/fr\/#website"},"datePublished":"2022-08-22T13:25:52+00:00","dateModified":"2022-09-29T16:59:45+00:00","breadcrumb":{"@id":"https:\/\/www.melform.com\/fr\/faq\/#breadcrumb"},"inLanguage":"fr-FR","potentialAction":[{"@type":"ReadAction","target":["https:\/\/www.melform.com\/fr\/faq\/"]}]},{"@type":"BreadcrumbList","@id":"https:\/\/www.melform.com\/fr\/faq\/#breadcrumb","itemListElement":[{"@type":"ListItem","position":1,"name":"Home","item":"https:\/\/www.melform.com\/fr\/"},{"@type":"ListItem","position":2,"name":"FAQ"}]},{"@type":"WebSite","@id":"https:\/\/www.melform.com\/fr\/#website","url":"https:\/\/www.melform.com\/fr\/","name":"MELFORM","description":"SISTEMI PER IL TRASPORTO E STOCCAGGIO A TEMPERATURA CONTROLLATA","potentialAction":[{"@type":"SearchAction","target":{"@type":"EntryPoint","urlTemplate":"https:\/\/www.melform.com\/fr\/?s={search_term_string}"},"query-input":{"@type":"PropertyValueSpecification","valueRequired":true,"valueName":"search_term_string"}}],"inLanguage":"fr-FR"}]}},"_links":{"self":[{"href":"https:\/\/www.melform.com\/fr\/wp-json\/wp\/v2\/pages\/1831","targetHints":{"allow":["GET"]}}],"collection":[{"href":"https:\/\/www.melform.com\/fr\/wp-json\/wp\/v2\/pages"}],"about":[{"href":"https:\/\/www.melform.com\/fr\/wp-json\/wp\/v2\/types\/page"}],"author":[{"embeddable":true,"href":"https:\/\/www.melform.com\/fr\/wp-json\/wp\/v2\/users\/21"}],"replies":[{"embeddable":true,"href":"https:\/\/www.melform.com\/fr\/wp-json\/wp\/v2\/comments?post=1831"}],"version-history":[{"count":3,"href":"https:\/\/www.melform.com\/fr\/wp-json\/wp\/v2\/pages\/1831\/revisions"}],"predecessor-version":[{"id":2626,"href":"https:\/\/www.melform.com\/fr\/wp-json\/wp\/v2\/pages\/1831\/revisions\/2626"}],"wp:attachment":[{"href":"https:\/\/www.melform.com\/fr\/wp-json\/wp\/v2\/media?parent=1831"}],"curies":[{"name":"wp","href":"https:\/\/api.w.org\/{rel}","templated":true}]}}