{"id":19660,"date":"2025-02-21T20:27:40","date_gmt":"2025-02-21T18:27:40","guid":{"rendered":"https:\/\/www.melform.com\/ambiti-di-applicazione-demo\/"},"modified":"2025-03-08T12:43:23","modified_gmt":"2025-03-08T10:43:23","slug":"domaines-application","status":"publish","type":"page","link":"https:\/\/www.melform.com\/fr\/domaines-application\/","title":{"rendered":"Domaines d&#8217;applications"},"content":{"rendered":"<div class=\"wpb-content-wrapper\">[vc_row bg_type=&#8221;image&#8221; bg_image=&#8221;14599&#8243; color_overlay=&#8221;custom&#8221; color_overlay_custom=&#8221;#33333366&#8243; padding_top_multiplier=&#8221;3x&#8221; padding_bottom_multiplier=&#8221;3x&#8221; el_class=&#8221;category-fullsize-row banner&#8221; el_wrapper_class=&#8221;category-fullsize-row-wrapper&#8221;][vc_column]<h1 class=\"grve-element grve-title grve-align-center grve-h1 title\" style=\"\"><span><span style=\"color: #ffffff;\">Domaines d&#8217;applications<\/span><\/span><\/h1>[\/vc_column][\/vc_row][vc_row section_type=&#8221;fullwidth&#8221; bg_type=&#8221;color&#8221; padding_top_multiplier=&#8221;&#8221; padding_bottom_multiplier=&#8221;&#8221; columns_gap=&#8221;none&#8221; equal_column_height=&#8221;middle-content&#8221; el_class=&#8221;category-fullsize-row&#8221; bg_color=&#8221;#333333&#8243; el_wrapper_class=&#8221;category-fullsize-row-wrapper&#8221;][vc_column css=&#8221;.vc_custom_1661330057401{background-color: #333333 !important;}&#8221;]<div class=\"product-layout-wc-breadcrumb product-category-breadcrumbs\"><nav class=\"woocommerce-breadcrumb\" aria-label=\"Breadcrumb\">Accueil<\/nav><\/div>[\/vc_column][\/vc_row][vc_row bg_type=&#8221;color&#8221; padding_top_multiplier=&#8221;4x&#8221; columns_gap=&#8221;none&#8221; bg_color=&#8221;#ffffff&#8221;][vc_column text_align=&#8221;center&#8221;]<h3 class=\"grve-element grve-title grve-align-center grve-h1 red-color border-left longer grve-element grve-title grve-align-left grve-h2 red-color\" style=\"margin-bottom: 0.5em;\"><span>Solutions avanc\u00e9es pour le transport\r\n\u00e0 temp\u00e9rature contr\u00f4l\u00e9e<\/span><\/h3>[vc_separator color=&#8221;custom&#8221; border_width=&#8221;5&#8243; css=&#8221;.vc_custom_1740163280629{margin-top: 1.5em !important;margin-right: 0px !important;margin-bottom: 2em !important;margin-left: 0px !important;border-top-width: 0px !important;border-right-width: 0px !important;border-bottom-width: 0px !important;border-left-width: 0px !important;padding-top: 0px !important;padding-right: 45% !important;padding-bottom: 0px !important;padding-left: 45% !important;}&#8221; accent_color=&#8221;#D21138&#8243;][\/vc_column][\/vc_row][vc_row bg_type=&#8221;color&#8221; padding_bottom_multiplier=&#8221;2x&#8221; columns_gap=&#8221;none&#8221; equal_column_height=&#8221;middle-content&#8221; el_class=&#8221;g-justify&#8221; el_wrapper_class=&#8221;category-fullsize-row-wrapper&#8221;][vc_column][vc_column_text css=&#8221;&#8221; el_class=&#8221;g-justify&#8221;]MELFORM s\u2019adresse \u00e0 la Grande Distribution (GDO), aux entreprises du vending, ainsi qu\u2019aux secteurs m\u00e9dical, biotechnologique et pharmaceutique, en proposant une large gamme de conteneurs isothermes et r\u00e9frig\u00e9r\u00e9s.\r\n\r\nNos solutions garantissent une efficacit\u00e9 maximale dans le transport des produits p\u00e9rissables, en assurant le maintien de la cha\u00eene du froid depuis le centre de production ou de stockage jusqu\u2019\u00e0 l\u2019utilisateur final.\r\n\r\nAvec MELFORM, vous pouvez compter sur des technologies innovantes pour une gestion s\u00e9curis\u00e9e et efficace de la logistique \u00e0 temp\u00e9rature contr\u00f4l\u00e9e.[\/vc_column_text][\/vc_column][\/vc_row][vc_row equal_column_height=&#8221;middle-content&#8221; font_color=&#8221;#DD3333&#8243; el_class=&#8221;application-images&#8221;][vc_column width=&#8221;1\/3&#8243;][vc_single_image image=&#8221;19564&#8243; img_size=&#8221;full&#8221; alignment=&#8221;center&#8221; css=&#8221;.vc_custom_1740520947474{margin-bottom: 0px !important;}&#8221;][vc_column_text css=&#8221;&#8221;]<strong>Distributeurs Automatiques\r\n<\/strong>Transport s\u00e9curis\u00e9 des produits alimentaires et des boissons[\/vc_column_text][\/vc_column][vc_column width=&#8221;1\/3&#8243;][vc_single_image image=&#8221;19220&#8243; img_size=&#8221;full&#8221; alignment=&#8221;center&#8221; css=&#8221;.vc_custom_1740164066241{margin-bottom: 0px !important;}&#8221;][vc_column_text css=&#8221;&#8221;]<strong>Secteur Pharmaceutique et M\u00e9dical\r\n<\/strong>Conservation optimale des m\u00e9dicaments et des \u00e9chantillons de laboratoire[\/vc_column_text][\/vc_column][vc_column width=&#8221;1\/3&#8243; tablet_sm_width=&#8221;hide&#8221; mobile_width=&#8221;hide&#8221;][vc_single_image image=&#8221;19223&#8243; img_size=&#8221;full&#8221; alignment=&#8221;center&#8221; css=&#8221;.vc_custom_1740163899545{margin-bottom: 0px !important;}&#8221;][vc_column_text css=&#8221;&#8221;]<strong>Restauration Collective<\/strong>\r\nStockage et transport des repas en grande quantit\u00e9[\/vc_column_text][\/vc_column][\/vc_row][vc_row equal_column_height=&#8221;middle-content&#8221; desktop_visibility=&#8221;hide&#8221; tablet_visibility=&#8221;hide&#8221; font_color=&#8221;#DD3333&#8243; el_class=&#8221;application-images&#8221;][vc_column width=&#8221;1\/3&#8243;][vc_single_image image=&#8221;19223&#8243; img_size=&#8221;full&#8221; alignment=&#8221;center&#8221; css=&#8221;.vc_custom_1740163899545{margin-bottom: 0px !important;}&#8221;][vc_column_text css=&#8221;&#8221;]<strong>Restauration Collective<\/strong>\r\nStockage et transport des repas en grande quantit\u00e9[\/vc_column_text][\/vc_column][vc_column width=&#8221;1\/3&#8243;][vc_single_image image=&#8221;19229&#8243; img_size=&#8221;full&#8221; alignment=&#8221;center&#8221; css=&#8221;.vc_custom_1740163916353{margin-bottom: 0px !important;}&#8221;][vc_column_text css=&#8221;&#8221;]<strong>Ho.Re.Ca\r\n<\/strong>Solutions adapt\u00e9es aux h\u00f4tels, restaurants et services de traiteur[\/vc_column_text][\/vc_column][vc_column width=&#8221;1\/3&#8243; desktop_hide=&#8221;hide&#8221; tablet_width=&#8221;hide&#8221; tablet_sm_width=&#8221;hide&#8221; mobile_width=&#8221;hide&#8221;][\/vc_column][\/vc_row][vc_row padding_top_multiplier=&#8221;&#8221; padding_bottom_multiplier=&#8221;5x&#8221; equal_column_height=&#8221;middle-content&#8221; font_color=&#8221;#DD3333&#8243; el_class=&#8221;application-images&#8221;][vc_column width=&#8221;1\/3&#8243; tablet_sm_width=&#8221;hide&#8221; mobile_width=&#8221;hide&#8221;][vc_single_image image=&#8221;19229&#8243; img_size=&#8221;full&#8221; alignment=&#8221;center&#8221; css=&#8221;.vc_custom_1740163916353{margin-bottom: 0px !important;}&#8221;][vc_column_text css=&#8221;&#8221;]<strong>Ho.Re.Ca\r\n<\/strong>Solutions adapt\u00e9es aux h\u00f4tels, restaurants et services de traiteur[\/vc_column_text][\/vc_column][vc_column width=&#8221;1\/3&#8243;][vc_single_image image=&#8221;19232&#8243; img_size=&#8221;full&#8221; alignment=&#8221;center&#8221; css=&#8221;.vc_custom_1740163929266{margin-bottom: 0px !important;}&#8221;][vc_column_text css=&#8221;&#8221;]<strong>Grande Distribution (GDO)<\/strong>\r\nGestion efficace des produits frais et surgel\u00e9s pour la grande distribution organis\u00e9e[\/vc_column_text][\/vc_column][vc_column width=&#8221;1\/3&#8243;][vc_single_image image=&#8221;19226&#8243; img_size=&#8221;full&#8221; alignment=&#8221;center&#8221; css=&#8221;.vc_custom_1740163940023{margin-bottom: 0px !important;}&#8221;][vc_column_text css=&#8221;&#8221;]<strong>Delivery\r\n<\/strong>Conteneurs con\u00e7us pour des livraisons fiables et ponctuelles[\/vc_column_text][\/vc_column][\/vc_row]<\/div>","protected":false},"excerpt":{"rendered":"[vc_row bg_type=&#8221;image&#8221; bg_image=&#8221;14599&#8243; color_overlay=&#8221;custom&#8221; color_overlay_custom=&#8221;#33333366&#8243; padding_top_multiplier=&#8221;3x&#8221; padding_bottom_multiplier=&#8221;3x&#8221; el_class=&#8221;category-fullsize-row banner&#8221; el_wrapper_class=&#8221;category-fullsize-row-wrapper&#8221;][vc_column][\/vc_column][\/vc_row][vc_row section_type=&#8221;fullwidth&#8221; bg_type=&#8221;color&#8221; padding_top_multiplier=&#8221;&#8221; padding_bottom_multiplier=&#8221;&#8221; columns_gap=&#8221;none&#8221; equal_column_height=&#8221;middle-content&#8221; el_class=&#8221;category-fullsize-row&#8221; bg_color=&#8221;#333333&#8243; el_wrapper_class=&#8221;category-fullsize-row-wrapper&#8221;][vc_column css=&#8221;.vc_custom_1661330057401{background-color: #333333 !important;}&#8221;][\/vc_column][\/vc_row][vc_row bg_type=&#8221;color&#8221; padding_top_multiplier=&#8221;4x&#8221; columns_gap=&#8221;none&#8221; bg_color=&#8221;#ffffff&#8221;][vc_column text_align=&#8221;center&#8221;][vc_separator color=&#8221;custom&#8221; border_width=&#8221;5&#8243; css=&#8221;.vc_custom_1740163280629{margin-top: 1.5em !important;margin-right: 0px !important;margin-bottom: 2em !important;margin-left: 0px !important;border-top-width: 0px !important;border-right-width: 0px !important;border-bottom-width: 0px !important;border-left-width: 0px !important;padding-top: 0px !important;padding-right: 45% !important;padding-bottom: 0px !important;padding-left: 45% !important;}&#8221; accent_color=&#8221;#D21138&#8243;][\/vc_column][\/vc_row][vc_row [&hellip;]","protected":false},"author":21,"featured_media":0,"parent":0,"menu_order":0,"comment_status":"closed","ping_status":"closed","template":"","meta":{"_acf_changed":false,"_themeisle_gutenberg_block_has_review":false,"footnotes":""},"class_list":["post-19660","page","type-page","status-publish","hentry"],"acf":[],"yoast_head":"<!-- This site is optimized with the Yoast SEO plugin v26.4 - https:\/\/yoast.com\/wordpress\/plugins\/seo\/ -->\n<title>Domaines d&#039;applications - MELFORM<\/title>\n<meta name=\"robots\" content=\"index, follow, max-snippet:-1, max-image-preview:large, max-video-preview:-1\" \/>\n<link rel=\"canonical\" href=\"https:\/\/www.melform.com\/fr\/domaines-application\/\" \/>\n<meta property=\"og:locale\" content=\"fr_FR\" \/>\n<meta property=\"og:type\" content=\"article\" \/>\n<meta property=\"og:title\" content=\"Domaines d&#039;applications - MELFORM\" \/>\n<meta property=\"og:description\" content=\"[vc_row bg_type=&#8221;image&#8221; bg_image=&#8221;14599&#8243; color_overlay=&#8221;custom&#8221; color_overlay_custom=&#8221;#33333366&#8243; padding_top_multiplier=&#8221;3x&#8221; padding_bottom_multiplier=&#8221;3x&#8221; el_class=&#8221;category-fullsize-row banner&#8221; el_wrapper_class=&#8221;category-fullsize-row-wrapper&#8221;][vc_column][\/vc_column][\/vc_row][vc_row section_type=&#8221;fullwidth&#8221; bg_type=&#8221;color&#8221; padding_top_multiplier=&#8221;&#8221; padding_bottom_multiplier=&#8221;&#8221; columns_gap=&#8221;none&#8221; equal_column_height=&#8221;middle-content&#8221; el_class=&#8221;category-fullsize-row&#8221; bg_color=&#8221;#333333&#8243; el_wrapper_class=&#8221;category-fullsize-row-wrapper&#8221;][vc_column css=&#8221;.vc_custom_1661330057401{background-color: #333333 !important;}&#8221;][\/vc_column][\/vc_row][vc_row bg_type=&#8221;color&#8221; padding_top_multiplier=&#8221;4x&#8221; columns_gap=&#8221;none&#8221; bg_color=&#8221;#ffffff&#8221;][vc_column text_align=&#8221;center&#8221;][vc_separator color=&#8221;custom&#8221; border_width=&#8221;5&#8243; css=&#8221;.vc_custom_1740163280629{margin-top: 1.5em !important;margin-right: 0px !important;margin-bottom: 2em !important;margin-left: 0px !important;border-top-width: 0px !important;border-right-width: 0px !important;border-bottom-width: 0px !important;border-left-width: 0px !important;padding-top: 0px !important;padding-right: 45% !important;padding-bottom: 0px !important;padding-left: 45% !important;}&#8221; accent_color=&#8221;#D21138&#8243;][\/vc_column][\/vc_row][vc_row [&hellip;]\" \/>\n<meta property=\"og:url\" content=\"https:\/\/www.melform.com\/fr\/domaines-application\/\" \/>\n<meta property=\"og:site_name\" content=\"MELFORM\" \/>\n<meta property=\"article:modified_time\" content=\"2025-03-08T10:43:23+00:00\" \/>\n<meta name=\"twitter:card\" content=\"summary_large_image\" \/>\n<script type=\"application\/ld+json\" class=\"yoast-schema-graph\">{\"@context\":\"https:\/\/schema.org\",\"@graph\":[{\"@type\":\"WebPage\",\"@id\":\"https:\/\/www.melform.com\/fr\/domaines-application\/\",\"url\":\"https:\/\/www.melform.com\/fr\/domaines-application\/\",\"name\":\"Domaines d'applications - MELFORM\",\"isPartOf\":{\"@id\":\"https:\/\/www.melform.com\/fr\/#website\"},\"datePublished\":\"2025-02-21T18:27:40+00:00\",\"dateModified\":\"2025-03-08T10:43:23+00:00\",\"breadcrumb\":{\"@id\":\"https:\/\/www.melform.com\/fr\/domaines-application\/#breadcrumb\"},\"inLanguage\":\"fr-FR\",\"potentialAction\":[{\"@type\":\"ReadAction\",\"target\":[\"https:\/\/www.melform.com\/fr\/domaines-application\/\"]}]},{\"@type\":\"BreadcrumbList\",\"@id\":\"https:\/\/www.melform.com\/fr\/domaines-application\/#breadcrumb\",\"itemListElement\":[{\"@type\":\"ListItem\",\"position\":1,\"name\":\"Home\",\"item\":\"https:\/\/www.melform.com\/fr\/\"},{\"@type\":\"ListItem\",\"position\":2,\"name\":\"Domaines d&#8217;applications\"}]},{\"@type\":\"WebSite\",\"@id\":\"https:\/\/www.melform.com\/fr\/#website\",\"url\":\"https:\/\/www.melform.com\/fr\/\",\"name\":\"MELFORM\",\"description\":\"SISTEMI PER IL TRASPORTO E STOCCAGGIO A TEMPERATURA CONTROLLATA\",\"potentialAction\":[{\"@type\":\"SearchAction\",\"target\":{\"@type\":\"EntryPoint\",\"urlTemplate\":\"https:\/\/www.melform.com\/fr\/?s={search_term_string}\"},\"query-input\":{\"@type\":\"PropertyValueSpecification\",\"valueRequired\":true,\"valueName\":\"search_term_string\"}}],\"inLanguage\":\"fr-FR\"}]}<\/script>\n<!-- \/ Yoast SEO plugin. -->","yoast_head_json":{"title":"Domaines d'applications - MELFORM","robots":{"index":"index","follow":"follow","max-snippet":"max-snippet:-1","max-image-preview":"max-image-preview:large","max-video-preview":"max-video-preview:-1"},"canonical":"https:\/\/www.melform.com\/fr\/domaines-application\/","og_locale":"fr_FR","og_type":"article","og_title":"Domaines d'applications - MELFORM","og_description":"[vc_row bg_type=&#8221;image&#8221; bg_image=&#8221;14599&#8243; color_overlay=&#8221;custom&#8221; color_overlay_custom=&#8221;#33333366&#8243; padding_top_multiplier=&#8221;3x&#8221; padding_bottom_multiplier=&#8221;3x&#8221; el_class=&#8221;category-fullsize-row banner&#8221; el_wrapper_class=&#8221;category-fullsize-row-wrapper&#8221;][vc_column][\/vc_column][\/vc_row][vc_row section_type=&#8221;fullwidth&#8221; bg_type=&#8221;color&#8221; padding_top_multiplier=&#8221;&#8221; padding_bottom_multiplier=&#8221;&#8221; columns_gap=&#8221;none&#8221; equal_column_height=&#8221;middle-content&#8221; el_class=&#8221;category-fullsize-row&#8221; bg_color=&#8221;#333333&#8243; el_wrapper_class=&#8221;category-fullsize-row-wrapper&#8221;][vc_column css=&#8221;.vc_custom_1661330057401{background-color: #333333 !important;}&#8221;][\/vc_column][\/vc_row][vc_row bg_type=&#8221;color&#8221; padding_top_multiplier=&#8221;4x&#8221; columns_gap=&#8221;none&#8221; bg_color=&#8221;#ffffff&#8221;][vc_column text_align=&#8221;center&#8221;][vc_separator color=&#8221;custom&#8221; border_width=&#8221;5&#8243; css=&#8221;.vc_custom_1740163280629{margin-top: 1.5em !important;margin-right: 0px !important;margin-bottom: 2em !important;margin-left: 0px !important;border-top-width: 0px !important;border-right-width: 0px !important;border-bottom-width: 0px !important;border-left-width: 0px !important;padding-top: 0px !important;padding-right: 45% !important;padding-bottom: 0px !important;padding-left: 45% !important;}&#8221; accent_color=&#8221;#D21138&#8243;][\/vc_column][\/vc_row][vc_row [&hellip;]","og_url":"https:\/\/www.melform.com\/fr\/domaines-application\/","og_site_name":"MELFORM","article_modified_time":"2025-03-08T10:43:23+00:00","twitter_card":"summary_large_image","schema":{"@context":"https:\/\/schema.org","@graph":[{"@type":"WebPage","@id":"https:\/\/www.melform.com\/fr\/domaines-application\/","url":"https:\/\/www.melform.com\/fr\/domaines-application\/","name":"Domaines d'applications - MELFORM","isPartOf":{"@id":"https:\/\/www.melform.com\/fr\/#website"},"datePublished":"2025-02-21T18:27:40+00:00","dateModified":"2025-03-08T10:43:23+00:00","breadcrumb":{"@id":"https:\/\/www.melform.com\/fr\/domaines-application\/#breadcrumb"},"inLanguage":"fr-FR","potentialAction":[{"@type":"ReadAction","target":["https:\/\/www.melform.com\/fr\/domaines-application\/"]}]},{"@type":"BreadcrumbList","@id":"https:\/\/www.melform.com\/fr\/domaines-application\/#breadcrumb","itemListElement":[{"@type":"ListItem","position":1,"name":"Home","item":"https:\/\/www.melform.com\/fr\/"},{"@type":"ListItem","position":2,"name":"Domaines d&#8217;applications"}]},{"@type":"WebSite","@id":"https:\/\/www.melform.com\/fr\/#website","url":"https:\/\/www.melform.com\/fr\/","name":"MELFORM","description":"SISTEMI PER IL TRASPORTO E STOCCAGGIO A TEMPERATURA CONTROLLATA","potentialAction":[{"@type":"SearchAction","target":{"@type":"EntryPoint","urlTemplate":"https:\/\/www.melform.com\/fr\/?s={search_term_string}"},"query-input":{"@type":"PropertyValueSpecification","valueRequired":true,"valueName":"search_term_string"}}],"inLanguage":"fr-FR"}]}},"_links":{"self":[{"href":"https:\/\/www.melform.com\/fr\/wp-json\/wp\/v2\/pages\/19660","targetHints":{"allow":["GET"]}}],"collection":[{"href":"https:\/\/www.melform.com\/fr\/wp-json\/wp\/v2\/pages"}],"about":[{"href":"https:\/\/www.melform.com\/fr\/wp-json\/wp\/v2\/types\/page"}],"author":[{"embeddable":true,"href":"https:\/\/www.melform.com\/fr\/wp-json\/wp\/v2\/users\/21"}],"replies":[{"embeddable":true,"href":"https:\/\/www.melform.com\/fr\/wp-json\/wp\/v2\/comments?post=19660"}],"version-history":[{"count":5,"href":"https:\/\/www.melform.com\/fr\/wp-json\/wp\/v2\/pages\/19660\/revisions"}],"predecessor-version":[{"id":19886,"href":"https:\/\/www.melform.com\/fr\/wp-json\/wp\/v2\/pages\/19660\/revisions\/19886"}],"wp:attachment":[{"href":"https:\/\/www.melform.com\/fr\/wp-json\/wp\/v2\/media?parent=19660"}],"curies":[{"name":"wp","href":"https:\/\/api.w.org\/{rel}","templated":true}]}}