{"id":19672,"date":"2025-02-15T22:26:12","date_gmt":"2025-02-15T20:26:12","guid":{"rendered":"https:\/\/www.melform.com\/chi-siamo-demo\/"},"modified":"2025-03-05T20:29:17","modified_gmt":"2025-03-05T18:29:17","slug":"qui-nous-sommes","status":"publish","type":"page","link":"https:\/\/www.melform.com\/fr\/qui-nous-sommes\/","title":{"rendered":"Qui sommes nous"},"content":{"rendered":"<div class=\"wpb-content-wrapper\">[vc_row bg_type=&#8221;image&#8221; bg_image=&#8221;18400&#8243; padding_top_multiplier=&#8221;3x&#8221; padding_bottom_multiplier=&#8221;3x&#8221; el_class=&#8221;category-fullsize-row banner&#8221; el_wrapper_class=&#8221;category-fullsize-row-wrapper&#8221;][vc_column]<h1 class=\"grve-element grve-title grve-align-center grve-h1 title white-font\" style=\"\"><span>Qui nous sommes<\/span><\/h1>[\/vc_column][\/vc_row][vc_row section_type=&#8221;fullwidth&#8221; bg_type=&#8221;color&#8221; padding_top_multiplier=&#8221;&#8221; padding_bottom_multiplier=&#8221;&#8221; columns_gap=&#8221;none&#8221; equal_column_height=&#8221;middle-content&#8221; el_class=&#8221;category-fullsize-row&#8221; bg_color=&#8221;#333333&#8243; el_wrapper_class=&#8221;category-fullsize-row-wrapper&#8221;][vc_column css=&#8221;.vc_custom_1661330057401{background-color: #333333 !important;}&#8221;]<div class=\"product-layout-wc-breadcrumb product-category-breadcrumbs\"><nav class=\"woocommerce-breadcrumb\" aria-label=\"Breadcrumb\">Accueil<\/nav><\/div>[\/vc_column][\/vc_row][vc_row bg_type=&#8221;color&#8221; padding_top_multiplier=&#8221;3x&#8221; padding_bottom_multiplier=&#8221;2x&#8221; font_color=&#8221;#000000&#8243; bg_color=&#8221;#D21138&#8243;][vc_column][vc_column_text css=&#8221;.vc_custom_1740212514015{padding-right: 10% !important;padding-left: 10% !important;}&#8221; el_class=&#8221;titolo3 white-font&#8221;]\r\n<p style=\"text-align: center;\">Depuis plus d&#8217;un demi-si\u00e8cle, MELFORM est le partenaire de r\u00e9f\u00e9rence dans la conception et la production de solutions avanc\u00e9es pour le transport isotherme. Bas\u00e9e en Italie, l&#8217;entreprise propose une large gamme de conteneurs isothermes et r\u00e9frig\u00e9r\u00e9s con\u00e7us pour garantir une s\u00e9curit\u00e9 et une efficacit\u00e9 maximales dans le stockage et le transport de produits p\u00e9rissables.<\/p>\r\n<p style=\"text-align: center;\">Gr\u00e2ce \u00e0 une approche innovante et \u00e0 des normes de qualit\u00e9 \u00e9lev\u00e9es, MELFORM assure le maintien de la cha\u00eene du froid \u00e0 chaque \u00e9tape de la logistique, en offrant des solutions sur mesure pour les besoins les plus sp\u00e9cifiques.<\/p>\r\n[\/vc_column_text][\/vc_column][\/vc_row][vc_row padding_top_multiplier=&#8221;&#8221; padding_bottom_multiplier=&#8221;&#8221; columns_gap=&#8221;none&#8221; equal_column_height=&#8221;middle-content&#8221; el_class=&#8221;full-width-row first-row&#8221; el_wrapper_class=&#8221;full-width-row-wrapper&#8221;][vc_column width=&#8221;1\/2&#8243; el_class=&#8221;text-container&#8221; el_wrapper_class=&#8221;text-wrapper&#8221;]<h3 class=\"grve-element grve-title grve-align-left grve-h2 red-color\" style=\"margin-bottom: 1em;\"><span>Mission<\/span><\/h3>[vc_column_text css=&#8221;&#8221;]Offrir des solutions innovantes et performantes pour le transport \u00e0 temp\u00e9rature contr\u00f4l\u00e9e, en garantissant s\u00e9curit\u00e9, efficacit\u00e9 et fiabilit\u00e9. Nous nous engageons \u00e0 am\u00e9liorer constamment nos produits et services, en \u00e9largissant notre offre dans le respect des plus hauts standards de qualit\u00e9.\r\n\r\nNous valorisons la production locale et l&#8217;excellence du Made in Italy, en alliant technologie, qualit\u00e9 et durabilit\u00e9 pour r\u00e9pondre aux exigences d&#8217;un march\u00e9 en constante \u00e9volution.[\/vc_column_text][vc_separator color=&#8221;custom&#8221; align=&#8221;align_left&#8221; border_width=&#8221;5&#8243; el_width=&#8221;40&#8243; css=&#8221;.vc_custom_1739826596386{margin-top: 1.5em !important;margin-right: 0px !important;margin-bottom: 0px !important;margin-left: 0px !important;border-top-width: 0px !important;border-right-width: 0px !important;border-bottom-width: 0px !important;border-left-width: 0px !important;padding-top: 0px !important;padding-right: 0px !important;padding-bottom: 0px !important;padding-left: 0px !important;}&#8221; accent_color=&#8221;#D21138&#8243;][\/vc_column][vc_column width=&#8221;1\/2&#8243; el_class=&#8221;image-container&#8221; el_wrapper_class=&#8221;image-wrapper&#8221;][vc_single_image image=&#8221;18408&#8243; img_size=&#8221;full&#8221; css=&#8221;&#8221;][\/vc_column][\/vc_row][vc_row padding_top_multiplier=&#8221;&#8221; padding_bottom_multiplier=&#8221;&#8221; columns_gap=&#8221;none&#8221; equal_column_height=&#8221;middle-content&#8221; el_class=&#8221;full-width-row second-row&#8221; el_wrapper_class=&#8221;full-width-row-wrapper&#8221;][vc_column width=&#8221;1\/2&#8243; el_class=&#8221;image-container&#8221; el_wrapper_class=&#8221;image-wrapper&#8221;][vc_single_image image=&#8221;18411&#8243; img_size=&#8221;full&#8221; css=&#8221;&#8221;][\/vc_column][vc_column width=&#8221;1\/2&#8243; el_class=&#8221;text-container&#8221; el_wrapper_class=&#8221;text-wrapper&#8221;]<h3 class=\"grve-element grve-title grve-align-left grve-h2 red-color\" style=\"margin-bottom: 1em;\"><span>Vision<\/span><\/h3>[vc_column_text css=&#8221;&#8221;]Anticiper les besoins du march\u00e9 \u00e0 travers la cr\u00e9ation et la fourniture de solutions \u00e0 l&#8217;avant-garde pour le transport \u00e0 temp\u00e9rature contr\u00f4l\u00e9e. Nous nous engageons \u00e0 innover constamment, en nous adaptant \u00e0 l&#8217;\u00e9volution du secteur et aux attentes croissantes de la client\u00e8le.\r\n\r\nNotre objectif est de devenir une marque leader dans le secteur, en nous distinguant par la qualit\u00e9, la fiabilit\u00e9 et la durabilit\u00e9. Nous accordons la plus grande attention au respect de l&#8217;environnement, \u00e0 la s\u00e9curit\u00e9 au travail, la protection des donn\u00e9es et \u00e0 la transparence dans les relations avec les employ\u00e9s, les collaborateurs, les fournisseurs et les clients.[\/vc_column_text][vc_separator color=&#8221;custom&#8221; align=&#8221;align_left&#8221; border_width=&#8221;5&#8243; el_width=&#8221;40&#8243; css=&#8221;.vc_custom_1739826608776{margin-top: 1.5em !important;margin-right: 0px !important;margin-bottom: 0px !important;margin-left: 0px !important;border-top-width: 0px !important;border-right-width: 0px !important;border-bottom-width: 0px !important;border-left-width: 0px !important;padding-top: 0px !important;padding-right: 0px !important;padding-bottom: 0px !important;padding-left: 0px !important;}&#8221; accent_color=&#8221;#D21138&#8243;][\/vc_column][\/vc_row][vc_row bg_type=&#8221;color&#8221; padding_top_multiplier=&#8221;3x&#8221; columns_gap=&#8221;none&#8221; equal_column_height=&#8221;middle-content&#8221; bg_color=&#8221;#FFFFFF&#8221;][vc_column el_class=&#8221;active-title-border&#8221; css=&#8221;.vc_custom_1740175238752{background-color: #FFFFFF !important;}&#8221;][vc_row_inner][vc_column_inner css=&#8221;.vc_custom_1739829514322{margin-bottom: 0px !important;}&#8221;]<h3 class=\"grve-element grve-title grve-align-left grve-h1 red-color border-left longer\" style=\"margin-bottom: 1em;\"><span><span style=\"padding-bottom: 0.5em; border-bottom: 4px solid;\">Values<\/span><\/span><\/h3>[\/vc_column_inner][\/vc_row_inner][\/vc_column][\/vc_row][vc_row bg_type=&#8221;color&#8221; padding_bottom_multiplier=&#8221;6x&#8221; columns_gap=&#8221;none&#8221; equal_column_height=&#8221;middle-content&#8221; bg_color=&#8221;#FFFFFF&#8221; el_class=&#8221;values-container&#8221; el_wrapper_class=&#8221;values-container-wrapper&#8221;][vc_column el_class=&#8221;active-title-border&#8221; css=&#8221;.vc_custom_1740175225460{background-color: #FFFFFF !important;}&#8221;][vc_row_inner el_class=&#8221;features-external-row&#8221;][vc_column_inner width=&#8221;1\/2&#8243; el_class=&#8221;hexagon-container&#8221; el_wrapper_class=&#8221;hexagon-wrapper&#8221;][vc_column_text css=&#8221;&#8221; el_class=&#8221;hexagon-form hexagon-content-hover&#8221;]\r\n<p style=\"text-align: center; line-height: 1; font-size: 80%; margin-bottom: 1em;\"><strong>YOUR PARTNER IN<\/strong>\r\n<strong>COLD CHAIN SOLUTIONS!<\/strong><\/p>\r\n<p style=\"text-align: center; line-height: 1; font-size: 80%;\">Nous sommes le partenaire id\u00e9al pour\r\ng\u00e9rer efficacement la distribution\r\net le transport de produits p\u00e9rissables,\r\ntout en garantissant la continuit\u00e9\r\nde la cha\u00eene du froid,\r\nsans interruption.<\/p>\r\n[\/vc_column_text][vc_single_image image=&#8221;18353&#8243; img_size=&#8221;full&#8221; alignment=&#8221;center&#8221; css=&#8221;.vc_custom_1739740917180{margin-bottom: 0px !important;}&#8221; el_class=&#8221;hexagon-content&#8221;][\/vc_column_inner][vc_column_inner width=&#8221;1\/2&#8243; el_class=&#8221;hexagon-container&#8221; el_wrapper_class=&#8221;hexagon-wrapper&#8221;][vc_column_text css=&#8221;&#8221; el_class=&#8221;hexagon-form hexagon-content-hover&#8221;]\r\n<p style=\"text-align: center; line-height: 1; font-size: 80%; margin-bottom: 1em;\"><strong>EXP\u00c9RIENCE<\/strong><\/p>\r\n<p style=\"text-align: center; line-height: 1; font-size: 80%;\">Depuis plus de 50 ans, nous\r\nop\u00e9rons dans le secteur du\r\ntransport \u00e0 temp\u00e9rature contr\u00f4l\u00e9e,\r\nen nous appuyant sur une \u00e9quipe\r\nhautement qualifi\u00e9e.\r\nNous sommes en mesure d\u2019offrir\r\ndes solutions personnalis\u00e9es,\r\nadapt\u00e9es aux besoins sp\u00e9cifiques\r\nde stockage et de transport.<\/p>\r\n[\/vc_column_text][vc_single_image image=&#8221;18359&#8243; img_size=&#8221;full&#8221; css=&#8221;.vc_custom_1739830841088{margin-bottom: 0px !important;}&#8221; el_class=&#8221;hexagon-content&#8221;][\/vc_column_inner][\/vc_row_inner][vc_row_inner el_class=&#8221;features-middle-row with-margin&#8221;][vc_column_inner width=&#8221;1\/2&#8243; el_class=&#8221;hexagon-container&#8221; css=&#8221;.vc_custom_1739741054275{margin-bottom: 0px !important;}&#8221; el_wrapper_class=&#8221;hexagon-wrapper&#8221;][vc_column_text css=&#8221;&#8221; el_class=&#8221;hexagon-form hexagon-content-hover&#8221;]\r\n<p style=\"text-align: center; line-height: 1; font-size: 80%; margin-bottom: 1em;\"><strong>INNOVATION<\/strong><\/p>\r\n<p style=\"text-align: center; line-height: 1; font-size: 80%;\">Nous investissons en permanence\r\ndans la recherche et le\r\nd\u00e9veloppement de technologies\r\nde pointe, afin d&#8217;offrir\r\ndes solutions toujours\r\nplus performantes. Notre objectif ?\r\nGarantir qualit\u00e9, efficacit\u00e9 et\r\nfiabilit\u00e9, en anticipant les\r\nbesoins du march\u00e9 et en\r\nred\u00e9finissant les standards\r\ndu secteur.<\/p>\r\n[\/vc_column_text][vc_single_image image=&#8221;18362&#8243; img_size=&#8221;full&#8221; css=&#8221;.vc_custom_1739830850160{margin-bottom: 0px !important;}&#8221; el_class=&#8221;hexagon-content&#8221;][\/vc_column_inner][vc_column_inner width=&#8221;1\/2&#8243; el_class=&#8221;hexagon-container&#8221; el_wrapper_class=&#8221;hexagon-wrapper&#8221;][vc_column_text css=&#8221;&#8221; el_class=&#8221;hexagon-form hexagon-content-hover&#8221;]\r\n<p style=\"text-align: center; line-height: 1; font-size: 80%; margin-bottom: 1em;\"><strong>UNE QUESTION DE DEGR\u00c9S<\/strong><\/p>\r\n<p style=\"text-align: center; line-height: 1; font-size: 80%;\">Nos conteneurs garantissent\r\nune large plage de temp\u00e9rature,\r\nde -75\u00b0C \u00e0 +75\u00b0C, offrant une flexibilit\u00e9\r\net une fiabilit\u00e9 maximales pour\r\nle transport de tout produit sensible.<\/p>\r\n[\/vc_column_text][vc_single_image image=&#8221;18371&#8243; img_size=&#8221;full&#8221; css=&#8221;.vc_custom_1739830860353{margin-bottom: 0px !important;}&#8221; el_class=&#8221;hexagon-content&#8221;][\/vc_column_inner][\/vc_row_inner][vc_row_inner el_class=&#8221;features-middle-row&#8221;][vc_column_inner width=&#8221;1\/2&#8243; el_class=&#8221;hexagon-container&#8221; css=&#8221;.vc_custom_1739741090997{margin-bottom: 0px !important;}&#8221; el_wrapper_class=&#8221;hexagon-wrapper&#8221;][vc_column_text css=&#8221;&#8221; el_class=&#8221;hexagon-form hexagon-content-hover&#8221;]\r\n<p style=\"text-align: center; line-height: 1; font-size: 80%; margin-bottom: 1em;\"><strong>DURABILIT\u00c9<\/strong><\/p>\r\n<p style=\"text-align: center; line-height: 1; font-size: 80%;\">Nous nous engageons chaque\r\njour dans la pr\u00e9servation des ressources,\r\nen choisissant des mat\u00e9riaux recyclables\r\net en adoptant des solutions visant \u00e0\r\nr\u00e9duire les \u00e9missions de CO\u2082.\r\nLa durabilit\u00e9 est au c\u0153ur de notre vision,\r\ncar innover signifie aussi prendre\r\nsoin de la plan\u00e8te.<\/p>\r\n[\/vc_column_text][vc_single_image image=&#8221;18368&#8243; img_size=&#8221;full&#8221; css=&#8221;.vc_custom_1739830869119{margin-bottom: 0px !important;}&#8221; el_class=&#8221;hexagon-content&#8221;][\/vc_column_inner][vc_column_inner width=&#8221;1\/2&#8243; css=&#8221;.vc_custom_1739741113667{margin-bottom: 0px !important;}&#8221; el_class=&#8221;hexagon-container&#8221; el_wrapper_class=&#8221;hexagon-wrapper&#8221;][vc_column_text css=&#8221;&#8221; el_class=&#8221;hexagon-form hexagon-content-hover&#8221;]\r\n<p style=\"text-align: center; line-height: 1; font-size: 80%; margin-bottom: 1em;\"><strong>FIABILIT\u00c9<\/strong><\/p>\r\n<p style=\"text-align: center; line-height: 1; font-size: 80%;\">Nous visons l&#8217;excellence en\r\ngarantissant les plus hauts standards\r\nde s\u00e9curit\u00e9 et de qualit\u00e9.\r\nChaque solution est con\u00e7ue pour\r\nanticiper les besoins du march\u00e9 et\r\nd\u00e9passer les attentes des clients,\r\nassurant fiabilit\u00e9, performance et\r\nprotection maximale \u00e0 chaque\r\n\u00e9tape du transport.<\/p>\r\n[\/vc_column_text][vc_single_image image=&#8221;18350&#8243; img_size=&#8221;full&#8221; css=&#8221;.vc_custom_1739830883030{margin-bottom: 0px !important;}&#8221; el_class=&#8221;hexagon-content&#8221;][\/vc_column_inner][\/vc_row_inner][vc_row_inner el_class=&#8221;features-external-row&#8221;][vc_column_inner width=&#8221;1\/2&#8243; css=&#8221;.vc_custom_1739741136563{margin-bottom: 0px !important;}&#8221; el_class=&#8221;hexagon-container&#8221; el_wrapper_class=&#8221;hexagon-wrapper&#8221;][vc_column_text css=&#8221;&#8221; el_class=&#8221;hexagon-form hexagon-content-hover&#8221;]\r\n<p style=\"text-align: center; line-height: 1; font-size: 80%; margin-bottom: 1em;\"><strong>COLLABORATION<\/strong><\/p>\r\n<p style=\"text-align: center; line-height: 1; font-size: 80%;\">Nous croyons au pouvoir de la\r\ncollaboration : le succ\u00e8s na\u00eet\r\ndu travail d\u2019\u00e9quipe entre\r\nnos \u00e9quipes internes,\r\nnos fournisseurs et nos clients.\r\nEn combinant comp\u00e9tences, exp\u00e9riences\r\net visions, nous atteignons des\r\nobjectifs communs et garantissons\r\ndes r\u00e9sultats d\u2019excellence,\r\nen d\u00e9veloppant des solutions\r\nsur mesure qui font la diff\u00e9rence.<\/p>\r\n[\/vc_column_text][vc_single_image image=&#8221;18356&#8243; img_size=&#8221;full&#8221; css=&#8221;.vc_custom_1739830894104{margin-bottom: 0px !important;}&#8221; el_class=&#8221;hexagon-content&#8221;][\/vc_column_inner][vc_column_inner width=&#8221;1\/2&#8243; css=&#8221;.vc_custom_1739741152444{margin-bottom: 0px !important;}&#8221; el_class=&#8221;hexagon-container&#8221; el_wrapper_class=&#8221;hexagon-wrapper&#8221;][vc_column_text css=&#8221;&#8221; el_class=&#8221;hexagon-form hexagon-content-hover&#8221;]\r\n<p style=\"text-align: center; line-height: 1; font-size: 80%; margin-bottom: 1em;\"><strong>MADE IN ITALY<\/strong><\/p>\r\n<p style=\"text-align: center; line-height: 1; font-size: 80%;\">Nous produisons tous nos produits\r\nen Italie, dans nos usines de\r\nMonasterolo di Savigliano, avec\r\nla qualit\u00e9 et l&#8217;attention aux d\u00e9tails\r\nqui caract\u00e9risent le Made in Italy.\r\nNos solutions sont ensuite export\u00e9es\r\n\u00e0 travers le monde, garantissant\r\nexcellence et fiabilit\u00e9 partout\r\no\u00f9 elles sont n\u00e9cessaires.<\/p>\r\n[\/vc_column_text][vc_single_image image=&#8221;18365&#8243; img_size=&#8221;full&#8221; css=&#8221;.vc_custom_1739830901854{margin-bottom: 0px !important;}&#8221; el_class=&#8221;hexagon-content&#8221;][\/vc_column_inner][\/vc_row_inner][vc_row_inner el_class=&#8221;features-logo-row&#8221;][vc_column_inner css=&#8221;.vc_custom_1739745409612{margin-bottom: 0px !important;}&#8221; el_class=&#8221;hexagon-logo-container&#8221; el_wrapper_class=&#8221;hexagon-logo-wrapper&#8221;][vc_single_image image=&#8221;18396&#8243; img_size=&#8221;full&#8221; css=&#8221;.vc_custom_1739745246446{margin-bottom: 0px !important;}&#8221;][\/vc_column_inner][\/vc_row_inner][\/vc_column][\/vc_row]<\/div>","protected":false},"excerpt":{"rendered":"[vc_row bg_type=&#8221;image&#8221; bg_image=&#8221;18400&#8243; padding_top_multiplier=&#8221;3x&#8221; padding_bottom_multiplier=&#8221;3x&#8221; el_class=&#8221;category-fullsize-row banner&#8221; el_wrapper_class=&#8221;category-fullsize-row-wrapper&#8221;][vc_column][\/vc_column][\/vc_row][vc_row section_type=&#8221;fullwidth&#8221; bg_type=&#8221;color&#8221; padding_top_multiplier=&#8221;&#8221; padding_bottom_multiplier=&#8221;&#8221; columns_gap=&#8221;none&#8221; equal_column_height=&#8221;middle-content&#8221; el_class=&#8221;category-fullsize-row&#8221; bg_color=&#8221;#333333&#8243; el_wrapper_class=&#8221;category-fullsize-row-wrapper&#8221;][vc_column css=&#8221;.vc_custom_1661330057401{background-color: #333333 !important;}&#8221;][\/vc_column][\/vc_row][vc_row bg_type=&#8221;color&#8221; padding_top_multiplier=&#8221;3x&#8221; padding_bottom_multiplier=&#8221;2x&#8221; font_color=&#8221;#000000&#8243; bg_color=&#8221;#D21138&#8243;][vc_column][vc_column_text css=&#8221;.vc_custom_1740212514015{padding-right: 10% !important;padding-left: 10% !important;}&#8221; el_class=&#8221;titolo3 white-font&#8221;] Depuis plus d&#8217;un demi-si\u00e8cle, MELFORM est le partenaire de r\u00e9f\u00e9rence dans la conception et la production de solutions avanc\u00e9es pour le transport isotherme. [&hellip;]","protected":false},"author":21,"featured_media":0,"parent":0,"menu_order":15,"comment_status":"closed","ping_status":"closed","template":"","meta":{"_acf_changed":false,"_themeisle_gutenberg_block_has_review":false,"footnotes":""},"class_list":["post-19672","page","type-page","status-publish","hentry"],"acf":[],"yoast_head":"<!-- This site is optimized with the Yoast SEO plugin v26.4 - https:\/\/yoast.com\/wordpress\/plugins\/seo\/ -->\n<title>Qui sommes nous - MELFORM<\/title>\n<meta name=\"description\" content=\"MELFORM \u00e8 specializzata nello studio e produzione di contenitori isotermici e refrigerati per la Logistica e di accessori per il Foodservice.\" \/>\n<meta name=\"robots\" content=\"index, follow, max-snippet:-1, max-image-preview:large, max-video-preview:-1\" \/>\n<link rel=\"canonical\" href=\"https:\/\/www.melform.com\/fr\/qui-nous-sommes\/\" \/>\n<meta property=\"og:locale\" content=\"fr_FR\" \/>\n<meta property=\"og:type\" content=\"article\" \/>\n<meta property=\"og:title\" content=\"Qui sommes nous - MELFORM\" \/>\n<meta property=\"og:description\" content=\"MELFORM \u00e8 specializzata nello studio e produzione di contenitori isotermici e refrigerati per la Logistica e di accessori per il Foodservice.\" \/>\n<meta property=\"og:url\" content=\"https:\/\/www.melform.com\/fr\/qui-nous-sommes\/\" \/>\n<meta property=\"og:site_name\" content=\"MELFORM\" \/>\n<meta property=\"article:modified_time\" content=\"2025-03-05T18:29:17+00:00\" \/>\n<meta name=\"twitter:card\" content=\"summary_large_image\" \/>\n<script type=\"application\/ld+json\" class=\"yoast-schema-graph\">{\"@context\":\"https:\/\/schema.org\",\"@graph\":[{\"@type\":\"WebPage\",\"@id\":\"https:\/\/www.melform.com\/fr\/qui-nous-sommes\/\",\"url\":\"https:\/\/www.melform.com\/fr\/qui-nous-sommes\/\",\"name\":\"Qui sommes nous - MELFORM\",\"isPartOf\":{\"@id\":\"https:\/\/www.melform.com\/fr\/#website\"},\"datePublished\":\"2025-02-15T20:26:12+00:00\",\"dateModified\":\"2025-03-05T18:29:17+00:00\",\"description\":\"MELFORM \u00e8 specializzata nello studio e produzione di contenitori isotermici e refrigerati per la Logistica e di accessori per il Foodservice.\",\"breadcrumb\":{\"@id\":\"https:\/\/www.melform.com\/fr\/qui-nous-sommes\/#breadcrumb\"},\"inLanguage\":\"fr-FR\",\"potentialAction\":[{\"@type\":\"ReadAction\",\"target\":[\"https:\/\/www.melform.com\/fr\/qui-nous-sommes\/\"]}]},{\"@type\":\"BreadcrumbList\",\"@id\":\"https:\/\/www.melform.com\/fr\/qui-nous-sommes\/#breadcrumb\",\"itemListElement\":[{\"@type\":\"ListItem\",\"position\":1,\"name\":\"Home\",\"item\":\"https:\/\/www.melform.com\/fr\/\"},{\"@type\":\"ListItem\",\"position\":2,\"name\":\"Qui sommes nous\"}]},{\"@type\":\"WebSite\",\"@id\":\"https:\/\/www.melform.com\/fr\/#website\",\"url\":\"https:\/\/www.melform.com\/fr\/\",\"name\":\"MELFORM\",\"description\":\"SISTEMI PER IL TRASPORTO E STOCCAGGIO A TEMPERATURA CONTROLLATA\",\"potentialAction\":[{\"@type\":\"SearchAction\",\"target\":{\"@type\":\"EntryPoint\",\"urlTemplate\":\"https:\/\/www.melform.com\/fr\/?s={search_term_string}\"},\"query-input\":{\"@type\":\"PropertyValueSpecification\",\"valueRequired\":true,\"valueName\":\"search_term_string\"}}],\"inLanguage\":\"fr-FR\"}]}<\/script>\n<!-- \/ Yoast SEO plugin. -->","yoast_head_json":{"title":"Qui sommes nous - MELFORM","description":"MELFORM \u00e8 specializzata nello studio e produzione di contenitori isotermici e refrigerati per la Logistica e di accessori per il Foodservice.","robots":{"index":"index","follow":"follow","max-snippet":"max-snippet:-1","max-image-preview":"max-image-preview:large","max-video-preview":"max-video-preview:-1"},"canonical":"https:\/\/www.melform.com\/fr\/qui-nous-sommes\/","og_locale":"fr_FR","og_type":"article","og_title":"Qui sommes nous - MELFORM","og_description":"MELFORM \u00e8 specializzata nello studio e produzione di contenitori isotermici e refrigerati per la Logistica e di accessori per il Foodservice.","og_url":"https:\/\/www.melform.com\/fr\/qui-nous-sommes\/","og_site_name":"MELFORM","article_modified_time":"2025-03-05T18:29:17+00:00","twitter_card":"summary_large_image","schema":{"@context":"https:\/\/schema.org","@graph":[{"@type":"WebPage","@id":"https:\/\/www.melform.com\/fr\/qui-nous-sommes\/","url":"https:\/\/www.melform.com\/fr\/qui-nous-sommes\/","name":"Qui sommes nous - MELFORM","isPartOf":{"@id":"https:\/\/www.melform.com\/fr\/#website"},"datePublished":"2025-02-15T20:26:12+00:00","dateModified":"2025-03-05T18:29:17+00:00","description":"MELFORM \u00e8 specializzata nello studio e produzione di contenitori isotermici e refrigerati per la Logistica e di accessori per il Foodservice.","breadcrumb":{"@id":"https:\/\/www.melform.com\/fr\/qui-nous-sommes\/#breadcrumb"},"inLanguage":"fr-FR","potentialAction":[{"@type":"ReadAction","target":["https:\/\/www.melform.com\/fr\/qui-nous-sommes\/"]}]},{"@type":"BreadcrumbList","@id":"https:\/\/www.melform.com\/fr\/qui-nous-sommes\/#breadcrumb","itemListElement":[{"@type":"ListItem","position":1,"name":"Home","item":"https:\/\/www.melform.com\/fr\/"},{"@type":"ListItem","position":2,"name":"Qui sommes nous"}]},{"@type":"WebSite","@id":"https:\/\/www.melform.com\/fr\/#website","url":"https:\/\/www.melform.com\/fr\/","name":"MELFORM","description":"SISTEMI PER IL TRASPORTO E STOCCAGGIO A TEMPERATURA CONTROLLATA","potentialAction":[{"@type":"SearchAction","target":{"@type":"EntryPoint","urlTemplate":"https:\/\/www.melform.com\/fr\/?s={search_term_string}"},"query-input":{"@type":"PropertyValueSpecification","valueRequired":true,"valueName":"search_term_string"}}],"inLanguage":"fr-FR"}]}},"_links":{"self":[{"href":"https:\/\/www.melform.com\/fr\/wp-json\/wp\/v2\/pages\/19672","targetHints":{"allow":["GET"]}}],"collection":[{"href":"https:\/\/www.melform.com\/fr\/wp-json\/wp\/v2\/pages"}],"about":[{"href":"https:\/\/www.melform.com\/fr\/wp-json\/wp\/v2\/types\/page"}],"author":[{"embeddable":true,"href":"https:\/\/www.melform.com\/fr\/wp-json\/wp\/v2\/users\/21"}],"replies":[{"embeddable":true,"href":"https:\/\/www.melform.com\/fr\/wp-json\/wp\/v2\/comments?post=19672"}],"version-history":[{"count":5,"href":"https:\/\/www.melform.com\/fr\/wp-json\/wp\/v2\/pages\/19672\/revisions"}],"predecessor-version":[{"id":19708,"href":"https:\/\/www.melform.com\/fr\/wp-json\/wp\/v2\/pages\/19672\/revisions\/19708"}],"wp:attachment":[{"href":"https:\/\/www.melform.com\/fr\/wp-json\/wp\/v2\/media?parent=19672"}],"curies":[{"name":"wp","href":"https:\/\/api.w.org\/{rel}","templated":true}]}}