{"id":19710,"date":"2025-02-21T17:31:02","date_gmt":"2025-02-21T15:31:02","guid":{"rendered":"https:\/\/www.melform.com\/sostenibilita-demo\/"},"modified":"2025-03-05T20:30:11","modified_gmt":"2025-03-05T18:30:11","slug":"durabilite","status":"publish","type":"page","link":"https:\/\/www.melform.com\/fr\/durabilite\/","title":{"rendered":"Durabilit\u00e9"},"content":{"rendered":"<div class=\"wpb-content-wrapper\"><p>[vc_row bg_type=&#8221;image&#8221; bg_image=&#8221;2486&#8243; padding_top_multiplier=&#8221;3x&#8221; padding_bottom_multiplier=&#8221;3x&#8221; el_class=&#8221;category-fullsize-row banner&#8221; el_wrapper_class=&#8221;category-fullsize-row-wrapper&#8221;][vc_column]<h1 class=\"grve-element grve-title grve-align-center grve-h1 title\" style=\"\"><span><span style=\"color: #ffffff;\">Durabilit\u00e9<\/span><\/span><\/h1>[\/vc_column][\/vc_row][vc_row section_type=&#8221;fullwidth&#8221; bg_type=&#8221;color&#8221; padding_top_multiplier=&#8221;&#8221; padding_bottom_multiplier=&#8221;&#8221; columns_gap=&#8221;none&#8221; equal_column_height=&#8221;middle-content&#8221; el_class=&#8221;category-fullsize-row&#8221; bg_color=&#8221;#333333&#8243; el_wrapper_class=&#8221;category-fullsize-row-wrapper&#8221;][vc_column css=&#8221;.vc_custom_1661330057401{background-color: #333333 !important;}&#8221;]<div class=\"product-layout-wc-breadcrumb product-category-breadcrumbs\"><nav class=\"woocommerce-breadcrumb\" aria-label=\"Breadcrumb\">Accueil<\/nav><\/div>[\/vc_column][\/vc_row][vc_row bg_type=&#8221;color&#8221; padding_top_multiplier=&#8221;4x&#8221; padding_bottom_multiplier=&#8221;2x&#8221; columns_gap=&#8221;60&#8243; el_wrapper_class=&#8221;category-fullsize-row-wrapper&#8221;][vc_column width=&#8221;2\/5&#8243; el_class=&#8221;active-title-border&#8221;][vc_single_image image=&#8221;19143&#8243; img_size=&#8221;large&#8221; alignment=&#8221;center&#8221; css=&#8221;.vc_custom_1740153647235{margin-bottom: 0px !important;}&#8221;][\/vc_column][vc_column width=&#8221;3\/5&#8243;]<h3 class=\"grve-element grve-title grve-align-left grve-h2 red-color\" style=\"margin-bottom: 1em;\"><span>Innovation durable pour la logistique du froid<\/span><\/h3>[vc_column_text css=&#8221;&#8221;]Nous sommes conscients que notre activit\u00e9 a un impact sur l&#8217;environnement. C&#8217;est pourquoi nous essayons de faire des choix responsables visant \u00e0 r\u00e9duire la consommation et \u00e0 s\u00e9lectionner des mat\u00e9riaux recyclables qui peuvent \u00eatre r\u00e9utilis\u00e9s et remis en circulation.<br>Notre mod\u00e8le \u00e9conomique est circulaire.[\/vc_column_text][vc_separator color=&#8221;custom&#8221; align=&#8221;align_left&#8221; border_width=&#8221;5&#8243; el_width=&#8221;20&#8243; css=&#8221;.vc_custom_1740148042795{margin-top: 1.5em !important;margin-right: 0px !important;margin-bottom: 5em !important;margin-left: 0px !important;border-top-width: 0px !important;border-right-width: 0px !important;border-bottom-width: 0px !important;border-left-width: 0px !important;padding-top: 0px !important;padding-right: 0px !important;padding-bottom: 0px !important;padding-left: 0px !important;}&#8221; accent_color=&#8221;#D21138&#8243;][\/vc_column][\/vc_row][vc_row padding_bottom_multiplier=&#8221;&#8221;][vc_column]<h3 class=\"grve-element grve-title grve-align-left grve-h1 red-color border-left longer grve-element grve-title grve-align-left grve-h2 red-color\" style=\"margin-bottom: 0.5em;\"><span>Nos mat\u00e9riaux, recycl\u00e9s et recyclables<\/span><\/h3>[vc_separator color=&#8221;custom&#8221; align=&#8221;align_left&#8221; border_width=&#8221;5&#8243; el_width=&#8221;10&#8243; css=&#8221;.vc_custom_1740158625698{margin-top: 1.5em !important;margin-right: 0px !important;margin-bottom: 2em !important;margin-left: 0px !important;border-top-width: 0px !important;border-right-width: 0px !important;border-bottom-width: 0px !important;border-left-width: 0px !important;padding-top: 0px !important;padding-right: 0px !important;padding-bottom: 0px !important;padding-left: 0px !important;}&#8221; accent_color=&#8221;#D21138&#8243;][\/vc_column][\/vc_row][vc_row padding_top_multiplier=&#8221;&#8221; columns_gap=&#8221;none&#8221; el_class=&#8221;overlapped-columns&#8221;][vc_column width=&#8221;3\/5&#8243;][vc_single_image image=&#8221;19134&#8243; img_size=&#8221;full&#8221; alignment=&#8221;center&#8221; css=&#8221;.vc_custom_1740153882984{margin-bottom: 0px !important;}&#8221;][\/vc_column][vc_column width=&#8221;2\/5&#8243;]<h3 class=\"grve-element grve-title grve-align-left grve-h2 white-font\" style=\"margin-bottom: 1em;\"><span>Mat\u00e9riaux \u00e0 faible impact environnemental<\/span><\/h3>[vc_column_text css=&#8221;&#8221; el_class=&#8221;white-font&#8221;]Les conteneurs isothermes MELFORM sont fabriqu\u00e9s \u00e0 partir de mat\u00e9riaux recycl\u00e9s et recyclables, garantissant un cycle de vie durable et r\u00e9duisant le gaspillage.<br>Tous nos conteneurs, en fin de vie, sont recycl\u00e9s pour donner naissance \u00e0 de nouveaux produits.[\/vc_column_text][\/vc_column][\/vc_row][vc_row padding_top_multiplier=&#8221;3x&#8221; padding_bottom_multiplier=&#8221;&#8221;][vc_column]<h3 class=\"grve-element grve-title grve-align-left grve-h1 red-color border-left longer grve-element grve-title grve-align-left grve-h2 red-color\" style=\"margin-bottom: 0.5em;\"><span>KOALA GREEN : la r\u00e9frig\u00e9ration durable<\/span><\/h3>[vc_separator color=&#8221;custom&#8221; align=&#8221;align_left&#8221; border_width=&#8221;5&#8243; el_width=&#8221;10&#8243; css=&#8221;.vc_custom_1740158601871{margin-top: 1.5em !important;margin-right: 0px !important;margin-bottom: 2em !important;margin-left: 0px !important;border-top-width: 0px !important;border-right-width: 0px !important;border-bottom-width: 0px !important;border-left-width: 0px !important;padding-top: 0px !important;padding-right: 0px !important;padding-bottom: 0px !important;padding-left: 0px !important;}&#8221; accent_color=&#8221;#D21138&#8243;][\/vc_column][\/vc_row][vc_row padding_top_multiplier=&#8221;&#8221; columns_gap=&#8221;none&#8221; el_class=&#8221;overlapped-columns-alt&#8221; margin_bottom=&#8221;3em&#8221;][vc_column width=&#8221;2\/5&#8243;]<h3 class=\"grve-element grve-title grve-align-left grve-h2 white-font\" style=\"margin-bottom: 1em;\"><span>R\u00e9frig\u00e9ration autonome et \u00e9cologique<\/span><\/h3>[vc_column_text css=&#8221;&#8221; el_class=&#8221;white-font&#8221;]<\/p>\n<p style=\"margin-bottom: 0.3em;\">Notre innovation la plus r\u00e9cente est la ligne KOALA GREEN: <br>des conteneurs r\u00e9frig\u00e9r\u00e9s autonomes avec batterie int\u00e9gr\u00e9e, con\u00e7us pour optimiser la logistique durable.<\/p>\n<ul style=\"margin-left: 0; margin-bottom: 0;\">\n<li style=\"list-style: '- '; list-style-position: inside; line-height: 1.5;\">Autonomie sans besoin d&#8217;alimentation continue<\/li>\n<li style=\"list-style: '- '; list-style-position: inside; line-height: 1.5;\">Parfaits pour les v\u00e9hicules \u00e9lectriques<\/li>\n<li style=\"list-style: '- '; list-style-position: inside; line-height: 1.5;\">Efficacit\u00e9 \u00e9nerg\u00e9tique et r\u00e9duction des \u00e9missions<\/li>\n<\/ul>\n<p>[\/vc_column_text][\/vc_column][vc_column width=&#8221;3\/5&#8243;][vc_single_image image=&#8221;19159&#8243; img_size=&#8221;full&#8221; alignment=&#8221;center&#8221; css=&#8221;.vc_custom_1740154100191{margin-bottom: 0px !important;}&#8221;][\/vc_column][\/vc_row][vc_row bg_type=&#8221;color&#8221; padding_top_multiplier=&#8221;3x&#8221; padding_bottom_multiplier=&#8221;3x&#8221; columns_gap=&#8221;none&#8221; equal_column_height=&#8221;middle-content&#8221; bg_color=&#8221;#ffffff&#8221; margin_bottom=&#8221;4em&#8221;][vc_column][vc_row_inner el_class=&#8221;sustainability-section&#8221;][vc_column_inner width=&#8221;1\/3&#8243; el_class=&#8221;hexagon-container&#8221; el_wrapper_class=&#8221;hexagon-wrapper&#8221;][vc_column_text css=&#8221;&#8221; el_class=&#8221;hexagon-form hexagon-content-hover&#8221;]<\/p>\n<p style=\"text-align: center; line-height: 1; font-size: 80%; margin-bottom: 1em;\">R\u00c9DUIT LES<br>\u00c9MISSIONS DE CO2<\/p>\n<p style=\"text-align: center; line-height: 1; font-size: 80%;\">Moins de consommation d&#8217;\u00e9nergie,<br>plus d&#8217;efficacit\u00e9<\/p>\n<p>[\/vc_column_text][vc_single_image image=&#8221;19554&#8243; img_size=&#8221;full&#8221; alignment=&#8221;center&#8221; css=&#8221;.vc_custom_1740520699099{margin-bottom: 0px !important;}&#8221; el_class=&#8221;hexagon-content&#8221;][\/vc_column_inner][vc_column_inner width=&#8221;1\/3&#8243; el_class=&#8221;hexagon-container&#8221; el_wrapper_class=&#8221;hexagon-wrapper&#8221;][vc_column_text css=&#8221;&#8221; el_class=&#8221;hexagon-form hexagon-content-hover&#8221;]<\/p>\n<p style=\"text-align: center; line-height: 1; font-size: 80%; margin-bottom: 1em;\">COMPATIBLE AVEC LES<br>V\u00c9HICULES \u00c9LECTRIQUES<\/p>\n<p style=\"text-align: center; line-height: 1; font-size: 80%;\">Le choix id\u00e9al pour<br>une logistique<br>z\u00e9ro \u00e9mission<\/p>\n<p>[\/vc_column_text][vc_single_image image=&#8221;19560&#8243; img_size=&#8221;full&#8221; alignment=&#8221;center&#8221; css=&#8221;.vc_custom_1740520711332{margin-bottom: 0px !important;}&#8221; el_class=&#8221;hexagon-content&#8221;][\/vc_column_inner][vc_column_inner width=&#8221;1\/3&#8243; el_class=&#8221;hexagon-container&#8221; el_wrapper_class=&#8221;hexagon-wrapper&#8221;][vc_column_text css=&#8221;&#8221; el_class=&#8221;hexagon-form hexagon-content-hover&#8221;]<\/p>\n<p style=\"text-align: center; line-height: 1; font-size: 80%; margin-bottom: 1em;\">FABRIQU\u00c9 AVEC<br>DES MAT\u00c9RIAUX DURABLES<\/p>\n<p style=\"text-align: center; line-height: 1; font-size: 80%;\">Fabriqu\u00e9s avec des plastiques<br>recycl\u00e9es et recyclables<\/p>\n<p>[\/vc_column_text][vc_single_image image=&#8221;19557&#8243; img_size=&#8221;full&#8221; alignment=&#8221;center&#8221; css=&#8221;.vc_custom_1740520725176{margin-bottom: 0px !important;}&#8221; el_class=&#8221;hexagon-content&#8221;][\/vc_column_inner][\/vc_row_inner][\/vc_column][\/vc_row][vc_row bg_type=&#8221;color&#8221; padding_top_multiplier=&#8221;&#8221; padding_bottom_multiplier=&#8221;2x&#8221; columns_gap=&#8221;none&#8221; el_class=&#8221;sustainability-intro-section&#8221; bg_color=&#8221;#ffffff&#8221;][vc_column]<h3 class=\"grve-element grve-title grve-align-left grve-h2 red-color\" style=\"margin-bottom: 1em;\"><span>Notre engagement pour un avenir plus vert<\/span><\/h3>[vc_separator color=&#8221;custom&#8221; align=&#8221;align_left&#8221; border_width=&#8221;5&#8243; el_width=&#8221;10&#8243; css=&#8221;.vc_custom_1740161133179{margin-top: 1.5em !important;margin-right: 0px !important;margin-bottom: 5em !important;margin-left: 0px !important;border-top-width: 0px !important;border-right-width: 0px !important;border-bottom-width: 0px !important;border-left-width: 0px !important;padding-top: 0px !important;padding-right: 0px !important;padding-bottom: 0px !important;padding-left: 0px !important;}&#8221; accent_color=&#8221;#D21138&#8243;][vc_column_text css=&#8221;.vc_custom_1740161967246{margin-top: 30px !important;}&#8221;]En plus de d\u00e9velopper et de fabriquer des produits respectueux de l&#8217;environnement, tels que les conteneurs r\u00e9frig\u00e9r\u00e9s \u00e0 batterie KOALA GREEN, qui contribuent \u00e0 r\u00e9duire la consommation d&#8217;\u00e9nergie et les \u00e9missions de CO2, nous adoptons une approche int\u00e9gr\u00e9e de la durabilit\u00e9 d&#8217;entreprise. Nos choix \u00e9cologiques influencent chaque aspect de la gestion interne, de la r\u00e9duction de la consommation \u00e0 la gestion responsable des d\u00e9chets.[\/vc_column_text][\/vc_column][\/vc_row][vc_row bg_type=&#8221;color&#8221; padding_top_multiplier=&#8221;&#8221; padding_bottom_multiplier=&#8221;2x&#8221; columns_gap=&#8221;none&#8221; el_class=&#8221;sustainability-detail1-section&#8221; bg_color=&#8221;#ffffff&#8221;][vc_column][vc_row_inner][vc_column_inner width=&#8221;1\/3&#8243; el_class=&#8221;active-title-border&#8221;][vc_single_image image=&#8221;19192&#8243; alignment=&#8221;center&#8221; css=&#8221;.vc_custom_1740161078609{margin-bottom: 0px !important;}&#8221;][\/vc_column_inner][vc_column_inner width=&#8221;2\/3&#8243;][vc_column_text css=&#8221;&#8221;]Depuis 2020, nous avons entrepris un suivi et une analyse de la consommation d&#8217;\u00e9nergie et des \u00e9missions, ce qui a conduit \u00e0 la mise en place d&#8217;initiatives significatives, notamment l&#8217;installation de panneaux photovolta\u00efques dans nos usines de production.[\/vc_column_text][\/vc_column_inner][\/vc_row_inner][\/vc_column][\/vc_row][vc_row bg_type=&#8221;color&#8221; padding_top_multiplier=&#8221;&#8221; padding_bottom_multiplier=&#8221;2x&#8221; columns_gap=&#8221;none&#8221; el_class=&#8221;sustainability-detail2-section&#8221; bg_color=&#8221;#ffffff&#8221;][vc_column][vc_row_inner][vc_column_inner width=&#8221;2\/3&#8243; el_class=&#8221;active-title-border&#8221;][vc_column_text css=&#8221;&#8221;]<\/p>\n<p style=\"text-align: right;\">En 2021, nous nous sommes \u00e9galement concentr\u00e9s sur la sensibilisation des employ\u00e9s, en adoptant des mesures telles que la limitation des heures d&#8217;utilisation du chauffage et des syst\u00e8mes de climatisation et en assurant une collecte s\u00e9lective des d\u00e9chets appropri\u00e9e.<br>Notre objectif est d&#8217;am\u00e9liorer continuellement nos performances environnementales et sociales, en explorant de nouvelles possibilit\u00e9s telles que l&#8217;achat d&#8217;\u00e9nergie provenant de sources 100 % renouvelables.<\/p>\n<p>[\/vc_column_text][\/vc_column_inner][vc_column_inner width=&#8221;1\/3&#8243;][vc_single_image image=&#8221;19189&#8243; alignment=&#8221;center&#8221; css=&#8221;.vc_custom_1740161069285{margin-bottom: 0px !important;}&#8221;][\/vc_column_inner][\/vc_row_inner][\/vc_column][\/vc_row][vc_row bg_type=&#8221;color&#8221; padding_top_multiplier=&#8221;2x&#8221; padding_bottom_multiplier=&#8221;2x&#8221; columns_gap=&#8221;none&#8221; el_class=&#8221;sustainability-detail3-section&#8221; bg_color=&#8221;#ffffff&#8221; margin_bottom=&#8221;3em&#8221;][vc_column css=&#8221;.vc_custom_1740161190104{padding-right: 10% !important;padding-left: 10% !important;}&#8221;][vc_row_inner][vc_column_inner width=&#8221;1\/3&#8243; el_class=&#8221;active-title-border&#8221;][vc_single_image image=&#8221;19195&#8243; img_size=&#8221;full&#8221; alignment=&#8221;center&#8221; css=&#8221;.vc_custom_1740161062000{margin-bottom: 0px !important;}&#8221;][\/vc_column_inner][vc_column_inner width=&#8221;2\/3&#8243;][vc_column_text css=&#8221;&#8221;]Gr\u00e2ce \u00e0 nos initiatives et aux r\u00e9sultats obtenus dans le domaine ESG, nous avons obtenu la certification ECOVADIS, atteignant d&#8217;importants objectifs de durabilit\u00e9. Nous travaillons \u00e0 promouvoir un impact positif qui puisse s&#8217;\u00e9tendre \u00e0 l&#8217;ensemble de la cha\u00eene de valeur, contribuant \u00e0 l&#8217;am\u00e9lioration des performances de durabilit\u00e9 des entreprises partenaires \u00e9galement.[\/vc_column_text][\/vc_column_inner][\/vc_row_inner][\/vc_column][\/vc_row][vc_row bg_type=&#8221;color&#8221; padding_top_multiplier=&#8221;3x&#8221; padding_bottom_multiplier=&#8221;3x&#8221; columns_gap=&#8221;none&#8221; el_class=&#8221;sustainability-intro-section&#8221; bg_color=&#8221;#67B743&#8243;][vc_column][vc_column_text css=&#8221;.vc_custom_1740162134269{margin-bottom: 0px !important;}&#8221; el_class=&#8221;white-font&#8221;]<\/p>\n<p style=\"text-align: center;\"><em>Chez MELFORM, nous croyons que l&#8217;innovation et la durabilit\u00e9 doivent aller de pair. Nous continuons \u00e0 d\u00e9velopper des solutions qui r\u00e9duisent l&#8217;impact environnemental sans compromettre la qualit\u00e9 et la fiabilit\u00e9. <\/em><\/p>\n<p>[\/vc_column_text][\/vc_column][\/vc_row]<\/p>\r\n<\/div>","protected":false},"excerpt":{"rendered":"[vc_row bg_type=&#8221;image&#8221; bg_image=&#8221;2486&#8243; padding_top_multiplier=&#8221;3x&#8221; padding_bottom_multiplier=&#8221;3x&#8221; el_class=&#8221;category-fullsize-row banner&#8221; el_wrapper_class=&#8221;category-fullsize-row-wrapper&#8221;][vc_column][\/vc_column][\/vc_row][vc_row section_type=&#8221;fullwidth&#8221; bg_type=&#8221;color&#8221; padding_top_multiplier=&#8221;&#8221; padding_bottom_multiplier=&#8221;&#8221; columns_gap=&#8221;none&#8221; equal_column_height=&#8221;middle-content&#8221; el_class=&#8221;category-fullsize-row&#8221; bg_color=&#8221;#333333&#8243; el_wrapper_class=&#8221;category-fullsize-row-wrapper&#8221;][vc_column css=&#8221;.vc_custom_1661330057401{background-color: #333333 !important;}&#8221;][\/vc_column][\/vc_row][vc_row bg_type=&#8221;color&#8221; padding_top_multiplier=&#8221;4x&#8221; padding_bottom_multiplier=&#8221;2x&#8221; columns_gap=&#8221;60&#8243; el_wrapper_class=&#8221;category-fullsize-row-wrapper&#8221;][vc_column width=&#8221;2\/5&#8243; el_class=&#8221;active-title-border&#8221;][vc_single_image image=&#8221;19143&#8243; img_size=&#8221;large&#8221; alignment=&#8221;center&#8221; css=&#8221;.vc_custom_1740153647235{margin-bottom: 0px !important;}&#8221;][\/vc_column][vc_column width=&#8221;3\/5&#8243;][vc_column_text css=&#8221;&#8221;]Nous sommes conscients que notre activit\u00e9 a un impact sur l&#8217;environnement. C&#8217;est pourquoi nous essayons de faire des choix responsables visant [&hellip;]","protected":false},"author":21,"featured_media":0,"parent":0,"menu_order":65,"comment_status":"closed","ping_status":"closed","template":"","meta":{"_acf_changed":false,"_themeisle_gutenberg_block_has_review":false,"footnotes":""},"class_list":["post-19710","page","type-page","status-publish","hentry"],"acf":[],"yoast_head":"<!-- This site is optimized with the Yoast SEO plugin v26.4 - https:\/\/yoast.com\/wordpress\/plugins\/seo\/ -->\n<title>Durabilit\u00e9 - MELFORM<\/title>\n<meta name=\"description\" content=\"Tutti i nostri contenitori, alla fine della vita operativa, vengono riciclati per dare vita a nuovi prodotti. Contattaci per informazioni!\" \/>\n<meta name=\"robots\" content=\"index, follow, max-snippet:-1, max-image-preview:large, max-video-preview:-1\" \/>\n<link rel=\"canonical\" href=\"https:\/\/www.melform.com\/fr\/durabilite\/\" \/>\n<meta property=\"og:locale\" content=\"fr_FR\" \/>\n<meta property=\"og:type\" content=\"article\" \/>\n<meta property=\"og:title\" content=\"Durabilit\u00e9 - MELFORM\" \/>\n<meta property=\"og:description\" content=\"Tutti i nostri contenitori, alla fine della vita operativa, vengono riciclati per dare vita a nuovi prodotti. Contattaci per informazioni!\" \/>\n<meta property=\"og:url\" content=\"https:\/\/www.melform.com\/fr\/durabilite\/\" \/>\n<meta property=\"og:site_name\" content=\"MELFORM\" \/>\n<meta property=\"article:modified_time\" content=\"2025-03-05T18:30:11+00:00\" \/>\n<meta name=\"twitter:card\" content=\"summary_large_image\" \/>\n<script type=\"application\/ld+json\" class=\"yoast-schema-graph\">{\"@context\":\"https:\/\/schema.org\",\"@graph\":[{\"@type\":\"WebPage\",\"@id\":\"https:\/\/www.melform.com\/fr\/durabilite\/\",\"url\":\"https:\/\/www.melform.com\/fr\/durabilite\/\",\"name\":\"Durabilit\u00e9 - MELFORM\",\"isPartOf\":{\"@id\":\"https:\/\/www.melform.com\/fr\/#website\"},\"datePublished\":\"2025-02-21T15:31:02+00:00\",\"dateModified\":\"2025-03-05T18:30:11+00:00\",\"description\":\"Tutti i nostri contenitori, alla fine della vita operativa, vengono riciclati per dare vita a nuovi prodotti. Contattaci per informazioni!\",\"breadcrumb\":{\"@id\":\"https:\/\/www.melform.com\/fr\/durabilite\/#breadcrumb\"},\"inLanguage\":\"fr-FR\",\"potentialAction\":[{\"@type\":\"ReadAction\",\"target\":[\"https:\/\/www.melform.com\/fr\/durabilite\/\"]}]},{\"@type\":\"BreadcrumbList\",\"@id\":\"https:\/\/www.melform.com\/fr\/durabilite\/#breadcrumb\",\"itemListElement\":[{\"@type\":\"ListItem\",\"position\":1,\"name\":\"Home\",\"item\":\"https:\/\/www.melform.com\/fr\/\"},{\"@type\":\"ListItem\",\"position\":2,\"name\":\"Durabilit\u00e9\"}]},{\"@type\":\"WebSite\",\"@id\":\"https:\/\/www.melform.com\/fr\/#website\",\"url\":\"https:\/\/www.melform.com\/fr\/\",\"name\":\"MELFORM\",\"description\":\"SISTEMI PER IL TRASPORTO E STOCCAGGIO A TEMPERATURA CONTROLLATA\",\"potentialAction\":[{\"@type\":\"SearchAction\",\"target\":{\"@type\":\"EntryPoint\",\"urlTemplate\":\"https:\/\/www.melform.com\/fr\/?s={search_term_string}\"},\"query-input\":{\"@type\":\"PropertyValueSpecification\",\"valueRequired\":true,\"valueName\":\"search_term_string\"}}],\"inLanguage\":\"fr-FR\"}]}<\/script>\n<!-- \/ Yoast SEO plugin. -->","yoast_head_json":{"title":"Durabilit\u00e9 - MELFORM","description":"Tutti i nostri contenitori, alla fine della vita operativa, vengono riciclati per dare vita a nuovi prodotti. Contattaci per informazioni!","robots":{"index":"index","follow":"follow","max-snippet":"max-snippet:-1","max-image-preview":"max-image-preview:large","max-video-preview":"max-video-preview:-1"},"canonical":"https:\/\/www.melform.com\/fr\/durabilite\/","og_locale":"fr_FR","og_type":"article","og_title":"Durabilit\u00e9 - MELFORM","og_description":"Tutti i nostri contenitori, alla fine della vita operativa, vengono riciclati per dare vita a nuovi prodotti. Contattaci per informazioni!","og_url":"https:\/\/www.melform.com\/fr\/durabilite\/","og_site_name":"MELFORM","article_modified_time":"2025-03-05T18:30:11+00:00","twitter_card":"summary_large_image","schema":{"@context":"https:\/\/schema.org","@graph":[{"@type":"WebPage","@id":"https:\/\/www.melform.com\/fr\/durabilite\/","url":"https:\/\/www.melform.com\/fr\/durabilite\/","name":"Durabilit\u00e9 - MELFORM","isPartOf":{"@id":"https:\/\/www.melform.com\/fr\/#website"},"datePublished":"2025-02-21T15:31:02+00:00","dateModified":"2025-03-05T18:30:11+00:00","description":"Tutti i nostri contenitori, alla fine della vita operativa, vengono riciclati per dare vita a nuovi prodotti. Contattaci per informazioni!","breadcrumb":{"@id":"https:\/\/www.melform.com\/fr\/durabilite\/#breadcrumb"},"inLanguage":"fr-FR","potentialAction":[{"@type":"ReadAction","target":["https:\/\/www.melform.com\/fr\/durabilite\/"]}]},{"@type":"BreadcrumbList","@id":"https:\/\/www.melform.com\/fr\/durabilite\/#breadcrumb","itemListElement":[{"@type":"ListItem","position":1,"name":"Home","item":"https:\/\/www.melform.com\/fr\/"},{"@type":"ListItem","position":2,"name":"Durabilit\u00e9"}]},{"@type":"WebSite","@id":"https:\/\/www.melform.com\/fr\/#website","url":"https:\/\/www.melform.com\/fr\/","name":"MELFORM","description":"SISTEMI PER IL TRASPORTO E STOCCAGGIO A TEMPERATURA CONTROLLATA","potentialAction":[{"@type":"SearchAction","target":{"@type":"EntryPoint","urlTemplate":"https:\/\/www.melform.com\/fr\/?s={search_term_string}"},"query-input":{"@type":"PropertyValueSpecification","valueRequired":true,"valueName":"search_term_string"}}],"inLanguage":"fr-FR"}]}},"_links":{"self":[{"href":"https:\/\/www.melform.com\/fr\/wp-json\/wp\/v2\/pages\/19710","targetHints":{"allow":["GET"]}}],"collection":[{"href":"https:\/\/www.melform.com\/fr\/wp-json\/wp\/v2\/pages"}],"about":[{"href":"https:\/\/www.melform.com\/fr\/wp-json\/wp\/v2\/types\/page"}],"author":[{"embeddable":true,"href":"https:\/\/www.melform.com\/fr\/wp-json\/wp\/v2\/users\/21"}],"replies":[{"embeddable":true,"href":"https:\/\/www.melform.com\/fr\/wp-json\/wp\/v2\/comments?post=19710"}],"version-history":[{"count":5,"href":"https:\/\/www.melform.com\/fr\/wp-json\/wp\/v2\/pages\/19710\/revisions"}],"predecessor-version":[{"id":19722,"href":"https:\/\/www.melform.com\/fr\/wp-json\/wp\/v2\/pages\/19710\/revisions\/19722"}],"wp:attachment":[{"href":"https:\/\/www.melform.com\/fr\/wp-json\/wp\/v2\/media?parent=19710"}],"curies":[{"name":"wp","href":"https:\/\/api.w.org\/{rel}","templated":true}]}}