{"id":19724,"date":"2025-02-21T16:03:33","date_gmt":"2025-02-21T14:03:33","guid":{"rendered":"https:\/\/www.melform.com\/dove-siamo-demo\/"},"modified":"2025-03-07T11:19:11","modified_gmt":"2025-03-07T09:19:11","slug":"ou-nous-sommes","status":"publish","type":"page","link":"https:\/\/www.melform.com\/fr\/ou-nous-sommes\/","title":{"rendered":"O\u00f9 nous sommes"},"content":{"rendered":"<div class=\"wpb-content-wrapper\">[vc_row bg_type=&#8221;image&#8221; bg_image=&#8221;19048&#8243; bg_position=&#8221;center-top&#8221; padding_top_multiplier=&#8221;3x&#8221; padding_bottom_multiplier=&#8221;3x&#8221; el_class=&#8221;category-fullsize-row banner&#8221; el_wrapper_class=&#8221;category-fullsize-row-wrapper&#8221;][vc_column]<h1 class=\"grve-element grve-title grve-align-center grve-h1 title white-font\" style=\"\"><span>O\u00f9 nous sommes<\/span><\/h1>[\/vc_column][\/vc_row][vc_row section_type=&#8221;fullwidth&#8221; bg_type=&#8221;color&#8221; padding_top_multiplier=&#8221;&#8221; padding_bottom_multiplier=&#8221;&#8221; columns_gap=&#8221;none&#8221; equal_column_height=&#8221;middle-content&#8221; el_class=&#8221;category-fullsize-row&#8221; bg_color=&#8221;#333333&#8243; el_wrapper_class=&#8221;category-fullsize-row-wrapper&#8221;][vc_column css=&#8221;.vc_custom_1661330057401{background-color: #333333 !important;}&#8221;]<div class=\"product-layout-wc-breadcrumb product-category-breadcrumbs\"><nav class=\"woocommerce-breadcrumb\" aria-label=\"Breadcrumb\">Accueil<\/nav><\/div>[\/vc_column][\/vc_row][vc_row bg_type=&#8221;color&#8221; padding_top_multiplier=&#8221;2x&#8221; padding_bottom_multiplier=&#8221;2x&#8221; columns_gap=&#8221;60&#8243; el_class=&#8221;category-fullsize-row&#8221; bg_color=&#8221;#ffffff&#8221; el_wrapper_class=&#8221;category-fullsize-row-wrapper&#8221;][vc_column width=&#8221;1\/3&#8243; el_class=&#8221;active-title-border&#8221;][vc_single_image image=&#8221;19111&#8243; img_size=&#8221;full&#8221; css=&#8221;&#8221;]<h3 class=\"grve-element grve-title grve-align-left grve-h2 red-color\" style=\"margin-bottom: 1em;\"><span>Si\u00e8ge social<\/span><\/h3>[vc_column_text css=&#8221;.vc_custom_1740150184226{margin-bottom: 1em !important;}&#8221;]Via Savigliano, 34\r\n12030 Monasterolo di Savigliano CN\r\nITALY\r\nTel. +39 0172 812600[\/vc_column_text][vc_separator color=&#8221;custom&#8221; align=&#8221;align_left&#8221; border_width=&#8221;5&#8243; el_width=&#8221;20&#8243; css=&#8221;.vc_custom_1740148042795{margin-top: 1.5em !important;margin-right: 0px !important;margin-bottom: 5em !important;margin-left: 0px !important;border-top-width: 0px !important;border-right-width: 0px !important;border-bottom-width: 0px !important;border-left-width: 0px !important;padding-top: 0px !important;padding-right: 0px !important;padding-bottom: 0px !important;padding-left: 0px !important;}&#8221; accent_color=&#8221;#D21138&#8243;][\/vc_column][vc_column width=&#8221;2\/3&#8243; el_class=&#8221;active-title-border&#8221;]<h3 class=\"grve-element grve-title grve-align-left grve-h2 red-color\" style=\"margin-bottom: 1em;\"><span>MELFORM<\/span><\/h3>[vc_column_text css=&#8221;.vc_custom_1740148081511{margin-bottom: 1em !important;}&#8221;]MELFORM est bas\u00e9e \u00e0 Monasterolo di Savigliano, dans le Pi\u00e9mont, o\u00f9 se trouvent les bureaux administratifs et op\u00e9rationnels, l&#8217;entrep\u00f4t et les usines de production, r\u00e9partis sur une superficie totale de 30 000 m\u00b2.\r\nDepuis 2011, nous faisons partie du Groupe BONETTO et nous comptons aujourd&#8217;hui une \u00e9quipe de 50 professionnels, r\u00e9partis dans les principaux d\u00e9partements :[\/vc_column_text][vc_row_inner el_class=&#8221;column-list-3&#8243;][vc_column_inner width=&#8221;1\/3&#8243;][vc_column_text css=&#8221;&#8221;]\r\n<ul style=\"margin-left: 0; margin-bottom: 0;\">\r\n \t<li style=\"list-style: '- '; list-style-position: inside;\">Ventes et Marketing<\/li>\r\n \t<li style=\"list-style: '- '; list-style-position: inside;\">Service client<\/li>\r\n \t<li style=\"list-style: '- '; list-style-position: inside;\">Achats<\/li>\r\n \t<li style=\"list-style: '- '; list-style-position: inside;\">Administration et RH<\/li>\r\n<\/ul>\r\n[\/vc_column_text][\/vc_column_inner][vc_column_inner width=&#8221;1\/3&#8243;][vc_column_text css=&#8221;&#8221;]\r\n<ul style=\"margin-left: 0; margin-bottom: 0;\">\r\n \t<li style=\"list-style: '- '; list-style-position: inside;\">R&amp;D (Recherche et D\u00e9veloppement)<\/li>\r\n \t<li style=\"list-style: '- '; list-style-position: inside;\">Exp\u00e9dition<\/li>\r\n \t<li style=\"list-style: '- '; list-style-position: inside;\">Production<\/li>\r\n<\/ul>\r\n[\/vc_column_text][\/vc_column_inner][vc_column_inner width=&#8221;1\/3&#8243;][\/vc_column_inner][\/vc_row_inner][vc_separator color=&#8221;custom&#8221; align=&#8221;align_left&#8221; border_width=&#8221;5&#8243; el_width=&#8221;20&#8243; css=&#8221;.vc_custom_1740148042795{margin-top: 1.5em !important;margin-right: 0px !important;margin-bottom: 5em !important;margin-left: 0px !important;border-top-width: 0px !important;border-right-width: 0px !important;border-bottom-width: 0px !important;border-left-width: 0px !important;padding-top: 0px !important;padding-right: 0px !important;padding-bottom: 0px !important;padding-left: 0px !important;}&#8221; accent_color=&#8221;#D21138&#8243;]<h3 class=\"grve-element grve-title grve-align-left grve-h2 red-color\" style=\"margin-bottom: 1em;\"><span>Un cycle de production complet<\/span><\/h3>[vc_column_text css=&#8221;&#8221;]Sur notre site, nous g\u00e9rons toutes les \u00e9tapes du cycle de production, de la conception \u00e0 la commercialisation, garantissant un contr\u00f4le direct sur la qualit\u00e9 et l&#8217;innovation.\r\nLes processus strat\u00e9giques comprennent:\r\n<ul style=\"margin-left: 0;\">\r\n \t<li style=\"list-style: '- '; list-style-position: inside;\"><strong>Production et d\u00e9veloppement <\/strong>de solutions avanc\u00e9es pour le transport \u00e0 temp\u00e9rature contr\u00f4l\u00e9e<\/li>\r\n \t<li style=\"list-style: '- '; list-style-position: inside;\"><strong>Marketing et communication<\/strong>, avec une analyse continue du march\u00e9 pour anticiper les nouvelles tendances<\/li>\r\n \t<li style=\"list-style: '- '; list-style-position: inside;\"><strong>Recherche et innovation<\/strong>, pour offrir des produits \u00e0 la pointe de la technologie dans le secteur<\/li>\r\n<\/ul>\r\n[\/vc_column_text][vc_separator color=&#8221;custom&#8221; align=&#8221;align_left&#8221; border_width=&#8221;5&#8243; el_width=&#8221;20&#8243; css=&#8221;.vc_custom_1740148042795{margin-top: 1.5em !important;margin-right: 0px !important;margin-bottom: 5em !important;margin-left: 0px !important;border-top-width: 0px !important;border-right-width: 0px !important;border-bottom-width: 0px !important;border-left-width: 0px !important;padding-top: 0px !important;padding-right: 0px !important;padding-bottom: 0px !important;padding-left: 0px !important;}&#8221; accent_color=&#8221;#D21138&#8243;]<h3 class=\"grve-element grve-title grve-align-left grve-h2 red-color\" style=\"margin-bottom: 1em;\"><span>Pr\u00e9sence internationale<\/span><\/h3>[vc_column_text css=&#8221;&#8221;]MELFORM s&#8217;appuie sur un r\u00e9seau d&#8217;agents, de revendeurs et de distributeurs, assurant la pr\u00e9sence de la marque sur les march\u00e9s CEE et hors CEE.[\/vc_column_text][vc_separator color=&#8221;custom&#8221; align=&#8221;align_left&#8221; border_width=&#8221;5&#8243; el_width=&#8221;20&#8243; css=&#8221;.vc_custom_1740148042795{margin-top: 1.5em !important;margin-right: 0px !important;margin-bottom: 5em !important;margin-left: 0px !important;border-top-width: 0px !important;border-right-width: 0px !important;border-bottom-width: 0px !important;border-left-width: 0px !important;padding-top: 0px !important;padding-right: 0px !important;padding-bottom: 0px !important;padding-left: 0px !important;}&#8221; accent_color=&#8221;#D21138&#8243;]<h3 class=\"grve-element grve-title grve-align-left grve-h2 red-color\" style=\"margin-bottom: 1em;\"><span>Croissance continue<\/span><\/h3>[vc_column_text css=&#8221;&#8221;]Depuis son acquisition par le Groupe Bonetto, l&#8217;entreprise est en constante \u00e9volution, tir\u00e9e par les excellents r\u00e9sultats de nos divisions et la demande croissante du march\u00e9.[\/vc_column_text][vc_separator color=&#8221;custom&#8221; align=&#8221;align_left&#8221; border_width=&#8221;5&#8243; el_width=&#8221;20&#8243; css=&#8221;.vc_custom_1740148042795{margin-top: 1.5em !important;margin-right: 0px !important;margin-bottom: 5em !important;margin-left: 0px !important;border-top-width: 0px !important;border-right-width: 0px !important;border-bottom-width: 0px !important;border-left-width: 0px !important;padding-top: 0px !important;padding-right: 0px !important;padding-bottom: 0px !important;padding-left: 0px !important;}&#8221; accent_color=&#8221;#D21138&#8243;][\/vc_column][\/vc_row][vc_row padding_top_multiplier=&#8221;2x&#8221; padding_bottom_multiplier=&#8221;&#8221; columns_gap=&#8221;none&#8221; el_class=&#8221;category-fullsize-row&#8221; el_wrapper_class=&#8221;category-fullsize-row-wrapper&#8221;][vc_column el_class=&#8221;active-title-border&#8221;]<h3 class=\"grve-element grve-title grve-align-left grve-h1 red-color border-left longer grve-element grve-title grve-align-left grve-h2 red-color\" style=\"margin-bottom: 3em;\"><span><span style=\"padding-bottom: 0.5em; border-bottom: 4px solid;\">R\u00e9seau MELFORM<\/span><\/span><\/h3>[\/vc_column][\/vc_row][vc_row padding_top_multiplier=&#8221;&#8221; padding_bottom_multiplier=&#8221;2x&#8221; columns_gap=&#8221;none&#8221; el_class=&#8221;category-fullsize-row&#8221; el_wrapper_class=&#8221;category-fullsize-row-wrapper&#8221;][vc_column el_class=&#8221;active-title-border&#8221;][vc_single_image image=&#8221;19098&#8243; img_size=&#8221;full&#8221; alignment=&#8221;center&#8221; css=&#8221;&#8221;][vc_column_text css=&#8221;&#8221; el_class=&#8221;contacts-title&#8221;]\r\n<h3>Nos contacts<\/h3>\r\n[\/vc_column_text][vc_column_text css=&#8221;&#8221; el_class=&#8221;map-signal north-america-signal&#8221;]<a href=\"mailto:northamerica@melform.com\">northamerica@melform.com<\/a>[\/vc_column_text][vc_column_text css=&#8221;&#8221; el_class=&#8221;map-signal central-america-signal&#8221;]<a href=\"mailto:centralamerica@melform.com\">centralamerica@melform.com<\/a>[\/vc_column_text][vc_column_text css=&#8221;&#8221; el_class=&#8221;map-signal south-america-signal&#8221;]<a href=\"mailto:southamerica@melform.com\">southamerica@melform.com<\/a>[\/vc_column_text][vc_column_text css=&#8221;&#8221; el_class=&#8221;map-signal europe-signal&#8221;]<a href=\"mailto:europe@melform.com\">europe@melform.com<\/a>[\/vc_column_text][vc_column_text css=&#8221;&#8221; el_class=&#8221;map-signal australia-signal&#8221;]<a href=\"mailto:australia@melform.com\">australia@melform.com<\/a>[\/vc_column_text][vc_column_text css=&#8221;&#8221; el_class=&#8221;map-signal asia-signal&#8221;]<a href=\"mailto:asia@melform.com\">asia@melform.com<\/a>[\/vc_column_text][vc_column_text css=&#8221;&#8221; el_class=&#8221;map-signal middleeast-signal&#8221;]<a href=\"mailto:middleeast@melform.com\">middleeast@melform.com<\/a>[\/vc_column_text][vc_column_text css=&#8221;&#8221; el_class=&#8221;map-signal africa-signal&#8221;]<a href=\"mailto:africa@melform.com\">africa@melform.com<\/a>[\/vc_column_text][\/vc_column][\/vc_row][vc_row bg_type=&#8221;color&#8221; padding_top_multiplier=&#8221;2x&#8221; padding_bottom_multiplier=&#8221;2x&#8221; columns_gap=&#8221;none&#8221; equal_column_height=&#8221;middle-content&#8221; el_class=&#8221;category-fullsize-row&#8221; bg_color=&#8221;#e5e5e5&#8243; el_wrapper_class=&#8221;category-fullsize-row-wrapper&#8221;][vc_column el_class=&#8221;active-title-border&#8221;][vc_column_text]\r\n<h3 style=\"text-align: center;\">Pour savoir o\u00f9 acheter nos produits et pour toute autre question ou demande, contactez-nous! Remplir le formulaire<\/h3>\r\n<p style=\"text-align: center;\">\n<div class=\"wpcf7 no-js\" id=\"wpcf7-f1897-o1\" lang=\"fr-FR\" dir=\"ltr\" data-wpcf7-id=\"1897\">\n<div class=\"screen-reader-response\"><p role=\"status\" aria-live=\"polite\" aria-atomic=\"true\"><\/p> <ul><\/ul><\/div>\n<form action=\"\/fr\/wp-json\/wp\/v2\/pages\/19724#wpcf7-f1897-o1\" method=\"post\" class=\"wpcf7-form init\" aria-label=\"Formulaire de contact\" novalidate=\"novalidate\" data-status=\"init\">\n<fieldset class=\"hidden-fields-container\"><input type=\"hidden\" name=\"_wpcf7\" value=\"1897\" \/><input type=\"hidden\" name=\"_wpcf7_version\" value=\"6.1.4\" \/><input type=\"hidden\" name=\"_wpcf7_locale\" value=\"fr_FR\" \/><input type=\"hidden\" name=\"_wpcf7_unit_tag\" value=\"wpcf7-f1897-o1\" \/><input type=\"hidden\" name=\"_wpcf7_container_post\" value=\"0\" \/><input type=\"hidden\" name=\"_wpcf7_posted_data_hash\" value=\"\" \/><input type=\"hidden\" name=\"_wpcf7_recaptcha_response\" value=\"\" \/>\n<\/fieldset>\n<div class=\"form-wrap\">\n<div><span class=\"wpcf7-form-control-wrap\" data-name=\"Nome\"><input size=\"40\" maxlength=\"400\" class=\"wpcf7-form-control wpcf7-text wpcf7-validates-as-required\" aria-required=\"true\" aria-invalid=\"false\" placeholder=\"Nom et pr\u00e9nom\" value=\"\" type=\"text\" name=\"Nome\" \/><\/span><\/div>\n<div><span class=\"wpcf7-form-control-wrap\" data-name=\"Azienda\"><input size=\"40\" maxlength=\"400\" class=\"wpcf7-form-control wpcf7-text wpcf7-validates-as-required\" aria-required=\"true\" aria-invalid=\"false\" placeholder=\"Entreprise \/ Nom de l&#039;entreprise\" value=\"\" type=\"text\" name=\"Azienda\" \/><\/span><\/div>\n<div><span class=\"wpcf7-form-control-wrap\" data-name=\"Email\"><input size=\"40\" maxlength=\"400\" class=\"wpcf7-form-control wpcf7-email wpcf7-validates-as-required wpcf7-text wpcf7-validates-as-email\" aria-required=\"true\" aria-invalid=\"false\" placeholder=\"Email\" value=\"\" type=\"email\" name=\"Email\" \/><\/span><\/div>\n<div><span class=\"wpcf7-form-control-wrap\" data-name=\"Tel\"><input size=\"40\" maxlength=\"400\" class=\"wpcf7-form-control wpcf7-tel wpcf7-validates-as-required wpcf7-text wpcf7-validates-as-tel\" aria-required=\"true\" aria-invalid=\"false\" placeholder=\"Num\u00e9ro de contact\" value=\"\" type=\"tel\" name=\"Tel\" \/><\/span><\/div>\n<div class=\"cf-textarea\"><span class=\"wpcf7-form-control-wrap\" data-name=\"Messaggio\"><textarea cols=\"40\" rows=\"10\" maxlength=\"2000\" class=\"wpcf7-form-control wpcf7-textarea\" id=\"Inserisciquiiltuomessaggio\" aria-invalid=\"false\" placeholder=\"Message\" name=\"Messaggio\"><\/textarea><\/span><\/div>\n<div class=\"cf-acpt\"><span class=\"wpcf7-form-control-wrap\" data-name=\"acceptance-614\"><span class=\"wpcf7-form-control wpcf7-acceptance\"><span class=\"wpcf7-list-item\"><label><input type=\"checkbox\" name=\"acceptance-614\" value=\"1\" aria-invalid=\"false\" \/><span class=\"wpcf7-list-item-label\">J'ai lu et j'accepte les conditions de <a href=\"\/privacy\">confidentialit\u00e9<\/a><\/span><\/label><\/span><\/span><\/span><\/div>\n<div class=\"cf-send\"><input class=\"wpcf7-form-control wpcf7-submit has-spinner\" type=\"submit\" value=\"Envoyer le message\" \/><\/div>\n<\/div><div class=\"wpcf7-response-output\" aria-hidden=\"true\"><\/div>\n<\/form>\n<\/div>\r\n[\/vc_column_text][\/vc_column][\/vc_row]<\/div>","protected":false},"excerpt":{"rendered":"[vc_row bg_type=&#8221;image&#8221; bg_image=&#8221;19048&#8243; bg_position=&#8221;center-top&#8221; padding_top_multiplier=&#8221;3x&#8221; padding_bottom_multiplier=&#8221;3x&#8221; el_class=&#8221;category-fullsize-row banner&#8221; el_wrapper_class=&#8221;category-fullsize-row-wrapper&#8221;][vc_column][\/vc_column][\/vc_row][vc_row section_type=&#8221;fullwidth&#8221; bg_type=&#8221;color&#8221; padding_top_multiplier=&#8221;&#8221; padding_bottom_multiplier=&#8221;&#8221; columns_gap=&#8221;none&#8221; equal_column_height=&#8221;middle-content&#8221; el_class=&#8221;category-fullsize-row&#8221; bg_color=&#8221;#333333&#8243; el_wrapper_class=&#8221;category-fullsize-row-wrapper&#8221;][vc_column css=&#8221;.vc_custom_1661330057401{background-color: #333333 !important;}&#8221;][\/vc_column][\/vc_row][vc_row bg_type=&#8221;color&#8221; padding_top_multiplier=&#8221;2x&#8221; padding_bottom_multiplier=&#8221;2x&#8221; columns_gap=&#8221;60&#8243; el_class=&#8221;category-fullsize-row&#8221; bg_color=&#8221;#ffffff&#8221; el_wrapper_class=&#8221;category-fullsize-row-wrapper&#8221;][vc_column width=&#8221;1\/3&#8243; el_class=&#8221;active-title-border&#8221;][vc_single_image image=&#8221;19111&#8243; img_size=&#8221;full&#8221; css=&#8221;&#8221;][vc_column_text css=&#8221;.vc_custom_1740150184226{margin-bottom: 1em !important;}&#8221;]Via Savigliano, 34 12030 Monasterolo di Savigliano CN ITALY Tel. +39 0172 812600[\/vc_column_text][vc_separator color=&#8221;custom&#8221; align=&#8221;align_left&#8221; border_width=&#8221;5&#8243; el_width=&#8221;20&#8243; css=&#8221;.vc_custom_1740148042795{margin-top: 1.5em !important;margin-right: [&hellip;]","protected":false},"author":21,"featured_media":0,"parent":0,"menu_order":24,"comment_status":"closed","ping_status":"closed","template":"","meta":{"_acf_changed":false,"_themeisle_gutenberg_block_has_review":false,"footnotes":""},"class_list":["post-19724","page","type-page","status-publish","hentry"],"acf":[],"yoast_head":"<!-- This site is optimized with the Yoast SEO plugin v26.4 - https:\/\/yoast.com\/wordpress\/plugins\/seo\/ -->\n<title>O\u00f9 nous sommes - MELFORM<\/title>\n<meta name=\"description\" content=\"MELFORM ha sede a Monasterolo di Savigliano, in Piemonte, dove sono ubicati gli uffici, il magazzino e gli stabilimenti produttivi\" \/>\n<meta name=\"robots\" content=\"index, follow, max-snippet:-1, max-image-preview:large, max-video-preview:-1\" \/>\n<link rel=\"canonical\" href=\"https:\/\/www.melform.com\/fr\/ou-nous-sommes\/\" \/>\n<meta property=\"og:locale\" content=\"fr_FR\" \/>\n<meta property=\"og:type\" content=\"article\" \/>\n<meta property=\"og:title\" content=\"O\u00f9 nous sommes - MELFORM\" \/>\n<meta property=\"og:description\" content=\"MELFORM ha sede a Monasterolo di Savigliano, in Piemonte, dove sono ubicati gli uffici, il magazzino e gli stabilimenti produttivi\" \/>\n<meta property=\"og:url\" content=\"https:\/\/www.melform.com\/fr\/ou-nous-sommes\/\" \/>\n<meta property=\"og:site_name\" content=\"MELFORM\" \/>\n<meta property=\"article:modified_time\" content=\"2025-03-07T09:19:11+00:00\" \/>\n<meta name=\"twitter:card\" content=\"summary_large_image\" \/>\n<script type=\"application\/ld+json\" class=\"yoast-schema-graph\">{\"@context\":\"https:\/\/schema.org\",\"@graph\":[{\"@type\":\"WebPage\",\"@id\":\"https:\/\/www.melform.com\/fr\/ou-nous-sommes\/\",\"url\":\"https:\/\/www.melform.com\/fr\/ou-nous-sommes\/\",\"name\":\"O\u00f9 nous sommes - MELFORM\",\"isPartOf\":{\"@id\":\"https:\/\/www.melform.com\/fr\/#website\"},\"datePublished\":\"2025-02-21T14:03:33+00:00\",\"dateModified\":\"2025-03-07T09:19:11+00:00\",\"description\":\"MELFORM ha sede a Monasterolo di Savigliano, in Piemonte, dove sono ubicati gli uffici, il magazzino e gli stabilimenti produttivi\",\"breadcrumb\":{\"@id\":\"https:\/\/www.melform.com\/fr\/ou-nous-sommes\/#breadcrumb\"},\"inLanguage\":\"fr-FR\",\"potentialAction\":[{\"@type\":\"ReadAction\",\"target\":[\"https:\/\/www.melform.com\/fr\/ou-nous-sommes\/\"]}]},{\"@type\":\"BreadcrumbList\",\"@id\":\"https:\/\/www.melform.com\/fr\/ou-nous-sommes\/#breadcrumb\",\"itemListElement\":[{\"@type\":\"ListItem\",\"position\":1,\"name\":\"Home\",\"item\":\"https:\/\/www.melform.com\/fr\/\"},{\"@type\":\"ListItem\",\"position\":2,\"name\":\"O\u00f9 nous sommes\"}]},{\"@type\":\"WebSite\",\"@id\":\"https:\/\/www.melform.com\/fr\/#website\",\"url\":\"https:\/\/www.melform.com\/fr\/\",\"name\":\"MELFORM\",\"description\":\"SISTEMI PER IL TRASPORTO E STOCCAGGIO A TEMPERATURA CONTROLLATA\",\"potentialAction\":[{\"@type\":\"SearchAction\",\"target\":{\"@type\":\"EntryPoint\",\"urlTemplate\":\"https:\/\/www.melform.com\/fr\/?s={search_term_string}\"},\"query-input\":{\"@type\":\"PropertyValueSpecification\",\"valueRequired\":true,\"valueName\":\"search_term_string\"}}],\"inLanguage\":\"fr-FR\"}]}<\/script>\n<!-- \/ Yoast SEO plugin. -->","yoast_head_json":{"title":"O\u00f9 nous sommes - MELFORM","description":"MELFORM ha sede a Monasterolo di Savigliano, in Piemonte, dove sono ubicati gli uffici, il magazzino e gli stabilimenti produttivi","robots":{"index":"index","follow":"follow","max-snippet":"max-snippet:-1","max-image-preview":"max-image-preview:large","max-video-preview":"max-video-preview:-1"},"canonical":"https:\/\/www.melform.com\/fr\/ou-nous-sommes\/","og_locale":"fr_FR","og_type":"article","og_title":"O\u00f9 nous sommes - MELFORM","og_description":"MELFORM ha sede a Monasterolo di Savigliano, in Piemonte, dove sono ubicati gli uffici, il magazzino e gli stabilimenti produttivi","og_url":"https:\/\/www.melform.com\/fr\/ou-nous-sommes\/","og_site_name":"MELFORM","article_modified_time":"2025-03-07T09:19:11+00:00","twitter_card":"summary_large_image","schema":{"@context":"https:\/\/schema.org","@graph":[{"@type":"WebPage","@id":"https:\/\/www.melform.com\/fr\/ou-nous-sommes\/","url":"https:\/\/www.melform.com\/fr\/ou-nous-sommes\/","name":"O\u00f9 nous sommes - MELFORM","isPartOf":{"@id":"https:\/\/www.melform.com\/fr\/#website"},"datePublished":"2025-02-21T14:03:33+00:00","dateModified":"2025-03-07T09:19:11+00:00","description":"MELFORM ha sede a Monasterolo di Savigliano, in Piemonte, dove sono ubicati gli uffici, il magazzino e gli stabilimenti produttivi","breadcrumb":{"@id":"https:\/\/www.melform.com\/fr\/ou-nous-sommes\/#breadcrumb"},"inLanguage":"fr-FR","potentialAction":[{"@type":"ReadAction","target":["https:\/\/www.melform.com\/fr\/ou-nous-sommes\/"]}]},{"@type":"BreadcrumbList","@id":"https:\/\/www.melform.com\/fr\/ou-nous-sommes\/#breadcrumb","itemListElement":[{"@type":"ListItem","position":1,"name":"Home","item":"https:\/\/www.melform.com\/fr\/"},{"@type":"ListItem","position":2,"name":"O\u00f9 nous sommes"}]},{"@type":"WebSite","@id":"https:\/\/www.melform.com\/fr\/#website","url":"https:\/\/www.melform.com\/fr\/","name":"MELFORM","description":"SISTEMI PER IL TRASPORTO E STOCCAGGIO A TEMPERATURA CONTROLLATA","potentialAction":[{"@type":"SearchAction","target":{"@type":"EntryPoint","urlTemplate":"https:\/\/www.melform.com\/fr\/?s={search_term_string}"},"query-input":{"@type":"PropertyValueSpecification","valueRequired":true,"valueName":"search_term_string"}}],"inLanguage":"fr-FR"}]}},"_links":{"self":[{"href":"https:\/\/www.melform.com\/fr\/wp-json\/wp\/v2\/pages\/19724","targetHints":{"allow":["GET"]}}],"collection":[{"href":"https:\/\/www.melform.com\/fr\/wp-json\/wp\/v2\/pages"}],"about":[{"href":"https:\/\/www.melform.com\/fr\/wp-json\/wp\/v2\/types\/page"}],"author":[{"embeddable":true,"href":"https:\/\/www.melform.com\/fr\/wp-json\/wp\/v2\/users\/21"}],"replies":[{"embeddable":true,"href":"https:\/\/www.melform.com\/fr\/wp-json\/wp\/v2\/comments?post=19724"}],"version-history":[{"count":5,"href":"https:\/\/www.melform.com\/fr\/wp-json\/wp\/v2\/pages\/19724\/revisions"}],"predecessor-version":[{"id":19844,"href":"https:\/\/www.melform.com\/fr\/wp-json\/wp\/v2\/pages\/19724\/revisions\/19844"}],"wp:attachment":[{"href":"https:\/\/www.melform.com\/fr\/wp-json\/wp\/v2\/media?parent=19724"}],"curies":[{"name":"wp","href":"https:\/\/api.w.org\/{rel}","templated":true}]}}