{"id":20561,"date":"2025-03-14T12:37:54","date_gmt":"2025-03-14T10:37:54","guid":{"rendered":"https:\/\/www.melform.com\/esperti-del-freddo\/"},"modified":"2025-03-19T10:44:25","modified_gmt":"2025-03-19T08:44:25","slug":"experts-du-froid","status":"publish","type":"page","link":"https:\/\/www.melform.com\/fr\/experts-du-froid\/","title":{"rendered":"Experts du froid"},"content":{"rendered":"<div class=\"wpb-content-wrapper\"><p>[vc_row bg_type=&#8221;image&#8221; bg_image=&#8221;20344&#8243; color_overlay=&#8221;custom&#8221; padding_top_multiplier=&#8221;3x&#8221; padding_bottom_multiplier=&#8221;3x&#8221; el_class=&#8221;category-fullsize-row banner&#8221; el_wrapper_class=&#8221;category-fullsize-row-wrapper&#8221;][vc_column]<h1 class=\"grve-element grve-title grve-align-center grve-h1 title\" style=\"\"><span><span style=\"color: #ffffff;\">Experts du froid<\/span><\/span><\/h1>[\/vc_column][\/vc_row][vc_row section_type=&#8221;fullwidth&#8221; bg_type=&#8221;color&#8221; padding_top_multiplier=&#8221;&#8221; padding_bottom_multiplier=&#8221;&#8221; columns_gap=&#8221;none&#8221; equal_column_height=&#8221;middle-content&#8221; el_class=&#8221;category-fullsize-row&#8221; bg_color=&#8221;#333333&#8243; el_wrapper_class=&#8221;category-fullsize-row-wrapper&#8221;][vc_column css=&#8221;.vc_custom_1661330057401{background-color: #333333 !important;}&#8221;]<div class=\"product-layout-wc-breadcrumb product-category-breadcrumbs\"><nav class=\"woocommerce-breadcrumb\" aria-label=\"Breadcrumb\">Accueil<\/nav><\/div>[\/vc_column][\/vc_row][vc_row bg_type=&#8221;color&#8221; padding_top_multiplier=&#8221;&#8221; padding_bottom_multiplier=&#8221;&#8221; columns_gap=&#8221;none&#8221; bg_color=&#8221;#ffffff&#8221;][vc_column css=&#8221;.vc_custom_1741984013341{margin-top: 6em !important;padding-right: 16% !important;padding-left: 16% !important;}&#8221;]<h3 class=\"grve-element grve-title grve-align-center grve-h2 red-color\" style=\"margin-bottom: 1em;\"><span><br>\r\n<p style=\"text-align: center;\">Solutions Compl\u00e8tes pour la R\u00e9frig\u00e9ration et la Cha\u00eene du Froid<br>\r\n<\/span><\/h3>[vc_separator color=&#8221;custom&#8221; border_width=&#8221;5&#8243; el_width=&#8221;20&#8243; css=&#8221;.vc_custom_1741950941237{margin-top: 1.5em !important;margin-bottom: 5em !important;border-top-width: 0px !important;border-right-width: 0px !important;border-bottom-width: 0px !important;border-left-width: 0px !important;padding-top: 0px !important;padding-right: 0px !important;padding-bottom: 0px !important;padding-left: 0px !important;}&#8221; accent_color=&#8221;#D21138&#8243;][vc_column_text css=&#8221;.vc_custom_1742278673708{margin-top: 30px !important;}&#8221;]<\/p>\r\n<p style=\"text-align: center;\">Fiabilit\u00e9, innovation et performances optimales : nous sommes votre partenaire unique pour tous vos besoins en r\u00e9frig\u00e9ration et cha\u00eene du froid. Du stockage au transport, nous offrons des solutions sur mesure avec des technologies de pointe pour garantir une efficacit\u00e9 et une s\u00e9curit\u00e9 maximales.<\/p>\r\n<p>[\/vc_column_text][\/vc_column][\/vc_row][vc_row bg_type=&#8221;image&#8221; bg_image=&#8221;20213&#8243; bg_image_size=&#8221;responsive&#8221; padding_top_multiplier=&#8221;4x&#8221; padding_bottom_multiplier=&#8221;4x&#8221; columns_gap=&#8221;none&#8221; el_wrapper_class=&#8221;flow-wrapper&#8221; el_class=&#8221;flow-container&#8221;][vc_column width=&#8221;1\/5&#8243; css=&#8221;.vc_custom_1741961768869{margin-top: 0px !important;margin-right: 0px !important;margin-bottom: 0px !important;margin-left: 0px !important;padding-top: 10% !important;padding-right: 10% !important;padding-bottom: 10% !important;padding-left: 10% !important;}&#8221; el_class=&#8221;with-flow&#8221;][vc_single_image image=&#8221;20676&#8243; img_size=&#8221;medium&#8221; alignment=&#8221;center&#8221; css=&#8221;.vc_custom_1742373848808{margin-top: 0px !important;margin-right: 0px !important;margin-bottom: 0px !important;margin-left: 0px !important;padding-top: 10% !important;padding-right: 10% !important;padding-bottom: 20% !important;padding-left: 10% !important;}&#8221;][\/vc_column][vc_column width=&#8221;1\/5&#8243; css=&#8221;.vc_custom_1741961784034{padding-top: 10% !important;padding-right: 10% !important;padding-bottom: 10% !important;padding-left: 10% !important;}&#8221; el_class=&#8221;with-flow&#8221;][vc_single_image image=&#8221;20618&#8243; img_size=&#8221;medium&#8221; alignment=&#8221;center&#8221; css=&#8221;.vc_custom_1742373140875{margin-top: 0px !important;margin-right: 0px !important;margin-bottom: 0px !important;margin-left: 0px !important;padding-top: 10% !important;padding-right: 10% !important;padding-bottom: 10% !important;padding-left: 10% !important;}&#8221;][\/vc_column][vc_column width=&#8221;1\/5&#8243; el_class=&#8221;with-flow&#8221;][vc_single_image image=&#8221;20615&#8243; img_size=&#8221;medium&#8221; alignment=&#8221;center&#8221; css=&#8221;.vc_custom_1742373153147{margin-top: 0px !important;margin-right: 0px !important;margin-bottom: 0px !important;margin-left: 0px !important;padding-top: 10% !important;padding-right: 10% !important;padding-bottom: 10% !important;padding-left: 10% !important;}&#8221;][\/vc_column][vc_column width=&#8221;1\/5&#8243; el_class=&#8221;with-flow&#8221;][vc_single_image image=&#8221;20658&#8243; img_size=&#8221;medium&#8221; alignment=&#8221;center&#8221; css=&#8221;.vc_custom_1742373190976{margin-top: 0px !important;margin-right: 0px !important;margin-bottom: 0px !important;margin-left: 0px !important;padding-top: 10% !important;padding-right: 10% !important;padding-bottom: 10% !important;padding-left: 10% !important;}&#8221;][\/vc_column][vc_column width=&#8221;1\/5&#8243; css=&#8221;.vc_custom_1741962163664{padding: 10% !important;}&#8221;][vc_single_image image=&#8221;20682&#8243; img_size=&#8221;medium&#8221; alignment=&#8221;center&#8221; css=&#8221;.vc_custom_1742373864254{margin-top: 0px !important;margin-right: 0px !important;margin-bottom: 0px !important;margin-left: 0px !important;padding-top: 10% !important;padding-right: 10% !important;padding-bottom: 20% !important;padding-left: 10% !important;}&#8221;][\/vc_column][\/vc_row][vc_row bg_type=&#8221;color&#8221; padding_top_multiplier=&#8221;4x&#8221; padding_bottom_multiplier=&#8221;&#8221; columns_gap=&#8221;60&#8243;][vc_column text_align=&#8221;center&#8221; css=&#8221;.vc_custom_1741984224786{padding-right: 25% !important;padding-left: 25% !important;}&#8221;]<h3 class=\"grve-element grve-title grve-align-center grve-h2 red-color\" style=\"margin-bottom: 1em;\"><span><br>\r\n<p style=\"text-align: center;\">Froid passif<br>\r\n<\/span><\/h3>[vc_column_text css=&#8221;&#8221;]<\/p>\r\n<p style=\"text-align: center;\">Nous utilisons des plaques eutectiques et des syst\u00e8mes CO\u2082 pour garantir le maintien de la temp\u00e9rature sans alimentation continue. Id\u00e9al pour le transport et le stockage, il offre autonomie et durabilit\u00e9.<\/p>\r\n<p>[\/vc_column_text][vc_separator color=&#8221;custom&#8221; border_width=&#8221;5&#8243; el_width=&#8221;10&#8243; css=&#8221;.vc_custom_1741986756337{margin-top: 1.5em !important;margin-bottom: 2em !important;border-top-width: 0px !important;border-right-width: 0px !important;border-bottom-width: 0px !important;border-left-width: 0px !important;padding-top: 0px !important;padding-right: 0px !important;padding-bottom: 0px !important;padding-left: 0px !important;}&#8221; accent_color=&#8221;#D21138&#8243;][\/vc_column][\/vc_row][vc_row padding_bottom_multiplier=&#8221;&#8221; columns_gap=&#8221;none&#8221; el_class=&#8221;features-row&#8221;][vc_column][vc_row_inner el_class=&#8221;feature-grid-item&#8221;][vc_column_inner][vc_single_image image=&#8221;20255&#8243; img_size=&#8221;large&#8221; alignment=&#8221;center&#8221; css=&#8221;.vc_custom_1741988348240{margin-bottom: 0px !important;}&#8221; el_class=&#8221;with-shadow feature-grid-item&#8221;][\/vc_column_inner][\/vc_row_inner][vc_row_inner el_class=&#8221;feature-grid-item&#8221;][vc_column_inner][vc_single_image image=&#8221;20312&#8243; img_size=&#8221;large&#8221; css=&#8221;.vc_custom_1741988359448{margin-bottom: 0px !important;}&#8221; el_class=&#8221;with-shadow feature-grid-item&#8221;][\/vc_column_inner][\/vc_row_inner][vc_column_text css=&#8221;.vc_custom_1742278749577{margin-top: 0px !important;margin-right: 0px !important;margin-bottom: 0px !important;margin-left: 0px !important;padding-top: 50px !important;padding-right: 50px !important;padding-bottom: 50px !important;padding-left: 50px !important;}&#8221; el_class=&#8221;white-font features-content&#8221;]<\/p>\r\n<h3 style=\"font-size: 150%; color: #fff; margin-bottom: 12px;\">Plaques eutectiques<\/h3>\r\n<p>Leur fonctionnement repose sur le changement de phase liquide\/solide d\u2019une solution aqueuse. Le produit, pr\u00e9alablement congel\u00e9, fond \u00e0 une temp\u00e9rature constante (point de fusion), lib\u00e9rant le froid emmagasin\u00e9 pendant la phase de cong\u00e9lation.[\/vc_column_text][\/vc_column][\/vc_row][vc_row padding_top_multiplier=&#8221;&#8221; columns_gap=&#8221;none&#8221; el_class=&#8221;alt-features-row&#8221;][vc_column][vc_row_inner el_class=&#8221;feature-grid-group&#8221;][vc_column_inner width=&#8221;1\/2&#8243; el_class=&#8221;feature-grid-item&#8221;][vc_single_image image=&#8221;20457&#8243; img_size=&#8221;large&#8221; add_caption=&#8221;yes&#8221; alignment=&#8221;center&#8221; css=&#8221;.vc_custom_1742243266228{margin-bottom: 0px !important;}&#8221; el_class=&#8221;with-shadow&#8221;][vc_column_text css=&#8221;&#8221; el_class=&#8221;feature-overlay&#8221;]CRYO POWER BOX[\/vc_column_text][\/vc_column_inner][vc_column_inner width=&#8221;1\/2&#8243; el_class=&#8221;feature-grid-item&#8221;][vc_single_image image=&#8221;20460&#8243; img_size=&#8221;large&#8221; add_caption=&#8221;yes&#8221; alignment=&#8221;center&#8221; css=&#8221;.vc_custom_1742246692501{margin-bottom: 0px !important;}&#8221; el_class=&#8221;with-shadow top-shadow&#8221;][vc_column_text css=&#8221;&#8221; el_class=&#8221;feature-overlay&#8221;]CRYO POWER TRAY[\/vc_column_text][\/vc_column_inner][\/vc_row_inner][vc_column_text css=&#8221;.vc_custom_1742278806678{margin-top: 0px !important;margin-right: 0px !important;margin-bottom: 0px !important;margin-left: 0px !important;padding-top: 50px !important;padding-right: 50px !important;padding-bottom: 50px !important;padding-left: 50px !important;}&#8221; el_class=&#8221;white-font features-content&#8221;]<\/p>\r\n<h3 style=\"font-size: 150%; color: #fff; margin-bottom: 12px;\">Syst\u00e8mes au CO\u2082<\/h3>\r\n<p>Le CRYO POWER SYSTEM est une solution cryog\u00e9nique avanc\u00e9e con\u00e7ue pour garantir une efficacit\u00e9 maximale dans le transport frigorifique. Disponible en versions CRYO POWER BOX et CRYO POWER TRAY, il utilise du CO\u2082 sous forme de neige carbonique ou de glace s\u00e8che pour maintenir des temp\u00e9ratures ultra-basses pendant de longues p\u00e9riodes, offrant une fiabilit\u00e9 \u00e9lev\u00e9e et s\u2019adaptant \u00e0 diverses exigences logistiques.[\/vc_column_text][\/vc_column][\/vc_row][vc_row bg_type=&#8221;color&#8221; padding_bottom_multiplier=&#8221;&#8221; columns_gap=&#8221;60&#8243;][vc_column text_align=&#8221;center&#8221; css=&#8221;.vc_custom_1741984212074{padding-right: 25% !important;padding-left: 25% !important;}&#8221;]<h3 class=\"grve-element grve-title grve-align-center grve-h2 red-color\" style=\"margin-bottom: 1em;\"><span><br>\r\n<p style=\"text-align: center;\">Froid actif<br>\r\n<\/span><\/h3>[vc_column_text css=&#8221;&#8221;]<\/p>\r\n<p style=\"text-align: center;\">Syst\u00e8mes de r\u00e9frig\u00e9ration \u00e0 froid continu et r\u00e9glable, aliment\u00e9s par secteur 230V ac, 110V ac, prise 12V du v\u00e9hicule ou autonomes sur batterie 12V, garantissant une polyvalence maximale et une adaptabilit\u00e9 aux diff\u00e9rents besoins d\u2019alimentation.<\/p>\r\n<p>[\/vc_column_text][vc_separator color=&#8221;custom&#8221; border_width=&#8221;5&#8243; el_width=&#8221;10&#8243; css=&#8221;.vc_custom_1741986774977{margin-top: 1.5em !important;margin-bottom: 2em !important;border-top-width: 0px !important;border-right-width: 0px !important;border-bottom-width: 0px !important;border-left-width: 0px !important;padding-top: 0px !important;padding-right: 0px !important;padding-bottom: 0px !important;padding-left: 0px !important;}&#8221; accent_color=&#8221;#D21138&#8243;][\/vc_column][\/vc_row][vc_row padding_bottom_multiplier=&#8221;4x&#8221; columns_gap=&#8221;none&#8221; el_class=&#8221;features-row&#8221; margin_bottom=&#8221;5em&#8221;][vc_column][vc_row_inner el_class=&#8221;feature-grid-item&#8221;][vc_column_inner][vc_single_image image=&#8221;20542&#8243; img_size=&#8221;large&#8221; add_caption=&#8221;yes&#8221; alignment=&#8221;center&#8221; css=&#8221;.vc_custom_1742256158612{margin-bottom: 0px !important;}&#8221; el_class=&#8221;with-shadow&#8221;][vc_column_text css=&#8221;&#8221; el_class=&#8221;feature-overlay&#8221;]GAMME KOALA GREEN[\/vc_column_text][\/vc_column_inner][\/vc_row_inner][vc_row_inner el_class=&#8221;feature-grid-item&#8221;][vc_column_inner el_class=&#8221;feature-grid-item&#8221;][vc_single_image image=&#8221;20539&#8243; img_size=&#8221;large&#8221; css=&#8221;.vc_custom_1742256099449{margin-bottom: 0px !important;}&#8221; el_class=&#8221;with-shadow&#8221;][vc_column_text css=&#8221;&#8221; el_class=&#8221;feature-overlay&#8221;]GAMME KOALA[\/vc_column_text][\/vc_column_inner][\/vc_row_inner][vc_column_text css=&#8221;.vc_custom_1742278919723{margin-top: 0px !important;margin-right: 0px !important;margin-bottom: 0px !important;margin-left: 0px !important;padding-top: 50px !important;padding-right: 50px !important;padding-bottom: 50px !important;padding-left: 50px !important;}&#8221; el_class=&#8221;white-font features-content&#8221;]<\/p>\r\n<h3 style=\"font-size: 150%; color: #fff; margin-bottom: 12px;\">Syst\u00e8me de r\u00e9frig\u00e9ration \u00e0 compression<\/h3>\r\n<p>C\u2019est la technologie de refroidissement la plus r\u00e9pandue, \u00e9galement utilis\u00e9e dans les r\u00e9frig\u00e9rateurs domestiques. Il s\u2019agit d\u2019un syst\u00e8me m\u00e9canique qui permet une production de froid continue. Il fonctionne \u00e0 travers un cycle ferm\u00e9 dans lequel un fluide frigorig\u00e8ne s\u2019\u00e9vapore en absorbant de la chaleur, est comprim\u00e9, se condense en c\u00e9dant de la chaleur, puis se d\u00e9tend pour r\u00e9p\u00e9ter le processus.[\/vc_column_text][\/vc_column][\/vc_row]<\/p>\r\n<\/div>","protected":false},"excerpt":{"rendered":"[vc_row bg_type=&#8221;image&#8221; bg_image=&#8221;20344&#8243; color_overlay=&#8221;custom&#8221; padding_top_multiplier=&#8221;3x&#8221; padding_bottom_multiplier=&#8221;3x&#8221; el_class=&#8221;category-fullsize-row banner&#8221; el_wrapper_class=&#8221;category-fullsize-row-wrapper&#8221;][vc_column][\/vc_column][\/vc_row][vc_row section_type=&#8221;fullwidth&#8221; bg_type=&#8221;color&#8221; padding_top_multiplier=&#8221;&#8221; padding_bottom_multiplier=&#8221;&#8221; columns_gap=&#8221;none&#8221; equal_column_height=&#8221;middle-content&#8221; el_class=&#8221;category-fullsize-row&#8221; bg_color=&#8221;#333333&#8243; el_wrapper_class=&#8221;category-fullsize-row-wrapper&#8221;][vc_column css=&#8221;.vc_custom_1661330057401{background-color: #333333 !important;}&#8221;][\/vc_column][\/vc_row][vc_row bg_type=&#8221;color&#8221; padding_top_multiplier=&#8221;&#8221; padding_bottom_multiplier=&#8221;&#8221; columns_gap=&#8221;none&#8221; bg_color=&#8221;#ffffff&#8221;][vc_column css=&#8221;.vc_custom_1741984013341{margin-top: 6em !important;padding-right: 16% !important;padding-left: 16% !important;}&#8221;][vc_separator color=&#8221;custom&#8221; border_width=&#8221;5&#8243; el_width=&#8221;20&#8243; css=&#8221;.vc_custom_1741950941237{margin-top: 1.5em !important;margin-bottom: 5em !important;border-top-width: 0px !important;border-right-width: 0px !important;border-bottom-width: 0px !important;border-left-width: 0px !important;padding-top: 0px !important;padding-right: 0px !important;padding-bottom: 0px !important;padding-left: [&hellip;]","protected":false},"author":21,"featured_media":0,"parent":0,"menu_order":0,"comment_status":"closed","ping_status":"closed","template":"","meta":{"_acf_changed":false,"_themeisle_gutenberg_block_has_review":false,"footnotes":""},"class_list":["post-20561","page","type-page","status-publish","hentry"],"acf":[],"yoast_head":"<!-- This site is optimized with the Yoast SEO plugin v26.4 - https:\/\/yoast.com\/wordpress\/plugins\/seo\/ -->\n<title>Experts du froid - MELFORM<\/title>\n<meta name=\"robots\" content=\"index, follow, max-snippet:-1, max-image-preview:large, max-video-preview:-1\" \/>\n<link rel=\"canonical\" href=\"https:\/\/www.melform.com\/fr\/experts-du-froid\/\" \/>\n<meta property=\"og:locale\" content=\"fr_FR\" \/>\n<meta property=\"og:type\" content=\"article\" \/>\n<meta property=\"og:title\" content=\"Experts du froid - MELFORM\" \/>\n<meta property=\"og:description\" content=\"[vc_row bg_type=&#8221;image&#8221; bg_image=&#8221;20344&#8243; color_overlay=&#8221;custom&#8221; padding_top_multiplier=&#8221;3x&#8221; padding_bottom_multiplier=&#8221;3x&#8221; el_class=&#8221;category-fullsize-row banner&#8221; el_wrapper_class=&#8221;category-fullsize-row-wrapper&#8221;][vc_column][\/vc_column][\/vc_row][vc_row section_type=&#8221;fullwidth&#8221; bg_type=&#8221;color&#8221; padding_top_multiplier=&#8221;&#8221; padding_bottom_multiplier=&#8221;&#8221; columns_gap=&#8221;none&#8221; equal_column_height=&#8221;middle-content&#8221; el_class=&#8221;category-fullsize-row&#8221; bg_color=&#8221;#333333&#8243; el_wrapper_class=&#8221;category-fullsize-row-wrapper&#8221;][vc_column css=&#8221;.vc_custom_1661330057401{background-color: #333333 !important;}&#8221;][\/vc_column][\/vc_row][vc_row bg_type=&#8221;color&#8221; padding_top_multiplier=&#8221;&#8221; padding_bottom_multiplier=&#8221;&#8221; columns_gap=&#8221;none&#8221; bg_color=&#8221;#ffffff&#8221;][vc_column css=&#8221;.vc_custom_1741984013341{margin-top: 6em !important;padding-right: 16% !important;padding-left: 16% !important;}&#8221;][vc_separator color=&#8221;custom&#8221; border_width=&#8221;5&#8243; el_width=&#8221;20&#8243; css=&#8221;.vc_custom_1741950941237{margin-top: 1.5em !important;margin-bottom: 5em !important;border-top-width: 0px !important;border-right-width: 0px !important;border-bottom-width: 0px !important;border-left-width: 0px !important;padding-top: 0px !important;padding-right: 0px !important;padding-bottom: 0px !important;padding-left: [&hellip;]\" \/>\n<meta property=\"og:url\" content=\"https:\/\/www.melform.com\/fr\/experts-du-froid\/\" \/>\n<meta property=\"og:site_name\" content=\"MELFORM\" \/>\n<meta property=\"article:modified_time\" content=\"2025-03-19T08:44:25+00:00\" \/>\n<meta name=\"twitter:card\" content=\"summary_large_image\" \/>\n<script type=\"application\/ld+json\" class=\"yoast-schema-graph\">{\"@context\":\"https:\/\/schema.org\",\"@graph\":[{\"@type\":\"WebPage\",\"@id\":\"https:\/\/www.melform.com\/fr\/experts-du-froid\/\",\"url\":\"https:\/\/www.melform.com\/fr\/experts-du-froid\/\",\"name\":\"Experts du froid - MELFORM\",\"isPartOf\":{\"@id\":\"https:\/\/www.melform.com\/fr\/#website\"},\"datePublished\":\"2025-03-14T10:37:54+00:00\",\"dateModified\":\"2025-03-19T08:44:25+00:00\",\"breadcrumb\":{\"@id\":\"https:\/\/www.melform.com\/fr\/experts-du-froid\/#breadcrumb\"},\"inLanguage\":\"fr-FR\",\"potentialAction\":[{\"@type\":\"ReadAction\",\"target\":[\"https:\/\/www.melform.com\/fr\/experts-du-froid\/\"]}]},{\"@type\":\"BreadcrumbList\",\"@id\":\"https:\/\/www.melform.com\/fr\/experts-du-froid\/#breadcrumb\",\"itemListElement\":[{\"@type\":\"ListItem\",\"position\":1,\"name\":\"Home\",\"item\":\"https:\/\/www.melform.com\/fr\/\"},{\"@type\":\"ListItem\",\"position\":2,\"name\":\"Experts du froid\"}]},{\"@type\":\"WebSite\",\"@id\":\"https:\/\/www.melform.com\/fr\/#website\",\"url\":\"https:\/\/www.melform.com\/fr\/\",\"name\":\"MELFORM\",\"description\":\"SISTEMI PER IL TRASPORTO E STOCCAGGIO A TEMPERATURA CONTROLLATA\",\"potentialAction\":[{\"@type\":\"SearchAction\",\"target\":{\"@type\":\"EntryPoint\",\"urlTemplate\":\"https:\/\/www.melform.com\/fr\/?s={search_term_string}\"},\"query-input\":{\"@type\":\"PropertyValueSpecification\",\"valueRequired\":true,\"valueName\":\"search_term_string\"}}],\"inLanguage\":\"fr-FR\"}]}<\/script>\n<!-- \/ Yoast SEO plugin. -->","yoast_head_json":{"title":"Experts du froid - MELFORM","robots":{"index":"index","follow":"follow","max-snippet":"max-snippet:-1","max-image-preview":"max-image-preview:large","max-video-preview":"max-video-preview:-1"},"canonical":"https:\/\/www.melform.com\/fr\/experts-du-froid\/","og_locale":"fr_FR","og_type":"article","og_title":"Experts du froid - MELFORM","og_description":"[vc_row bg_type=&#8221;image&#8221; bg_image=&#8221;20344&#8243; color_overlay=&#8221;custom&#8221; padding_top_multiplier=&#8221;3x&#8221; padding_bottom_multiplier=&#8221;3x&#8221; el_class=&#8221;category-fullsize-row banner&#8221; el_wrapper_class=&#8221;category-fullsize-row-wrapper&#8221;][vc_column][\/vc_column][\/vc_row][vc_row section_type=&#8221;fullwidth&#8221; bg_type=&#8221;color&#8221; padding_top_multiplier=&#8221;&#8221; padding_bottom_multiplier=&#8221;&#8221; columns_gap=&#8221;none&#8221; equal_column_height=&#8221;middle-content&#8221; el_class=&#8221;category-fullsize-row&#8221; bg_color=&#8221;#333333&#8243; el_wrapper_class=&#8221;category-fullsize-row-wrapper&#8221;][vc_column css=&#8221;.vc_custom_1661330057401{background-color: #333333 !important;}&#8221;][\/vc_column][\/vc_row][vc_row bg_type=&#8221;color&#8221; padding_top_multiplier=&#8221;&#8221; padding_bottom_multiplier=&#8221;&#8221; columns_gap=&#8221;none&#8221; bg_color=&#8221;#ffffff&#8221;][vc_column css=&#8221;.vc_custom_1741984013341{margin-top: 6em !important;padding-right: 16% !important;padding-left: 16% !important;}&#8221;][vc_separator color=&#8221;custom&#8221; border_width=&#8221;5&#8243; el_width=&#8221;20&#8243; css=&#8221;.vc_custom_1741950941237{margin-top: 1.5em !important;margin-bottom: 5em !important;border-top-width: 0px !important;border-right-width: 0px !important;border-bottom-width: 0px !important;border-left-width: 0px !important;padding-top: 0px !important;padding-right: 0px !important;padding-bottom: 0px !important;padding-left: [&hellip;]","og_url":"https:\/\/www.melform.com\/fr\/experts-du-froid\/","og_site_name":"MELFORM","article_modified_time":"2025-03-19T08:44:25+00:00","twitter_card":"summary_large_image","schema":{"@context":"https:\/\/schema.org","@graph":[{"@type":"WebPage","@id":"https:\/\/www.melform.com\/fr\/experts-du-froid\/","url":"https:\/\/www.melform.com\/fr\/experts-du-froid\/","name":"Experts du froid - MELFORM","isPartOf":{"@id":"https:\/\/www.melform.com\/fr\/#website"},"datePublished":"2025-03-14T10:37:54+00:00","dateModified":"2025-03-19T08:44:25+00:00","breadcrumb":{"@id":"https:\/\/www.melform.com\/fr\/experts-du-froid\/#breadcrumb"},"inLanguage":"fr-FR","potentialAction":[{"@type":"ReadAction","target":["https:\/\/www.melform.com\/fr\/experts-du-froid\/"]}]},{"@type":"BreadcrumbList","@id":"https:\/\/www.melform.com\/fr\/experts-du-froid\/#breadcrumb","itemListElement":[{"@type":"ListItem","position":1,"name":"Home","item":"https:\/\/www.melform.com\/fr\/"},{"@type":"ListItem","position":2,"name":"Experts du froid"}]},{"@type":"WebSite","@id":"https:\/\/www.melform.com\/fr\/#website","url":"https:\/\/www.melform.com\/fr\/","name":"MELFORM","description":"SISTEMI PER IL TRASPORTO E STOCCAGGIO A TEMPERATURA CONTROLLATA","potentialAction":[{"@type":"SearchAction","target":{"@type":"EntryPoint","urlTemplate":"https:\/\/www.melform.com\/fr\/?s={search_term_string}"},"query-input":{"@type":"PropertyValueSpecification","valueRequired":true,"valueName":"search_term_string"}}],"inLanguage":"fr-FR"}]}},"_links":{"self":[{"href":"https:\/\/www.melform.com\/fr\/wp-json\/wp\/v2\/pages\/20561","targetHints":{"allow":["GET"]}}],"collection":[{"href":"https:\/\/www.melform.com\/fr\/wp-json\/wp\/v2\/pages"}],"about":[{"href":"https:\/\/www.melform.com\/fr\/wp-json\/wp\/v2\/types\/page"}],"author":[{"embeddable":true,"href":"https:\/\/www.melform.com\/fr\/wp-json\/wp\/v2\/users\/21"}],"replies":[{"embeddable":true,"href":"https:\/\/www.melform.com\/fr\/wp-json\/wp\/v2\/comments?post=20561"}],"version-history":[{"count":5,"href":"https:\/\/www.melform.com\/fr\/wp-json\/wp\/v2\/pages\/20561\/revisions"}],"predecessor-version":[{"id":20694,"href":"https:\/\/www.melform.com\/fr\/wp-json\/wp\/v2\/pages\/20561\/revisions\/20694"}],"wp:attachment":[{"href":"https:\/\/www.melform.com\/fr\/wp-json\/wp\/v2\/media?parent=20561"}],"curies":[{"name":"wp","href":"https:\/\/api.w.org\/{rel}","templated":true}]}}