{"id":10776,"date":"2022-10-07T14:16:39","date_gmt":"2022-10-07T12:16:39","guid":{"rendered":"https:\/\/www.melform.com\/product\/port-de-chauffage-numerique-pour-af-12\/"},"modified":"2025-02-18T18:04:07","modified_gmt":"2025-02-18T16:04:07","slug":"port-de-chauffage-numerique-pour-af-12","status":"publish","type":"product","link":"https:\/\/www.melform.com\/fr\/conteneurs-\/catalogue-de-produits\/accessoires\/port-de-chauffage-numerique-pour-af-12\/","title":{"rendered":"Porte chauffante num\u00e9rique pour AF 12"},"content":{"rendered":"<p data-start=\"660\" data-end=\"804\">La <strong data-start=\"663\" data-end=\"693\">porte chauffante num\u00e9rique<\/strong> est un accessoire con\u00e7u pour le <strong data-start=\"726\" data-end=\"754\">conteneur isotherme AF12<\/strong>, id\u00e9al pour le <strong data-start=\"770\" data-end=\"801\">transport en liaison chaude<\/strong>.<\/p>\r\n\r\n<ul data-start=\"806\" data-end=\"1352\" data-is-last-node=\"\">\r\n \t<li data-start=\"806\" data-end=\"930\"><strong data-start=\"808\" data-end=\"845\">Compatible avec le conteneur AF12<\/strong>, le transformant en une solution parfaite pour le <strong data-start=\"896\" data-end=\"927\">transport en liaison chaude<\/strong>.<\/li>\r\n \t<li data-start=\"931\" data-end=\"1068\"><strong data-start=\"933\" data-end=\"960\">Alimentation \u00e9lectrique<\/strong> : disponible en <strong data-start=\"977\" data-end=\"991\">230 V a.c.<\/strong> et <strong data-start=\"995\" data-end=\"1009\">110 V a.c.<\/strong>, pour s&#8217;adapter \u00e0 diff\u00e9rentes exigences op\u00e9rationnelles.<\/li>\r\n \t<li data-start=\"1069\" data-end=\"1212\"><strong data-start=\"1071\" data-end=\"1103\">Thermostat num\u00e9rique frontal<\/strong>, permettant une <strong data-start=\"1120\" data-end=\"1163\">programmation pr\u00e9cise de la temp\u00e9rature<\/strong> et un <strong data-start=\"1170\" data-end=\"1188\">suivi constant<\/strong> pendant le transport.<\/li>\r\n \t<li data-start=\"1213\" data-end=\"1352\" data-is-last-node=\"\"><strong data-start=\"1215\" data-end=\"1253\">R\u00e9partition homog\u00e8ne de la chaleur<\/strong>, \u00e9vitant toute surchauffe et garantissant une <strong data-start=\"1300\" data-end=\"1324\">temp\u00e9rature uniforme<\/strong> \u00e0 l&#8217;int\u00e9rieur du conteneur.<\/li>\r\n<\/ul>","protected":false},"excerpt":{"rendered":"La porte chauffante num\u00e9rique est un accessoire con\u00e7u pour le conteneur isotherme AF12, id\u00e9al pour le transport en liaison chaude. Compatible avec le conteneur AF12, le transformant en une solution parfaite pour le transport en liaison chaude. Alimentation \u00e9lectrique : disponible en 230 V a.c. et 110 V a.c., pour s&#8217;adapter \u00e0 diff\u00e9rentes exigences op\u00e9rationnelles. [&hellip;]","protected":false},"featured_media":6172,"template":"","meta":{"_acf_changed":false,"_themeisle_gutenberg_block_has_review":false},"product_brand":[],"product_cat":[241],"product_tag":[],"class_list":{"0":"post-10776","1":"product","2":"type-product","3":"status-publish","4":"has-post-thumbnail","6":"product_cat-accessoires","7":"pa_linea-melamine-fr-2","9":"first","10":"instock","11":"product-type-simple"},"acf":[],"yoast_head":"<!-- This site is optimized with the Yoast SEO plugin v26.4 - https:\/\/yoast.com\/wordpress\/plugins\/seo\/ -->\n<title>Porte chauffante num\u00e9rique pour AF 12 - MELFORM<\/title>\n<meta name=\"robots\" content=\"index, follow, max-snippet:-1, max-image-preview:large, max-video-preview:-1\" \/>\n<link rel=\"canonical\" href=\"https:\/\/www.melform.com\/fr\/conteneurs-\/catalogue-de-produits\/accessoires\/port-de-chauffage-numerique-pour-af-12\/\" \/>\n<meta property=\"og:locale\" content=\"fr_FR\" \/>\n<meta property=\"og:type\" content=\"article\" \/>\n<meta property=\"og:title\" content=\"Porte chauffante num\u00e9rique pour AF 12 - MELFORM\" \/>\n<meta property=\"og:description\" content=\"La porte chauffante num\u00e9rique est un accessoire con\u00e7u pour le conteneur isotherme AF12, id\u00e9al pour le transport en liaison chaude. Compatible avec le conteneur AF12, le transformant en une solution parfaite pour le transport en liaison chaude. Alimentation \u00e9lectrique : disponible en 230 V a.c. et 110 V a.c., pour s&#8217;adapter \u00e0 diff\u00e9rentes exigences op\u00e9rationnelles. [&hellip;]\" \/>\n<meta property=\"og:url\" content=\"https:\/\/www.melform.com\/fr\/conteneurs-\/catalogue-de-produits\/accessoires\/port-de-chauffage-numerique-pour-af-12\/\" \/>\n<meta property=\"og:site_name\" content=\"MELFORM\" \/>\n<meta property=\"article:modified_time\" content=\"2025-02-18T16:04:07+00:00\" \/>\n<meta property=\"og:image\" content=\"https:\/\/www.melform.com\/wp-content\/uploads\/2022\/10\/100_AF12_PORTA_ATTIVA_digitale-1.jpg\" \/>\n\t<meta property=\"og:image:width\" content=\"1200\" \/>\n\t<meta property=\"og:image:height\" content=\"1200\" \/>\n\t<meta property=\"og:image:type\" content=\"image\/jpeg\" \/>\n<meta name=\"twitter:card\" content=\"summary_large_image\" \/>\n<script type=\"application\/ld+json\" class=\"yoast-schema-graph\">{\"@context\":\"https:\/\/schema.org\",\"@graph\":[{\"@type\":\"WebPage\",\"@id\":\"https:\/\/www.melform.com\/fr\/conteneurs-\/catalogue-de-produits\/accessoires\/port-de-chauffage-numerique-pour-af-12\/\",\"url\":\"https:\/\/www.melform.com\/fr\/conteneurs-\/catalogue-de-produits\/accessoires\/port-de-chauffage-numerique-pour-af-12\/\",\"name\":\"Porte chauffante num\u00e9rique pour AF 12 - MELFORM\",\"isPartOf\":{\"@id\":\"https:\/\/www.melform.com\/fr\/#website\"},\"primaryImageOfPage\":{\"@id\":\"https:\/\/www.melform.com\/fr\/conteneurs-\/catalogue-de-produits\/accessoires\/port-de-chauffage-numerique-pour-af-12\/#primaryimage\"},\"image\":{\"@id\":\"https:\/\/www.melform.com\/fr\/conteneurs-\/catalogue-de-produits\/accessoires\/port-de-chauffage-numerique-pour-af-12\/#primaryimage\"},\"thumbnailUrl\":\"https:\/\/www.melform.com\/wp-content\/uploads\/2022\/10\/100_AF12_PORTA_ATTIVA_digitale-1.jpg\",\"datePublished\":\"2022-10-07T12:16:39+00:00\",\"dateModified\":\"2025-02-18T16:04:07+00:00\",\"breadcrumb\":{\"@id\":\"https:\/\/www.melform.com\/fr\/conteneurs-\/catalogue-de-produits\/accessoires\/port-de-chauffage-numerique-pour-af-12\/#breadcrumb\"},\"inLanguage\":\"fr-FR\",\"potentialAction\":[{\"@type\":\"ReadAction\",\"target\":[\"https:\/\/www.melform.com\/fr\/conteneurs-\/catalogue-de-produits\/accessoires\/port-de-chauffage-numerique-pour-af-12\/\"]}]},{\"@type\":\"ImageObject\",\"inLanguage\":\"fr-FR\",\"@id\":\"https:\/\/www.melform.com\/fr\/conteneurs-\/catalogue-de-produits\/accessoires\/port-de-chauffage-numerique-pour-af-12\/#primaryimage\",\"url\":\"https:\/\/www.melform.com\/wp-content\/uploads\/2022\/10\/100_AF12_PORTA_ATTIVA_digitale-1.jpg\",\"contentUrl\":\"https:\/\/www.melform.com\/wp-content\/uploads\/2022\/10\/100_AF12_PORTA_ATTIVA_digitale-1.jpg\",\"width\":1200,\"height\":1200},{\"@type\":\"BreadcrumbList\",\"@id\":\"https:\/\/www.melform.com\/fr\/conteneurs-\/catalogue-de-produits\/accessoires\/port-de-chauffage-numerique-pour-af-12\/#breadcrumb\",\"itemListElement\":[{\"@type\":\"ListItem\",\"position\":1,\"name\":\"Home\",\"item\":\"https:\/\/www.melform.com\/fr\/\"},{\"@type\":\"ListItem\",\"position\":2,\"name\":\"Shop\",\"item\":\"https:\/\/www.melform.com\/fr\/shop\/\"},{\"@type\":\"ListItem\",\"position\":3,\"name\":\"Porte chauffante num\u00e9rique pour AF 12\"}]},{\"@type\":\"WebSite\",\"@id\":\"https:\/\/www.melform.com\/fr\/#website\",\"url\":\"https:\/\/www.melform.com\/fr\/\",\"name\":\"MELFORM\",\"description\":\"SISTEMI PER IL TRASPORTO E STOCCAGGIO A TEMPERATURA CONTROLLATA\",\"potentialAction\":[{\"@type\":\"SearchAction\",\"target\":{\"@type\":\"EntryPoint\",\"urlTemplate\":\"https:\/\/www.melform.com\/fr\/?s={search_term_string}\"},\"query-input\":{\"@type\":\"PropertyValueSpecification\",\"valueRequired\":true,\"valueName\":\"search_term_string\"}}],\"inLanguage\":\"fr-FR\"}]}<\/script>\n<!-- \/ Yoast SEO plugin. -->","yoast_head_json":{"title":"Porte chauffante num\u00e9rique pour AF 12 - MELFORM","robots":{"index":"index","follow":"follow","max-snippet":"max-snippet:-1","max-image-preview":"max-image-preview:large","max-video-preview":"max-video-preview:-1"},"canonical":"https:\/\/www.melform.com\/fr\/conteneurs-\/catalogue-de-produits\/accessoires\/port-de-chauffage-numerique-pour-af-12\/","og_locale":"fr_FR","og_type":"article","og_title":"Porte chauffante num\u00e9rique pour AF 12 - MELFORM","og_description":"La porte chauffante num\u00e9rique est un accessoire con\u00e7u pour le conteneur isotherme AF12, id\u00e9al pour le transport en liaison chaude. Compatible avec le conteneur AF12, le transformant en une solution parfaite pour le transport en liaison chaude. Alimentation \u00e9lectrique : disponible en 230 V a.c. et 110 V a.c., pour s&#8217;adapter \u00e0 diff\u00e9rentes exigences op\u00e9rationnelles. [&hellip;]","og_url":"https:\/\/www.melform.com\/fr\/conteneurs-\/catalogue-de-produits\/accessoires\/port-de-chauffage-numerique-pour-af-12\/","og_site_name":"MELFORM","article_modified_time":"2025-02-18T16:04:07+00:00","og_image":[{"width":1200,"height":1200,"url":"https:\/\/www.melform.com\/wp-content\/uploads\/2022\/10\/100_AF12_PORTA_ATTIVA_digitale-1.jpg","type":"image\/jpeg"}],"twitter_card":"summary_large_image","schema":{"@context":"https:\/\/schema.org","@graph":[{"@type":"WebPage","@id":"https:\/\/www.melform.com\/fr\/conteneurs-\/catalogue-de-produits\/accessoires\/port-de-chauffage-numerique-pour-af-12\/","url":"https:\/\/www.melform.com\/fr\/conteneurs-\/catalogue-de-produits\/accessoires\/port-de-chauffage-numerique-pour-af-12\/","name":"Porte chauffante num\u00e9rique pour AF 12 - MELFORM","isPartOf":{"@id":"https:\/\/www.melform.com\/fr\/#website"},"primaryImageOfPage":{"@id":"https:\/\/www.melform.com\/fr\/conteneurs-\/catalogue-de-produits\/accessoires\/port-de-chauffage-numerique-pour-af-12\/#primaryimage"},"image":{"@id":"https:\/\/www.melform.com\/fr\/conteneurs-\/catalogue-de-produits\/accessoires\/port-de-chauffage-numerique-pour-af-12\/#primaryimage"},"thumbnailUrl":"https:\/\/www.melform.com\/wp-content\/uploads\/2022\/10\/100_AF12_PORTA_ATTIVA_digitale-1.jpg","datePublished":"2022-10-07T12:16:39+00:00","dateModified":"2025-02-18T16:04:07+00:00","breadcrumb":{"@id":"https:\/\/www.melform.com\/fr\/conteneurs-\/catalogue-de-produits\/accessoires\/port-de-chauffage-numerique-pour-af-12\/#breadcrumb"},"inLanguage":"fr-FR","potentialAction":[{"@type":"ReadAction","target":["https:\/\/www.melform.com\/fr\/conteneurs-\/catalogue-de-produits\/accessoires\/port-de-chauffage-numerique-pour-af-12\/"]}]},{"@type":"ImageObject","inLanguage":"fr-FR","@id":"https:\/\/www.melform.com\/fr\/conteneurs-\/catalogue-de-produits\/accessoires\/port-de-chauffage-numerique-pour-af-12\/#primaryimage","url":"https:\/\/www.melform.com\/wp-content\/uploads\/2022\/10\/100_AF12_PORTA_ATTIVA_digitale-1.jpg","contentUrl":"https:\/\/www.melform.com\/wp-content\/uploads\/2022\/10\/100_AF12_PORTA_ATTIVA_digitale-1.jpg","width":1200,"height":1200},{"@type":"BreadcrumbList","@id":"https:\/\/www.melform.com\/fr\/conteneurs-\/catalogue-de-produits\/accessoires\/port-de-chauffage-numerique-pour-af-12\/#breadcrumb","itemListElement":[{"@type":"ListItem","position":1,"name":"Home","item":"https:\/\/www.melform.com\/fr\/"},{"@type":"ListItem","position":2,"name":"Shop","item":"https:\/\/www.melform.com\/fr\/shop\/"},{"@type":"ListItem","position":3,"name":"Porte chauffante num\u00e9rique pour AF 12"}]},{"@type":"WebSite","@id":"https:\/\/www.melform.com\/fr\/#website","url":"https:\/\/www.melform.com\/fr\/","name":"MELFORM","description":"SISTEMI PER IL TRASPORTO E STOCCAGGIO A TEMPERATURA CONTROLLATA","potentialAction":[{"@type":"SearchAction","target":{"@type":"EntryPoint","urlTemplate":"https:\/\/www.melform.com\/fr\/?s={search_term_string}"},"query-input":{"@type":"PropertyValueSpecification","valueRequired":true,"valueName":"search_term_string"}}],"inLanguage":"fr-FR"}]}},"_links":{"self":[{"href":"https:\/\/www.melform.com\/fr\/wp-json\/wp\/v2\/product\/10776","targetHints":{"allow":["GET"]}}],"collection":[{"href":"https:\/\/www.melform.com\/fr\/wp-json\/wp\/v2\/product"}],"about":[{"href":"https:\/\/www.melform.com\/fr\/wp-json\/wp\/v2\/types\/product"}],"wp:featuredmedia":[{"embeddable":true,"href":"https:\/\/www.melform.com\/fr\/wp-json\/wp\/v2\/media\/6172"}],"wp:attachment":[{"href":"https:\/\/www.melform.com\/fr\/wp-json\/wp\/v2\/media?parent=10776"}],"wp:term":[{"taxonomy":"product_brand","embeddable":true,"href":"https:\/\/www.melform.com\/fr\/wp-json\/wp\/v2\/product_brand?post=10776"},{"taxonomy":"product_cat","embeddable":true,"href":"https:\/\/www.melform.com\/fr\/wp-json\/wp\/v2\/product_cat?post=10776"},{"taxonomy":"product_tag","embeddable":true,"href":"https:\/\/www.melform.com\/fr\/wp-json\/wp\/v2\/product_tag?post=10776"}],"curies":[{"name":"wp","href":"https:\/\/api.w.org\/{rel}","templated":true}]}}