{"id":11100,"date":"2023-04-07T09:39:28","date_gmt":"2023-04-07T07:39:28","guid":{"rendered":"https:\/\/www.melform.com\/?post_type=product&#038;p=11100"},"modified":"2026-04-16T23:13:19","modified_gmt":"2026-04-16T21:13:19","slug":"conteneur-refrigere-koala-495","status":"publish","type":"product","link":"https:\/\/www.melform.com\/fr\/conteneurs-\/catalogue-de-produits\/conteneurs-refrigeres\/conteneur-refrigere-koala-495\/","title":{"rendered":"Conteneur r\u00e9frig\u00e9r\u00e9 &#8211; KOALA 495"},"content":{"rendered":"<div class=\"wpb-content-wrapper\">[vc_row][vc_column][vc_column_text css=&#8221;&#8221;]Le KOALA 495 est un conteneur isotherme r\u00e9frig\u00e9r\u00e9 avec groupe frigorifique int\u00e9gr\u00e9, certifi\u00e9 ATP, et dot\u00e9 d&#8217;une capacit\u00e9 de 495 litres. Fabriqu\u00e9 en poly\u00e9thyl\u00e8ne de haute qualit\u00e9 et isol\u00e9 avec une mousse polyur\u00e9thane \u00e9cologique sans CFC ni HCFC, le KOALA 495 offre des performances thermiques \u00e9lev\u00e9es tout en garantissant une durabilit\u00e9 environnementale. Ses dimensions internes de 600&#215;400 mm le rendent id\u00e9al pour le transport de caisses et plateaux, optimisant l&#8217;utilisation de l&#8217;espace de chargement des v\u00e9hicules utilitaires. Conforme aux normes FD X 15-140, il repr\u00e9sente une solution fiable et polyvalente pour le transport professionnel.\r\n<ul>\r\n \t<li><strong>Capacit\u00e9 :<\/strong> 495 litres<\/li>\r\n \t<li><strong>Mat\u00e9riau :<\/strong> Poly\u00e9thyl\u00e8ne robuste et hautement isolant<\/li>\r\n \t<li><strong>Isolation :<\/strong> Mousse polyur\u00e9thane \u00e9cologique (sans CFC ni HCFC)<\/li>\r\n \t<li><strong>Certification :<\/strong> Certifi\u00e9 ATP et conforme \u00e0 la norme FD X 15-140<\/li>\r\n \t<li><strong>Design pratique :<\/strong> Ouverture frontale pour un acc\u00e8s facile aux produits<\/li>\r\n \t<li><strong>Poign\u00e9es de pr\u00e9hension frontales :<\/strong> pour une manipulation ais\u00e9e<\/li>\r\n \t<li><strong>Polyvalence interne :<\/strong> Dimensions de 600&#215;400 mm, id\u00e9ales pour caisses et plateaux<\/li>\r\n \t<li><strong>Optimisation de l&#8217;espace :<\/strong> Con\u00e7u pour maximiser l&#8217;utilisation de l&#8217;espace de chargement des v\u00e9hicules utilitaires<\/li>\r\n<\/ul>\r\n[\/vc_column_text][\/vc_column][\/vc_row]<\/div>","protected":false},"excerpt":{"rendered":"[vc_row][vc_column][vc_column_text css=&#8221;&#8221;]Le KOALA 495 est un conteneur isotherme r\u00e9frig\u00e9r\u00e9 avec groupe frigorifique int\u00e9gr\u00e9, certifi\u00e9 ATP, et dot\u00e9 d&#8217;une capacit\u00e9 de 495 litres. Fabriqu\u00e9 en poly\u00e9thyl\u00e8ne de haute qualit\u00e9 et isol\u00e9 avec une mousse polyur\u00e9thane \u00e9cologique sans CFC ni HCFC, le KOALA 495 offre des performances thermiques \u00e9lev\u00e9es tout en garantissant une durabilit\u00e9 environnementale. Ses dimensions [&hellip;]","protected":false},"featured_media":24188,"template":"","meta":{"_acf_changed":false,"_themeisle_gutenberg_block_has_review":false},"product_brand":[],"product_cat":[912,236,237],"product_tag":[],"class_list":{"0":"post-11100","1":"product","2":"type-product","3":"status-publish","4":"has-post-thumbnail","6":"product_cat-catalogue-de-produits","7":"product_cat-conteneurs-refrigeres","8":"product_cat-conteneurs-isothermes-refrigeres-koala","9":"pa_basamento-basic-fr","10":"pa_basamento-pieds","11":"pa_basamento-roues","12":"pa_linea-koala-fr","13":"pa_range-di-temperatura-25c-10-fr","14":"pa_range-di-temperatura-25c-40-fr","15":"pa_range-di-temperatura-0c-10-fr","16":"pa_range-di-temperatura-0c-40-fr","18":"first","19":"instock","20":"product-type-variable","21":"has-default-attributes","22":"wvs-archive-product-wrapper"},"acf":[],"yoast_head":"<!-- This site is optimized with the Yoast SEO plugin v26.4 - https:\/\/yoast.com\/wordpress\/plugins\/seo\/ -->\n<title>Conteneur r\u00e9frig\u00e9r\u00e9 - KOALA 495 - MELFORM<\/title>\n<meta name=\"robots\" content=\"index, follow, max-snippet:-1, max-image-preview:large, max-video-preview:-1\" \/>\n<link rel=\"canonical\" href=\"https:\/\/www.melform.com\/fr\/conteneurs-\/catalogue-de-produits\/conteneurs-refrigeres\/conteneur-refrigere-koala-495\/\" \/>\n<meta property=\"og:locale\" content=\"fr_FR\" \/>\n<meta property=\"og:type\" content=\"article\" \/>\n<meta property=\"og:title\" content=\"Conteneur r\u00e9frig\u00e9r\u00e9 - KOALA 495 - MELFORM\" \/>\n<meta property=\"og:description\" content=\"[vc_row][vc_column][vc_column_text css=&#8221;&#8221;]Le KOALA 495 est un conteneur isotherme r\u00e9frig\u00e9r\u00e9 avec groupe frigorifique int\u00e9gr\u00e9, certifi\u00e9 ATP, et dot\u00e9 d&#8217;une capacit\u00e9 de 495 litres. Fabriqu\u00e9 en poly\u00e9thyl\u00e8ne de haute qualit\u00e9 et isol\u00e9 avec une mousse polyur\u00e9thane \u00e9cologique sans CFC ni HCFC, le KOALA 495 offre des performances thermiques \u00e9lev\u00e9es tout en garantissant une durabilit\u00e9 environnementale. Ses dimensions [&hellip;]\" \/>\n<meta property=\"og:url\" content=\"https:\/\/www.melform.com\/fr\/conteneurs-\/catalogue-de-produits\/conteneurs-refrigeres\/conteneur-refrigere-koala-495\/\" \/>\n<meta property=\"og:site_name\" content=\"MELFORM\" \/>\n<meta property=\"article:modified_time\" content=\"2026-04-16T21:13:19+00:00\" \/>\n<meta property=\"og:image\" content=\"https:\/\/www.melform.com\/wp-content\/uploads\/2023\/04\/Koala-495-BASIC-1.jpg\" \/>\n\t<meta property=\"og:image:width\" content=\"1200\" \/>\n\t<meta property=\"og:image:height\" content=\"1200\" \/>\n\t<meta property=\"og:image:type\" content=\"image\/jpeg\" \/>\n<meta name=\"twitter:card\" content=\"summary_large_image\" \/>\n<script type=\"application\/ld+json\" class=\"yoast-schema-graph\">{\"@context\":\"https:\/\/schema.org\",\"@graph\":[{\"@type\":\"WebPage\",\"@id\":\"https:\/\/www.melform.com\/fr\/conteneurs-\/catalogue-de-produits\/conteneurs-refrigeres\/conteneur-refrigere-koala-495\/\",\"url\":\"https:\/\/www.melform.com\/fr\/conteneurs-\/catalogue-de-produits\/conteneurs-refrigeres\/conteneur-refrigere-koala-495\/\",\"name\":\"Conteneur r\u00e9frig\u00e9r\u00e9 - KOALA 495 - MELFORM\",\"isPartOf\":{\"@id\":\"https:\/\/www.melform.com\/fr\/#website\"},\"primaryImageOfPage\":{\"@id\":\"https:\/\/www.melform.com\/fr\/conteneurs-\/catalogue-de-produits\/conteneurs-refrigeres\/conteneur-refrigere-koala-495\/#primaryimage\"},\"image\":{\"@id\":\"https:\/\/www.melform.com\/fr\/conteneurs-\/catalogue-de-produits\/conteneurs-refrigeres\/conteneur-refrigere-koala-495\/#primaryimage\"},\"thumbnailUrl\":\"https:\/\/www.melform.com\/wp-content\/uploads\/2023\/04\/Koala-495-BASIC-1.jpg\",\"datePublished\":\"2023-04-07T07:39:28+00:00\",\"dateModified\":\"2026-04-16T21:13:19+00:00\",\"breadcrumb\":{\"@id\":\"https:\/\/www.melform.com\/fr\/conteneurs-\/catalogue-de-produits\/conteneurs-refrigeres\/conteneur-refrigere-koala-495\/#breadcrumb\"},\"inLanguage\":\"fr-FR\",\"potentialAction\":[{\"@type\":\"ReadAction\",\"target\":[\"https:\/\/www.melform.com\/fr\/conteneurs-\/catalogue-de-produits\/conteneurs-refrigeres\/conteneur-refrigere-koala-495\/\"]}]},{\"@type\":\"ImageObject\",\"inLanguage\":\"fr-FR\",\"@id\":\"https:\/\/www.melform.com\/fr\/conteneurs-\/catalogue-de-produits\/conteneurs-refrigeres\/conteneur-refrigere-koala-495\/#primaryimage\",\"url\":\"https:\/\/www.melform.com\/wp-content\/uploads\/2023\/04\/Koala-495-BASIC-1.jpg\",\"contentUrl\":\"https:\/\/www.melform.com\/wp-content\/uploads\/2023\/04\/Koala-495-BASIC-1.jpg\",\"width\":1200,\"height\":1200},{\"@type\":\"BreadcrumbList\",\"@id\":\"https:\/\/www.melform.com\/fr\/conteneurs-\/catalogue-de-produits\/conteneurs-refrigeres\/conteneur-refrigere-koala-495\/#breadcrumb\",\"itemListElement\":[{\"@type\":\"ListItem\",\"position\":1,\"name\":\"Home\",\"item\":\"https:\/\/www.melform.com\/fr\/\"},{\"@type\":\"ListItem\",\"position\":2,\"name\":\"Shop\",\"item\":\"https:\/\/www.melform.com\/fr\/shop\/\"},{\"@type\":\"ListItem\",\"position\":3,\"name\":\"Conteneur r\u00e9frig\u00e9r\u00e9 &#8211; KOALA 495\"}]},{\"@type\":\"WebSite\",\"@id\":\"https:\/\/www.melform.com\/fr\/#website\",\"url\":\"https:\/\/www.melform.com\/fr\/\",\"name\":\"MELFORM\",\"description\":\"SISTEMI PER IL TRASPORTO E STOCCAGGIO A TEMPERATURA CONTROLLATA\",\"potentialAction\":[{\"@type\":\"SearchAction\",\"target\":{\"@type\":\"EntryPoint\",\"urlTemplate\":\"https:\/\/www.melform.com\/fr\/?s={search_term_string}\"},\"query-input\":{\"@type\":\"PropertyValueSpecification\",\"valueRequired\":true,\"valueName\":\"search_term_string\"}}],\"inLanguage\":\"fr-FR\"}]}<\/script>\n<!-- \/ Yoast SEO plugin. -->","yoast_head_json":{"title":"Conteneur r\u00e9frig\u00e9r\u00e9 - KOALA 495 - MELFORM","robots":{"index":"index","follow":"follow","max-snippet":"max-snippet:-1","max-image-preview":"max-image-preview:large","max-video-preview":"max-video-preview:-1"},"canonical":"https:\/\/www.melform.com\/fr\/conteneurs-\/catalogue-de-produits\/conteneurs-refrigeres\/conteneur-refrigere-koala-495\/","og_locale":"fr_FR","og_type":"article","og_title":"Conteneur r\u00e9frig\u00e9r\u00e9 - KOALA 495 - MELFORM","og_description":"[vc_row][vc_column][vc_column_text css=&#8221;&#8221;]Le KOALA 495 est un conteneur isotherme r\u00e9frig\u00e9r\u00e9 avec groupe frigorifique int\u00e9gr\u00e9, certifi\u00e9 ATP, et dot\u00e9 d&#8217;une capacit\u00e9 de 495 litres. Fabriqu\u00e9 en poly\u00e9thyl\u00e8ne de haute qualit\u00e9 et isol\u00e9 avec une mousse polyur\u00e9thane \u00e9cologique sans CFC ni HCFC, le KOALA 495 offre des performances thermiques \u00e9lev\u00e9es tout en garantissant une durabilit\u00e9 environnementale. Ses dimensions [&hellip;]","og_url":"https:\/\/www.melform.com\/fr\/conteneurs-\/catalogue-de-produits\/conteneurs-refrigeres\/conteneur-refrigere-koala-495\/","og_site_name":"MELFORM","article_modified_time":"2026-04-16T21:13:19+00:00","og_image":[{"width":1200,"height":1200,"url":"https:\/\/www.melform.com\/wp-content\/uploads\/2023\/04\/Koala-495-BASIC-1.jpg","type":"image\/jpeg"}],"twitter_card":"summary_large_image","schema":{"@context":"https:\/\/schema.org","@graph":[{"@type":"WebPage","@id":"https:\/\/www.melform.com\/fr\/conteneurs-\/catalogue-de-produits\/conteneurs-refrigeres\/conteneur-refrigere-koala-495\/","url":"https:\/\/www.melform.com\/fr\/conteneurs-\/catalogue-de-produits\/conteneurs-refrigeres\/conteneur-refrigere-koala-495\/","name":"Conteneur r\u00e9frig\u00e9r\u00e9 - KOALA 495 - MELFORM","isPartOf":{"@id":"https:\/\/www.melform.com\/fr\/#website"},"primaryImageOfPage":{"@id":"https:\/\/www.melform.com\/fr\/conteneurs-\/catalogue-de-produits\/conteneurs-refrigeres\/conteneur-refrigere-koala-495\/#primaryimage"},"image":{"@id":"https:\/\/www.melform.com\/fr\/conteneurs-\/catalogue-de-produits\/conteneurs-refrigeres\/conteneur-refrigere-koala-495\/#primaryimage"},"thumbnailUrl":"https:\/\/www.melform.com\/wp-content\/uploads\/2023\/04\/Koala-495-BASIC-1.jpg","datePublished":"2023-04-07T07:39:28+00:00","dateModified":"2026-04-16T21:13:19+00:00","breadcrumb":{"@id":"https:\/\/www.melform.com\/fr\/conteneurs-\/catalogue-de-produits\/conteneurs-refrigeres\/conteneur-refrigere-koala-495\/#breadcrumb"},"inLanguage":"fr-FR","potentialAction":[{"@type":"ReadAction","target":["https:\/\/www.melform.com\/fr\/conteneurs-\/catalogue-de-produits\/conteneurs-refrigeres\/conteneur-refrigere-koala-495\/"]}]},{"@type":"ImageObject","inLanguage":"fr-FR","@id":"https:\/\/www.melform.com\/fr\/conteneurs-\/catalogue-de-produits\/conteneurs-refrigeres\/conteneur-refrigere-koala-495\/#primaryimage","url":"https:\/\/www.melform.com\/wp-content\/uploads\/2023\/04\/Koala-495-BASIC-1.jpg","contentUrl":"https:\/\/www.melform.com\/wp-content\/uploads\/2023\/04\/Koala-495-BASIC-1.jpg","width":1200,"height":1200},{"@type":"BreadcrumbList","@id":"https:\/\/www.melform.com\/fr\/conteneurs-\/catalogue-de-produits\/conteneurs-refrigeres\/conteneur-refrigere-koala-495\/#breadcrumb","itemListElement":[{"@type":"ListItem","position":1,"name":"Home","item":"https:\/\/www.melform.com\/fr\/"},{"@type":"ListItem","position":2,"name":"Shop","item":"https:\/\/www.melform.com\/fr\/shop\/"},{"@type":"ListItem","position":3,"name":"Conteneur r\u00e9frig\u00e9r\u00e9 &#8211; KOALA 495"}]},{"@type":"WebSite","@id":"https:\/\/www.melform.com\/fr\/#website","url":"https:\/\/www.melform.com\/fr\/","name":"MELFORM","description":"SISTEMI PER IL TRASPORTO E STOCCAGGIO A TEMPERATURA CONTROLLATA","potentialAction":[{"@type":"SearchAction","target":{"@type":"EntryPoint","urlTemplate":"https:\/\/www.melform.com\/fr\/?s={search_term_string}"},"query-input":{"@type":"PropertyValueSpecification","valueRequired":true,"valueName":"search_term_string"}}],"inLanguage":"fr-FR"}]}},"_links":{"self":[{"href":"https:\/\/www.melform.com\/fr\/wp-json\/wp\/v2\/product\/11100","targetHints":{"allow":["GET"]}}],"collection":[{"href":"https:\/\/www.melform.com\/fr\/wp-json\/wp\/v2\/product"}],"about":[{"href":"https:\/\/www.melform.com\/fr\/wp-json\/wp\/v2\/types\/product"}],"wp:featuredmedia":[{"embeddable":true,"href":"https:\/\/www.melform.com\/fr\/wp-json\/wp\/v2\/media\/24188"}],"wp:attachment":[{"href":"https:\/\/www.melform.com\/fr\/wp-json\/wp\/v2\/media?parent=11100"}],"wp:term":[{"taxonomy":"product_brand","embeddable":true,"href":"https:\/\/www.melform.com\/fr\/wp-json\/wp\/v2\/product_brand?post=11100"},{"taxonomy":"product_cat","embeddable":true,"href":"https:\/\/www.melform.com\/fr\/wp-json\/wp\/v2\/product_cat?post=11100"},{"taxonomy":"product_tag","embeddable":true,"href":"https:\/\/www.melform.com\/fr\/wp-json\/wp\/v2\/product_tag?post=11100"}],"curies":[{"name":"wp","href":"https:\/\/api.w.org\/{rel}","templated":true}]}}