{"id":12164,"date":"2022-10-07T17:08:04","date_gmt":"2022-10-07T15:08:04","guid":{"rendered":"https:\/\/www.melform.com\/product\/contenitore-isotermico-per-il-trasporto-di-ghiaccio-secco-dricy-65\/"},"modified":"2025-08-24T19:14:33","modified_gmt":"2025-08-24T17:14:33","slug":"conteneur-isotherme-pour-glace-carbonique-dricy-65","status":"publish","type":"product","link":"https:\/\/www.melform.com\/fr\/conteneurs-\/catalogue-de-produits\/conteneurs-isothermes-passifs\/conteneurs-isothermes-pour-glace-carbonique-dricy\/conteneur-isotherme-pour-glace-carbonique-dricy-65\/","title":{"rendered":"Bac isotherme pour tr\u00e8s basses temperatures &#8211; DRICY 65"},"content":{"rendered":"<p data-start=\"1686\" data-end=\"2047\">Le <strong data-start=\"1689\" data-end=\"1701\">DRICY 65<\/strong> est un <strong data-start=\"1709\" data-end=\"1755\">conteneur isotherme \u00e0 ouverture sup\u00e9rieure<\/strong>, con\u00e7u pour le <strong data-start=\"1771\" data-end=\"1830\">transport s\u00e9curis\u00e9 de produits \u00e0 tr\u00e8s basse temp\u00e9rature<\/strong>, notamment pour la <strong data-start=\"1850\" data-end=\"1880\">glace carbonique \u00e0 -78,5\u00b0C<\/strong>.<\/p>\r\n\r\n<ul data-start=\"2090\" data-end=\"2692\">\r\n \t<li data-start=\"2090\" data-end=\"2191\"><strong data-start=\"2092\" data-end=\"2112\">Capacit\u00e9 interne<\/strong> : <strong data-start=\"2115\" data-end=\"2128\">65 litres<\/strong>, id\u00e9al pour le stockage et le transport de glace carbonique.<\/li>\r\n \t<li data-start=\"2090\" data-end=\"2191\"><strong>Empilable<\/strong> pour optimiser l&#8217;espace et faciliter la logistique<\/li>\r\n \t<li data-start=\"2090\" data-end=\"2191\"><strong data-start=\"2311\" data-end=\"2350\">Isolation en mousse de polyur\u00e9thane<\/strong>, sans CFC ni HCFC, assurant une <strong data-start=\"2383\" data-end=\"2416\">efficacit\u00e9 thermique maximale<\/strong>.<\/li>\r\n \t<li data-start=\"2420\" data-end=\"2518\"><strong data-start=\"2422\" data-end=\"2449\">Fond plat sans rainures<\/strong>, minimisant <strong data-start=\"2462\" data-end=\"2515\">les r\u00e9sidus de produit et facilitant le nettoyage<\/strong>.<\/li>\r\n \t<li data-start=\"2519\" data-end=\"2611\"><strong data-start=\"2521\" data-end=\"2565\">Poign\u00e9es ergonomiques int\u00e9gr\u00e9es au corps<\/strong>, pour une manipulation s\u00fbre et confortable.<\/li>\r\n \t<li data-start=\"2612\" data-end=\"2692\"><strong data-start=\"2614\" data-end=\"2644\">Chariot de transport d\u00e9di\u00e9<\/strong>, pour un d\u00e9placement plus facile et pratique.<\/li>\r\n<\/ul>","protected":false},"excerpt":{"rendered":"Le DRICY 65 est un conteneur isotherme \u00e0 ouverture sup\u00e9rieure, con\u00e7u pour le transport s\u00e9curis\u00e9 de produits \u00e0 tr\u00e8s basse temp\u00e9rature, notamment pour la glace carbonique \u00e0 -78,5\u00b0C. Capacit\u00e9 interne : 65 litres, id\u00e9al pour le stockage et le transport de glace carbonique. Empilable pour optimiser l&#8217;espace et faciliter la logistique Isolation en mousse de [&hellip;]","protected":false},"featured_media":9037,"template":"","meta":{"_acf_changed":false,"_themeisle_gutenberg_block_has_review":false},"product_brand":[],"product_cat":[912,913,661,815,973],"product_tag":[],"class_list":{"0":"post-12164","1":"product","2":"type-product","3":"status-publish","4":"has-post-thumbnail","6":"product_cat-catalogue-de-produits","7":"product_cat-conteneurs-isothermes-passifs","8":"product_cat-conteneurs-isothermes-pour-glace-carbonique-dricy","9":"product_cat-outlet-offres","10":"product_cat-conteneurs-isothermes-passifs-offres","12":"first","13":"instock","14":"product-type-variable","15":"wvs-archive-product-wrapper"},"acf":[],"yoast_head":"<!-- This site is optimized with the Yoast SEO plugin v26.4 - https:\/\/yoast.com\/wordpress\/plugins\/seo\/ -->\n<title>Bac isotherme pour tr\u00e8s basses temperatures - DRICY 65 - MELFORM<\/title>\n<meta name=\"robots\" content=\"index, follow, max-snippet:-1, max-image-preview:large, max-video-preview:-1\" \/>\n<link rel=\"canonical\" href=\"https:\/\/www.melform.com\/fr\/conteneurs-\/catalogue-de-produits\/conteneurs-isothermes-passifs\/conteneurs-isothermes-pour-glace-carbonique-dricy\/conteneur-isotherme-pour-glace-carbonique-dricy-65\/\" \/>\n<meta property=\"og:locale\" content=\"fr_FR\" \/>\n<meta property=\"og:type\" content=\"article\" \/>\n<meta property=\"og:title\" content=\"Bac isotherme pour tr\u00e8s basses temperatures - DRICY 65 - MELFORM\" \/>\n<meta property=\"og:description\" content=\"Le DRICY 65 est un conteneur isotherme \u00e0 ouverture sup\u00e9rieure, con\u00e7u pour le transport s\u00e9curis\u00e9 de produits \u00e0 tr\u00e8s basse temp\u00e9rature, notamment pour la glace carbonique \u00e0 -78,5\u00b0C. Capacit\u00e9 interne : 65 litres, id\u00e9al pour le stockage et le transport de glace carbonique. Empilable pour optimiser l&#8217;espace et faciliter la logistique Isolation en mousse de [&hellip;]\" \/>\n<meta property=\"og:url\" content=\"https:\/\/www.melform.com\/fr\/conteneurs-\/catalogue-de-produits\/conteneurs-isothermes-passifs\/conteneurs-isothermes-pour-glace-carbonique-dricy\/conteneur-isotherme-pour-glace-carbonique-dricy-65\/\" \/>\n<meta property=\"og:site_name\" content=\"MELFORM\" \/>\n<meta property=\"article:modified_time\" content=\"2025-08-24T17:14:33+00:00\" \/>\n<meta property=\"og:image\" content=\"https:\/\/www.melform.com\/wp-content\/uploads\/2022\/10\/DrIcy-65.jpg\" \/>\n\t<meta property=\"og:image:width\" content=\"1200\" \/>\n\t<meta property=\"og:image:height\" content=\"1200\" \/>\n\t<meta property=\"og:image:type\" content=\"image\/jpeg\" \/>\n<meta name=\"twitter:card\" content=\"summary_large_image\" \/>\n<script type=\"application\/ld+json\" class=\"yoast-schema-graph\">{\"@context\":\"https:\/\/schema.org\",\"@graph\":[{\"@type\":\"WebPage\",\"@id\":\"https:\/\/www.melform.com\/fr\/conteneurs-\/catalogue-de-produits\/conteneurs-isothermes-passifs\/conteneurs-isothermes-pour-glace-carbonique-dricy\/conteneur-isotherme-pour-glace-carbonique-dricy-65\/\",\"url\":\"https:\/\/www.melform.com\/fr\/conteneurs-\/catalogue-de-produits\/conteneurs-isothermes-passifs\/conteneurs-isothermes-pour-glace-carbonique-dricy\/conteneur-isotherme-pour-glace-carbonique-dricy-65\/\",\"name\":\"Bac isotherme pour tr\u00e8s basses temperatures - DRICY 65 - MELFORM\",\"isPartOf\":{\"@id\":\"https:\/\/www.melform.com\/fr\/#website\"},\"primaryImageOfPage\":{\"@id\":\"https:\/\/www.melform.com\/fr\/conteneurs-\/catalogue-de-produits\/conteneurs-isothermes-passifs\/conteneurs-isothermes-pour-glace-carbonique-dricy\/conteneur-isotherme-pour-glace-carbonique-dricy-65\/#primaryimage\"},\"image\":{\"@id\":\"https:\/\/www.melform.com\/fr\/conteneurs-\/catalogue-de-produits\/conteneurs-isothermes-passifs\/conteneurs-isothermes-pour-glace-carbonique-dricy\/conteneur-isotherme-pour-glace-carbonique-dricy-65\/#primaryimage\"},\"thumbnailUrl\":\"https:\/\/www.melform.com\/wp-content\/uploads\/2022\/10\/DrIcy-65.jpg\",\"datePublished\":\"2022-10-07T15:08:04+00:00\",\"dateModified\":\"2025-08-24T17:14:33+00:00\",\"breadcrumb\":{\"@id\":\"https:\/\/www.melform.com\/fr\/conteneurs-\/catalogue-de-produits\/conteneurs-isothermes-passifs\/conteneurs-isothermes-pour-glace-carbonique-dricy\/conteneur-isotherme-pour-glace-carbonique-dricy-65\/#breadcrumb\"},\"inLanguage\":\"fr-FR\",\"potentialAction\":[{\"@type\":\"ReadAction\",\"target\":[\"https:\/\/www.melform.com\/fr\/conteneurs-\/catalogue-de-produits\/conteneurs-isothermes-passifs\/conteneurs-isothermes-pour-glace-carbonique-dricy\/conteneur-isotherme-pour-glace-carbonique-dricy-65\/\"]}]},{\"@type\":\"ImageObject\",\"inLanguage\":\"fr-FR\",\"@id\":\"https:\/\/www.melform.com\/fr\/conteneurs-\/catalogue-de-produits\/conteneurs-isothermes-passifs\/conteneurs-isothermes-pour-glace-carbonique-dricy\/conteneur-isotherme-pour-glace-carbonique-dricy-65\/#primaryimage\",\"url\":\"https:\/\/www.melform.com\/wp-content\/uploads\/2022\/10\/DrIcy-65.jpg\",\"contentUrl\":\"https:\/\/www.melform.com\/wp-content\/uploads\/2022\/10\/DrIcy-65.jpg\",\"width\":1200,\"height\":1200},{\"@type\":\"BreadcrumbList\",\"@id\":\"https:\/\/www.melform.com\/fr\/conteneurs-\/catalogue-de-produits\/conteneurs-isothermes-passifs\/conteneurs-isothermes-pour-glace-carbonique-dricy\/conteneur-isotherme-pour-glace-carbonique-dricy-65\/#breadcrumb\",\"itemListElement\":[{\"@type\":\"ListItem\",\"position\":1,\"name\":\"Home\",\"item\":\"https:\/\/www.melform.com\/fr\/\"},{\"@type\":\"ListItem\",\"position\":2,\"name\":\"Shop\",\"item\":\"https:\/\/www.melform.com\/fr\/shop\/\"},{\"@type\":\"ListItem\",\"position\":3,\"name\":\"Bac isotherme pour tr\u00e8s basses temperatures &#8211; DRICY 65\"}]},{\"@type\":\"WebSite\",\"@id\":\"https:\/\/www.melform.com\/fr\/#website\",\"url\":\"https:\/\/www.melform.com\/fr\/\",\"name\":\"MELFORM\",\"description\":\"SISTEMI PER IL TRASPORTO E STOCCAGGIO A TEMPERATURA CONTROLLATA\",\"potentialAction\":[{\"@type\":\"SearchAction\",\"target\":{\"@type\":\"EntryPoint\",\"urlTemplate\":\"https:\/\/www.melform.com\/fr\/?s={search_term_string}\"},\"query-input\":{\"@type\":\"PropertyValueSpecification\",\"valueRequired\":true,\"valueName\":\"search_term_string\"}}],\"inLanguage\":\"fr-FR\"}]}<\/script>\n<!-- \/ Yoast SEO plugin. -->","yoast_head_json":{"title":"Bac isotherme pour tr\u00e8s basses temperatures - DRICY 65 - MELFORM","robots":{"index":"index","follow":"follow","max-snippet":"max-snippet:-1","max-image-preview":"max-image-preview:large","max-video-preview":"max-video-preview:-1"},"canonical":"https:\/\/www.melform.com\/fr\/conteneurs-\/catalogue-de-produits\/conteneurs-isothermes-passifs\/conteneurs-isothermes-pour-glace-carbonique-dricy\/conteneur-isotherme-pour-glace-carbonique-dricy-65\/","og_locale":"fr_FR","og_type":"article","og_title":"Bac isotherme pour tr\u00e8s basses temperatures - DRICY 65 - MELFORM","og_description":"Le DRICY 65 est un conteneur isotherme \u00e0 ouverture sup\u00e9rieure, con\u00e7u pour le transport s\u00e9curis\u00e9 de produits \u00e0 tr\u00e8s basse temp\u00e9rature, notamment pour la glace carbonique \u00e0 -78,5\u00b0C. Capacit\u00e9 interne : 65 litres, id\u00e9al pour le stockage et le transport de glace carbonique. Empilable pour optimiser l&#8217;espace et faciliter la logistique Isolation en mousse de [&hellip;]","og_url":"https:\/\/www.melform.com\/fr\/conteneurs-\/catalogue-de-produits\/conteneurs-isothermes-passifs\/conteneurs-isothermes-pour-glace-carbonique-dricy\/conteneur-isotherme-pour-glace-carbonique-dricy-65\/","og_site_name":"MELFORM","article_modified_time":"2025-08-24T17:14:33+00:00","og_image":[{"width":1200,"height":1200,"url":"https:\/\/www.melform.com\/wp-content\/uploads\/2022\/10\/DrIcy-65.jpg","type":"image\/jpeg"}],"twitter_card":"summary_large_image","schema":{"@context":"https:\/\/schema.org","@graph":[{"@type":"WebPage","@id":"https:\/\/www.melform.com\/fr\/conteneurs-\/catalogue-de-produits\/conteneurs-isothermes-passifs\/conteneurs-isothermes-pour-glace-carbonique-dricy\/conteneur-isotherme-pour-glace-carbonique-dricy-65\/","url":"https:\/\/www.melform.com\/fr\/conteneurs-\/catalogue-de-produits\/conteneurs-isothermes-passifs\/conteneurs-isothermes-pour-glace-carbonique-dricy\/conteneur-isotherme-pour-glace-carbonique-dricy-65\/","name":"Bac isotherme pour tr\u00e8s basses temperatures - DRICY 65 - MELFORM","isPartOf":{"@id":"https:\/\/www.melform.com\/fr\/#website"},"primaryImageOfPage":{"@id":"https:\/\/www.melform.com\/fr\/conteneurs-\/catalogue-de-produits\/conteneurs-isothermes-passifs\/conteneurs-isothermes-pour-glace-carbonique-dricy\/conteneur-isotherme-pour-glace-carbonique-dricy-65\/#primaryimage"},"image":{"@id":"https:\/\/www.melform.com\/fr\/conteneurs-\/catalogue-de-produits\/conteneurs-isothermes-passifs\/conteneurs-isothermes-pour-glace-carbonique-dricy\/conteneur-isotherme-pour-glace-carbonique-dricy-65\/#primaryimage"},"thumbnailUrl":"https:\/\/www.melform.com\/wp-content\/uploads\/2022\/10\/DrIcy-65.jpg","datePublished":"2022-10-07T15:08:04+00:00","dateModified":"2025-08-24T17:14:33+00:00","breadcrumb":{"@id":"https:\/\/www.melform.com\/fr\/conteneurs-\/catalogue-de-produits\/conteneurs-isothermes-passifs\/conteneurs-isothermes-pour-glace-carbonique-dricy\/conteneur-isotherme-pour-glace-carbonique-dricy-65\/#breadcrumb"},"inLanguage":"fr-FR","potentialAction":[{"@type":"ReadAction","target":["https:\/\/www.melform.com\/fr\/conteneurs-\/catalogue-de-produits\/conteneurs-isothermes-passifs\/conteneurs-isothermes-pour-glace-carbonique-dricy\/conteneur-isotherme-pour-glace-carbonique-dricy-65\/"]}]},{"@type":"ImageObject","inLanguage":"fr-FR","@id":"https:\/\/www.melform.com\/fr\/conteneurs-\/catalogue-de-produits\/conteneurs-isothermes-passifs\/conteneurs-isothermes-pour-glace-carbonique-dricy\/conteneur-isotherme-pour-glace-carbonique-dricy-65\/#primaryimage","url":"https:\/\/www.melform.com\/wp-content\/uploads\/2022\/10\/DrIcy-65.jpg","contentUrl":"https:\/\/www.melform.com\/wp-content\/uploads\/2022\/10\/DrIcy-65.jpg","width":1200,"height":1200},{"@type":"BreadcrumbList","@id":"https:\/\/www.melform.com\/fr\/conteneurs-\/catalogue-de-produits\/conteneurs-isothermes-passifs\/conteneurs-isothermes-pour-glace-carbonique-dricy\/conteneur-isotherme-pour-glace-carbonique-dricy-65\/#breadcrumb","itemListElement":[{"@type":"ListItem","position":1,"name":"Home","item":"https:\/\/www.melform.com\/fr\/"},{"@type":"ListItem","position":2,"name":"Shop","item":"https:\/\/www.melform.com\/fr\/shop\/"},{"@type":"ListItem","position":3,"name":"Bac isotherme pour tr\u00e8s basses temperatures &#8211; DRICY 65"}]},{"@type":"WebSite","@id":"https:\/\/www.melform.com\/fr\/#website","url":"https:\/\/www.melform.com\/fr\/","name":"MELFORM","description":"SISTEMI PER IL TRASPORTO E STOCCAGGIO A TEMPERATURA CONTROLLATA","potentialAction":[{"@type":"SearchAction","target":{"@type":"EntryPoint","urlTemplate":"https:\/\/www.melform.com\/fr\/?s={search_term_string}"},"query-input":{"@type":"PropertyValueSpecification","valueRequired":true,"valueName":"search_term_string"}}],"inLanguage":"fr-FR"}]}},"_links":{"self":[{"href":"https:\/\/www.melform.com\/fr\/wp-json\/wp\/v2\/product\/12164","targetHints":{"allow":["GET"]}}],"collection":[{"href":"https:\/\/www.melform.com\/fr\/wp-json\/wp\/v2\/product"}],"about":[{"href":"https:\/\/www.melform.com\/fr\/wp-json\/wp\/v2\/types\/product"}],"wp:featuredmedia":[{"embeddable":true,"href":"https:\/\/www.melform.com\/fr\/wp-json\/wp\/v2\/media\/9037"}],"wp:attachment":[{"href":"https:\/\/www.melform.com\/fr\/wp-json\/wp\/v2\/media?parent=12164"}],"wp:term":[{"taxonomy":"product_brand","embeddable":true,"href":"https:\/\/www.melform.com\/fr\/wp-json\/wp\/v2\/product_brand?post=12164"},{"taxonomy":"product_cat","embeddable":true,"href":"https:\/\/www.melform.com\/fr\/wp-json\/wp\/v2\/product_cat?post=12164"},{"taxonomy":"product_tag","embeddable":true,"href":"https:\/\/www.melform.com\/fr\/wp-json\/wp\/v2\/product_tag?post=12164"}],"curies":[{"name":"wp","href":"https:\/\/api.w.org\/{rel}","templated":true}]}}