{"id":12177,"date":"2022-10-07T17:08:10","date_gmt":"2022-10-07T15:08:10","guid":{"rendered":"https:\/\/www.melform.com\/product\/contenitore-isotermico-per-il-trasporto-di-ghiaccio-secco-dricy-150\/"},"modified":"2025-02-20T17:53:47","modified_gmt":"2025-02-20T15:53:47","slug":"conteneur-isotherme-pour-glace-carbonique-dricy-150","status":"publish","type":"product","link":"https:\/\/www.melform.com\/fr\/conteneurs-\/catalogue-de-produits\/conteneurs-isothermes-passifs\/conteneurs-isothermes-pour-glace-carbonique-dricy\/conteneur-isotherme-pour-glace-carbonique-dricy-150\/","title":{"rendered":"Bac isotherme pour tr\u00e8s basses temp\u00e9ratures DRICY 150"},"content":{"rendered":"<p data-start=\"1647\" data-end=\"1871\">Le <strong data-start=\"1650\" data-end=\"1683\">conteneur isotherme DRICY 150<\/strong> est con\u00e7u pour <strong data-start=\"1699\" data-end=\"1773\">le transport s\u00e9curis\u00e9 et efficace de produits \u00e0 tr\u00e8s basse temp\u00e9rature<\/strong>, garantissant <strong data-start=\"1788\" data-end=\"1868\">une utilisation pratique et d\u2019excellentes performances d\u2019isolation thermique<\/strong>.<\/p>\r\n\r\n<ul data-start=\"1914\" data-end=\"2740\">\r\n \t<li data-start=\"1914\" data-end=\"2043\"><strong data-start=\"1916\" data-end=\"1936\">Capacit\u00e9 interne<\/strong> : <strong data-start=\"1939\" data-end=\"1953\">150 litres<\/strong>, id\u00e9al pour le transport de glace carbonique et de produits sensibles \u00e0 la temp\u00e9rature.<\/li>\r\n \t<li data-start=\"2044\" data-end=\"2162\"><strong data-start=\"2046\" data-end=\"2070\">Ouverture sup\u00e9rieure<\/strong>, avec <strong data-start=\"2077\" data-end=\"2103\">hauteur r\u00e9duite du sol<\/strong>, facilitant le chargement et la r\u00e9cup\u00e9ration du contenu.<\/li>\r\n \t<li data-start=\"2163\" data-end=\"2283\"><strong data-start=\"2165\" data-end=\"2185\">Design empilable<\/strong>, avec <strong data-start=\"2192\" data-end=\"2231\">logements sp\u00e9ciaux sur le couvercle<\/strong>, optimisant l\u2019espace de stockage et de transport.<\/li>\r\n \t<li data-start=\"2284\" data-end=\"2425\"><strong data-start=\"2286\" data-end=\"2335\">Fermeture double en acier inoxydable r\u00e9glable<\/strong>, dot\u00e9e d\u2019un <strong data-start=\"2348\" data-end=\"2370\">\u0153illet pour scell\u00e9<\/strong>, assurant la s\u00e9curit\u00e9 et la protection de la charge.<\/li>\r\n \t<li data-start=\"2426\" data-end=\"2542\"><strong data-start=\"2428\" data-end=\"2455\">Fond plat sans rainures<\/strong>, con\u00e7u pour <strong data-start=\"2468\" data-end=\"2513\">r\u00e9duire au minimum les r\u00e9sidus de produit<\/strong> et faciliter le nettoyage.<\/li>\r\n \t<li data-start=\"2543\" data-end=\"2627\"><strong data-start=\"2545\" data-end=\"2568\">\u00c9vacuation centrale<\/strong>, pour une gestion optimale de l\u2019\u00e9coulement des liquides.<\/li>\r\n \t<li data-start=\"2628\" data-end=\"2740\"><strong data-start=\"2630\" data-end=\"2655\">Poign\u00e9es ergonomiques<\/strong>, int\u00e9gr\u00e9es pour une <strong data-start=\"2676\" data-end=\"2713\">prise en main s\u00fbre et confortable<\/strong> lors de la manipulation.<\/li>\r\n<\/ul>","protected":false},"excerpt":{"rendered":"Le conteneur isotherme DRICY 150 est con\u00e7u pour le transport s\u00e9curis\u00e9 et efficace de produits \u00e0 tr\u00e8s basse temp\u00e9rature, garantissant une utilisation pratique et d\u2019excellentes performances d\u2019isolation thermique. Capacit\u00e9 interne : 150 litres, id\u00e9al pour le transport de glace carbonique et de produits sensibles \u00e0 la temp\u00e9rature. Ouverture sup\u00e9rieure, avec hauteur r\u00e9duite du sol, facilitant [&hellip;]","protected":false},"featured_media":9043,"template":"","meta":{"_acf_changed":false,"_themeisle_gutenberg_block_has_review":false},"product_brand":[],"product_cat":[912,913,661,815,973],"product_tag":[],"class_list":{"0":"post-12177","1":"product","2":"type-product","3":"status-publish","4":"has-post-thumbnail","6":"product_cat-catalogue-de-produits","7":"product_cat-conteneurs-isothermes-passifs","8":"product_cat-conteneurs-isothermes-pour-glace-carbonique-dricy","9":"product_cat-outlet-offres","10":"product_cat-conteneurs-isothermes-passifs-offres","11":"pa_basamento-basic-fr","12":"pa_basamento-palette","13":"pa_basamento-roues","14":"pa_linea-dricy-fr-2","15":"pa_moq-1-fr","17":"first","18":"instock","19":"product-type-variable","20":"wvs-archive-product-wrapper"},"acf":[],"yoast_head":"<!-- This site is optimized with the Yoast SEO plugin v26.4 - https:\/\/yoast.com\/wordpress\/plugins\/seo\/ -->\n<title>Bac isotherme pour tr\u00e8s basses temp\u00e9ratures DRICY 150 - MELFORM<\/title>\n<meta name=\"robots\" content=\"index, follow, max-snippet:-1, max-image-preview:large, max-video-preview:-1\" \/>\n<link rel=\"canonical\" href=\"https:\/\/www.melform.com\/fr\/conteneurs-\/catalogue-de-produits\/conteneurs-isothermes-passifs\/conteneurs-isothermes-pour-glace-carbonique-dricy\/conteneur-isotherme-pour-glace-carbonique-dricy-150\/\" \/>\n<meta property=\"og:locale\" content=\"fr_FR\" \/>\n<meta property=\"og:type\" content=\"article\" \/>\n<meta property=\"og:title\" content=\"Bac isotherme pour tr\u00e8s basses temp\u00e9ratures DRICY 150 - MELFORM\" \/>\n<meta property=\"og:description\" content=\"Le conteneur isotherme DRICY 150 est con\u00e7u pour le transport s\u00e9curis\u00e9 et efficace de produits \u00e0 tr\u00e8s basse temp\u00e9rature, garantissant une utilisation pratique et d\u2019excellentes performances d\u2019isolation thermique. Capacit\u00e9 interne : 150 litres, id\u00e9al pour le transport de glace carbonique et de produits sensibles \u00e0 la temp\u00e9rature. Ouverture sup\u00e9rieure, avec hauteur r\u00e9duite du sol, facilitant [&hellip;]\" \/>\n<meta property=\"og:url\" content=\"https:\/\/www.melform.com\/fr\/conteneurs-\/catalogue-de-produits\/conteneurs-isothermes-passifs\/conteneurs-isothermes-pour-glace-carbonique-dricy\/conteneur-isotherme-pour-glace-carbonique-dricy-150\/\" \/>\n<meta property=\"og:site_name\" content=\"MELFORM\" \/>\n<meta property=\"article:modified_time\" content=\"2025-02-20T15:53:47+00:00\" \/>\n<meta property=\"og:image\" content=\"https:\/\/www.melform.com\/wp-content\/uploads\/2022\/10\/DrIcy-150.jpg\" \/>\n\t<meta property=\"og:image:width\" content=\"1200\" \/>\n\t<meta property=\"og:image:height\" content=\"1200\" \/>\n\t<meta property=\"og:image:type\" content=\"image\/jpeg\" \/>\n<meta name=\"twitter:card\" content=\"summary_large_image\" \/>\n<script type=\"application\/ld+json\" class=\"yoast-schema-graph\">{\"@context\":\"https:\/\/schema.org\",\"@graph\":[{\"@type\":\"WebPage\",\"@id\":\"https:\/\/www.melform.com\/fr\/conteneurs-\/catalogue-de-produits\/conteneurs-isothermes-passifs\/conteneurs-isothermes-pour-glace-carbonique-dricy\/conteneur-isotherme-pour-glace-carbonique-dricy-150\/\",\"url\":\"https:\/\/www.melform.com\/fr\/conteneurs-\/catalogue-de-produits\/conteneurs-isothermes-passifs\/conteneurs-isothermes-pour-glace-carbonique-dricy\/conteneur-isotherme-pour-glace-carbonique-dricy-150\/\",\"name\":\"Bac isotherme pour tr\u00e8s basses temp\u00e9ratures DRICY 150 - MELFORM\",\"isPartOf\":{\"@id\":\"https:\/\/www.melform.com\/fr\/#website\"},\"primaryImageOfPage\":{\"@id\":\"https:\/\/www.melform.com\/fr\/conteneurs-\/catalogue-de-produits\/conteneurs-isothermes-passifs\/conteneurs-isothermes-pour-glace-carbonique-dricy\/conteneur-isotherme-pour-glace-carbonique-dricy-150\/#primaryimage\"},\"image\":{\"@id\":\"https:\/\/www.melform.com\/fr\/conteneurs-\/catalogue-de-produits\/conteneurs-isothermes-passifs\/conteneurs-isothermes-pour-glace-carbonique-dricy\/conteneur-isotherme-pour-glace-carbonique-dricy-150\/#primaryimage\"},\"thumbnailUrl\":\"https:\/\/www.melform.com\/wp-content\/uploads\/2022\/10\/DrIcy-150.jpg\",\"datePublished\":\"2022-10-07T15:08:10+00:00\",\"dateModified\":\"2025-02-20T15:53:47+00:00\",\"breadcrumb\":{\"@id\":\"https:\/\/www.melform.com\/fr\/conteneurs-\/catalogue-de-produits\/conteneurs-isothermes-passifs\/conteneurs-isothermes-pour-glace-carbonique-dricy\/conteneur-isotherme-pour-glace-carbonique-dricy-150\/#breadcrumb\"},\"inLanguage\":\"fr-FR\",\"potentialAction\":[{\"@type\":\"ReadAction\",\"target\":[\"https:\/\/www.melform.com\/fr\/conteneurs-\/catalogue-de-produits\/conteneurs-isothermes-passifs\/conteneurs-isothermes-pour-glace-carbonique-dricy\/conteneur-isotherme-pour-glace-carbonique-dricy-150\/\"]}]},{\"@type\":\"ImageObject\",\"inLanguage\":\"fr-FR\",\"@id\":\"https:\/\/www.melform.com\/fr\/conteneurs-\/catalogue-de-produits\/conteneurs-isothermes-passifs\/conteneurs-isothermes-pour-glace-carbonique-dricy\/conteneur-isotherme-pour-glace-carbonique-dricy-150\/#primaryimage\",\"url\":\"https:\/\/www.melform.com\/wp-content\/uploads\/2022\/10\/DrIcy-150.jpg\",\"contentUrl\":\"https:\/\/www.melform.com\/wp-content\/uploads\/2022\/10\/DrIcy-150.jpg\",\"width\":1200,\"height\":1200},{\"@type\":\"BreadcrumbList\",\"@id\":\"https:\/\/www.melform.com\/fr\/conteneurs-\/catalogue-de-produits\/conteneurs-isothermes-passifs\/conteneurs-isothermes-pour-glace-carbonique-dricy\/conteneur-isotherme-pour-glace-carbonique-dricy-150\/#breadcrumb\",\"itemListElement\":[{\"@type\":\"ListItem\",\"position\":1,\"name\":\"Home\",\"item\":\"https:\/\/www.melform.com\/fr\/\"},{\"@type\":\"ListItem\",\"position\":2,\"name\":\"Shop\",\"item\":\"https:\/\/www.melform.com\/fr\/shop\/\"},{\"@type\":\"ListItem\",\"position\":3,\"name\":\"Bac isotherme pour tr\u00e8s basses temp\u00e9ratures DRICY 150\"}]},{\"@type\":\"WebSite\",\"@id\":\"https:\/\/www.melform.com\/fr\/#website\",\"url\":\"https:\/\/www.melform.com\/fr\/\",\"name\":\"MELFORM\",\"description\":\"SISTEMI PER IL TRASPORTO E STOCCAGGIO A TEMPERATURA CONTROLLATA\",\"potentialAction\":[{\"@type\":\"SearchAction\",\"target\":{\"@type\":\"EntryPoint\",\"urlTemplate\":\"https:\/\/www.melform.com\/fr\/?s={search_term_string}\"},\"query-input\":{\"@type\":\"PropertyValueSpecification\",\"valueRequired\":true,\"valueName\":\"search_term_string\"}}],\"inLanguage\":\"fr-FR\"}]}<\/script>\n<!-- \/ Yoast SEO plugin. -->","yoast_head_json":{"title":"Bac isotherme pour tr\u00e8s basses temp\u00e9ratures DRICY 150 - MELFORM","robots":{"index":"index","follow":"follow","max-snippet":"max-snippet:-1","max-image-preview":"max-image-preview:large","max-video-preview":"max-video-preview:-1"},"canonical":"https:\/\/www.melform.com\/fr\/conteneurs-\/catalogue-de-produits\/conteneurs-isothermes-passifs\/conteneurs-isothermes-pour-glace-carbonique-dricy\/conteneur-isotherme-pour-glace-carbonique-dricy-150\/","og_locale":"fr_FR","og_type":"article","og_title":"Bac isotherme pour tr\u00e8s basses temp\u00e9ratures DRICY 150 - MELFORM","og_description":"Le conteneur isotherme DRICY 150 est con\u00e7u pour le transport s\u00e9curis\u00e9 et efficace de produits \u00e0 tr\u00e8s basse temp\u00e9rature, garantissant une utilisation pratique et d\u2019excellentes performances d\u2019isolation thermique. Capacit\u00e9 interne : 150 litres, id\u00e9al pour le transport de glace carbonique et de produits sensibles \u00e0 la temp\u00e9rature. Ouverture sup\u00e9rieure, avec hauteur r\u00e9duite du sol, facilitant [&hellip;]","og_url":"https:\/\/www.melform.com\/fr\/conteneurs-\/catalogue-de-produits\/conteneurs-isothermes-passifs\/conteneurs-isothermes-pour-glace-carbonique-dricy\/conteneur-isotherme-pour-glace-carbonique-dricy-150\/","og_site_name":"MELFORM","article_modified_time":"2025-02-20T15:53:47+00:00","og_image":[{"width":1200,"height":1200,"url":"https:\/\/www.melform.com\/wp-content\/uploads\/2022\/10\/DrIcy-150.jpg","type":"image\/jpeg"}],"twitter_card":"summary_large_image","schema":{"@context":"https:\/\/schema.org","@graph":[{"@type":"WebPage","@id":"https:\/\/www.melform.com\/fr\/conteneurs-\/catalogue-de-produits\/conteneurs-isothermes-passifs\/conteneurs-isothermes-pour-glace-carbonique-dricy\/conteneur-isotherme-pour-glace-carbonique-dricy-150\/","url":"https:\/\/www.melform.com\/fr\/conteneurs-\/catalogue-de-produits\/conteneurs-isothermes-passifs\/conteneurs-isothermes-pour-glace-carbonique-dricy\/conteneur-isotherme-pour-glace-carbonique-dricy-150\/","name":"Bac isotherme pour tr\u00e8s basses temp\u00e9ratures DRICY 150 - MELFORM","isPartOf":{"@id":"https:\/\/www.melform.com\/fr\/#website"},"primaryImageOfPage":{"@id":"https:\/\/www.melform.com\/fr\/conteneurs-\/catalogue-de-produits\/conteneurs-isothermes-passifs\/conteneurs-isothermes-pour-glace-carbonique-dricy\/conteneur-isotherme-pour-glace-carbonique-dricy-150\/#primaryimage"},"image":{"@id":"https:\/\/www.melform.com\/fr\/conteneurs-\/catalogue-de-produits\/conteneurs-isothermes-passifs\/conteneurs-isothermes-pour-glace-carbonique-dricy\/conteneur-isotherme-pour-glace-carbonique-dricy-150\/#primaryimage"},"thumbnailUrl":"https:\/\/www.melform.com\/wp-content\/uploads\/2022\/10\/DrIcy-150.jpg","datePublished":"2022-10-07T15:08:10+00:00","dateModified":"2025-02-20T15:53:47+00:00","breadcrumb":{"@id":"https:\/\/www.melform.com\/fr\/conteneurs-\/catalogue-de-produits\/conteneurs-isothermes-passifs\/conteneurs-isothermes-pour-glace-carbonique-dricy\/conteneur-isotherme-pour-glace-carbonique-dricy-150\/#breadcrumb"},"inLanguage":"fr-FR","potentialAction":[{"@type":"ReadAction","target":["https:\/\/www.melform.com\/fr\/conteneurs-\/catalogue-de-produits\/conteneurs-isothermes-passifs\/conteneurs-isothermes-pour-glace-carbonique-dricy\/conteneur-isotherme-pour-glace-carbonique-dricy-150\/"]}]},{"@type":"ImageObject","inLanguage":"fr-FR","@id":"https:\/\/www.melform.com\/fr\/conteneurs-\/catalogue-de-produits\/conteneurs-isothermes-passifs\/conteneurs-isothermes-pour-glace-carbonique-dricy\/conteneur-isotherme-pour-glace-carbonique-dricy-150\/#primaryimage","url":"https:\/\/www.melform.com\/wp-content\/uploads\/2022\/10\/DrIcy-150.jpg","contentUrl":"https:\/\/www.melform.com\/wp-content\/uploads\/2022\/10\/DrIcy-150.jpg","width":1200,"height":1200},{"@type":"BreadcrumbList","@id":"https:\/\/www.melform.com\/fr\/conteneurs-\/catalogue-de-produits\/conteneurs-isothermes-passifs\/conteneurs-isothermes-pour-glace-carbonique-dricy\/conteneur-isotherme-pour-glace-carbonique-dricy-150\/#breadcrumb","itemListElement":[{"@type":"ListItem","position":1,"name":"Home","item":"https:\/\/www.melform.com\/fr\/"},{"@type":"ListItem","position":2,"name":"Shop","item":"https:\/\/www.melform.com\/fr\/shop\/"},{"@type":"ListItem","position":3,"name":"Bac isotherme pour tr\u00e8s basses temp\u00e9ratures DRICY 150"}]},{"@type":"WebSite","@id":"https:\/\/www.melform.com\/fr\/#website","url":"https:\/\/www.melform.com\/fr\/","name":"MELFORM","description":"SISTEMI PER IL TRASPORTO E STOCCAGGIO A TEMPERATURA CONTROLLATA","potentialAction":[{"@type":"SearchAction","target":{"@type":"EntryPoint","urlTemplate":"https:\/\/www.melform.com\/fr\/?s={search_term_string}"},"query-input":{"@type":"PropertyValueSpecification","valueRequired":true,"valueName":"search_term_string"}}],"inLanguage":"fr-FR"}]}},"_links":{"self":[{"href":"https:\/\/www.melform.com\/fr\/wp-json\/wp\/v2\/product\/12177","targetHints":{"allow":["GET"]}}],"collection":[{"href":"https:\/\/www.melform.com\/fr\/wp-json\/wp\/v2\/product"}],"about":[{"href":"https:\/\/www.melform.com\/fr\/wp-json\/wp\/v2\/types\/product"}],"wp:featuredmedia":[{"embeddable":true,"href":"https:\/\/www.melform.com\/fr\/wp-json\/wp\/v2\/media\/9043"}],"wp:attachment":[{"href":"https:\/\/www.melform.com\/fr\/wp-json\/wp\/v2\/media?parent=12177"}],"wp:term":[{"taxonomy":"product_brand","embeddable":true,"href":"https:\/\/www.melform.com\/fr\/wp-json\/wp\/v2\/product_brand?post=12177"},{"taxonomy":"product_cat","embeddable":true,"href":"https:\/\/www.melform.com\/fr\/wp-json\/wp\/v2\/product_cat?post=12177"},{"taxonomy":"product_tag","embeddable":true,"href":"https:\/\/www.melform.com\/fr\/wp-json\/wp\/v2\/product_tag?post=12177"}],"curies":[{"name":"wp","href":"https:\/\/api.w.org\/{rel}","templated":true}]}}