{"id":12183,"date":"2022-10-07T17:08:16","date_gmt":"2022-10-07T15:08:16","guid":{"rendered":"https:\/\/www.melform.com\/product\/contenitore-isotermico-per-il-trasporto-di-ghiaccio-secco-dricy-360\/"},"modified":"2025-02-20T18:12:22","modified_gmt":"2025-02-20T16:12:22","slug":"conteneur-isotherme-pour-glace-carbonique-dricy-360","status":"publish","type":"product","link":"https:\/\/www.melform.com\/fr\/conteneurs-\/catalogue-de-produits\/conteneurs-isothermes-passifs\/conteneurs-isothermes-pour-glace-carbonique-dricy\/conteneur-isotherme-pour-glace-carbonique-dricy-360\/","title":{"rendered":"Roll isotherme pour tr\u00e8s basses temp\u00e9ratures DRICY 360"},"content":{"rendered":"<h5 data-start=\"1527\" data-end=\"1621\"><b>\u00a0<\/b>Le <strong data-start=\"1626\" data-end=\"1659\">conteneur isotherme DRICY 360<\/strong> est con\u00e7u pour le <strong data-start=\"1678\" data-end=\"1748\">transport et le stockage s\u00e9curis\u00e9 de la glace carbonique \u00e0 -78,5\u00b0C<\/strong>, garantissant <strong data-start=\"1763\" data-end=\"1828\">une efficacit\u00e9 thermique maximale et une utilisation pratique<\/strong>.<\/h5>\r\n<ul data-start=\"1874\" data-end=\"2637\">\r\n \t<li data-start=\"1874\" data-end=\"1911\"><strong data-start=\"1876\" data-end=\"1896\">Capacit\u00e9 interne<\/strong> : 365 litres<\/li>\r\n \t<li data-start=\"1912\" data-end=\"2003\"><strong data-start=\"1914\" data-end=\"1940\">Hauteur r\u00e9duite du sol<\/strong>, facilitant <strong data-start=\"1953\" data-end=\"1989\">le chargement et le d\u00e9chargement<\/strong> du contenu.<\/li>\r\n \t<li data-start=\"2004\" data-end=\"2132\"><strong data-start=\"2006\" data-end=\"2029\">Structure empilable<\/strong>, gr\u00e2ce \u00e0 des <strong data-start=\"2043\" data-end=\"2080\">logements d\u00e9di\u00e9s sur le couvercle<\/strong>, optimisant l\u2019espace de stockage et de transport.<\/li>\r\n \t<li data-start=\"2133\" data-end=\"2231\"><strong data-start=\"2135\" data-end=\"2162\">Fond plat sans rainures<\/strong>, minimisant <strong data-start=\"2175\" data-end=\"2201\">les r\u00e9sidus de produit<\/strong> et facilitant le nettoyage.<\/li>\r\n \t<li data-start=\"2232\" data-end=\"2304\"><strong data-start=\"2234\" data-end=\"2257\">\u00c9vacuation centrale<\/strong>, assurant une gestion efficace des liquides.<\/li>\r\n \t<li data-start=\"2305\" data-end=\"2438\"><strong data-start=\"2307\" data-end=\"2356\">Fermeture double en acier inoxydable r\u00e9glable<\/strong>, avec <strong data-start=\"2363\" data-end=\"2385\">\u0153illet pour scell\u00e9<\/strong>, offrant une s\u00e9curit\u00e9 accrue pendant le transport.<\/li>\r\n \t<li data-start=\"2439\" data-end=\"2518\"><strong data-start=\"2441\" data-end=\"2478\">Cadre renforc\u00e9 en acier galvanis\u00e9<\/strong>, garantissant solidit\u00e9 et durabilit\u00e9.<\/li>\r\n \t<li data-start=\"2519\" data-end=\"2637\"><strong data-start=\"2521\" data-end=\"2564\">Syst\u00e8me d\u2019amortisseurs \u00e0 ressorts \u00e0 gaz<\/strong>, facilitant <strong data-start=\"2577\" data-end=\"2605\">l\u2019ouverture du conteneur<\/strong> et am\u00e9liorant sa maniabilit\u00e9.<\/li>\r\n<\/ul>","protected":false},"excerpt":{"rendered":"\u00a0Le conteneur isotherme DRICY 360 est con\u00e7u pour le transport et le stockage s\u00e9curis\u00e9 de la glace carbonique \u00e0 -78,5\u00b0C, garantissant une efficacit\u00e9 thermique maximale et une utilisation pratique. Capacit\u00e9 interne : 365 litres Hauteur r\u00e9duite du sol, facilitant le chargement et le d\u00e9chargement du contenu. Structure empilable, gr\u00e2ce \u00e0 des logements d\u00e9di\u00e9s sur le [&hellip;]","protected":false},"featured_media":9046,"template":"","meta":{"_acf_changed":false,"_themeisle_gutenberg_block_has_review":false},"product_brand":[],"product_cat":[912,913,661],"product_tag":[],"class_list":{"0":"post-12183","1":"product","2":"type-product","3":"status-publish","4":"has-post-thumbnail","6":"product_cat-catalogue-de-produits","7":"product_cat-conteneurs-isothermes-passifs","8":"product_cat-conteneurs-isothermes-pour-glace-carbonique-dricy","9":"pa_basamento-basic-fr","10":"pa_basamento-palette","11":"pa_basamento-roues","12":"pa_linea-dricy-fr-2","14":"first","15":"instock","16":"product-type-variable","17":"wvs-archive-product-wrapper"},"acf":[],"yoast_head":"<!-- This site is optimized with the Yoast SEO plugin v26.4 - https:\/\/yoast.com\/wordpress\/plugins\/seo\/ -->\n<title>Roll isotherme pour tr\u00e8s basses temp\u00e9ratures DRICY 360 - MELFORM<\/title>\n<meta name=\"robots\" content=\"index, follow, max-snippet:-1, max-image-preview:large, max-video-preview:-1\" \/>\n<link rel=\"canonical\" href=\"https:\/\/www.melform.com\/fr\/conteneurs-\/catalogue-de-produits\/conteneurs-isothermes-passifs\/conteneurs-isothermes-pour-glace-carbonique-dricy\/conteneur-isotherme-pour-glace-carbonique-dricy-360\/\" \/>\n<meta property=\"og:locale\" content=\"fr_FR\" \/>\n<meta property=\"og:type\" content=\"article\" \/>\n<meta property=\"og:title\" content=\"Roll isotherme pour tr\u00e8s basses temp\u00e9ratures DRICY 360 - MELFORM\" \/>\n<meta property=\"og:description\" content=\"\u00a0Le conteneur isotherme DRICY 360 est con\u00e7u pour le transport et le stockage s\u00e9curis\u00e9 de la glace carbonique \u00e0 -78,5\u00b0C, garantissant une efficacit\u00e9 thermique maximale et une utilisation pratique. Capacit\u00e9 interne : 365 litres Hauteur r\u00e9duite du sol, facilitant le chargement et le d\u00e9chargement du contenu. Structure empilable, gr\u00e2ce \u00e0 des logements d\u00e9di\u00e9s sur le [&hellip;]\" \/>\n<meta property=\"og:url\" content=\"https:\/\/www.melform.com\/fr\/conteneurs-\/catalogue-de-produits\/conteneurs-isothermes-passifs\/conteneurs-isothermes-pour-glace-carbonique-dricy\/conteneur-isotherme-pour-glace-carbonique-dricy-360\/\" \/>\n<meta property=\"og:site_name\" content=\"MELFORM\" \/>\n<meta property=\"article:modified_time\" content=\"2025-02-20T16:12:22+00:00\" \/>\n<meta property=\"og:image\" content=\"https:\/\/www.melform.com\/wp-content\/uploads\/2022\/10\/DrIcy-360.jpg\" \/>\n\t<meta property=\"og:image:width\" content=\"1200\" \/>\n\t<meta property=\"og:image:height\" content=\"1200\" \/>\n\t<meta property=\"og:image:type\" content=\"image\/jpeg\" \/>\n<meta name=\"twitter:card\" content=\"summary_large_image\" \/>\n<script type=\"application\/ld+json\" class=\"yoast-schema-graph\">{\"@context\":\"https:\/\/schema.org\",\"@graph\":[{\"@type\":\"WebPage\",\"@id\":\"https:\/\/www.melform.com\/fr\/conteneurs-\/catalogue-de-produits\/conteneurs-isothermes-passifs\/conteneurs-isothermes-pour-glace-carbonique-dricy\/conteneur-isotherme-pour-glace-carbonique-dricy-360\/\",\"url\":\"https:\/\/www.melform.com\/fr\/conteneurs-\/catalogue-de-produits\/conteneurs-isothermes-passifs\/conteneurs-isothermes-pour-glace-carbonique-dricy\/conteneur-isotherme-pour-glace-carbonique-dricy-360\/\",\"name\":\"Roll isotherme pour tr\u00e8s basses temp\u00e9ratures DRICY 360 - MELFORM\",\"isPartOf\":{\"@id\":\"https:\/\/www.melform.com\/fr\/#website\"},\"primaryImageOfPage\":{\"@id\":\"https:\/\/www.melform.com\/fr\/conteneurs-\/catalogue-de-produits\/conteneurs-isothermes-passifs\/conteneurs-isothermes-pour-glace-carbonique-dricy\/conteneur-isotherme-pour-glace-carbonique-dricy-360\/#primaryimage\"},\"image\":{\"@id\":\"https:\/\/www.melform.com\/fr\/conteneurs-\/catalogue-de-produits\/conteneurs-isothermes-passifs\/conteneurs-isothermes-pour-glace-carbonique-dricy\/conteneur-isotherme-pour-glace-carbonique-dricy-360\/#primaryimage\"},\"thumbnailUrl\":\"https:\/\/www.melform.com\/wp-content\/uploads\/2022\/10\/DrIcy-360.jpg\",\"datePublished\":\"2022-10-07T15:08:16+00:00\",\"dateModified\":\"2025-02-20T16:12:22+00:00\",\"breadcrumb\":{\"@id\":\"https:\/\/www.melform.com\/fr\/conteneurs-\/catalogue-de-produits\/conteneurs-isothermes-passifs\/conteneurs-isothermes-pour-glace-carbonique-dricy\/conteneur-isotherme-pour-glace-carbonique-dricy-360\/#breadcrumb\"},\"inLanguage\":\"fr-FR\",\"potentialAction\":[{\"@type\":\"ReadAction\",\"target\":[\"https:\/\/www.melform.com\/fr\/conteneurs-\/catalogue-de-produits\/conteneurs-isothermes-passifs\/conteneurs-isothermes-pour-glace-carbonique-dricy\/conteneur-isotherme-pour-glace-carbonique-dricy-360\/\"]}]},{\"@type\":\"ImageObject\",\"inLanguage\":\"fr-FR\",\"@id\":\"https:\/\/www.melform.com\/fr\/conteneurs-\/catalogue-de-produits\/conteneurs-isothermes-passifs\/conteneurs-isothermes-pour-glace-carbonique-dricy\/conteneur-isotherme-pour-glace-carbonique-dricy-360\/#primaryimage\",\"url\":\"https:\/\/www.melform.com\/wp-content\/uploads\/2022\/10\/DrIcy-360.jpg\",\"contentUrl\":\"https:\/\/www.melform.com\/wp-content\/uploads\/2022\/10\/DrIcy-360.jpg\",\"width\":1200,\"height\":1200},{\"@type\":\"BreadcrumbList\",\"@id\":\"https:\/\/www.melform.com\/fr\/conteneurs-\/catalogue-de-produits\/conteneurs-isothermes-passifs\/conteneurs-isothermes-pour-glace-carbonique-dricy\/conteneur-isotherme-pour-glace-carbonique-dricy-360\/#breadcrumb\",\"itemListElement\":[{\"@type\":\"ListItem\",\"position\":1,\"name\":\"Home\",\"item\":\"https:\/\/www.melform.com\/fr\/\"},{\"@type\":\"ListItem\",\"position\":2,\"name\":\"Shop\",\"item\":\"https:\/\/www.melform.com\/fr\/shop\/\"},{\"@type\":\"ListItem\",\"position\":3,\"name\":\"Roll isotherme pour tr\u00e8s basses temp\u00e9ratures DRICY 360\"}]},{\"@type\":\"WebSite\",\"@id\":\"https:\/\/www.melform.com\/fr\/#website\",\"url\":\"https:\/\/www.melform.com\/fr\/\",\"name\":\"MELFORM\",\"description\":\"SISTEMI PER IL TRASPORTO E STOCCAGGIO A TEMPERATURA CONTROLLATA\",\"potentialAction\":[{\"@type\":\"SearchAction\",\"target\":{\"@type\":\"EntryPoint\",\"urlTemplate\":\"https:\/\/www.melform.com\/fr\/?s={search_term_string}\"},\"query-input\":{\"@type\":\"PropertyValueSpecification\",\"valueRequired\":true,\"valueName\":\"search_term_string\"}}],\"inLanguage\":\"fr-FR\"}]}<\/script>\n<!-- \/ Yoast SEO plugin. -->","yoast_head_json":{"title":"Roll isotherme pour tr\u00e8s basses temp\u00e9ratures DRICY 360 - MELFORM","robots":{"index":"index","follow":"follow","max-snippet":"max-snippet:-1","max-image-preview":"max-image-preview:large","max-video-preview":"max-video-preview:-1"},"canonical":"https:\/\/www.melform.com\/fr\/conteneurs-\/catalogue-de-produits\/conteneurs-isothermes-passifs\/conteneurs-isothermes-pour-glace-carbonique-dricy\/conteneur-isotherme-pour-glace-carbonique-dricy-360\/","og_locale":"fr_FR","og_type":"article","og_title":"Roll isotherme pour tr\u00e8s basses temp\u00e9ratures DRICY 360 - MELFORM","og_description":"\u00a0Le conteneur isotherme DRICY 360 est con\u00e7u pour le transport et le stockage s\u00e9curis\u00e9 de la glace carbonique \u00e0 -78,5\u00b0C, garantissant une efficacit\u00e9 thermique maximale et une utilisation pratique. Capacit\u00e9 interne : 365 litres Hauteur r\u00e9duite du sol, facilitant le chargement et le d\u00e9chargement du contenu. Structure empilable, gr\u00e2ce \u00e0 des logements d\u00e9di\u00e9s sur le [&hellip;]","og_url":"https:\/\/www.melform.com\/fr\/conteneurs-\/catalogue-de-produits\/conteneurs-isothermes-passifs\/conteneurs-isothermes-pour-glace-carbonique-dricy\/conteneur-isotherme-pour-glace-carbonique-dricy-360\/","og_site_name":"MELFORM","article_modified_time":"2025-02-20T16:12:22+00:00","og_image":[{"width":1200,"height":1200,"url":"https:\/\/www.melform.com\/wp-content\/uploads\/2022\/10\/DrIcy-360.jpg","type":"image\/jpeg"}],"twitter_card":"summary_large_image","schema":{"@context":"https:\/\/schema.org","@graph":[{"@type":"WebPage","@id":"https:\/\/www.melform.com\/fr\/conteneurs-\/catalogue-de-produits\/conteneurs-isothermes-passifs\/conteneurs-isothermes-pour-glace-carbonique-dricy\/conteneur-isotherme-pour-glace-carbonique-dricy-360\/","url":"https:\/\/www.melform.com\/fr\/conteneurs-\/catalogue-de-produits\/conteneurs-isothermes-passifs\/conteneurs-isothermes-pour-glace-carbonique-dricy\/conteneur-isotherme-pour-glace-carbonique-dricy-360\/","name":"Roll isotherme pour tr\u00e8s basses temp\u00e9ratures DRICY 360 - MELFORM","isPartOf":{"@id":"https:\/\/www.melform.com\/fr\/#website"},"primaryImageOfPage":{"@id":"https:\/\/www.melform.com\/fr\/conteneurs-\/catalogue-de-produits\/conteneurs-isothermes-passifs\/conteneurs-isothermes-pour-glace-carbonique-dricy\/conteneur-isotherme-pour-glace-carbonique-dricy-360\/#primaryimage"},"image":{"@id":"https:\/\/www.melform.com\/fr\/conteneurs-\/catalogue-de-produits\/conteneurs-isothermes-passifs\/conteneurs-isothermes-pour-glace-carbonique-dricy\/conteneur-isotherme-pour-glace-carbonique-dricy-360\/#primaryimage"},"thumbnailUrl":"https:\/\/www.melform.com\/wp-content\/uploads\/2022\/10\/DrIcy-360.jpg","datePublished":"2022-10-07T15:08:16+00:00","dateModified":"2025-02-20T16:12:22+00:00","breadcrumb":{"@id":"https:\/\/www.melform.com\/fr\/conteneurs-\/catalogue-de-produits\/conteneurs-isothermes-passifs\/conteneurs-isothermes-pour-glace-carbonique-dricy\/conteneur-isotherme-pour-glace-carbonique-dricy-360\/#breadcrumb"},"inLanguage":"fr-FR","potentialAction":[{"@type":"ReadAction","target":["https:\/\/www.melform.com\/fr\/conteneurs-\/catalogue-de-produits\/conteneurs-isothermes-passifs\/conteneurs-isothermes-pour-glace-carbonique-dricy\/conteneur-isotherme-pour-glace-carbonique-dricy-360\/"]}]},{"@type":"ImageObject","inLanguage":"fr-FR","@id":"https:\/\/www.melform.com\/fr\/conteneurs-\/catalogue-de-produits\/conteneurs-isothermes-passifs\/conteneurs-isothermes-pour-glace-carbonique-dricy\/conteneur-isotherme-pour-glace-carbonique-dricy-360\/#primaryimage","url":"https:\/\/www.melform.com\/wp-content\/uploads\/2022\/10\/DrIcy-360.jpg","contentUrl":"https:\/\/www.melform.com\/wp-content\/uploads\/2022\/10\/DrIcy-360.jpg","width":1200,"height":1200},{"@type":"BreadcrumbList","@id":"https:\/\/www.melform.com\/fr\/conteneurs-\/catalogue-de-produits\/conteneurs-isothermes-passifs\/conteneurs-isothermes-pour-glace-carbonique-dricy\/conteneur-isotherme-pour-glace-carbonique-dricy-360\/#breadcrumb","itemListElement":[{"@type":"ListItem","position":1,"name":"Home","item":"https:\/\/www.melform.com\/fr\/"},{"@type":"ListItem","position":2,"name":"Shop","item":"https:\/\/www.melform.com\/fr\/shop\/"},{"@type":"ListItem","position":3,"name":"Roll isotherme pour tr\u00e8s basses temp\u00e9ratures DRICY 360"}]},{"@type":"WebSite","@id":"https:\/\/www.melform.com\/fr\/#website","url":"https:\/\/www.melform.com\/fr\/","name":"MELFORM","description":"SISTEMI PER IL TRASPORTO E STOCCAGGIO A TEMPERATURA CONTROLLATA","potentialAction":[{"@type":"SearchAction","target":{"@type":"EntryPoint","urlTemplate":"https:\/\/www.melform.com\/fr\/?s={search_term_string}"},"query-input":{"@type":"PropertyValueSpecification","valueRequired":true,"valueName":"search_term_string"}}],"inLanguage":"fr-FR"}]}},"_links":{"self":[{"href":"https:\/\/www.melform.com\/fr\/wp-json\/wp\/v2\/product\/12183","targetHints":{"allow":["GET"]}}],"collection":[{"href":"https:\/\/www.melform.com\/fr\/wp-json\/wp\/v2\/product"}],"about":[{"href":"https:\/\/www.melform.com\/fr\/wp-json\/wp\/v2\/types\/product"}],"wp:featuredmedia":[{"embeddable":true,"href":"https:\/\/www.melform.com\/fr\/wp-json\/wp\/v2\/media\/9046"}],"wp:attachment":[{"href":"https:\/\/www.melform.com\/fr\/wp-json\/wp\/v2\/media?parent=12183"}],"wp:term":[{"taxonomy":"product_brand","embeddable":true,"href":"https:\/\/www.melform.com\/fr\/wp-json\/wp\/v2\/product_brand?post=12183"},{"taxonomy":"product_cat","embeddable":true,"href":"https:\/\/www.melform.com\/fr\/wp-json\/wp\/v2\/product_cat?post=12183"},{"taxonomy":"product_tag","embeddable":true,"href":"https:\/\/www.melform.com\/fr\/wp-json\/wp\/v2\/product_tag?post=12183"}],"curies":[{"name":"wp","href":"https:\/\/api.w.org\/{rel}","templated":true}]}}