{"id":12189,"date":"2022-10-07T17:08:28","date_gmt":"2022-10-07T15:08:28","guid":{"rendered":"https:\/\/www.melform.com\/product\/contenitore-isotermico-per-il-trasporto-di-ghiaccio-secco-dricy-540\/"},"modified":"2025-02-20T18:22:21","modified_gmt":"2025-02-20T16:22:21","slug":"conteneur-isotherme-pour-glace-carbonique-dricy-540","status":"publish","type":"product","link":"https:\/\/www.melform.com\/fr\/conteneurs-\/catalogue-de-produits\/conteneurs-isothermes-passifs\/conteneurs-isothermes-pour-glace-carbonique-dricy\/conteneur-isotherme-pour-glace-carbonique-dricy-540\/","title":{"rendered":"Bac isotherme pour tr\u00e8s basses temp\u00e9ratures DRICY 540"},"content":{"rendered":"<p data-start=\"1722\" data-end=\"1955\">Le <strong data-start=\"1725\" data-end=\"1758\">conteneur isotherme DRICY 540<\/strong> est con\u00e7u pour le <strong data-start=\"1777\" data-end=\"1850\">transport s\u00e9curis\u00e9 et efficace de produits \u00e0 tr\u00e8s basses temp\u00e9ratures<\/strong>, garantissant <strong data-start=\"1865\" data-end=\"1952\">une praticit\u00e9 maximale, une isolation thermique sup\u00e9rieure et une grande robustesse<\/strong>.<\/p>\r\n\r\n<ul data-start=\"1998\" data-end=\"2883\">\r\n \t<li data-start=\"1998\" data-end=\"2138\"><strong data-start=\"2000\" data-end=\"2020\">Capacit\u00e9 interne<\/strong> : <strong data-start=\"2023\" data-end=\"2037\">540 litres<\/strong>, id\u00e9al pour le transport de glace carbonique et de produits \u00e0 des temp\u00e9ratures extr\u00eamement basses.<\/li>\r\n \t<li data-start=\"2139\" data-end=\"2219\"><strong data-start=\"2141\" data-end=\"2167\">Hauteur r\u00e9duite du sol<\/strong>, facilitant <strong data-start=\"2180\" data-end=\"2216\">le chargement et le d\u00e9chargement<\/strong>.<\/li>\r\n \t<li data-start=\"2220\" data-end=\"2341\"><strong data-start=\"2222\" data-end=\"2245\">Structure empilable<\/strong>, avec <strong data-start=\"2252\" data-end=\"2289\">logements d\u00e9di\u00e9s sur le couvercle<\/strong>, optimisant l\u2019espace de stockage et de transport.<\/li>\r\n \t<li data-start=\"2342\" data-end=\"2478\"><strong data-start=\"2344\" data-end=\"2393\">Fermeture double en acier inoxydable r\u00e9glable<\/strong>, avec <strong data-start=\"2400\" data-end=\"2422\">\u0153illet pour scell\u00e9<\/strong>, offrant une s\u00e9curit\u00e9 renforc\u00e9e pendant le transport.<\/li>\r\n \t<li data-start=\"2479\" data-end=\"2586\"><strong data-start=\"2481\" data-end=\"2508\">Fond plat sans rainures<\/strong>, con\u00e7u pour minimiser <strong data-start=\"2531\" data-end=\"2557\">les r\u00e9sidus de produit<\/strong> et faciliter le nettoyage.<\/li>\r\n \t<li data-start=\"2587\" data-end=\"2739\"><strong data-start=\"2589\" data-end=\"2657\">Syst\u00e8me de drainage central et orifice d\u2019\u00e9vacuation des liquides<\/strong>, positionn\u00e9 au fond pour <strong data-start=\"2683\" data-end=\"2736\">une gestion efficace de l\u2019\u00e9limination des d\u00e9chets<\/strong>.<\/li>\r\n \t<li data-start=\"2740\" data-end=\"2883\"><strong data-start=\"2742\" data-end=\"2785\">Syst\u00e8me d\u2019amortisseurs \u00e0 ressorts \u00e0 gaz<\/strong>, facilitant <strong data-start=\"2798\" data-end=\"2826\">l\u2019ouverture du couvercle\u00a0<\/strong><\/li>\r\n<\/ul>","protected":false},"excerpt":{"rendered":"Le conteneur isotherme DRICY 540 est con\u00e7u pour le transport s\u00e9curis\u00e9 et efficace de produits \u00e0 tr\u00e8s basses temp\u00e9ratures, garantissant une praticit\u00e9 maximale, une isolation thermique sup\u00e9rieure et une grande robustesse. Capacit\u00e9 interne : 540 litres, id\u00e9al pour le transport de glace carbonique et de produits \u00e0 des temp\u00e9ratures extr\u00eamement basses. Hauteur r\u00e9duite du sol, [&hellip;]","protected":false},"featured_media":9050,"template":"","meta":{"_acf_changed":false,"_themeisle_gutenberg_block_has_review":false},"product_brand":[],"product_cat":[912,913,661,815,973],"product_tag":[],"class_list":{"0":"post-12189","1":"product","2":"type-product","3":"status-publish","4":"has-post-thumbnail","6":"product_cat-catalogue-de-produits","7":"product_cat-conteneurs-isothermes-passifs","8":"product_cat-conteneurs-isothermes-pour-glace-carbonique-dricy","9":"product_cat-outlet-offres","10":"product_cat-conteneurs-isothermes-passifs-offres","11":"pa_basamento-basic-fr","12":"pa_basamento-palette","13":"pa_basamento-roues","14":"pa_linea-dricy-fr-2","16":"first","17":"instock","18":"product-type-variable","19":"wvs-archive-product-wrapper"},"acf":[],"yoast_head":"<!-- This site is optimized with the Yoast SEO plugin v26.4 - https:\/\/yoast.com\/wordpress\/plugins\/seo\/ -->\n<title>Bac isotherme pour tr\u00e8s basses temp\u00e9ratures DRICY 540 - MELFORM<\/title>\n<meta name=\"robots\" content=\"index, follow, max-snippet:-1, max-image-preview:large, max-video-preview:-1\" \/>\n<link rel=\"canonical\" href=\"https:\/\/www.melform.com\/fr\/conteneurs-\/catalogue-de-produits\/conteneurs-isothermes-passifs\/conteneurs-isothermes-pour-glace-carbonique-dricy\/conteneur-isotherme-pour-glace-carbonique-dricy-540\/\" \/>\n<meta property=\"og:locale\" content=\"fr_FR\" \/>\n<meta property=\"og:type\" content=\"article\" \/>\n<meta property=\"og:title\" content=\"Bac isotherme pour tr\u00e8s basses temp\u00e9ratures DRICY 540 - MELFORM\" \/>\n<meta property=\"og:description\" content=\"Le conteneur isotherme DRICY 540 est con\u00e7u pour le transport s\u00e9curis\u00e9 et efficace de produits \u00e0 tr\u00e8s basses temp\u00e9ratures, garantissant une praticit\u00e9 maximale, une isolation thermique sup\u00e9rieure et une grande robustesse. Capacit\u00e9 interne : 540 litres, id\u00e9al pour le transport de glace carbonique et de produits \u00e0 des temp\u00e9ratures extr\u00eamement basses. Hauteur r\u00e9duite du sol, [&hellip;]\" \/>\n<meta property=\"og:url\" content=\"https:\/\/www.melform.com\/fr\/conteneurs-\/catalogue-de-produits\/conteneurs-isothermes-passifs\/conteneurs-isothermes-pour-glace-carbonique-dricy\/conteneur-isotherme-pour-glace-carbonique-dricy-540\/\" \/>\n<meta property=\"og:site_name\" content=\"MELFORM\" \/>\n<meta property=\"article:modified_time\" content=\"2025-02-20T16:22:21+00:00\" \/>\n<meta property=\"og:image\" content=\"https:\/\/www.melform.com\/wp-content\/uploads\/2022\/10\/DrIcy-540.jpg\" \/>\n\t<meta property=\"og:image:width\" content=\"1200\" \/>\n\t<meta property=\"og:image:height\" content=\"1200\" \/>\n\t<meta property=\"og:image:type\" content=\"image\/jpeg\" \/>\n<meta name=\"twitter:card\" content=\"summary_large_image\" \/>\n<script type=\"application\/ld+json\" class=\"yoast-schema-graph\">{\"@context\":\"https:\/\/schema.org\",\"@graph\":[{\"@type\":\"WebPage\",\"@id\":\"https:\/\/www.melform.com\/fr\/conteneurs-\/catalogue-de-produits\/conteneurs-isothermes-passifs\/conteneurs-isothermes-pour-glace-carbonique-dricy\/conteneur-isotherme-pour-glace-carbonique-dricy-540\/\",\"url\":\"https:\/\/www.melform.com\/fr\/conteneurs-\/catalogue-de-produits\/conteneurs-isothermes-passifs\/conteneurs-isothermes-pour-glace-carbonique-dricy\/conteneur-isotherme-pour-glace-carbonique-dricy-540\/\",\"name\":\"Bac isotherme pour tr\u00e8s basses temp\u00e9ratures DRICY 540 - MELFORM\",\"isPartOf\":{\"@id\":\"https:\/\/www.melform.com\/fr\/#website\"},\"primaryImageOfPage\":{\"@id\":\"https:\/\/www.melform.com\/fr\/conteneurs-\/catalogue-de-produits\/conteneurs-isothermes-passifs\/conteneurs-isothermes-pour-glace-carbonique-dricy\/conteneur-isotherme-pour-glace-carbonique-dricy-540\/#primaryimage\"},\"image\":{\"@id\":\"https:\/\/www.melform.com\/fr\/conteneurs-\/catalogue-de-produits\/conteneurs-isothermes-passifs\/conteneurs-isothermes-pour-glace-carbonique-dricy\/conteneur-isotherme-pour-glace-carbonique-dricy-540\/#primaryimage\"},\"thumbnailUrl\":\"https:\/\/www.melform.com\/wp-content\/uploads\/2022\/10\/DrIcy-540.jpg\",\"datePublished\":\"2022-10-07T15:08:28+00:00\",\"dateModified\":\"2025-02-20T16:22:21+00:00\",\"breadcrumb\":{\"@id\":\"https:\/\/www.melform.com\/fr\/conteneurs-\/catalogue-de-produits\/conteneurs-isothermes-passifs\/conteneurs-isothermes-pour-glace-carbonique-dricy\/conteneur-isotherme-pour-glace-carbonique-dricy-540\/#breadcrumb\"},\"inLanguage\":\"fr-FR\",\"potentialAction\":[{\"@type\":\"ReadAction\",\"target\":[\"https:\/\/www.melform.com\/fr\/conteneurs-\/catalogue-de-produits\/conteneurs-isothermes-passifs\/conteneurs-isothermes-pour-glace-carbonique-dricy\/conteneur-isotherme-pour-glace-carbonique-dricy-540\/\"]}]},{\"@type\":\"ImageObject\",\"inLanguage\":\"fr-FR\",\"@id\":\"https:\/\/www.melform.com\/fr\/conteneurs-\/catalogue-de-produits\/conteneurs-isothermes-passifs\/conteneurs-isothermes-pour-glace-carbonique-dricy\/conteneur-isotherme-pour-glace-carbonique-dricy-540\/#primaryimage\",\"url\":\"https:\/\/www.melform.com\/wp-content\/uploads\/2022\/10\/DrIcy-540.jpg\",\"contentUrl\":\"https:\/\/www.melform.com\/wp-content\/uploads\/2022\/10\/DrIcy-540.jpg\",\"width\":1200,\"height\":1200},{\"@type\":\"BreadcrumbList\",\"@id\":\"https:\/\/www.melform.com\/fr\/conteneurs-\/catalogue-de-produits\/conteneurs-isothermes-passifs\/conteneurs-isothermes-pour-glace-carbonique-dricy\/conteneur-isotherme-pour-glace-carbonique-dricy-540\/#breadcrumb\",\"itemListElement\":[{\"@type\":\"ListItem\",\"position\":1,\"name\":\"Home\",\"item\":\"https:\/\/www.melform.com\/fr\/\"},{\"@type\":\"ListItem\",\"position\":2,\"name\":\"Shop\",\"item\":\"https:\/\/www.melform.com\/fr\/shop\/\"},{\"@type\":\"ListItem\",\"position\":3,\"name\":\"Bac isotherme pour tr\u00e8s basses temp\u00e9ratures DRICY 540\"}]},{\"@type\":\"WebSite\",\"@id\":\"https:\/\/www.melform.com\/fr\/#website\",\"url\":\"https:\/\/www.melform.com\/fr\/\",\"name\":\"MELFORM\",\"description\":\"SISTEMI PER IL TRASPORTO E STOCCAGGIO A TEMPERATURA CONTROLLATA\",\"potentialAction\":[{\"@type\":\"SearchAction\",\"target\":{\"@type\":\"EntryPoint\",\"urlTemplate\":\"https:\/\/www.melform.com\/fr\/?s={search_term_string}\"},\"query-input\":{\"@type\":\"PropertyValueSpecification\",\"valueRequired\":true,\"valueName\":\"search_term_string\"}}],\"inLanguage\":\"fr-FR\"}]}<\/script>\n<!-- \/ Yoast SEO plugin. -->","yoast_head_json":{"title":"Bac isotherme pour tr\u00e8s basses temp\u00e9ratures DRICY 540 - MELFORM","robots":{"index":"index","follow":"follow","max-snippet":"max-snippet:-1","max-image-preview":"max-image-preview:large","max-video-preview":"max-video-preview:-1"},"canonical":"https:\/\/www.melform.com\/fr\/conteneurs-\/catalogue-de-produits\/conteneurs-isothermes-passifs\/conteneurs-isothermes-pour-glace-carbonique-dricy\/conteneur-isotherme-pour-glace-carbonique-dricy-540\/","og_locale":"fr_FR","og_type":"article","og_title":"Bac isotherme pour tr\u00e8s basses temp\u00e9ratures DRICY 540 - MELFORM","og_description":"Le conteneur isotherme DRICY 540 est con\u00e7u pour le transport s\u00e9curis\u00e9 et efficace de produits \u00e0 tr\u00e8s basses temp\u00e9ratures, garantissant une praticit\u00e9 maximale, une isolation thermique sup\u00e9rieure et une grande robustesse. Capacit\u00e9 interne : 540 litres, id\u00e9al pour le transport de glace carbonique et de produits \u00e0 des temp\u00e9ratures extr\u00eamement basses. Hauteur r\u00e9duite du sol, [&hellip;]","og_url":"https:\/\/www.melform.com\/fr\/conteneurs-\/catalogue-de-produits\/conteneurs-isothermes-passifs\/conteneurs-isothermes-pour-glace-carbonique-dricy\/conteneur-isotherme-pour-glace-carbonique-dricy-540\/","og_site_name":"MELFORM","article_modified_time":"2025-02-20T16:22:21+00:00","og_image":[{"width":1200,"height":1200,"url":"https:\/\/www.melform.com\/wp-content\/uploads\/2022\/10\/DrIcy-540.jpg","type":"image\/jpeg"}],"twitter_card":"summary_large_image","schema":{"@context":"https:\/\/schema.org","@graph":[{"@type":"WebPage","@id":"https:\/\/www.melform.com\/fr\/conteneurs-\/catalogue-de-produits\/conteneurs-isothermes-passifs\/conteneurs-isothermes-pour-glace-carbonique-dricy\/conteneur-isotherme-pour-glace-carbonique-dricy-540\/","url":"https:\/\/www.melform.com\/fr\/conteneurs-\/catalogue-de-produits\/conteneurs-isothermes-passifs\/conteneurs-isothermes-pour-glace-carbonique-dricy\/conteneur-isotherme-pour-glace-carbonique-dricy-540\/","name":"Bac isotherme pour tr\u00e8s basses temp\u00e9ratures DRICY 540 - MELFORM","isPartOf":{"@id":"https:\/\/www.melform.com\/fr\/#website"},"primaryImageOfPage":{"@id":"https:\/\/www.melform.com\/fr\/conteneurs-\/catalogue-de-produits\/conteneurs-isothermes-passifs\/conteneurs-isothermes-pour-glace-carbonique-dricy\/conteneur-isotherme-pour-glace-carbonique-dricy-540\/#primaryimage"},"image":{"@id":"https:\/\/www.melform.com\/fr\/conteneurs-\/catalogue-de-produits\/conteneurs-isothermes-passifs\/conteneurs-isothermes-pour-glace-carbonique-dricy\/conteneur-isotherme-pour-glace-carbonique-dricy-540\/#primaryimage"},"thumbnailUrl":"https:\/\/www.melform.com\/wp-content\/uploads\/2022\/10\/DrIcy-540.jpg","datePublished":"2022-10-07T15:08:28+00:00","dateModified":"2025-02-20T16:22:21+00:00","breadcrumb":{"@id":"https:\/\/www.melform.com\/fr\/conteneurs-\/catalogue-de-produits\/conteneurs-isothermes-passifs\/conteneurs-isothermes-pour-glace-carbonique-dricy\/conteneur-isotherme-pour-glace-carbonique-dricy-540\/#breadcrumb"},"inLanguage":"fr-FR","potentialAction":[{"@type":"ReadAction","target":["https:\/\/www.melform.com\/fr\/conteneurs-\/catalogue-de-produits\/conteneurs-isothermes-passifs\/conteneurs-isothermes-pour-glace-carbonique-dricy\/conteneur-isotherme-pour-glace-carbonique-dricy-540\/"]}]},{"@type":"ImageObject","inLanguage":"fr-FR","@id":"https:\/\/www.melform.com\/fr\/conteneurs-\/catalogue-de-produits\/conteneurs-isothermes-passifs\/conteneurs-isothermes-pour-glace-carbonique-dricy\/conteneur-isotherme-pour-glace-carbonique-dricy-540\/#primaryimage","url":"https:\/\/www.melform.com\/wp-content\/uploads\/2022\/10\/DrIcy-540.jpg","contentUrl":"https:\/\/www.melform.com\/wp-content\/uploads\/2022\/10\/DrIcy-540.jpg","width":1200,"height":1200},{"@type":"BreadcrumbList","@id":"https:\/\/www.melform.com\/fr\/conteneurs-\/catalogue-de-produits\/conteneurs-isothermes-passifs\/conteneurs-isothermes-pour-glace-carbonique-dricy\/conteneur-isotherme-pour-glace-carbonique-dricy-540\/#breadcrumb","itemListElement":[{"@type":"ListItem","position":1,"name":"Home","item":"https:\/\/www.melform.com\/fr\/"},{"@type":"ListItem","position":2,"name":"Shop","item":"https:\/\/www.melform.com\/fr\/shop\/"},{"@type":"ListItem","position":3,"name":"Bac isotherme pour tr\u00e8s basses temp\u00e9ratures DRICY 540"}]},{"@type":"WebSite","@id":"https:\/\/www.melform.com\/fr\/#website","url":"https:\/\/www.melform.com\/fr\/","name":"MELFORM","description":"SISTEMI PER IL TRASPORTO E STOCCAGGIO A TEMPERATURA CONTROLLATA","potentialAction":[{"@type":"SearchAction","target":{"@type":"EntryPoint","urlTemplate":"https:\/\/www.melform.com\/fr\/?s={search_term_string}"},"query-input":{"@type":"PropertyValueSpecification","valueRequired":true,"valueName":"search_term_string"}}],"inLanguage":"fr-FR"}]}},"_links":{"self":[{"href":"https:\/\/www.melform.com\/fr\/wp-json\/wp\/v2\/product\/12189","targetHints":{"allow":["GET"]}}],"collection":[{"href":"https:\/\/www.melform.com\/fr\/wp-json\/wp\/v2\/product"}],"about":[{"href":"https:\/\/www.melform.com\/fr\/wp-json\/wp\/v2\/types\/product"}],"wp:featuredmedia":[{"embeddable":true,"href":"https:\/\/www.melform.com\/fr\/wp-json\/wp\/v2\/media\/9050"}],"wp:attachment":[{"href":"https:\/\/www.melform.com\/fr\/wp-json\/wp\/v2\/media?parent=12189"}],"wp:term":[{"taxonomy":"product_brand","embeddable":true,"href":"https:\/\/www.melform.com\/fr\/wp-json\/wp\/v2\/product_brand?post=12189"},{"taxonomy":"product_cat","embeddable":true,"href":"https:\/\/www.melform.com\/fr\/wp-json\/wp\/v2\/product_cat?post=12189"},{"taxonomy":"product_tag","embeddable":true,"href":"https:\/\/www.melform.com\/fr\/wp-json\/wp\/v2\/product_tag?post=12189"}],"curies":[{"name":"wp","href":"https:\/\/api.w.org\/{rel}","templated":true}]}}