{"id":12656,"date":"2023-08-29T10:27:51","date_gmt":"2023-08-29T08:27:51","guid":{"rendered":"https:\/\/www.melform.com\/?post_type=product&#038;p=12656"},"modified":"2023-08-29T10:37:44","modified_gmt":"2023-08-29T08:37:44","slug":"distributeur-isotherme-de-boissons-ey-13-2","status":"publish","type":"product","link":"https:\/\/www.melform.com\/fr\/conteneurs-\/outlet-offres\/conteneurs-isothermes-passifs-offres\/distributeur-isotherme-de-boissons-ey-13-2\/","title":{"rendered":"Distributeur isotherme &#8211; EY 13"},"content":{"rendered":"R\u00e9cipient isotherme \u00e0 ouverture sup\u00e9rieure, d&#8217;une capacit\u00e9 de 13 litres pour le transport et le service de soupes et rago\u00fbts \u00e0 temp\u00e9rature contr\u00f4l\u00e9e. Compatible avec l&#8217;utilisation de bacs GN 1\/3 h 200 mm. Fabriqu\u00e9 en poly\u00e9thyl\u00e8ne et isol\u00e9 avec de la mousse polyur\u00e9thane sans CFC et HCFC, il assure un maintien thermique correct, pr\u00e9servant les propri\u00e9t\u00e9s organoleptiques des boissons et limitant le risque de prolif\u00e9ration bact\u00e9rienne. Le produit pr\u00e9sente quelques petites imperfections externes, qui ne compromettent PAS la temp\u00e9rature isotherme ni les performances du r\u00e9cipient lui-m\u00eame.\r\n\r\n<span class=\"imballo\">Nombre de pi\u00e8ces d&#8217;emballage: 1<\/span>","protected":false},"excerpt":{"rendered":"R\u00e9cipient isotherme \u00e0 ouverture sup\u00e9rieure, d&#8217;une capacit\u00e9 de 13 litres pour le transport et le service de soupes et rago\u00fbts \u00e0 temp\u00e9rature contr\u00f4l\u00e9e. Compatible avec l&#8217;utilisation de bacs GN 1\/3 h 200 mm. Fabriqu\u00e9 en poly\u00e9thyl\u00e8ne et isol\u00e9 avec de la mousse polyur\u00e9thane sans CFC et HCFC, il assure un maintien thermique correct, pr\u00e9servant les [&hellip;]","protected":false},"featured_media":6073,"template":"","meta":{"_acf_changed":false,"_themeisle_gutenberg_block_has_review":false},"product_brand":[],"product_cat":[815,973],"product_tag":[272],"class_list":{"0":"post-12656","1":"product","2":"type-product","3":"status-publish","4":"has-post-thumbnail","6":"product_cat-outlet-offres","7":"product_cat-conteneurs-isothermes-passifs-offres","8":"product_tag-offerte-fr","9":"pa_linea-diamond-fr","11":"first","12":"instock","13":"product-type-variable","14":"wvs-archive-product-wrapper"},"acf":[],"yoast_head":"<!-- This site is optimized with the Yoast SEO plugin v26.4 - https:\/\/yoast.com\/wordpress\/plugins\/seo\/ -->\n<title>Distributeur isotherme - EY 13 - MELFORM<\/title>\n<meta name=\"robots\" content=\"index, follow, max-snippet:-1, max-image-preview:large, max-video-preview:-1\" \/>\n<link rel=\"canonical\" href=\"https:\/\/www.melform.com\/fr\/conteneurs-\/outlet-offres\/conteneurs-isothermes-passifs-offres\/distributeur-isotherme-de-boissons-ey-13-2\/\" \/>\n<meta property=\"og:locale\" content=\"fr_FR\" \/>\n<meta property=\"og:type\" content=\"article\" \/>\n<meta property=\"og:title\" content=\"Distributeur isotherme - EY 13 - MELFORM\" \/>\n<meta property=\"og:description\" content=\"R\u00e9cipient isotherme \u00e0 ouverture sup\u00e9rieure, d&#8217;une capacit\u00e9 de 13 litres pour le transport et le service de soupes et rago\u00fbts \u00e0 temp\u00e9rature contr\u00f4l\u00e9e. Compatible avec l&#8217;utilisation de bacs GN 1\/3 h 200 mm. Fabriqu\u00e9 en poly\u00e9thyl\u00e8ne et isol\u00e9 avec de la mousse polyur\u00e9thane sans CFC et HCFC, il assure un maintien thermique correct, pr\u00e9servant les [&hellip;]\" \/>\n<meta property=\"og:url\" content=\"https:\/\/www.melform.com\/fr\/conteneurs-\/outlet-offres\/conteneurs-isothermes-passifs-offres\/distributeur-isotherme-de-boissons-ey-13-2\/\" \/>\n<meta property=\"og:site_name\" content=\"MELFORM\" \/>\n<meta property=\"article:modified_time\" content=\"2023-08-29T08:37:44+00:00\" \/>\n<meta property=\"og:image\" content=\"https:\/\/www.melform.com\/wp-content\/uploads\/2022\/10\/337-EY-13.jpg\" \/>\n\t<meta property=\"og:image:width\" content=\"1200\" \/>\n\t<meta property=\"og:image:height\" content=\"1200\" \/>\n\t<meta property=\"og:image:type\" content=\"image\/jpeg\" \/>\n<meta name=\"twitter:card\" content=\"summary_large_image\" \/>\n<script type=\"application\/ld+json\" class=\"yoast-schema-graph\">{\"@context\":\"https:\/\/schema.org\",\"@graph\":[{\"@type\":\"WebPage\",\"@id\":\"https:\/\/www.melform.com\/fr\/conteneurs-\/outlet-offres\/conteneurs-isothermes-passifs-offres\/distributeur-isotherme-de-boissons-ey-13-2\/\",\"url\":\"https:\/\/www.melform.com\/fr\/conteneurs-\/outlet-offres\/conteneurs-isothermes-passifs-offres\/distributeur-isotherme-de-boissons-ey-13-2\/\",\"name\":\"Distributeur isotherme - EY 13 - MELFORM\",\"isPartOf\":{\"@id\":\"https:\/\/www.melform.com\/fr\/#website\"},\"primaryImageOfPage\":{\"@id\":\"https:\/\/www.melform.com\/fr\/conteneurs-\/outlet-offres\/conteneurs-isothermes-passifs-offres\/distributeur-isotherme-de-boissons-ey-13-2\/#primaryimage\"},\"image\":{\"@id\":\"https:\/\/www.melform.com\/fr\/conteneurs-\/outlet-offres\/conteneurs-isothermes-passifs-offres\/distributeur-isotherme-de-boissons-ey-13-2\/#primaryimage\"},\"thumbnailUrl\":\"https:\/\/www.melform.com\/wp-content\/uploads\/2022\/10\/337-EY-13.jpg\",\"datePublished\":\"2023-08-29T08:27:51+00:00\",\"dateModified\":\"2023-08-29T08:37:44+00:00\",\"breadcrumb\":{\"@id\":\"https:\/\/www.melform.com\/fr\/conteneurs-\/outlet-offres\/conteneurs-isothermes-passifs-offres\/distributeur-isotherme-de-boissons-ey-13-2\/#breadcrumb\"},\"inLanguage\":\"fr-FR\",\"potentialAction\":[{\"@type\":\"ReadAction\",\"target\":[\"https:\/\/www.melform.com\/fr\/conteneurs-\/outlet-offres\/conteneurs-isothermes-passifs-offres\/distributeur-isotherme-de-boissons-ey-13-2\/\"]}]},{\"@type\":\"ImageObject\",\"inLanguage\":\"fr-FR\",\"@id\":\"https:\/\/www.melform.com\/fr\/conteneurs-\/outlet-offres\/conteneurs-isothermes-passifs-offres\/distributeur-isotherme-de-boissons-ey-13-2\/#primaryimage\",\"url\":\"https:\/\/www.melform.com\/wp-content\/uploads\/2022\/10\/337-EY-13.jpg\",\"contentUrl\":\"https:\/\/www.melform.com\/wp-content\/uploads\/2022\/10\/337-EY-13.jpg\",\"width\":1200,\"height\":1200},{\"@type\":\"BreadcrumbList\",\"@id\":\"https:\/\/www.melform.com\/fr\/conteneurs-\/outlet-offres\/conteneurs-isothermes-passifs-offres\/distributeur-isotherme-de-boissons-ey-13-2\/#breadcrumb\",\"itemListElement\":[{\"@type\":\"ListItem\",\"position\":1,\"name\":\"Home\",\"item\":\"https:\/\/www.melform.com\/fr\/\"},{\"@type\":\"ListItem\",\"position\":2,\"name\":\"Shop\",\"item\":\"https:\/\/www.melform.com\/fr\/shop\/\"},{\"@type\":\"ListItem\",\"position\":3,\"name\":\"Distributeur isotherme &#8211; EY 13\"}]},{\"@type\":\"WebSite\",\"@id\":\"https:\/\/www.melform.com\/fr\/#website\",\"url\":\"https:\/\/www.melform.com\/fr\/\",\"name\":\"MELFORM\",\"description\":\"SISTEMI PER IL TRASPORTO E STOCCAGGIO A TEMPERATURA CONTROLLATA\",\"potentialAction\":[{\"@type\":\"SearchAction\",\"target\":{\"@type\":\"EntryPoint\",\"urlTemplate\":\"https:\/\/www.melform.com\/fr\/?s={search_term_string}\"},\"query-input\":{\"@type\":\"PropertyValueSpecification\",\"valueRequired\":true,\"valueName\":\"search_term_string\"}}],\"inLanguage\":\"fr-FR\"}]}<\/script>\n<!-- \/ Yoast SEO plugin. -->","yoast_head_json":{"title":"Distributeur isotherme - EY 13 - MELFORM","robots":{"index":"index","follow":"follow","max-snippet":"max-snippet:-1","max-image-preview":"max-image-preview:large","max-video-preview":"max-video-preview:-1"},"canonical":"https:\/\/www.melform.com\/fr\/conteneurs-\/outlet-offres\/conteneurs-isothermes-passifs-offres\/distributeur-isotherme-de-boissons-ey-13-2\/","og_locale":"fr_FR","og_type":"article","og_title":"Distributeur isotherme - EY 13 - MELFORM","og_description":"R\u00e9cipient isotherme \u00e0 ouverture sup\u00e9rieure, d&#8217;une capacit\u00e9 de 13 litres pour le transport et le service de soupes et rago\u00fbts \u00e0 temp\u00e9rature contr\u00f4l\u00e9e. Compatible avec l&#8217;utilisation de bacs GN 1\/3 h 200 mm. Fabriqu\u00e9 en poly\u00e9thyl\u00e8ne et isol\u00e9 avec de la mousse polyur\u00e9thane sans CFC et HCFC, il assure un maintien thermique correct, pr\u00e9servant les [&hellip;]","og_url":"https:\/\/www.melform.com\/fr\/conteneurs-\/outlet-offres\/conteneurs-isothermes-passifs-offres\/distributeur-isotherme-de-boissons-ey-13-2\/","og_site_name":"MELFORM","article_modified_time":"2023-08-29T08:37:44+00:00","og_image":[{"width":1200,"height":1200,"url":"https:\/\/www.melform.com\/wp-content\/uploads\/2022\/10\/337-EY-13.jpg","type":"image\/jpeg"}],"twitter_card":"summary_large_image","schema":{"@context":"https:\/\/schema.org","@graph":[{"@type":"WebPage","@id":"https:\/\/www.melform.com\/fr\/conteneurs-\/outlet-offres\/conteneurs-isothermes-passifs-offres\/distributeur-isotherme-de-boissons-ey-13-2\/","url":"https:\/\/www.melform.com\/fr\/conteneurs-\/outlet-offres\/conteneurs-isothermes-passifs-offres\/distributeur-isotherme-de-boissons-ey-13-2\/","name":"Distributeur isotherme - EY 13 - MELFORM","isPartOf":{"@id":"https:\/\/www.melform.com\/fr\/#website"},"primaryImageOfPage":{"@id":"https:\/\/www.melform.com\/fr\/conteneurs-\/outlet-offres\/conteneurs-isothermes-passifs-offres\/distributeur-isotherme-de-boissons-ey-13-2\/#primaryimage"},"image":{"@id":"https:\/\/www.melform.com\/fr\/conteneurs-\/outlet-offres\/conteneurs-isothermes-passifs-offres\/distributeur-isotherme-de-boissons-ey-13-2\/#primaryimage"},"thumbnailUrl":"https:\/\/www.melform.com\/wp-content\/uploads\/2022\/10\/337-EY-13.jpg","datePublished":"2023-08-29T08:27:51+00:00","dateModified":"2023-08-29T08:37:44+00:00","breadcrumb":{"@id":"https:\/\/www.melform.com\/fr\/conteneurs-\/outlet-offres\/conteneurs-isothermes-passifs-offres\/distributeur-isotherme-de-boissons-ey-13-2\/#breadcrumb"},"inLanguage":"fr-FR","potentialAction":[{"@type":"ReadAction","target":["https:\/\/www.melform.com\/fr\/conteneurs-\/outlet-offres\/conteneurs-isothermes-passifs-offres\/distributeur-isotherme-de-boissons-ey-13-2\/"]}]},{"@type":"ImageObject","inLanguage":"fr-FR","@id":"https:\/\/www.melform.com\/fr\/conteneurs-\/outlet-offres\/conteneurs-isothermes-passifs-offres\/distributeur-isotherme-de-boissons-ey-13-2\/#primaryimage","url":"https:\/\/www.melform.com\/wp-content\/uploads\/2022\/10\/337-EY-13.jpg","contentUrl":"https:\/\/www.melform.com\/wp-content\/uploads\/2022\/10\/337-EY-13.jpg","width":1200,"height":1200},{"@type":"BreadcrumbList","@id":"https:\/\/www.melform.com\/fr\/conteneurs-\/outlet-offres\/conteneurs-isothermes-passifs-offres\/distributeur-isotherme-de-boissons-ey-13-2\/#breadcrumb","itemListElement":[{"@type":"ListItem","position":1,"name":"Home","item":"https:\/\/www.melform.com\/fr\/"},{"@type":"ListItem","position":2,"name":"Shop","item":"https:\/\/www.melform.com\/fr\/shop\/"},{"@type":"ListItem","position":3,"name":"Distributeur isotherme &#8211; EY 13"}]},{"@type":"WebSite","@id":"https:\/\/www.melform.com\/fr\/#website","url":"https:\/\/www.melform.com\/fr\/","name":"MELFORM","description":"SISTEMI PER IL TRASPORTO E STOCCAGGIO A TEMPERATURA CONTROLLATA","potentialAction":[{"@type":"SearchAction","target":{"@type":"EntryPoint","urlTemplate":"https:\/\/www.melform.com\/fr\/?s={search_term_string}"},"query-input":{"@type":"PropertyValueSpecification","valueRequired":true,"valueName":"search_term_string"}}],"inLanguage":"fr-FR"}]}},"_links":{"self":[{"href":"https:\/\/www.melform.com\/fr\/wp-json\/wp\/v2\/product\/12656","targetHints":{"allow":["GET"]}}],"collection":[{"href":"https:\/\/www.melform.com\/fr\/wp-json\/wp\/v2\/product"}],"about":[{"href":"https:\/\/www.melform.com\/fr\/wp-json\/wp\/v2\/types\/product"}],"wp:featuredmedia":[{"embeddable":true,"href":"https:\/\/www.melform.com\/fr\/wp-json\/wp\/v2\/media\/6073"}],"wp:attachment":[{"href":"https:\/\/www.melform.com\/fr\/wp-json\/wp\/v2\/media?parent=12656"}],"wp:term":[{"taxonomy":"product_brand","embeddable":true,"href":"https:\/\/www.melform.com\/fr\/wp-json\/wp\/v2\/product_brand?post=12656"},{"taxonomy":"product_cat","embeddable":true,"href":"https:\/\/www.melform.com\/fr\/wp-json\/wp\/v2\/product_cat?post=12656"},{"taxonomy":"product_tag","embeddable":true,"href":"https:\/\/www.melform.com\/fr\/wp-json\/wp\/v2\/product_tag?post=12656"}],"curies":[{"name":"wp","href":"https:\/\/api.w.org\/{rel}","templated":true}]}}