{"id":12878,"date":"2023-10-26T15:54:58","date_gmt":"2023-10-26T13:54:58","guid":{"rendered":"https:\/\/www.melform.com\/?post_type=product&#038;p=12878"},"modified":"2025-10-08T23:12:58","modified_gmt":"2025-10-08T21:12:58","slug":"conteneur-isotherme-cargo-600","status":"publish","type":"product","link":"https:\/\/www.melform.com\/fr\/conteneurs-\/catalogue-de-produits\/conteneurs-isothermes-passifs\/conteneurs-isothermes-cargo\/conteneur-isotherme-cargo-600\/","title":{"rendered":"Conteneur isotherme &#8211; CARGO 600"},"content":{"rendered":"Le <strong>CARGO 600<\/strong> est un conteneur isotherme passif con\u00e7u pour garantir le transport s\u00fbr et professionnel de produits \u00e0 temp\u00e9rature contr\u00f4l\u00e9e.\r\n<ul>\r\n \t<li><strong>Capacit\u00e9 :<\/strong> 600 litres, id\u00e9al pour le transport de grandes quantit\u00e9s de produits p\u00e9rissables.<\/li>\r\n \t<li><strong>Mat\u00e9riau :<\/strong> Fabriqu\u00e9 en poly\u00e9thyl\u00e8ne robuste et hautement isolant, r\u00e9sistant aux chocs et \u00e0 l&#8217;usure.<\/li>\r\n \t<li><strong>Isolation :<\/strong> Isol\u00e9 avec de la mousse de polyur\u00e9thane \u00e9cologique, sans CFC ni HCFC, garantissant une excellente r\u00e9tention thermique.<\/li>\r\n \t<li><strong>Certifi\u00e9 ATP<\/strong> pour le transport international de produits p\u00e9rissables.<\/li>\r\n \t<li><strong>Conforme \u00e0 la norme FD X 15-140,<\/strong> gage de qualit\u00e9 et de s\u00e9curit\u00e9.<\/li>\r\n \t<li><strong>Optimisation de l\u2019espace :<\/strong> Dimensions \u00e9tudi\u00e9es pour exploiter au mieux l&#8217;espace de chargement des v\u00e9hicules utilitaires, maximisant ainsi l&#8217;efficacit\u00e9 logistique.<\/li>\r\n<\/ul>","protected":false},"excerpt":{"rendered":"Le CARGO 600 est un conteneur isotherme passif con\u00e7u pour garantir le transport s\u00fbr et professionnel de produits \u00e0 temp\u00e9rature contr\u00f4l\u00e9e. Capacit\u00e9 : 600 litres, id\u00e9al pour le transport de grandes quantit\u00e9s de produits p\u00e9rissables. Mat\u00e9riau : Fabriqu\u00e9 en poly\u00e9thyl\u00e8ne robuste et hautement isolant, r\u00e9sistant aux chocs et \u00e0 l&#8217;usure. Isolation : Isol\u00e9 avec de [&hellip;]","protected":false},"featured_media":12909,"template":"","meta":{"_acf_changed":false,"_themeisle_gutenberg_block_has_review":false},"product_brand":[],"product_cat":[912,913,624],"product_tag":[],"class_list":{"0":"post-12878","1":"product","2":"type-product","3":"status-publish","4":"has-post-thumbnail","6":"product_cat-catalogue-de-produits","7":"product_cat-conteneurs-isothermes-passifs","8":"product_cat-conteneurs-isothermes-cargo","10":"first","11":"instock","12":"purchasable","13":"product-type-variable","14":"wvs-archive-product-wrapper"},"acf":[],"yoast_head":"<!-- This site is optimized with the Yoast SEO plugin v26.4 - https:\/\/yoast.com\/wordpress\/plugins\/seo\/ -->\n<title>Conteneur isotherme - CARGO 600 - MELFORM<\/title>\n<meta name=\"robots\" content=\"index, follow, max-snippet:-1, max-image-preview:large, max-video-preview:-1\" \/>\n<link rel=\"canonical\" href=\"https:\/\/www.melform.com\/fr\/conteneurs-\/catalogue-de-produits\/conteneurs-isothermes-passifs\/conteneurs-isothermes-cargo\/conteneur-isotherme-cargo-600\/\" \/>\n<meta property=\"og:locale\" content=\"fr_FR\" \/>\n<meta property=\"og:type\" content=\"article\" \/>\n<meta property=\"og:title\" content=\"Conteneur isotherme - CARGO 600 - MELFORM\" \/>\n<meta property=\"og:description\" content=\"Le CARGO 600 est un conteneur isotherme passif con\u00e7u pour garantir le transport s\u00fbr et professionnel de produits \u00e0 temp\u00e9rature contr\u00f4l\u00e9e. Capacit\u00e9 : 600 litres, id\u00e9al pour le transport de grandes quantit\u00e9s de produits p\u00e9rissables. Mat\u00e9riau : Fabriqu\u00e9 en poly\u00e9thyl\u00e8ne robuste et hautement isolant, r\u00e9sistant aux chocs et \u00e0 l&#8217;usure. Isolation : Isol\u00e9 avec de [&hellip;]\" \/>\n<meta property=\"og:url\" content=\"https:\/\/www.melform.com\/fr\/conteneurs-\/catalogue-de-produits\/conteneurs-isothermes-passifs\/conteneurs-isothermes-cargo\/conteneur-isotherme-cargo-600\/\" \/>\n<meta property=\"og:site_name\" content=\"MELFORM\" \/>\n<meta property=\"article:modified_time\" content=\"2025-10-08T21:12:58+00:00\" \/>\n<meta property=\"og:image\" content=\"https:\/\/www.melform.com\/wp-content\/uploads\/2023\/10\/Cargo-600-chiuso-3.jpg\" \/>\n\t<meta property=\"og:image:width\" content=\"1500\" \/>\n\t<meta property=\"og:image:height\" content=\"1000\" \/>\n\t<meta property=\"og:image:type\" content=\"image\/jpeg\" \/>\n<meta name=\"twitter:card\" content=\"summary_large_image\" \/>\n<script type=\"application\/ld+json\" class=\"yoast-schema-graph\">{\"@context\":\"https:\/\/schema.org\",\"@graph\":[{\"@type\":\"WebPage\",\"@id\":\"https:\/\/www.melform.com\/fr\/conteneurs-\/catalogue-de-produits\/conteneurs-isothermes-passifs\/conteneurs-isothermes-cargo\/conteneur-isotherme-cargo-600\/\",\"url\":\"https:\/\/www.melform.com\/fr\/conteneurs-\/catalogue-de-produits\/conteneurs-isothermes-passifs\/conteneurs-isothermes-cargo\/conteneur-isotherme-cargo-600\/\",\"name\":\"Conteneur isotherme - CARGO 600 - MELFORM\",\"isPartOf\":{\"@id\":\"https:\/\/www.melform.com\/fr\/#website\"},\"primaryImageOfPage\":{\"@id\":\"https:\/\/www.melform.com\/fr\/conteneurs-\/catalogue-de-produits\/conteneurs-isothermes-passifs\/conteneurs-isothermes-cargo\/conteneur-isotherme-cargo-600\/#primaryimage\"},\"image\":{\"@id\":\"https:\/\/www.melform.com\/fr\/conteneurs-\/catalogue-de-produits\/conteneurs-isothermes-passifs\/conteneurs-isothermes-cargo\/conteneur-isotherme-cargo-600\/#primaryimage\"},\"thumbnailUrl\":\"https:\/\/www.melform.com\/wp-content\/uploads\/2023\/10\/Cargo-600-chiuso-3.jpg\",\"datePublished\":\"2023-10-26T13:54:58+00:00\",\"dateModified\":\"2025-10-08T21:12:58+00:00\",\"breadcrumb\":{\"@id\":\"https:\/\/www.melform.com\/fr\/conteneurs-\/catalogue-de-produits\/conteneurs-isothermes-passifs\/conteneurs-isothermes-cargo\/conteneur-isotherme-cargo-600\/#breadcrumb\"},\"inLanguage\":\"fr-FR\",\"potentialAction\":[{\"@type\":\"ReadAction\",\"target\":[\"https:\/\/www.melform.com\/fr\/conteneurs-\/catalogue-de-produits\/conteneurs-isothermes-passifs\/conteneurs-isothermes-cargo\/conteneur-isotherme-cargo-600\/\"]}]},{\"@type\":\"ImageObject\",\"inLanguage\":\"fr-FR\",\"@id\":\"https:\/\/www.melform.com\/fr\/conteneurs-\/catalogue-de-produits\/conteneurs-isothermes-passifs\/conteneurs-isothermes-cargo\/conteneur-isotherme-cargo-600\/#primaryimage\",\"url\":\"https:\/\/www.melform.com\/wp-content\/uploads\/2023\/10\/Cargo-600-chiuso-3.jpg\",\"contentUrl\":\"https:\/\/www.melform.com\/wp-content\/uploads\/2023\/10\/Cargo-600-chiuso-3.jpg\",\"width\":1500,\"height\":1000},{\"@type\":\"BreadcrumbList\",\"@id\":\"https:\/\/www.melform.com\/fr\/conteneurs-\/catalogue-de-produits\/conteneurs-isothermes-passifs\/conteneurs-isothermes-cargo\/conteneur-isotherme-cargo-600\/#breadcrumb\",\"itemListElement\":[{\"@type\":\"ListItem\",\"position\":1,\"name\":\"Home\",\"item\":\"https:\/\/www.melform.com\/fr\/\"},{\"@type\":\"ListItem\",\"position\":2,\"name\":\"Shop\",\"item\":\"https:\/\/www.melform.com\/fr\/shop\/\"},{\"@type\":\"ListItem\",\"position\":3,\"name\":\"Conteneur isotherme &#8211; CARGO 600\"}]},{\"@type\":\"WebSite\",\"@id\":\"https:\/\/www.melform.com\/fr\/#website\",\"url\":\"https:\/\/www.melform.com\/fr\/\",\"name\":\"MELFORM\",\"description\":\"SISTEMI PER IL TRASPORTO E STOCCAGGIO A TEMPERATURA CONTROLLATA\",\"potentialAction\":[{\"@type\":\"SearchAction\",\"target\":{\"@type\":\"EntryPoint\",\"urlTemplate\":\"https:\/\/www.melform.com\/fr\/?s={search_term_string}\"},\"query-input\":{\"@type\":\"PropertyValueSpecification\",\"valueRequired\":true,\"valueName\":\"search_term_string\"}}],\"inLanguage\":\"fr-FR\"}]}<\/script>\n<!-- \/ Yoast SEO plugin. -->","yoast_head_json":{"title":"Conteneur isotherme - CARGO 600 - MELFORM","robots":{"index":"index","follow":"follow","max-snippet":"max-snippet:-1","max-image-preview":"max-image-preview:large","max-video-preview":"max-video-preview:-1"},"canonical":"https:\/\/www.melform.com\/fr\/conteneurs-\/catalogue-de-produits\/conteneurs-isothermes-passifs\/conteneurs-isothermes-cargo\/conteneur-isotherme-cargo-600\/","og_locale":"fr_FR","og_type":"article","og_title":"Conteneur isotherme - CARGO 600 - MELFORM","og_description":"Le CARGO 600 est un conteneur isotherme passif con\u00e7u pour garantir le transport s\u00fbr et professionnel de produits \u00e0 temp\u00e9rature contr\u00f4l\u00e9e. Capacit\u00e9 : 600 litres, id\u00e9al pour le transport de grandes quantit\u00e9s de produits p\u00e9rissables. Mat\u00e9riau : Fabriqu\u00e9 en poly\u00e9thyl\u00e8ne robuste et hautement isolant, r\u00e9sistant aux chocs et \u00e0 l&#8217;usure. Isolation : Isol\u00e9 avec de [&hellip;]","og_url":"https:\/\/www.melform.com\/fr\/conteneurs-\/catalogue-de-produits\/conteneurs-isothermes-passifs\/conteneurs-isothermes-cargo\/conteneur-isotherme-cargo-600\/","og_site_name":"MELFORM","article_modified_time":"2025-10-08T21:12:58+00:00","og_image":[{"width":1500,"height":1000,"url":"https:\/\/www.melform.com\/wp-content\/uploads\/2023\/10\/Cargo-600-chiuso-3.jpg","type":"image\/jpeg"}],"twitter_card":"summary_large_image","schema":{"@context":"https:\/\/schema.org","@graph":[{"@type":"WebPage","@id":"https:\/\/www.melform.com\/fr\/conteneurs-\/catalogue-de-produits\/conteneurs-isothermes-passifs\/conteneurs-isothermes-cargo\/conteneur-isotherme-cargo-600\/","url":"https:\/\/www.melform.com\/fr\/conteneurs-\/catalogue-de-produits\/conteneurs-isothermes-passifs\/conteneurs-isothermes-cargo\/conteneur-isotherme-cargo-600\/","name":"Conteneur isotherme - CARGO 600 - MELFORM","isPartOf":{"@id":"https:\/\/www.melform.com\/fr\/#website"},"primaryImageOfPage":{"@id":"https:\/\/www.melform.com\/fr\/conteneurs-\/catalogue-de-produits\/conteneurs-isothermes-passifs\/conteneurs-isothermes-cargo\/conteneur-isotherme-cargo-600\/#primaryimage"},"image":{"@id":"https:\/\/www.melform.com\/fr\/conteneurs-\/catalogue-de-produits\/conteneurs-isothermes-passifs\/conteneurs-isothermes-cargo\/conteneur-isotherme-cargo-600\/#primaryimage"},"thumbnailUrl":"https:\/\/www.melform.com\/wp-content\/uploads\/2023\/10\/Cargo-600-chiuso-3.jpg","datePublished":"2023-10-26T13:54:58+00:00","dateModified":"2025-10-08T21:12:58+00:00","breadcrumb":{"@id":"https:\/\/www.melform.com\/fr\/conteneurs-\/catalogue-de-produits\/conteneurs-isothermes-passifs\/conteneurs-isothermes-cargo\/conteneur-isotherme-cargo-600\/#breadcrumb"},"inLanguage":"fr-FR","potentialAction":[{"@type":"ReadAction","target":["https:\/\/www.melform.com\/fr\/conteneurs-\/catalogue-de-produits\/conteneurs-isothermes-passifs\/conteneurs-isothermes-cargo\/conteneur-isotherme-cargo-600\/"]}]},{"@type":"ImageObject","inLanguage":"fr-FR","@id":"https:\/\/www.melform.com\/fr\/conteneurs-\/catalogue-de-produits\/conteneurs-isothermes-passifs\/conteneurs-isothermes-cargo\/conteneur-isotherme-cargo-600\/#primaryimage","url":"https:\/\/www.melform.com\/wp-content\/uploads\/2023\/10\/Cargo-600-chiuso-3.jpg","contentUrl":"https:\/\/www.melform.com\/wp-content\/uploads\/2023\/10\/Cargo-600-chiuso-3.jpg","width":1500,"height":1000},{"@type":"BreadcrumbList","@id":"https:\/\/www.melform.com\/fr\/conteneurs-\/catalogue-de-produits\/conteneurs-isothermes-passifs\/conteneurs-isothermes-cargo\/conteneur-isotherme-cargo-600\/#breadcrumb","itemListElement":[{"@type":"ListItem","position":1,"name":"Home","item":"https:\/\/www.melform.com\/fr\/"},{"@type":"ListItem","position":2,"name":"Shop","item":"https:\/\/www.melform.com\/fr\/shop\/"},{"@type":"ListItem","position":3,"name":"Conteneur isotherme &#8211; CARGO 600"}]},{"@type":"WebSite","@id":"https:\/\/www.melform.com\/fr\/#website","url":"https:\/\/www.melform.com\/fr\/","name":"MELFORM","description":"SISTEMI PER IL TRASPORTO E STOCCAGGIO A TEMPERATURA CONTROLLATA","potentialAction":[{"@type":"SearchAction","target":{"@type":"EntryPoint","urlTemplate":"https:\/\/www.melform.com\/fr\/?s={search_term_string}"},"query-input":{"@type":"PropertyValueSpecification","valueRequired":true,"valueName":"search_term_string"}}],"inLanguage":"fr-FR"}]}},"_links":{"self":[{"href":"https:\/\/www.melform.com\/fr\/wp-json\/wp\/v2\/product\/12878","targetHints":{"allow":["GET"]}}],"collection":[{"href":"https:\/\/www.melform.com\/fr\/wp-json\/wp\/v2\/product"}],"about":[{"href":"https:\/\/www.melform.com\/fr\/wp-json\/wp\/v2\/types\/product"}],"wp:featuredmedia":[{"embeddable":true,"href":"https:\/\/www.melform.com\/fr\/wp-json\/wp\/v2\/media\/12909"}],"wp:attachment":[{"href":"https:\/\/www.melform.com\/fr\/wp-json\/wp\/v2\/media?parent=12878"}],"wp:term":[{"taxonomy":"product_brand","embeddable":true,"href":"https:\/\/www.melform.com\/fr\/wp-json\/wp\/v2\/product_brand?post=12878"},{"taxonomy":"product_cat","embeddable":true,"href":"https:\/\/www.melform.com\/fr\/wp-json\/wp\/v2\/product_cat?post=12878"},{"taxonomy":"product_tag","embeddable":true,"href":"https:\/\/www.melform.com\/fr\/wp-json\/wp\/v2\/product_tag?post=12878"}],"curies":[{"name":"wp","href":"https:\/\/api.w.org\/{rel}","templated":true}]}}