{"id":12946,"date":"2023-10-27T08:56:25","date_gmt":"2023-10-27T06:56:25","guid":{"rendered":"https:\/\/www.melform.com\/?post_type=product&#038;p=12946"},"modified":"2025-03-27T14:00:49","modified_gmt":"2025-03-27T12:00:49","slug":"conteneur-refrigere-koala-600","status":"publish","type":"product","link":"https:\/\/www.melform.com\/fr\/conteneurs-\/catalogue-de-produits\/conteneurs-refrigeres\/conteneur-refrigere-koala-600\/","title":{"rendered":"Conteneur r\u00e9frig\u00e9r\u00e9 &#8211; KOALA 600"},"content":{"rendered":"Le KOALA 600 est un conteneur isotherme r\u00e9frig\u00e9r\u00e9 con\u00e7u pour garantir le transport s\u00e9curis\u00e9 et professionnel de produits \u00e0 temp\u00e9rature contr\u00f4l\u00e9e. Avec une capacit\u00e9 de 600 litres, il dispose d\u2019une ouverture frontale et est certifi\u00e9 ATP, garantissant la conformit\u00e9 aux normes internationales pour le transport de marchandises p\u00e9rissables.\u00a0Ses dimensions et sa capacit\u00e9 sont optimis\u00e9es pour une utilisation optimale de l\u2019espace de chargement des v\u00e9hicules utilitaires. Conforme aux normes FD X 15-140, il repr\u00e9sente la solution id\u00e9ale pour les besoins de transport professionnel.\r\n<ul>\r\n \t<li><strong>Capacit\u00e9 :<\/strong> 600 litres<\/li>\r\n \t<li><strong>Mat\u00e9riau :<\/strong> Poly\u00e9thyl\u00e8ne robuste et hautement isolant<\/li>\r\n \t<li><strong>Isolation :<\/strong> Mousse polyur\u00e9thane \u00e9cologique (sans CFC ni HCFC)<\/li>\r\n \t<li><strong>Certifications :<\/strong> Certifi\u00e9 ATP et conforme \u00e0 la norme FD X 15-140<\/li>\r\n \t<li><strong>Design pratique :<\/strong> Ouverture frontale pour un acc\u00e8s facile aux produits<\/li>\r\n \t<li><strong>Optimisation de l\u2019espace :<\/strong> Dimensions con\u00e7ues pour maximiser l\u2019espace de chargement des v\u00e9hicules utilitaires<\/li>\r\n<\/ul>","protected":false},"excerpt":{"rendered":"Le KOALA 600 est un conteneur isotherme r\u00e9frig\u00e9r\u00e9 con\u00e7u pour garantir le transport s\u00e9curis\u00e9 et professionnel de produits \u00e0 temp\u00e9rature contr\u00f4l\u00e9e. Avec une capacit\u00e9 de 600 litres, il dispose d\u2019une ouverture frontale et est certifi\u00e9 ATP, garantissant la conformit\u00e9 aux normes internationales pour le transport de marchandises p\u00e9rissables.\u00a0Ses dimensions et sa capacit\u00e9 sont optimis\u00e9es pour [&hellip;]","protected":false},"featured_media":12918,"template":"","meta":{"_acf_changed":false,"_themeisle_gutenberg_block_has_review":false},"product_brand":[],"product_cat":[912,236,237],"product_tag":[],"class_list":{"0":"post-12946","1":"product","2":"type-product","3":"status-publish","4":"has-post-thumbnail","6":"product_cat-catalogue-de-produits","7":"product_cat-conteneurs-refrigeres","8":"product_cat-conteneurs-isothermes-refrigeres-koala","9":"pa_basamento-basic-fr","10":"pa_basamento-pieds","11":"pa_basamento-roues","12":"pa_linea-koala-fr","13":"pa_range-di-temperatura-25c-10-fr","14":"pa_range-di-temperatura-25c-40-fr","15":"pa_range-di-temperatura-0c-40-fr","16":"pa_range-di-temperatura-0c-10c-fr","18":"first","19":"instock","20":"product-type-variable","21":"has-default-attributes","22":"wvs-archive-product-wrapper"},"acf":[],"yoast_head":"<!-- This site is optimized with the Yoast SEO plugin v26.4 - https:\/\/yoast.com\/wordpress\/plugins\/seo\/ -->\n<title>Conteneur r\u00e9frig\u00e9r\u00e9 - KOALA 600 - MELFORM<\/title>\n<meta name=\"robots\" content=\"index, follow, max-snippet:-1, max-image-preview:large, max-video-preview:-1\" \/>\n<link rel=\"canonical\" href=\"https:\/\/www.melform.com\/fr\/conteneurs-\/catalogue-de-produits\/conteneurs-refrigeres\/conteneur-refrigere-koala-600\/\" \/>\n<meta property=\"og:locale\" content=\"fr_FR\" \/>\n<meta property=\"og:type\" content=\"article\" \/>\n<meta property=\"og:title\" content=\"Conteneur r\u00e9frig\u00e9r\u00e9 - KOALA 600 - MELFORM\" \/>\n<meta property=\"og:description\" content=\"Le KOALA 600 est un conteneur isotherme r\u00e9frig\u00e9r\u00e9 con\u00e7u pour garantir le transport s\u00e9curis\u00e9 et professionnel de produits \u00e0 temp\u00e9rature contr\u00f4l\u00e9e. Avec une capacit\u00e9 de 600 litres, il dispose d\u2019une ouverture frontale et est certifi\u00e9 ATP, garantissant la conformit\u00e9 aux normes internationales pour le transport de marchandises p\u00e9rissables.\u00a0Ses dimensions et sa capacit\u00e9 sont optimis\u00e9es pour [&hellip;]\" \/>\n<meta property=\"og:url\" content=\"https:\/\/www.melform.com\/fr\/conteneurs-\/catalogue-de-produits\/conteneurs-refrigeres\/conteneur-refrigere-koala-600\/\" \/>\n<meta property=\"og:site_name\" content=\"MELFORM\" \/>\n<meta property=\"article:modified_time\" content=\"2025-03-27T12:00:49+00:00\" \/>\n<meta property=\"og:image\" content=\"https:\/\/www.melform.com\/wp-content\/uploads\/2023\/10\/Koala-600-chiuso.jpg\" \/>\n\t<meta property=\"og:image:width\" content=\"1500\" \/>\n\t<meta property=\"og:image:height\" content=\"1000\" \/>\n\t<meta property=\"og:image:type\" content=\"image\/jpeg\" \/>\n<meta name=\"twitter:card\" content=\"summary_large_image\" \/>\n<script type=\"application\/ld+json\" class=\"yoast-schema-graph\">{\"@context\":\"https:\/\/schema.org\",\"@graph\":[{\"@type\":\"WebPage\",\"@id\":\"https:\/\/www.melform.com\/fr\/conteneurs-\/catalogue-de-produits\/conteneurs-refrigeres\/conteneur-refrigere-koala-600\/\",\"url\":\"https:\/\/www.melform.com\/fr\/conteneurs-\/catalogue-de-produits\/conteneurs-refrigeres\/conteneur-refrigere-koala-600\/\",\"name\":\"Conteneur r\u00e9frig\u00e9r\u00e9 - KOALA 600 - MELFORM\",\"isPartOf\":{\"@id\":\"https:\/\/www.melform.com\/fr\/#website\"},\"primaryImageOfPage\":{\"@id\":\"https:\/\/www.melform.com\/fr\/conteneurs-\/catalogue-de-produits\/conteneurs-refrigeres\/conteneur-refrigere-koala-600\/#primaryimage\"},\"image\":{\"@id\":\"https:\/\/www.melform.com\/fr\/conteneurs-\/catalogue-de-produits\/conteneurs-refrigeres\/conteneur-refrigere-koala-600\/#primaryimage\"},\"thumbnailUrl\":\"https:\/\/www.melform.com\/wp-content\/uploads\/2023\/10\/Koala-600-chiuso.jpg\",\"datePublished\":\"2023-10-27T06:56:25+00:00\",\"dateModified\":\"2025-03-27T12:00:49+00:00\",\"breadcrumb\":{\"@id\":\"https:\/\/www.melform.com\/fr\/conteneurs-\/catalogue-de-produits\/conteneurs-refrigeres\/conteneur-refrigere-koala-600\/#breadcrumb\"},\"inLanguage\":\"fr-FR\",\"potentialAction\":[{\"@type\":\"ReadAction\",\"target\":[\"https:\/\/www.melform.com\/fr\/conteneurs-\/catalogue-de-produits\/conteneurs-refrigeres\/conteneur-refrigere-koala-600\/\"]}]},{\"@type\":\"ImageObject\",\"inLanguage\":\"fr-FR\",\"@id\":\"https:\/\/www.melform.com\/fr\/conteneurs-\/catalogue-de-produits\/conteneurs-refrigeres\/conteneur-refrigere-koala-600\/#primaryimage\",\"url\":\"https:\/\/www.melform.com\/wp-content\/uploads\/2023\/10\/Koala-600-chiuso.jpg\",\"contentUrl\":\"https:\/\/www.melform.com\/wp-content\/uploads\/2023\/10\/Koala-600-chiuso.jpg\",\"width\":1500,\"height\":1000},{\"@type\":\"BreadcrumbList\",\"@id\":\"https:\/\/www.melform.com\/fr\/conteneurs-\/catalogue-de-produits\/conteneurs-refrigeres\/conteneur-refrigere-koala-600\/#breadcrumb\",\"itemListElement\":[{\"@type\":\"ListItem\",\"position\":1,\"name\":\"Home\",\"item\":\"https:\/\/www.melform.com\/fr\/\"},{\"@type\":\"ListItem\",\"position\":2,\"name\":\"Shop\",\"item\":\"https:\/\/www.melform.com\/fr\/shop\/\"},{\"@type\":\"ListItem\",\"position\":3,\"name\":\"Conteneur r\u00e9frig\u00e9r\u00e9 &#8211; KOALA 600\"}]},{\"@type\":\"WebSite\",\"@id\":\"https:\/\/www.melform.com\/fr\/#website\",\"url\":\"https:\/\/www.melform.com\/fr\/\",\"name\":\"MELFORM\",\"description\":\"SISTEMI PER IL TRASPORTO E STOCCAGGIO A TEMPERATURA CONTROLLATA\",\"potentialAction\":[{\"@type\":\"SearchAction\",\"target\":{\"@type\":\"EntryPoint\",\"urlTemplate\":\"https:\/\/www.melform.com\/fr\/?s={search_term_string}\"},\"query-input\":{\"@type\":\"PropertyValueSpecification\",\"valueRequired\":true,\"valueName\":\"search_term_string\"}}],\"inLanguage\":\"fr-FR\"}]}<\/script>\n<!-- \/ Yoast SEO plugin. -->","yoast_head_json":{"title":"Conteneur r\u00e9frig\u00e9r\u00e9 - KOALA 600 - MELFORM","robots":{"index":"index","follow":"follow","max-snippet":"max-snippet:-1","max-image-preview":"max-image-preview:large","max-video-preview":"max-video-preview:-1"},"canonical":"https:\/\/www.melform.com\/fr\/conteneurs-\/catalogue-de-produits\/conteneurs-refrigeres\/conteneur-refrigere-koala-600\/","og_locale":"fr_FR","og_type":"article","og_title":"Conteneur r\u00e9frig\u00e9r\u00e9 - KOALA 600 - MELFORM","og_description":"Le KOALA 600 est un conteneur isotherme r\u00e9frig\u00e9r\u00e9 con\u00e7u pour garantir le transport s\u00e9curis\u00e9 et professionnel de produits \u00e0 temp\u00e9rature contr\u00f4l\u00e9e. Avec une capacit\u00e9 de 600 litres, il dispose d\u2019une ouverture frontale et est certifi\u00e9 ATP, garantissant la conformit\u00e9 aux normes internationales pour le transport de marchandises p\u00e9rissables.\u00a0Ses dimensions et sa capacit\u00e9 sont optimis\u00e9es pour [&hellip;]","og_url":"https:\/\/www.melform.com\/fr\/conteneurs-\/catalogue-de-produits\/conteneurs-refrigeres\/conteneur-refrigere-koala-600\/","og_site_name":"MELFORM","article_modified_time":"2025-03-27T12:00:49+00:00","og_image":[{"width":1500,"height":1000,"url":"https:\/\/www.melform.com\/wp-content\/uploads\/2023\/10\/Koala-600-chiuso.jpg","type":"image\/jpeg"}],"twitter_card":"summary_large_image","schema":{"@context":"https:\/\/schema.org","@graph":[{"@type":"WebPage","@id":"https:\/\/www.melform.com\/fr\/conteneurs-\/catalogue-de-produits\/conteneurs-refrigeres\/conteneur-refrigere-koala-600\/","url":"https:\/\/www.melform.com\/fr\/conteneurs-\/catalogue-de-produits\/conteneurs-refrigeres\/conteneur-refrigere-koala-600\/","name":"Conteneur r\u00e9frig\u00e9r\u00e9 - KOALA 600 - MELFORM","isPartOf":{"@id":"https:\/\/www.melform.com\/fr\/#website"},"primaryImageOfPage":{"@id":"https:\/\/www.melform.com\/fr\/conteneurs-\/catalogue-de-produits\/conteneurs-refrigeres\/conteneur-refrigere-koala-600\/#primaryimage"},"image":{"@id":"https:\/\/www.melform.com\/fr\/conteneurs-\/catalogue-de-produits\/conteneurs-refrigeres\/conteneur-refrigere-koala-600\/#primaryimage"},"thumbnailUrl":"https:\/\/www.melform.com\/wp-content\/uploads\/2023\/10\/Koala-600-chiuso.jpg","datePublished":"2023-10-27T06:56:25+00:00","dateModified":"2025-03-27T12:00:49+00:00","breadcrumb":{"@id":"https:\/\/www.melform.com\/fr\/conteneurs-\/catalogue-de-produits\/conteneurs-refrigeres\/conteneur-refrigere-koala-600\/#breadcrumb"},"inLanguage":"fr-FR","potentialAction":[{"@type":"ReadAction","target":["https:\/\/www.melform.com\/fr\/conteneurs-\/catalogue-de-produits\/conteneurs-refrigeres\/conteneur-refrigere-koala-600\/"]}]},{"@type":"ImageObject","inLanguage":"fr-FR","@id":"https:\/\/www.melform.com\/fr\/conteneurs-\/catalogue-de-produits\/conteneurs-refrigeres\/conteneur-refrigere-koala-600\/#primaryimage","url":"https:\/\/www.melform.com\/wp-content\/uploads\/2023\/10\/Koala-600-chiuso.jpg","contentUrl":"https:\/\/www.melform.com\/wp-content\/uploads\/2023\/10\/Koala-600-chiuso.jpg","width":1500,"height":1000},{"@type":"BreadcrumbList","@id":"https:\/\/www.melform.com\/fr\/conteneurs-\/catalogue-de-produits\/conteneurs-refrigeres\/conteneur-refrigere-koala-600\/#breadcrumb","itemListElement":[{"@type":"ListItem","position":1,"name":"Home","item":"https:\/\/www.melform.com\/fr\/"},{"@type":"ListItem","position":2,"name":"Shop","item":"https:\/\/www.melform.com\/fr\/shop\/"},{"@type":"ListItem","position":3,"name":"Conteneur r\u00e9frig\u00e9r\u00e9 &#8211; KOALA 600"}]},{"@type":"WebSite","@id":"https:\/\/www.melform.com\/fr\/#website","url":"https:\/\/www.melform.com\/fr\/","name":"MELFORM","description":"SISTEMI PER IL TRASPORTO E STOCCAGGIO A TEMPERATURA CONTROLLATA","potentialAction":[{"@type":"SearchAction","target":{"@type":"EntryPoint","urlTemplate":"https:\/\/www.melform.com\/fr\/?s={search_term_string}"},"query-input":{"@type":"PropertyValueSpecification","valueRequired":true,"valueName":"search_term_string"}}],"inLanguage":"fr-FR"}]}},"_links":{"self":[{"href":"https:\/\/www.melform.com\/fr\/wp-json\/wp\/v2\/product\/12946","targetHints":{"allow":["GET"]}}],"collection":[{"href":"https:\/\/www.melform.com\/fr\/wp-json\/wp\/v2\/product"}],"about":[{"href":"https:\/\/www.melform.com\/fr\/wp-json\/wp\/v2\/types\/product"}],"wp:featuredmedia":[{"embeddable":true,"href":"https:\/\/www.melform.com\/fr\/wp-json\/wp\/v2\/media\/12918"}],"wp:attachment":[{"href":"https:\/\/www.melform.com\/fr\/wp-json\/wp\/v2\/media?parent=12946"}],"wp:term":[{"taxonomy":"product_brand","embeddable":true,"href":"https:\/\/www.melform.com\/fr\/wp-json\/wp\/v2\/product_brand?post=12946"},{"taxonomy":"product_cat","embeddable":true,"href":"https:\/\/www.melform.com\/fr\/wp-json\/wp\/v2\/product_cat?post=12946"},{"taxonomy":"product_tag","embeddable":true,"href":"https:\/\/www.melform.com\/fr\/wp-json\/wp\/v2\/product_tag?post=12946"}],"curies":[{"name":"wp","href":"https:\/\/api.w.org\/{rel}","templated":true}]}}