{"id":13288,"date":"2024-03-11T12:23:33","date_gmt":"2024-03-11T10:23:33","guid":{"rendered":"https:\/\/www.melform.com\/?post_type=product&#038;p=13288"},"modified":"2024-03-11T12:33:57","modified_gmt":"2024-03-11T10:33:57","slug":"separateur-isotherme-360x270mm","status":"publish","type":"product","link":"https:\/\/www.melform.com\/fr\/conteneurs-\/catalogue-de-produits\/plaques-eutectiques-logistique\/separateur-isotherme-360x270mm\/","title":{"rendered":"S\u00e9parateur isotherme  360x270mm"},"content":{"rendered":"S\u00e9parateur isotherme, PEML0006, compatible avec le conteneur mod\u00e8le MAILLON, utile pour diviser la charge fra\u00eeche et congel\u00e9e dans un m\u00eame conteneur, permettant de prolonger les temps de maintien en temp\u00e9rature des produits p\u00e9rissables.\r\nLa technologie et le design exclusif MELFORM garantissent un appareil robuste, facile \u00e0 manipuler et\r\n\u00e9cologique, gr\u00e2ce \u00e0 la coque ext\u00e9rieure enti\u00e8rement recyclable.","protected":false},"excerpt":{"rendered":"S\u00e9parateur isotherme, PEML0006, compatible avec le conteneur mod\u00e8le MAILLON, utile pour diviser la charge fra\u00eeche et congel\u00e9e dans un m\u00eame conteneur, permettant de prolonger les temps de maintien en temp\u00e9rature des produits p\u00e9rissables. La technologie et le design exclusif MELFORM garantissent un appareil robuste, facile \u00e0 manipuler et \u00e9cologique, gr\u00e2ce \u00e0 la coque ext\u00e9rieure enti\u00e8rement [&hellip;]","protected":false},"featured_media":2003,"template":"","meta":{"_acf_changed":false,"_themeisle_gutenberg_block_has_review":false},"product_brand":[],"product_cat":[912,666,278,665],"product_tag":[],"class_list":{"0":"post-13288","1":"product","2":"type-product","3":"status-publish","4":"has-post-thumbnail","6":"product_cat-catalogue-de-produits","7":"product_cat-plaques-eutectiques-logistique","8":"product_cat-restauration","9":"product_cat-plaques-eutectiques","10":"pa_compatibilita-logistica-maillon-fr","11":"pa_linea-thermax-fr","13":"first","14":"instock","15":"product-type-variable","16":"wvs-archive-product-wrapper"},"acf":[],"yoast_head":"<!-- This site is optimized with the Yoast SEO plugin v26.4 - https:\/\/yoast.com\/wordpress\/plugins\/seo\/ -->\n<title>S\u00e9parateur isotherme 360x270mm - MELFORM<\/title>\n<meta name=\"robots\" content=\"index, follow, max-snippet:-1, max-image-preview:large, max-video-preview:-1\" \/>\n<link rel=\"canonical\" href=\"https:\/\/www.melform.com\/fr\/conteneurs-\/catalogue-de-produits\/plaques-eutectiques-logistique\/separateur-isotherme-360x270mm\/\" \/>\n<meta property=\"og:locale\" content=\"fr_FR\" \/>\n<meta property=\"og:type\" content=\"article\" \/>\n<meta property=\"og:title\" content=\"S\u00e9parateur isotherme 360x270mm - MELFORM\" \/>\n<meta property=\"og:description\" content=\"S\u00e9parateur isotherme, PEML0006, compatible avec le conteneur mod\u00e8le MAILLON, utile pour diviser la charge fra\u00eeche et congel\u00e9e dans un m\u00eame conteneur, permettant de prolonger les temps de maintien en temp\u00e9rature des produits p\u00e9rissables. La technologie et le design exclusif MELFORM garantissent un appareil robuste, facile \u00e0 manipuler et \u00e9cologique, gr\u00e2ce \u00e0 la coque ext\u00e9rieure enti\u00e8rement [&hellip;]\" \/>\n<meta property=\"og:url\" content=\"https:\/\/www.melform.com\/fr\/conteneurs-\/catalogue-de-produits\/plaques-eutectiques-logistique\/separateur-isotherme-360x270mm\/\" \/>\n<meta property=\"og:site_name\" content=\"MELFORM\" \/>\n<meta property=\"article:modified_time\" content=\"2024-03-11T10:33:57+00:00\" \/>\n<meta property=\"og:image\" content=\"https:\/\/www.melform.com\/wp-content\/uploads\/2022\/09\/PEML9001-1.jpg\" \/>\n\t<meta property=\"og:image:width\" content=\"1000\" \/>\n\t<meta property=\"og:image:height\" content=\"750\" \/>\n\t<meta property=\"og:image:type\" content=\"image\/jpeg\" \/>\n<meta name=\"twitter:card\" content=\"summary_large_image\" \/>\n<script type=\"application\/ld+json\" class=\"yoast-schema-graph\">{\"@context\":\"https:\/\/schema.org\",\"@graph\":[{\"@type\":\"WebPage\",\"@id\":\"https:\/\/www.melform.com\/fr\/conteneurs-\/catalogue-de-produits\/plaques-eutectiques-logistique\/separateur-isotherme-360x270mm\/\",\"url\":\"https:\/\/www.melform.com\/fr\/conteneurs-\/catalogue-de-produits\/plaques-eutectiques-logistique\/separateur-isotherme-360x270mm\/\",\"name\":\"S\u00e9parateur isotherme 360x270mm - MELFORM\",\"isPartOf\":{\"@id\":\"https:\/\/www.melform.com\/fr\/#website\"},\"primaryImageOfPage\":{\"@id\":\"https:\/\/www.melform.com\/fr\/conteneurs-\/catalogue-de-produits\/plaques-eutectiques-logistique\/separateur-isotherme-360x270mm\/#primaryimage\"},\"image\":{\"@id\":\"https:\/\/www.melform.com\/fr\/conteneurs-\/catalogue-de-produits\/plaques-eutectiques-logistique\/separateur-isotherme-360x270mm\/#primaryimage\"},\"thumbnailUrl\":\"https:\/\/www.melform.com\/wp-content\/uploads\/2022\/09\/PEML9001-1.jpg\",\"datePublished\":\"2024-03-11T10:23:33+00:00\",\"dateModified\":\"2024-03-11T10:33:57+00:00\",\"breadcrumb\":{\"@id\":\"https:\/\/www.melform.com\/fr\/conteneurs-\/catalogue-de-produits\/plaques-eutectiques-logistique\/separateur-isotherme-360x270mm\/#breadcrumb\"},\"inLanguage\":\"fr-FR\",\"potentialAction\":[{\"@type\":\"ReadAction\",\"target\":[\"https:\/\/www.melform.com\/fr\/conteneurs-\/catalogue-de-produits\/plaques-eutectiques-logistique\/separateur-isotherme-360x270mm\/\"]}]},{\"@type\":\"ImageObject\",\"inLanguage\":\"fr-FR\",\"@id\":\"https:\/\/www.melform.com\/fr\/conteneurs-\/catalogue-de-produits\/plaques-eutectiques-logistique\/separateur-isotherme-360x270mm\/#primaryimage\",\"url\":\"https:\/\/www.melform.com\/wp-content\/uploads\/2022\/09\/PEML9001-1.jpg\",\"contentUrl\":\"https:\/\/www.melform.com\/wp-content\/uploads\/2022\/09\/PEML9001-1.jpg\",\"width\":1000,\"height\":750},{\"@type\":\"BreadcrumbList\",\"@id\":\"https:\/\/www.melform.com\/fr\/conteneurs-\/catalogue-de-produits\/plaques-eutectiques-logistique\/separateur-isotherme-360x270mm\/#breadcrumb\",\"itemListElement\":[{\"@type\":\"ListItem\",\"position\":1,\"name\":\"Home\",\"item\":\"https:\/\/www.melform.com\/fr\/\"},{\"@type\":\"ListItem\",\"position\":2,\"name\":\"Shop\",\"item\":\"https:\/\/www.melform.com\/fr\/shop\/\"},{\"@type\":\"ListItem\",\"position\":3,\"name\":\"S\u00e9parateur isotherme 360x270mm\"}]},{\"@type\":\"WebSite\",\"@id\":\"https:\/\/www.melform.com\/fr\/#website\",\"url\":\"https:\/\/www.melform.com\/fr\/\",\"name\":\"MELFORM\",\"description\":\"SISTEMI PER IL TRASPORTO E STOCCAGGIO A TEMPERATURA CONTROLLATA\",\"potentialAction\":[{\"@type\":\"SearchAction\",\"target\":{\"@type\":\"EntryPoint\",\"urlTemplate\":\"https:\/\/www.melform.com\/fr\/?s={search_term_string}\"},\"query-input\":{\"@type\":\"PropertyValueSpecification\",\"valueRequired\":true,\"valueName\":\"search_term_string\"}}],\"inLanguage\":\"fr-FR\"}]}<\/script>\n<!-- \/ Yoast SEO plugin. -->","yoast_head_json":{"title":"S\u00e9parateur isotherme 360x270mm - MELFORM","robots":{"index":"index","follow":"follow","max-snippet":"max-snippet:-1","max-image-preview":"max-image-preview:large","max-video-preview":"max-video-preview:-1"},"canonical":"https:\/\/www.melform.com\/fr\/conteneurs-\/catalogue-de-produits\/plaques-eutectiques-logistique\/separateur-isotherme-360x270mm\/","og_locale":"fr_FR","og_type":"article","og_title":"S\u00e9parateur isotherme 360x270mm - MELFORM","og_description":"S\u00e9parateur isotherme, PEML0006, compatible avec le conteneur mod\u00e8le MAILLON, utile pour diviser la charge fra\u00eeche et congel\u00e9e dans un m\u00eame conteneur, permettant de prolonger les temps de maintien en temp\u00e9rature des produits p\u00e9rissables. La technologie et le design exclusif MELFORM garantissent un appareil robuste, facile \u00e0 manipuler et \u00e9cologique, gr\u00e2ce \u00e0 la coque ext\u00e9rieure enti\u00e8rement [&hellip;]","og_url":"https:\/\/www.melform.com\/fr\/conteneurs-\/catalogue-de-produits\/plaques-eutectiques-logistique\/separateur-isotherme-360x270mm\/","og_site_name":"MELFORM","article_modified_time":"2024-03-11T10:33:57+00:00","og_image":[{"width":1000,"height":750,"url":"https:\/\/www.melform.com\/wp-content\/uploads\/2022\/09\/PEML9001-1.jpg","type":"image\/jpeg"}],"twitter_card":"summary_large_image","schema":{"@context":"https:\/\/schema.org","@graph":[{"@type":"WebPage","@id":"https:\/\/www.melform.com\/fr\/conteneurs-\/catalogue-de-produits\/plaques-eutectiques-logistique\/separateur-isotherme-360x270mm\/","url":"https:\/\/www.melform.com\/fr\/conteneurs-\/catalogue-de-produits\/plaques-eutectiques-logistique\/separateur-isotherme-360x270mm\/","name":"S\u00e9parateur isotherme 360x270mm - MELFORM","isPartOf":{"@id":"https:\/\/www.melform.com\/fr\/#website"},"primaryImageOfPage":{"@id":"https:\/\/www.melform.com\/fr\/conteneurs-\/catalogue-de-produits\/plaques-eutectiques-logistique\/separateur-isotherme-360x270mm\/#primaryimage"},"image":{"@id":"https:\/\/www.melform.com\/fr\/conteneurs-\/catalogue-de-produits\/plaques-eutectiques-logistique\/separateur-isotherme-360x270mm\/#primaryimage"},"thumbnailUrl":"https:\/\/www.melform.com\/wp-content\/uploads\/2022\/09\/PEML9001-1.jpg","datePublished":"2024-03-11T10:23:33+00:00","dateModified":"2024-03-11T10:33:57+00:00","breadcrumb":{"@id":"https:\/\/www.melform.com\/fr\/conteneurs-\/catalogue-de-produits\/plaques-eutectiques-logistique\/separateur-isotherme-360x270mm\/#breadcrumb"},"inLanguage":"fr-FR","potentialAction":[{"@type":"ReadAction","target":["https:\/\/www.melform.com\/fr\/conteneurs-\/catalogue-de-produits\/plaques-eutectiques-logistique\/separateur-isotherme-360x270mm\/"]}]},{"@type":"ImageObject","inLanguage":"fr-FR","@id":"https:\/\/www.melform.com\/fr\/conteneurs-\/catalogue-de-produits\/plaques-eutectiques-logistique\/separateur-isotherme-360x270mm\/#primaryimage","url":"https:\/\/www.melform.com\/wp-content\/uploads\/2022\/09\/PEML9001-1.jpg","contentUrl":"https:\/\/www.melform.com\/wp-content\/uploads\/2022\/09\/PEML9001-1.jpg","width":1000,"height":750},{"@type":"BreadcrumbList","@id":"https:\/\/www.melform.com\/fr\/conteneurs-\/catalogue-de-produits\/plaques-eutectiques-logistique\/separateur-isotherme-360x270mm\/#breadcrumb","itemListElement":[{"@type":"ListItem","position":1,"name":"Home","item":"https:\/\/www.melform.com\/fr\/"},{"@type":"ListItem","position":2,"name":"Shop","item":"https:\/\/www.melform.com\/fr\/shop\/"},{"@type":"ListItem","position":3,"name":"S\u00e9parateur isotherme 360x270mm"}]},{"@type":"WebSite","@id":"https:\/\/www.melform.com\/fr\/#website","url":"https:\/\/www.melform.com\/fr\/","name":"MELFORM","description":"SISTEMI PER IL TRASPORTO E STOCCAGGIO A TEMPERATURA CONTROLLATA","potentialAction":[{"@type":"SearchAction","target":{"@type":"EntryPoint","urlTemplate":"https:\/\/www.melform.com\/fr\/?s={search_term_string}"},"query-input":{"@type":"PropertyValueSpecification","valueRequired":true,"valueName":"search_term_string"}}],"inLanguage":"fr-FR"}]}},"_links":{"self":[{"href":"https:\/\/www.melform.com\/fr\/wp-json\/wp\/v2\/product\/13288","targetHints":{"allow":["GET"]}}],"collection":[{"href":"https:\/\/www.melform.com\/fr\/wp-json\/wp\/v2\/product"}],"about":[{"href":"https:\/\/www.melform.com\/fr\/wp-json\/wp\/v2\/types\/product"}],"wp:featuredmedia":[{"embeddable":true,"href":"https:\/\/www.melform.com\/fr\/wp-json\/wp\/v2\/media\/2003"}],"wp:attachment":[{"href":"https:\/\/www.melform.com\/fr\/wp-json\/wp\/v2\/media?parent=13288"}],"wp:term":[{"taxonomy":"product_brand","embeddable":true,"href":"https:\/\/www.melform.com\/fr\/wp-json\/wp\/v2\/product_brand?post=13288"},{"taxonomy":"product_cat","embeddable":true,"href":"https:\/\/www.melform.com\/fr\/wp-json\/wp\/v2\/product_cat?post=13288"},{"taxonomy":"product_tag","embeddable":true,"href":"https:\/\/www.melform.com\/fr\/wp-json\/wp\/v2\/product_tag?post=13288"}],"curies":[{"name":"wp","href":"https:\/\/api.w.org\/{rel}","templated":true}]}}