{"id":13670,"date":"2024-06-20T16:54:28","date_gmt":"2024-06-20T14:54:28","guid":{"rendered":"https:\/\/www.melform.com\/?post_type=product&#038;p=13670"},"modified":"2025-03-27T14:15:50","modified_gmt":"2025-03-27T12:15:50","slug":"conteneur-refrigere-auto-alimente-avec-batterie-koala-green-600","status":"publish","type":"product","link":"https:\/\/www.melform.com\/fr\/conteneurs-\/catalogue-de-produits\/conteneurs-refrigeres\/conteneur-refrigere-auto-alimente-avec-batterie-koala-green-600\/","title":{"rendered":"Conteneur r\u00e9frig\u00e9r\u00e9 autonome &#8211; KOALA GREEN 600"},"content":{"rendered":"Le conteneur r\u00e9frig\u00e9r\u00e9 <strong>Koala Green 600<\/strong> est une solution innovante, enti\u00e8rement autonome gr\u00e2ce \u00e0 sa batterie <strong>LiFePO4<\/strong>, qui le rend ind\u00e9pendant de tout v\u00e9hicule. Equip\u00e9 d&#8217;une batterie amovible qui peut \u00eatre recharg\u00e9e en connectant le conteneur au r\u00e9seau \u00e9lectrique (230V) ou en utilisant un chargeur externe apr\u00e8s l&#8217;avoir retir\u00e9e du groupe frigorifique.\r\n<ul>\r\n \t<li><strong>Capacit\u00e9 :<\/strong> 600 litres, id\u00e9al pour le transport de produits \u00e0 temp\u00e9rature contr\u00f4l\u00e9e.<\/li>\r\n \t<li><strong>Double alimentation :<\/strong> compatible avec des sources d&#8217;\u00e9nergie 12Vdc et 230Vac pour une plus grande polyvalence.<\/li>\r\n \t<li><strong>Mat\u00e9riaux de construction :<\/strong> fabriqu\u00e9 en poly\u00e9thyl\u00e8ne et isol\u00e9 avec une mousse de polyur\u00e9thane sans CFC ni HCFC, garantissant une excellente conservation thermique et pr\u00e9servant les propri\u00e9t\u00e9s organoleptiques des aliments.<\/li>\r\n \t<li><strong>Performances :<\/strong> garantit un maintien optimal de la temp\u00e9rature, r\u00e9duisant le risque de prolif\u00e9ration bact\u00e9rienne.<\/li>\r\n \t<li><strong>Groupe frigorifique int\u00e9gr\u00e9 :<\/strong> con\u00e7u pour offrir une efficacit\u00e9 \u00e9lev\u00e9e et une facilit\u00e9 d&#8217;utilisation.<\/li>\r\n<\/ul>","protected":false},"excerpt":{"rendered":"Le conteneur r\u00e9frig\u00e9r\u00e9 Koala Green 600 est une solution innovante, enti\u00e8rement autonome gr\u00e2ce \u00e0 sa batterie LiFePO4, qui le rend ind\u00e9pendant de tout v\u00e9hicule. Equip\u00e9 d&#8217;une batterie amovible qui peut \u00eatre recharg\u00e9e en connectant le conteneur au r\u00e9seau \u00e9lectrique (230V) ou en utilisant un chargeur externe apr\u00e8s l&#8217;avoir retir\u00e9e du groupe frigorifique. Capacit\u00e9 : 600 [&hellip;]","protected":false},"featured_media":13635,"template":"","meta":{"_acf_changed":false,"_themeisle_gutenberg_block_has_review":false},"product_brand":[],"product_cat":[912,236,656],"product_tag":[],"class_list":{"0":"post-13670","1":"product","2":"type-product","3":"status-publish","4":"has-post-thumbnail","6":"product_cat-catalogue-de-produits","7":"product_cat-conteneurs-refrigeres","8":"product_cat-conteneurs-isothermes-refrigeres-autonomes-koala-green","9":"pa_basamento-basic-fr","10":"pa_basamento-palette","11":"pa_basamento-pieds","12":"pa_basamento-roues","13":"pa_linea-koala-green-fr","15":"first","16":"instock","17":"product-type-variable","18":"has-default-attributes","19":"wvs-archive-product-wrapper"},"acf":[],"yoast_head":"<!-- This site is optimized with the Yoast SEO plugin v26.4 - https:\/\/yoast.com\/wordpress\/plugins\/seo\/ -->\n<title>Conteneur r\u00e9frig\u00e9r\u00e9 autonome - KOALA GREEN 600 - MELFORM<\/title>\n<meta name=\"robots\" content=\"index, follow, max-snippet:-1, max-image-preview:large, max-video-preview:-1\" \/>\n<link rel=\"canonical\" href=\"https:\/\/www.melform.com\/fr\/conteneurs-\/catalogue-de-produits\/conteneurs-refrigeres\/conteneur-refrigere-auto-alimente-avec-batterie-koala-green-600\/\" \/>\n<meta property=\"og:locale\" content=\"fr_FR\" \/>\n<meta property=\"og:type\" content=\"article\" \/>\n<meta property=\"og:title\" content=\"Conteneur r\u00e9frig\u00e9r\u00e9 autonome - KOALA GREEN 600 - MELFORM\" \/>\n<meta property=\"og:description\" content=\"Le conteneur r\u00e9frig\u00e9r\u00e9 Koala Green 600 est une solution innovante, enti\u00e8rement autonome gr\u00e2ce \u00e0 sa batterie LiFePO4, qui le rend ind\u00e9pendant de tout v\u00e9hicule. Equip\u00e9 d&#8217;une batterie amovible qui peut \u00eatre recharg\u00e9e en connectant le conteneur au r\u00e9seau \u00e9lectrique (230V) ou en utilisant un chargeur externe apr\u00e8s l&#8217;avoir retir\u00e9e du groupe frigorifique. Capacit\u00e9 : 600 [&hellip;]\" \/>\n<meta property=\"og:url\" content=\"https:\/\/www.melform.com\/fr\/conteneurs-\/catalogue-de-produits\/conteneurs-refrigeres\/conteneur-refrigere-auto-alimente-avec-batterie-koala-green-600\/\" \/>\n<meta property=\"og:site_name\" content=\"MELFORM\" \/>\n<meta property=\"article:modified_time\" content=\"2025-03-27T12:15:50+00:00\" \/>\n<meta property=\"og:image\" content=\"https:\/\/www.melform.com\/wp-content\/uploads\/2024\/06\/Koala-green-600-chiuso.jpg\" \/>\n\t<meta property=\"og:image:width\" content=\"1321\" \/>\n\t<meta property=\"og:image:height\" content=\"1981\" \/>\n\t<meta property=\"og:image:type\" content=\"image\/jpeg\" \/>\n<meta name=\"twitter:card\" content=\"summary_large_image\" \/>\n<script type=\"application\/ld+json\" class=\"yoast-schema-graph\">{\"@context\":\"https:\/\/schema.org\",\"@graph\":[{\"@type\":\"WebPage\",\"@id\":\"https:\/\/www.melform.com\/fr\/conteneurs-\/catalogue-de-produits\/conteneurs-refrigeres\/conteneur-refrigere-auto-alimente-avec-batterie-koala-green-600\/\",\"url\":\"https:\/\/www.melform.com\/fr\/conteneurs-\/catalogue-de-produits\/conteneurs-refrigeres\/conteneur-refrigere-auto-alimente-avec-batterie-koala-green-600\/\",\"name\":\"Conteneur r\u00e9frig\u00e9r\u00e9 autonome - KOALA GREEN 600 - MELFORM\",\"isPartOf\":{\"@id\":\"https:\/\/www.melform.com\/fr\/#website\"},\"primaryImageOfPage\":{\"@id\":\"https:\/\/www.melform.com\/fr\/conteneurs-\/catalogue-de-produits\/conteneurs-refrigeres\/conteneur-refrigere-auto-alimente-avec-batterie-koala-green-600\/#primaryimage\"},\"image\":{\"@id\":\"https:\/\/www.melform.com\/fr\/conteneurs-\/catalogue-de-produits\/conteneurs-refrigeres\/conteneur-refrigere-auto-alimente-avec-batterie-koala-green-600\/#primaryimage\"},\"thumbnailUrl\":\"https:\/\/www.melform.com\/wp-content\/uploads\/2024\/06\/Koala-green-600-chiuso.jpg\",\"datePublished\":\"2024-06-20T14:54:28+00:00\",\"dateModified\":\"2025-03-27T12:15:50+00:00\",\"breadcrumb\":{\"@id\":\"https:\/\/www.melform.com\/fr\/conteneurs-\/catalogue-de-produits\/conteneurs-refrigeres\/conteneur-refrigere-auto-alimente-avec-batterie-koala-green-600\/#breadcrumb\"},\"inLanguage\":\"fr-FR\",\"potentialAction\":[{\"@type\":\"ReadAction\",\"target\":[\"https:\/\/www.melform.com\/fr\/conteneurs-\/catalogue-de-produits\/conteneurs-refrigeres\/conteneur-refrigere-auto-alimente-avec-batterie-koala-green-600\/\"]}]},{\"@type\":\"ImageObject\",\"inLanguage\":\"fr-FR\",\"@id\":\"https:\/\/www.melform.com\/fr\/conteneurs-\/catalogue-de-produits\/conteneurs-refrigeres\/conteneur-refrigere-auto-alimente-avec-batterie-koala-green-600\/#primaryimage\",\"url\":\"https:\/\/www.melform.com\/wp-content\/uploads\/2024\/06\/Koala-green-600-chiuso.jpg\",\"contentUrl\":\"https:\/\/www.melform.com\/wp-content\/uploads\/2024\/06\/Koala-green-600-chiuso.jpg\",\"width\":1321,\"height\":1981},{\"@type\":\"BreadcrumbList\",\"@id\":\"https:\/\/www.melform.com\/fr\/conteneurs-\/catalogue-de-produits\/conteneurs-refrigeres\/conteneur-refrigere-auto-alimente-avec-batterie-koala-green-600\/#breadcrumb\",\"itemListElement\":[{\"@type\":\"ListItem\",\"position\":1,\"name\":\"Home\",\"item\":\"https:\/\/www.melform.com\/fr\/\"},{\"@type\":\"ListItem\",\"position\":2,\"name\":\"Shop\",\"item\":\"https:\/\/www.melform.com\/fr\/shop\/\"},{\"@type\":\"ListItem\",\"position\":3,\"name\":\"Conteneur r\u00e9frig\u00e9r\u00e9 autonome &#8211; KOALA GREEN 600\"}]},{\"@type\":\"WebSite\",\"@id\":\"https:\/\/www.melform.com\/fr\/#website\",\"url\":\"https:\/\/www.melform.com\/fr\/\",\"name\":\"MELFORM\",\"description\":\"SISTEMI PER IL TRASPORTO E STOCCAGGIO A TEMPERATURA CONTROLLATA\",\"potentialAction\":[{\"@type\":\"SearchAction\",\"target\":{\"@type\":\"EntryPoint\",\"urlTemplate\":\"https:\/\/www.melform.com\/fr\/?s={search_term_string}\"},\"query-input\":{\"@type\":\"PropertyValueSpecification\",\"valueRequired\":true,\"valueName\":\"search_term_string\"}}],\"inLanguage\":\"fr-FR\"}]}<\/script>\n<!-- \/ Yoast SEO plugin. -->","yoast_head_json":{"title":"Conteneur r\u00e9frig\u00e9r\u00e9 autonome - KOALA GREEN 600 - MELFORM","robots":{"index":"index","follow":"follow","max-snippet":"max-snippet:-1","max-image-preview":"max-image-preview:large","max-video-preview":"max-video-preview:-1"},"canonical":"https:\/\/www.melform.com\/fr\/conteneurs-\/catalogue-de-produits\/conteneurs-refrigeres\/conteneur-refrigere-auto-alimente-avec-batterie-koala-green-600\/","og_locale":"fr_FR","og_type":"article","og_title":"Conteneur r\u00e9frig\u00e9r\u00e9 autonome - KOALA GREEN 600 - MELFORM","og_description":"Le conteneur r\u00e9frig\u00e9r\u00e9 Koala Green 600 est une solution innovante, enti\u00e8rement autonome gr\u00e2ce \u00e0 sa batterie LiFePO4, qui le rend ind\u00e9pendant de tout v\u00e9hicule. Equip\u00e9 d&#8217;une batterie amovible qui peut \u00eatre recharg\u00e9e en connectant le conteneur au r\u00e9seau \u00e9lectrique (230V) ou en utilisant un chargeur externe apr\u00e8s l&#8217;avoir retir\u00e9e du groupe frigorifique. Capacit\u00e9 : 600 [&hellip;]","og_url":"https:\/\/www.melform.com\/fr\/conteneurs-\/catalogue-de-produits\/conteneurs-refrigeres\/conteneur-refrigere-auto-alimente-avec-batterie-koala-green-600\/","og_site_name":"MELFORM","article_modified_time":"2025-03-27T12:15:50+00:00","og_image":[{"width":1321,"height":1981,"url":"https:\/\/www.melform.com\/wp-content\/uploads\/2024\/06\/Koala-green-600-chiuso.jpg","type":"image\/jpeg"}],"twitter_card":"summary_large_image","schema":{"@context":"https:\/\/schema.org","@graph":[{"@type":"WebPage","@id":"https:\/\/www.melform.com\/fr\/conteneurs-\/catalogue-de-produits\/conteneurs-refrigeres\/conteneur-refrigere-auto-alimente-avec-batterie-koala-green-600\/","url":"https:\/\/www.melform.com\/fr\/conteneurs-\/catalogue-de-produits\/conteneurs-refrigeres\/conteneur-refrigere-auto-alimente-avec-batterie-koala-green-600\/","name":"Conteneur r\u00e9frig\u00e9r\u00e9 autonome - KOALA GREEN 600 - MELFORM","isPartOf":{"@id":"https:\/\/www.melform.com\/fr\/#website"},"primaryImageOfPage":{"@id":"https:\/\/www.melform.com\/fr\/conteneurs-\/catalogue-de-produits\/conteneurs-refrigeres\/conteneur-refrigere-auto-alimente-avec-batterie-koala-green-600\/#primaryimage"},"image":{"@id":"https:\/\/www.melform.com\/fr\/conteneurs-\/catalogue-de-produits\/conteneurs-refrigeres\/conteneur-refrigere-auto-alimente-avec-batterie-koala-green-600\/#primaryimage"},"thumbnailUrl":"https:\/\/www.melform.com\/wp-content\/uploads\/2024\/06\/Koala-green-600-chiuso.jpg","datePublished":"2024-06-20T14:54:28+00:00","dateModified":"2025-03-27T12:15:50+00:00","breadcrumb":{"@id":"https:\/\/www.melform.com\/fr\/conteneurs-\/catalogue-de-produits\/conteneurs-refrigeres\/conteneur-refrigere-auto-alimente-avec-batterie-koala-green-600\/#breadcrumb"},"inLanguage":"fr-FR","potentialAction":[{"@type":"ReadAction","target":["https:\/\/www.melform.com\/fr\/conteneurs-\/catalogue-de-produits\/conteneurs-refrigeres\/conteneur-refrigere-auto-alimente-avec-batterie-koala-green-600\/"]}]},{"@type":"ImageObject","inLanguage":"fr-FR","@id":"https:\/\/www.melform.com\/fr\/conteneurs-\/catalogue-de-produits\/conteneurs-refrigeres\/conteneur-refrigere-auto-alimente-avec-batterie-koala-green-600\/#primaryimage","url":"https:\/\/www.melform.com\/wp-content\/uploads\/2024\/06\/Koala-green-600-chiuso.jpg","contentUrl":"https:\/\/www.melform.com\/wp-content\/uploads\/2024\/06\/Koala-green-600-chiuso.jpg","width":1321,"height":1981},{"@type":"BreadcrumbList","@id":"https:\/\/www.melform.com\/fr\/conteneurs-\/catalogue-de-produits\/conteneurs-refrigeres\/conteneur-refrigere-auto-alimente-avec-batterie-koala-green-600\/#breadcrumb","itemListElement":[{"@type":"ListItem","position":1,"name":"Home","item":"https:\/\/www.melform.com\/fr\/"},{"@type":"ListItem","position":2,"name":"Shop","item":"https:\/\/www.melform.com\/fr\/shop\/"},{"@type":"ListItem","position":3,"name":"Conteneur r\u00e9frig\u00e9r\u00e9 autonome &#8211; KOALA GREEN 600"}]},{"@type":"WebSite","@id":"https:\/\/www.melform.com\/fr\/#website","url":"https:\/\/www.melform.com\/fr\/","name":"MELFORM","description":"SISTEMI PER IL TRASPORTO E STOCCAGGIO A TEMPERATURA CONTROLLATA","potentialAction":[{"@type":"SearchAction","target":{"@type":"EntryPoint","urlTemplate":"https:\/\/www.melform.com\/fr\/?s={search_term_string}"},"query-input":{"@type":"PropertyValueSpecification","valueRequired":true,"valueName":"search_term_string"}}],"inLanguage":"fr-FR"}]}},"_links":{"self":[{"href":"https:\/\/www.melform.com\/fr\/wp-json\/wp\/v2\/product\/13670","targetHints":{"allow":["GET"]}}],"collection":[{"href":"https:\/\/www.melform.com\/fr\/wp-json\/wp\/v2\/product"}],"about":[{"href":"https:\/\/www.melform.com\/fr\/wp-json\/wp\/v2\/types\/product"}],"wp:featuredmedia":[{"embeddable":true,"href":"https:\/\/www.melform.com\/fr\/wp-json\/wp\/v2\/media\/13635"}],"wp:attachment":[{"href":"https:\/\/www.melform.com\/fr\/wp-json\/wp\/v2\/media?parent=13670"}],"wp:term":[{"taxonomy":"product_brand","embeddable":true,"href":"https:\/\/www.melform.com\/fr\/wp-json\/wp\/v2\/product_brand?post=13670"},{"taxonomy":"product_cat","embeddable":true,"href":"https:\/\/www.melform.com\/fr\/wp-json\/wp\/v2\/product_cat?post=13670"},{"taxonomy":"product_tag","embeddable":true,"href":"https:\/\/www.melform.com\/fr\/wp-json\/wp\/v2\/product_tag?post=13670"}],"curies":[{"name":"wp","href":"https:\/\/api.w.org\/{rel}","templated":true}]}}