{"id":14081,"date":"2024-07-29T17:39:53","date_gmt":"2024-07-29T15:39:53","guid":{"rendered":"https:\/\/www.melform.com\/?post_type=product&#038;p=14081"},"modified":"2025-03-27T14:23:17","modified_gmt":"2025-03-27T12:23:17","slug":"conteneur-refrigere-autonome-koala-green-1300","status":"publish","type":"product","link":"https:\/\/www.melform.com\/fr\/conteneurs-\/catalogue-de-produits\/conteneurs-refrigeres\/conteneur-refrigere-autonome-koala-green-1300\/","title":{"rendered":"Conteneur r\u00e9frig\u00e9r\u00e9 autonome &#8211; KOALA GREEN 1300"},"content":{"rendered":"Conteneur isotherme r\u00e9frig\u00e9r\u00e9 \u00e0 alimentation autonome,\u00a0 \u00e9quip\u00e9 d&#8217;une batterie int\u00e9gr\u00e9e qui garantit une autonomie op\u00e9rationnelle. La batterie peut \u00eatre recharg\u00e9e en connectant le conteneur au r\u00e9seau \u00e9lectrique standard (230Vac) ou en la retirant du groupe frigorifique pour la recharger \u00e0 l&#8217;aide d&#8217;un adaptateur externe d\u00e9di\u00e9.\r\n<ul>\r\n \t<li><strong>Capacit\u00e9 :<\/strong> 1115 litres, avec une ouverture frontale pour un acc\u00e8s pratique et confortable.<\/li>\r\n \t<li><strong>Mat\u00e9riaux de construction :<\/strong> fabriqu\u00e9 en poly\u00e9thyl\u00e8ne et isol\u00e9 avec une mousse de polyur\u00e9thane sans CFC ni HCFC, garantissant une haute efficacit\u00e9 thermique.<\/li>\r\n \t<li><strong>Dimensions internes :<\/strong> compatible avec la <strong>norme EUROPALLET (80&#215;120 cm)<\/strong>, optimisant l&#8217;utilisation de l&#8217;espace et assurant une parfaite adaptabilit\u00e9 aux v\u00e9hicules commerciaux.<\/li>\r\n<\/ul>","protected":false},"excerpt":{"rendered":"Conteneur isotherme r\u00e9frig\u00e9r\u00e9 \u00e0 alimentation autonome,\u00a0 \u00e9quip\u00e9 d&#8217;une batterie int\u00e9gr\u00e9e qui garantit une autonomie op\u00e9rationnelle. La batterie peut \u00eatre recharg\u00e9e en connectant le conteneur au r\u00e9seau \u00e9lectrique standard (230Vac) ou en la retirant du groupe frigorifique pour la recharger \u00e0 l&#8217;aide d&#8217;un adaptateur externe d\u00e9di\u00e9. Capacit\u00e9 : 1115 litres, avec une ouverture frontale pour un [&hellip;]","protected":false},"featured_media":14064,"template":"","meta":{"_acf_changed":false,"_themeisle_gutenberg_block_has_review":false},"product_brand":[],"product_cat":[912,236,656],"product_tag":[],"class_list":{"0":"post-14081","1":"product","2":"type-product","3":"status-publish","4":"has-post-thumbnail","6":"product_cat-catalogue-de-produits","7":"product_cat-conteneurs-refrigeres","8":"product_cat-conteneurs-isothermes-refrigeres-autonomes-koala-green","9":"pa_basamento-basic-fr","10":"pa_basamento-pieds","11":"pa_basamento-roues","12":"pa_linea-koala-green-fr","13":"pa_range-di-temperatura-0c-10-fr","14":"pa_range-di-temperatura-0c-40-fr","16":"first","17":"instock","18":"product-type-variable","19":"has-default-attributes","20":"wvs-archive-product-wrapper"},"acf":[],"yoast_head":"<!-- This site is optimized with the Yoast SEO plugin v26.4 - https:\/\/yoast.com\/wordpress\/plugins\/seo\/ -->\n<title>Conteneur r\u00e9frig\u00e9r\u00e9 autonome - KOALA GREEN 1300 - MELFORM<\/title>\n<meta name=\"robots\" content=\"index, follow, max-snippet:-1, max-image-preview:large, max-video-preview:-1\" \/>\n<link rel=\"canonical\" href=\"https:\/\/www.melform.com\/fr\/conteneurs-\/catalogue-de-produits\/conteneurs-refrigeres\/conteneur-refrigere-autonome-koala-green-1300\/\" \/>\n<meta property=\"og:locale\" content=\"fr_FR\" \/>\n<meta property=\"og:type\" content=\"article\" \/>\n<meta property=\"og:title\" content=\"Conteneur r\u00e9frig\u00e9r\u00e9 autonome - KOALA GREEN 1300 - MELFORM\" \/>\n<meta property=\"og:description\" content=\"Conteneur isotherme r\u00e9frig\u00e9r\u00e9 \u00e0 alimentation autonome,\u00a0 \u00e9quip\u00e9 d&#8217;une batterie int\u00e9gr\u00e9e qui garantit une autonomie op\u00e9rationnelle. La batterie peut \u00eatre recharg\u00e9e en connectant le conteneur au r\u00e9seau \u00e9lectrique standard (230Vac) ou en la retirant du groupe frigorifique pour la recharger \u00e0 l&#8217;aide d&#8217;un adaptateur externe d\u00e9di\u00e9. Capacit\u00e9 : 1115 litres, avec une ouverture frontale pour un [&hellip;]\" \/>\n<meta property=\"og:url\" content=\"https:\/\/www.melform.com\/fr\/conteneurs-\/catalogue-de-produits\/conteneurs-refrigeres\/conteneur-refrigere-autonome-koala-green-1300\/\" \/>\n<meta property=\"og:site_name\" content=\"MELFORM\" \/>\n<meta property=\"article:modified_time\" content=\"2025-03-27T12:23:17+00:00\" \/>\n<meta property=\"og:image\" content=\"https:\/\/www.melform.com\/wp-content\/uploads\/2024\/07\/KOALA-GREEN-1300--scaled.jpg\" \/>\n\t<meta property=\"og:image:width\" content=\"2215\" \/>\n\t<meta property=\"og:image:height\" content=\"2560\" \/>\n\t<meta property=\"og:image:type\" content=\"image\/jpeg\" \/>\n<meta name=\"twitter:card\" content=\"summary_large_image\" \/>\n<script type=\"application\/ld+json\" class=\"yoast-schema-graph\">{\"@context\":\"https:\/\/schema.org\",\"@graph\":[{\"@type\":\"WebPage\",\"@id\":\"https:\/\/www.melform.com\/fr\/conteneurs-\/catalogue-de-produits\/conteneurs-refrigeres\/conteneur-refrigere-autonome-koala-green-1300\/\",\"url\":\"https:\/\/www.melform.com\/fr\/conteneurs-\/catalogue-de-produits\/conteneurs-refrigeres\/conteneur-refrigere-autonome-koala-green-1300\/\",\"name\":\"Conteneur r\u00e9frig\u00e9r\u00e9 autonome - KOALA GREEN 1300 - MELFORM\",\"isPartOf\":{\"@id\":\"https:\/\/www.melform.com\/fr\/#website\"},\"primaryImageOfPage\":{\"@id\":\"https:\/\/www.melform.com\/fr\/conteneurs-\/catalogue-de-produits\/conteneurs-refrigeres\/conteneur-refrigere-autonome-koala-green-1300\/#primaryimage\"},\"image\":{\"@id\":\"https:\/\/www.melform.com\/fr\/conteneurs-\/catalogue-de-produits\/conteneurs-refrigeres\/conteneur-refrigere-autonome-koala-green-1300\/#primaryimage\"},\"thumbnailUrl\":\"https:\/\/www.melform.com\/wp-content\/uploads\/2024\/07\/KOALA-GREEN-1300--scaled.jpg\",\"datePublished\":\"2024-07-29T15:39:53+00:00\",\"dateModified\":\"2025-03-27T12:23:17+00:00\",\"breadcrumb\":{\"@id\":\"https:\/\/www.melform.com\/fr\/conteneurs-\/catalogue-de-produits\/conteneurs-refrigeres\/conteneur-refrigere-autonome-koala-green-1300\/#breadcrumb\"},\"inLanguage\":\"fr-FR\",\"potentialAction\":[{\"@type\":\"ReadAction\",\"target\":[\"https:\/\/www.melform.com\/fr\/conteneurs-\/catalogue-de-produits\/conteneurs-refrigeres\/conteneur-refrigere-autonome-koala-green-1300\/\"]}]},{\"@type\":\"ImageObject\",\"inLanguage\":\"fr-FR\",\"@id\":\"https:\/\/www.melform.com\/fr\/conteneurs-\/catalogue-de-produits\/conteneurs-refrigeres\/conteneur-refrigere-autonome-koala-green-1300\/#primaryimage\",\"url\":\"https:\/\/www.melform.com\/wp-content\/uploads\/2024\/07\/KOALA-GREEN-1300--scaled.jpg\",\"contentUrl\":\"https:\/\/www.melform.com\/wp-content\/uploads\/2024\/07\/KOALA-GREEN-1300--scaled.jpg\",\"width\":2215,\"height\":2560},{\"@type\":\"BreadcrumbList\",\"@id\":\"https:\/\/www.melform.com\/fr\/conteneurs-\/catalogue-de-produits\/conteneurs-refrigeres\/conteneur-refrigere-autonome-koala-green-1300\/#breadcrumb\",\"itemListElement\":[{\"@type\":\"ListItem\",\"position\":1,\"name\":\"Home\",\"item\":\"https:\/\/www.melform.com\/fr\/\"},{\"@type\":\"ListItem\",\"position\":2,\"name\":\"Shop\",\"item\":\"https:\/\/www.melform.com\/fr\/shop\/\"},{\"@type\":\"ListItem\",\"position\":3,\"name\":\"Conteneur r\u00e9frig\u00e9r\u00e9 autonome &#8211; KOALA GREEN 1300\"}]},{\"@type\":\"WebSite\",\"@id\":\"https:\/\/www.melform.com\/fr\/#website\",\"url\":\"https:\/\/www.melform.com\/fr\/\",\"name\":\"MELFORM\",\"description\":\"SISTEMI PER IL TRASPORTO E STOCCAGGIO A TEMPERATURA CONTROLLATA\",\"potentialAction\":[{\"@type\":\"SearchAction\",\"target\":{\"@type\":\"EntryPoint\",\"urlTemplate\":\"https:\/\/www.melform.com\/fr\/?s={search_term_string}\"},\"query-input\":{\"@type\":\"PropertyValueSpecification\",\"valueRequired\":true,\"valueName\":\"search_term_string\"}}],\"inLanguage\":\"fr-FR\"}]}<\/script>\n<!-- \/ Yoast SEO plugin. -->","yoast_head_json":{"title":"Conteneur r\u00e9frig\u00e9r\u00e9 autonome - KOALA GREEN 1300 - MELFORM","robots":{"index":"index","follow":"follow","max-snippet":"max-snippet:-1","max-image-preview":"max-image-preview:large","max-video-preview":"max-video-preview:-1"},"canonical":"https:\/\/www.melform.com\/fr\/conteneurs-\/catalogue-de-produits\/conteneurs-refrigeres\/conteneur-refrigere-autonome-koala-green-1300\/","og_locale":"fr_FR","og_type":"article","og_title":"Conteneur r\u00e9frig\u00e9r\u00e9 autonome - KOALA GREEN 1300 - MELFORM","og_description":"Conteneur isotherme r\u00e9frig\u00e9r\u00e9 \u00e0 alimentation autonome,\u00a0 \u00e9quip\u00e9 d&#8217;une batterie int\u00e9gr\u00e9e qui garantit une autonomie op\u00e9rationnelle. La batterie peut \u00eatre recharg\u00e9e en connectant le conteneur au r\u00e9seau \u00e9lectrique standard (230Vac) ou en la retirant du groupe frigorifique pour la recharger \u00e0 l&#8217;aide d&#8217;un adaptateur externe d\u00e9di\u00e9. Capacit\u00e9 : 1115 litres, avec une ouverture frontale pour un [&hellip;]","og_url":"https:\/\/www.melform.com\/fr\/conteneurs-\/catalogue-de-produits\/conteneurs-refrigeres\/conteneur-refrigere-autonome-koala-green-1300\/","og_site_name":"MELFORM","article_modified_time":"2025-03-27T12:23:17+00:00","og_image":[{"width":2215,"height":2560,"url":"https:\/\/www.melform.com\/wp-content\/uploads\/2024\/07\/KOALA-GREEN-1300--scaled.jpg","type":"image\/jpeg"}],"twitter_card":"summary_large_image","schema":{"@context":"https:\/\/schema.org","@graph":[{"@type":"WebPage","@id":"https:\/\/www.melform.com\/fr\/conteneurs-\/catalogue-de-produits\/conteneurs-refrigeres\/conteneur-refrigere-autonome-koala-green-1300\/","url":"https:\/\/www.melform.com\/fr\/conteneurs-\/catalogue-de-produits\/conteneurs-refrigeres\/conteneur-refrigere-autonome-koala-green-1300\/","name":"Conteneur r\u00e9frig\u00e9r\u00e9 autonome - KOALA GREEN 1300 - MELFORM","isPartOf":{"@id":"https:\/\/www.melform.com\/fr\/#website"},"primaryImageOfPage":{"@id":"https:\/\/www.melform.com\/fr\/conteneurs-\/catalogue-de-produits\/conteneurs-refrigeres\/conteneur-refrigere-autonome-koala-green-1300\/#primaryimage"},"image":{"@id":"https:\/\/www.melform.com\/fr\/conteneurs-\/catalogue-de-produits\/conteneurs-refrigeres\/conteneur-refrigere-autonome-koala-green-1300\/#primaryimage"},"thumbnailUrl":"https:\/\/www.melform.com\/wp-content\/uploads\/2024\/07\/KOALA-GREEN-1300--scaled.jpg","datePublished":"2024-07-29T15:39:53+00:00","dateModified":"2025-03-27T12:23:17+00:00","breadcrumb":{"@id":"https:\/\/www.melform.com\/fr\/conteneurs-\/catalogue-de-produits\/conteneurs-refrigeres\/conteneur-refrigere-autonome-koala-green-1300\/#breadcrumb"},"inLanguage":"fr-FR","potentialAction":[{"@type":"ReadAction","target":["https:\/\/www.melform.com\/fr\/conteneurs-\/catalogue-de-produits\/conteneurs-refrigeres\/conteneur-refrigere-autonome-koala-green-1300\/"]}]},{"@type":"ImageObject","inLanguage":"fr-FR","@id":"https:\/\/www.melform.com\/fr\/conteneurs-\/catalogue-de-produits\/conteneurs-refrigeres\/conteneur-refrigere-autonome-koala-green-1300\/#primaryimage","url":"https:\/\/www.melform.com\/wp-content\/uploads\/2024\/07\/KOALA-GREEN-1300--scaled.jpg","contentUrl":"https:\/\/www.melform.com\/wp-content\/uploads\/2024\/07\/KOALA-GREEN-1300--scaled.jpg","width":2215,"height":2560},{"@type":"BreadcrumbList","@id":"https:\/\/www.melform.com\/fr\/conteneurs-\/catalogue-de-produits\/conteneurs-refrigeres\/conteneur-refrigere-autonome-koala-green-1300\/#breadcrumb","itemListElement":[{"@type":"ListItem","position":1,"name":"Home","item":"https:\/\/www.melform.com\/fr\/"},{"@type":"ListItem","position":2,"name":"Shop","item":"https:\/\/www.melform.com\/fr\/shop\/"},{"@type":"ListItem","position":3,"name":"Conteneur r\u00e9frig\u00e9r\u00e9 autonome &#8211; KOALA GREEN 1300"}]},{"@type":"WebSite","@id":"https:\/\/www.melform.com\/fr\/#website","url":"https:\/\/www.melform.com\/fr\/","name":"MELFORM","description":"SISTEMI PER IL TRASPORTO E STOCCAGGIO A TEMPERATURA CONTROLLATA","potentialAction":[{"@type":"SearchAction","target":{"@type":"EntryPoint","urlTemplate":"https:\/\/www.melform.com\/fr\/?s={search_term_string}"},"query-input":{"@type":"PropertyValueSpecification","valueRequired":true,"valueName":"search_term_string"}}],"inLanguage":"fr-FR"}]}},"_links":{"self":[{"href":"https:\/\/www.melform.com\/fr\/wp-json\/wp\/v2\/product\/14081","targetHints":{"allow":["GET"]}}],"collection":[{"href":"https:\/\/www.melform.com\/fr\/wp-json\/wp\/v2\/product"}],"about":[{"href":"https:\/\/www.melform.com\/fr\/wp-json\/wp\/v2\/types\/product"}],"wp:featuredmedia":[{"embeddable":true,"href":"https:\/\/www.melform.com\/fr\/wp-json\/wp\/v2\/media\/14064"}],"wp:attachment":[{"href":"https:\/\/www.melform.com\/fr\/wp-json\/wp\/v2\/media?parent=14081"}],"wp:term":[{"taxonomy":"product_brand","embeddable":true,"href":"https:\/\/www.melform.com\/fr\/wp-json\/wp\/v2\/product_brand?post=14081"},{"taxonomy":"product_cat","embeddable":true,"href":"https:\/\/www.melform.com\/fr\/wp-json\/wp\/v2\/product_cat?post=14081"},{"taxonomy":"product_tag","embeddable":true,"href":"https:\/\/www.melform.com\/fr\/wp-json\/wp\/v2\/product_tag?post=14081"}],"curies":[{"name":"wp","href":"https:\/\/api.w.org\/{rel}","templated":true}]}}