{"id":14141,"date":"2023-05-25T09:52:32","date_gmt":"2023-05-25T07:52:32","guid":{"rendered":"https:\/\/www.melform.com\/?post_type=product&#038;p=14141"},"modified":"2025-02-20T16:30:47","modified_gmt":"2025-02-20T14:30:47","slug":"grille-aea046","status":"publish","type":"product","link":"https:\/\/www.melform.com\/fr\/conteneurs-\/catalogue-de-produits\/accessoires\/grille-aea046\/","title":{"rendered":"Grille en acier inoxydable"},"content":{"rendered":"<p data-start=\"1249\" data-end=\"1503\">La <strong data-start=\"1252\" data-end=\"1282\">grille en acier inoxydable<\/strong> est con\u00e7ue pour <strong data-start=\"1299\" data-end=\"1341\">optimiser l\u2019organisation du chargement<\/strong> \u00e0 l\u2019int\u00e9rieur du <strong data-start=\"1359\" data-end=\"1398\">conteneur<\/strong>, garantissant <strong data-start=\"1413\" data-end=\"1453\">une s\u00e9paration efficace des aliments<\/strong> et <strong data-start=\"1457\" data-end=\"1500\">une gestion s\u00e9curis\u00e9e lors du transport<\/strong>.<\/p>\r\n\r\n<ul data-start=\"1546\" data-end=\"2015\">\r\n \t<li data-start=\"1546\" data-end=\"1660\"><strong data-start=\"1548\" data-end=\"1565\">Compatibilit\u00e9<\/strong> : Sp\u00e9cifiquement con\u00e7ue pour une utilisation \u00e0 l\u2019int\u00e9rieur du <strong data-start=\"1628\" data-end=\"1657\">conteneur CARGO 495, KOALA 495 et KOALA GREEN 495<\/strong>.<\/li>\r\n \t<li data-start=\"1661\" data-end=\"1758\"><strong data-start=\"1663\" data-end=\"1675\">Mat\u00e9riau<\/strong> : <strong data-start=\"1678\" data-end=\"1708\">Acier inoxydable r\u00e9sistant<\/strong>, id\u00e9al pour un usage intensif et professionnel.<\/li>\r\n \t<li data-start=\"1759\" data-end=\"1860\"><strong data-start=\"1761\" data-end=\"1775\">Dimensions<\/strong> : <strong data-start=\"1778\" data-end=\"1800\">643 x 835 x H16 mm<\/strong>, parfaites pour une r\u00e9partition \u00e9quilibr\u00e9e du chargement.<\/li>\r\n \t<li data-start=\"1861\" data-end=\"2015\"><strong data-start=\"1863\" data-end=\"1881\">Fonctionnalit\u00e9<\/strong> : Am\u00e9liore la <strong data-start=\"1896\" data-end=\"1927\">stabilit\u00e9 et l\u2019organisation<\/strong> des aliments transport\u00e9s, optimisant l\u2019espace et facilitant la gestion du chargement.<\/li>\r\n<\/ul>","protected":false},"excerpt":{"rendered":"La grille en acier inoxydable est con\u00e7ue pour optimiser l\u2019organisation du chargement \u00e0 l\u2019int\u00e9rieur du conteneur, garantissant une s\u00e9paration efficace des aliments et une gestion s\u00e9curis\u00e9e lors du transport. Compatibilit\u00e9 : Sp\u00e9cifiquement con\u00e7ue pour une utilisation \u00e0 l\u2019int\u00e9rieur du conteneur CARGO 495, KOALA 495 et KOALA GREEN 495. Mat\u00e9riau : Acier inoxydable r\u00e9sistant, id\u00e9al pour [&hellip;]","protected":false},"featured_media":2075,"template":"","meta":{"_acf_changed":false,"_themeisle_gutenberg_block_has_review":false},"product_brand":[],"product_cat":[241],"product_tag":[],"class_list":{"0":"post-14141","1":"product","2":"type-product","3":"status-publish","4":"has-post-thumbnail","6":"product_cat-accessoires","8":"first","9":"instock","10":"product-type-simple"},"acf":[],"yoast_head":"<!-- This site is optimized with the Yoast SEO plugin v26.4 - https:\/\/yoast.com\/wordpress\/plugins\/seo\/ -->\n<title>Grille en acier inoxydable - MELFORM<\/title>\n<meta name=\"robots\" content=\"index, follow, max-snippet:-1, max-image-preview:large, max-video-preview:-1\" \/>\n<link rel=\"canonical\" href=\"https:\/\/www.melform.com\/fr\/conteneurs-\/catalogue-de-produits\/accessoires\/grille-aea046\/\" \/>\n<meta property=\"og:locale\" content=\"fr_FR\" \/>\n<meta property=\"og:type\" content=\"article\" \/>\n<meta property=\"og:title\" content=\"Grille en acier inoxydable - MELFORM\" \/>\n<meta property=\"og:description\" content=\"La grille en acier inoxydable est con\u00e7ue pour optimiser l\u2019organisation du chargement \u00e0 l\u2019int\u00e9rieur du conteneur, garantissant une s\u00e9paration efficace des aliments et une gestion s\u00e9curis\u00e9e lors du transport. Compatibilit\u00e9 : Sp\u00e9cifiquement con\u00e7ue pour une utilisation \u00e0 l\u2019int\u00e9rieur du conteneur CARGO 495, KOALA 495 et KOALA GREEN 495. Mat\u00e9riau : Acier inoxydable r\u00e9sistant, id\u00e9al pour [&hellip;]\" \/>\n<meta property=\"og:url\" content=\"https:\/\/www.melform.com\/fr\/conteneurs-\/catalogue-de-produits\/accessoires\/grille-aea046\/\" \/>\n<meta property=\"og:site_name\" content=\"MELFORM\" \/>\n<meta property=\"article:modified_time\" content=\"2025-02-20T14:30:47+00:00\" \/>\n<meta property=\"og:image\" content=\"https:\/\/www.melform.com\/wp-content\/uploads\/2022\/09\/AEA018-1.jpg\" \/>\n\t<meta property=\"og:image:width\" content=\"667\" \/>\n\t<meta property=\"og:image:height\" content=\"1000\" \/>\n\t<meta property=\"og:image:type\" content=\"image\/jpeg\" \/>\n<meta name=\"twitter:card\" content=\"summary_large_image\" \/>\n<script type=\"application\/ld+json\" class=\"yoast-schema-graph\">{\"@context\":\"https:\/\/schema.org\",\"@graph\":[{\"@type\":\"WebPage\",\"@id\":\"https:\/\/www.melform.com\/fr\/conteneurs-\/catalogue-de-produits\/accessoires\/grille-aea046\/\",\"url\":\"https:\/\/www.melform.com\/fr\/conteneurs-\/catalogue-de-produits\/accessoires\/grille-aea046\/\",\"name\":\"Grille en acier inoxydable - MELFORM\",\"isPartOf\":{\"@id\":\"https:\/\/www.melform.com\/fr\/#website\"},\"primaryImageOfPage\":{\"@id\":\"https:\/\/www.melform.com\/fr\/conteneurs-\/catalogue-de-produits\/accessoires\/grille-aea046\/#primaryimage\"},\"image\":{\"@id\":\"https:\/\/www.melform.com\/fr\/conteneurs-\/catalogue-de-produits\/accessoires\/grille-aea046\/#primaryimage\"},\"thumbnailUrl\":\"https:\/\/www.melform.com\/wp-content\/uploads\/2022\/09\/AEA018-1.jpg\",\"datePublished\":\"2023-05-25T07:52:32+00:00\",\"dateModified\":\"2025-02-20T14:30:47+00:00\",\"breadcrumb\":{\"@id\":\"https:\/\/www.melform.com\/fr\/conteneurs-\/catalogue-de-produits\/accessoires\/grille-aea046\/#breadcrumb\"},\"inLanguage\":\"fr-FR\",\"potentialAction\":[{\"@type\":\"ReadAction\",\"target\":[\"https:\/\/www.melform.com\/fr\/conteneurs-\/catalogue-de-produits\/accessoires\/grille-aea046\/\"]}]},{\"@type\":\"ImageObject\",\"inLanguage\":\"fr-FR\",\"@id\":\"https:\/\/www.melform.com\/fr\/conteneurs-\/catalogue-de-produits\/accessoires\/grille-aea046\/#primaryimage\",\"url\":\"https:\/\/www.melform.com\/wp-content\/uploads\/2022\/09\/AEA018-1.jpg\",\"contentUrl\":\"https:\/\/www.melform.com\/wp-content\/uploads\/2022\/09\/AEA018-1.jpg\",\"width\":667,\"height\":1000},{\"@type\":\"BreadcrumbList\",\"@id\":\"https:\/\/www.melform.com\/fr\/conteneurs-\/catalogue-de-produits\/accessoires\/grille-aea046\/#breadcrumb\",\"itemListElement\":[{\"@type\":\"ListItem\",\"position\":1,\"name\":\"Home\",\"item\":\"https:\/\/www.melform.com\/fr\/\"},{\"@type\":\"ListItem\",\"position\":2,\"name\":\"Shop\",\"item\":\"https:\/\/www.melform.com\/fr\/shop\/\"},{\"@type\":\"ListItem\",\"position\":3,\"name\":\"Grille en acier inoxydable\"}]},{\"@type\":\"WebSite\",\"@id\":\"https:\/\/www.melform.com\/fr\/#website\",\"url\":\"https:\/\/www.melform.com\/fr\/\",\"name\":\"MELFORM\",\"description\":\"SISTEMI PER IL TRASPORTO E STOCCAGGIO A TEMPERATURA CONTROLLATA\",\"potentialAction\":[{\"@type\":\"SearchAction\",\"target\":{\"@type\":\"EntryPoint\",\"urlTemplate\":\"https:\/\/www.melform.com\/fr\/?s={search_term_string}\"},\"query-input\":{\"@type\":\"PropertyValueSpecification\",\"valueRequired\":true,\"valueName\":\"search_term_string\"}}],\"inLanguage\":\"fr-FR\"}]}<\/script>\n<!-- \/ Yoast SEO plugin. -->","yoast_head_json":{"title":"Grille en acier inoxydable - MELFORM","robots":{"index":"index","follow":"follow","max-snippet":"max-snippet:-1","max-image-preview":"max-image-preview:large","max-video-preview":"max-video-preview:-1"},"canonical":"https:\/\/www.melform.com\/fr\/conteneurs-\/catalogue-de-produits\/accessoires\/grille-aea046\/","og_locale":"fr_FR","og_type":"article","og_title":"Grille en acier inoxydable - MELFORM","og_description":"La grille en acier inoxydable est con\u00e7ue pour optimiser l\u2019organisation du chargement \u00e0 l\u2019int\u00e9rieur du conteneur, garantissant une s\u00e9paration efficace des aliments et une gestion s\u00e9curis\u00e9e lors du transport. Compatibilit\u00e9 : Sp\u00e9cifiquement con\u00e7ue pour une utilisation \u00e0 l\u2019int\u00e9rieur du conteneur CARGO 495, KOALA 495 et KOALA GREEN 495. Mat\u00e9riau : Acier inoxydable r\u00e9sistant, id\u00e9al pour [&hellip;]","og_url":"https:\/\/www.melform.com\/fr\/conteneurs-\/catalogue-de-produits\/accessoires\/grille-aea046\/","og_site_name":"MELFORM","article_modified_time":"2025-02-20T14:30:47+00:00","og_image":[{"width":667,"height":1000,"url":"https:\/\/www.melform.com\/wp-content\/uploads\/2022\/09\/AEA018-1.jpg","type":"image\/jpeg"}],"twitter_card":"summary_large_image","schema":{"@context":"https:\/\/schema.org","@graph":[{"@type":"WebPage","@id":"https:\/\/www.melform.com\/fr\/conteneurs-\/catalogue-de-produits\/accessoires\/grille-aea046\/","url":"https:\/\/www.melform.com\/fr\/conteneurs-\/catalogue-de-produits\/accessoires\/grille-aea046\/","name":"Grille en acier inoxydable - MELFORM","isPartOf":{"@id":"https:\/\/www.melform.com\/fr\/#website"},"primaryImageOfPage":{"@id":"https:\/\/www.melform.com\/fr\/conteneurs-\/catalogue-de-produits\/accessoires\/grille-aea046\/#primaryimage"},"image":{"@id":"https:\/\/www.melform.com\/fr\/conteneurs-\/catalogue-de-produits\/accessoires\/grille-aea046\/#primaryimage"},"thumbnailUrl":"https:\/\/www.melform.com\/wp-content\/uploads\/2022\/09\/AEA018-1.jpg","datePublished":"2023-05-25T07:52:32+00:00","dateModified":"2025-02-20T14:30:47+00:00","breadcrumb":{"@id":"https:\/\/www.melform.com\/fr\/conteneurs-\/catalogue-de-produits\/accessoires\/grille-aea046\/#breadcrumb"},"inLanguage":"fr-FR","potentialAction":[{"@type":"ReadAction","target":["https:\/\/www.melform.com\/fr\/conteneurs-\/catalogue-de-produits\/accessoires\/grille-aea046\/"]}]},{"@type":"ImageObject","inLanguage":"fr-FR","@id":"https:\/\/www.melform.com\/fr\/conteneurs-\/catalogue-de-produits\/accessoires\/grille-aea046\/#primaryimage","url":"https:\/\/www.melform.com\/wp-content\/uploads\/2022\/09\/AEA018-1.jpg","contentUrl":"https:\/\/www.melform.com\/wp-content\/uploads\/2022\/09\/AEA018-1.jpg","width":667,"height":1000},{"@type":"BreadcrumbList","@id":"https:\/\/www.melform.com\/fr\/conteneurs-\/catalogue-de-produits\/accessoires\/grille-aea046\/#breadcrumb","itemListElement":[{"@type":"ListItem","position":1,"name":"Home","item":"https:\/\/www.melform.com\/fr\/"},{"@type":"ListItem","position":2,"name":"Shop","item":"https:\/\/www.melform.com\/fr\/shop\/"},{"@type":"ListItem","position":3,"name":"Grille en acier inoxydable"}]},{"@type":"WebSite","@id":"https:\/\/www.melform.com\/fr\/#website","url":"https:\/\/www.melform.com\/fr\/","name":"MELFORM","description":"SISTEMI PER IL TRASPORTO E STOCCAGGIO A TEMPERATURA CONTROLLATA","potentialAction":[{"@type":"SearchAction","target":{"@type":"EntryPoint","urlTemplate":"https:\/\/www.melform.com\/fr\/?s={search_term_string}"},"query-input":{"@type":"PropertyValueSpecification","valueRequired":true,"valueName":"search_term_string"}}],"inLanguage":"fr-FR"}]}},"_links":{"self":[{"href":"https:\/\/www.melform.com\/fr\/wp-json\/wp\/v2\/product\/14141","targetHints":{"allow":["GET"]}}],"collection":[{"href":"https:\/\/www.melform.com\/fr\/wp-json\/wp\/v2\/product"}],"about":[{"href":"https:\/\/www.melform.com\/fr\/wp-json\/wp\/v2\/types\/product"}],"wp:featuredmedia":[{"embeddable":true,"href":"https:\/\/www.melform.com\/fr\/wp-json\/wp\/v2\/media\/2075"}],"wp:attachment":[{"href":"https:\/\/www.melform.com\/fr\/wp-json\/wp\/v2\/media?parent=14141"}],"wp:term":[{"taxonomy":"product_brand","embeddable":true,"href":"https:\/\/www.melform.com\/fr\/wp-json\/wp\/v2\/product_brand?post=14141"},{"taxonomy":"product_cat","embeddable":true,"href":"https:\/\/www.melform.com\/fr\/wp-json\/wp\/v2\/product_cat?post=14141"},{"taxonomy":"product_tag","embeddable":true,"href":"https:\/\/www.melform.com\/fr\/wp-json\/wp\/v2\/product_tag?post=14141"}],"curies":[{"name":"wp","href":"https:\/\/api.w.org\/{rel}","templated":true}]}}