{"id":15085,"date":"2024-12-07T12:48:04","date_gmt":"2024-12-07T10:48:04","guid":{"rendered":"https:\/\/www.melform.com\/?post_type=product&#038;p=15085"},"modified":"2025-01-15T11:16:44","modified_gmt":"2025-01-15T09:16:44","slug":"boite-isotherme-bag-box","status":"publish","type":"product","link":"https:\/\/www.melform.com\/fr\/conteneurs-\/outlet-offres\/conteneurs-isothermes-passifs-offres\/boite-isotherme-bag-box\/","title":{"rendered":"Sac isotherme BAG BOX"},"content":{"rendered":"Le <strong>sac isotherme BAG BOX\u00a0<\/strong> est con\u00e7u pour le transport s\u00e9curis\u00e9 de produits thermosensibles, offrant une protection contre les chocs et les variations de temp\u00e9rature. Id\u00e9al pour maintenir la stabilit\u00e9 thermique lors des manipulations, il est dot\u00e9 d&#8217;une poche transparente sur trois c\u00f4t\u00e9s pour une identification rapide du contenu.\r\n<ul>\r\n \t<li><strong>Mat\u00e9riau protecteur :<\/strong> r\u00e9sistant aux chocs et dot\u00e9 d&#8217;une excellente isolation contre les variations de temp\u00e9rature.<\/li>\r\n \t<li><strong>Utilisation polyvalente :<\/strong> recommand\u00e9 pour une utilisation \u00e0 l&#8217;int\u00e9rieur des conteneurs isothermes pour un transport encore plus efficace.<\/li>\r\n \t<li><strong>Capacit\u00e9s disponibles :<\/strong>\u00a0 8 L et 17 L.<\/li>\r\n<\/ul>\r\n<strong>Remarque :<\/strong> produit hors production.","protected":false},"excerpt":{"rendered":"Le sac isotherme BAG BOX\u00a0 est con\u00e7u pour le transport s\u00e9curis\u00e9 de produits thermosensibles, offrant une protection contre les chocs et les variations de temp\u00e9rature. Id\u00e9al pour maintenir la stabilit\u00e9 thermique lors des manipulations, il est dot\u00e9 d&#8217;une poche transparente sur trois c\u00f4t\u00e9s pour une identification rapide du contenu. Mat\u00e9riau protecteur : r\u00e9sistant aux chocs [&hellip;]","protected":false},"featured_media":15115,"template":"","meta":{"_acf_changed":false,"_themeisle_gutenberg_block_has_review":false},"product_brand":[],"product_cat":[815,973],"product_tag":[],"class_list":{"0":"post-15085","1":"product","2":"type-product","3":"status-publish","4":"has-post-thumbnail","6":"product_cat-outlet-offres","7":"product_cat-conteneurs-isothermes-passifs-offres","8":"pa_moq-2-fr","10":"first","11":"instock","12":"shipping-taxable","13":"purchasable","14":"product-type-variable","15":"wvs-archive-product-wrapper"},"acf":[],"yoast_head":"<!-- This site is optimized with the Yoast SEO plugin v26.4 - https:\/\/yoast.com\/wordpress\/plugins\/seo\/ -->\n<title>Sac isotherme BAG BOX - MELFORM<\/title>\n<meta name=\"robots\" content=\"index, follow, max-snippet:-1, max-image-preview:large, max-video-preview:-1\" \/>\n<link rel=\"canonical\" href=\"https:\/\/www.melform.com\/fr\/conteneurs-\/outlet-offres\/conteneurs-isothermes-passifs-offres\/boite-isotherme-bag-box\/\" \/>\n<meta property=\"og:locale\" content=\"fr_FR\" \/>\n<meta property=\"og:type\" content=\"article\" \/>\n<meta property=\"og:title\" content=\"Sac isotherme BAG BOX - MELFORM\" \/>\n<meta property=\"og:description\" content=\"Le sac isotherme BAG BOX\u00a0 est con\u00e7u pour le transport s\u00e9curis\u00e9 de produits thermosensibles, offrant une protection contre les chocs et les variations de temp\u00e9rature. Id\u00e9al pour maintenir la stabilit\u00e9 thermique lors des manipulations, il est dot\u00e9 d&#8217;une poche transparente sur trois c\u00f4t\u00e9s pour une identification rapide du contenu. Mat\u00e9riau protecteur : r\u00e9sistant aux chocs [&hellip;]\" \/>\n<meta property=\"og:url\" content=\"https:\/\/www.melform.com\/fr\/conteneurs-\/outlet-offres\/conteneurs-isothermes-passifs-offres\/boite-isotherme-bag-box\/\" \/>\n<meta property=\"og:site_name\" content=\"MELFORM\" \/>\n<meta property=\"article:modified_time\" content=\"2025-01-15T09:16:44+00:00\" \/>\n<meta property=\"og:image\" content=\"https:\/\/www.melform.com\/wp-content\/uploads\/2024\/12\/OK_BAGBOX_x14_VP.jpg\" \/>\n\t<meta property=\"og:image:width\" content=\"1200\" \/>\n\t<meta property=\"og:image:height\" content=\"1200\" \/>\n\t<meta property=\"og:image:type\" content=\"image\/jpeg\" \/>\n<meta name=\"twitter:card\" content=\"summary_large_image\" \/>\n<script type=\"application\/ld+json\" class=\"yoast-schema-graph\">{\"@context\":\"https:\/\/schema.org\",\"@graph\":[{\"@type\":\"WebPage\",\"@id\":\"https:\/\/www.melform.com\/fr\/conteneurs-\/outlet-offres\/conteneurs-isothermes-passifs-offres\/boite-isotherme-bag-box\/\",\"url\":\"https:\/\/www.melform.com\/fr\/conteneurs-\/outlet-offres\/conteneurs-isothermes-passifs-offres\/boite-isotherme-bag-box\/\",\"name\":\"Sac isotherme BAG BOX - MELFORM\",\"isPartOf\":{\"@id\":\"https:\/\/www.melform.com\/fr\/#website\"},\"primaryImageOfPage\":{\"@id\":\"https:\/\/www.melform.com\/fr\/conteneurs-\/outlet-offres\/conteneurs-isothermes-passifs-offres\/boite-isotherme-bag-box\/#primaryimage\"},\"image\":{\"@id\":\"https:\/\/www.melform.com\/fr\/conteneurs-\/outlet-offres\/conteneurs-isothermes-passifs-offres\/boite-isotherme-bag-box\/#primaryimage\"},\"thumbnailUrl\":\"https:\/\/www.melform.com\/wp-content\/uploads\/2024\/12\/OK_BAGBOX_x14_VP.jpg\",\"datePublished\":\"2024-12-07T10:48:04+00:00\",\"dateModified\":\"2025-01-15T09:16:44+00:00\",\"breadcrumb\":{\"@id\":\"https:\/\/www.melform.com\/fr\/conteneurs-\/outlet-offres\/conteneurs-isothermes-passifs-offres\/boite-isotherme-bag-box\/#breadcrumb\"},\"inLanguage\":\"fr-FR\",\"potentialAction\":[{\"@type\":\"ReadAction\",\"target\":[\"https:\/\/www.melform.com\/fr\/conteneurs-\/outlet-offres\/conteneurs-isothermes-passifs-offres\/boite-isotherme-bag-box\/\"]}]},{\"@type\":\"ImageObject\",\"inLanguage\":\"fr-FR\",\"@id\":\"https:\/\/www.melform.com\/fr\/conteneurs-\/outlet-offres\/conteneurs-isothermes-passifs-offres\/boite-isotherme-bag-box\/#primaryimage\",\"url\":\"https:\/\/www.melform.com\/wp-content\/uploads\/2024\/12\/OK_BAGBOX_x14_VP.jpg\",\"contentUrl\":\"https:\/\/www.melform.com\/wp-content\/uploads\/2024\/12\/OK_BAGBOX_x14_VP.jpg\",\"width\":1200,\"height\":1200},{\"@type\":\"BreadcrumbList\",\"@id\":\"https:\/\/www.melform.com\/fr\/conteneurs-\/outlet-offres\/conteneurs-isothermes-passifs-offres\/boite-isotherme-bag-box\/#breadcrumb\",\"itemListElement\":[{\"@type\":\"ListItem\",\"position\":1,\"name\":\"Home\",\"item\":\"https:\/\/www.melform.com\/fr\/\"},{\"@type\":\"ListItem\",\"position\":2,\"name\":\"Shop\",\"item\":\"https:\/\/www.melform.com\/fr\/shop\/\"},{\"@type\":\"ListItem\",\"position\":3,\"name\":\"Sac isotherme BAG BOX\"}]},{\"@type\":\"WebSite\",\"@id\":\"https:\/\/www.melform.com\/fr\/#website\",\"url\":\"https:\/\/www.melform.com\/fr\/\",\"name\":\"MELFORM\",\"description\":\"SISTEMI PER IL TRASPORTO E STOCCAGGIO A TEMPERATURA CONTROLLATA\",\"potentialAction\":[{\"@type\":\"SearchAction\",\"target\":{\"@type\":\"EntryPoint\",\"urlTemplate\":\"https:\/\/www.melform.com\/fr\/?s={search_term_string}\"},\"query-input\":{\"@type\":\"PropertyValueSpecification\",\"valueRequired\":true,\"valueName\":\"search_term_string\"}}],\"inLanguage\":\"fr-FR\"}]}<\/script>\n<!-- \/ Yoast SEO plugin. -->","yoast_head_json":{"title":"Sac isotherme BAG BOX - MELFORM","robots":{"index":"index","follow":"follow","max-snippet":"max-snippet:-1","max-image-preview":"max-image-preview:large","max-video-preview":"max-video-preview:-1"},"canonical":"https:\/\/www.melform.com\/fr\/conteneurs-\/outlet-offres\/conteneurs-isothermes-passifs-offres\/boite-isotherme-bag-box\/","og_locale":"fr_FR","og_type":"article","og_title":"Sac isotherme BAG BOX - MELFORM","og_description":"Le sac isotherme BAG BOX\u00a0 est con\u00e7u pour le transport s\u00e9curis\u00e9 de produits thermosensibles, offrant une protection contre les chocs et les variations de temp\u00e9rature. Id\u00e9al pour maintenir la stabilit\u00e9 thermique lors des manipulations, il est dot\u00e9 d&#8217;une poche transparente sur trois c\u00f4t\u00e9s pour une identification rapide du contenu. Mat\u00e9riau protecteur : r\u00e9sistant aux chocs [&hellip;]","og_url":"https:\/\/www.melform.com\/fr\/conteneurs-\/outlet-offres\/conteneurs-isothermes-passifs-offres\/boite-isotherme-bag-box\/","og_site_name":"MELFORM","article_modified_time":"2025-01-15T09:16:44+00:00","og_image":[{"width":1200,"height":1200,"url":"https:\/\/www.melform.com\/wp-content\/uploads\/2024\/12\/OK_BAGBOX_x14_VP.jpg","type":"image\/jpeg"}],"twitter_card":"summary_large_image","schema":{"@context":"https:\/\/schema.org","@graph":[{"@type":"WebPage","@id":"https:\/\/www.melform.com\/fr\/conteneurs-\/outlet-offres\/conteneurs-isothermes-passifs-offres\/boite-isotherme-bag-box\/","url":"https:\/\/www.melform.com\/fr\/conteneurs-\/outlet-offres\/conteneurs-isothermes-passifs-offres\/boite-isotherme-bag-box\/","name":"Sac isotherme BAG BOX - MELFORM","isPartOf":{"@id":"https:\/\/www.melform.com\/fr\/#website"},"primaryImageOfPage":{"@id":"https:\/\/www.melform.com\/fr\/conteneurs-\/outlet-offres\/conteneurs-isothermes-passifs-offres\/boite-isotherme-bag-box\/#primaryimage"},"image":{"@id":"https:\/\/www.melform.com\/fr\/conteneurs-\/outlet-offres\/conteneurs-isothermes-passifs-offres\/boite-isotherme-bag-box\/#primaryimage"},"thumbnailUrl":"https:\/\/www.melform.com\/wp-content\/uploads\/2024\/12\/OK_BAGBOX_x14_VP.jpg","datePublished":"2024-12-07T10:48:04+00:00","dateModified":"2025-01-15T09:16:44+00:00","breadcrumb":{"@id":"https:\/\/www.melform.com\/fr\/conteneurs-\/outlet-offres\/conteneurs-isothermes-passifs-offres\/boite-isotherme-bag-box\/#breadcrumb"},"inLanguage":"fr-FR","potentialAction":[{"@type":"ReadAction","target":["https:\/\/www.melform.com\/fr\/conteneurs-\/outlet-offres\/conteneurs-isothermes-passifs-offres\/boite-isotherme-bag-box\/"]}]},{"@type":"ImageObject","inLanguage":"fr-FR","@id":"https:\/\/www.melform.com\/fr\/conteneurs-\/outlet-offres\/conteneurs-isothermes-passifs-offres\/boite-isotherme-bag-box\/#primaryimage","url":"https:\/\/www.melform.com\/wp-content\/uploads\/2024\/12\/OK_BAGBOX_x14_VP.jpg","contentUrl":"https:\/\/www.melform.com\/wp-content\/uploads\/2024\/12\/OK_BAGBOX_x14_VP.jpg","width":1200,"height":1200},{"@type":"BreadcrumbList","@id":"https:\/\/www.melform.com\/fr\/conteneurs-\/outlet-offres\/conteneurs-isothermes-passifs-offres\/boite-isotherme-bag-box\/#breadcrumb","itemListElement":[{"@type":"ListItem","position":1,"name":"Home","item":"https:\/\/www.melform.com\/fr\/"},{"@type":"ListItem","position":2,"name":"Shop","item":"https:\/\/www.melform.com\/fr\/shop\/"},{"@type":"ListItem","position":3,"name":"Sac isotherme BAG BOX"}]},{"@type":"WebSite","@id":"https:\/\/www.melform.com\/fr\/#website","url":"https:\/\/www.melform.com\/fr\/","name":"MELFORM","description":"SISTEMI PER IL TRASPORTO E STOCCAGGIO A TEMPERATURA CONTROLLATA","potentialAction":[{"@type":"SearchAction","target":{"@type":"EntryPoint","urlTemplate":"https:\/\/www.melform.com\/fr\/?s={search_term_string}"},"query-input":{"@type":"PropertyValueSpecification","valueRequired":true,"valueName":"search_term_string"}}],"inLanguage":"fr-FR"}]}},"_links":{"self":[{"href":"https:\/\/www.melform.com\/fr\/wp-json\/wp\/v2\/product\/15085","targetHints":{"allow":["GET"]}}],"collection":[{"href":"https:\/\/www.melform.com\/fr\/wp-json\/wp\/v2\/product"}],"about":[{"href":"https:\/\/www.melform.com\/fr\/wp-json\/wp\/v2\/types\/product"}],"wp:featuredmedia":[{"embeddable":true,"href":"https:\/\/www.melform.com\/fr\/wp-json\/wp\/v2\/media\/15115"}],"wp:attachment":[{"href":"https:\/\/www.melform.com\/fr\/wp-json\/wp\/v2\/media?parent=15085"}],"wp:term":[{"taxonomy":"product_brand","embeddable":true,"href":"https:\/\/www.melform.com\/fr\/wp-json\/wp\/v2\/product_brand?post=15085"},{"taxonomy":"product_cat","embeddable":true,"href":"https:\/\/www.melform.com\/fr\/wp-json\/wp\/v2\/product_cat?post=15085"},{"taxonomy":"product_tag","embeddable":true,"href":"https:\/\/www.melform.com\/fr\/wp-json\/wp\/v2\/product_tag?post=15085"}],"curies":[{"name":"wp","href":"https:\/\/api.w.org\/{rel}","templated":true}]}}