{"id":15090,"date":"2024-12-07T12:13:10","date_gmt":"2024-12-07T10:13:10","guid":{"rendered":"https:\/\/www.melform.com\/contenitori-isotermici-e-refrigerati\/non%20class\u00e9\/chariot-multiservice-s\/"},"modified":"2025-01-14T17:38:17","modified_gmt":"2025-01-14T15:38:17","slug":"chariot-multiservice-s","status":"publish","type":"product","link":"https:\/\/www.melform.com\/fr\/conteneurs-\/outlet-offres\/conteneurs-isothermes-passifs-offres\/chariot-multiservice-s\/","title":{"rendered":"Chariot MULTISERVICE S"},"content":{"rendered":"La solution id\u00e9ale pour une manipulation efficace et s\u00e9curis\u00e9e dans les environnements professionnels. Fabriqu\u00e9 avec la technologie avanc\u00e9e du moulage rotatif, il se distingue par son design sans ar\u00eates, joints ni soudures, garantissant une structure monolithique robuste et hygi\u00e9nique.\r\n<ul>\r\n \t<li><strong>Mat\u00e9riau robuste et fiable :<\/strong> con\u00e7u pour r\u00e9sister \u00e0 des temp\u00e9ratures comprises entre <strong>-30\u00b0C et +100\u00b0C<\/strong>.<\/li>\r\n \t<li><strong>Maniabilit\u00e9 optimale :<\/strong> l\u00e9ger et facile \u00e0 man\u0153uvrer, m\u00eame dans des espaces restreints.<\/li>\r\n \t<li><strong>Design sans ar\u00eates :<\/strong> pour une s\u00e9curit\u00e9 accrue et un nettoyage simplifi\u00e9.<\/li>\r\n<\/ul>\r\n<strong>Remarque :<\/strong> Cet article est hors production.\r\n\r\n&nbsp;","protected":false},"excerpt":{"rendered":"La solution id\u00e9ale pour une manipulation efficace et s\u00e9curis\u00e9e dans les environnements professionnels. Fabriqu\u00e9 avec la technologie avanc\u00e9e du moulage rotatif, il se distingue par son design sans ar\u00eates, joints ni soudures, garantissant une structure monolithique robuste et hygi\u00e9nique. Mat\u00e9riau robuste et fiable : con\u00e7u pour r\u00e9sister \u00e0 des temp\u00e9ratures comprises entre -30\u00b0C et +100\u00b0C. [&hellip;]","protected":false},"featured_media":15112,"template":"","meta":{"_acf_changed":false,"_themeisle_gutenberg_block_has_review":false},"product_brand":[],"product_cat":[815,973],"product_tag":[],"class_list":{"0":"post-15090","1":"product","2":"type-product","3":"status-publish","4":"has-post-thumbnail","6":"product_cat-outlet-offres","7":"product_cat-conteneurs-isothermes-passifs-offres","8":"pa_moq-1-fr","10":"first","11":"instock","12":"shipping-taxable","13":"purchasable","14":"product-type-simple"},"acf":[],"yoast_head":"<!-- This site is optimized with the Yoast SEO plugin v26.4 - https:\/\/yoast.com\/wordpress\/plugins\/seo\/ -->\n<title>Chariot MULTISERVICE S - MELFORM<\/title>\n<meta name=\"robots\" content=\"index, follow, max-snippet:-1, max-image-preview:large, max-video-preview:-1\" \/>\n<link rel=\"canonical\" href=\"https:\/\/www.melform.com\/fr\/conteneurs-\/outlet-offres\/conteneurs-isothermes-passifs-offres\/chariot-multiservice-s\/\" \/>\n<meta property=\"og:locale\" content=\"fr_FR\" \/>\n<meta property=\"og:type\" content=\"article\" \/>\n<meta property=\"og:title\" content=\"Chariot MULTISERVICE S - MELFORM\" \/>\n<meta property=\"og:description\" content=\"La solution id\u00e9ale pour une manipulation efficace et s\u00e9curis\u00e9e dans les environnements professionnels. Fabriqu\u00e9 avec la technologie avanc\u00e9e du moulage rotatif, il se distingue par son design sans ar\u00eates, joints ni soudures, garantissant une structure monolithique robuste et hygi\u00e9nique. Mat\u00e9riau robuste et fiable : con\u00e7u pour r\u00e9sister \u00e0 des temp\u00e9ratures comprises entre -30\u00b0C et +100\u00b0C. [&hellip;]\" \/>\n<meta property=\"og:url\" content=\"https:\/\/www.melform.com\/fr\/conteneurs-\/outlet-offres\/conteneurs-isothermes-passifs-offres\/chariot-multiservice-s\/\" \/>\n<meta property=\"og:site_name\" content=\"MELFORM\" \/>\n<meta property=\"article:modified_time\" content=\"2025-01-14T15:38:17+00:00\" \/>\n<meta property=\"og:image\" content=\"https:\/\/www.melform.com\/wp-content\/uploads\/2024\/12\/OK372-Multiservice-S.jpg\" \/>\n\t<meta property=\"og:image:width\" content=\"1200\" \/>\n\t<meta property=\"og:image:height\" content=\"1200\" \/>\n\t<meta property=\"og:image:type\" content=\"image\/jpeg\" \/>\n<meta name=\"twitter:card\" content=\"summary_large_image\" \/>\n<script type=\"application\/ld+json\" class=\"yoast-schema-graph\">{\"@context\":\"https:\/\/schema.org\",\"@graph\":[{\"@type\":\"WebPage\",\"@id\":\"https:\/\/www.melform.com\/fr\/conteneurs-\/outlet-offres\/conteneurs-isothermes-passifs-offres\/chariot-multiservice-s\/\",\"url\":\"https:\/\/www.melform.com\/fr\/conteneurs-\/outlet-offres\/conteneurs-isothermes-passifs-offres\/chariot-multiservice-s\/\",\"name\":\"Chariot MULTISERVICE S - MELFORM\",\"isPartOf\":{\"@id\":\"https:\/\/www.melform.com\/fr\/#website\"},\"primaryImageOfPage\":{\"@id\":\"https:\/\/www.melform.com\/fr\/conteneurs-\/outlet-offres\/conteneurs-isothermes-passifs-offres\/chariot-multiservice-s\/#primaryimage\"},\"image\":{\"@id\":\"https:\/\/www.melform.com\/fr\/conteneurs-\/outlet-offres\/conteneurs-isothermes-passifs-offres\/chariot-multiservice-s\/#primaryimage\"},\"thumbnailUrl\":\"https:\/\/www.melform.com\/wp-content\/uploads\/2024\/12\/OK372-Multiservice-S.jpg\",\"datePublished\":\"2024-12-07T10:13:10+00:00\",\"dateModified\":\"2025-01-14T15:38:17+00:00\",\"breadcrumb\":{\"@id\":\"https:\/\/www.melform.com\/fr\/conteneurs-\/outlet-offres\/conteneurs-isothermes-passifs-offres\/chariot-multiservice-s\/#breadcrumb\"},\"inLanguage\":\"fr-FR\",\"potentialAction\":[{\"@type\":\"ReadAction\",\"target\":[\"https:\/\/www.melform.com\/fr\/conteneurs-\/outlet-offres\/conteneurs-isothermes-passifs-offres\/chariot-multiservice-s\/\"]}]},{\"@type\":\"ImageObject\",\"inLanguage\":\"fr-FR\",\"@id\":\"https:\/\/www.melform.com\/fr\/conteneurs-\/outlet-offres\/conteneurs-isothermes-passifs-offres\/chariot-multiservice-s\/#primaryimage\",\"url\":\"https:\/\/www.melform.com\/wp-content\/uploads\/2024\/12\/OK372-Multiservice-S.jpg\",\"contentUrl\":\"https:\/\/www.melform.com\/wp-content\/uploads\/2024\/12\/OK372-Multiservice-S.jpg\",\"width\":1200,\"height\":1200},{\"@type\":\"BreadcrumbList\",\"@id\":\"https:\/\/www.melform.com\/fr\/conteneurs-\/outlet-offres\/conteneurs-isothermes-passifs-offres\/chariot-multiservice-s\/#breadcrumb\",\"itemListElement\":[{\"@type\":\"ListItem\",\"position\":1,\"name\":\"Home\",\"item\":\"https:\/\/www.melform.com\/fr\/\"},{\"@type\":\"ListItem\",\"position\":2,\"name\":\"Shop\",\"item\":\"https:\/\/www.melform.com\/fr\/shop\/\"},{\"@type\":\"ListItem\",\"position\":3,\"name\":\"Chariot MULTISERVICE S\"}]},{\"@type\":\"WebSite\",\"@id\":\"https:\/\/www.melform.com\/fr\/#website\",\"url\":\"https:\/\/www.melform.com\/fr\/\",\"name\":\"MELFORM\",\"description\":\"SISTEMI PER IL TRASPORTO E STOCCAGGIO A TEMPERATURA CONTROLLATA\",\"potentialAction\":[{\"@type\":\"SearchAction\",\"target\":{\"@type\":\"EntryPoint\",\"urlTemplate\":\"https:\/\/www.melform.com\/fr\/?s={search_term_string}\"},\"query-input\":{\"@type\":\"PropertyValueSpecification\",\"valueRequired\":true,\"valueName\":\"search_term_string\"}}],\"inLanguage\":\"fr-FR\"}]}<\/script>\n<!-- \/ Yoast SEO plugin. -->","yoast_head_json":{"title":"Chariot MULTISERVICE S - MELFORM","robots":{"index":"index","follow":"follow","max-snippet":"max-snippet:-1","max-image-preview":"max-image-preview:large","max-video-preview":"max-video-preview:-1"},"canonical":"https:\/\/www.melform.com\/fr\/conteneurs-\/outlet-offres\/conteneurs-isothermes-passifs-offres\/chariot-multiservice-s\/","og_locale":"fr_FR","og_type":"article","og_title":"Chariot MULTISERVICE S - MELFORM","og_description":"La solution id\u00e9ale pour une manipulation efficace et s\u00e9curis\u00e9e dans les environnements professionnels. Fabriqu\u00e9 avec la technologie avanc\u00e9e du moulage rotatif, il se distingue par son design sans ar\u00eates, joints ni soudures, garantissant une structure monolithique robuste et hygi\u00e9nique. Mat\u00e9riau robuste et fiable : con\u00e7u pour r\u00e9sister \u00e0 des temp\u00e9ratures comprises entre -30\u00b0C et +100\u00b0C. [&hellip;]","og_url":"https:\/\/www.melform.com\/fr\/conteneurs-\/outlet-offres\/conteneurs-isothermes-passifs-offres\/chariot-multiservice-s\/","og_site_name":"MELFORM","article_modified_time":"2025-01-14T15:38:17+00:00","og_image":[{"width":1200,"height":1200,"url":"https:\/\/www.melform.com\/wp-content\/uploads\/2024\/12\/OK372-Multiservice-S.jpg","type":"image\/jpeg"}],"twitter_card":"summary_large_image","schema":{"@context":"https:\/\/schema.org","@graph":[{"@type":"WebPage","@id":"https:\/\/www.melform.com\/fr\/conteneurs-\/outlet-offres\/conteneurs-isothermes-passifs-offres\/chariot-multiservice-s\/","url":"https:\/\/www.melform.com\/fr\/conteneurs-\/outlet-offres\/conteneurs-isothermes-passifs-offres\/chariot-multiservice-s\/","name":"Chariot MULTISERVICE S - MELFORM","isPartOf":{"@id":"https:\/\/www.melform.com\/fr\/#website"},"primaryImageOfPage":{"@id":"https:\/\/www.melform.com\/fr\/conteneurs-\/outlet-offres\/conteneurs-isothermes-passifs-offres\/chariot-multiservice-s\/#primaryimage"},"image":{"@id":"https:\/\/www.melform.com\/fr\/conteneurs-\/outlet-offres\/conteneurs-isothermes-passifs-offres\/chariot-multiservice-s\/#primaryimage"},"thumbnailUrl":"https:\/\/www.melform.com\/wp-content\/uploads\/2024\/12\/OK372-Multiservice-S.jpg","datePublished":"2024-12-07T10:13:10+00:00","dateModified":"2025-01-14T15:38:17+00:00","breadcrumb":{"@id":"https:\/\/www.melform.com\/fr\/conteneurs-\/outlet-offres\/conteneurs-isothermes-passifs-offres\/chariot-multiservice-s\/#breadcrumb"},"inLanguage":"fr-FR","potentialAction":[{"@type":"ReadAction","target":["https:\/\/www.melform.com\/fr\/conteneurs-\/outlet-offres\/conteneurs-isothermes-passifs-offres\/chariot-multiservice-s\/"]}]},{"@type":"ImageObject","inLanguage":"fr-FR","@id":"https:\/\/www.melform.com\/fr\/conteneurs-\/outlet-offres\/conteneurs-isothermes-passifs-offres\/chariot-multiservice-s\/#primaryimage","url":"https:\/\/www.melform.com\/wp-content\/uploads\/2024\/12\/OK372-Multiservice-S.jpg","contentUrl":"https:\/\/www.melform.com\/wp-content\/uploads\/2024\/12\/OK372-Multiservice-S.jpg","width":1200,"height":1200},{"@type":"BreadcrumbList","@id":"https:\/\/www.melform.com\/fr\/conteneurs-\/outlet-offres\/conteneurs-isothermes-passifs-offres\/chariot-multiservice-s\/#breadcrumb","itemListElement":[{"@type":"ListItem","position":1,"name":"Home","item":"https:\/\/www.melform.com\/fr\/"},{"@type":"ListItem","position":2,"name":"Shop","item":"https:\/\/www.melform.com\/fr\/shop\/"},{"@type":"ListItem","position":3,"name":"Chariot MULTISERVICE S"}]},{"@type":"WebSite","@id":"https:\/\/www.melform.com\/fr\/#website","url":"https:\/\/www.melform.com\/fr\/","name":"MELFORM","description":"SISTEMI PER IL TRASPORTO E STOCCAGGIO A TEMPERATURA CONTROLLATA","potentialAction":[{"@type":"SearchAction","target":{"@type":"EntryPoint","urlTemplate":"https:\/\/www.melform.com\/fr\/?s={search_term_string}"},"query-input":{"@type":"PropertyValueSpecification","valueRequired":true,"valueName":"search_term_string"}}],"inLanguage":"fr-FR"}]}},"_links":{"self":[{"href":"https:\/\/www.melform.com\/fr\/wp-json\/wp\/v2\/product\/15090","targetHints":{"allow":["GET"]}}],"collection":[{"href":"https:\/\/www.melform.com\/fr\/wp-json\/wp\/v2\/product"}],"about":[{"href":"https:\/\/www.melform.com\/fr\/wp-json\/wp\/v2\/types\/product"}],"wp:featuredmedia":[{"embeddable":true,"href":"https:\/\/www.melform.com\/fr\/wp-json\/wp\/v2\/media\/15112"}],"wp:attachment":[{"href":"https:\/\/www.melform.com\/fr\/wp-json\/wp\/v2\/media?parent=15090"}],"wp:term":[{"taxonomy":"product_brand","embeddable":true,"href":"https:\/\/www.melform.com\/fr\/wp-json\/wp\/v2\/product_brand?post=15090"},{"taxonomy":"product_cat","embeddable":true,"href":"https:\/\/www.melform.com\/fr\/wp-json\/wp\/v2\/product_cat?post=15090"},{"taxonomy":"product_tag","embeddable":true,"href":"https:\/\/www.melform.com\/fr\/wp-json\/wp\/v2\/product_tag?post=15090"}],"curies":[{"name":"wp","href":"https:\/\/api.w.org\/{rel}","templated":true}]}}