{"id":15585,"date":"2024-12-29T23:11:28","date_gmt":"2024-12-29T21:11:28","guid":{"rendered":"https:\/\/www.melform.com\/contenitori-isotermici-e-refrigerati\/non%20class\u00e9\/cable-electrique-230vac\/"},"modified":"2025-01-02T17:03:37","modified_gmt":"2025-01-02T15:03:37","slug":"cable-electrique-230vac-tripolaire-droite-schuko","status":"publish","type":"product","link":"https:\/\/www.melform.com\/fr\/conteneurs-\/catalogue-de-produits\/pieces-de-rechange\/cables-electriques\/cable-electrique-230vac-tripolaire-droite-schuko\/","title":{"rendered":"C\u00c2BLE \u00c9LECTRIQUE 230Vac &#8211; tripolaire droite &#8211; schuko"},"content":{"rendered":"C\u00e2ble \u00e9lectrique con\u00e7u pour une alimentation en 230V AC, \u00e9quip\u00e9 d\u2019un <strong>connecteur Schuko<\/strong> et d\u2019un <strong>terminal tripolaire coud\u00e9<\/strong> pour une connexion s\u00e9curis\u00e9e et efficace.\r\n\r\n<strong>Caract\u00e9ristiques principales :<\/strong>\r\n<ul>\r\n \t<li><strong>Longueur :<\/strong> 2 m\u00e8tres<\/li>\r\n \t<li><strong>Connecteurs :<\/strong> Schuko \u00e0 une extr\u00e9mit\u00e9 et terminal tripolaire coud\u00e9 \u00e0 l\u2019autre, garantissant une installation facile et une compatibilit\u00e9 avec des dispositifs \u00e9lectriques de haute qualit\u00e9.<\/li>\r\n<\/ul>\r\n<strong>Compatibilit\u00e9 :<\/strong>\r\nCe c\u00e2ble est sp\u00e9cifiquement con\u00e7u pour \u00eatre utilis\u00e9 avec les produits suivants :\r\n<ul>\r\n \t<li><strong>Porte Chauffante THERMAX<\/strong><\/li>\r\n \t<li><strong>S\u00e9rie KOALA :<\/strong>\r\n<ul>\r\n \t<li>KOALA 32 \/ KOALA 50 \/ KOALA 70 \/ KOALA 80 \/ KOALA 90 \/ KOALA 140<\/li>\r\n \t<li>KOALA 150 \/ KOALA 160 \/ KOALA 370 \/ KOALA 495 \/ KOALA 500<\/li>\r\n \t<li>KOALA 600 \/ KOALA 780 \/ KOALA 1000 \/ KOALA 1300 \/ KOALA 1300TW<\/li>\r\n<\/ul>\r\n<\/li>\r\n \t<li><strong>ePB<\/strong><\/li>\r\n \t<li><strong>KOALA GREEN<\/strong><\/li>\r\n<\/ul>\r\nAssure des performances fiables et une conformit\u00e9 aux normes de s\u00e9curit\u00e9, ce qui le rend id\u00e9al pour une large gamme d&#8217;applications professionnelles et industrielles.\r\n\r\nEmballage unit\u00e9: 1","protected":false},"excerpt":{"rendered":"C\u00e2ble \u00e9lectrique con\u00e7u pour une alimentation en 230V AC, \u00e9quip\u00e9 d\u2019un connecteur Schuko et d\u2019un terminal tripolaire coud\u00e9 pour une connexion s\u00e9curis\u00e9e et efficace. Caract\u00e9ristiques principales : Longueur : 2 m\u00e8tres Connecteurs : Schuko \u00e0 une extr\u00e9mit\u00e9 et terminal tripolaire coud\u00e9 \u00e0 l\u2019autre, garantissant une installation facile et une compatibilit\u00e9 avec des dispositifs \u00e9lectriques de [&hellip;]","protected":false},"featured_media":15257,"template":"","meta":{"_acf_changed":false,"_themeisle_gutenberg_block_has_review":false},"product_brand":[],"product_cat":[920,1044],"product_tag":[],"class_list":{"0":"post-15585","1":"product","2":"type-product","3":"status-publish","4":"has-post-thumbnail","6":"product_cat-pieces-de-rechange","7":"product_cat-cables-electriques","9":"first","10":"instock","11":"shipping-taxable","12":"product-type-simple"},"acf":[],"yoast_head":"<!-- This site is optimized with the Yoast SEO plugin v26.4 - https:\/\/yoast.com\/wordpress\/plugins\/seo\/ -->\n<title>C\u00c2BLE \u00c9LECTRIQUE 230Vac - tripolaire droite - schuko - MELFORM<\/title>\n<meta name=\"robots\" content=\"index, follow, max-snippet:-1, max-image-preview:large, max-video-preview:-1\" \/>\n<link rel=\"canonical\" href=\"https:\/\/www.melform.com\/fr\/conteneurs-\/catalogue-de-produits\/pieces-de-rechange\/cables-electriques\/cable-electrique-230vac-tripolaire-droite-schuko\/\" \/>\n<meta property=\"og:locale\" content=\"fr_FR\" \/>\n<meta property=\"og:type\" content=\"article\" \/>\n<meta property=\"og:title\" content=\"C\u00c2BLE \u00c9LECTRIQUE 230Vac - tripolaire droite - schuko - MELFORM\" \/>\n<meta property=\"og:description\" content=\"C\u00e2ble \u00e9lectrique con\u00e7u pour une alimentation en 230V AC, \u00e9quip\u00e9 d\u2019un connecteur Schuko et d\u2019un terminal tripolaire coud\u00e9 pour une connexion s\u00e9curis\u00e9e et efficace. Caract\u00e9ristiques principales : Longueur : 2 m\u00e8tres Connecteurs : Schuko \u00e0 une extr\u00e9mit\u00e9 et terminal tripolaire coud\u00e9 \u00e0 l\u2019autre, garantissant une installation facile et une compatibilit\u00e9 avec des dispositifs \u00e9lectriques de [&hellip;]\" \/>\n<meta property=\"og:url\" content=\"https:\/\/www.melform.com\/fr\/conteneurs-\/catalogue-de-produits\/pieces-de-rechange\/cables-electriques\/cable-electrique-230vac-tripolaire-droite-schuko\/\" \/>\n<meta property=\"og:site_name\" content=\"MELFORM\" \/>\n<meta property=\"article:modified_time\" content=\"2025-01-02T15:03:37+00:00\" \/>\n<meta property=\"og:image\" content=\"https:\/\/www.melform.com\/wp-content\/uploads\/2024\/12\/CV230TDSK2-1024x683.jpg\" \/>\n\t<meta property=\"og:image:width\" content=\"1024\" \/>\n\t<meta property=\"og:image:height\" content=\"683\" \/>\n\t<meta property=\"og:image:type\" content=\"image\/jpeg\" \/>\n<meta name=\"twitter:card\" content=\"summary_large_image\" \/>\n<script type=\"application\/ld+json\" class=\"yoast-schema-graph\">{\"@context\":\"https:\/\/schema.org\",\"@graph\":[{\"@type\":\"WebPage\",\"@id\":\"https:\/\/www.melform.com\/fr\/conteneurs-\/catalogue-de-produits\/pieces-de-rechange\/cables-electriques\/cable-electrique-230vac-tripolaire-droite-schuko\/\",\"url\":\"https:\/\/www.melform.com\/fr\/conteneurs-\/catalogue-de-produits\/pieces-de-rechange\/cables-electriques\/cable-electrique-230vac-tripolaire-droite-schuko\/\",\"name\":\"C\u00c2BLE \u00c9LECTRIQUE 230Vac - tripolaire droite - schuko - MELFORM\",\"isPartOf\":{\"@id\":\"https:\/\/www.melform.com\/fr\/#website\"},\"primaryImageOfPage\":{\"@id\":\"https:\/\/www.melform.com\/fr\/conteneurs-\/catalogue-de-produits\/pieces-de-rechange\/cables-electriques\/cable-electrique-230vac-tripolaire-droite-schuko\/#primaryimage\"},\"image\":{\"@id\":\"https:\/\/www.melform.com\/fr\/conteneurs-\/catalogue-de-produits\/pieces-de-rechange\/cables-electriques\/cable-electrique-230vac-tripolaire-droite-schuko\/#primaryimage\"},\"thumbnailUrl\":\"https:\/\/www.melform.com\/wp-content\/uploads\/2024\/12\/CV230TDSK2.jpg\",\"datePublished\":\"2024-12-29T21:11:28+00:00\",\"dateModified\":\"2025-01-02T15:03:37+00:00\",\"breadcrumb\":{\"@id\":\"https:\/\/www.melform.com\/fr\/conteneurs-\/catalogue-de-produits\/pieces-de-rechange\/cables-electriques\/cable-electrique-230vac-tripolaire-droite-schuko\/#breadcrumb\"},\"inLanguage\":\"fr-FR\",\"potentialAction\":[{\"@type\":\"ReadAction\",\"target\":[\"https:\/\/www.melform.com\/fr\/conteneurs-\/catalogue-de-produits\/pieces-de-rechange\/cables-electriques\/cable-electrique-230vac-tripolaire-droite-schuko\/\"]}]},{\"@type\":\"ImageObject\",\"inLanguage\":\"fr-FR\",\"@id\":\"https:\/\/www.melform.com\/fr\/conteneurs-\/catalogue-de-produits\/pieces-de-rechange\/cables-electriques\/cable-electrique-230vac-tripolaire-droite-schuko\/#primaryimage\",\"url\":\"https:\/\/www.melform.com\/wp-content\/uploads\/2024\/12\/CV230TDSK2.jpg\",\"contentUrl\":\"https:\/\/www.melform.com\/wp-content\/uploads\/2024\/12\/CV230TDSK2.jpg\",\"width\":8256,\"height\":5504},{\"@type\":\"BreadcrumbList\",\"@id\":\"https:\/\/www.melform.com\/fr\/conteneurs-\/catalogue-de-produits\/pieces-de-rechange\/cables-electriques\/cable-electrique-230vac-tripolaire-droite-schuko\/#breadcrumb\",\"itemListElement\":[{\"@type\":\"ListItem\",\"position\":1,\"name\":\"Home\",\"item\":\"https:\/\/www.melform.com\/fr\/\"},{\"@type\":\"ListItem\",\"position\":2,\"name\":\"Shop\",\"item\":\"https:\/\/www.melform.com\/fr\/shop\/\"},{\"@type\":\"ListItem\",\"position\":3,\"name\":\"C\u00c2BLE \u00c9LECTRIQUE 230Vac &#8211; tripolaire droite &#8211; schuko\"}]},{\"@type\":\"WebSite\",\"@id\":\"https:\/\/www.melform.com\/fr\/#website\",\"url\":\"https:\/\/www.melform.com\/fr\/\",\"name\":\"MELFORM\",\"description\":\"SISTEMI PER IL TRASPORTO E STOCCAGGIO A TEMPERATURA CONTROLLATA\",\"potentialAction\":[{\"@type\":\"SearchAction\",\"target\":{\"@type\":\"EntryPoint\",\"urlTemplate\":\"https:\/\/www.melform.com\/fr\/?s={search_term_string}\"},\"query-input\":{\"@type\":\"PropertyValueSpecification\",\"valueRequired\":true,\"valueName\":\"search_term_string\"}}],\"inLanguage\":\"fr-FR\"}]}<\/script>\n<!-- \/ Yoast SEO plugin. -->","yoast_head_json":{"title":"C\u00c2BLE \u00c9LECTRIQUE 230Vac - tripolaire droite - schuko - MELFORM","robots":{"index":"index","follow":"follow","max-snippet":"max-snippet:-1","max-image-preview":"max-image-preview:large","max-video-preview":"max-video-preview:-1"},"canonical":"https:\/\/www.melform.com\/fr\/conteneurs-\/catalogue-de-produits\/pieces-de-rechange\/cables-electriques\/cable-electrique-230vac-tripolaire-droite-schuko\/","og_locale":"fr_FR","og_type":"article","og_title":"C\u00c2BLE \u00c9LECTRIQUE 230Vac - tripolaire droite - schuko - MELFORM","og_description":"C\u00e2ble \u00e9lectrique con\u00e7u pour une alimentation en 230V AC, \u00e9quip\u00e9 d\u2019un connecteur Schuko et d\u2019un terminal tripolaire coud\u00e9 pour une connexion s\u00e9curis\u00e9e et efficace. Caract\u00e9ristiques principales : Longueur : 2 m\u00e8tres Connecteurs : Schuko \u00e0 une extr\u00e9mit\u00e9 et terminal tripolaire coud\u00e9 \u00e0 l\u2019autre, garantissant une installation facile et une compatibilit\u00e9 avec des dispositifs \u00e9lectriques de [&hellip;]","og_url":"https:\/\/www.melform.com\/fr\/conteneurs-\/catalogue-de-produits\/pieces-de-rechange\/cables-electriques\/cable-electrique-230vac-tripolaire-droite-schuko\/","og_site_name":"MELFORM","article_modified_time":"2025-01-02T15:03:37+00:00","og_image":[{"width":1024,"height":683,"url":"https:\/\/www.melform.com\/wp-content\/uploads\/2024\/12\/CV230TDSK2-1024x683.jpg","type":"image\/jpeg"}],"twitter_card":"summary_large_image","schema":{"@context":"https:\/\/schema.org","@graph":[{"@type":"WebPage","@id":"https:\/\/www.melform.com\/fr\/conteneurs-\/catalogue-de-produits\/pieces-de-rechange\/cables-electriques\/cable-electrique-230vac-tripolaire-droite-schuko\/","url":"https:\/\/www.melform.com\/fr\/conteneurs-\/catalogue-de-produits\/pieces-de-rechange\/cables-electriques\/cable-electrique-230vac-tripolaire-droite-schuko\/","name":"C\u00c2BLE \u00c9LECTRIQUE 230Vac - tripolaire droite - schuko - MELFORM","isPartOf":{"@id":"https:\/\/www.melform.com\/fr\/#website"},"primaryImageOfPage":{"@id":"https:\/\/www.melform.com\/fr\/conteneurs-\/catalogue-de-produits\/pieces-de-rechange\/cables-electriques\/cable-electrique-230vac-tripolaire-droite-schuko\/#primaryimage"},"image":{"@id":"https:\/\/www.melform.com\/fr\/conteneurs-\/catalogue-de-produits\/pieces-de-rechange\/cables-electriques\/cable-electrique-230vac-tripolaire-droite-schuko\/#primaryimage"},"thumbnailUrl":"https:\/\/www.melform.com\/wp-content\/uploads\/2024\/12\/CV230TDSK2.jpg","datePublished":"2024-12-29T21:11:28+00:00","dateModified":"2025-01-02T15:03:37+00:00","breadcrumb":{"@id":"https:\/\/www.melform.com\/fr\/conteneurs-\/catalogue-de-produits\/pieces-de-rechange\/cables-electriques\/cable-electrique-230vac-tripolaire-droite-schuko\/#breadcrumb"},"inLanguage":"fr-FR","potentialAction":[{"@type":"ReadAction","target":["https:\/\/www.melform.com\/fr\/conteneurs-\/catalogue-de-produits\/pieces-de-rechange\/cables-electriques\/cable-electrique-230vac-tripolaire-droite-schuko\/"]}]},{"@type":"ImageObject","inLanguage":"fr-FR","@id":"https:\/\/www.melform.com\/fr\/conteneurs-\/catalogue-de-produits\/pieces-de-rechange\/cables-electriques\/cable-electrique-230vac-tripolaire-droite-schuko\/#primaryimage","url":"https:\/\/www.melform.com\/wp-content\/uploads\/2024\/12\/CV230TDSK2.jpg","contentUrl":"https:\/\/www.melform.com\/wp-content\/uploads\/2024\/12\/CV230TDSK2.jpg","width":8256,"height":5504},{"@type":"BreadcrumbList","@id":"https:\/\/www.melform.com\/fr\/conteneurs-\/catalogue-de-produits\/pieces-de-rechange\/cables-electriques\/cable-electrique-230vac-tripolaire-droite-schuko\/#breadcrumb","itemListElement":[{"@type":"ListItem","position":1,"name":"Home","item":"https:\/\/www.melform.com\/fr\/"},{"@type":"ListItem","position":2,"name":"Shop","item":"https:\/\/www.melform.com\/fr\/shop\/"},{"@type":"ListItem","position":3,"name":"C\u00c2BLE \u00c9LECTRIQUE 230Vac &#8211; tripolaire droite &#8211; schuko"}]},{"@type":"WebSite","@id":"https:\/\/www.melform.com\/fr\/#website","url":"https:\/\/www.melform.com\/fr\/","name":"MELFORM","description":"SISTEMI PER IL TRASPORTO E STOCCAGGIO A TEMPERATURA CONTROLLATA","potentialAction":[{"@type":"SearchAction","target":{"@type":"EntryPoint","urlTemplate":"https:\/\/www.melform.com\/fr\/?s={search_term_string}"},"query-input":{"@type":"PropertyValueSpecification","valueRequired":true,"valueName":"search_term_string"}}],"inLanguage":"fr-FR"}]}},"_links":{"self":[{"href":"https:\/\/www.melform.com\/fr\/wp-json\/wp\/v2\/product\/15585","targetHints":{"allow":["GET"]}}],"collection":[{"href":"https:\/\/www.melform.com\/fr\/wp-json\/wp\/v2\/product"}],"about":[{"href":"https:\/\/www.melform.com\/fr\/wp-json\/wp\/v2\/types\/product"}],"wp:featuredmedia":[{"embeddable":true,"href":"https:\/\/www.melform.com\/fr\/wp-json\/wp\/v2\/media\/15257"}],"wp:attachment":[{"href":"https:\/\/www.melform.com\/fr\/wp-json\/wp\/v2\/media?parent=15585"}],"wp:term":[{"taxonomy":"product_brand","embeddable":true,"href":"https:\/\/www.melform.com\/fr\/wp-json\/wp\/v2\/product_brand?post=15585"},{"taxonomy":"product_cat","embeddable":true,"href":"https:\/\/www.melform.com\/fr\/wp-json\/wp\/v2\/product_cat?post=15585"},{"taxonomy":"product_tag","embeddable":true,"href":"https:\/\/www.melform.com\/fr\/wp-json\/wp\/v2\/product_tag?post=15585"}],"curies":[{"name":"wp","href":"https:\/\/api.w.org\/{rel}","templated":true}]}}