{"id":15589,"date":"2024-12-29T23:26:37","date_gmt":"2024-12-29T21:26:37","guid":{"rendered":"https:\/\/www.melform.com\/?post_type=product&#038;p=15589"},"modified":"2025-01-02T17:10:16","modified_gmt":"2025-01-02T15:10:16","slug":"cable-electrique-230vac-schuko-lineaire-tripolaire","status":"publish","type":"product","link":"https:\/\/www.melform.com\/fr\/conteneurs-\/catalogue-de-produits\/pieces-de-rechange\/cables-electriques\/cable-electrique-230vac-schuko-lineaire-tripolaire\/","title":{"rendered":"C\u00c2BLE \u00c9LECTRIQUE 230Vac &#8211; Schuko lin\u00e9aire tripolaire"},"content":{"rendered":"Un c\u00e2ble \u00e9lectrique con\u00e7u pour une alimentation en 230V AC, \u00e9quip\u00e9 d\u2019un <strong>connecteur Schuko<\/strong> et d\u2019un <strong>terminal tripolaire lin\u00e9aire<\/strong>, id\u00e9al pour garantir une connexion stable et fiable.\r\n\r\n<strong>Caract\u00e9ristiques principales :<\/strong>\r\n<ul>\r\n \t<li><strong>Longueur :<\/strong> 2 m\u00e8tres<\/li>\r\n \t<li><strong>Connecteurs :<\/strong> Schuko \u00e0 une extr\u00e9mit\u00e9 et terminal tripolaire lin\u00e9aire \u00e0 l\u2019autre, permettant une installation facile et une compatibilit\u00e9 avec les dispositifs \u00e9lectriques standard.<\/li>\r\n<\/ul>\r\n<strong>Compatibilit\u00e9 :<\/strong>\r\nSp\u00e9cifiquement con\u00e7u pour \u00eatre utilis\u00e9 avec le mod\u00e8le <strong>KOALA 20<\/strong>, garantissant des performances optimales et une conformit\u00e9 aux normes de s\u00e9curit\u00e9.\r\n\r\nFiabilit\u00e9, praticit\u00e9 et haute qualit\u00e9 font de ce c\u00e2ble le choix id\u00e9al pour les applications professionnelles et domestiques.\r\n\r\nEmballage unit\u00e9: 1","protected":false},"excerpt":{"rendered":"Un c\u00e2ble \u00e9lectrique con\u00e7u pour une alimentation en 230V AC, \u00e9quip\u00e9 d\u2019un connecteur Schuko et d\u2019un terminal tripolaire lin\u00e9aire, id\u00e9al pour garantir une connexion stable et fiable. Caract\u00e9ristiques principales : Longueur : 2 m\u00e8tres Connecteurs : Schuko \u00e0 une extr\u00e9mit\u00e9 et terminal tripolaire lin\u00e9aire \u00e0 l\u2019autre, permettant une installation facile et une compatibilit\u00e9 avec les [&hellip;]","protected":false},"featured_media":19568,"template":"","meta":{"_acf_changed":false,"_themeisle_gutenberg_block_has_review":false},"product_brand":[],"product_cat":[920,1044],"product_tag":[],"class_list":{"0":"post-15589","1":"product","2":"type-product","3":"status-publish","4":"has-post-thumbnail","6":"product_cat-pieces-de-rechange","7":"product_cat-cables-electriques","9":"first","10":"instock","11":"shipping-taxable","12":"product-type-simple"},"acf":[],"yoast_head":"<!-- This site is optimized with the Yoast SEO plugin v26.4 - https:\/\/yoast.com\/wordpress\/plugins\/seo\/ -->\n<title>C\u00c2BLE \u00c9LECTRIQUE 230Vac - Schuko lin\u00e9aire tripolaire - MELFORM<\/title>\n<meta name=\"robots\" content=\"index, follow, max-snippet:-1, max-image-preview:large, max-video-preview:-1\" \/>\n<link rel=\"canonical\" href=\"https:\/\/www.melform.com\/fr\/conteneurs-\/catalogue-de-produits\/pieces-de-rechange\/cables-electriques\/cable-electrique-230vac-schuko-lineaire-tripolaire\/\" \/>\n<meta property=\"og:locale\" content=\"fr_FR\" \/>\n<meta property=\"og:type\" content=\"article\" \/>\n<meta property=\"og:title\" content=\"C\u00c2BLE \u00c9LECTRIQUE 230Vac - Schuko lin\u00e9aire tripolaire - MELFORM\" \/>\n<meta property=\"og:description\" content=\"Un c\u00e2ble \u00e9lectrique con\u00e7u pour une alimentation en 230V AC, \u00e9quip\u00e9 d\u2019un connecteur Schuko et d\u2019un terminal tripolaire lin\u00e9aire, id\u00e9al pour garantir une connexion stable et fiable. Caract\u00e9ristiques principales : Longueur : 2 m\u00e8tres Connecteurs : Schuko \u00e0 une extr\u00e9mit\u00e9 et terminal tripolaire lin\u00e9aire \u00e0 l\u2019autre, permettant une installation facile et une compatibilit\u00e9 avec les [&hellip;]\" \/>\n<meta property=\"og:url\" content=\"https:\/\/www.melform.com\/fr\/conteneurs-\/catalogue-de-produits\/pieces-de-rechange\/cables-electriques\/cable-electrique-230vac-schuko-lineaire-tripolaire\/\" \/>\n<meta property=\"og:site_name\" content=\"MELFORM\" \/>\n<meta property=\"article:modified_time\" content=\"2025-01-02T15:10:16+00:00\" \/>\n<meta property=\"og:image\" content=\"https:\/\/www.melform.com\/wp-content\/uploads\/2024\/12\/CV230TLSK2.jpg\" \/>\n\t<meta property=\"og:image:width\" content=\"2000\" \/>\n\t<meta property=\"og:image:height\" content=\"1333\" \/>\n\t<meta property=\"og:image:type\" content=\"image\/jpeg\" \/>\n<meta name=\"twitter:card\" content=\"summary_large_image\" \/>\n<script type=\"application\/ld+json\" class=\"yoast-schema-graph\">{\"@context\":\"https:\/\/schema.org\",\"@graph\":[{\"@type\":\"WebPage\",\"@id\":\"https:\/\/www.melform.com\/fr\/conteneurs-\/catalogue-de-produits\/pieces-de-rechange\/cables-electriques\/cable-electrique-230vac-schuko-lineaire-tripolaire\/\",\"url\":\"https:\/\/www.melform.com\/fr\/conteneurs-\/catalogue-de-produits\/pieces-de-rechange\/cables-electriques\/cable-electrique-230vac-schuko-lineaire-tripolaire\/\",\"name\":\"C\u00c2BLE \u00c9LECTRIQUE 230Vac - Schuko lin\u00e9aire tripolaire - MELFORM\",\"isPartOf\":{\"@id\":\"https:\/\/www.melform.com\/fr\/#website\"},\"primaryImageOfPage\":{\"@id\":\"https:\/\/www.melform.com\/fr\/conteneurs-\/catalogue-de-produits\/pieces-de-rechange\/cables-electriques\/cable-electrique-230vac-schuko-lineaire-tripolaire\/#primaryimage\"},\"image\":{\"@id\":\"https:\/\/www.melform.com\/fr\/conteneurs-\/catalogue-de-produits\/pieces-de-rechange\/cables-electriques\/cable-electrique-230vac-schuko-lineaire-tripolaire\/#primaryimage\"},\"thumbnailUrl\":\"https:\/\/www.melform.com\/wp-content\/uploads\/2024\/12\/CV230TLSK2.jpg\",\"datePublished\":\"2024-12-29T21:26:37+00:00\",\"dateModified\":\"2025-01-02T15:10:16+00:00\",\"breadcrumb\":{\"@id\":\"https:\/\/www.melform.com\/fr\/conteneurs-\/catalogue-de-produits\/pieces-de-rechange\/cables-electriques\/cable-electrique-230vac-schuko-lineaire-tripolaire\/#breadcrumb\"},\"inLanguage\":\"fr-FR\",\"potentialAction\":[{\"@type\":\"ReadAction\",\"target\":[\"https:\/\/www.melform.com\/fr\/conteneurs-\/catalogue-de-produits\/pieces-de-rechange\/cables-electriques\/cable-electrique-230vac-schuko-lineaire-tripolaire\/\"]}]},{\"@type\":\"ImageObject\",\"inLanguage\":\"fr-FR\",\"@id\":\"https:\/\/www.melform.com\/fr\/conteneurs-\/catalogue-de-produits\/pieces-de-rechange\/cables-electriques\/cable-electrique-230vac-schuko-lineaire-tripolaire\/#primaryimage\",\"url\":\"https:\/\/www.melform.com\/wp-content\/uploads\/2024\/12\/CV230TLSK2.jpg\",\"contentUrl\":\"https:\/\/www.melform.com\/wp-content\/uploads\/2024\/12\/CV230TLSK2.jpg\",\"width\":2000,\"height\":1333},{\"@type\":\"BreadcrumbList\",\"@id\":\"https:\/\/www.melform.com\/fr\/conteneurs-\/catalogue-de-produits\/pieces-de-rechange\/cables-electriques\/cable-electrique-230vac-schuko-lineaire-tripolaire\/#breadcrumb\",\"itemListElement\":[{\"@type\":\"ListItem\",\"position\":1,\"name\":\"Home\",\"item\":\"https:\/\/www.melform.com\/fr\/\"},{\"@type\":\"ListItem\",\"position\":2,\"name\":\"Shop\",\"item\":\"https:\/\/www.melform.com\/fr\/shop\/\"},{\"@type\":\"ListItem\",\"position\":3,\"name\":\"C\u00c2BLE \u00c9LECTRIQUE 230Vac &#8211; Schuko lin\u00e9aire tripolaire\"}]},{\"@type\":\"WebSite\",\"@id\":\"https:\/\/www.melform.com\/fr\/#website\",\"url\":\"https:\/\/www.melform.com\/fr\/\",\"name\":\"MELFORM\",\"description\":\"SISTEMI PER IL TRASPORTO E STOCCAGGIO A TEMPERATURA CONTROLLATA\",\"potentialAction\":[{\"@type\":\"SearchAction\",\"target\":{\"@type\":\"EntryPoint\",\"urlTemplate\":\"https:\/\/www.melform.com\/fr\/?s={search_term_string}\"},\"query-input\":{\"@type\":\"PropertyValueSpecification\",\"valueRequired\":true,\"valueName\":\"search_term_string\"}}],\"inLanguage\":\"fr-FR\"}]}<\/script>\n<!-- \/ Yoast SEO plugin. -->","yoast_head_json":{"title":"C\u00c2BLE \u00c9LECTRIQUE 230Vac - Schuko lin\u00e9aire tripolaire - MELFORM","robots":{"index":"index","follow":"follow","max-snippet":"max-snippet:-1","max-image-preview":"max-image-preview:large","max-video-preview":"max-video-preview:-1"},"canonical":"https:\/\/www.melform.com\/fr\/conteneurs-\/catalogue-de-produits\/pieces-de-rechange\/cables-electriques\/cable-electrique-230vac-schuko-lineaire-tripolaire\/","og_locale":"fr_FR","og_type":"article","og_title":"C\u00c2BLE \u00c9LECTRIQUE 230Vac - Schuko lin\u00e9aire tripolaire - MELFORM","og_description":"Un c\u00e2ble \u00e9lectrique con\u00e7u pour une alimentation en 230V AC, \u00e9quip\u00e9 d\u2019un connecteur Schuko et d\u2019un terminal tripolaire lin\u00e9aire, id\u00e9al pour garantir une connexion stable et fiable. Caract\u00e9ristiques principales : Longueur : 2 m\u00e8tres Connecteurs : Schuko \u00e0 une extr\u00e9mit\u00e9 et terminal tripolaire lin\u00e9aire \u00e0 l\u2019autre, permettant une installation facile et une compatibilit\u00e9 avec les [&hellip;]","og_url":"https:\/\/www.melform.com\/fr\/conteneurs-\/catalogue-de-produits\/pieces-de-rechange\/cables-electriques\/cable-electrique-230vac-schuko-lineaire-tripolaire\/","og_site_name":"MELFORM","article_modified_time":"2025-01-02T15:10:16+00:00","og_image":[{"width":2000,"height":1333,"url":"https:\/\/www.melform.com\/wp-content\/uploads\/2024\/12\/CV230TLSK2.jpg","type":"image\/jpeg"}],"twitter_card":"summary_large_image","schema":{"@context":"https:\/\/schema.org","@graph":[{"@type":"WebPage","@id":"https:\/\/www.melform.com\/fr\/conteneurs-\/catalogue-de-produits\/pieces-de-rechange\/cables-electriques\/cable-electrique-230vac-schuko-lineaire-tripolaire\/","url":"https:\/\/www.melform.com\/fr\/conteneurs-\/catalogue-de-produits\/pieces-de-rechange\/cables-electriques\/cable-electrique-230vac-schuko-lineaire-tripolaire\/","name":"C\u00c2BLE \u00c9LECTRIQUE 230Vac - Schuko lin\u00e9aire tripolaire - MELFORM","isPartOf":{"@id":"https:\/\/www.melform.com\/fr\/#website"},"primaryImageOfPage":{"@id":"https:\/\/www.melform.com\/fr\/conteneurs-\/catalogue-de-produits\/pieces-de-rechange\/cables-electriques\/cable-electrique-230vac-schuko-lineaire-tripolaire\/#primaryimage"},"image":{"@id":"https:\/\/www.melform.com\/fr\/conteneurs-\/catalogue-de-produits\/pieces-de-rechange\/cables-electriques\/cable-electrique-230vac-schuko-lineaire-tripolaire\/#primaryimage"},"thumbnailUrl":"https:\/\/www.melform.com\/wp-content\/uploads\/2024\/12\/CV230TLSK2.jpg","datePublished":"2024-12-29T21:26:37+00:00","dateModified":"2025-01-02T15:10:16+00:00","breadcrumb":{"@id":"https:\/\/www.melform.com\/fr\/conteneurs-\/catalogue-de-produits\/pieces-de-rechange\/cables-electriques\/cable-electrique-230vac-schuko-lineaire-tripolaire\/#breadcrumb"},"inLanguage":"fr-FR","potentialAction":[{"@type":"ReadAction","target":["https:\/\/www.melform.com\/fr\/conteneurs-\/catalogue-de-produits\/pieces-de-rechange\/cables-electriques\/cable-electrique-230vac-schuko-lineaire-tripolaire\/"]}]},{"@type":"ImageObject","inLanguage":"fr-FR","@id":"https:\/\/www.melform.com\/fr\/conteneurs-\/catalogue-de-produits\/pieces-de-rechange\/cables-electriques\/cable-electrique-230vac-schuko-lineaire-tripolaire\/#primaryimage","url":"https:\/\/www.melform.com\/wp-content\/uploads\/2024\/12\/CV230TLSK2.jpg","contentUrl":"https:\/\/www.melform.com\/wp-content\/uploads\/2024\/12\/CV230TLSK2.jpg","width":2000,"height":1333},{"@type":"BreadcrumbList","@id":"https:\/\/www.melform.com\/fr\/conteneurs-\/catalogue-de-produits\/pieces-de-rechange\/cables-electriques\/cable-electrique-230vac-schuko-lineaire-tripolaire\/#breadcrumb","itemListElement":[{"@type":"ListItem","position":1,"name":"Home","item":"https:\/\/www.melform.com\/fr\/"},{"@type":"ListItem","position":2,"name":"Shop","item":"https:\/\/www.melform.com\/fr\/shop\/"},{"@type":"ListItem","position":3,"name":"C\u00c2BLE \u00c9LECTRIQUE 230Vac &#8211; Schuko lin\u00e9aire tripolaire"}]},{"@type":"WebSite","@id":"https:\/\/www.melform.com\/fr\/#website","url":"https:\/\/www.melform.com\/fr\/","name":"MELFORM","description":"SISTEMI PER IL TRASPORTO E STOCCAGGIO A TEMPERATURA CONTROLLATA","potentialAction":[{"@type":"SearchAction","target":{"@type":"EntryPoint","urlTemplate":"https:\/\/www.melform.com\/fr\/?s={search_term_string}"},"query-input":{"@type":"PropertyValueSpecification","valueRequired":true,"valueName":"search_term_string"}}],"inLanguage":"fr-FR"}]}},"_links":{"self":[{"href":"https:\/\/www.melform.com\/fr\/wp-json\/wp\/v2\/product\/15589","targetHints":{"allow":["GET"]}}],"collection":[{"href":"https:\/\/www.melform.com\/fr\/wp-json\/wp\/v2\/product"}],"about":[{"href":"https:\/\/www.melform.com\/fr\/wp-json\/wp\/v2\/types\/product"}],"wp:featuredmedia":[{"embeddable":true,"href":"https:\/\/www.melform.com\/fr\/wp-json\/wp\/v2\/media\/19568"}],"wp:attachment":[{"href":"https:\/\/www.melform.com\/fr\/wp-json\/wp\/v2\/media?parent=15589"}],"wp:term":[{"taxonomy":"product_brand","embeddable":true,"href":"https:\/\/www.melform.com\/fr\/wp-json\/wp\/v2\/product_brand?post=15589"},{"taxonomy":"product_cat","embeddable":true,"href":"https:\/\/www.melform.com\/fr\/wp-json\/wp\/v2\/product_cat?post=15589"},{"taxonomy":"product_tag","embeddable":true,"href":"https:\/\/www.melform.com\/fr\/wp-json\/wp\/v2\/product_tag?post=15589"}],"curies":[{"name":"wp","href":"https:\/\/api.w.org\/{rel}","templated":true}]}}