{"id":15592,"date":"2024-12-29T23:36:01","date_gmt":"2024-12-29T21:36:01","guid":{"rendered":"https:\/\/www.melform.com\/?post_type=product&#038;p=15592"},"modified":"2025-01-04T16:43:22","modified_gmt":"2025-01-04T14:43:22","slug":"kit-de-fermeture-a-levier-avec-rivets","status":"publish","type":"product","link":"https:\/\/www.melform.com\/fr\/conteneurs-\/catalogue-de-produits\/pieces-de-rechange\/fermetures\/kit-de-fermeture-a-levier-avec-rivets\/","title":{"rendered":"KIT DE FERMETURE \u00c0 LEVIER AVEC RIVETS"},"content":{"rendered":"Kit complet pour une fermeture s\u00e9curis\u00e9e avec syst\u00e8me \u00e0 levier, fourni avec des rivets inclus pour un montage stable et durable. R\u00e9alis\u00e9 enti\u00e8rement en acier inoxydable, il offre une excellente r\u00e9sistance \u00e0 la corrosion et garantit robustesse et fiabilit\u00e9 durable.\r\n\r\n<strong>Caract\u00e9ristiques :<\/strong>\r\n<ul>\r\n \t<li>Mat\u00e9riau : Acier Inoxydable<\/li>\r\n<\/ul>\r\n<strong>Compatibilit\u00e9 du produit :<\/strong>\r\n<ul>\r\n \t<li><em>THERMAX QC05 \/ QC10 \/ QC20 \/ EY13 \/ AF6 \/ AF7 \/ AF8 \/ AL300 \/ GN1\/1<\/em><\/li>\r\n<\/ul>\r\nId\u00e9al pour des applications professionnelles n\u00e9cessitant des fermetures s\u00e9curis\u00e9es et durables, garantissant une installation pr\u00e9cise et une protection efficace m\u00eame dans des conditions d&#8217;utilisation intensives.\r\n\r\nEmballage unit\u00e9: 4","protected":false},"excerpt":{"rendered":"Kit complet pour une fermeture s\u00e9curis\u00e9e avec syst\u00e8me \u00e0 levier, fourni avec des rivets inclus pour un montage stable et durable. R\u00e9alis\u00e9 enti\u00e8rement en acier inoxydable, il offre une excellente r\u00e9sistance \u00e0 la corrosion et garantit robustesse et fiabilit\u00e9 durable. Caract\u00e9ristiques : Mat\u00e9riau : Acier Inoxydable Compatibilit\u00e9 du produit : THERMAX QC05 \/ QC10 \/ [&hellip;]","protected":false},"featured_media":15266,"template":"","meta":{"_acf_changed":false,"_themeisle_gutenberg_block_has_review":false},"product_brand":[],"product_cat":[920,1046],"product_tag":[],"class_list":{"0":"post-15592","1":"product","2":"type-product","3":"status-publish","4":"has-post-thumbnail","6":"product_cat-pieces-de-rechange","7":"product_cat-fermetures","9":"first","10":"instock","11":"shipping-taxable","12":"product-type-simple"},"acf":[],"yoast_head":"<!-- This site is optimized with the Yoast SEO plugin v26.4 - https:\/\/yoast.com\/wordpress\/plugins\/seo\/ -->\n<title>KIT DE FERMETURE \u00c0 LEVIER AVEC RIVETS - MELFORM<\/title>\n<meta name=\"robots\" content=\"index, follow, max-snippet:-1, max-image-preview:large, max-video-preview:-1\" \/>\n<link rel=\"canonical\" href=\"https:\/\/www.melform.com\/fr\/conteneurs-\/catalogue-de-produits\/pieces-de-rechange\/fermetures\/kit-de-fermeture-a-levier-avec-rivets\/\" \/>\n<meta property=\"og:locale\" content=\"fr_FR\" \/>\n<meta property=\"og:type\" content=\"article\" \/>\n<meta property=\"og:title\" content=\"KIT DE FERMETURE \u00c0 LEVIER AVEC RIVETS - MELFORM\" \/>\n<meta property=\"og:description\" content=\"Kit complet pour une fermeture s\u00e9curis\u00e9e avec syst\u00e8me \u00e0 levier, fourni avec des rivets inclus pour un montage stable et durable. R\u00e9alis\u00e9 enti\u00e8rement en acier inoxydable, il offre une excellente r\u00e9sistance \u00e0 la corrosion et garantit robustesse et fiabilit\u00e9 durable. Caract\u00e9ristiques : Mat\u00e9riau : Acier Inoxydable Compatibilit\u00e9 du produit : THERMAX QC05 \/ QC10 \/ [&hellip;]\" \/>\n<meta property=\"og:url\" content=\"https:\/\/www.melform.com\/fr\/conteneurs-\/catalogue-de-produits\/pieces-de-rechange\/fermetures\/kit-de-fermeture-a-levier-avec-rivets\/\" \/>\n<meta property=\"og:site_name\" content=\"MELFORM\" \/>\n<meta property=\"article:modified_time\" content=\"2025-01-04T14:43:22+00:00\" \/>\n<meta property=\"og:image\" content=\"https:\/\/www.melform.com\/wp-content\/uploads\/2024\/12\/RRI001.jpg\" \/>\n\t<meta property=\"og:image:width\" content=\"2000\" \/>\n\t<meta property=\"og:image:height\" content=\"1333\" \/>\n\t<meta property=\"og:image:type\" content=\"image\/jpeg\" \/>\n<meta name=\"twitter:card\" content=\"summary_large_image\" \/>\n<script type=\"application\/ld+json\" class=\"yoast-schema-graph\">{\"@context\":\"https:\/\/schema.org\",\"@graph\":[{\"@type\":\"WebPage\",\"@id\":\"https:\/\/www.melform.com\/fr\/conteneurs-\/catalogue-de-produits\/pieces-de-rechange\/fermetures\/kit-de-fermeture-a-levier-avec-rivets\/\",\"url\":\"https:\/\/www.melform.com\/fr\/conteneurs-\/catalogue-de-produits\/pieces-de-rechange\/fermetures\/kit-de-fermeture-a-levier-avec-rivets\/\",\"name\":\"KIT DE FERMETURE \u00c0 LEVIER AVEC RIVETS - MELFORM\",\"isPartOf\":{\"@id\":\"https:\/\/www.melform.com\/fr\/#website\"},\"primaryImageOfPage\":{\"@id\":\"https:\/\/www.melform.com\/fr\/conteneurs-\/catalogue-de-produits\/pieces-de-rechange\/fermetures\/kit-de-fermeture-a-levier-avec-rivets\/#primaryimage\"},\"image\":{\"@id\":\"https:\/\/www.melform.com\/fr\/conteneurs-\/catalogue-de-produits\/pieces-de-rechange\/fermetures\/kit-de-fermeture-a-levier-avec-rivets\/#primaryimage\"},\"thumbnailUrl\":\"https:\/\/www.melform.com\/wp-content\/uploads\/2024\/12\/RRI001.jpg\",\"datePublished\":\"2024-12-29T21:36:01+00:00\",\"dateModified\":\"2025-01-04T14:43:22+00:00\",\"breadcrumb\":{\"@id\":\"https:\/\/www.melform.com\/fr\/conteneurs-\/catalogue-de-produits\/pieces-de-rechange\/fermetures\/kit-de-fermeture-a-levier-avec-rivets\/#breadcrumb\"},\"inLanguage\":\"fr-FR\",\"potentialAction\":[{\"@type\":\"ReadAction\",\"target\":[\"https:\/\/www.melform.com\/fr\/conteneurs-\/catalogue-de-produits\/pieces-de-rechange\/fermetures\/kit-de-fermeture-a-levier-avec-rivets\/\"]}]},{\"@type\":\"ImageObject\",\"inLanguage\":\"fr-FR\",\"@id\":\"https:\/\/www.melform.com\/fr\/conteneurs-\/catalogue-de-produits\/pieces-de-rechange\/fermetures\/kit-de-fermeture-a-levier-avec-rivets\/#primaryimage\",\"url\":\"https:\/\/www.melform.com\/wp-content\/uploads\/2024\/12\/RRI001.jpg\",\"contentUrl\":\"https:\/\/www.melform.com\/wp-content\/uploads\/2024\/12\/RRI001.jpg\",\"width\":2000,\"height\":1333},{\"@type\":\"BreadcrumbList\",\"@id\":\"https:\/\/www.melform.com\/fr\/conteneurs-\/catalogue-de-produits\/pieces-de-rechange\/fermetures\/kit-de-fermeture-a-levier-avec-rivets\/#breadcrumb\",\"itemListElement\":[{\"@type\":\"ListItem\",\"position\":1,\"name\":\"Home\",\"item\":\"https:\/\/www.melform.com\/fr\/\"},{\"@type\":\"ListItem\",\"position\":2,\"name\":\"Shop\",\"item\":\"https:\/\/www.melform.com\/fr\/shop\/\"},{\"@type\":\"ListItem\",\"position\":3,\"name\":\"KIT DE FERMETURE \u00c0 LEVIER AVEC RIVETS\"}]},{\"@type\":\"WebSite\",\"@id\":\"https:\/\/www.melform.com\/fr\/#website\",\"url\":\"https:\/\/www.melform.com\/fr\/\",\"name\":\"MELFORM\",\"description\":\"SISTEMI PER IL TRASPORTO E STOCCAGGIO A TEMPERATURA CONTROLLATA\",\"potentialAction\":[{\"@type\":\"SearchAction\",\"target\":{\"@type\":\"EntryPoint\",\"urlTemplate\":\"https:\/\/www.melform.com\/fr\/?s={search_term_string}\"},\"query-input\":{\"@type\":\"PropertyValueSpecification\",\"valueRequired\":true,\"valueName\":\"search_term_string\"}}],\"inLanguage\":\"fr-FR\"}]}<\/script>\n<!-- \/ Yoast SEO plugin. -->","yoast_head_json":{"title":"KIT DE FERMETURE \u00c0 LEVIER AVEC RIVETS - MELFORM","robots":{"index":"index","follow":"follow","max-snippet":"max-snippet:-1","max-image-preview":"max-image-preview:large","max-video-preview":"max-video-preview:-1"},"canonical":"https:\/\/www.melform.com\/fr\/conteneurs-\/catalogue-de-produits\/pieces-de-rechange\/fermetures\/kit-de-fermeture-a-levier-avec-rivets\/","og_locale":"fr_FR","og_type":"article","og_title":"KIT DE FERMETURE \u00c0 LEVIER AVEC RIVETS - MELFORM","og_description":"Kit complet pour une fermeture s\u00e9curis\u00e9e avec syst\u00e8me \u00e0 levier, fourni avec des rivets inclus pour un montage stable et durable. R\u00e9alis\u00e9 enti\u00e8rement en acier inoxydable, il offre une excellente r\u00e9sistance \u00e0 la corrosion et garantit robustesse et fiabilit\u00e9 durable. Caract\u00e9ristiques : Mat\u00e9riau : Acier Inoxydable Compatibilit\u00e9 du produit : THERMAX QC05 \/ QC10 \/ [&hellip;]","og_url":"https:\/\/www.melform.com\/fr\/conteneurs-\/catalogue-de-produits\/pieces-de-rechange\/fermetures\/kit-de-fermeture-a-levier-avec-rivets\/","og_site_name":"MELFORM","article_modified_time":"2025-01-04T14:43:22+00:00","og_image":[{"width":2000,"height":1333,"url":"https:\/\/www.melform.com\/wp-content\/uploads\/2024\/12\/RRI001.jpg","type":"image\/jpeg"}],"twitter_card":"summary_large_image","schema":{"@context":"https:\/\/schema.org","@graph":[{"@type":"WebPage","@id":"https:\/\/www.melform.com\/fr\/conteneurs-\/catalogue-de-produits\/pieces-de-rechange\/fermetures\/kit-de-fermeture-a-levier-avec-rivets\/","url":"https:\/\/www.melform.com\/fr\/conteneurs-\/catalogue-de-produits\/pieces-de-rechange\/fermetures\/kit-de-fermeture-a-levier-avec-rivets\/","name":"KIT DE FERMETURE \u00c0 LEVIER AVEC RIVETS - MELFORM","isPartOf":{"@id":"https:\/\/www.melform.com\/fr\/#website"},"primaryImageOfPage":{"@id":"https:\/\/www.melform.com\/fr\/conteneurs-\/catalogue-de-produits\/pieces-de-rechange\/fermetures\/kit-de-fermeture-a-levier-avec-rivets\/#primaryimage"},"image":{"@id":"https:\/\/www.melform.com\/fr\/conteneurs-\/catalogue-de-produits\/pieces-de-rechange\/fermetures\/kit-de-fermeture-a-levier-avec-rivets\/#primaryimage"},"thumbnailUrl":"https:\/\/www.melform.com\/wp-content\/uploads\/2024\/12\/RRI001.jpg","datePublished":"2024-12-29T21:36:01+00:00","dateModified":"2025-01-04T14:43:22+00:00","breadcrumb":{"@id":"https:\/\/www.melform.com\/fr\/conteneurs-\/catalogue-de-produits\/pieces-de-rechange\/fermetures\/kit-de-fermeture-a-levier-avec-rivets\/#breadcrumb"},"inLanguage":"fr-FR","potentialAction":[{"@type":"ReadAction","target":["https:\/\/www.melform.com\/fr\/conteneurs-\/catalogue-de-produits\/pieces-de-rechange\/fermetures\/kit-de-fermeture-a-levier-avec-rivets\/"]}]},{"@type":"ImageObject","inLanguage":"fr-FR","@id":"https:\/\/www.melform.com\/fr\/conteneurs-\/catalogue-de-produits\/pieces-de-rechange\/fermetures\/kit-de-fermeture-a-levier-avec-rivets\/#primaryimage","url":"https:\/\/www.melform.com\/wp-content\/uploads\/2024\/12\/RRI001.jpg","contentUrl":"https:\/\/www.melform.com\/wp-content\/uploads\/2024\/12\/RRI001.jpg","width":2000,"height":1333},{"@type":"BreadcrumbList","@id":"https:\/\/www.melform.com\/fr\/conteneurs-\/catalogue-de-produits\/pieces-de-rechange\/fermetures\/kit-de-fermeture-a-levier-avec-rivets\/#breadcrumb","itemListElement":[{"@type":"ListItem","position":1,"name":"Home","item":"https:\/\/www.melform.com\/fr\/"},{"@type":"ListItem","position":2,"name":"Shop","item":"https:\/\/www.melform.com\/fr\/shop\/"},{"@type":"ListItem","position":3,"name":"KIT DE FERMETURE \u00c0 LEVIER AVEC RIVETS"}]},{"@type":"WebSite","@id":"https:\/\/www.melform.com\/fr\/#website","url":"https:\/\/www.melform.com\/fr\/","name":"MELFORM","description":"SISTEMI PER IL TRASPORTO E STOCCAGGIO A TEMPERATURA CONTROLLATA","potentialAction":[{"@type":"SearchAction","target":{"@type":"EntryPoint","urlTemplate":"https:\/\/www.melform.com\/fr\/?s={search_term_string}"},"query-input":{"@type":"PropertyValueSpecification","valueRequired":true,"valueName":"search_term_string"}}],"inLanguage":"fr-FR"}]}},"_links":{"self":[{"href":"https:\/\/www.melform.com\/fr\/wp-json\/wp\/v2\/product\/15592","targetHints":{"allow":["GET"]}}],"collection":[{"href":"https:\/\/www.melform.com\/fr\/wp-json\/wp\/v2\/product"}],"about":[{"href":"https:\/\/www.melform.com\/fr\/wp-json\/wp\/v2\/types\/product"}],"wp:featuredmedia":[{"embeddable":true,"href":"https:\/\/www.melform.com\/fr\/wp-json\/wp\/v2\/media\/15266"}],"wp:attachment":[{"href":"https:\/\/www.melform.com\/fr\/wp-json\/wp\/v2\/media?parent=15592"}],"wp:term":[{"taxonomy":"product_brand","embeddable":true,"href":"https:\/\/www.melform.com\/fr\/wp-json\/wp\/v2\/product_brand?post=15592"},{"taxonomy":"product_cat","embeddable":true,"href":"https:\/\/www.melform.com\/fr\/wp-json\/wp\/v2\/product_cat?post=15592"},{"taxonomy":"product_tag","embeddable":true,"href":"https:\/\/www.melform.com\/fr\/wp-json\/wp\/v2\/product_tag?post=15592"}],"curies":[{"name":"wp","href":"https:\/\/api.w.org\/{rel}","templated":true}]}}