{"id":15605,"date":"2024-12-30T11:50:02","date_gmt":"2024-12-30T09:50:02","guid":{"rendered":"https:\/\/www.melform.com\/?post_type=product&#038;p=15605"},"modified":"2025-01-02T18:48:29","modified_gmt":"2025-01-02T16:48:29","slug":"kit-groupe-de-chauffage-numerique","status":"publish","type":"product","link":"https:\/\/www.melform.com\/fr\/conteneurs-\/catalogue-de-produits\/pieces-de-rechange\/appareils-de-chauffage\/kit-groupe-de-chauffage-numerique\/","title":{"rendered":"KIT GROUPE  CHAUFFANT NUM\u00c9RIQUE"},"content":{"rendered":"Un kit complet pour l&#8217;installation d&#8217;un groupe chauffant num\u00e9rique, fabriqu\u00e9 en <strong>acier inoxydable<\/strong> pour garantir robustesse, r\u00e9sistance et durabilit\u00e9. Con\u00e7u pour fonctionner \u00e0 <strong>230V<\/strong> avec une puissance de <strong>200W<\/strong>, il offre un contr\u00f4le pr\u00e9cis de la temp\u00e9rature et des performances thermiques excellentes, id\u00e9ales pour des applications professionnelles.\r\n\r\n<strong>Caract\u00e9ristiques principales :<\/strong>\r\n<ul>\r\n \t<li><strong>Mat\u00e9riau :<\/strong> Acier inoxydable de haute qualit\u00e9, r\u00e9sistant \u00e0 la corrosion et \u00e0 l&#8217;usure.<\/li>\r\n \t<li><strong>Sp\u00e9cifications techniques :<\/strong> Alimentation 230V, puissance 200W, avec fonctionnalit\u00e9s num\u00e9riques pour un contr\u00f4le pr\u00e9cis de la temp\u00e9rature.<\/li>\r\n<\/ul>\r\n<strong>Compatibilit\u00e9 :<\/strong>\r\nSp\u00e9cifiquement con\u00e7u pour \u00eatre utilis\u00e9 avec la <strong>PORTE CHAUFFANTE THERMAX<\/strong>, assurant une int\u00e9gration parfaite et des performances fiables.\r\n\r\nUn accessoire essentiel pour les applications n\u00e9cessitant pr\u00e9cision et fiabilit\u00e9, id\u00e9al pour maintenir des conditions thermiques optimales et garantir une efficacit\u00e9 op\u00e9rationnelle maximale.\r\n\r\n<strong>Emballage unit\u00e9: 1<\/strong>","protected":false},"excerpt":{"rendered":"Un kit complet pour l&#8217;installation d&#8217;un groupe chauffant num\u00e9rique, fabriqu\u00e9 en acier inoxydable pour garantir robustesse, r\u00e9sistance et durabilit\u00e9. Con\u00e7u pour fonctionner \u00e0 230V avec une puissance de 200W, il offre un contr\u00f4le pr\u00e9cis de la temp\u00e9rature et des performances thermiques excellentes, id\u00e9ales pour des applications professionnelles. Caract\u00e9ristiques principales : Mat\u00e9riau : Acier inoxydable de [&hellip;]","protected":false},"featured_media":15260,"template":"","meta":{"_acf_changed":false,"_themeisle_gutenberg_block_has_review":false},"product_brand":[],"product_cat":[1048,920],"product_tag":[],"class_list":{"0":"post-15605","1":"product","2":"type-product","3":"status-publish","4":"has-post-thumbnail","6":"product_cat-appareils-de-chauffage","7":"product_cat-pieces-de-rechange","9":"first","10":"instock","11":"shipping-taxable","12":"product-type-simple"},"acf":[],"yoast_head":"<!-- This site is optimized with the Yoast SEO plugin v26.4 - https:\/\/yoast.com\/wordpress\/plugins\/seo\/ -->\n<title>KIT GROUPE CHAUFFANT NUM\u00c9RIQUE - MELFORM<\/title>\n<meta name=\"robots\" content=\"index, follow, max-snippet:-1, max-image-preview:large, max-video-preview:-1\" \/>\n<link rel=\"canonical\" href=\"https:\/\/www.melform.com\/fr\/conteneurs-\/catalogue-de-produits\/pieces-de-rechange\/appareils-de-chauffage\/kit-groupe-de-chauffage-numerique\/\" \/>\n<meta property=\"og:locale\" content=\"fr_FR\" \/>\n<meta property=\"og:type\" content=\"article\" \/>\n<meta property=\"og:title\" content=\"KIT GROUPE CHAUFFANT NUM\u00c9RIQUE - MELFORM\" \/>\n<meta property=\"og:description\" content=\"Un kit complet pour l&#8217;installation d&#8217;un groupe chauffant num\u00e9rique, fabriqu\u00e9 en acier inoxydable pour garantir robustesse, r\u00e9sistance et durabilit\u00e9. Con\u00e7u pour fonctionner \u00e0 230V avec une puissance de 200W, il offre un contr\u00f4le pr\u00e9cis de la temp\u00e9rature et des performances thermiques excellentes, id\u00e9ales pour des applications professionnelles. Caract\u00e9ristiques principales : Mat\u00e9riau : Acier inoxydable de [&hellip;]\" \/>\n<meta property=\"og:url\" content=\"https:\/\/www.melform.com\/fr\/conteneurs-\/catalogue-de-produits\/pieces-de-rechange\/appareils-de-chauffage\/kit-groupe-de-chauffage-numerique\/\" \/>\n<meta property=\"og:site_name\" content=\"MELFORM\" \/>\n<meta property=\"article:modified_time\" content=\"2025-01-02T16:48:29+00:00\" \/>\n<meta property=\"og:image\" content=\"https:\/\/www.melform.com\/wp-content\/uploads\/2024\/12\/K07C230I.jpg\" \/>\n\t<meta property=\"og:image:width\" content=\"2000\" \/>\n\t<meta property=\"og:image:height\" content=\"1333\" \/>\n\t<meta property=\"og:image:type\" content=\"image\/jpeg\" \/>\n<meta name=\"twitter:card\" content=\"summary_large_image\" \/>\n<script type=\"application\/ld+json\" class=\"yoast-schema-graph\">{\"@context\":\"https:\/\/schema.org\",\"@graph\":[{\"@type\":\"WebPage\",\"@id\":\"https:\/\/www.melform.com\/fr\/conteneurs-\/catalogue-de-produits\/pieces-de-rechange\/appareils-de-chauffage\/kit-groupe-de-chauffage-numerique\/\",\"url\":\"https:\/\/www.melform.com\/fr\/conteneurs-\/catalogue-de-produits\/pieces-de-rechange\/appareils-de-chauffage\/kit-groupe-de-chauffage-numerique\/\",\"name\":\"KIT GROUPE CHAUFFANT NUM\u00c9RIQUE - MELFORM\",\"isPartOf\":{\"@id\":\"https:\/\/www.melform.com\/fr\/#website\"},\"primaryImageOfPage\":{\"@id\":\"https:\/\/www.melform.com\/fr\/conteneurs-\/catalogue-de-produits\/pieces-de-rechange\/appareils-de-chauffage\/kit-groupe-de-chauffage-numerique\/#primaryimage\"},\"image\":{\"@id\":\"https:\/\/www.melform.com\/fr\/conteneurs-\/catalogue-de-produits\/pieces-de-rechange\/appareils-de-chauffage\/kit-groupe-de-chauffage-numerique\/#primaryimage\"},\"thumbnailUrl\":\"https:\/\/www.melform.com\/wp-content\/uploads\/2024\/12\/K07C230I.jpg\",\"datePublished\":\"2024-12-30T09:50:02+00:00\",\"dateModified\":\"2025-01-02T16:48:29+00:00\",\"breadcrumb\":{\"@id\":\"https:\/\/www.melform.com\/fr\/conteneurs-\/catalogue-de-produits\/pieces-de-rechange\/appareils-de-chauffage\/kit-groupe-de-chauffage-numerique\/#breadcrumb\"},\"inLanguage\":\"fr-FR\",\"potentialAction\":[{\"@type\":\"ReadAction\",\"target\":[\"https:\/\/www.melform.com\/fr\/conteneurs-\/catalogue-de-produits\/pieces-de-rechange\/appareils-de-chauffage\/kit-groupe-de-chauffage-numerique\/\"]}]},{\"@type\":\"ImageObject\",\"inLanguage\":\"fr-FR\",\"@id\":\"https:\/\/www.melform.com\/fr\/conteneurs-\/catalogue-de-produits\/pieces-de-rechange\/appareils-de-chauffage\/kit-groupe-de-chauffage-numerique\/#primaryimage\",\"url\":\"https:\/\/www.melform.com\/wp-content\/uploads\/2024\/12\/K07C230I.jpg\",\"contentUrl\":\"https:\/\/www.melform.com\/wp-content\/uploads\/2024\/12\/K07C230I.jpg\",\"width\":2000,\"height\":1333},{\"@type\":\"BreadcrumbList\",\"@id\":\"https:\/\/www.melform.com\/fr\/conteneurs-\/catalogue-de-produits\/pieces-de-rechange\/appareils-de-chauffage\/kit-groupe-de-chauffage-numerique\/#breadcrumb\",\"itemListElement\":[{\"@type\":\"ListItem\",\"position\":1,\"name\":\"Home\",\"item\":\"https:\/\/www.melform.com\/fr\/\"},{\"@type\":\"ListItem\",\"position\":2,\"name\":\"Shop\",\"item\":\"https:\/\/www.melform.com\/fr\/shop\/\"},{\"@type\":\"ListItem\",\"position\":3,\"name\":\"KIT GROUPE CHAUFFANT NUM\u00c9RIQUE\"}]},{\"@type\":\"WebSite\",\"@id\":\"https:\/\/www.melform.com\/fr\/#website\",\"url\":\"https:\/\/www.melform.com\/fr\/\",\"name\":\"MELFORM\",\"description\":\"SISTEMI PER IL TRASPORTO E STOCCAGGIO A TEMPERATURA CONTROLLATA\",\"potentialAction\":[{\"@type\":\"SearchAction\",\"target\":{\"@type\":\"EntryPoint\",\"urlTemplate\":\"https:\/\/www.melform.com\/fr\/?s={search_term_string}\"},\"query-input\":{\"@type\":\"PropertyValueSpecification\",\"valueRequired\":true,\"valueName\":\"search_term_string\"}}],\"inLanguage\":\"fr-FR\"}]}<\/script>\n<!-- \/ Yoast SEO plugin. -->","yoast_head_json":{"title":"KIT GROUPE CHAUFFANT NUM\u00c9RIQUE - MELFORM","robots":{"index":"index","follow":"follow","max-snippet":"max-snippet:-1","max-image-preview":"max-image-preview:large","max-video-preview":"max-video-preview:-1"},"canonical":"https:\/\/www.melform.com\/fr\/conteneurs-\/catalogue-de-produits\/pieces-de-rechange\/appareils-de-chauffage\/kit-groupe-de-chauffage-numerique\/","og_locale":"fr_FR","og_type":"article","og_title":"KIT GROUPE CHAUFFANT NUM\u00c9RIQUE - MELFORM","og_description":"Un kit complet pour l&#8217;installation d&#8217;un groupe chauffant num\u00e9rique, fabriqu\u00e9 en acier inoxydable pour garantir robustesse, r\u00e9sistance et durabilit\u00e9. Con\u00e7u pour fonctionner \u00e0 230V avec une puissance de 200W, il offre un contr\u00f4le pr\u00e9cis de la temp\u00e9rature et des performances thermiques excellentes, id\u00e9ales pour des applications professionnelles. Caract\u00e9ristiques principales : Mat\u00e9riau : Acier inoxydable de [&hellip;]","og_url":"https:\/\/www.melform.com\/fr\/conteneurs-\/catalogue-de-produits\/pieces-de-rechange\/appareils-de-chauffage\/kit-groupe-de-chauffage-numerique\/","og_site_name":"MELFORM","article_modified_time":"2025-01-02T16:48:29+00:00","og_image":[{"width":2000,"height":1333,"url":"https:\/\/www.melform.com\/wp-content\/uploads\/2024\/12\/K07C230I.jpg","type":"image\/jpeg"}],"twitter_card":"summary_large_image","schema":{"@context":"https:\/\/schema.org","@graph":[{"@type":"WebPage","@id":"https:\/\/www.melform.com\/fr\/conteneurs-\/catalogue-de-produits\/pieces-de-rechange\/appareils-de-chauffage\/kit-groupe-de-chauffage-numerique\/","url":"https:\/\/www.melform.com\/fr\/conteneurs-\/catalogue-de-produits\/pieces-de-rechange\/appareils-de-chauffage\/kit-groupe-de-chauffage-numerique\/","name":"KIT GROUPE CHAUFFANT NUM\u00c9RIQUE - MELFORM","isPartOf":{"@id":"https:\/\/www.melform.com\/fr\/#website"},"primaryImageOfPage":{"@id":"https:\/\/www.melform.com\/fr\/conteneurs-\/catalogue-de-produits\/pieces-de-rechange\/appareils-de-chauffage\/kit-groupe-de-chauffage-numerique\/#primaryimage"},"image":{"@id":"https:\/\/www.melform.com\/fr\/conteneurs-\/catalogue-de-produits\/pieces-de-rechange\/appareils-de-chauffage\/kit-groupe-de-chauffage-numerique\/#primaryimage"},"thumbnailUrl":"https:\/\/www.melform.com\/wp-content\/uploads\/2024\/12\/K07C230I.jpg","datePublished":"2024-12-30T09:50:02+00:00","dateModified":"2025-01-02T16:48:29+00:00","breadcrumb":{"@id":"https:\/\/www.melform.com\/fr\/conteneurs-\/catalogue-de-produits\/pieces-de-rechange\/appareils-de-chauffage\/kit-groupe-de-chauffage-numerique\/#breadcrumb"},"inLanguage":"fr-FR","potentialAction":[{"@type":"ReadAction","target":["https:\/\/www.melform.com\/fr\/conteneurs-\/catalogue-de-produits\/pieces-de-rechange\/appareils-de-chauffage\/kit-groupe-de-chauffage-numerique\/"]}]},{"@type":"ImageObject","inLanguage":"fr-FR","@id":"https:\/\/www.melform.com\/fr\/conteneurs-\/catalogue-de-produits\/pieces-de-rechange\/appareils-de-chauffage\/kit-groupe-de-chauffage-numerique\/#primaryimage","url":"https:\/\/www.melform.com\/wp-content\/uploads\/2024\/12\/K07C230I.jpg","contentUrl":"https:\/\/www.melform.com\/wp-content\/uploads\/2024\/12\/K07C230I.jpg","width":2000,"height":1333},{"@type":"BreadcrumbList","@id":"https:\/\/www.melform.com\/fr\/conteneurs-\/catalogue-de-produits\/pieces-de-rechange\/appareils-de-chauffage\/kit-groupe-de-chauffage-numerique\/#breadcrumb","itemListElement":[{"@type":"ListItem","position":1,"name":"Home","item":"https:\/\/www.melform.com\/fr\/"},{"@type":"ListItem","position":2,"name":"Shop","item":"https:\/\/www.melform.com\/fr\/shop\/"},{"@type":"ListItem","position":3,"name":"KIT GROUPE CHAUFFANT NUM\u00c9RIQUE"}]},{"@type":"WebSite","@id":"https:\/\/www.melform.com\/fr\/#website","url":"https:\/\/www.melform.com\/fr\/","name":"MELFORM","description":"SISTEMI PER IL TRASPORTO E STOCCAGGIO A TEMPERATURA CONTROLLATA","potentialAction":[{"@type":"SearchAction","target":{"@type":"EntryPoint","urlTemplate":"https:\/\/www.melform.com\/fr\/?s={search_term_string}"},"query-input":{"@type":"PropertyValueSpecification","valueRequired":true,"valueName":"search_term_string"}}],"inLanguage":"fr-FR"}]}},"_links":{"self":[{"href":"https:\/\/www.melform.com\/fr\/wp-json\/wp\/v2\/product\/15605","targetHints":{"allow":["GET"]}}],"collection":[{"href":"https:\/\/www.melform.com\/fr\/wp-json\/wp\/v2\/product"}],"about":[{"href":"https:\/\/www.melform.com\/fr\/wp-json\/wp\/v2\/types\/product"}],"wp:featuredmedia":[{"embeddable":true,"href":"https:\/\/www.melform.com\/fr\/wp-json\/wp\/v2\/media\/15260"}],"wp:attachment":[{"href":"https:\/\/www.melform.com\/fr\/wp-json\/wp\/v2\/media?parent=15605"}],"wp:term":[{"taxonomy":"product_brand","embeddable":true,"href":"https:\/\/www.melform.com\/fr\/wp-json\/wp\/v2\/product_brand?post=15605"},{"taxonomy":"product_cat","embeddable":true,"href":"https:\/\/www.melform.com\/fr\/wp-json\/wp\/v2\/product_cat?post=15605"},{"taxonomy":"product_tag","embeddable":true,"href":"https:\/\/www.melform.com\/fr\/wp-json\/wp\/v2\/product_tag?post=15605"}],"curies":[{"name":"wp","href":"https:\/\/api.w.org\/{rel}","templated":true}]}}