{"id":15614,"date":"2024-12-30T12:19:13","date_gmt":"2024-12-30T10:19:13","guid":{"rendered":"https:\/\/www.melform.com\/?post_type=product&#038;p=15614"},"modified":"2025-01-04T16:56:22","modified_gmt":"2025-01-04T14:56:22","slug":"kit-de-fermeture-a-levier-avec-rivets-plastique","status":"publish","type":"product","link":"https:\/\/www.melform.com\/fr\/conteneurs-\/catalogue-de-produits\/pieces-de-rechange\/fermetures\/kit-de-fermeture-a-levier-avec-rivets-plastique\/","title":{"rendered":"KIT DE FERMETURE \u00c0 LEVIER AVEC RIVETS"},"content":{"rendered":"Kit complet pour une fermeture s\u00e9curis\u00e9e avec syst\u00e8me \u00e0 levier, fourni avec des rivets inclus pour un montage stable et durable. Fabriqu\u00e9 en plastique de haute qualit\u00e9, con\u00e7u pour offrir l\u00e9g\u00e8ret\u00e9, r\u00e9sistance et une grande fiabilit\u00e9 dans le temps.\r\n\r\n<strong>Caract\u00e9ristiques :<\/strong>\r\n<ul>\r\n \t<li>Mat\u00e9riau : Plastique<\/li>\r\n<\/ul>\r\n<strong>Compatibilit\u00e9 du produit :<\/strong>\r\n<ul>\r\n \t<li><em>THERMAX AF140 \/ AF150 \/ AF12 \/ AL200 \/ AP100 \/ AP150 \/ AP200 \/ GN1818 \/ MALINETTE \/ Q-XTRA \/ TOPTEN \/ MAILLON \/ KOALA 20 \/ KOALA 32 \/ KOALA 50 \/ KOALA 80 \/ KOALA 90 \/ KOALA 140 \/ KOALA 150 \/ KOALA 160 \/ DRICY 60<\/em><\/li>\r\n<\/ul>\r\nId\u00e9al pour les applications n\u00e9cessitant une fermeture l\u00e9g\u00e8re et s\u00e9curis\u00e9e, garantissant une installation rapide, pr\u00e9cise et fiable, m\u00eame dans des environnements professionnels exigeants.\r\n\r\nEmballage unit\u00e9: 4","protected":false},"excerpt":{"rendered":"Kit complet pour une fermeture s\u00e9curis\u00e9e avec syst\u00e8me \u00e0 levier, fourni avec des rivets inclus pour un montage stable et durable. Fabriqu\u00e9 en plastique de haute qualit\u00e9, con\u00e7u pour offrir l\u00e9g\u00e8ret\u00e9, r\u00e9sistance et une grande fiabilit\u00e9 dans le temps. Caract\u00e9ristiques : Mat\u00e9riau : Plastique Compatibilit\u00e9 du produit : THERMAX AF140 \/ AF150 \/ AF12 \/ [&hellip;]","protected":false},"featured_media":15272,"template":"","meta":{"_acf_changed":false,"_themeisle_gutenberg_block_has_review":false},"product_brand":[],"product_cat":[920,1046],"product_tag":[],"class_list":{"0":"post-15614","1":"product","2":"type-product","3":"status-publish","4":"has-post-thumbnail","6":"product_cat-pieces-de-rechange","7":"product_cat-fermetures","9":"first","10":"instock","11":"shipping-taxable","12":"product-type-simple"},"acf":[],"yoast_head":"<!-- This site is optimized with the Yoast SEO plugin v26.4 - https:\/\/yoast.com\/wordpress\/plugins\/seo\/ -->\n<title>KIT DE FERMETURE \u00c0 LEVIER AVEC RIVETS - MELFORM<\/title>\n<meta name=\"robots\" content=\"index, follow, max-snippet:-1, max-image-preview:large, max-video-preview:-1\" \/>\n<link rel=\"canonical\" href=\"https:\/\/www.melform.com\/fr\/conteneurs-\/catalogue-de-produits\/pieces-de-rechange\/fermetures\/kit-de-fermeture-a-levier-avec-rivets-plastique\/\" \/>\n<meta property=\"og:locale\" content=\"fr_FR\" \/>\n<meta property=\"og:type\" content=\"article\" \/>\n<meta property=\"og:title\" content=\"KIT DE FERMETURE \u00c0 LEVIER AVEC RIVETS - MELFORM\" \/>\n<meta property=\"og:description\" content=\"Kit complet pour une fermeture s\u00e9curis\u00e9e avec syst\u00e8me \u00e0 levier, fourni avec des rivets inclus pour un montage stable et durable. Fabriqu\u00e9 en plastique de haute qualit\u00e9, con\u00e7u pour offrir l\u00e9g\u00e8ret\u00e9, r\u00e9sistance et une grande fiabilit\u00e9 dans le temps. Caract\u00e9ristiques : Mat\u00e9riau : Plastique Compatibilit\u00e9 du produit : THERMAX AF140 \/ AF150 \/ AF12 \/ [&hellip;]\" \/>\n<meta property=\"og:url\" content=\"https:\/\/www.melform.com\/fr\/conteneurs-\/catalogue-de-produits\/pieces-de-rechange\/fermetures\/kit-de-fermeture-a-levier-avec-rivets-plastique\/\" \/>\n<meta property=\"og:site_name\" content=\"MELFORM\" \/>\n<meta property=\"article:modified_time\" content=\"2025-01-04T14:56:22+00:00\" \/>\n<meta property=\"og:image\" content=\"https:\/\/www.melform.com\/wp-content\/uploads\/2024\/12\/RRI003.jpg\" \/>\n\t<meta property=\"og:image:width\" content=\"2000\" \/>\n\t<meta property=\"og:image:height\" content=\"1333\" \/>\n\t<meta property=\"og:image:type\" content=\"image\/jpeg\" \/>\n<meta name=\"twitter:card\" content=\"summary_large_image\" \/>\n<script type=\"application\/ld+json\" class=\"yoast-schema-graph\">{\"@context\":\"https:\/\/schema.org\",\"@graph\":[{\"@type\":\"WebPage\",\"@id\":\"https:\/\/www.melform.com\/fr\/conteneurs-\/catalogue-de-produits\/pieces-de-rechange\/fermetures\/kit-de-fermeture-a-levier-avec-rivets-plastique\/\",\"url\":\"https:\/\/www.melform.com\/fr\/conteneurs-\/catalogue-de-produits\/pieces-de-rechange\/fermetures\/kit-de-fermeture-a-levier-avec-rivets-plastique\/\",\"name\":\"KIT DE FERMETURE \u00c0 LEVIER AVEC RIVETS - MELFORM\",\"isPartOf\":{\"@id\":\"https:\/\/www.melform.com\/fr\/#website\"},\"primaryImageOfPage\":{\"@id\":\"https:\/\/www.melform.com\/fr\/conteneurs-\/catalogue-de-produits\/pieces-de-rechange\/fermetures\/kit-de-fermeture-a-levier-avec-rivets-plastique\/#primaryimage\"},\"image\":{\"@id\":\"https:\/\/www.melform.com\/fr\/conteneurs-\/catalogue-de-produits\/pieces-de-rechange\/fermetures\/kit-de-fermeture-a-levier-avec-rivets-plastique\/#primaryimage\"},\"thumbnailUrl\":\"https:\/\/www.melform.com\/wp-content\/uploads\/2024\/12\/RRI003.jpg\",\"datePublished\":\"2024-12-30T10:19:13+00:00\",\"dateModified\":\"2025-01-04T14:56:22+00:00\",\"breadcrumb\":{\"@id\":\"https:\/\/www.melform.com\/fr\/conteneurs-\/catalogue-de-produits\/pieces-de-rechange\/fermetures\/kit-de-fermeture-a-levier-avec-rivets-plastique\/#breadcrumb\"},\"inLanguage\":\"fr-FR\",\"potentialAction\":[{\"@type\":\"ReadAction\",\"target\":[\"https:\/\/www.melform.com\/fr\/conteneurs-\/catalogue-de-produits\/pieces-de-rechange\/fermetures\/kit-de-fermeture-a-levier-avec-rivets-plastique\/\"]}]},{\"@type\":\"ImageObject\",\"inLanguage\":\"fr-FR\",\"@id\":\"https:\/\/www.melform.com\/fr\/conteneurs-\/catalogue-de-produits\/pieces-de-rechange\/fermetures\/kit-de-fermeture-a-levier-avec-rivets-plastique\/#primaryimage\",\"url\":\"https:\/\/www.melform.com\/wp-content\/uploads\/2024\/12\/RRI003.jpg\",\"contentUrl\":\"https:\/\/www.melform.com\/wp-content\/uploads\/2024\/12\/RRI003.jpg\",\"width\":2000,\"height\":1333},{\"@type\":\"BreadcrumbList\",\"@id\":\"https:\/\/www.melform.com\/fr\/conteneurs-\/catalogue-de-produits\/pieces-de-rechange\/fermetures\/kit-de-fermeture-a-levier-avec-rivets-plastique\/#breadcrumb\",\"itemListElement\":[{\"@type\":\"ListItem\",\"position\":1,\"name\":\"Home\",\"item\":\"https:\/\/www.melform.com\/fr\/\"},{\"@type\":\"ListItem\",\"position\":2,\"name\":\"Shop\",\"item\":\"https:\/\/www.melform.com\/fr\/shop\/\"},{\"@type\":\"ListItem\",\"position\":3,\"name\":\"KIT DE FERMETURE \u00c0 LEVIER AVEC RIVETS\"}]},{\"@type\":\"WebSite\",\"@id\":\"https:\/\/www.melform.com\/fr\/#website\",\"url\":\"https:\/\/www.melform.com\/fr\/\",\"name\":\"MELFORM\",\"description\":\"SISTEMI PER IL TRASPORTO E STOCCAGGIO A TEMPERATURA CONTROLLATA\",\"potentialAction\":[{\"@type\":\"SearchAction\",\"target\":{\"@type\":\"EntryPoint\",\"urlTemplate\":\"https:\/\/www.melform.com\/fr\/?s={search_term_string}\"},\"query-input\":{\"@type\":\"PropertyValueSpecification\",\"valueRequired\":true,\"valueName\":\"search_term_string\"}}],\"inLanguage\":\"fr-FR\"}]}<\/script>\n<!-- \/ Yoast SEO plugin. -->","yoast_head_json":{"title":"KIT DE FERMETURE \u00c0 LEVIER AVEC RIVETS - MELFORM","robots":{"index":"index","follow":"follow","max-snippet":"max-snippet:-1","max-image-preview":"max-image-preview:large","max-video-preview":"max-video-preview:-1"},"canonical":"https:\/\/www.melform.com\/fr\/conteneurs-\/catalogue-de-produits\/pieces-de-rechange\/fermetures\/kit-de-fermeture-a-levier-avec-rivets-plastique\/","og_locale":"fr_FR","og_type":"article","og_title":"KIT DE FERMETURE \u00c0 LEVIER AVEC RIVETS - MELFORM","og_description":"Kit complet pour une fermeture s\u00e9curis\u00e9e avec syst\u00e8me \u00e0 levier, fourni avec des rivets inclus pour un montage stable et durable. Fabriqu\u00e9 en plastique de haute qualit\u00e9, con\u00e7u pour offrir l\u00e9g\u00e8ret\u00e9, r\u00e9sistance et une grande fiabilit\u00e9 dans le temps. Caract\u00e9ristiques : Mat\u00e9riau : Plastique Compatibilit\u00e9 du produit : THERMAX AF140 \/ AF150 \/ AF12 \/ [&hellip;]","og_url":"https:\/\/www.melform.com\/fr\/conteneurs-\/catalogue-de-produits\/pieces-de-rechange\/fermetures\/kit-de-fermeture-a-levier-avec-rivets-plastique\/","og_site_name":"MELFORM","article_modified_time":"2025-01-04T14:56:22+00:00","og_image":[{"width":2000,"height":1333,"url":"https:\/\/www.melform.com\/wp-content\/uploads\/2024\/12\/RRI003.jpg","type":"image\/jpeg"}],"twitter_card":"summary_large_image","schema":{"@context":"https:\/\/schema.org","@graph":[{"@type":"WebPage","@id":"https:\/\/www.melform.com\/fr\/conteneurs-\/catalogue-de-produits\/pieces-de-rechange\/fermetures\/kit-de-fermeture-a-levier-avec-rivets-plastique\/","url":"https:\/\/www.melform.com\/fr\/conteneurs-\/catalogue-de-produits\/pieces-de-rechange\/fermetures\/kit-de-fermeture-a-levier-avec-rivets-plastique\/","name":"KIT DE FERMETURE \u00c0 LEVIER AVEC RIVETS - MELFORM","isPartOf":{"@id":"https:\/\/www.melform.com\/fr\/#website"},"primaryImageOfPage":{"@id":"https:\/\/www.melform.com\/fr\/conteneurs-\/catalogue-de-produits\/pieces-de-rechange\/fermetures\/kit-de-fermeture-a-levier-avec-rivets-plastique\/#primaryimage"},"image":{"@id":"https:\/\/www.melform.com\/fr\/conteneurs-\/catalogue-de-produits\/pieces-de-rechange\/fermetures\/kit-de-fermeture-a-levier-avec-rivets-plastique\/#primaryimage"},"thumbnailUrl":"https:\/\/www.melform.com\/wp-content\/uploads\/2024\/12\/RRI003.jpg","datePublished":"2024-12-30T10:19:13+00:00","dateModified":"2025-01-04T14:56:22+00:00","breadcrumb":{"@id":"https:\/\/www.melform.com\/fr\/conteneurs-\/catalogue-de-produits\/pieces-de-rechange\/fermetures\/kit-de-fermeture-a-levier-avec-rivets-plastique\/#breadcrumb"},"inLanguage":"fr-FR","potentialAction":[{"@type":"ReadAction","target":["https:\/\/www.melform.com\/fr\/conteneurs-\/catalogue-de-produits\/pieces-de-rechange\/fermetures\/kit-de-fermeture-a-levier-avec-rivets-plastique\/"]}]},{"@type":"ImageObject","inLanguage":"fr-FR","@id":"https:\/\/www.melform.com\/fr\/conteneurs-\/catalogue-de-produits\/pieces-de-rechange\/fermetures\/kit-de-fermeture-a-levier-avec-rivets-plastique\/#primaryimage","url":"https:\/\/www.melform.com\/wp-content\/uploads\/2024\/12\/RRI003.jpg","contentUrl":"https:\/\/www.melform.com\/wp-content\/uploads\/2024\/12\/RRI003.jpg","width":2000,"height":1333},{"@type":"BreadcrumbList","@id":"https:\/\/www.melform.com\/fr\/conteneurs-\/catalogue-de-produits\/pieces-de-rechange\/fermetures\/kit-de-fermeture-a-levier-avec-rivets-plastique\/#breadcrumb","itemListElement":[{"@type":"ListItem","position":1,"name":"Home","item":"https:\/\/www.melform.com\/fr\/"},{"@type":"ListItem","position":2,"name":"Shop","item":"https:\/\/www.melform.com\/fr\/shop\/"},{"@type":"ListItem","position":3,"name":"KIT DE FERMETURE \u00c0 LEVIER AVEC RIVETS"}]},{"@type":"WebSite","@id":"https:\/\/www.melform.com\/fr\/#website","url":"https:\/\/www.melform.com\/fr\/","name":"MELFORM","description":"SISTEMI PER IL TRASPORTO E STOCCAGGIO A TEMPERATURA CONTROLLATA","potentialAction":[{"@type":"SearchAction","target":{"@type":"EntryPoint","urlTemplate":"https:\/\/www.melform.com\/fr\/?s={search_term_string}"},"query-input":{"@type":"PropertyValueSpecification","valueRequired":true,"valueName":"search_term_string"}}],"inLanguage":"fr-FR"}]}},"_links":{"self":[{"href":"https:\/\/www.melform.com\/fr\/wp-json\/wp\/v2\/product\/15614","targetHints":{"allow":["GET"]}}],"collection":[{"href":"https:\/\/www.melform.com\/fr\/wp-json\/wp\/v2\/product"}],"about":[{"href":"https:\/\/www.melform.com\/fr\/wp-json\/wp\/v2\/types\/product"}],"wp:featuredmedia":[{"embeddable":true,"href":"https:\/\/www.melform.com\/fr\/wp-json\/wp\/v2\/media\/15272"}],"wp:attachment":[{"href":"https:\/\/www.melform.com\/fr\/wp-json\/wp\/v2\/media?parent=15614"}],"wp:term":[{"taxonomy":"product_brand","embeddable":true,"href":"https:\/\/www.melform.com\/fr\/wp-json\/wp\/v2\/product_brand?post=15614"},{"taxonomy":"product_cat","embeddable":true,"href":"https:\/\/www.melform.com\/fr\/wp-json\/wp\/v2\/product_cat?post=15614"},{"taxonomy":"product_tag","embeddable":true,"href":"https:\/\/www.melform.com\/fr\/wp-json\/wp\/v2\/product_tag?post=15614"}],"curies":[{"name":"wp","href":"https:\/\/api.w.org\/{rel}","templated":true}]}}