{"id":15616,"date":"2024-12-30T12:38:31","date_gmt":"2024-12-30T10:38:31","guid":{"rendered":"https:\/\/www.melform.com\/?post_type=product&#038;p=15616"},"modified":"2025-01-04T17:13:12","modified_gmt":"2025-01-04T15:13:12","slug":"kit-crochet-de-fermeture-palette","status":"publish","type":"product","link":"https:\/\/www.melform.com\/fr\/conteneurs-\/catalogue-de-produits\/pieces-de-rechange\/fermetures\/kit-crochet-de-fermeture-palette\/","title":{"rendered":"KIT CROCHET DE FERMETURE"},"content":{"rendered":"Kit complet avec crochet de fermeture en plastique de haute qualit\u00e9, con\u00e7u pour offrir l\u00e9g\u00e8ret\u00e9, r\u00e9sistance et une performance durable. Id\u00e9al pour garantir une fermeture s\u00e9curis\u00e9e et fiable dans diverses applications, y compris en milieu professionnel.\r\n\r\n<strong>Caract\u00e9ristiques :<\/strong>\r\n<ul>\r\n \t<li>Mat\u00e9riau : Plastique<\/li>\r\n<\/ul>\r\n<strong>Compatibilit\u00e9 du produit :<\/strong>\r\n<ul>\r\n \t<li><em>THERMAX Q-XTRA \/ AF12 \/ AF140 \/ AF150 \/ AL200 \/ MALINETTE \/ GN1818 \/ MAILLON \/ AP100 \/ AP150 \/ AP200 \/ TOPTEN \/ KOALA 20 \/ KOALA 32 \/ KOALA 50 \/ KOALA 80 \/ KOALA 90 \/ KOALA 140 \/ KOALA 150 \/ KOALA 160 \/ DRICY 60<\/em><\/li>\r\n<\/ul>\r\nCon\u00e7u pour une installation simple et rapide, ce kit est la solution id\u00e9ale pour ceux qui recherchent un syst\u00e8me de fermeture l\u00e9ger, fonctionnel et durable.\r\n\r\nEmballage unit\u00e9: 4","protected":false},"excerpt":{"rendered":"Kit complet avec crochet de fermeture en plastique de haute qualit\u00e9, con\u00e7u pour offrir l\u00e9g\u00e8ret\u00e9, r\u00e9sistance et une performance durable. Id\u00e9al pour garantir une fermeture s\u00e9curis\u00e9e et fiable dans diverses applications, y compris en milieu professionnel. Caract\u00e9ristiques : Mat\u00e9riau : Plastique Compatibilit\u00e9 du produit : THERMAX Q-XTRA \/ AF12 \/ AF140 \/ AF150 \/ AL200 [&hellip;]","protected":false},"featured_media":15275,"template":"","meta":{"_acf_changed":false,"_themeisle_gutenberg_block_has_review":false},"product_brand":[],"product_cat":[920,1046],"product_tag":[],"class_list":{"0":"post-15616","1":"product","2":"type-product","3":"status-publish","4":"has-post-thumbnail","6":"product_cat-pieces-de-rechange","7":"product_cat-fermetures","9":"first","10":"instock","11":"shipping-taxable","12":"product-type-simple"},"acf":[],"yoast_head":"<!-- This site is optimized with the Yoast SEO plugin v26.4 - https:\/\/yoast.com\/wordpress\/plugins\/seo\/ -->\n<title>KIT CROCHET DE FERMETURE - MELFORM<\/title>\n<meta name=\"robots\" content=\"index, follow, max-snippet:-1, max-image-preview:large, max-video-preview:-1\" \/>\n<link rel=\"canonical\" href=\"https:\/\/www.melform.com\/fr\/conteneurs-\/catalogue-de-produits\/pieces-de-rechange\/fermetures\/kit-crochet-de-fermeture-palette\/\" \/>\n<meta property=\"og:locale\" content=\"fr_FR\" \/>\n<meta property=\"og:type\" content=\"article\" \/>\n<meta property=\"og:title\" content=\"KIT CROCHET DE FERMETURE - MELFORM\" \/>\n<meta property=\"og:description\" content=\"Kit complet avec crochet de fermeture en plastique de haute qualit\u00e9, con\u00e7u pour offrir l\u00e9g\u00e8ret\u00e9, r\u00e9sistance et une performance durable. Id\u00e9al pour garantir une fermeture s\u00e9curis\u00e9e et fiable dans diverses applications, y compris en milieu professionnel. Caract\u00e9ristiques : Mat\u00e9riau : Plastique Compatibilit\u00e9 du produit : THERMAX Q-XTRA \/ AF12 \/ AF140 \/ AF150 \/ AL200 [&hellip;]\" \/>\n<meta property=\"og:url\" content=\"https:\/\/www.melform.com\/fr\/conteneurs-\/catalogue-de-produits\/pieces-de-rechange\/fermetures\/kit-crochet-de-fermeture-palette\/\" \/>\n<meta property=\"og:site_name\" content=\"MELFORM\" \/>\n<meta property=\"article:modified_time\" content=\"2025-01-04T15:13:12+00:00\" \/>\n<meta property=\"og:image\" content=\"https:\/\/www.melform.com\/wp-content\/uploads\/2024\/12\/RRI004.jpg\" \/>\n\t<meta property=\"og:image:width\" content=\"2000\" \/>\n\t<meta property=\"og:image:height\" content=\"1333\" \/>\n\t<meta property=\"og:image:type\" content=\"image\/jpeg\" \/>\n<meta name=\"twitter:card\" content=\"summary_large_image\" \/>\n<script type=\"application\/ld+json\" class=\"yoast-schema-graph\">{\"@context\":\"https:\/\/schema.org\",\"@graph\":[{\"@type\":\"WebPage\",\"@id\":\"https:\/\/www.melform.com\/fr\/conteneurs-\/catalogue-de-produits\/pieces-de-rechange\/fermetures\/kit-crochet-de-fermeture-palette\/\",\"url\":\"https:\/\/www.melform.com\/fr\/conteneurs-\/catalogue-de-produits\/pieces-de-rechange\/fermetures\/kit-crochet-de-fermeture-palette\/\",\"name\":\"KIT CROCHET DE FERMETURE - MELFORM\",\"isPartOf\":{\"@id\":\"https:\/\/www.melform.com\/fr\/#website\"},\"primaryImageOfPage\":{\"@id\":\"https:\/\/www.melform.com\/fr\/conteneurs-\/catalogue-de-produits\/pieces-de-rechange\/fermetures\/kit-crochet-de-fermeture-palette\/#primaryimage\"},\"image\":{\"@id\":\"https:\/\/www.melform.com\/fr\/conteneurs-\/catalogue-de-produits\/pieces-de-rechange\/fermetures\/kit-crochet-de-fermeture-palette\/#primaryimage\"},\"thumbnailUrl\":\"https:\/\/www.melform.com\/wp-content\/uploads\/2024\/12\/RRI004.jpg\",\"datePublished\":\"2024-12-30T10:38:31+00:00\",\"dateModified\":\"2025-01-04T15:13:12+00:00\",\"breadcrumb\":{\"@id\":\"https:\/\/www.melform.com\/fr\/conteneurs-\/catalogue-de-produits\/pieces-de-rechange\/fermetures\/kit-crochet-de-fermeture-palette\/#breadcrumb\"},\"inLanguage\":\"fr-FR\",\"potentialAction\":[{\"@type\":\"ReadAction\",\"target\":[\"https:\/\/www.melform.com\/fr\/conteneurs-\/catalogue-de-produits\/pieces-de-rechange\/fermetures\/kit-crochet-de-fermeture-palette\/\"]}]},{\"@type\":\"ImageObject\",\"inLanguage\":\"fr-FR\",\"@id\":\"https:\/\/www.melform.com\/fr\/conteneurs-\/catalogue-de-produits\/pieces-de-rechange\/fermetures\/kit-crochet-de-fermeture-palette\/#primaryimage\",\"url\":\"https:\/\/www.melform.com\/wp-content\/uploads\/2024\/12\/RRI004.jpg\",\"contentUrl\":\"https:\/\/www.melform.com\/wp-content\/uploads\/2024\/12\/RRI004.jpg\",\"width\":2000,\"height\":1333},{\"@type\":\"BreadcrumbList\",\"@id\":\"https:\/\/www.melform.com\/fr\/conteneurs-\/catalogue-de-produits\/pieces-de-rechange\/fermetures\/kit-crochet-de-fermeture-palette\/#breadcrumb\",\"itemListElement\":[{\"@type\":\"ListItem\",\"position\":1,\"name\":\"Home\",\"item\":\"https:\/\/www.melform.com\/fr\/\"},{\"@type\":\"ListItem\",\"position\":2,\"name\":\"Shop\",\"item\":\"https:\/\/www.melform.com\/fr\/shop\/\"},{\"@type\":\"ListItem\",\"position\":3,\"name\":\"KIT CROCHET DE FERMETURE\"}]},{\"@type\":\"WebSite\",\"@id\":\"https:\/\/www.melform.com\/fr\/#website\",\"url\":\"https:\/\/www.melform.com\/fr\/\",\"name\":\"MELFORM\",\"description\":\"SISTEMI PER IL TRASPORTO E STOCCAGGIO A TEMPERATURA CONTROLLATA\",\"potentialAction\":[{\"@type\":\"SearchAction\",\"target\":{\"@type\":\"EntryPoint\",\"urlTemplate\":\"https:\/\/www.melform.com\/fr\/?s={search_term_string}\"},\"query-input\":{\"@type\":\"PropertyValueSpecification\",\"valueRequired\":true,\"valueName\":\"search_term_string\"}}],\"inLanguage\":\"fr-FR\"}]}<\/script>\n<!-- \/ Yoast SEO plugin. -->","yoast_head_json":{"title":"KIT CROCHET DE FERMETURE - MELFORM","robots":{"index":"index","follow":"follow","max-snippet":"max-snippet:-1","max-image-preview":"max-image-preview:large","max-video-preview":"max-video-preview:-1"},"canonical":"https:\/\/www.melform.com\/fr\/conteneurs-\/catalogue-de-produits\/pieces-de-rechange\/fermetures\/kit-crochet-de-fermeture-palette\/","og_locale":"fr_FR","og_type":"article","og_title":"KIT CROCHET DE FERMETURE - MELFORM","og_description":"Kit complet avec crochet de fermeture en plastique de haute qualit\u00e9, con\u00e7u pour offrir l\u00e9g\u00e8ret\u00e9, r\u00e9sistance et une performance durable. Id\u00e9al pour garantir une fermeture s\u00e9curis\u00e9e et fiable dans diverses applications, y compris en milieu professionnel. Caract\u00e9ristiques : Mat\u00e9riau : Plastique Compatibilit\u00e9 du produit : THERMAX Q-XTRA \/ AF12 \/ AF140 \/ AF150 \/ AL200 [&hellip;]","og_url":"https:\/\/www.melform.com\/fr\/conteneurs-\/catalogue-de-produits\/pieces-de-rechange\/fermetures\/kit-crochet-de-fermeture-palette\/","og_site_name":"MELFORM","article_modified_time":"2025-01-04T15:13:12+00:00","og_image":[{"width":2000,"height":1333,"url":"https:\/\/www.melform.com\/wp-content\/uploads\/2024\/12\/RRI004.jpg","type":"image\/jpeg"}],"twitter_card":"summary_large_image","schema":{"@context":"https:\/\/schema.org","@graph":[{"@type":"WebPage","@id":"https:\/\/www.melform.com\/fr\/conteneurs-\/catalogue-de-produits\/pieces-de-rechange\/fermetures\/kit-crochet-de-fermeture-palette\/","url":"https:\/\/www.melform.com\/fr\/conteneurs-\/catalogue-de-produits\/pieces-de-rechange\/fermetures\/kit-crochet-de-fermeture-palette\/","name":"KIT CROCHET DE FERMETURE - MELFORM","isPartOf":{"@id":"https:\/\/www.melform.com\/fr\/#website"},"primaryImageOfPage":{"@id":"https:\/\/www.melform.com\/fr\/conteneurs-\/catalogue-de-produits\/pieces-de-rechange\/fermetures\/kit-crochet-de-fermeture-palette\/#primaryimage"},"image":{"@id":"https:\/\/www.melform.com\/fr\/conteneurs-\/catalogue-de-produits\/pieces-de-rechange\/fermetures\/kit-crochet-de-fermeture-palette\/#primaryimage"},"thumbnailUrl":"https:\/\/www.melform.com\/wp-content\/uploads\/2024\/12\/RRI004.jpg","datePublished":"2024-12-30T10:38:31+00:00","dateModified":"2025-01-04T15:13:12+00:00","breadcrumb":{"@id":"https:\/\/www.melform.com\/fr\/conteneurs-\/catalogue-de-produits\/pieces-de-rechange\/fermetures\/kit-crochet-de-fermeture-palette\/#breadcrumb"},"inLanguage":"fr-FR","potentialAction":[{"@type":"ReadAction","target":["https:\/\/www.melform.com\/fr\/conteneurs-\/catalogue-de-produits\/pieces-de-rechange\/fermetures\/kit-crochet-de-fermeture-palette\/"]}]},{"@type":"ImageObject","inLanguage":"fr-FR","@id":"https:\/\/www.melform.com\/fr\/conteneurs-\/catalogue-de-produits\/pieces-de-rechange\/fermetures\/kit-crochet-de-fermeture-palette\/#primaryimage","url":"https:\/\/www.melform.com\/wp-content\/uploads\/2024\/12\/RRI004.jpg","contentUrl":"https:\/\/www.melform.com\/wp-content\/uploads\/2024\/12\/RRI004.jpg","width":2000,"height":1333},{"@type":"BreadcrumbList","@id":"https:\/\/www.melform.com\/fr\/conteneurs-\/catalogue-de-produits\/pieces-de-rechange\/fermetures\/kit-crochet-de-fermeture-palette\/#breadcrumb","itemListElement":[{"@type":"ListItem","position":1,"name":"Home","item":"https:\/\/www.melform.com\/fr\/"},{"@type":"ListItem","position":2,"name":"Shop","item":"https:\/\/www.melform.com\/fr\/shop\/"},{"@type":"ListItem","position":3,"name":"KIT CROCHET DE FERMETURE"}]},{"@type":"WebSite","@id":"https:\/\/www.melform.com\/fr\/#website","url":"https:\/\/www.melform.com\/fr\/","name":"MELFORM","description":"SISTEMI PER IL TRASPORTO E STOCCAGGIO A TEMPERATURA CONTROLLATA","potentialAction":[{"@type":"SearchAction","target":{"@type":"EntryPoint","urlTemplate":"https:\/\/www.melform.com\/fr\/?s={search_term_string}"},"query-input":{"@type":"PropertyValueSpecification","valueRequired":true,"valueName":"search_term_string"}}],"inLanguage":"fr-FR"}]}},"_links":{"self":[{"href":"https:\/\/www.melform.com\/fr\/wp-json\/wp\/v2\/product\/15616","targetHints":{"allow":["GET"]}}],"collection":[{"href":"https:\/\/www.melform.com\/fr\/wp-json\/wp\/v2\/product"}],"about":[{"href":"https:\/\/www.melform.com\/fr\/wp-json\/wp\/v2\/types\/product"}],"wp:featuredmedia":[{"embeddable":true,"href":"https:\/\/www.melform.com\/fr\/wp-json\/wp\/v2\/media\/15275"}],"wp:attachment":[{"href":"https:\/\/www.melform.com\/fr\/wp-json\/wp\/v2\/media?parent=15616"}],"wp:term":[{"taxonomy":"product_brand","embeddable":true,"href":"https:\/\/www.melform.com\/fr\/wp-json\/wp\/v2\/product_brand?post=15616"},{"taxonomy":"product_cat","embeddable":true,"href":"https:\/\/www.melform.com\/fr\/wp-json\/wp\/v2\/product_cat?post=15616"},{"taxonomy":"product_tag","embeddable":true,"href":"https:\/\/www.melform.com\/fr\/wp-json\/wp\/v2\/product_tag?post=15616"}],"curies":[{"name":"wp","href":"https:\/\/api.w.org\/{rel}","templated":true}]}}