{"id":15620,"date":"2024-12-30T12:44:42","date_gmt":"2024-12-30T10:44:42","guid":{"rendered":"https:\/\/www.melform.com\/?post_type=product&#038;p=15620"},"modified":"2025-01-02T17:47:09","modified_gmt":"2025-01-02T15:47:09","slug":"kit-charniere-avec-rivets","status":"publish","type":"product","link":"https:\/\/www.melform.com\/fr\/conteneurs-\/catalogue-de-produits\/pieces-de-rechange\/fermetures\/kit-charniere-avec-rivets\/","title":{"rendered":"KIT CHARNI\u00c8RE AVEC RIVETS"},"content":{"rendered":"Un kit complet pour l&#8217;installation des charni\u00e8res, avec rivets inclus, fabriqu\u00e9 en <strong>plastique r\u00e9sistant<\/strong>, id\u00e9al pour garantir l\u00e9g\u00e8ret\u00e9, praticit\u00e9 et durabilit\u00e9 \u00e0 long terme.\r\n\r\n<strong>Caract\u00e9ristiques principales :<\/strong>\r\n<ul>\r\n \t<li><strong>Mat\u00e9riau :<\/strong> Plastique de haute qualit\u00e9, r\u00e9sistant \u00e0 l&#8217;usure et con\u00e7u pour des applications fiables.<\/li>\r\n \t<li><strong>Contenu :<\/strong> Charni\u00e8res et rivets pour une installation simple et s\u00e9curis\u00e9e.<\/li>\r\n<\/ul>\r\n<strong>Compatibilit\u00e9 :<\/strong>\r\nSp\u00e9cifiquement con\u00e7u pour \u00eatre utilis\u00e9 avec les produits suivants :\r\n<ul>\r\n \t<li><strong>THERMAX :<\/strong> AF6, AF7, AF8, AF12, AF150<\/li>\r\n \t<li><strong>AL :<\/strong> AL200, AL300<\/li>\r\n \t<li><strong>KOALA :<\/strong> KOALA 90, KOALA 150<\/li>\r\n<\/ul>\r\nUn accessoire essentiel pour garantir fonctionnalit\u00e9 et fiabilit\u00e9, parfait pour des applications professionnelles et industrielles n\u00e9cessitant des solutions l\u00e9g\u00e8res mais durables.\r\n\r\n<strong>Emballage unit\u00e9: 2<\/strong>","protected":false},"excerpt":{"rendered":"Un kit complet pour l&#8217;installation des charni\u00e8res, avec rivets inclus, fabriqu\u00e9 en plastique r\u00e9sistant, id\u00e9al pour garantir l\u00e9g\u00e8ret\u00e9, praticit\u00e9 et durabilit\u00e9 \u00e0 long terme. Caract\u00e9ristiques principales : Mat\u00e9riau : Plastique de haute qualit\u00e9, r\u00e9sistant \u00e0 l&#8217;usure et con\u00e7u pour des applications fiables. Contenu : Charni\u00e8res et rivets pour une installation simple et s\u00e9curis\u00e9e. Compatibilit\u00e9 : [&hellip;]","protected":false},"featured_media":15278,"template":"","meta":{"_acf_changed":false,"_themeisle_gutenberg_block_has_review":false},"product_brand":[],"product_cat":[920,1046],"product_tag":[],"class_list":{"0":"post-15620","1":"product","2":"type-product","3":"status-publish","4":"has-post-thumbnail","6":"product_cat-pieces-de-rechange","7":"product_cat-fermetures","9":"first","10":"instock","11":"shipping-taxable","12":"product-type-simple"},"acf":[],"yoast_head":"<!-- This site is optimized with the Yoast SEO plugin v26.4 - https:\/\/yoast.com\/wordpress\/plugins\/seo\/ -->\n<title>KIT CHARNI\u00c8RE AVEC RIVETS - MELFORM<\/title>\n<meta name=\"robots\" content=\"index, follow, max-snippet:-1, max-image-preview:large, max-video-preview:-1\" \/>\n<link rel=\"canonical\" href=\"https:\/\/www.melform.com\/fr\/conteneurs-\/catalogue-de-produits\/pieces-de-rechange\/fermetures\/kit-charniere-avec-rivets\/\" \/>\n<meta property=\"og:locale\" content=\"fr_FR\" \/>\n<meta property=\"og:type\" content=\"article\" \/>\n<meta property=\"og:title\" content=\"KIT CHARNI\u00c8RE AVEC RIVETS - MELFORM\" \/>\n<meta property=\"og:description\" content=\"Un kit complet pour l&#8217;installation des charni\u00e8res, avec rivets inclus, fabriqu\u00e9 en plastique r\u00e9sistant, id\u00e9al pour garantir l\u00e9g\u00e8ret\u00e9, praticit\u00e9 et durabilit\u00e9 \u00e0 long terme. Caract\u00e9ristiques principales : Mat\u00e9riau : Plastique de haute qualit\u00e9, r\u00e9sistant \u00e0 l&#8217;usure et con\u00e7u pour des applications fiables. Contenu : Charni\u00e8res et rivets pour une installation simple et s\u00e9curis\u00e9e. Compatibilit\u00e9 : [&hellip;]\" \/>\n<meta property=\"og:url\" content=\"https:\/\/www.melform.com\/fr\/conteneurs-\/catalogue-de-produits\/pieces-de-rechange\/fermetures\/kit-charniere-avec-rivets\/\" \/>\n<meta property=\"og:site_name\" content=\"MELFORM\" \/>\n<meta property=\"article:modified_time\" content=\"2025-01-02T15:47:09+00:00\" \/>\n<meta property=\"og:image\" content=\"https:\/\/www.melform.com\/wp-content\/uploads\/2024\/12\/RRI005.jpg\" \/>\n\t<meta property=\"og:image:width\" content=\"2000\" \/>\n\t<meta property=\"og:image:height\" content=\"1333\" \/>\n\t<meta property=\"og:image:type\" content=\"image\/jpeg\" \/>\n<meta name=\"twitter:card\" content=\"summary_large_image\" \/>\n<script type=\"application\/ld+json\" class=\"yoast-schema-graph\">{\"@context\":\"https:\/\/schema.org\",\"@graph\":[{\"@type\":\"WebPage\",\"@id\":\"https:\/\/www.melform.com\/fr\/conteneurs-\/catalogue-de-produits\/pieces-de-rechange\/fermetures\/kit-charniere-avec-rivets\/\",\"url\":\"https:\/\/www.melform.com\/fr\/conteneurs-\/catalogue-de-produits\/pieces-de-rechange\/fermetures\/kit-charniere-avec-rivets\/\",\"name\":\"KIT CHARNI\u00c8RE AVEC RIVETS - MELFORM\",\"isPartOf\":{\"@id\":\"https:\/\/www.melform.com\/fr\/#website\"},\"primaryImageOfPage\":{\"@id\":\"https:\/\/www.melform.com\/fr\/conteneurs-\/catalogue-de-produits\/pieces-de-rechange\/fermetures\/kit-charniere-avec-rivets\/#primaryimage\"},\"image\":{\"@id\":\"https:\/\/www.melform.com\/fr\/conteneurs-\/catalogue-de-produits\/pieces-de-rechange\/fermetures\/kit-charniere-avec-rivets\/#primaryimage\"},\"thumbnailUrl\":\"https:\/\/www.melform.com\/wp-content\/uploads\/2024\/12\/RRI005.jpg\",\"datePublished\":\"2024-12-30T10:44:42+00:00\",\"dateModified\":\"2025-01-02T15:47:09+00:00\",\"breadcrumb\":{\"@id\":\"https:\/\/www.melform.com\/fr\/conteneurs-\/catalogue-de-produits\/pieces-de-rechange\/fermetures\/kit-charniere-avec-rivets\/#breadcrumb\"},\"inLanguage\":\"fr-FR\",\"potentialAction\":[{\"@type\":\"ReadAction\",\"target\":[\"https:\/\/www.melform.com\/fr\/conteneurs-\/catalogue-de-produits\/pieces-de-rechange\/fermetures\/kit-charniere-avec-rivets\/\"]}]},{\"@type\":\"ImageObject\",\"inLanguage\":\"fr-FR\",\"@id\":\"https:\/\/www.melform.com\/fr\/conteneurs-\/catalogue-de-produits\/pieces-de-rechange\/fermetures\/kit-charniere-avec-rivets\/#primaryimage\",\"url\":\"https:\/\/www.melform.com\/wp-content\/uploads\/2024\/12\/RRI005.jpg\",\"contentUrl\":\"https:\/\/www.melform.com\/wp-content\/uploads\/2024\/12\/RRI005.jpg\",\"width\":2000,\"height\":1333},{\"@type\":\"BreadcrumbList\",\"@id\":\"https:\/\/www.melform.com\/fr\/conteneurs-\/catalogue-de-produits\/pieces-de-rechange\/fermetures\/kit-charniere-avec-rivets\/#breadcrumb\",\"itemListElement\":[{\"@type\":\"ListItem\",\"position\":1,\"name\":\"Home\",\"item\":\"https:\/\/www.melform.com\/fr\/\"},{\"@type\":\"ListItem\",\"position\":2,\"name\":\"Shop\",\"item\":\"https:\/\/www.melform.com\/fr\/shop\/\"},{\"@type\":\"ListItem\",\"position\":3,\"name\":\"KIT CHARNI\u00c8RE AVEC RIVETS\"}]},{\"@type\":\"WebSite\",\"@id\":\"https:\/\/www.melform.com\/fr\/#website\",\"url\":\"https:\/\/www.melform.com\/fr\/\",\"name\":\"MELFORM\",\"description\":\"SISTEMI PER IL TRASPORTO E STOCCAGGIO A TEMPERATURA CONTROLLATA\",\"potentialAction\":[{\"@type\":\"SearchAction\",\"target\":{\"@type\":\"EntryPoint\",\"urlTemplate\":\"https:\/\/www.melform.com\/fr\/?s={search_term_string}\"},\"query-input\":{\"@type\":\"PropertyValueSpecification\",\"valueRequired\":true,\"valueName\":\"search_term_string\"}}],\"inLanguage\":\"fr-FR\"}]}<\/script>\n<!-- \/ Yoast SEO plugin. -->","yoast_head_json":{"title":"KIT CHARNI\u00c8RE AVEC RIVETS - MELFORM","robots":{"index":"index","follow":"follow","max-snippet":"max-snippet:-1","max-image-preview":"max-image-preview:large","max-video-preview":"max-video-preview:-1"},"canonical":"https:\/\/www.melform.com\/fr\/conteneurs-\/catalogue-de-produits\/pieces-de-rechange\/fermetures\/kit-charniere-avec-rivets\/","og_locale":"fr_FR","og_type":"article","og_title":"KIT CHARNI\u00c8RE AVEC RIVETS - MELFORM","og_description":"Un kit complet pour l&#8217;installation des charni\u00e8res, avec rivets inclus, fabriqu\u00e9 en plastique r\u00e9sistant, id\u00e9al pour garantir l\u00e9g\u00e8ret\u00e9, praticit\u00e9 et durabilit\u00e9 \u00e0 long terme. Caract\u00e9ristiques principales : Mat\u00e9riau : Plastique de haute qualit\u00e9, r\u00e9sistant \u00e0 l&#8217;usure et con\u00e7u pour des applications fiables. Contenu : Charni\u00e8res et rivets pour une installation simple et s\u00e9curis\u00e9e. Compatibilit\u00e9 : [&hellip;]","og_url":"https:\/\/www.melform.com\/fr\/conteneurs-\/catalogue-de-produits\/pieces-de-rechange\/fermetures\/kit-charniere-avec-rivets\/","og_site_name":"MELFORM","article_modified_time":"2025-01-02T15:47:09+00:00","og_image":[{"width":2000,"height":1333,"url":"https:\/\/www.melform.com\/wp-content\/uploads\/2024\/12\/RRI005.jpg","type":"image\/jpeg"}],"twitter_card":"summary_large_image","schema":{"@context":"https:\/\/schema.org","@graph":[{"@type":"WebPage","@id":"https:\/\/www.melform.com\/fr\/conteneurs-\/catalogue-de-produits\/pieces-de-rechange\/fermetures\/kit-charniere-avec-rivets\/","url":"https:\/\/www.melform.com\/fr\/conteneurs-\/catalogue-de-produits\/pieces-de-rechange\/fermetures\/kit-charniere-avec-rivets\/","name":"KIT CHARNI\u00c8RE AVEC RIVETS - MELFORM","isPartOf":{"@id":"https:\/\/www.melform.com\/fr\/#website"},"primaryImageOfPage":{"@id":"https:\/\/www.melform.com\/fr\/conteneurs-\/catalogue-de-produits\/pieces-de-rechange\/fermetures\/kit-charniere-avec-rivets\/#primaryimage"},"image":{"@id":"https:\/\/www.melform.com\/fr\/conteneurs-\/catalogue-de-produits\/pieces-de-rechange\/fermetures\/kit-charniere-avec-rivets\/#primaryimage"},"thumbnailUrl":"https:\/\/www.melform.com\/wp-content\/uploads\/2024\/12\/RRI005.jpg","datePublished":"2024-12-30T10:44:42+00:00","dateModified":"2025-01-02T15:47:09+00:00","breadcrumb":{"@id":"https:\/\/www.melform.com\/fr\/conteneurs-\/catalogue-de-produits\/pieces-de-rechange\/fermetures\/kit-charniere-avec-rivets\/#breadcrumb"},"inLanguage":"fr-FR","potentialAction":[{"@type":"ReadAction","target":["https:\/\/www.melform.com\/fr\/conteneurs-\/catalogue-de-produits\/pieces-de-rechange\/fermetures\/kit-charniere-avec-rivets\/"]}]},{"@type":"ImageObject","inLanguage":"fr-FR","@id":"https:\/\/www.melform.com\/fr\/conteneurs-\/catalogue-de-produits\/pieces-de-rechange\/fermetures\/kit-charniere-avec-rivets\/#primaryimage","url":"https:\/\/www.melform.com\/wp-content\/uploads\/2024\/12\/RRI005.jpg","contentUrl":"https:\/\/www.melform.com\/wp-content\/uploads\/2024\/12\/RRI005.jpg","width":2000,"height":1333},{"@type":"BreadcrumbList","@id":"https:\/\/www.melform.com\/fr\/conteneurs-\/catalogue-de-produits\/pieces-de-rechange\/fermetures\/kit-charniere-avec-rivets\/#breadcrumb","itemListElement":[{"@type":"ListItem","position":1,"name":"Home","item":"https:\/\/www.melform.com\/fr\/"},{"@type":"ListItem","position":2,"name":"Shop","item":"https:\/\/www.melform.com\/fr\/shop\/"},{"@type":"ListItem","position":3,"name":"KIT CHARNI\u00c8RE AVEC RIVETS"}]},{"@type":"WebSite","@id":"https:\/\/www.melform.com\/fr\/#website","url":"https:\/\/www.melform.com\/fr\/","name":"MELFORM","description":"SISTEMI PER IL TRASPORTO E STOCCAGGIO A TEMPERATURA CONTROLLATA","potentialAction":[{"@type":"SearchAction","target":{"@type":"EntryPoint","urlTemplate":"https:\/\/www.melform.com\/fr\/?s={search_term_string}"},"query-input":{"@type":"PropertyValueSpecification","valueRequired":true,"valueName":"search_term_string"}}],"inLanguage":"fr-FR"}]}},"_links":{"self":[{"href":"https:\/\/www.melform.com\/fr\/wp-json\/wp\/v2\/product\/15620","targetHints":{"allow":["GET"]}}],"collection":[{"href":"https:\/\/www.melform.com\/fr\/wp-json\/wp\/v2\/product"}],"about":[{"href":"https:\/\/www.melform.com\/fr\/wp-json\/wp\/v2\/types\/product"}],"wp:featuredmedia":[{"embeddable":true,"href":"https:\/\/www.melform.com\/fr\/wp-json\/wp\/v2\/media\/15278"}],"wp:attachment":[{"href":"https:\/\/www.melform.com\/fr\/wp-json\/wp\/v2\/media?parent=15620"}],"wp:term":[{"taxonomy":"product_brand","embeddable":true,"href":"https:\/\/www.melform.com\/fr\/wp-json\/wp\/v2\/product_brand?post=15620"},{"taxonomy":"product_cat","embeddable":true,"href":"https:\/\/www.melform.com\/fr\/wp-json\/wp\/v2\/product_cat?post=15620"},{"taxonomy":"product_tag","embeddable":true,"href":"https:\/\/www.melform.com\/fr\/wp-json\/wp\/v2\/product_tag?post=15620"}],"curies":[{"name":"wp","href":"https:\/\/api.w.org\/{rel}","templated":true}]}}