{"id":15627,"date":"2024-12-30T14:24:16","date_gmt":"2024-12-30T12:24:16","guid":{"rendered":"https:\/\/www.melform.com\/contenitori-isotermici-e-refrigerati\/non%20class\u00e9\/kit-poignee\/"},"modified":"2025-01-04T17:23:57","modified_gmt":"2025-01-04T15:23:57","slug":"kit-poignee","status":"publish","type":"product","link":"https:\/\/www.melform.com\/fr\/conteneurs-\/catalogue-de-produits\/pieces-de-rechange\/fermetures\/kit-poignee\/","title":{"rendered":"KIT DE POIGN\u00c9E"},"content":{"rendered":"Kit complet avec une poign\u00e9e en acier inoxydable de haute qualit\u00e9, con\u00e7ue pour offrir une r\u00e9sistance \u00e0 la corrosion, une grande robustesse et une durabilit\u00e9 prolong\u00e9e. Id\u00e9ale pour garantir une prise ergonomique et s\u00e9curis\u00e9e, m\u00eame dans des conditions d&#8217;utilisation intensive.\r\n\r\n<strong>Caract\u00e9ristiques :<\/strong>\r\n<ul>\r\n \t<li>Mat\u00e9riau : Acier Inoxydable<\/li>\r\n<\/ul>\r\n<strong>Compatibilit\u00e9 du produit :<\/strong>\r\n<ul>\r\n \t<li><em>CARGO 500 \/ CARGO 550 \/ CARGO 900 \/ CARGO 1100<\/em><\/li>\r\n<\/ul>\r\nLa solution parfaite pour am\u00e9liorer la fonctionnalit\u00e9 et la praticit\u00e9 des op\u00e9rations d&#8217;ouverture et de fermeture, offrant fiabilit\u00e9 et performances \u00e9lev\u00e9es dans les environnements professionnels.\r\n\r\nEmballage unit\u00e9: 1","protected":false},"excerpt":{"rendered":"Kit complet avec une poign\u00e9e en acier inoxydable de haute qualit\u00e9, con\u00e7ue pour offrir une r\u00e9sistance \u00e0 la corrosion, une grande robustesse et une durabilit\u00e9 prolong\u00e9e. Id\u00e9ale pour garantir une prise ergonomique et s\u00e9curis\u00e9e, m\u00eame dans des conditions d&#8217;utilisation intensive. Caract\u00e9ristiques : Mat\u00e9riau : Acier Inoxydable Compatibilit\u00e9 du produit : CARGO 500 \/ CARGO 550 [&hellip;]","protected":false},"featured_media":15326,"template":"","meta":{"_acf_changed":false,"_themeisle_gutenberg_block_has_review":false},"product_brand":[],"product_cat":[920,1046],"product_tag":[],"class_list":{"0":"post-15627","1":"product","2":"type-product","3":"status-publish","4":"has-post-thumbnail","6":"product_cat-pieces-de-rechange","7":"product_cat-fermetures","9":"first","10":"instock","11":"shipping-taxable","12":"product-type-simple"},"acf":[],"yoast_head":"<!-- This site is optimized with the Yoast SEO plugin v26.4 - https:\/\/yoast.com\/wordpress\/plugins\/seo\/ -->\n<title>KIT DE POIGN\u00c9E - MELFORM<\/title>\n<meta name=\"robots\" content=\"index, follow, max-snippet:-1, max-image-preview:large, max-video-preview:-1\" \/>\n<link rel=\"canonical\" href=\"https:\/\/www.melform.com\/fr\/conteneurs-\/catalogue-de-produits\/pieces-de-rechange\/fermetures\/kit-poignee\/\" \/>\n<meta property=\"og:locale\" content=\"fr_FR\" \/>\n<meta property=\"og:type\" content=\"article\" \/>\n<meta property=\"og:title\" content=\"KIT DE POIGN\u00c9E - MELFORM\" \/>\n<meta property=\"og:description\" content=\"Kit complet avec une poign\u00e9e en acier inoxydable de haute qualit\u00e9, con\u00e7ue pour offrir une r\u00e9sistance \u00e0 la corrosion, une grande robustesse et une durabilit\u00e9 prolong\u00e9e. Id\u00e9ale pour garantir une prise ergonomique et s\u00e9curis\u00e9e, m\u00eame dans des conditions d&#8217;utilisation intensive. Caract\u00e9ristiques : Mat\u00e9riau : Acier Inoxydable Compatibilit\u00e9 du produit : CARGO 500 \/ CARGO 550 [&hellip;]\" \/>\n<meta property=\"og:url\" content=\"https:\/\/www.melform.com\/fr\/conteneurs-\/catalogue-de-produits\/pieces-de-rechange\/fermetures\/kit-poignee\/\" \/>\n<meta property=\"og:site_name\" content=\"MELFORM\" \/>\n<meta property=\"article:modified_time\" content=\"2025-01-04T15:23:57+00:00\" \/>\n<meta property=\"og:image\" content=\"https:\/\/www.melform.com\/wp-content\/uploads\/2024\/12\/RRI041.jpg\" \/>\n\t<meta property=\"og:image:width\" content=\"2000\" \/>\n\t<meta property=\"og:image:height\" content=\"1333\" \/>\n\t<meta property=\"og:image:type\" content=\"image\/jpeg\" \/>\n<meta name=\"twitter:card\" content=\"summary_large_image\" \/>\n<script type=\"application\/ld+json\" class=\"yoast-schema-graph\">{\"@context\":\"https:\/\/schema.org\",\"@graph\":[{\"@type\":\"WebPage\",\"@id\":\"https:\/\/www.melform.com\/fr\/conteneurs-\/catalogue-de-produits\/pieces-de-rechange\/fermetures\/kit-poignee\/\",\"url\":\"https:\/\/www.melform.com\/fr\/conteneurs-\/catalogue-de-produits\/pieces-de-rechange\/fermetures\/kit-poignee\/\",\"name\":\"KIT DE POIGN\u00c9E - MELFORM\",\"isPartOf\":{\"@id\":\"https:\/\/www.melform.com\/fr\/#website\"},\"primaryImageOfPage\":{\"@id\":\"https:\/\/www.melform.com\/fr\/conteneurs-\/catalogue-de-produits\/pieces-de-rechange\/fermetures\/kit-poignee\/#primaryimage\"},\"image\":{\"@id\":\"https:\/\/www.melform.com\/fr\/conteneurs-\/catalogue-de-produits\/pieces-de-rechange\/fermetures\/kit-poignee\/#primaryimage\"},\"thumbnailUrl\":\"https:\/\/www.melform.com\/wp-content\/uploads\/2024\/12\/RRI041.jpg\",\"datePublished\":\"2024-12-30T12:24:16+00:00\",\"dateModified\":\"2025-01-04T15:23:57+00:00\",\"breadcrumb\":{\"@id\":\"https:\/\/www.melform.com\/fr\/conteneurs-\/catalogue-de-produits\/pieces-de-rechange\/fermetures\/kit-poignee\/#breadcrumb\"},\"inLanguage\":\"fr-FR\",\"potentialAction\":[{\"@type\":\"ReadAction\",\"target\":[\"https:\/\/www.melform.com\/fr\/conteneurs-\/catalogue-de-produits\/pieces-de-rechange\/fermetures\/kit-poignee\/\"]}]},{\"@type\":\"ImageObject\",\"inLanguage\":\"fr-FR\",\"@id\":\"https:\/\/www.melform.com\/fr\/conteneurs-\/catalogue-de-produits\/pieces-de-rechange\/fermetures\/kit-poignee\/#primaryimage\",\"url\":\"https:\/\/www.melform.com\/wp-content\/uploads\/2024\/12\/RRI041.jpg\",\"contentUrl\":\"https:\/\/www.melform.com\/wp-content\/uploads\/2024\/12\/RRI041.jpg\",\"width\":2000,\"height\":1333},{\"@type\":\"BreadcrumbList\",\"@id\":\"https:\/\/www.melform.com\/fr\/conteneurs-\/catalogue-de-produits\/pieces-de-rechange\/fermetures\/kit-poignee\/#breadcrumb\",\"itemListElement\":[{\"@type\":\"ListItem\",\"position\":1,\"name\":\"Home\",\"item\":\"https:\/\/www.melform.com\/fr\/\"},{\"@type\":\"ListItem\",\"position\":2,\"name\":\"Shop\",\"item\":\"https:\/\/www.melform.com\/fr\/shop\/\"},{\"@type\":\"ListItem\",\"position\":3,\"name\":\"KIT DE POIGN\u00c9E\"}]},{\"@type\":\"WebSite\",\"@id\":\"https:\/\/www.melform.com\/fr\/#website\",\"url\":\"https:\/\/www.melform.com\/fr\/\",\"name\":\"MELFORM\",\"description\":\"SISTEMI PER IL TRASPORTO E STOCCAGGIO A TEMPERATURA CONTROLLATA\",\"potentialAction\":[{\"@type\":\"SearchAction\",\"target\":{\"@type\":\"EntryPoint\",\"urlTemplate\":\"https:\/\/www.melform.com\/fr\/?s={search_term_string}\"},\"query-input\":{\"@type\":\"PropertyValueSpecification\",\"valueRequired\":true,\"valueName\":\"search_term_string\"}}],\"inLanguage\":\"fr-FR\"}]}<\/script>\n<!-- \/ Yoast SEO plugin. -->","yoast_head_json":{"title":"KIT DE POIGN\u00c9E - MELFORM","robots":{"index":"index","follow":"follow","max-snippet":"max-snippet:-1","max-image-preview":"max-image-preview:large","max-video-preview":"max-video-preview:-1"},"canonical":"https:\/\/www.melform.com\/fr\/conteneurs-\/catalogue-de-produits\/pieces-de-rechange\/fermetures\/kit-poignee\/","og_locale":"fr_FR","og_type":"article","og_title":"KIT DE POIGN\u00c9E - MELFORM","og_description":"Kit complet avec une poign\u00e9e en acier inoxydable de haute qualit\u00e9, con\u00e7ue pour offrir une r\u00e9sistance \u00e0 la corrosion, une grande robustesse et une durabilit\u00e9 prolong\u00e9e. Id\u00e9ale pour garantir une prise ergonomique et s\u00e9curis\u00e9e, m\u00eame dans des conditions d&#8217;utilisation intensive. Caract\u00e9ristiques : Mat\u00e9riau : Acier Inoxydable Compatibilit\u00e9 du produit : CARGO 500 \/ CARGO 550 [&hellip;]","og_url":"https:\/\/www.melform.com\/fr\/conteneurs-\/catalogue-de-produits\/pieces-de-rechange\/fermetures\/kit-poignee\/","og_site_name":"MELFORM","article_modified_time":"2025-01-04T15:23:57+00:00","og_image":[{"width":2000,"height":1333,"url":"https:\/\/www.melform.com\/wp-content\/uploads\/2024\/12\/RRI041.jpg","type":"image\/jpeg"}],"twitter_card":"summary_large_image","schema":{"@context":"https:\/\/schema.org","@graph":[{"@type":"WebPage","@id":"https:\/\/www.melform.com\/fr\/conteneurs-\/catalogue-de-produits\/pieces-de-rechange\/fermetures\/kit-poignee\/","url":"https:\/\/www.melform.com\/fr\/conteneurs-\/catalogue-de-produits\/pieces-de-rechange\/fermetures\/kit-poignee\/","name":"KIT DE POIGN\u00c9E - MELFORM","isPartOf":{"@id":"https:\/\/www.melform.com\/fr\/#website"},"primaryImageOfPage":{"@id":"https:\/\/www.melform.com\/fr\/conteneurs-\/catalogue-de-produits\/pieces-de-rechange\/fermetures\/kit-poignee\/#primaryimage"},"image":{"@id":"https:\/\/www.melform.com\/fr\/conteneurs-\/catalogue-de-produits\/pieces-de-rechange\/fermetures\/kit-poignee\/#primaryimage"},"thumbnailUrl":"https:\/\/www.melform.com\/wp-content\/uploads\/2024\/12\/RRI041.jpg","datePublished":"2024-12-30T12:24:16+00:00","dateModified":"2025-01-04T15:23:57+00:00","breadcrumb":{"@id":"https:\/\/www.melform.com\/fr\/conteneurs-\/catalogue-de-produits\/pieces-de-rechange\/fermetures\/kit-poignee\/#breadcrumb"},"inLanguage":"fr-FR","potentialAction":[{"@type":"ReadAction","target":["https:\/\/www.melform.com\/fr\/conteneurs-\/catalogue-de-produits\/pieces-de-rechange\/fermetures\/kit-poignee\/"]}]},{"@type":"ImageObject","inLanguage":"fr-FR","@id":"https:\/\/www.melform.com\/fr\/conteneurs-\/catalogue-de-produits\/pieces-de-rechange\/fermetures\/kit-poignee\/#primaryimage","url":"https:\/\/www.melform.com\/wp-content\/uploads\/2024\/12\/RRI041.jpg","contentUrl":"https:\/\/www.melform.com\/wp-content\/uploads\/2024\/12\/RRI041.jpg","width":2000,"height":1333},{"@type":"BreadcrumbList","@id":"https:\/\/www.melform.com\/fr\/conteneurs-\/catalogue-de-produits\/pieces-de-rechange\/fermetures\/kit-poignee\/#breadcrumb","itemListElement":[{"@type":"ListItem","position":1,"name":"Home","item":"https:\/\/www.melform.com\/fr\/"},{"@type":"ListItem","position":2,"name":"Shop","item":"https:\/\/www.melform.com\/fr\/shop\/"},{"@type":"ListItem","position":3,"name":"KIT DE POIGN\u00c9E"}]},{"@type":"WebSite","@id":"https:\/\/www.melform.com\/fr\/#website","url":"https:\/\/www.melform.com\/fr\/","name":"MELFORM","description":"SISTEMI PER IL TRASPORTO E STOCCAGGIO A TEMPERATURA CONTROLLATA","potentialAction":[{"@type":"SearchAction","target":{"@type":"EntryPoint","urlTemplate":"https:\/\/www.melform.com\/fr\/?s={search_term_string}"},"query-input":{"@type":"PropertyValueSpecification","valueRequired":true,"valueName":"search_term_string"}}],"inLanguage":"fr-FR"}]}},"_links":{"self":[{"href":"https:\/\/www.melform.com\/fr\/wp-json\/wp\/v2\/product\/15627","targetHints":{"allow":["GET"]}}],"collection":[{"href":"https:\/\/www.melform.com\/fr\/wp-json\/wp\/v2\/product"}],"about":[{"href":"https:\/\/www.melform.com\/fr\/wp-json\/wp\/v2\/types\/product"}],"wp:featuredmedia":[{"embeddable":true,"href":"https:\/\/www.melform.com\/fr\/wp-json\/wp\/v2\/media\/15326"}],"wp:attachment":[{"href":"https:\/\/www.melform.com\/fr\/wp-json\/wp\/v2\/media?parent=15627"}],"wp:term":[{"taxonomy":"product_brand","embeddable":true,"href":"https:\/\/www.melform.com\/fr\/wp-json\/wp\/v2\/product_brand?post=15627"},{"taxonomy":"product_cat","embeddable":true,"href":"https:\/\/www.melform.com\/fr\/wp-json\/wp\/v2\/product_cat?post=15627"},{"taxonomy":"product_tag","embeddable":true,"href":"https:\/\/www.melform.com\/fr\/wp-json\/wp\/v2\/product_tag?post=15627"}],"curies":[{"name":"wp","href":"https:\/\/api.w.org\/{rel}","templated":true}]}}