{"id":15630,"date":"2024-12-30T14:29:51","date_gmt":"2024-12-30T12:29:51","guid":{"rendered":"https:\/\/www.melform.com\/?post_type=product&#038;p=15630"},"modified":"2025-01-02T17:35:33","modified_gmt":"2025-01-02T15:35:33","slug":"kit-de-verrouillage-de-poignee","status":"publish","type":"product","link":"https:\/\/www.melform.com\/fr\/conteneurs-\/catalogue-de-produits\/pieces-de-rechange\/fermetures\/kit-de-verrouillage-de-poignee\/","title":{"rendered":"KIT DE VERROUILLAGE DE POIGN\u00c9E"},"content":{"rendered":"Un kit de fixation con\u00e7u pour verrouiller solidement la poign\u00e9e, fabriqu\u00e9 enti\u00e8rement en <strong>acier inoxydable<\/strong>, garantissant durabilit\u00e9, r\u00e9sistance \u00e0 la corrosion et performances fiables dans le temps.\r\n\r\n<strong>Caract\u00e9ristiques principales :<\/strong>\r\n<ul>\r\n \t<li><strong>Mat\u00e9riau :<\/strong> Acier inoxydable de haute qualit\u00e9, r\u00e9sistant aux intemp\u00e9ries et \u00e0 l\u2019usure.<\/li>\r\n \t<li><strong>Fonctionnalit\u00e9 :<\/strong> Permet un verrouillage s\u00fbr et stable de la poign\u00e9e, am\u00e9liorant la s\u00e9curit\u00e9 et la facilit\u00e9 d\u2019utilisation.<\/li>\r\n<\/ul>\r\n<strong>Compatibilit\u00e9 :<\/strong>\r\nSp\u00e9cifiquement con\u00e7u pour \u00eatre utilis\u00e9 avec le produit <strong>CARGO 900<\/strong>, assurant une parfaite int\u00e9gration et une installation facile.\r\n\r\nUn accessoire indispensable pour garantir l\u2019efficacit\u00e9 et la fiabilit\u00e9 dans les applications professionnelles et industrielles.\r\n\r\n<strong>Emballage unit\u00e9: 1<\/strong>","protected":false},"excerpt":{"rendered":"Un kit de fixation con\u00e7u pour verrouiller solidement la poign\u00e9e, fabriqu\u00e9 enti\u00e8rement en acier inoxydable, garantissant durabilit\u00e9, r\u00e9sistance \u00e0 la corrosion et performances fiables dans le temps. Caract\u00e9ristiques principales : Mat\u00e9riau : Acier inoxydable de haute qualit\u00e9, r\u00e9sistant aux intemp\u00e9ries et \u00e0 l\u2019usure. Fonctionnalit\u00e9 : Permet un verrouillage s\u00fbr et stable de la poign\u00e9e, am\u00e9liorant [&hellip;]","protected":false},"featured_media":15329,"template":"","meta":{"_acf_changed":false,"_themeisle_gutenberg_block_has_review":false},"product_brand":[],"product_cat":[920,1046],"product_tag":[],"class_list":{"0":"post-15630","1":"product","2":"type-product","3":"status-publish","4":"has-post-thumbnail","6":"product_cat-pieces-de-rechange","7":"product_cat-fermetures","9":"first","10":"instock","11":"shipping-taxable","12":"product-type-simple"},"acf":[],"yoast_head":"<!-- This site is optimized with the Yoast SEO plugin v26.4 - https:\/\/yoast.com\/wordpress\/plugins\/seo\/ -->\n<title>KIT DE VERROUILLAGE DE POIGN\u00c9E - MELFORM<\/title>\n<meta name=\"robots\" content=\"index, follow, max-snippet:-1, max-image-preview:large, max-video-preview:-1\" \/>\n<link rel=\"canonical\" href=\"https:\/\/www.melform.com\/fr\/conteneurs-\/catalogue-de-produits\/pieces-de-rechange\/fermetures\/kit-de-verrouillage-de-poignee\/\" \/>\n<meta property=\"og:locale\" content=\"fr_FR\" \/>\n<meta property=\"og:type\" content=\"article\" \/>\n<meta property=\"og:title\" content=\"KIT DE VERROUILLAGE DE POIGN\u00c9E - MELFORM\" \/>\n<meta property=\"og:description\" content=\"Un kit de fixation con\u00e7u pour verrouiller solidement la poign\u00e9e, fabriqu\u00e9 enti\u00e8rement en acier inoxydable, garantissant durabilit\u00e9, r\u00e9sistance \u00e0 la corrosion et performances fiables dans le temps. Caract\u00e9ristiques principales : Mat\u00e9riau : Acier inoxydable de haute qualit\u00e9, r\u00e9sistant aux intemp\u00e9ries et \u00e0 l\u2019usure. Fonctionnalit\u00e9 : Permet un verrouillage s\u00fbr et stable de la poign\u00e9e, am\u00e9liorant [&hellip;]\" \/>\n<meta property=\"og:url\" content=\"https:\/\/www.melform.com\/fr\/conteneurs-\/catalogue-de-produits\/pieces-de-rechange\/fermetures\/kit-de-verrouillage-de-poignee\/\" \/>\n<meta property=\"og:site_name\" content=\"MELFORM\" \/>\n<meta property=\"article:modified_time\" content=\"2025-01-02T15:35:33+00:00\" \/>\n<meta property=\"og:image\" content=\"https:\/\/www.melform.com\/wp-content\/uploads\/2024\/12\/RRI044.jpg\" \/>\n\t<meta property=\"og:image:width\" content=\"2000\" \/>\n\t<meta property=\"og:image:height\" content=\"1333\" \/>\n\t<meta property=\"og:image:type\" content=\"image\/jpeg\" \/>\n<meta name=\"twitter:card\" content=\"summary_large_image\" \/>\n<script type=\"application\/ld+json\" class=\"yoast-schema-graph\">{\"@context\":\"https:\/\/schema.org\",\"@graph\":[{\"@type\":\"WebPage\",\"@id\":\"https:\/\/www.melform.com\/fr\/conteneurs-\/catalogue-de-produits\/pieces-de-rechange\/fermetures\/kit-de-verrouillage-de-poignee\/\",\"url\":\"https:\/\/www.melform.com\/fr\/conteneurs-\/catalogue-de-produits\/pieces-de-rechange\/fermetures\/kit-de-verrouillage-de-poignee\/\",\"name\":\"KIT DE VERROUILLAGE DE POIGN\u00c9E - MELFORM\",\"isPartOf\":{\"@id\":\"https:\/\/www.melform.com\/fr\/#website\"},\"primaryImageOfPage\":{\"@id\":\"https:\/\/www.melform.com\/fr\/conteneurs-\/catalogue-de-produits\/pieces-de-rechange\/fermetures\/kit-de-verrouillage-de-poignee\/#primaryimage\"},\"image\":{\"@id\":\"https:\/\/www.melform.com\/fr\/conteneurs-\/catalogue-de-produits\/pieces-de-rechange\/fermetures\/kit-de-verrouillage-de-poignee\/#primaryimage\"},\"thumbnailUrl\":\"https:\/\/www.melform.com\/wp-content\/uploads\/2024\/12\/RRI044.jpg\",\"datePublished\":\"2024-12-30T12:29:51+00:00\",\"dateModified\":\"2025-01-02T15:35:33+00:00\",\"breadcrumb\":{\"@id\":\"https:\/\/www.melform.com\/fr\/conteneurs-\/catalogue-de-produits\/pieces-de-rechange\/fermetures\/kit-de-verrouillage-de-poignee\/#breadcrumb\"},\"inLanguage\":\"fr-FR\",\"potentialAction\":[{\"@type\":\"ReadAction\",\"target\":[\"https:\/\/www.melform.com\/fr\/conteneurs-\/catalogue-de-produits\/pieces-de-rechange\/fermetures\/kit-de-verrouillage-de-poignee\/\"]}]},{\"@type\":\"ImageObject\",\"inLanguage\":\"fr-FR\",\"@id\":\"https:\/\/www.melform.com\/fr\/conteneurs-\/catalogue-de-produits\/pieces-de-rechange\/fermetures\/kit-de-verrouillage-de-poignee\/#primaryimage\",\"url\":\"https:\/\/www.melform.com\/wp-content\/uploads\/2024\/12\/RRI044.jpg\",\"contentUrl\":\"https:\/\/www.melform.com\/wp-content\/uploads\/2024\/12\/RRI044.jpg\",\"width\":2000,\"height\":1333},{\"@type\":\"BreadcrumbList\",\"@id\":\"https:\/\/www.melform.com\/fr\/conteneurs-\/catalogue-de-produits\/pieces-de-rechange\/fermetures\/kit-de-verrouillage-de-poignee\/#breadcrumb\",\"itemListElement\":[{\"@type\":\"ListItem\",\"position\":1,\"name\":\"Home\",\"item\":\"https:\/\/www.melform.com\/fr\/\"},{\"@type\":\"ListItem\",\"position\":2,\"name\":\"Shop\",\"item\":\"https:\/\/www.melform.com\/fr\/shop\/\"},{\"@type\":\"ListItem\",\"position\":3,\"name\":\"KIT DE VERROUILLAGE DE POIGN\u00c9E\"}]},{\"@type\":\"WebSite\",\"@id\":\"https:\/\/www.melform.com\/fr\/#website\",\"url\":\"https:\/\/www.melform.com\/fr\/\",\"name\":\"MELFORM\",\"description\":\"SISTEMI PER IL TRASPORTO E STOCCAGGIO A TEMPERATURA CONTROLLATA\",\"potentialAction\":[{\"@type\":\"SearchAction\",\"target\":{\"@type\":\"EntryPoint\",\"urlTemplate\":\"https:\/\/www.melform.com\/fr\/?s={search_term_string}\"},\"query-input\":{\"@type\":\"PropertyValueSpecification\",\"valueRequired\":true,\"valueName\":\"search_term_string\"}}],\"inLanguage\":\"fr-FR\"}]}<\/script>\n<!-- \/ Yoast SEO plugin. -->","yoast_head_json":{"title":"KIT DE VERROUILLAGE DE POIGN\u00c9E - MELFORM","robots":{"index":"index","follow":"follow","max-snippet":"max-snippet:-1","max-image-preview":"max-image-preview:large","max-video-preview":"max-video-preview:-1"},"canonical":"https:\/\/www.melform.com\/fr\/conteneurs-\/catalogue-de-produits\/pieces-de-rechange\/fermetures\/kit-de-verrouillage-de-poignee\/","og_locale":"fr_FR","og_type":"article","og_title":"KIT DE VERROUILLAGE DE POIGN\u00c9E - MELFORM","og_description":"Un kit de fixation con\u00e7u pour verrouiller solidement la poign\u00e9e, fabriqu\u00e9 enti\u00e8rement en acier inoxydable, garantissant durabilit\u00e9, r\u00e9sistance \u00e0 la corrosion et performances fiables dans le temps. Caract\u00e9ristiques principales : Mat\u00e9riau : Acier inoxydable de haute qualit\u00e9, r\u00e9sistant aux intemp\u00e9ries et \u00e0 l\u2019usure. Fonctionnalit\u00e9 : Permet un verrouillage s\u00fbr et stable de la poign\u00e9e, am\u00e9liorant [&hellip;]","og_url":"https:\/\/www.melform.com\/fr\/conteneurs-\/catalogue-de-produits\/pieces-de-rechange\/fermetures\/kit-de-verrouillage-de-poignee\/","og_site_name":"MELFORM","article_modified_time":"2025-01-02T15:35:33+00:00","og_image":[{"width":2000,"height":1333,"url":"https:\/\/www.melform.com\/wp-content\/uploads\/2024\/12\/RRI044.jpg","type":"image\/jpeg"}],"twitter_card":"summary_large_image","schema":{"@context":"https:\/\/schema.org","@graph":[{"@type":"WebPage","@id":"https:\/\/www.melform.com\/fr\/conteneurs-\/catalogue-de-produits\/pieces-de-rechange\/fermetures\/kit-de-verrouillage-de-poignee\/","url":"https:\/\/www.melform.com\/fr\/conteneurs-\/catalogue-de-produits\/pieces-de-rechange\/fermetures\/kit-de-verrouillage-de-poignee\/","name":"KIT DE VERROUILLAGE DE POIGN\u00c9E - MELFORM","isPartOf":{"@id":"https:\/\/www.melform.com\/fr\/#website"},"primaryImageOfPage":{"@id":"https:\/\/www.melform.com\/fr\/conteneurs-\/catalogue-de-produits\/pieces-de-rechange\/fermetures\/kit-de-verrouillage-de-poignee\/#primaryimage"},"image":{"@id":"https:\/\/www.melform.com\/fr\/conteneurs-\/catalogue-de-produits\/pieces-de-rechange\/fermetures\/kit-de-verrouillage-de-poignee\/#primaryimage"},"thumbnailUrl":"https:\/\/www.melform.com\/wp-content\/uploads\/2024\/12\/RRI044.jpg","datePublished":"2024-12-30T12:29:51+00:00","dateModified":"2025-01-02T15:35:33+00:00","breadcrumb":{"@id":"https:\/\/www.melform.com\/fr\/conteneurs-\/catalogue-de-produits\/pieces-de-rechange\/fermetures\/kit-de-verrouillage-de-poignee\/#breadcrumb"},"inLanguage":"fr-FR","potentialAction":[{"@type":"ReadAction","target":["https:\/\/www.melform.com\/fr\/conteneurs-\/catalogue-de-produits\/pieces-de-rechange\/fermetures\/kit-de-verrouillage-de-poignee\/"]}]},{"@type":"ImageObject","inLanguage":"fr-FR","@id":"https:\/\/www.melform.com\/fr\/conteneurs-\/catalogue-de-produits\/pieces-de-rechange\/fermetures\/kit-de-verrouillage-de-poignee\/#primaryimage","url":"https:\/\/www.melform.com\/wp-content\/uploads\/2024\/12\/RRI044.jpg","contentUrl":"https:\/\/www.melform.com\/wp-content\/uploads\/2024\/12\/RRI044.jpg","width":2000,"height":1333},{"@type":"BreadcrumbList","@id":"https:\/\/www.melform.com\/fr\/conteneurs-\/catalogue-de-produits\/pieces-de-rechange\/fermetures\/kit-de-verrouillage-de-poignee\/#breadcrumb","itemListElement":[{"@type":"ListItem","position":1,"name":"Home","item":"https:\/\/www.melform.com\/fr\/"},{"@type":"ListItem","position":2,"name":"Shop","item":"https:\/\/www.melform.com\/fr\/shop\/"},{"@type":"ListItem","position":3,"name":"KIT DE VERROUILLAGE DE POIGN\u00c9E"}]},{"@type":"WebSite","@id":"https:\/\/www.melform.com\/fr\/#website","url":"https:\/\/www.melform.com\/fr\/","name":"MELFORM","description":"SISTEMI PER IL TRASPORTO E STOCCAGGIO A TEMPERATURA CONTROLLATA","potentialAction":[{"@type":"SearchAction","target":{"@type":"EntryPoint","urlTemplate":"https:\/\/www.melform.com\/fr\/?s={search_term_string}"},"query-input":{"@type":"PropertyValueSpecification","valueRequired":true,"valueName":"search_term_string"}}],"inLanguage":"fr-FR"}]}},"_links":{"self":[{"href":"https:\/\/www.melform.com\/fr\/wp-json\/wp\/v2\/product\/15630","targetHints":{"allow":["GET"]}}],"collection":[{"href":"https:\/\/www.melform.com\/fr\/wp-json\/wp\/v2\/product"}],"about":[{"href":"https:\/\/www.melform.com\/fr\/wp-json\/wp\/v2\/types\/product"}],"wp:featuredmedia":[{"embeddable":true,"href":"https:\/\/www.melform.com\/fr\/wp-json\/wp\/v2\/media\/15329"}],"wp:attachment":[{"href":"https:\/\/www.melform.com\/fr\/wp-json\/wp\/v2\/media?parent=15630"}],"wp:term":[{"taxonomy":"product_brand","embeddable":true,"href":"https:\/\/www.melform.com\/fr\/wp-json\/wp\/v2\/product_brand?post=15630"},{"taxonomy":"product_cat","embeddable":true,"href":"https:\/\/www.melform.com\/fr\/wp-json\/wp\/v2\/product_cat?post=15630"},{"taxonomy":"product_tag","embeddable":true,"href":"https:\/\/www.melform.com\/fr\/wp-json\/wp\/v2\/product_tag?post=15630"}],"curies":[{"name":"wp","href":"https:\/\/api.w.org\/{rel}","templated":true}]}}