{"id":15633,"date":"2024-12-30T14:53:51","date_gmt":"2024-12-30T12:53:51","guid":{"rendered":"https:\/\/www.melform.com\/?post_type=product&#038;p=15633"},"modified":"2025-01-04T17:18:32","modified_gmt":"2025-01-04T15:18:32","slug":"kit-fermeture-et-charniere","status":"publish","type":"product","link":"https:\/\/www.melform.com\/fr\/conteneurs-\/catalogue-de-produits\/pieces-de-rechange\/fermetures\/kit-fermeture-et-charniere\/","title":{"rendered":"KIT FERMETURES ET CHARNI\u00c8RES"},"content":{"rendered":"Kit complet de fermetures et charni\u00e8res en acier inoxydable de haute qualit\u00e9, con\u00e7u pour offrir une r\u00e9sistance \u00e0 la corrosion, une grande robustesse et une durabilit\u00e9 prolong\u00e9e. Id\u00e9al pour garantir une fixation stable et fiable, m\u00eame dans des environnements professionnels soumis \u00e0 une utilisation intensive.\r\n\r\n<strong>Caract\u00e9ristiques :<\/strong>\r\n<ul>\r\n \t<li>Mat\u00e9riau : Acier Inoxydable<\/li>\r\n<\/ul>\r\n<strong>Compatibilit\u00e9 du produit :<\/strong>\r\n<ul>\r\n \t<li><em>THERMAX AF150<\/em><\/li>\r\n<\/ul>\r\nCe kit repr\u00e9sente la solution id\u00e9ale pour am\u00e9liorer la fonctionnalit\u00e9 et la s\u00e9curit\u00e9 des fermetures, garantissant une installation pr\u00e9cise et des performances \u00e9lev\u00e9es dans le temps.\r\n\r\nEmballage unit\u00e9: 1","protected":false},"excerpt":{"rendered":"Kit complet de fermetures et charni\u00e8res en acier inoxydable de haute qualit\u00e9, con\u00e7u pour offrir une r\u00e9sistance \u00e0 la corrosion, une grande robustesse et une durabilit\u00e9 prolong\u00e9e. Id\u00e9al pour garantir une fixation stable et fiable, m\u00eame dans des environnements professionnels soumis \u00e0 une utilisation intensive. Caract\u00e9ristiques : Mat\u00e9riau : Acier Inoxydable Compatibilit\u00e9 du produit : [&hellip;]","protected":false},"featured_media":15338,"template":"","meta":{"_acf_changed":false,"_themeisle_gutenberg_block_has_review":false},"product_brand":[],"product_cat":[920,1046],"product_tag":[],"class_list":{"0":"post-15633","1":"product","2":"type-product","3":"status-publish","4":"has-post-thumbnail","6":"product_cat-pieces-de-rechange","7":"product_cat-fermetures","9":"first","10":"instock","11":"shipping-taxable","12":"product-type-simple"},"acf":[],"yoast_head":"<!-- This site is optimized with the Yoast SEO plugin v26.4 - https:\/\/yoast.com\/wordpress\/plugins\/seo\/ -->\n<title>KIT FERMETURES ET CHARNI\u00c8RES - MELFORM<\/title>\n<meta name=\"robots\" content=\"index, follow, max-snippet:-1, max-image-preview:large, max-video-preview:-1\" \/>\n<link rel=\"canonical\" href=\"https:\/\/www.melform.com\/fr\/conteneurs-\/catalogue-de-produits\/pieces-de-rechange\/fermetures\/kit-fermeture-et-charniere\/\" \/>\n<meta property=\"og:locale\" content=\"fr_FR\" \/>\n<meta property=\"og:type\" content=\"article\" \/>\n<meta property=\"og:title\" content=\"KIT FERMETURES ET CHARNI\u00c8RES - MELFORM\" \/>\n<meta property=\"og:description\" content=\"Kit complet de fermetures et charni\u00e8res en acier inoxydable de haute qualit\u00e9, con\u00e7u pour offrir une r\u00e9sistance \u00e0 la corrosion, une grande robustesse et une durabilit\u00e9 prolong\u00e9e. Id\u00e9al pour garantir une fixation stable et fiable, m\u00eame dans des environnements professionnels soumis \u00e0 une utilisation intensive. Caract\u00e9ristiques : Mat\u00e9riau : Acier Inoxydable Compatibilit\u00e9 du produit : [&hellip;]\" \/>\n<meta property=\"og:url\" content=\"https:\/\/www.melform.com\/fr\/conteneurs-\/catalogue-de-produits\/pieces-de-rechange\/fermetures\/kit-fermeture-et-charniere\/\" \/>\n<meta property=\"og:site_name\" content=\"MELFORM\" \/>\n<meta property=\"article:modified_time\" content=\"2025-01-04T15:18:32+00:00\" \/>\n<meta property=\"og:image\" content=\"https:\/\/www.melform.com\/wp-content\/uploads\/2024\/12\/RRI050.jpg\" \/>\n\t<meta property=\"og:image:width\" content=\"2000\" \/>\n\t<meta property=\"og:image:height\" content=\"1333\" \/>\n\t<meta property=\"og:image:type\" content=\"image\/jpeg\" \/>\n<meta name=\"twitter:card\" content=\"summary_large_image\" \/>\n<script type=\"application\/ld+json\" class=\"yoast-schema-graph\">{\"@context\":\"https:\/\/schema.org\",\"@graph\":[{\"@type\":\"WebPage\",\"@id\":\"https:\/\/www.melform.com\/fr\/conteneurs-\/catalogue-de-produits\/pieces-de-rechange\/fermetures\/kit-fermeture-et-charniere\/\",\"url\":\"https:\/\/www.melform.com\/fr\/conteneurs-\/catalogue-de-produits\/pieces-de-rechange\/fermetures\/kit-fermeture-et-charniere\/\",\"name\":\"KIT FERMETURES ET CHARNI\u00c8RES - MELFORM\",\"isPartOf\":{\"@id\":\"https:\/\/www.melform.com\/fr\/#website\"},\"primaryImageOfPage\":{\"@id\":\"https:\/\/www.melform.com\/fr\/conteneurs-\/catalogue-de-produits\/pieces-de-rechange\/fermetures\/kit-fermeture-et-charniere\/#primaryimage\"},\"image\":{\"@id\":\"https:\/\/www.melform.com\/fr\/conteneurs-\/catalogue-de-produits\/pieces-de-rechange\/fermetures\/kit-fermeture-et-charniere\/#primaryimage\"},\"thumbnailUrl\":\"https:\/\/www.melform.com\/wp-content\/uploads\/2024\/12\/RRI050.jpg\",\"datePublished\":\"2024-12-30T12:53:51+00:00\",\"dateModified\":\"2025-01-04T15:18:32+00:00\",\"breadcrumb\":{\"@id\":\"https:\/\/www.melform.com\/fr\/conteneurs-\/catalogue-de-produits\/pieces-de-rechange\/fermetures\/kit-fermeture-et-charniere\/#breadcrumb\"},\"inLanguage\":\"fr-FR\",\"potentialAction\":[{\"@type\":\"ReadAction\",\"target\":[\"https:\/\/www.melform.com\/fr\/conteneurs-\/catalogue-de-produits\/pieces-de-rechange\/fermetures\/kit-fermeture-et-charniere\/\"]}]},{\"@type\":\"ImageObject\",\"inLanguage\":\"fr-FR\",\"@id\":\"https:\/\/www.melform.com\/fr\/conteneurs-\/catalogue-de-produits\/pieces-de-rechange\/fermetures\/kit-fermeture-et-charniere\/#primaryimage\",\"url\":\"https:\/\/www.melform.com\/wp-content\/uploads\/2024\/12\/RRI050.jpg\",\"contentUrl\":\"https:\/\/www.melform.com\/wp-content\/uploads\/2024\/12\/RRI050.jpg\",\"width\":2000,\"height\":1333},{\"@type\":\"BreadcrumbList\",\"@id\":\"https:\/\/www.melform.com\/fr\/conteneurs-\/catalogue-de-produits\/pieces-de-rechange\/fermetures\/kit-fermeture-et-charniere\/#breadcrumb\",\"itemListElement\":[{\"@type\":\"ListItem\",\"position\":1,\"name\":\"Home\",\"item\":\"https:\/\/www.melform.com\/fr\/\"},{\"@type\":\"ListItem\",\"position\":2,\"name\":\"Shop\",\"item\":\"https:\/\/www.melform.com\/fr\/shop\/\"},{\"@type\":\"ListItem\",\"position\":3,\"name\":\"KIT FERMETURES ET CHARNI\u00c8RES\"}]},{\"@type\":\"WebSite\",\"@id\":\"https:\/\/www.melform.com\/fr\/#website\",\"url\":\"https:\/\/www.melform.com\/fr\/\",\"name\":\"MELFORM\",\"description\":\"SISTEMI PER IL TRASPORTO E STOCCAGGIO A TEMPERATURA CONTROLLATA\",\"potentialAction\":[{\"@type\":\"SearchAction\",\"target\":{\"@type\":\"EntryPoint\",\"urlTemplate\":\"https:\/\/www.melform.com\/fr\/?s={search_term_string}\"},\"query-input\":{\"@type\":\"PropertyValueSpecification\",\"valueRequired\":true,\"valueName\":\"search_term_string\"}}],\"inLanguage\":\"fr-FR\"}]}<\/script>\n<!-- \/ Yoast SEO plugin. -->","yoast_head_json":{"title":"KIT FERMETURES ET CHARNI\u00c8RES - MELFORM","robots":{"index":"index","follow":"follow","max-snippet":"max-snippet:-1","max-image-preview":"max-image-preview:large","max-video-preview":"max-video-preview:-1"},"canonical":"https:\/\/www.melform.com\/fr\/conteneurs-\/catalogue-de-produits\/pieces-de-rechange\/fermetures\/kit-fermeture-et-charniere\/","og_locale":"fr_FR","og_type":"article","og_title":"KIT FERMETURES ET CHARNI\u00c8RES - MELFORM","og_description":"Kit complet de fermetures et charni\u00e8res en acier inoxydable de haute qualit\u00e9, con\u00e7u pour offrir une r\u00e9sistance \u00e0 la corrosion, une grande robustesse et une durabilit\u00e9 prolong\u00e9e. Id\u00e9al pour garantir une fixation stable et fiable, m\u00eame dans des environnements professionnels soumis \u00e0 une utilisation intensive. Caract\u00e9ristiques : Mat\u00e9riau : Acier Inoxydable Compatibilit\u00e9 du produit : [&hellip;]","og_url":"https:\/\/www.melform.com\/fr\/conteneurs-\/catalogue-de-produits\/pieces-de-rechange\/fermetures\/kit-fermeture-et-charniere\/","og_site_name":"MELFORM","article_modified_time":"2025-01-04T15:18:32+00:00","og_image":[{"width":2000,"height":1333,"url":"https:\/\/www.melform.com\/wp-content\/uploads\/2024\/12\/RRI050.jpg","type":"image\/jpeg"}],"twitter_card":"summary_large_image","schema":{"@context":"https:\/\/schema.org","@graph":[{"@type":"WebPage","@id":"https:\/\/www.melform.com\/fr\/conteneurs-\/catalogue-de-produits\/pieces-de-rechange\/fermetures\/kit-fermeture-et-charniere\/","url":"https:\/\/www.melform.com\/fr\/conteneurs-\/catalogue-de-produits\/pieces-de-rechange\/fermetures\/kit-fermeture-et-charniere\/","name":"KIT FERMETURES ET CHARNI\u00c8RES - MELFORM","isPartOf":{"@id":"https:\/\/www.melform.com\/fr\/#website"},"primaryImageOfPage":{"@id":"https:\/\/www.melform.com\/fr\/conteneurs-\/catalogue-de-produits\/pieces-de-rechange\/fermetures\/kit-fermeture-et-charniere\/#primaryimage"},"image":{"@id":"https:\/\/www.melform.com\/fr\/conteneurs-\/catalogue-de-produits\/pieces-de-rechange\/fermetures\/kit-fermeture-et-charniere\/#primaryimage"},"thumbnailUrl":"https:\/\/www.melform.com\/wp-content\/uploads\/2024\/12\/RRI050.jpg","datePublished":"2024-12-30T12:53:51+00:00","dateModified":"2025-01-04T15:18:32+00:00","breadcrumb":{"@id":"https:\/\/www.melform.com\/fr\/conteneurs-\/catalogue-de-produits\/pieces-de-rechange\/fermetures\/kit-fermeture-et-charniere\/#breadcrumb"},"inLanguage":"fr-FR","potentialAction":[{"@type":"ReadAction","target":["https:\/\/www.melform.com\/fr\/conteneurs-\/catalogue-de-produits\/pieces-de-rechange\/fermetures\/kit-fermeture-et-charniere\/"]}]},{"@type":"ImageObject","inLanguage":"fr-FR","@id":"https:\/\/www.melform.com\/fr\/conteneurs-\/catalogue-de-produits\/pieces-de-rechange\/fermetures\/kit-fermeture-et-charniere\/#primaryimage","url":"https:\/\/www.melform.com\/wp-content\/uploads\/2024\/12\/RRI050.jpg","contentUrl":"https:\/\/www.melform.com\/wp-content\/uploads\/2024\/12\/RRI050.jpg","width":2000,"height":1333},{"@type":"BreadcrumbList","@id":"https:\/\/www.melform.com\/fr\/conteneurs-\/catalogue-de-produits\/pieces-de-rechange\/fermetures\/kit-fermeture-et-charniere\/#breadcrumb","itemListElement":[{"@type":"ListItem","position":1,"name":"Home","item":"https:\/\/www.melform.com\/fr\/"},{"@type":"ListItem","position":2,"name":"Shop","item":"https:\/\/www.melform.com\/fr\/shop\/"},{"@type":"ListItem","position":3,"name":"KIT FERMETURES ET CHARNI\u00c8RES"}]},{"@type":"WebSite","@id":"https:\/\/www.melform.com\/fr\/#website","url":"https:\/\/www.melform.com\/fr\/","name":"MELFORM","description":"SISTEMI PER IL TRASPORTO E STOCCAGGIO A TEMPERATURA CONTROLLATA","potentialAction":[{"@type":"SearchAction","target":{"@type":"EntryPoint","urlTemplate":"https:\/\/www.melform.com\/fr\/?s={search_term_string}"},"query-input":{"@type":"PropertyValueSpecification","valueRequired":true,"valueName":"search_term_string"}}],"inLanguage":"fr-FR"}]}},"_links":{"self":[{"href":"https:\/\/www.melform.com\/fr\/wp-json\/wp\/v2\/product\/15633","targetHints":{"allow":["GET"]}}],"collection":[{"href":"https:\/\/www.melform.com\/fr\/wp-json\/wp\/v2\/product"}],"about":[{"href":"https:\/\/www.melform.com\/fr\/wp-json\/wp\/v2\/types\/product"}],"wp:featuredmedia":[{"embeddable":true,"href":"https:\/\/www.melform.com\/fr\/wp-json\/wp\/v2\/media\/15338"}],"wp:attachment":[{"href":"https:\/\/www.melform.com\/fr\/wp-json\/wp\/v2\/media?parent=15633"}],"wp:term":[{"taxonomy":"product_brand","embeddable":true,"href":"https:\/\/www.melform.com\/fr\/wp-json\/wp\/v2\/product_brand?post=15633"},{"taxonomy":"product_cat","embeddable":true,"href":"https:\/\/www.melform.com\/fr\/wp-json\/wp\/v2\/product_cat?post=15633"},{"taxonomy":"product_tag","embeddable":true,"href":"https:\/\/www.melform.com\/fr\/wp-json\/wp\/v2\/product_tag?post=15633"}],"curies":[{"name":"wp","href":"https:\/\/api.w.org\/{rel}","templated":true}]}}