{"id":15655,"date":"2024-12-30T23:45:07","date_gmt":"2024-12-30T21:45:07","guid":{"rendered":"https:\/\/www.melform.com\/?post_type=product&#038;p=15655"},"modified":"2025-01-04T16:22:32","modified_gmt":"2025-01-04T14:22:32","slug":"kit-de-fermeture-a-vis","status":"publish","type":"product","link":"https:\/\/www.melform.com\/fr\/conteneurs-\/catalogue-de-produits\/pieces-de-rechange\/fermetures\/kit-de-fermeture-a-vis\/","title":{"rendered":"KIT DE FERMETURE DE COUVERCLE AVEC VIS"},"content":{"rendered":"Kit complet pour la fermeture s\u00e9curis\u00e9e du couvercle, fourni avec des vis incluses pour un montage stable et r\u00e9sistant. R\u00e9alis\u00e9 enti\u00e8rement en acier inoxydable, il offre une haute r\u00e9sistance \u00e0 la corrosion et une durabilit\u00e9 prolong\u00e9e.\r\n\r\n<strong>Caract\u00e9ristiques :<\/strong>\r\n<ul>\r\n \t<li>Mat\u00e9riau : Acier Inoxydable<\/li>\r\n<\/ul>\r\n<strong>Compatibilit\u00e9 du produit :<\/strong> compatible avec <i>THERMAX QC25.<\/i>\r\n\r\nCon\u00e7u pour garantir un assemblage pr\u00e9cis et fiable, id\u00e9al pour des applications n\u00e9cessitant robustesse et protection optimale.\r\n\r\nEmballage unit\u00e9: 2","protected":false},"excerpt":{"rendered":"Kit complet pour la fermeture s\u00e9curis\u00e9e du couvercle, fourni avec des vis incluses pour un montage stable et r\u00e9sistant. R\u00e9alis\u00e9 enti\u00e8rement en acier inoxydable, il offre une haute r\u00e9sistance \u00e0 la corrosion et une durabilit\u00e9 prolong\u00e9e. Caract\u00e9ristiques : Mat\u00e9riau : Acier Inoxydable Compatibilit\u00e9 du produit : compatible avec THERMAX QC25. Con\u00e7u pour garantir un assemblage [&hellip;]","protected":false},"featured_media":15380,"template":"","meta":{"_acf_changed":false,"_themeisle_gutenberg_block_has_review":false},"product_brand":[],"product_cat":[920,1046],"product_tag":[],"class_list":{"0":"post-15655","1":"product","2":"type-product","3":"status-publish","4":"has-post-thumbnail","6":"product_cat-pieces-de-rechange","7":"product_cat-fermetures","9":"first","10":"instock","11":"shipping-taxable","12":"product-type-simple"},"acf":[],"yoast_head":"<!-- This site is optimized with the Yoast SEO plugin v26.4 - https:\/\/yoast.com\/wordpress\/plugins\/seo\/ -->\n<title>KIT DE FERMETURE DE COUVERCLE AVEC VIS - MELFORM<\/title>\n<meta name=\"robots\" content=\"index, follow, max-snippet:-1, max-image-preview:large, max-video-preview:-1\" \/>\n<link rel=\"canonical\" href=\"https:\/\/www.melform.com\/fr\/conteneurs-\/catalogue-de-produits\/pieces-de-rechange\/fermetures\/kit-de-fermeture-a-vis\/\" \/>\n<meta property=\"og:locale\" content=\"fr_FR\" \/>\n<meta property=\"og:type\" content=\"article\" \/>\n<meta property=\"og:title\" content=\"KIT DE FERMETURE DE COUVERCLE AVEC VIS - MELFORM\" \/>\n<meta property=\"og:description\" content=\"Kit complet pour la fermeture s\u00e9curis\u00e9e du couvercle, fourni avec des vis incluses pour un montage stable et r\u00e9sistant. R\u00e9alis\u00e9 enti\u00e8rement en acier inoxydable, il offre une haute r\u00e9sistance \u00e0 la corrosion et une durabilit\u00e9 prolong\u00e9e. Caract\u00e9ristiques : Mat\u00e9riau : Acier Inoxydable Compatibilit\u00e9 du produit : compatible avec THERMAX QC25. Con\u00e7u pour garantir un assemblage [&hellip;]\" \/>\n<meta property=\"og:url\" content=\"https:\/\/www.melform.com\/fr\/conteneurs-\/catalogue-de-produits\/pieces-de-rechange\/fermetures\/kit-de-fermeture-a-vis\/\" \/>\n<meta property=\"og:site_name\" content=\"MELFORM\" \/>\n<meta property=\"article:modified_time\" content=\"2025-01-04T14:22:32+00:00\" \/>\n<meta property=\"og:image\" content=\"https:\/\/www.melform.com\/wp-content\/uploads\/2024\/12\/RRI128.jpg\" \/>\n\t<meta property=\"og:image:width\" content=\"512\" \/>\n\t<meta property=\"og:image:height\" content=\"512\" \/>\n\t<meta property=\"og:image:type\" content=\"image\/jpeg\" \/>\n<meta name=\"twitter:card\" content=\"summary_large_image\" \/>\n<script type=\"application\/ld+json\" class=\"yoast-schema-graph\">{\"@context\":\"https:\/\/schema.org\",\"@graph\":[{\"@type\":\"WebPage\",\"@id\":\"https:\/\/www.melform.com\/fr\/conteneurs-\/catalogue-de-produits\/pieces-de-rechange\/fermetures\/kit-de-fermeture-a-vis\/\",\"url\":\"https:\/\/www.melform.com\/fr\/conteneurs-\/catalogue-de-produits\/pieces-de-rechange\/fermetures\/kit-de-fermeture-a-vis\/\",\"name\":\"KIT DE FERMETURE DE COUVERCLE AVEC VIS - MELFORM\",\"isPartOf\":{\"@id\":\"https:\/\/www.melform.com\/fr\/#website\"},\"primaryImageOfPage\":{\"@id\":\"https:\/\/www.melform.com\/fr\/conteneurs-\/catalogue-de-produits\/pieces-de-rechange\/fermetures\/kit-de-fermeture-a-vis\/#primaryimage\"},\"image\":{\"@id\":\"https:\/\/www.melform.com\/fr\/conteneurs-\/catalogue-de-produits\/pieces-de-rechange\/fermetures\/kit-de-fermeture-a-vis\/#primaryimage\"},\"thumbnailUrl\":\"https:\/\/www.melform.com\/wp-content\/uploads\/2024\/12\/RRI128.jpg\",\"datePublished\":\"2024-12-30T21:45:07+00:00\",\"dateModified\":\"2025-01-04T14:22:32+00:00\",\"breadcrumb\":{\"@id\":\"https:\/\/www.melform.com\/fr\/conteneurs-\/catalogue-de-produits\/pieces-de-rechange\/fermetures\/kit-de-fermeture-a-vis\/#breadcrumb\"},\"inLanguage\":\"fr-FR\",\"potentialAction\":[{\"@type\":\"ReadAction\",\"target\":[\"https:\/\/www.melform.com\/fr\/conteneurs-\/catalogue-de-produits\/pieces-de-rechange\/fermetures\/kit-de-fermeture-a-vis\/\"]}]},{\"@type\":\"ImageObject\",\"inLanguage\":\"fr-FR\",\"@id\":\"https:\/\/www.melform.com\/fr\/conteneurs-\/catalogue-de-produits\/pieces-de-rechange\/fermetures\/kit-de-fermeture-a-vis\/#primaryimage\",\"url\":\"https:\/\/www.melform.com\/wp-content\/uploads\/2024\/12\/RRI128.jpg\",\"contentUrl\":\"https:\/\/www.melform.com\/wp-content\/uploads\/2024\/12\/RRI128.jpg\",\"width\":512,\"height\":512},{\"@type\":\"BreadcrumbList\",\"@id\":\"https:\/\/www.melform.com\/fr\/conteneurs-\/catalogue-de-produits\/pieces-de-rechange\/fermetures\/kit-de-fermeture-a-vis\/#breadcrumb\",\"itemListElement\":[{\"@type\":\"ListItem\",\"position\":1,\"name\":\"Home\",\"item\":\"https:\/\/www.melform.com\/fr\/\"},{\"@type\":\"ListItem\",\"position\":2,\"name\":\"Shop\",\"item\":\"https:\/\/www.melform.com\/fr\/shop\/\"},{\"@type\":\"ListItem\",\"position\":3,\"name\":\"KIT DE FERMETURE DE COUVERCLE AVEC VIS\"}]},{\"@type\":\"WebSite\",\"@id\":\"https:\/\/www.melform.com\/fr\/#website\",\"url\":\"https:\/\/www.melform.com\/fr\/\",\"name\":\"MELFORM\",\"description\":\"SISTEMI PER IL TRASPORTO E STOCCAGGIO A TEMPERATURA CONTROLLATA\",\"potentialAction\":[{\"@type\":\"SearchAction\",\"target\":{\"@type\":\"EntryPoint\",\"urlTemplate\":\"https:\/\/www.melform.com\/fr\/?s={search_term_string}\"},\"query-input\":{\"@type\":\"PropertyValueSpecification\",\"valueRequired\":true,\"valueName\":\"search_term_string\"}}],\"inLanguage\":\"fr-FR\"}]}<\/script>\n<!-- \/ Yoast SEO plugin. -->","yoast_head_json":{"title":"KIT DE FERMETURE DE COUVERCLE AVEC VIS - MELFORM","robots":{"index":"index","follow":"follow","max-snippet":"max-snippet:-1","max-image-preview":"max-image-preview:large","max-video-preview":"max-video-preview:-1"},"canonical":"https:\/\/www.melform.com\/fr\/conteneurs-\/catalogue-de-produits\/pieces-de-rechange\/fermetures\/kit-de-fermeture-a-vis\/","og_locale":"fr_FR","og_type":"article","og_title":"KIT DE FERMETURE DE COUVERCLE AVEC VIS - MELFORM","og_description":"Kit complet pour la fermeture s\u00e9curis\u00e9e du couvercle, fourni avec des vis incluses pour un montage stable et r\u00e9sistant. R\u00e9alis\u00e9 enti\u00e8rement en acier inoxydable, il offre une haute r\u00e9sistance \u00e0 la corrosion et une durabilit\u00e9 prolong\u00e9e. Caract\u00e9ristiques : Mat\u00e9riau : Acier Inoxydable Compatibilit\u00e9 du produit : compatible avec THERMAX QC25. Con\u00e7u pour garantir un assemblage [&hellip;]","og_url":"https:\/\/www.melform.com\/fr\/conteneurs-\/catalogue-de-produits\/pieces-de-rechange\/fermetures\/kit-de-fermeture-a-vis\/","og_site_name":"MELFORM","article_modified_time":"2025-01-04T14:22:32+00:00","og_image":[{"width":512,"height":512,"url":"https:\/\/www.melform.com\/wp-content\/uploads\/2024\/12\/RRI128.jpg","type":"image\/jpeg"}],"twitter_card":"summary_large_image","schema":{"@context":"https:\/\/schema.org","@graph":[{"@type":"WebPage","@id":"https:\/\/www.melform.com\/fr\/conteneurs-\/catalogue-de-produits\/pieces-de-rechange\/fermetures\/kit-de-fermeture-a-vis\/","url":"https:\/\/www.melform.com\/fr\/conteneurs-\/catalogue-de-produits\/pieces-de-rechange\/fermetures\/kit-de-fermeture-a-vis\/","name":"KIT DE FERMETURE DE COUVERCLE AVEC VIS - MELFORM","isPartOf":{"@id":"https:\/\/www.melform.com\/fr\/#website"},"primaryImageOfPage":{"@id":"https:\/\/www.melform.com\/fr\/conteneurs-\/catalogue-de-produits\/pieces-de-rechange\/fermetures\/kit-de-fermeture-a-vis\/#primaryimage"},"image":{"@id":"https:\/\/www.melform.com\/fr\/conteneurs-\/catalogue-de-produits\/pieces-de-rechange\/fermetures\/kit-de-fermeture-a-vis\/#primaryimage"},"thumbnailUrl":"https:\/\/www.melform.com\/wp-content\/uploads\/2024\/12\/RRI128.jpg","datePublished":"2024-12-30T21:45:07+00:00","dateModified":"2025-01-04T14:22:32+00:00","breadcrumb":{"@id":"https:\/\/www.melform.com\/fr\/conteneurs-\/catalogue-de-produits\/pieces-de-rechange\/fermetures\/kit-de-fermeture-a-vis\/#breadcrumb"},"inLanguage":"fr-FR","potentialAction":[{"@type":"ReadAction","target":["https:\/\/www.melform.com\/fr\/conteneurs-\/catalogue-de-produits\/pieces-de-rechange\/fermetures\/kit-de-fermeture-a-vis\/"]}]},{"@type":"ImageObject","inLanguage":"fr-FR","@id":"https:\/\/www.melform.com\/fr\/conteneurs-\/catalogue-de-produits\/pieces-de-rechange\/fermetures\/kit-de-fermeture-a-vis\/#primaryimage","url":"https:\/\/www.melform.com\/wp-content\/uploads\/2024\/12\/RRI128.jpg","contentUrl":"https:\/\/www.melform.com\/wp-content\/uploads\/2024\/12\/RRI128.jpg","width":512,"height":512},{"@type":"BreadcrumbList","@id":"https:\/\/www.melform.com\/fr\/conteneurs-\/catalogue-de-produits\/pieces-de-rechange\/fermetures\/kit-de-fermeture-a-vis\/#breadcrumb","itemListElement":[{"@type":"ListItem","position":1,"name":"Home","item":"https:\/\/www.melform.com\/fr\/"},{"@type":"ListItem","position":2,"name":"Shop","item":"https:\/\/www.melform.com\/fr\/shop\/"},{"@type":"ListItem","position":3,"name":"KIT DE FERMETURE DE COUVERCLE AVEC VIS"}]},{"@type":"WebSite","@id":"https:\/\/www.melform.com\/fr\/#website","url":"https:\/\/www.melform.com\/fr\/","name":"MELFORM","description":"SISTEMI PER IL TRASPORTO E STOCCAGGIO A TEMPERATURA CONTROLLATA","potentialAction":[{"@type":"SearchAction","target":{"@type":"EntryPoint","urlTemplate":"https:\/\/www.melform.com\/fr\/?s={search_term_string}"},"query-input":{"@type":"PropertyValueSpecification","valueRequired":true,"valueName":"search_term_string"}}],"inLanguage":"fr-FR"}]}},"_links":{"self":[{"href":"https:\/\/www.melform.com\/fr\/wp-json\/wp\/v2\/product\/15655","targetHints":{"allow":["GET"]}}],"collection":[{"href":"https:\/\/www.melform.com\/fr\/wp-json\/wp\/v2\/product"}],"about":[{"href":"https:\/\/www.melform.com\/fr\/wp-json\/wp\/v2\/types\/product"}],"wp:featuredmedia":[{"embeddable":true,"href":"https:\/\/www.melform.com\/fr\/wp-json\/wp\/v2\/media\/15380"}],"wp:attachment":[{"href":"https:\/\/www.melform.com\/fr\/wp-json\/wp\/v2\/media?parent=15655"}],"wp:term":[{"taxonomy":"product_brand","embeddable":true,"href":"https:\/\/www.melform.com\/fr\/wp-json\/wp\/v2\/product_brand?post=15655"},{"taxonomy":"product_cat","embeddable":true,"href":"https:\/\/www.melform.com\/fr\/wp-json\/wp\/v2\/product_cat?post=15655"},{"taxonomy":"product_tag","embeddable":true,"href":"https:\/\/www.melform.com\/fr\/wp-json\/wp\/v2\/product_tag?post=15655"}],"curies":[{"name":"wp","href":"https:\/\/api.w.org\/{rel}","templated":true}]}}