{"id":15658,"date":"2024-12-30T23:52:31","date_gmt":"2024-12-30T21:52:31","guid":{"rendered":"https:\/\/www.melform.com\/?post_type=product&#038;p=15658"},"modified":"2025-01-02T18:02:48","modified_gmt":"2025-01-02T16:02:48","slug":"kit-de-fermeture-avec-vis-acier-inoxydable","status":"publish","type":"product","link":"https:\/\/www.melform.com\/fr\/conteneurs-\/catalogue-de-produits\/pieces-de-rechange\/fermetures\/kit-de-fermeture-avec-vis-acier-inoxydable\/","title":{"rendered":"KIT DE FERMETURE A LEVIER AVEC VIS &#8211; acier inoxydable"},"content":{"rendered":"Un kit complet pour l&#8217;installation d&#8217;une fermeture \u00e0 levier, avec vis incluses, fabriqu\u00e9 en <strong>acier inoxydable<\/strong> pour garantir une r\u00e9sistance maximale \u00e0 la corrosion, une durabilit\u00e9 et une fiabilit\u00e9 \u00e0 long terme.\r\n\r\n<strong>Caract\u00e9ristiques principales :<\/strong>\r\n<ul>\r\n \t<li><strong>Mat\u00e9riau :<\/strong> Acier inoxydable de haute qualit\u00e9, id\u00e9al pour des applications n\u00e9cessitant robustesse et r\u00e9sistance aux facteurs environnementaux.<\/li>\r\n \t<li><strong>Contenu :<\/strong> Fermeture \u00e0 levier et vis pour une installation simple et s\u00e9curis\u00e9e.<\/li>\r\n<\/ul>\r\n<strong>Compatibilit\u00e9 :<\/strong>\r\nSp\u00e9cifiquement con\u00e7u pour \u00eatre utilis\u00e9 avec les produits suivants :\r\n<ul>\r\n \t<li><strong>THERMAX :<\/strong> QC05, QC10, QC20, EY13, AF6, AF7, AF8<\/li>\r\n \t<li><strong>AL :<\/strong> AL300<\/li>\r\n \t<li><strong>GN :<\/strong> GN1\/1<\/li>\r\n<\/ul>\r\nUn accessoire essentiel pour garantir une fermeture stable et s\u00e9curis\u00e9e, id\u00e9al pour des applications professionnelles et industrielles n\u00e9cessitant des solutions fiables et durables.\r\n\r\n<strong>Emballage unit\u00e9: 4<\/strong>","protected":false},"excerpt":{"rendered":"Un kit complet pour l&#8217;installation d&#8217;une fermeture \u00e0 levier, avec vis incluses, fabriqu\u00e9 en acier inoxydable pour garantir une r\u00e9sistance maximale \u00e0 la corrosion, une durabilit\u00e9 et une fiabilit\u00e9 \u00e0 long terme. Caract\u00e9ristiques principales : Mat\u00e9riau : Acier inoxydable de haute qualit\u00e9, id\u00e9al pour des applications n\u00e9cessitant robustesse et r\u00e9sistance aux facteurs environnementaux. Contenu : [&hellip;]","protected":false},"featured_media":15383,"template":"","meta":{"_acf_changed":false,"_themeisle_gutenberg_block_has_review":false},"product_brand":[],"product_cat":[920,1046],"product_tag":[],"class_list":{"0":"post-15658","1":"product","2":"type-product","3":"status-publish","4":"has-post-thumbnail","6":"product_cat-pieces-de-rechange","7":"product_cat-fermetures","9":"first","10":"instock","11":"shipping-taxable","12":"product-type-simple"},"acf":[],"yoast_head":"<!-- This site is optimized with the Yoast SEO plugin v26.4 - https:\/\/yoast.com\/wordpress\/plugins\/seo\/ -->\n<title>KIT DE FERMETURE A LEVIER AVEC VIS - acier inoxydable - MELFORM<\/title>\n<meta name=\"robots\" content=\"index, follow, max-snippet:-1, max-image-preview:large, max-video-preview:-1\" \/>\n<link rel=\"canonical\" href=\"https:\/\/www.melform.com\/fr\/conteneurs-\/catalogue-de-produits\/pieces-de-rechange\/fermetures\/kit-de-fermeture-avec-vis-acier-inoxydable\/\" \/>\n<meta property=\"og:locale\" content=\"fr_FR\" \/>\n<meta property=\"og:type\" content=\"article\" \/>\n<meta property=\"og:title\" content=\"KIT DE FERMETURE A LEVIER AVEC VIS - acier inoxydable - MELFORM\" \/>\n<meta property=\"og:description\" content=\"Un kit complet pour l&#8217;installation d&#8217;une fermeture \u00e0 levier, avec vis incluses, fabriqu\u00e9 en acier inoxydable pour garantir une r\u00e9sistance maximale \u00e0 la corrosion, une durabilit\u00e9 et une fiabilit\u00e9 \u00e0 long terme. Caract\u00e9ristiques principales : Mat\u00e9riau : Acier inoxydable de haute qualit\u00e9, id\u00e9al pour des applications n\u00e9cessitant robustesse et r\u00e9sistance aux facteurs environnementaux. Contenu : [&hellip;]\" \/>\n<meta property=\"og:url\" content=\"https:\/\/www.melform.com\/fr\/conteneurs-\/catalogue-de-produits\/pieces-de-rechange\/fermetures\/kit-de-fermeture-avec-vis-acier-inoxydable\/\" \/>\n<meta property=\"og:site_name\" content=\"MELFORM\" \/>\n<meta property=\"article:modified_time\" content=\"2025-01-02T16:02:48+00:00\" \/>\n<meta property=\"og:image\" content=\"https:\/\/www.melform.com\/wp-content\/uploads\/2024\/12\/RRI130.jpg\" \/>\n\t<meta property=\"og:image:width\" content=\"2000\" \/>\n\t<meta property=\"og:image:height\" content=\"1333\" \/>\n\t<meta property=\"og:image:type\" content=\"image\/jpeg\" \/>\n<meta name=\"twitter:card\" content=\"summary_large_image\" \/>\n<script type=\"application\/ld+json\" class=\"yoast-schema-graph\">{\"@context\":\"https:\/\/schema.org\",\"@graph\":[{\"@type\":\"WebPage\",\"@id\":\"https:\/\/www.melform.com\/fr\/conteneurs-\/catalogue-de-produits\/pieces-de-rechange\/fermetures\/kit-de-fermeture-avec-vis-acier-inoxydable\/\",\"url\":\"https:\/\/www.melform.com\/fr\/conteneurs-\/catalogue-de-produits\/pieces-de-rechange\/fermetures\/kit-de-fermeture-avec-vis-acier-inoxydable\/\",\"name\":\"KIT DE FERMETURE A LEVIER AVEC VIS - acier inoxydable - MELFORM\",\"isPartOf\":{\"@id\":\"https:\/\/www.melform.com\/fr\/#website\"},\"primaryImageOfPage\":{\"@id\":\"https:\/\/www.melform.com\/fr\/conteneurs-\/catalogue-de-produits\/pieces-de-rechange\/fermetures\/kit-de-fermeture-avec-vis-acier-inoxydable\/#primaryimage\"},\"image\":{\"@id\":\"https:\/\/www.melform.com\/fr\/conteneurs-\/catalogue-de-produits\/pieces-de-rechange\/fermetures\/kit-de-fermeture-avec-vis-acier-inoxydable\/#primaryimage\"},\"thumbnailUrl\":\"https:\/\/www.melform.com\/wp-content\/uploads\/2024\/12\/RRI130.jpg\",\"datePublished\":\"2024-12-30T21:52:31+00:00\",\"dateModified\":\"2025-01-02T16:02:48+00:00\",\"breadcrumb\":{\"@id\":\"https:\/\/www.melform.com\/fr\/conteneurs-\/catalogue-de-produits\/pieces-de-rechange\/fermetures\/kit-de-fermeture-avec-vis-acier-inoxydable\/#breadcrumb\"},\"inLanguage\":\"fr-FR\",\"potentialAction\":[{\"@type\":\"ReadAction\",\"target\":[\"https:\/\/www.melform.com\/fr\/conteneurs-\/catalogue-de-produits\/pieces-de-rechange\/fermetures\/kit-de-fermeture-avec-vis-acier-inoxydable\/\"]}]},{\"@type\":\"ImageObject\",\"inLanguage\":\"fr-FR\",\"@id\":\"https:\/\/www.melform.com\/fr\/conteneurs-\/catalogue-de-produits\/pieces-de-rechange\/fermetures\/kit-de-fermeture-avec-vis-acier-inoxydable\/#primaryimage\",\"url\":\"https:\/\/www.melform.com\/wp-content\/uploads\/2024\/12\/RRI130.jpg\",\"contentUrl\":\"https:\/\/www.melform.com\/wp-content\/uploads\/2024\/12\/RRI130.jpg\",\"width\":2000,\"height\":1333},{\"@type\":\"BreadcrumbList\",\"@id\":\"https:\/\/www.melform.com\/fr\/conteneurs-\/catalogue-de-produits\/pieces-de-rechange\/fermetures\/kit-de-fermeture-avec-vis-acier-inoxydable\/#breadcrumb\",\"itemListElement\":[{\"@type\":\"ListItem\",\"position\":1,\"name\":\"Home\",\"item\":\"https:\/\/www.melform.com\/fr\/\"},{\"@type\":\"ListItem\",\"position\":2,\"name\":\"Shop\",\"item\":\"https:\/\/www.melform.com\/fr\/shop\/\"},{\"@type\":\"ListItem\",\"position\":3,\"name\":\"KIT DE FERMETURE A LEVIER AVEC VIS &#8211; acier inoxydable\"}]},{\"@type\":\"WebSite\",\"@id\":\"https:\/\/www.melform.com\/fr\/#website\",\"url\":\"https:\/\/www.melform.com\/fr\/\",\"name\":\"MELFORM\",\"description\":\"SISTEMI PER IL TRASPORTO E STOCCAGGIO A TEMPERATURA CONTROLLATA\",\"potentialAction\":[{\"@type\":\"SearchAction\",\"target\":{\"@type\":\"EntryPoint\",\"urlTemplate\":\"https:\/\/www.melform.com\/fr\/?s={search_term_string}\"},\"query-input\":{\"@type\":\"PropertyValueSpecification\",\"valueRequired\":true,\"valueName\":\"search_term_string\"}}],\"inLanguage\":\"fr-FR\"}]}<\/script>\n<!-- \/ Yoast SEO plugin. -->","yoast_head_json":{"title":"KIT DE FERMETURE A LEVIER AVEC VIS - acier inoxydable - MELFORM","robots":{"index":"index","follow":"follow","max-snippet":"max-snippet:-1","max-image-preview":"max-image-preview:large","max-video-preview":"max-video-preview:-1"},"canonical":"https:\/\/www.melform.com\/fr\/conteneurs-\/catalogue-de-produits\/pieces-de-rechange\/fermetures\/kit-de-fermeture-avec-vis-acier-inoxydable\/","og_locale":"fr_FR","og_type":"article","og_title":"KIT DE FERMETURE A LEVIER AVEC VIS - acier inoxydable - MELFORM","og_description":"Un kit complet pour l&#8217;installation d&#8217;une fermeture \u00e0 levier, avec vis incluses, fabriqu\u00e9 en acier inoxydable pour garantir une r\u00e9sistance maximale \u00e0 la corrosion, une durabilit\u00e9 et une fiabilit\u00e9 \u00e0 long terme. Caract\u00e9ristiques principales : Mat\u00e9riau : Acier inoxydable de haute qualit\u00e9, id\u00e9al pour des applications n\u00e9cessitant robustesse et r\u00e9sistance aux facteurs environnementaux. Contenu : [&hellip;]","og_url":"https:\/\/www.melform.com\/fr\/conteneurs-\/catalogue-de-produits\/pieces-de-rechange\/fermetures\/kit-de-fermeture-avec-vis-acier-inoxydable\/","og_site_name":"MELFORM","article_modified_time":"2025-01-02T16:02:48+00:00","og_image":[{"width":2000,"height":1333,"url":"https:\/\/www.melform.com\/wp-content\/uploads\/2024\/12\/RRI130.jpg","type":"image\/jpeg"}],"twitter_card":"summary_large_image","schema":{"@context":"https:\/\/schema.org","@graph":[{"@type":"WebPage","@id":"https:\/\/www.melform.com\/fr\/conteneurs-\/catalogue-de-produits\/pieces-de-rechange\/fermetures\/kit-de-fermeture-avec-vis-acier-inoxydable\/","url":"https:\/\/www.melform.com\/fr\/conteneurs-\/catalogue-de-produits\/pieces-de-rechange\/fermetures\/kit-de-fermeture-avec-vis-acier-inoxydable\/","name":"KIT DE FERMETURE A LEVIER AVEC VIS - acier inoxydable - MELFORM","isPartOf":{"@id":"https:\/\/www.melform.com\/fr\/#website"},"primaryImageOfPage":{"@id":"https:\/\/www.melform.com\/fr\/conteneurs-\/catalogue-de-produits\/pieces-de-rechange\/fermetures\/kit-de-fermeture-avec-vis-acier-inoxydable\/#primaryimage"},"image":{"@id":"https:\/\/www.melform.com\/fr\/conteneurs-\/catalogue-de-produits\/pieces-de-rechange\/fermetures\/kit-de-fermeture-avec-vis-acier-inoxydable\/#primaryimage"},"thumbnailUrl":"https:\/\/www.melform.com\/wp-content\/uploads\/2024\/12\/RRI130.jpg","datePublished":"2024-12-30T21:52:31+00:00","dateModified":"2025-01-02T16:02:48+00:00","breadcrumb":{"@id":"https:\/\/www.melform.com\/fr\/conteneurs-\/catalogue-de-produits\/pieces-de-rechange\/fermetures\/kit-de-fermeture-avec-vis-acier-inoxydable\/#breadcrumb"},"inLanguage":"fr-FR","potentialAction":[{"@type":"ReadAction","target":["https:\/\/www.melform.com\/fr\/conteneurs-\/catalogue-de-produits\/pieces-de-rechange\/fermetures\/kit-de-fermeture-avec-vis-acier-inoxydable\/"]}]},{"@type":"ImageObject","inLanguage":"fr-FR","@id":"https:\/\/www.melform.com\/fr\/conteneurs-\/catalogue-de-produits\/pieces-de-rechange\/fermetures\/kit-de-fermeture-avec-vis-acier-inoxydable\/#primaryimage","url":"https:\/\/www.melform.com\/wp-content\/uploads\/2024\/12\/RRI130.jpg","contentUrl":"https:\/\/www.melform.com\/wp-content\/uploads\/2024\/12\/RRI130.jpg","width":2000,"height":1333},{"@type":"BreadcrumbList","@id":"https:\/\/www.melform.com\/fr\/conteneurs-\/catalogue-de-produits\/pieces-de-rechange\/fermetures\/kit-de-fermeture-avec-vis-acier-inoxydable\/#breadcrumb","itemListElement":[{"@type":"ListItem","position":1,"name":"Home","item":"https:\/\/www.melform.com\/fr\/"},{"@type":"ListItem","position":2,"name":"Shop","item":"https:\/\/www.melform.com\/fr\/shop\/"},{"@type":"ListItem","position":3,"name":"KIT DE FERMETURE A LEVIER AVEC VIS &#8211; acier inoxydable"}]},{"@type":"WebSite","@id":"https:\/\/www.melform.com\/fr\/#website","url":"https:\/\/www.melform.com\/fr\/","name":"MELFORM","description":"SISTEMI PER IL TRASPORTO E STOCCAGGIO A TEMPERATURA CONTROLLATA","potentialAction":[{"@type":"SearchAction","target":{"@type":"EntryPoint","urlTemplate":"https:\/\/www.melform.com\/fr\/?s={search_term_string}"},"query-input":{"@type":"PropertyValueSpecification","valueRequired":true,"valueName":"search_term_string"}}],"inLanguage":"fr-FR"}]}},"_links":{"self":[{"href":"https:\/\/www.melform.com\/fr\/wp-json\/wp\/v2\/product\/15658","targetHints":{"allow":["GET"]}}],"collection":[{"href":"https:\/\/www.melform.com\/fr\/wp-json\/wp\/v2\/product"}],"about":[{"href":"https:\/\/www.melform.com\/fr\/wp-json\/wp\/v2\/types\/product"}],"wp:featuredmedia":[{"embeddable":true,"href":"https:\/\/www.melform.com\/fr\/wp-json\/wp\/v2\/media\/15383"}],"wp:attachment":[{"href":"https:\/\/www.melform.com\/fr\/wp-json\/wp\/v2\/media?parent=15658"}],"wp:term":[{"taxonomy":"product_brand","embeddable":true,"href":"https:\/\/www.melform.com\/fr\/wp-json\/wp\/v2\/product_brand?post=15658"},{"taxonomy":"product_cat","embeddable":true,"href":"https:\/\/www.melform.com\/fr\/wp-json\/wp\/v2\/product_cat?post=15658"},{"taxonomy":"product_tag","embeddable":true,"href":"https:\/\/www.melform.com\/fr\/wp-json\/wp\/v2\/product_tag?post=15658"}],"curies":[{"name":"wp","href":"https:\/\/api.w.org\/{rel}","templated":true}]}}