{"id":15682,"date":"2024-12-31T00:40:55","date_gmt":"2024-12-30T22:40:55","guid":{"rendered":"https:\/\/www.melform.com\/?post_type=product&#038;p=15682"},"modified":"2025-01-02T18:43:13","modified_gmt":"2025-01-02T16:43:13","slug":"kit-groupe-chauffage-analogique","status":"publish","type":"product","link":"https:\/\/www.melform.com\/fr\/conteneurs-\/catalogue-de-produits\/pieces-de-rechange\/appareils-de-chauffage\/kit-groupe-chauffage-analogique\/","title":{"rendered":"KIT GROUPE CHAUFFANT ANALOGIQUE"},"content":{"rendered":"Un kit complet pour l&#8217;installation d&#8217;un groupe chauffant analogique, fabriqu\u00e9 en <strong>acier inoxydable<\/strong> pour garantir robustesse et durabilit\u00e9. Con\u00e7u pour fonctionner \u00e0 <strong>230V<\/strong> avec une puissance de <strong>200W<\/strong>, il offre des performances thermiques \u00e9lev\u00e9es pour des applications professionnelles.\r\n\r\n<strong>Caract\u00e9ristiques principales :<\/strong>\r\n<ul>\r\n \t<li><strong>Mat\u00e9riau :<\/strong> Acier inoxydable de haute qualit\u00e9, r\u00e9sistant \u00e0 la corrosion et \u00e0 l&#8217;usure.<\/li>\r\n \t<li><strong>Sp\u00e9cifications techniques :<\/strong> Alimentation 230V, puissance 200W, id\u00e9al pour une efficacit\u00e9 thermique optimale.<\/li>\r\n<\/ul>\r\n<strong>Compatibilit\u00e9 :<\/strong>\r\nSp\u00e9cifiquement con\u00e7u pour \u00eatre utilis\u00e9 avec la <strong>PORTE CHAUFFANTE THERMAX<\/strong>, assurant une int\u00e9gration parfaite et des performances fiables.\r\n\r\nUn accessoire indispensable pour maintenir un contr\u00f4le pr\u00e9cis de la temp\u00e9rature, id\u00e9al pour des applications n\u00e9cessitant fiabilit\u00e9 et durabilit\u00e9.\r\n\r\n<strong>Emballage unit\u00e9: 1<\/strong>","protected":false},"excerpt":{"rendered":"Un kit complet pour l&#8217;installation d&#8217;un groupe chauffant analogique, fabriqu\u00e9 en acier inoxydable pour garantir robustesse et durabilit\u00e9. Con\u00e7u pour fonctionner \u00e0 230V avec une puissance de 200W, il offre des performances thermiques \u00e9lev\u00e9es pour des applications professionnelles. Caract\u00e9ristiques principales : Mat\u00e9riau : Acier inoxydable de haute qualit\u00e9, r\u00e9sistant \u00e0 la corrosion et \u00e0 l&#8217;usure. [&hellip;]","protected":false},"featured_media":15263,"template":"","meta":{"_acf_changed":false,"_themeisle_gutenberg_block_has_review":false},"product_brand":[],"product_cat":[920,1048],"product_tag":[],"class_list":{"0":"post-15682","1":"product","2":"type-product","3":"status-publish","4":"has-post-thumbnail","6":"product_cat-pieces-de-rechange","7":"product_cat-appareils-de-chauffage","9":"first","10":"instock","11":"shipping-taxable","12":"product-type-simple"},"acf":[],"yoast_head":"<!-- This site is optimized with the Yoast SEO plugin v26.4 - https:\/\/yoast.com\/wordpress\/plugins\/seo\/ -->\n<title>KIT GROUPE CHAUFFANT ANALOGIQUE - MELFORM<\/title>\n<meta name=\"robots\" content=\"index, follow, max-snippet:-1, max-image-preview:large, max-video-preview:-1\" \/>\n<link rel=\"canonical\" href=\"https:\/\/www.melform.com\/fr\/conteneurs-\/catalogue-de-produits\/pieces-de-rechange\/appareils-de-chauffage\/kit-groupe-chauffage-analogique\/\" \/>\n<meta property=\"og:locale\" content=\"fr_FR\" \/>\n<meta property=\"og:type\" content=\"article\" \/>\n<meta property=\"og:title\" content=\"KIT GROUPE CHAUFFANT ANALOGIQUE - MELFORM\" \/>\n<meta property=\"og:description\" content=\"Un kit complet pour l&#8217;installation d&#8217;un groupe chauffant analogique, fabriqu\u00e9 en acier inoxydable pour garantir robustesse et durabilit\u00e9. Con\u00e7u pour fonctionner \u00e0 230V avec une puissance de 200W, il offre des performances thermiques \u00e9lev\u00e9es pour des applications professionnelles. Caract\u00e9ristiques principales : Mat\u00e9riau : Acier inoxydable de haute qualit\u00e9, r\u00e9sistant \u00e0 la corrosion et \u00e0 l&#8217;usure. [&hellip;]\" \/>\n<meta property=\"og:url\" content=\"https:\/\/www.melform.com\/fr\/conteneurs-\/catalogue-de-produits\/pieces-de-rechange\/appareils-de-chauffage\/kit-groupe-chauffage-analogique\/\" \/>\n<meta property=\"og:site_name\" content=\"MELFORM\" \/>\n<meta property=\"article:modified_time\" content=\"2025-01-02T16:43:13+00:00\" \/>\n<meta property=\"og:image\" content=\"https:\/\/www.melform.com\/wp-content\/uploads\/2024\/12\/K08C230I.jpg\" \/>\n\t<meta property=\"og:image:width\" content=\"2000\" \/>\n\t<meta property=\"og:image:height\" content=\"1333\" \/>\n\t<meta property=\"og:image:type\" content=\"image\/jpeg\" \/>\n<meta name=\"twitter:card\" content=\"summary_large_image\" \/>\n<script type=\"application\/ld+json\" class=\"yoast-schema-graph\">{\"@context\":\"https:\/\/schema.org\",\"@graph\":[{\"@type\":\"WebPage\",\"@id\":\"https:\/\/www.melform.com\/fr\/conteneurs-\/catalogue-de-produits\/pieces-de-rechange\/appareils-de-chauffage\/kit-groupe-chauffage-analogique\/\",\"url\":\"https:\/\/www.melform.com\/fr\/conteneurs-\/catalogue-de-produits\/pieces-de-rechange\/appareils-de-chauffage\/kit-groupe-chauffage-analogique\/\",\"name\":\"KIT GROUPE CHAUFFANT ANALOGIQUE - MELFORM\",\"isPartOf\":{\"@id\":\"https:\/\/www.melform.com\/fr\/#website\"},\"primaryImageOfPage\":{\"@id\":\"https:\/\/www.melform.com\/fr\/conteneurs-\/catalogue-de-produits\/pieces-de-rechange\/appareils-de-chauffage\/kit-groupe-chauffage-analogique\/#primaryimage\"},\"image\":{\"@id\":\"https:\/\/www.melform.com\/fr\/conteneurs-\/catalogue-de-produits\/pieces-de-rechange\/appareils-de-chauffage\/kit-groupe-chauffage-analogique\/#primaryimage\"},\"thumbnailUrl\":\"https:\/\/www.melform.com\/wp-content\/uploads\/2024\/12\/K08C230I.jpg\",\"datePublished\":\"2024-12-30T22:40:55+00:00\",\"dateModified\":\"2025-01-02T16:43:13+00:00\",\"breadcrumb\":{\"@id\":\"https:\/\/www.melform.com\/fr\/conteneurs-\/catalogue-de-produits\/pieces-de-rechange\/appareils-de-chauffage\/kit-groupe-chauffage-analogique\/#breadcrumb\"},\"inLanguage\":\"fr-FR\",\"potentialAction\":[{\"@type\":\"ReadAction\",\"target\":[\"https:\/\/www.melform.com\/fr\/conteneurs-\/catalogue-de-produits\/pieces-de-rechange\/appareils-de-chauffage\/kit-groupe-chauffage-analogique\/\"]}]},{\"@type\":\"ImageObject\",\"inLanguage\":\"fr-FR\",\"@id\":\"https:\/\/www.melform.com\/fr\/conteneurs-\/catalogue-de-produits\/pieces-de-rechange\/appareils-de-chauffage\/kit-groupe-chauffage-analogique\/#primaryimage\",\"url\":\"https:\/\/www.melform.com\/wp-content\/uploads\/2024\/12\/K08C230I.jpg\",\"contentUrl\":\"https:\/\/www.melform.com\/wp-content\/uploads\/2024\/12\/K08C230I.jpg\",\"width\":2000,\"height\":1333},{\"@type\":\"BreadcrumbList\",\"@id\":\"https:\/\/www.melform.com\/fr\/conteneurs-\/catalogue-de-produits\/pieces-de-rechange\/appareils-de-chauffage\/kit-groupe-chauffage-analogique\/#breadcrumb\",\"itemListElement\":[{\"@type\":\"ListItem\",\"position\":1,\"name\":\"Home\",\"item\":\"https:\/\/www.melform.com\/fr\/\"},{\"@type\":\"ListItem\",\"position\":2,\"name\":\"Shop\",\"item\":\"https:\/\/www.melform.com\/fr\/shop\/\"},{\"@type\":\"ListItem\",\"position\":3,\"name\":\"KIT GROUPE CHAUFFANT ANALOGIQUE\"}]},{\"@type\":\"WebSite\",\"@id\":\"https:\/\/www.melform.com\/fr\/#website\",\"url\":\"https:\/\/www.melform.com\/fr\/\",\"name\":\"MELFORM\",\"description\":\"SISTEMI PER IL TRASPORTO E STOCCAGGIO A TEMPERATURA CONTROLLATA\",\"potentialAction\":[{\"@type\":\"SearchAction\",\"target\":{\"@type\":\"EntryPoint\",\"urlTemplate\":\"https:\/\/www.melform.com\/fr\/?s={search_term_string}\"},\"query-input\":{\"@type\":\"PropertyValueSpecification\",\"valueRequired\":true,\"valueName\":\"search_term_string\"}}],\"inLanguage\":\"fr-FR\"}]}<\/script>\n<!-- \/ Yoast SEO plugin. -->","yoast_head_json":{"title":"KIT GROUPE CHAUFFANT ANALOGIQUE - MELFORM","robots":{"index":"index","follow":"follow","max-snippet":"max-snippet:-1","max-image-preview":"max-image-preview:large","max-video-preview":"max-video-preview:-1"},"canonical":"https:\/\/www.melform.com\/fr\/conteneurs-\/catalogue-de-produits\/pieces-de-rechange\/appareils-de-chauffage\/kit-groupe-chauffage-analogique\/","og_locale":"fr_FR","og_type":"article","og_title":"KIT GROUPE CHAUFFANT ANALOGIQUE - MELFORM","og_description":"Un kit complet pour l&#8217;installation d&#8217;un groupe chauffant analogique, fabriqu\u00e9 en acier inoxydable pour garantir robustesse et durabilit\u00e9. Con\u00e7u pour fonctionner \u00e0 230V avec une puissance de 200W, il offre des performances thermiques \u00e9lev\u00e9es pour des applications professionnelles. Caract\u00e9ristiques principales : Mat\u00e9riau : Acier inoxydable de haute qualit\u00e9, r\u00e9sistant \u00e0 la corrosion et \u00e0 l&#8217;usure. [&hellip;]","og_url":"https:\/\/www.melform.com\/fr\/conteneurs-\/catalogue-de-produits\/pieces-de-rechange\/appareils-de-chauffage\/kit-groupe-chauffage-analogique\/","og_site_name":"MELFORM","article_modified_time":"2025-01-02T16:43:13+00:00","og_image":[{"width":2000,"height":1333,"url":"https:\/\/www.melform.com\/wp-content\/uploads\/2024\/12\/K08C230I.jpg","type":"image\/jpeg"}],"twitter_card":"summary_large_image","schema":{"@context":"https:\/\/schema.org","@graph":[{"@type":"WebPage","@id":"https:\/\/www.melform.com\/fr\/conteneurs-\/catalogue-de-produits\/pieces-de-rechange\/appareils-de-chauffage\/kit-groupe-chauffage-analogique\/","url":"https:\/\/www.melform.com\/fr\/conteneurs-\/catalogue-de-produits\/pieces-de-rechange\/appareils-de-chauffage\/kit-groupe-chauffage-analogique\/","name":"KIT GROUPE CHAUFFANT ANALOGIQUE - MELFORM","isPartOf":{"@id":"https:\/\/www.melform.com\/fr\/#website"},"primaryImageOfPage":{"@id":"https:\/\/www.melform.com\/fr\/conteneurs-\/catalogue-de-produits\/pieces-de-rechange\/appareils-de-chauffage\/kit-groupe-chauffage-analogique\/#primaryimage"},"image":{"@id":"https:\/\/www.melform.com\/fr\/conteneurs-\/catalogue-de-produits\/pieces-de-rechange\/appareils-de-chauffage\/kit-groupe-chauffage-analogique\/#primaryimage"},"thumbnailUrl":"https:\/\/www.melform.com\/wp-content\/uploads\/2024\/12\/K08C230I.jpg","datePublished":"2024-12-30T22:40:55+00:00","dateModified":"2025-01-02T16:43:13+00:00","breadcrumb":{"@id":"https:\/\/www.melform.com\/fr\/conteneurs-\/catalogue-de-produits\/pieces-de-rechange\/appareils-de-chauffage\/kit-groupe-chauffage-analogique\/#breadcrumb"},"inLanguage":"fr-FR","potentialAction":[{"@type":"ReadAction","target":["https:\/\/www.melform.com\/fr\/conteneurs-\/catalogue-de-produits\/pieces-de-rechange\/appareils-de-chauffage\/kit-groupe-chauffage-analogique\/"]}]},{"@type":"ImageObject","inLanguage":"fr-FR","@id":"https:\/\/www.melform.com\/fr\/conteneurs-\/catalogue-de-produits\/pieces-de-rechange\/appareils-de-chauffage\/kit-groupe-chauffage-analogique\/#primaryimage","url":"https:\/\/www.melform.com\/wp-content\/uploads\/2024\/12\/K08C230I.jpg","contentUrl":"https:\/\/www.melform.com\/wp-content\/uploads\/2024\/12\/K08C230I.jpg","width":2000,"height":1333},{"@type":"BreadcrumbList","@id":"https:\/\/www.melform.com\/fr\/conteneurs-\/catalogue-de-produits\/pieces-de-rechange\/appareils-de-chauffage\/kit-groupe-chauffage-analogique\/#breadcrumb","itemListElement":[{"@type":"ListItem","position":1,"name":"Home","item":"https:\/\/www.melform.com\/fr\/"},{"@type":"ListItem","position":2,"name":"Shop","item":"https:\/\/www.melform.com\/fr\/shop\/"},{"@type":"ListItem","position":3,"name":"KIT GROUPE CHAUFFANT ANALOGIQUE"}]},{"@type":"WebSite","@id":"https:\/\/www.melform.com\/fr\/#website","url":"https:\/\/www.melform.com\/fr\/","name":"MELFORM","description":"SISTEMI PER IL TRASPORTO E STOCCAGGIO A TEMPERATURA CONTROLLATA","potentialAction":[{"@type":"SearchAction","target":{"@type":"EntryPoint","urlTemplate":"https:\/\/www.melform.com\/fr\/?s={search_term_string}"},"query-input":{"@type":"PropertyValueSpecification","valueRequired":true,"valueName":"search_term_string"}}],"inLanguage":"fr-FR"}]}},"_links":{"self":[{"href":"https:\/\/www.melform.com\/fr\/wp-json\/wp\/v2\/product\/15682","targetHints":{"allow":["GET"]}}],"collection":[{"href":"https:\/\/www.melform.com\/fr\/wp-json\/wp\/v2\/product"}],"about":[{"href":"https:\/\/www.melform.com\/fr\/wp-json\/wp\/v2\/types\/product"}],"wp:featuredmedia":[{"embeddable":true,"href":"https:\/\/www.melform.com\/fr\/wp-json\/wp\/v2\/media\/15263"}],"wp:attachment":[{"href":"https:\/\/www.melform.com\/fr\/wp-json\/wp\/v2\/media?parent=15682"}],"wp:term":[{"taxonomy":"product_brand","embeddable":true,"href":"https:\/\/www.melform.com\/fr\/wp-json\/wp\/v2\/product_brand?post=15682"},{"taxonomy":"product_cat","embeddable":true,"href":"https:\/\/www.melform.com\/fr\/wp-json\/wp\/v2\/product_cat?post=15682"},{"taxonomy":"product_tag","embeddable":true,"href":"https:\/\/www.melform.com\/fr\/wp-json\/wp\/v2\/product_tag?post=15682"}],"curies":[{"name":"wp","href":"https:\/\/api.w.org\/{rel}","templated":true}]}}