{"id":15685,"date":"2024-12-31T00:49:16","date_gmt":"2024-12-30T22:49:16","guid":{"rendered":"https:\/\/www.melform.com\/?post_type=product&#038;p=15685"},"modified":"2025-01-04T15:57:39","modified_gmt":"2025-01-04T13:57:39","slug":"kit-ventilateur-pour-unite-de-chauffage","status":"publish","type":"product","link":"https:\/\/www.melform.com\/fr\/conteneurs-\/catalogue-de-produits\/pieces-de-rechange\/appareils-de-chauffage\/kit-ventilateur-pour-unite-de-chauffage\/","title":{"rendered":"KIT VENTILATEUR POUR GROUPE CHAUFFANT"},"content":{"rendered":"Ventilateur en acier inoxydable, con\u00e7u pour garantir une ventilation efficace du groupe chauffant.\r\n\r\n<strong>Caract\u00e9ristiques Techniques :<\/strong>\r\n<ul>\r\n \t<li>Mat\u00e9riau : Acier Inoxydable<\/li>\r\n \t<li>Alimentation : 230V<\/li>\r\n \t<li>Puissance : 200W<\/li>\r\n<\/ul>\r\n<strong>Compatibilit\u00e9 du produit :<\/strong> compatible avec <i>PORTE CHAUFFANTE THERMAX.<\/i>\r\n\r\nId\u00e9al pour am\u00e9liorer la r\u00e9partition de la chaleur, augmenter les performances et prolonger la dur\u00e9e de vie du syst\u00e8me de chauffage.\r\n\r\nEmballage unit\u00e9: 1","protected":false},"excerpt":{"rendered":"Ventilateur en acier inoxydable, con\u00e7u pour garantir une ventilation efficace du groupe chauffant. Caract\u00e9ristiques Techniques : Mat\u00e9riau : Acier Inoxydable Alimentation : 230V Puissance : 200W Compatibilit\u00e9 du produit : compatible avec PORTE CHAUFFANTE THERMAX. Id\u00e9al pour am\u00e9liorer la r\u00e9partition de la chaleur, augmenter les performances et prolonger la dur\u00e9e de vie du syst\u00e8me de [&hellip;]","protected":false},"featured_media":15365,"template":"","meta":{"_acf_changed":false,"_themeisle_gutenberg_block_has_review":false},"product_brand":[],"product_cat":[920,1048],"product_tag":[],"class_list":{"0":"post-15685","1":"product","2":"type-product","3":"status-publish","4":"has-post-thumbnail","6":"product_cat-pieces-de-rechange","7":"product_cat-appareils-de-chauffage","9":"first","10":"instock","11":"shipping-taxable","12":"product-type-simple"},"acf":[],"yoast_head":"<!-- This site is optimized with the Yoast SEO plugin v26.4 - https:\/\/yoast.com\/wordpress\/plugins\/seo\/ -->\n<title>KIT VENTILATEUR POUR GROUPE CHAUFFANT - MELFORM<\/title>\n<meta name=\"robots\" content=\"index, follow, max-snippet:-1, max-image-preview:large, max-video-preview:-1\" \/>\n<link rel=\"canonical\" href=\"https:\/\/www.melform.com\/fr\/conteneurs-\/catalogue-de-produits\/pieces-de-rechange\/appareils-de-chauffage\/kit-ventilateur-pour-unite-de-chauffage\/\" \/>\n<meta property=\"og:locale\" content=\"fr_FR\" \/>\n<meta property=\"og:type\" content=\"article\" \/>\n<meta property=\"og:title\" content=\"KIT VENTILATEUR POUR GROUPE CHAUFFANT - MELFORM\" \/>\n<meta property=\"og:description\" content=\"Ventilateur en acier inoxydable, con\u00e7u pour garantir une ventilation efficace du groupe chauffant. Caract\u00e9ristiques Techniques : Mat\u00e9riau : Acier Inoxydable Alimentation : 230V Puissance : 200W Compatibilit\u00e9 du produit : compatible avec PORTE CHAUFFANTE THERMAX. Id\u00e9al pour am\u00e9liorer la r\u00e9partition de la chaleur, augmenter les performances et prolonger la dur\u00e9e de vie du syst\u00e8me de [&hellip;]\" \/>\n<meta property=\"og:url\" content=\"https:\/\/www.melform.com\/fr\/conteneurs-\/catalogue-de-produits\/pieces-de-rechange\/appareils-de-chauffage\/kit-ventilateur-pour-unite-de-chauffage\/\" \/>\n<meta property=\"og:site_name\" content=\"MELFORM\" \/>\n<meta property=\"article:modified_time\" content=\"2025-01-04T13:57:39+00:00\" \/>\n<meta property=\"og:image\" content=\"https:\/\/www.melform.com\/wp-content\/uploads\/2024\/12\/RRI108-1024x683.jpg\" \/>\n\t<meta property=\"og:image:width\" content=\"1024\" \/>\n\t<meta property=\"og:image:height\" content=\"683\" \/>\n\t<meta property=\"og:image:type\" content=\"image\/jpeg\" \/>\n<meta name=\"twitter:card\" content=\"summary_large_image\" \/>\n<script type=\"application\/ld+json\" class=\"yoast-schema-graph\">{\"@context\":\"https:\/\/schema.org\",\"@graph\":[{\"@type\":\"WebPage\",\"@id\":\"https:\/\/www.melform.com\/fr\/conteneurs-\/catalogue-de-produits\/pieces-de-rechange\/appareils-de-chauffage\/kit-ventilateur-pour-unite-de-chauffage\/\",\"url\":\"https:\/\/www.melform.com\/fr\/conteneurs-\/catalogue-de-produits\/pieces-de-rechange\/appareils-de-chauffage\/kit-ventilateur-pour-unite-de-chauffage\/\",\"name\":\"KIT VENTILATEUR POUR GROUPE CHAUFFANT - MELFORM\",\"isPartOf\":{\"@id\":\"https:\/\/www.melform.com\/fr\/#website\"},\"primaryImageOfPage\":{\"@id\":\"https:\/\/www.melform.com\/fr\/conteneurs-\/catalogue-de-produits\/pieces-de-rechange\/appareils-de-chauffage\/kit-ventilateur-pour-unite-de-chauffage\/#primaryimage\"},\"image\":{\"@id\":\"https:\/\/www.melform.com\/fr\/conteneurs-\/catalogue-de-produits\/pieces-de-rechange\/appareils-de-chauffage\/kit-ventilateur-pour-unite-de-chauffage\/#primaryimage\"},\"thumbnailUrl\":\"https:\/\/www.melform.com\/wp-content\/uploads\/2024\/12\/RRI108.jpg\",\"datePublished\":\"2024-12-30T22:49:16+00:00\",\"dateModified\":\"2025-01-04T13:57:39+00:00\",\"breadcrumb\":{\"@id\":\"https:\/\/www.melform.com\/fr\/conteneurs-\/catalogue-de-produits\/pieces-de-rechange\/appareils-de-chauffage\/kit-ventilateur-pour-unite-de-chauffage\/#breadcrumb\"},\"inLanguage\":\"fr-FR\",\"potentialAction\":[{\"@type\":\"ReadAction\",\"target\":[\"https:\/\/www.melform.com\/fr\/conteneurs-\/catalogue-de-produits\/pieces-de-rechange\/appareils-de-chauffage\/kit-ventilateur-pour-unite-de-chauffage\/\"]}]},{\"@type\":\"ImageObject\",\"inLanguage\":\"fr-FR\",\"@id\":\"https:\/\/www.melform.com\/fr\/conteneurs-\/catalogue-de-produits\/pieces-de-rechange\/appareils-de-chauffage\/kit-ventilateur-pour-unite-de-chauffage\/#primaryimage\",\"url\":\"https:\/\/www.melform.com\/wp-content\/uploads\/2024\/12\/RRI108.jpg\",\"contentUrl\":\"https:\/\/www.melform.com\/wp-content\/uploads\/2024\/12\/RRI108.jpg\",\"width\":8256,\"height\":5504},{\"@type\":\"BreadcrumbList\",\"@id\":\"https:\/\/www.melform.com\/fr\/conteneurs-\/catalogue-de-produits\/pieces-de-rechange\/appareils-de-chauffage\/kit-ventilateur-pour-unite-de-chauffage\/#breadcrumb\",\"itemListElement\":[{\"@type\":\"ListItem\",\"position\":1,\"name\":\"Home\",\"item\":\"https:\/\/www.melform.com\/fr\/\"},{\"@type\":\"ListItem\",\"position\":2,\"name\":\"Shop\",\"item\":\"https:\/\/www.melform.com\/fr\/shop\/\"},{\"@type\":\"ListItem\",\"position\":3,\"name\":\"KIT VENTILATEUR POUR GROUPE CHAUFFANT\"}]},{\"@type\":\"WebSite\",\"@id\":\"https:\/\/www.melform.com\/fr\/#website\",\"url\":\"https:\/\/www.melform.com\/fr\/\",\"name\":\"MELFORM\",\"description\":\"SISTEMI PER IL TRASPORTO E STOCCAGGIO A TEMPERATURA CONTROLLATA\",\"potentialAction\":[{\"@type\":\"SearchAction\",\"target\":{\"@type\":\"EntryPoint\",\"urlTemplate\":\"https:\/\/www.melform.com\/fr\/?s={search_term_string}\"},\"query-input\":{\"@type\":\"PropertyValueSpecification\",\"valueRequired\":true,\"valueName\":\"search_term_string\"}}],\"inLanguage\":\"fr-FR\"}]}<\/script>\n<!-- \/ Yoast SEO plugin. -->","yoast_head_json":{"title":"KIT VENTILATEUR POUR GROUPE CHAUFFANT - MELFORM","robots":{"index":"index","follow":"follow","max-snippet":"max-snippet:-1","max-image-preview":"max-image-preview:large","max-video-preview":"max-video-preview:-1"},"canonical":"https:\/\/www.melform.com\/fr\/conteneurs-\/catalogue-de-produits\/pieces-de-rechange\/appareils-de-chauffage\/kit-ventilateur-pour-unite-de-chauffage\/","og_locale":"fr_FR","og_type":"article","og_title":"KIT VENTILATEUR POUR GROUPE CHAUFFANT - MELFORM","og_description":"Ventilateur en acier inoxydable, con\u00e7u pour garantir une ventilation efficace du groupe chauffant. Caract\u00e9ristiques Techniques : Mat\u00e9riau : Acier Inoxydable Alimentation : 230V Puissance : 200W Compatibilit\u00e9 du produit : compatible avec PORTE CHAUFFANTE THERMAX. Id\u00e9al pour am\u00e9liorer la r\u00e9partition de la chaleur, augmenter les performances et prolonger la dur\u00e9e de vie du syst\u00e8me de [&hellip;]","og_url":"https:\/\/www.melform.com\/fr\/conteneurs-\/catalogue-de-produits\/pieces-de-rechange\/appareils-de-chauffage\/kit-ventilateur-pour-unite-de-chauffage\/","og_site_name":"MELFORM","article_modified_time":"2025-01-04T13:57:39+00:00","og_image":[{"width":1024,"height":683,"url":"https:\/\/www.melform.com\/wp-content\/uploads\/2024\/12\/RRI108-1024x683.jpg","type":"image\/jpeg"}],"twitter_card":"summary_large_image","schema":{"@context":"https:\/\/schema.org","@graph":[{"@type":"WebPage","@id":"https:\/\/www.melform.com\/fr\/conteneurs-\/catalogue-de-produits\/pieces-de-rechange\/appareils-de-chauffage\/kit-ventilateur-pour-unite-de-chauffage\/","url":"https:\/\/www.melform.com\/fr\/conteneurs-\/catalogue-de-produits\/pieces-de-rechange\/appareils-de-chauffage\/kit-ventilateur-pour-unite-de-chauffage\/","name":"KIT VENTILATEUR POUR GROUPE CHAUFFANT - MELFORM","isPartOf":{"@id":"https:\/\/www.melform.com\/fr\/#website"},"primaryImageOfPage":{"@id":"https:\/\/www.melform.com\/fr\/conteneurs-\/catalogue-de-produits\/pieces-de-rechange\/appareils-de-chauffage\/kit-ventilateur-pour-unite-de-chauffage\/#primaryimage"},"image":{"@id":"https:\/\/www.melform.com\/fr\/conteneurs-\/catalogue-de-produits\/pieces-de-rechange\/appareils-de-chauffage\/kit-ventilateur-pour-unite-de-chauffage\/#primaryimage"},"thumbnailUrl":"https:\/\/www.melform.com\/wp-content\/uploads\/2024\/12\/RRI108.jpg","datePublished":"2024-12-30T22:49:16+00:00","dateModified":"2025-01-04T13:57:39+00:00","breadcrumb":{"@id":"https:\/\/www.melform.com\/fr\/conteneurs-\/catalogue-de-produits\/pieces-de-rechange\/appareils-de-chauffage\/kit-ventilateur-pour-unite-de-chauffage\/#breadcrumb"},"inLanguage":"fr-FR","potentialAction":[{"@type":"ReadAction","target":["https:\/\/www.melform.com\/fr\/conteneurs-\/catalogue-de-produits\/pieces-de-rechange\/appareils-de-chauffage\/kit-ventilateur-pour-unite-de-chauffage\/"]}]},{"@type":"ImageObject","inLanguage":"fr-FR","@id":"https:\/\/www.melform.com\/fr\/conteneurs-\/catalogue-de-produits\/pieces-de-rechange\/appareils-de-chauffage\/kit-ventilateur-pour-unite-de-chauffage\/#primaryimage","url":"https:\/\/www.melform.com\/wp-content\/uploads\/2024\/12\/RRI108.jpg","contentUrl":"https:\/\/www.melform.com\/wp-content\/uploads\/2024\/12\/RRI108.jpg","width":8256,"height":5504},{"@type":"BreadcrumbList","@id":"https:\/\/www.melform.com\/fr\/conteneurs-\/catalogue-de-produits\/pieces-de-rechange\/appareils-de-chauffage\/kit-ventilateur-pour-unite-de-chauffage\/#breadcrumb","itemListElement":[{"@type":"ListItem","position":1,"name":"Home","item":"https:\/\/www.melform.com\/fr\/"},{"@type":"ListItem","position":2,"name":"Shop","item":"https:\/\/www.melform.com\/fr\/shop\/"},{"@type":"ListItem","position":3,"name":"KIT VENTILATEUR POUR GROUPE CHAUFFANT"}]},{"@type":"WebSite","@id":"https:\/\/www.melform.com\/fr\/#website","url":"https:\/\/www.melform.com\/fr\/","name":"MELFORM","description":"SISTEMI PER IL TRASPORTO E STOCCAGGIO A TEMPERATURA CONTROLLATA","potentialAction":[{"@type":"SearchAction","target":{"@type":"EntryPoint","urlTemplate":"https:\/\/www.melform.com\/fr\/?s={search_term_string}"},"query-input":{"@type":"PropertyValueSpecification","valueRequired":true,"valueName":"search_term_string"}}],"inLanguage":"fr-FR"}]}},"_links":{"self":[{"href":"https:\/\/www.melform.com\/fr\/wp-json\/wp\/v2\/product\/15685","targetHints":{"allow":["GET"]}}],"collection":[{"href":"https:\/\/www.melform.com\/fr\/wp-json\/wp\/v2\/product"}],"about":[{"href":"https:\/\/www.melform.com\/fr\/wp-json\/wp\/v2\/types\/product"}],"wp:featuredmedia":[{"embeddable":true,"href":"https:\/\/www.melform.com\/fr\/wp-json\/wp\/v2\/media\/15365"}],"wp:attachment":[{"href":"https:\/\/www.melform.com\/fr\/wp-json\/wp\/v2\/media?parent=15685"}],"wp:term":[{"taxonomy":"product_brand","embeddable":true,"href":"https:\/\/www.melform.com\/fr\/wp-json\/wp\/v2\/product_brand?post=15685"},{"taxonomy":"product_cat","embeddable":true,"href":"https:\/\/www.melform.com\/fr\/wp-json\/wp\/v2\/product_cat?post=15685"},{"taxonomy":"product_tag","embeddable":true,"href":"https:\/\/www.melform.com\/fr\/wp-json\/wp\/v2\/product_tag?post=15685"}],"curies":[{"name":"wp","href":"https:\/\/api.w.org\/{rel}","templated":true}]}}