{"id":15691,"date":"2024-12-31T01:00:35","date_gmt":"2024-12-30T23:00:35","guid":{"rendered":"https:\/\/www.melform.com\/?post_type=product&#038;p=15691"},"modified":"2025-01-04T15:52:19","modified_gmt":"2025-01-04T13:52:19","slug":"kit-thermometre-numerique-et-sonde","status":"publish","type":"product","link":"https:\/\/www.melform.com\/fr\/conteneurs-\/catalogue-de-produits\/pieces-de-rechange\/appareils-de-chauffage\/kit-thermometre-numerique-et-sonde\/","title":{"rendered":"KIT THERMOSTAT NUM\u00c9RIQUE AVEC SONDE"},"content":{"rendered":"Kit complet compos\u00e9 d&#8217;un thermostat num\u00e9rique et d&#8217;une sonde pour une r\u00e9gulation pr\u00e9cise de la temp\u00e9rature. Con\u00e7u pour garantir un contr\u00f4le pr\u00e9cis et fiable du groupe chauffant.\r\n\r\n<strong>Compatibilit\u00e9 du produit :<\/strong> compatible avec <strong><em>PORTE CHAUFFANTE THERMAX<\/em>.<\/strong>\r\n\r\nId\u00e9al pour optimiser les performances du syst\u00e8me de chauffage, assurant efficacit\u00e9 et s\u00e9curit\u00e9 dans le temps.\r\n\r\nEmballage unit\u00e9: 1","protected":false},"excerpt":{"rendered":"Kit complet compos\u00e9 d&#8217;un thermostat num\u00e9rique et d&#8217;une sonde pour une r\u00e9gulation pr\u00e9cise de la temp\u00e9rature. Con\u00e7u pour garantir un contr\u00f4le pr\u00e9cis et fiable du groupe chauffant. Compatibilit\u00e9 du produit : compatible avec PORTE CHAUFFANTE THERMAX. Id\u00e9al pour optimiser les performances du syst\u00e8me de chauffage, assurant efficacit\u00e9 et s\u00e9curit\u00e9 dans le temps. Emballage unit\u00e9: 1","protected":false},"featured_media":15389,"template":"","meta":{"_acf_changed":false,"_themeisle_gutenberg_block_has_review":false},"product_brand":[],"product_cat":[920,1048],"product_tag":[],"class_list":{"0":"post-15691","1":"product","2":"type-product","3":"status-publish","4":"has-post-thumbnail","6":"product_cat-pieces-de-rechange","7":"product_cat-appareils-de-chauffage","9":"first","10":"instock","11":"shipping-taxable","12":"product-type-simple"},"acf":[],"yoast_head":"<!-- This site is optimized with the Yoast SEO plugin v26.4 - https:\/\/yoast.com\/wordpress\/plugins\/seo\/ -->\n<title>KIT THERMOSTAT NUM\u00c9RIQUE AVEC SONDE - MELFORM<\/title>\n<meta name=\"robots\" content=\"index, follow, max-snippet:-1, max-image-preview:large, max-video-preview:-1\" \/>\n<link rel=\"canonical\" href=\"https:\/\/www.melform.com\/fr\/conteneurs-\/catalogue-de-produits\/pieces-de-rechange\/appareils-de-chauffage\/kit-thermometre-numerique-et-sonde\/\" \/>\n<meta property=\"og:locale\" content=\"fr_FR\" \/>\n<meta property=\"og:type\" content=\"article\" \/>\n<meta property=\"og:title\" content=\"KIT THERMOSTAT NUM\u00c9RIQUE AVEC SONDE - MELFORM\" \/>\n<meta property=\"og:description\" content=\"Kit complet compos\u00e9 d&#8217;un thermostat num\u00e9rique et d&#8217;une sonde pour une r\u00e9gulation pr\u00e9cise de la temp\u00e9rature. Con\u00e7u pour garantir un contr\u00f4le pr\u00e9cis et fiable du groupe chauffant. Compatibilit\u00e9 du produit : compatible avec PORTE CHAUFFANTE THERMAX. Id\u00e9al pour optimiser les performances du syst\u00e8me de chauffage, assurant efficacit\u00e9 et s\u00e9curit\u00e9 dans le temps. Emballage unit\u00e9: 1\" \/>\n<meta property=\"og:url\" content=\"https:\/\/www.melform.com\/fr\/conteneurs-\/catalogue-de-produits\/pieces-de-rechange\/appareils-de-chauffage\/kit-thermometre-numerique-et-sonde\/\" \/>\n<meta property=\"og:site_name\" content=\"MELFORM\" \/>\n<meta property=\"article:modified_time\" content=\"2025-01-04T13:52:19+00:00\" \/>\n<meta property=\"og:image\" content=\"https:\/\/www.melform.com\/wp-content\/uploads\/2024\/12\/RRI140.jpg\" \/>\n\t<meta property=\"og:image:width\" content=\"2000\" \/>\n\t<meta property=\"og:image:height\" content=\"1333\" \/>\n\t<meta property=\"og:image:type\" content=\"image\/jpeg\" \/>\n<meta name=\"twitter:card\" content=\"summary_large_image\" \/>\n<script type=\"application\/ld+json\" class=\"yoast-schema-graph\">{\"@context\":\"https:\/\/schema.org\",\"@graph\":[{\"@type\":\"WebPage\",\"@id\":\"https:\/\/www.melform.com\/fr\/conteneurs-\/catalogue-de-produits\/pieces-de-rechange\/appareils-de-chauffage\/kit-thermometre-numerique-et-sonde\/\",\"url\":\"https:\/\/www.melform.com\/fr\/conteneurs-\/catalogue-de-produits\/pieces-de-rechange\/appareils-de-chauffage\/kit-thermometre-numerique-et-sonde\/\",\"name\":\"KIT THERMOSTAT NUM\u00c9RIQUE AVEC SONDE - MELFORM\",\"isPartOf\":{\"@id\":\"https:\/\/www.melform.com\/fr\/#website\"},\"primaryImageOfPage\":{\"@id\":\"https:\/\/www.melform.com\/fr\/conteneurs-\/catalogue-de-produits\/pieces-de-rechange\/appareils-de-chauffage\/kit-thermometre-numerique-et-sonde\/#primaryimage\"},\"image\":{\"@id\":\"https:\/\/www.melform.com\/fr\/conteneurs-\/catalogue-de-produits\/pieces-de-rechange\/appareils-de-chauffage\/kit-thermometre-numerique-et-sonde\/#primaryimage\"},\"thumbnailUrl\":\"https:\/\/www.melform.com\/wp-content\/uploads\/2024\/12\/RRI140.jpg\",\"datePublished\":\"2024-12-30T23:00:35+00:00\",\"dateModified\":\"2025-01-04T13:52:19+00:00\",\"breadcrumb\":{\"@id\":\"https:\/\/www.melform.com\/fr\/conteneurs-\/catalogue-de-produits\/pieces-de-rechange\/appareils-de-chauffage\/kit-thermometre-numerique-et-sonde\/#breadcrumb\"},\"inLanguage\":\"fr-FR\",\"potentialAction\":[{\"@type\":\"ReadAction\",\"target\":[\"https:\/\/www.melform.com\/fr\/conteneurs-\/catalogue-de-produits\/pieces-de-rechange\/appareils-de-chauffage\/kit-thermometre-numerique-et-sonde\/\"]}]},{\"@type\":\"ImageObject\",\"inLanguage\":\"fr-FR\",\"@id\":\"https:\/\/www.melform.com\/fr\/conteneurs-\/catalogue-de-produits\/pieces-de-rechange\/appareils-de-chauffage\/kit-thermometre-numerique-et-sonde\/#primaryimage\",\"url\":\"https:\/\/www.melform.com\/wp-content\/uploads\/2024\/12\/RRI140.jpg\",\"contentUrl\":\"https:\/\/www.melform.com\/wp-content\/uploads\/2024\/12\/RRI140.jpg\",\"width\":2000,\"height\":1333},{\"@type\":\"BreadcrumbList\",\"@id\":\"https:\/\/www.melform.com\/fr\/conteneurs-\/catalogue-de-produits\/pieces-de-rechange\/appareils-de-chauffage\/kit-thermometre-numerique-et-sonde\/#breadcrumb\",\"itemListElement\":[{\"@type\":\"ListItem\",\"position\":1,\"name\":\"Home\",\"item\":\"https:\/\/www.melform.com\/fr\/\"},{\"@type\":\"ListItem\",\"position\":2,\"name\":\"Shop\",\"item\":\"https:\/\/www.melform.com\/fr\/shop\/\"},{\"@type\":\"ListItem\",\"position\":3,\"name\":\"KIT THERMOSTAT NUM\u00c9RIQUE AVEC SONDE\"}]},{\"@type\":\"WebSite\",\"@id\":\"https:\/\/www.melform.com\/fr\/#website\",\"url\":\"https:\/\/www.melform.com\/fr\/\",\"name\":\"MELFORM\",\"description\":\"SISTEMI PER IL TRASPORTO E STOCCAGGIO A TEMPERATURA CONTROLLATA\",\"potentialAction\":[{\"@type\":\"SearchAction\",\"target\":{\"@type\":\"EntryPoint\",\"urlTemplate\":\"https:\/\/www.melform.com\/fr\/?s={search_term_string}\"},\"query-input\":{\"@type\":\"PropertyValueSpecification\",\"valueRequired\":true,\"valueName\":\"search_term_string\"}}],\"inLanguage\":\"fr-FR\"}]}<\/script>\n<!-- \/ Yoast SEO plugin. -->","yoast_head_json":{"title":"KIT THERMOSTAT NUM\u00c9RIQUE AVEC SONDE - MELFORM","robots":{"index":"index","follow":"follow","max-snippet":"max-snippet:-1","max-image-preview":"max-image-preview:large","max-video-preview":"max-video-preview:-1"},"canonical":"https:\/\/www.melform.com\/fr\/conteneurs-\/catalogue-de-produits\/pieces-de-rechange\/appareils-de-chauffage\/kit-thermometre-numerique-et-sonde\/","og_locale":"fr_FR","og_type":"article","og_title":"KIT THERMOSTAT NUM\u00c9RIQUE AVEC SONDE - MELFORM","og_description":"Kit complet compos\u00e9 d&#8217;un thermostat num\u00e9rique et d&#8217;une sonde pour une r\u00e9gulation pr\u00e9cise de la temp\u00e9rature. Con\u00e7u pour garantir un contr\u00f4le pr\u00e9cis et fiable du groupe chauffant. Compatibilit\u00e9 du produit : compatible avec PORTE CHAUFFANTE THERMAX. Id\u00e9al pour optimiser les performances du syst\u00e8me de chauffage, assurant efficacit\u00e9 et s\u00e9curit\u00e9 dans le temps. Emballage unit\u00e9: 1","og_url":"https:\/\/www.melform.com\/fr\/conteneurs-\/catalogue-de-produits\/pieces-de-rechange\/appareils-de-chauffage\/kit-thermometre-numerique-et-sonde\/","og_site_name":"MELFORM","article_modified_time":"2025-01-04T13:52:19+00:00","og_image":[{"width":2000,"height":1333,"url":"https:\/\/www.melform.com\/wp-content\/uploads\/2024\/12\/RRI140.jpg","type":"image\/jpeg"}],"twitter_card":"summary_large_image","schema":{"@context":"https:\/\/schema.org","@graph":[{"@type":"WebPage","@id":"https:\/\/www.melform.com\/fr\/conteneurs-\/catalogue-de-produits\/pieces-de-rechange\/appareils-de-chauffage\/kit-thermometre-numerique-et-sonde\/","url":"https:\/\/www.melform.com\/fr\/conteneurs-\/catalogue-de-produits\/pieces-de-rechange\/appareils-de-chauffage\/kit-thermometre-numerique-et-sonde\/","name":"KIT THERMOSTAT NUM\u00c9RIQUE AVEC SONDE - MELFORM","isPartOf":{"@id":"https:\/\/www.melform.com\/fr\/#website"},"primaryImageOfPage":{"@id":"https:\/\/www.melform.com\/fr\/conteneurs-\/catalogue-de-produits\/pieces-de-rechange\/appareils-de-chauffage\/kit-thermometre-numerique-et-sonde\/#primaryimage"},"image":{"@id":"https:\/\/www.melform.com\/fr\/conteneurs-\/catalogue-de-produits\/pieces-de-rechange\/appareils-de-chauffage\/kit-thermometre-numerique-et-sonde\/#primaryimage"},"thumbnailUrl":"https:\/\/www.melform.com\/wp-content\/uploads\/2024\/12\/RRI140.jpg","datePublished":"2024-12-30T23:00:35+00:00","dateModified":"2025-01-04T13:52:19+00:00","breadcrumb":{"@id":"https:\/\/www.melform.com\/fr\/conteneurs-\/catalogue-de-produits\/pieces-de-rechange\/appareils-de-chauffage\/kit-thermometre-numerique-et-sonde\/#breadcrumb"},"inLanguage":"fr-FR","potentialAction":[{"@type":"ReadAction","target":["https:\/\/www.melform.com\/fr\/conteneurs-\/catalogue-de-produits\/pieces-de-rechange\/appareils-de-chauffage\/kit-thermometre-numerique-et-sonde\/"]}]},{"@type":"ImageObject","inLanguage":"fr-FR","@id":"https:\/\/www.melform.com\/fr\/conteneurs-\/catalogue-de-produits\/pieces-de-rechange\/appareils-de-chauffage\/kit-thermometre-numerique-et-sonde\/#primaryimage","url":"https:\/\/www.melform.com\/wp-content\/uploads\/2024\/12\/RRI140.jpg","contentUrl":"https:\/\/www.melform.com\/wp-content\/uploads\/2024\/12\/RRI140.jpg","width":2000,"height":1333},{"@type":"BreadcrumbList","@id":"https:\/\/www.melform.com\/fr\/conteneurs-\/catalogue-de-produits\/pieces-de-rechange\/appareils-de-chauffage\/kit-thermometre-numerique-et-sonde\/#breadcrumb","itemListElement":[{"@type":"ListItem","position":1,"name":"Home","item":"https:\/\/www.melform.com\/fr\/"},{"@type":"ListItem","position":2,"name":"Shop","item":"https:\/\/www.melform.com\/fr\/shop\/"},{"@type":"ListItem","position":3,"name":"KIT THERMOSTAT NUM\u00c9RIQUE AVEC SONDE"}]},{"@type":"WebSite","@id":"https:\/\/www.melform.com\/fr\/#website","url":"https:\/\/www.melform.com\/fr\/","name":"MELFORM","description":"SISTEMI PER IL TRASPORTO E STOCCAGGIO A TEMPERATURA CONTROLLATA","potentialAction":[{"@type":"SearchAction","target":{"@type":"EntryPoint","urlTemplate":"https:\/\/www.melform.com\/fr\/?s={search_term_string}"},"query-input":{"@type":"PropertyValueSpecification","valueRequired":true,"valueName":"search_term_string"}}],"inLanguage":"fr-FR"}]}},"_links":{"self":[{"href":"https:\/\/www.melform.com\/fr\/wp-json\/wp\/v2\/product\/15691","targetHints":{"allow":["GET"]}}],"collection":[{"href":"https:\/\/www.melform.com\/fr\/wp-json\/wp\/v2\/product"}],"about":[{"href":"https:\/\/www.melform.com\/fr\/wp-json\/wp\/v2\/types\/product"}],"wp:featuredmedia":[{"embeddable":true,"href":"https:\/\/www.melform.com\/fr\/wp-json\/wp\/v2\/media\/15389"}],"wp:attachment":[{"href":"https:\/\/www.melform.com\/fr\/wp-json\/wp\/v2\/media?parent=15691"}],"wp:term":[{"taxonomy":"product_brand","embeddable":true,"href":"https:\/\/www.melform.com\/fr\/wp-json\/wp\/v2\/product_brand?post=15691"},{"taxonomy":"product_cat","embeddable":true,"href":"https:\/\/www.melform.com\/fr\/wp-json\/wp\/v2\/product_cat?post=15691"},{"taxonomy":"product_tag","embeddable":true,"href":"https:\/\/www.melform.com\/fr\/wp-json\/wp\/v2\/product_tag?post=15691"}],"curies":[{"name":"wp","href":"https:\/\/api.w.org\/{rel}","templated":true}]}}