{"id":15779,"date":"2024-12-31T15:57:11","date_gmt":"2024-12-31T13:57:11","guid":{"rendered":"https:\/\/www.melform.com\/?post_type=product&#038;p=15779"},"modified":"2025-01-04T18:48:19","modified_gmt":"2025-01-04T16:48:19","slug":"liege","status":"publish","type":"product","link":"https:\/\/www.melform.com\/fr\/conteneurs-\/catalogue-de-produits\/pieces-de-rechange\/robinets-bouchons-vannes\/liege\/","title":{"rendered":"KIT DE BOUCHON"},"content":{"rendered":"Con\u00e7u pour rendre le conteneur adapt\u00e9 au service de sauces et soupes.\u00a0 \u00a0Fabriqu\u00e9 avec des mat\u00e9riaux de haute qualit\u00e9, il garantit une fermeture herm\u00e9tique et s\u00e9curis\u00e9e, \u00e9vitant les fuites et maintenant la temp\u00e9rature du contenu.\r\n\r\n<strong>Compatibilit\u00e9 du produit :<\/strong>\r\n<ul>\r\n \t<li><em>THERMAX QC05 \/ QC10 \/ QC20 \/ Q-XTRA<\/em><\/li>\r\n<\/ul>\r\nUne solution id\u00e9ale pour am\u00e9liorer la fonctionnalit\u00e9 du contenant, le rendant parfait pour une utilisation professionnelle dans les cantines, restaurants et services de restauration, avec des performances fiables et une hygi\u00e8ne garantie.\r\n\r\nEmballage unit\u00e9: 2","protected":false},"excerpt":{"rendered":"Con\u00e7u pour rendre le conteneur adapt\u00e9 au service de sauces et soupes.\u00a0 \u00a0Fabriqu\u00e9 avec des mat\u00e9riaux de haute qualit\u00e9, il garantit une fermeture herm\u00e9tique et s\u00e9curis\u00e9e, \u00e9vitant les fuites et maintenant la temp\u00e9rature du contenu. Compatibilit\u00e9 du produit : THERMAX QC05 \/ QC10 \/ QC20 \/ Q-XTRA Une solution id\u00e9ale pour am\u00e9liorer la fonctionnalit\u00e9 du [&hellip;]","protected":false},"featured_media":15284,"template":"","meta":{"_acf_changed":false,"_themeisle_gutenberg_block_has_review":false},"product_brand":[],"product_cat":[920,1055],"product_tag":[],"class_list":{"0":"post-15779","1":"product","2":"type-product","3":"status-publish","4":"has-post-thumbnail","6":"product_cat-pieces-de-rechange","7":"product_cat-robinets-bouchons-vannes","9":"first","10":"instock","11":"shipping-taxable","12":"product-type-simple"},"acf":[],"yoast_head":"<!-- This site is optimized with the Yoast SEO plugin v26.4 - https:\/\/yoast.com\/wordpress\/plugins\/seo\/ -->\n<title>KIT DE BOUCHON - MELFORM<\/title>\n<meta name=\"robots\" content=\"index, follow, max-snippet:-1, max-image-preview:large, max-video-preview:-1\" \/>\n<link rel=\"canonical\" href=\"https:\/\/www.melform.com\/fr\/conteneurs-\/catalogue-de-produits\/pieces-de-rechange\/robinets-bouchons-vannes\/liege\/\" \/>\n<meta property=\"og:locale\" content=\"fr_FR\" \/>\n<meta property=\"og:type\" content=\"article\" \/>\n<meta property=\"og:title\" content=\"KIT DE BOUCHON - MELFORM\" \/>\n<meta property=\"og:description\" content=\"Con\u00e7u pour rendre le conteneur adapt\u00e9 au service de sauces et soupes.\u00a0 \u00a0Fabriqu\u00e9 avec des mat\u00e9riaux de haute qualit\u00e9, il garantit une fermeture herm\u00e9tique et s\u00e9curis\u00e9e, \u00e9vitant les fuites et maintenant la temp\u00e9rature du contenu. Compatibilit\u00e9 du produit : THERMAX QC05 \/ QC10 \/ QC20 \/ Q-XTRA Une solution id\u00e9ale pour am\u00e9liorer la fonctionnalit\u00e9 du [&hellip;]\" \/>\n<meta property=\"og:url\" content=\"https:\/\/www.melform.com\/fr\/conteneurs-\/catalogue-de-produits\/pieces-de-rechange\/robinets-bouchons-vannes\/liege\/\" \/>\n<meta property=\"og:site_name\" content=\"MELFORM\" \/>\n<meta property=\"article:modified_time\" content=\"2025-01-04T16:48:19+00:00\" \/>\n<meta property=\"og:image\" content=\"https:\/\/www.melform.com\/wp-content\/uploads\/2024\/12\/RRI018.jpg\" \/>\n\t<meta property=\"og:image:width\" content=\"2000\" \/>\n\t<meta property=\"og:image:height\" content=\"1333\" \/>\n\t<meta property=\"og:image:type\" content=\"image\/jpeg\" \/>\n<meta name=\"twitter:card\" content=\"summary_large_image\" \/>\n<script type=\"application\/ld+json\" class=\"yoast-schema-graph\">{\"@context\":\"https:\/\/schema.org\",\"@graph\":[{\"@type\":\"WebPage\",\"@id\":\"https:\/\/www.melform.com\/fr\/conteneurs-\/catalogue-de-produits\/pieces-de-rechange\/robinets-bouchons-vannes\/liege\/\",\"url\":\"https:\/\/www.melform.com\/fr\/conteneurs-\/catalogue-de-produits\/pieces-de-rechange\/robinets-bouchons-vannes\/liege\/\",\"name\":\"KIT DE BOUCHON - MELFORM\",\"isPartOf\":{\"@id\":\"https:\/\/www.melform.com\/fr\/#website\"},\"primaryImageOfPage\":{\"@id\":\"https:\/\/www.melform.com\/fr\/conteneurs-\/catalogue-de-produits\/pieces-de-rechange\/robinets-bouchons-vannes\/liege\/#primaryimage\"},\"image\":{\"@id\":\"https:\/\/www.melform.com\/fr\/conteneurs-\/catalogue-de-produits\/pieces-de-rechange\/robinets-bouchons-vannes\/liege\/#primaryimage\"},\"thumbnailUrl\":\"https:\/\/www.melform.com\/wp-content\/uploads\/2024\/12\/RRI018.jpg\",\"datePublished\":\"2024-12-31T13:57:11+00:00\",\"dateModified\":\"2025-01-04T16:48:19+00:00\",\"breadcrumb\":{\"@id\":\"https:\/\/www.melform.com\/fr\/conteneurs-\/catalogue-de-produits\/pieces-de-rechange\/robinets-bouchons-vannes\/liege\/#breadcrumb\"},\"inLanguage\":\"fr-FR\",\"potentialAction\":[{\"@type\":\"ReadAction\",\"target\":[\"https:\/\/www.melform.com\/fr\/conteneurs-\/catalogue-de-produits\/pieces-de-rechange\/robinets-bouchons-vannes\/liege\/\"]}]},{\"@type\":\"ImageObject\",\"inLanguage\":\"fr-FR\",\"@id\":\"https:\/\/www.melform.com\/fr\/conteneurs-\/catalogue-de-produits\/pieces-de-rechange\/robinets-bouchons-vannes\/liege\/#primaryimage\",\"url\":\"https:\/\/www.melform.com\/wp-content\/uploads\/2024\/12\/RRI018.jpg\",\"contentUrl\":\"https:\/\/www.melform.com\/wp-content\/uploads\/2024\/12\/RRI018.jpg\",\"width\":2000,\"height\":1333},{\"@type\":\"BreadcrumbList\",\"@id\":\"https:\/\/www.melform.com\/fr\/conteneurs-\/catalogue-de-produits\/pieces-de-rechange\/robinets-bouchons-vannes\/liege\/#breadcrumb\",\"itemListElement\":[{\"@type\":\"ListItem\",\"position\":1,\"name\":\"Home\",\"item\":\"https:\/\/www.melform.com\/fr\/\"},{\"@type\":\"ListItem\",\"position\":2,\"name\":\"Shop\",\"item\":\"https:\/\/www.melform.com\/fr\/shop\/\"},{\"@type\":\"ListItem\",\"position\":3,\"name\":\"KIT DE BOUCHON\"}]},{\"@type\":\"WebSite\",\"@id\":\"https:\/\/www.melform.com\/fr\/#website\",\"url\":\"https:\/\/www.melform.com\/fr\/\",\"name\":\"MELFORM\",\"description\":\"SISTEMI PER IL TRASPORTO E STOCCAGGIO A TEMPERATURA CONTROLLATA\",\"potentialAction\":[{\"@type\":\"SearchAction\",\"target\":{\"@type\":\"EntryPoint\",\"urlTemplate\":\"https:\/\/www.melform.com\/fr\/?s={search_term_string}\"},\"query-input\":{\"@type\":\"PropertyValueSpecification\",\"valueRequired\":true,\"valueName\":\"search_term_string\"}}],\"inLanguage\":\"fr-FR\"}]}<\/script>\n<!-- \/ Yoast SEO plugin. -->","yoast_head_json":{"title":"KIT DE BOUCHON - MELFORM","robots":{"index":"index","follow":"follow","max-snippet":"max-snippet:-1","max-image-preview":"max-image-preview:large","max-video-preview":"max-video-preview:-1"},"canonical":"https:\/\/www.melform.com\/fr\/conteneurs-\/catalogue-de-produits\/pieces-de-rechange\/robinets-bouchons-vannes\/liege\/","og_locale":"fr_FR","og_type":"article","og_title":"KIT DE BOUCHON - MELFORM","og_description":"Con\u00e7u pour rendre le conteneur adapt\u00e9 au service de sauces et soupes.\u00a0 \u00a0Fabriqu\u00e9 avec des mat\u00e9riaux de haute qualit\u00e9, il garantit une fermeture herm\u00e9tique et s\u00e9curis\u00e9e, \u00e9vitant les fuites et maintenant la temp\u00e9rature du contenu. Compatibilit\u00e9 du produit : THERMAX QC05 \/ QC10 \/ QC20 \/ Q-XTRA Une solution id\u00e9ale pour am\u00e9liorer la fonctionnalit\u00e9 du [&hellip;]","og_url":"https:\/\/www.melform.com\/fr\/conteneurs-\/catalogue-de-produits\/pieces-de-rechange\/robinets-bouchons-vannes\/liege\/","og_site_name":"MELFORM","article_modified_time":"2025-01-04T16:48:19+00:00","og_image":[{"width":2000,"height":1333,"url":"https:\/\/www.melform.com\/wp-content\/uploads\/2024\/12\/RRI018.jpg","type":"image\/jpeg"}],"twitter_card":"summary_large_image","schema":{"@context":"https:\/\/schema.org","@graph":[{"@type":"WebPage","@id":"https:\/\/www.melform.com\/fr\/conteneurs-\/catalogue-de-produits\/pieces-de-rechange\/robinets-bouchons-vannes\/liege\/","url":"https:\/\/www.melform.com\/fr\/conteneurs-\/catalogue-de-produits\/pieces-de-rechange\/robinets-bouchons-vannes\/liege\/","name":"KIT DE BOUCHON - MELFORM","isPartOf":{"@id":"https:\/\/www.melform.com\/fr\/#website"},"primaryImageOfPage":{"@id":"https:\/\/www.melform.com\/fr\/conteneurs-\/catalogue-de-produits\/pieces-de-rechange\/robinets-bouchons-vannes\/liege\/#primaryimage"},"image":{"@id":"https:\/\/www.melform.com\/fr\/conteneurs-\/catalogue-de-produits\/pieces-de-rechange\/robinets-bouchons-vannes\/liege\/#primaryimage"},"thumbnailUrl":"https:\/\/www.melform.com\/wp-content\/uploads\/2024\/12\/RRI018.jpg","datePublished":"2024-12-31T13:57:11+00:00","dateModified":"2025-01-04T16:48:19+00:00","breadcrumb":{"@id":"https:\/\/www.melform.com\/fr\/conteneurs-\/catalogue-de-produits\/pieces-de-rechange\/robinets-bouchons-vannes\/liege\/#breadcrumb"},"inLanguage":"fr-FR","potentialAction":[{"@type":"ReadAction","target":["https:\/\/www.melform.com\/fr\/conteneurs-\/catalogue-de-produits\/pieces-de-rechange\/robinets-bouchons-vannes\/liege\/"]}]},{"@type":"ImageObject","inLanguage":"fr-FR","@id":"https:\/\/www.melform.com\/fr\/conteneurs-\/catalogue-de-produits\/pieces-de-rechange\/robinets-bouchons-vannes\/liege\/#primaryimage","url":"https:\/\/www.melform.com\/wp-content\/uploads\/2024\/12\/RRI018.jpg","contentUrl":"https:\/\/www.melform.com\/wp-content\/uploads\/2024\/12\/RRI018.jpg","width":2000,"height":1333},{"@type":"BreadcrumbList","@id":"https:\/\/www.melform.com\/fr\/conteneurs-\/catalogue-de-produits\/pieces-de-rechange\/robinets-bouchons-vannes\/liege\/#breadcrumb","itemListElement":[{"@type":"ListItem","position":1,"name":"Home","item":"https:\/\/www.melform.com\/fr\/"},{"@type":"ListItem","position":2,"name":"Shop","item":"https:\/\/www.melform.com\/fr\/shop\/"},{"@type":"ListItem","position":3,"name":"KIT DE BOUCHON"}]},{"@type":"WebSite","@id":"https:\/\/www.melform.com\/fr\/#website","url":"https:\/\/www.melform.com\/fr\/","name":"MELFORM","description":"SISTEMI PER IL TRASPORTO E STOCCAGGIO A TEMPERATURA CONTROLLATA","potentialAction":[{"@type":"SearchAction","target":{"@type":"EntryPoint","urlTemplate":"https:\/\/www.melform.com\/fr\/?s={search_term_string}"},"query-input":{"@type":"PropertyValueSpecification","valueRequired":true,"valueName":"search_term_string"}}],"inLanguage":"fr-FR"}]}},"_links":{"self":[{"href":"https:\/\/www.melform.com\/fr\/wp-json\/wp\/v2\/product\/15779","targetHints":{"allow":["GET"]}}],"collection":[{"href":"https:\/\/www.melform.com\/fr\/wp-json\/wp\/v2\/product"}],"about":[{"href":"https:\/\/www.melform.com\/fr\/wp-json\/wp\/v2\/types\/product"}],"wp:featuredmedia":[{"embeddable":true,"href":"https:\/\/www.melform.com\/fr\/wp-json\/wp\/v2\/media\/15284"}],"wp:attachment":[{"href":"https:\/\/www.melform.com\/fr\/wp-json\/wp\/v2\/media?parent=15779"}],"wp:term":[{"taxonomy":"product_brand","embeddable":true,"href":"https:\/\/www.melform.com\/fr\/wp-json\/wp\/v2\/product_brand?post=15779"},{"taxonomy":"product_cat","embeddable":true,"href":"https:\/\/www.melform.com\/fr\/wp-json\/wp\/v2\/product_cat?post=15779"},{"taxonomy":"product_tag","embeddable":true,"href":"https:\/\/www.melform.com\/fr\/wp-json\/wp\/v2\/product_tag?post=15779"}],"curies":[{"name":"wp","href":"https:\/\/api.w.org\/{rel}","templated":true}]}}