{"id":15788,"date":"2024-12-31T16:13:13","date_gmt":"2024-12-31T14:13:13","guid":{"rendered":"https:\/\/www.melform.com\/?post_type=product&#038;p=15788"},"modified":"2025-01-04T18:34:14","modified_gmt":"2025-01-04T16:34:14","slug":"kit-purgeur-pour-liquids","status":"publish","type":"product","link":"https:\/\/www.melform.com\/fr\/conteneurs-\/catalogue-de-produits\/pieces-de-rechange\/robinets-bouchons-vannes\/kit-purgeur-pour-liquids\/","title":{"rendered":"KIT DE VALVE DE DEGAZAGE"},"content":{"rendered":"Kit complet avec valve de d\u00e9gazage con\u00e7ue pour r\u00e9guler efficacement la pression et l&#8217;humidit\u00e9 \u00e0 l&#8217;int\u00e9rieur du conteneur, am\u00e9liorant la s\u00e9curit\u00e9 et garantissant des conditions de fonctionnement optimales. Elle facilite les op\u00e9rations d&#8217;ouverture et de fermeture tout en assurant un fonctionnement fiable et durable.\r\n\r\n<strong>Compatibilit\u00e9 du produit :<\/strong>\r\n<ul>\r\n \t<li><em>THERMAX QC<\/em><\/li>\r\n \t<li><em>EY13<\/em><\/li>\r\n<\/ul>\r\nUne solution id\u00e9ale pour optimiser les performances du contenant, garantissant un contr\u00f4le pr\u00e9cis et une meilleure efficacit\u00e9 dans des applications professionnelles n\u00e9cessitant une fiabilit\u00e9 et une s\u00e9curit\u00e9 maximales.\r\n\r\nEmballage unit\u00e9: 10","protected":false},"excerpt":{"rendered":"Kit complet avec valve de d\u00e9gazage con\u00e7ue pour r\u00e9guler efficacement la pression et l&#8217;humidit\u00e9 \u00e0 l&#8217;int\u00e9rieur du conteneur, am\u00e9liorant la s\u00e9curit\u00e9 et garantissant des conditions de fonctionnement optimales. Elle facilite les op\u00e9rations d&#8217;ouverture et de fermeture tout en assurant un fonctionnement fiable et durable. Compatibilit\u00e9 du produit : THERMAX QC EY13 Une solution id\u00e9ale pour [&hellip;]","protected":false},"featured_media":15320,"template":"","meta":{"_acf_changed":false,"_themeisle_gutenberg_block_has_review":false},"product_brand":[],"product_cat":[920,1055],"product_tag":[],"class_list":{"0":"post-15788","1":"product","2":"type-product","3":"status-publish","4":"has-post-thumbnail","6":"product_cat-pieces-de-rechange","7":"product_cat-robinets-bouchons-vannes","9":"first","10":"instock","11":"shipping-taxable","12":"product-type-simple"},"acf":[],"yoast_head":"<!-- This site is optimized with the Yoast SEO plugin v26.4 - https:\/\/yoast.com\/wordpress\/plugins\/seo\/ -->\n<title>KIT DE VALVE DE DEGAZAGE - MELFORM<\/title>\n<meta name=\"robots\" content=\"index, follow, max-snippet:-1, max-image-preview:large, max-video-preview:-1\" \/>\n<link rel=\"canonical\" href=\"https:\/\/www.melform.com\/fr\/conteneurs-\/catalogue-de-produits\/pieces-de-rechange\/robinets-bouchons-vannes\/kit-purgeur-pour-liquids\/\" \/>\n<meta property=\"og:locale\" content=\"fr_FR\" \/>\n<meta property=\"og:type\" content=\"article\" \/>\n<meta property=\"og:title\" content=\"KIT DE VALVE DE DEGAZAGE - MELFORM\" \/>\n<meta property=\"og:description\" content=\"Kit complet avec valve de d\u00e9gazage con\u00e7ue pour r\u00e9guler efficacement la pression et l&#8217;humidit\u00e9 \u00e0 l&#8217;int\u00e9rieur du conteneur, am\u00e9liorant la s\u00e9curit\u00e9 et garantissant des conditions de fonctionnement optimales. Elle facilite les op\u00e9rations d&#8217;ouverture et de fermeture tout en assurant un fonctionnement fiable et durable. Compatibilit\u00e9 du produit : THERMAX QC EY13 Une solution id\u00e9ale pour [&hellip;]\" \/>\n<meta property=\"og:url\" content=\"https:\/\/www.melform.com\/fr\/conteneurs-\/catalogue-de-produits\/pieces-de-rechange\/robinets-bouchons-vannes\/kit-purgeur-pour-liquids\/\" \/>\n<meta property=\"og:site_name\" content=\"MELFORM\" \/>\n<meta property=\"article:modified_time\" content=\"2025-01-04T16:34:14+00:00\" \/>\n<meta property=\"og:image\" content=\"https:\/\/www.melform.com\/wp-content\/uploads\/2024\/12\/RRI031.jpg\" \/>\n\t<meta property=\"og:image:width\" content=\"2000\" \/>\n\t<meta property=\"og:image:height\" content=\"1333\" \/>\n\t<meta property=\"og:image:type\" content=\"image\/jpeg\" \/>\n<meta name=\"twitter:card\" content=\"summary_large_image\" \/>\n<script type=\"application\/ld+json\" class=\"yoast-schema-graph\">{\"@context\":\"https:\/\/schema.org\",\"@graph\":[{\"@type\":\"WebPage\",\"@id\":\"https:\/\/www.melform.com\/fr\/conteneurs-\/catalogue-de-produits\/pieces-de-rechange\/robinets-bouchons-vannes\/kit-purgeur-pour-liquids\/\",\"url\":\"https:\/\/www.melform.com\/fr\/conteneurs-\/catalogue-de-produits\/pieces-de-rechange\/robinets-bouchons-vannes\/kit-purgeur-pour-liquids\/\",\"name\":\"KIT DE VALVE DE DEGAZAGE - MELFORM\",\"isPartOf\":{\"@id\":\"https:\/\/www.melform.com\/fr\/#website\"},\"primaryImageOfPage\":{\"@id\":\"https:\/\/www.melform.com\/fr\/conteneurs-\/catalogue-de-produits\/pieces-de-rechange\/robinets-bouchons-vannes\/kit-purgeur-pour-liquids\/#primaryimage\"},\"image\":{\"@id\":\"https:\/\/www.melform.com\/fr\/conteneurs-\/catalogue-de-produits\/pieces-de-rechange\/robinets-bouchons-vannes\/kit-purgeur-pour-liquids\/#primaryimage\"},\"thumbnailUrl\":\"https:\/\/www.melform.com\/wp-content\/uploads\/2024\/12\/RRI031.jpg\",\"datePublished\":\"2024-12-31T14:13:13+00:00\",\"dateModified\":\"2025-01-04T16:34:14+00:00\",\"breadcrumb\":{\"@id\":\"https:\/\/www.melform.com\/fr\/conteneurs-\/catalogue-de-produits\/pieces-de-rechange\/robinets-bouchons-vannes\/kit-purgeur-pour-liquids\/#breadcrumb\"},\"inLanguage\":\"fr-FR\",\"potentialAction\":[{\"@type\":\"ReadAction\",\"target\":[\"https:\/\/www.melform.com\/fr\/conteneurs-\/catalogue-de-produits\/pieces-de-rechange\/robinets-bouchons-vannes\/kit-purgeur-pour-liquids\/\"]}]},{\"@type\":\"ImageObject\",\"inLanguage\":\"fr-FR\",\"@id\":\"https:\/\/www.melform.com\/fr\/conteneurs-\/catalogue-de-produits\/pieces-de-rechange\/robinets-bouchons-vannes\/kit-purgeur-pour-liquids\/#primaryimage\",\"url\":\"https:\/\/www.melform.com\/wp-content\/uploads\/2024\/12\/RRI031.jpg\",\"contentUrl\":\"https:\/\/www.melform.com\/wp-content\/uploads\/2024\/12\/RRI031.jpg\",\"width\":2000,\"height\":1333},{\"@type\":\"BreadcrumbList\",\"@id\":\"https:\/\/www.melform.com\/fr\/conteneurs-\/catalogue-de-produits\/pieces-de-rechange\/robinets-bouchons-vannes\/kit-purgeur-pour-liquids\/#breadcrumb\",\"itemListElement\":[{\"@type\":\"ListItem\",\"position\":1,\"name\":\"Home\",\"item\":\"https:\/\/www.melform.com\/fr\/\"},{\"@type\":\"ListItem\",\"position\":2,\"name\":\"Shop\",\"item\":\"https:\/\/www.melform.com\/fr\/shop\/\"},{\"@type\":\"ListItem\",\"position\":3,\"name\":\"KIT DE VALVE DE DEGAZAGE\"}]},{\"@type\":\"WebSite\",\"@id\":\"https:\/\/www.melform.com\/fr\/#website\",\"url\":\"https:\/\/www.melform.com\/fr\/\",\"name\":\"MELFORM\",\"description\":\"SISTEMI PER IL TRASPORTO E STOCCAGGIO A TEMPERATURA CONTROLLATA\",\"potentialAction\":[{\"@type\":\"SearchAction\",\"target\":{\"@type\":\"EntryPoint\",\"urlTemplate\":\"https:\/\/www.melform.com\/fr\/?s={search_term_string}\"},\"query-input\":{\"@type\":\"PropertyValueSpecification\",\"valueRequired\":true,\"valueName\":\"search_term_string\"}}],\"inLanguage\":\"fr-FR\"}]}<\/script>\n<!-- \/ Yoast SEO plugin. -->","yoast_head_json":{"title":"KIT DE VALVE DE DEGAZAGE - MELFORM","robots":{"index":"index","follow":"follow","max-snippet":"max-snippet:-1","max-image-preview":"max-image-preview:large","max-video-preview":"max-video-preview:-1"},"canonical":"https:\/\/www.melform.com\/fr\/conteneurs-\/catalogue-de-produits\/pieces-de-rechange\/robinets-bouchons-vannes\/kit-purgeur-pour-liquids\/","og_locale":"fr_FR","og_type":"article","og_title":"KIT DE VALVE DE DEGAZAGE - MELFORM","og_description":"Kit complet avec valve de d\u00e9gazage con\u00e7ue pour r\u00e9guler efficacement la pression et l&#8217;humidit\u00e9 \u00e0 l&#8217;int\u00e9rieur du conteneur, am\u00e9liorant la s\u00e9curit\u00e9 et garantissant des conditions de fonctionnement optimales. Elle facilite les op\u00e9rations d&#8217;ouverture et de fermeture tout en assurant un fonctionnement fiable et durable. Compatibilit\u00e9 du produit : THERMAX QC EY13 Une solution id\u00e9ale pour [&hellip;]","og_url":"https:\/\/www.melform.com\/fr\/conteneurs-\/catalogue-de-produits\/pieces-de-rechange\/robinets-bouchons-vannes\/kit-purgeur-pour-liquids\/","og_site_name":"MELFORM","article_modified_time":"2025-01-04T16:34:14+00:00","og_image":[{"width":2000,"height":1333,"url":"https:\/\/www.melform.com\/wp-content\/uploads\/2024\/12\/RRI031.jpg","type":"image\/jpeg"}],"twitter_card":"summary_large_image","schema":{"@context":"https:\/\/schema.org","@graph":[{"@type":"WebPage","@id":"https:\/\/www.melform.com\/fr\/conteneurs-\/catalogue-de-produits\/pieces-de-rechange\/robinets-bouchons-vannes\/kit-purgeur-pour-liquids\/","url":"https:\/\/www.melform.com\/fr\/conteneurs-\/catalogue-de-produits\/pieces-de-rechange\/robinets-bouchons-vannes\/kit-purgeur-pour-liquids\/","name":"KIT DE VALVE DE DEGAZAGE - MELFORM","isPartOf":{"@id":"https:\/\/www.melform.com\/fr\/#website"},"primaryImageOfPage":{"@id":"https:\/\/www.melform.com\/fr\/conteneurs-\/catalogue-de-produits\/pieces-de-rechange\/robinets-bouchons-vannes\/kit-purgeur-pour-liquids\/#primaryimage"},"image":{"@id":"https:\/\/www.melform.com\/fr\/conteneurs-\/catalogue-de-produits\/pieces-de-rechange\/robinets-bouchons-vannes\/kit-purgeur-pour-liquids\/#primaryimage"},"thumbnailUrl":"https:\/\/www.melform.com\/wp-content\/uploads\/2024\/12\/RRI031.jpg","datePublished":"2024-12-31T14:13:13+00:00","dateModified":"2025-01-04T16:34:14+00:00","breadcrumb":{"@id":"https:\/\/www.melform.com\/fr\/conteneurs-\/catalogue-de-produits\/pieces-de-rechange\/robinets-bouchons-vannes\/kit-purgeur-pour-liquids\/#breadcrumb"},"inLanguage":"fr-FR","potentialAction":[{"@type":"ReadAction","target":["https:\/\/www.melform.com\/fr\/conteneurs-\/catalogue-de-produits\/pieces-de-rechange\/robinets-bouchons-vannes\/kit-purgeur-pour-liquids\/"]}]},{"@type":"ImageObject","inLanguage":"fr-FR","@id":"https:\/\/www.melform.com\/fr\/conteneurs-\/catalogue-de-produits\/pieces-de-rechange\/robinets-bouchons-vannes\/kit-purgeur-pour-liquids\/#primaryimage","url":"https:\/\/www.melform.com\/wp-content\/uploads\/2024\/12\/RRI031.jpg","contentUrl":"https:\/\/www.melform.com\/wp-content\/uploads\/2024\/12\/RRI031.jpg","width":2000,"height":1333},{"@type":"BreadcrumbList","@id":"https:\/\/www.melform.com\/fr\/conteneurs-\/catalogue-de-produits\/pieces-de-rechange\/robinets-bouchons-vannes\/kit-purgeur-pour-liquids\/#breadcrumb","itemListElement":[{"@type":"ListItem","position":1,"name":"Home","item":"https:\/\/www.melform.com\/fr\/"},{"@type":"ListItem","position":2,"name":"Shop","item":"https:\/\/www.melform.com\/fr\/shop\/"},{"@type":"ListItem","position":3,"name":"KIT DE VALVE DE DEGAZAGE"}]},{"@type":"WebSite","@id":"https:\/\/www.melform.com\/fr\/#website","url":"https:\/\/www.melform.com\/fr\/","name":"MELFORM","description":"SISTEMI PER IL TRASPORTO E STOCCAGGIO A TEMPERATURA CONTROLLATA","potentialAction":[{"@type":"SearchAction","target":{"@type":"EntryPoint","urlTemplate":"https:\/\/www.melform.com\/fr\/?s={search_term_string}"},"query-input":{"@type":"PropertyValueSpecification","valueRequired":true,"valueName":"search_term_string"}}],"inLanguage":"fr-FR"}]}},"_links":{"self":[{"href":"https:\/\/www.melform.com\/fr\/wp-json\/wp\/v2\/product\/15788","targetHints":{"allow":["GET"]}}],"collection":[{"href":"https:\/\/www.melform.com\/fr\/wp-json\/wp\/v2\/product"}],"about":[{"href":"https:\/\/www.melform.com\/fr\/wp-json\/wp\/v2\/types\/product"}],"wp:featuredmedia":[{"embeddable":true,"href":"https:\/\/www.melform.com\/fr\/wp-json\/wp\/v2\/media\/15320"}],"wp:attachment":[{"href":"https:\/\/www.melform.com\/fr\/wp-json\/wp\/v2\/media?parent=15788"}],"wp:term":[{"taxonomy":"product_brand","embeddable":true,"href":"https:\/\/www.melform.com\/fr\/wp-json\/wp\/v2\/product_brand?post=15788"},{"taxonomy":"product_cat","embeddable":true,"href":"https:\/\/www.melform.com\/fr\/wp-json\/wp\/v2\/product_cat?post=15788"},{"taxonomy":"product_tag","embeddable":true,"href":"https:\/\/www.melform.com\/fr\/wp-json\/wp\/v2\/product_tag?post=15788"}],"curies":[{"name":"wp","href":"https:\/\/api.w.org\/{rel}","templated":true}]}}