{"id":15794,"date":"2024-12-31T16:23:00","date_gmt":"2024-12-31T14:23:00","guid":{"rendered":"https:\/\/www.melform.com\/?post_type=product&#038;p=15794"},"modified":"2025-01-04T18:18:57","modified_gmt":"2025-01-04T16:18:57","slug":"robinet-thermax-qc25","status":"publish","type":"product","link":"https:\/\/www.melform.com\/fr\/conteneurs-\/catalogue-de-produits\/pieces-de-rechange\/robinets-bouchons-vannes\/robinet-thermax-qc25\/","title":{"rendered":"ROBINET COMPLET"},"content":{"rendered":"Robinet complet con\u00e7u pour garantir un contr\u00f4le pr\u00e9cis du d\u00e9bit et une utilisation pratique et efficace. Fabriqu\u00e9 avec des mat\u00e9riaux r\u00e9sistants et de haute qualit\u00e9, il est id\u00e9al pour des applications professionnelles n\u00e9cessitant fiabilit\u00e9 et durabilit\u00e9.\r\n\r\n<strong>Compatibilit\u00e9 du produit :<\/strong>\r\n<ul>\r\n \t<li><em>THERMAX QC25<\/em><\/li>\r\n<\/ul>\r\nLa solution parfaite pour optimiser les op\u00e9rations de distribution, garantissant des performances \u00e9lev\u00e9es et une longue dur\u00e9e de vie, m\u00eame dans des conditions d&#8217;utilisation intensive.\r\n\r\nEmballage unit\u00e9: 1","protected":false},"excerpt":{"rendered":"Robinet complet con\u00e7u pour garantir un contr\u00f4le pr\u00e9cis du d\u00e9bit et une utilisation pratique et efficace. Fabriqu\u00e9 avec des mat\u00e9riaux r\u00e9sistants et de haute qualit\u00e9, il est id\u00e9al pour des applications professionnelles n\u00e9cessitant fiabilit\u00e9 et durabilit\u00e9. Compatibilit\u00e9 du produit : THERMAX QC25 La solution parfaite pour optimiser les op\u00e9rations de distribution, garantissant des performances \u00e9lev\u00e9es [&hellip;]","protected":false},"featured_media":15359,"template":"","meta":{"_acf_changed":false,"_themeisle_gutenberg_block_has_review":false},"product_brand":[],"product_cat":[920,1055],"product_tag":[],"class_list":{"0":"post-15794","1":"product","2":"type-product","3":"status-publish","4":"has-post-thumbnail","6":"product_cat-pieces-de-rechange","7":"product_cat-robinets-bouchons-vannes","9":"first","10":"instock","11":"shipping-taxable","12":"product-type-simple"},"acf":[],"yoast_head":"<!-- This site is optimized with the Yoast SEO plugin v26.4 - https:\/\/yoast.com\/wordpress\/plugins\/seo\/ -->\n<title>ROBINET COMPLET - MELFORM<\/title>\n<meta name=\"robots\" content=\"index, follow, max-snippet:-1, max-image-preview:large, max-video-preview:-1\" \/>\n<link rel=\"canonical\" href=\"https:\/\/www.melform.com\/fr\/conteneurs-\/catalogue-de-produits\/pieces-de-rechange\/robinets-bouchons-vannes\/robinet-thermax-qc25\/\" \/>\n<meta property=\"og:locale\" content=\"fr_FR\" \/>\n<meta property=\"og:type\" content=\"article\" \/>\n<meta property=\"og:title\" content=\"ROBINET COMPLET - MELFORM\" \/>\n<meta property=\"og:description\" content=\"Robinet complet con\u00e7u pour garantir un contr\u00f4le pr\u00e9cis du d\u00e9bit et une utilisation pratique et efficace. Fabriqu\u00e9 avec des mat\u00e9riaux r\u00e9sistants et de haute qualit\u00e9, il est id\u00e9al pour des applications professionnelles n\u00e9cessitant fiabilit\u00e9 et durabilit\u00e9. Compatibilit\u00e9 du produit : THERMAX QC25 La solution parfaite pour optimiser les op\u00e9rations de distribution, garantissant des performances \u00e9lev\u00e9es [&hellip;]\" \/>\n<meta property=\"og:url\" content=\"https:\/\/www.melform.com\/fr\/conteneurs-\/catalogue-de-produits\/pieces-de-rechange\/robinets-bouchons-vannes\/robinet-thermax-qc25\/\" \/>\n<meta property=\"og:site_name\" content=\"MELFORM\" \/>\n<meta property=\"article:modified_time\" content=\"2025-01-04T16:18:57+00:00\" \/>\n<meta property=\"og:image\" content=\"https:\/\/www.melform.com\/wp-content\/uploads\/2024\/12\/RRI093.jpg\" \/>\n\t<meta property=\"og:image:width\" content=\"2000\" \/>\n\t<meta property=\"og:image:height\" content=\"1333\" \/>\n\t<meta property=\"og:image:type\" content=\"image\/jpeg\" \/>\n<meta name=\"twitter:card\" content=\"summary_large_image\" \/>\n<script type=\"application\/ld+json\" class=\"yoast-schema-graph\">{\"@context\":\"https:\/\/schema.org\",\"@graph\":[{\"@type\":\"WebPage\",\"@id\":\"https:\/\/www.melform.com\/fr\/conteneurs-\/catalogue-de-produits\/pieces-de-rechange\/robinets-bouchons-vannes\/robinet-thermax-qc25\/\",\"url\":\"https:\/\/www.melform.com\/fr\/conteneurs-\/catalogue-de-produits\/pieces-de-rechange\/robinets-bouchons-vannes\/robinet-thermax-qc25\/\",\"name\":\"ROBINET COMPLET - MELFORM\",\"isPartOf\":{\"@id\":\"https:\/\/www.melform.com\/fr\/#website\"},\"primaryImageOfPage\":{\"@id\":\"https:\/\/www.melform.com\/fr\/conteneurs-\/catalogue-de-produits\/pieces-de-rechange\/robinets-bouchons-vannes\/robinet-thermax-qc25\/#primaryimage\"},\"image\":{\"@id\":\"https:\/\/www.melform.com\/fr\/conteneurs-\/catalogue-de-produits\/pieces-de-rechange\/robinets-bouchons-vannes\/robinet-thermax-qc25\/#primaryimage\"},\"thumbnailUrl\":\"https:\/\/www.melform.com\/wp-content\/uploads\/2024\/12\/RRI093.jpg\",\"datePublished\":\"2024-12-31T14:23:00+00:00\",\"dateModified\":\"2025-01-04T16:18:57+00:00\",\"breadcrumb\":{\"@id\":\"https:\/\/www.melform.com\/fr\/conteneurs-\/catalogue-de-produits\/pieces-de-rechange\/robinets-bouchons-vannes\/robinet-thermax-qc25\/#breadcrumb\"},\"inLanguage\":\"fr-FR\",\"potentialAction\":[{\"@type\":\"ReadAction\",\"target\":[\"https:\/\/www.melform.com\/fr\/conteneurs-\/catalogue-de-produits\/pieces-de-rechange\/robinets-bouchons-vannes\/robinet-thermax-qc25\/\"]}]},{\"@type\":\"ImageObject\",\"inLanguage\":\"fr-FR\",\"@id\":\"https:\/\/www.melform.com\/fr\/conteneurs-\/catalogue-de-produits\/pieces-de-rechange\/robinets-bouchons-vannes\/robinet-thermax-qc25\/#primaryimage\",\"url\":\"https:\/\/www.melform.com\/wp-content\/uploads\/2024\/12\/RRI093.jpg\",\"contentUrl\":\"https:\/\/www.melform.com\/wp-content\/uploads\/2024\/12\/RRI093.jpg\",\"width\":2000,\"height\":1333},{\"@type\":\"BreadcrumbList\",\"@id\":\"https:\/\/www.melform.com\/fr\/conteneurs-\/catalogue-de-produits\/pieces-de-rechange\/robinets-bouchons-vannes\/robinet-thermax-qc25\/#breadcrumb\",\"itemListElement\":[{\"@type\":\"ListItem\",\"position\":1,\"name\":\"Home\",\"item\":\"https:\/\/www.melform.com\/fr\/\"},{\"@type\":\"ListItem\",\"position\":2,\"name\":\"Shop\",\"item\":\"https:\/\/www.melform.com\/fr\/shop\/\"},{\"@type\":\"ListItem\",\"position\":3,\"name\":\"ROBINET COMPLET\"}]},{\"@type\":\"WebSite\",\"@id\":\"https:\/\/www.melform.com\/fr\/#website\",\"url\":\"https:\/\/www.melform.com\/fr\/\",\"name\":\"MELFORM\",\"description\":\"SISTEMI PER IL TRASPORTO E STOCCAGGIO A TEMPERATURA CONTROLLATA\",\"potentialAction\":[{\"@type\":\"SearchAction\",\"target\":{\"@type\":\"EntryPoint\",\"urlTemplate\":\"https:\/\/www.melform.com\/fr\/?s={search_term_string}\"},\"query-input\":{\"@type\":\"PropertyValueSpecification\",\"valueRequired\":true,\"valueName\":\"search_term_string\"}}],\"inLanguage\":\"fr-FR\"}]}<\/script>\n<!-- \/ Yoast SEO plugin. -->","yoast_head_json":{"title":"ROBINET COMPLET - MELFORM","robots":{"index":"index","follow":"follow","max-snippet":"max-snippet:-1","max-image-preview":"max-image-preview:large","max-video-preview":"max-video-preview:-1"},"canonical":"https:\/\/www.melform.com\/fr\/conteneurs-\/catalogue-de-produits\/pieces-de-rechange\/robinets-bouchons-vannes\/robinet-thermax-qc25\/","og_locale":"fr_FR","og_type":"article","og_title":"ROBINET COMPLET - MELFORM","og_description":"Robinet complet con\u00e7u pour garantir un contr\u00f4le pr\u00e9cis du d\u00e9bit et une utilisation pratique et efficace. Fabriqu\u00e9 avec des mat\u00e9riaux r\u00e9sistants et de haute qualit\u00e9, il est id\u00e9al pour des applications professionnelles n\u00e9cessitant fiabilit\u00e9 et durabilit\u00e9. Compatibilit\u00e9 du produit : THERMAX QC25 La solution parfaite pour optimiser les op\u00e9rations de distribution, garantissant des performances \u00e9lev\u00e9es [&hellip;]","og_url":"https:\/\/www.melform.com\/fr\/conteneurs-\/catalogue-de-produits\/pieces-de-rechange\/robinets-bouchons-vannes\/robinet-thermax-qc25\/","og_site_name":"MELFORM","article_modified_time":"2025-01-04T16:18:57+00:00","og_image":[{"width":2000,"height":1333,"url":"https:\/\/www.melform.com\/wp-content\/uploads\/2024\/12\/RRI093.jpg","type":"image\/jpeg"}],"twitter_card":"summary_large_image","schema":{"@context":"https:\/\/schema.org","@graph":[{"@type":"WebPage","@id":"https:\/\/www.melform.com\/fr\/conteneurs-\/catalogue-de-produits\/pieces-de-rechange\/robinets-bouchons-vannes\/robinet-thermax-qc25\/","url":"https:\/\/www.melform.com\/fr\/conteneurs-\/catalogue-de-produits\/pieces-de-rechange\/robinets-bouchons-vannes\/robinet-thermax-qc25\/","name":"ROBINET COMPLET - MELFORM","isPartOf":{"@id":"https:\/\/www.melform.com\/fr\/#website"},"primaryImageOfPage":{"@id":"https:\/\/www.melform.com\/fr\/conteneurs-\/catalogue-de-produits\/pieces-de-rechange\/robinets-bouchons-vannes\/robinet-thermax-qc25\/#primaryimage"},"image":{"@id":"https:\/\/www.melform.com\/fr\/conteneurs-\/catalogue-de-produits\/pieces-de-rechange\/robinets-bouchons-vannes\/robinet-thermax-qc25\/#primaryimage"},"thumbnailUrl":"https:\/\/www.melform.com\/wp-content\/uploads\/2024\/12\/RRI093.jpg","datePublished":"2024-12-31T14:23:00+00:00","dateModified":"2025-01-04T16:18:57+00:00","breadcrumb":{"@id":"https:\/\/www.melform.com\/fr\/conteneurs-\/catalogue-de-produits\/pieces-de-rechange\/robinets-bouchons-vannes\/robinet-thermax-qc25\/#breadcrumb"},"inLanguage":"fr-FR","potentialAction":[{"@type":"ReadAction","target":["https:\/\/www.melform.com\/fr\/conteneurs-\/catalogue-de-produits\/pieces-de-rechange\/robinets-bouchons-vannes\/robinet-thermax-qc25\/"]}]},{"@type":"ImageObject","inLanguage":"fr-FR","@id":"https:\/\/www.melform.com\/fr\/conteneurs-\/catalogue-de-produits\/pieces-de-rechange\/robinets-bouchons-vannes\/robinet-thermax-qc25\/#primaryimage","url":"https:\/\/www.melform.com\/wp-content\/uploads\/2024\/12\/RRI093.jpg","contentUrl":"https:\/\/www.melform.com\/wp-content\/uploads\/2024\/12\/RRI093.jpg","width":2000,"height":1333},{"@type":"BreadcrumbList","@id":"https:\/\/www.melform.com\/fr\/conteneurs-\/catalogue-de-produits\/pieces-de-rechange\/robinets-bouchons-vannes\/robinet-thermax-qc25\/#breadcrumb","itemListElement":[{"@type":"ListItem","position":1,"name":"Home","item":"https:\/\/www.melform.com\/fr\/"},{"@type":"ListItem","position":2,"name":"Shop","item":"https:\/\/www.melform.com\/fr\/shop\/"},{"@type":"ListItem","position":3,"name":"ROBINET COMPLET"}]},{"@type":"WebSite","@id":"https:\/\/www.melform.com\/fr\/#website","url":"https:\/\/www.melform.com\/fr\/","name":"MELFORM","description":"SISTEMI PER IL TRASPORTO E STOCCAGGIO A TEMPERATURA CONTROLLATA","potentialAction":[{"@type":"SearchAction","target":{"@type":"EntryPoint","urlTemplate":"https:\/\/www.melform.com\/fr\/?s={search_term_string}"},"query-input":{"@type":"PropertyValueSpecification","valueRequired":true,"valueName":"search_term_string"}}],"inLanguage":"fr-FR"}]}},"_links":{"self":[{"href":"https:\/\/www.melform.com\/fr\/wp-json\/wp\/v2\/product\/15794","targetHints":{"allow":["GET"]}}],"collection":[{"href":"https:\/\/www.melform.com\/fr\/wp-json\/wp\/v2\/product"}],"about":[{"href":"https:\/\/www.melform.com\/fr\/wp-json\/wp\/v2\/types\/product"}],"wp:featuredmedia":[{"embeddable":true,"href":"https:\/\/www.melform.com\/fr\/wp-json\/wp\/v2\/media\/15359"}],"wp:attachment":[{"href":"https:\/\/www.melform.com\/fr\/wp-json\/wp\/v2\/media?parent=15794"}],"wp:term":[{"taxonomy":"product_brand","embeddable":true,"href":"https:\/\/www.melform.com\/fr\/wp-json\/wp\/v2\/product_brand?post=15794"},{"taxonomy":"product_cat","embeddable":true,"href":"https:\/\/www.melform.com\/fr\/wp-json\/wp\/v2\/product_cat?post=15794"},{"taxonomy":"product_tag","embeddable":true,"href":"https:\/\/www.melform.com\/fr\/wp-json\/wp\/v2\/product_tag?post=15794"}],"curies":[{"name":"wp","href":"https:\/\/api.w.org\/{rel}","templated":true}]}}