{"id":15800,"date":"2024-12-31T16:34:18","date_gmt":"2024-12-31T14:34:18","guid":{"rendered":"https:\/\/www.melform.com\/contenitori-isotermici-e-refrigerati\/non%20class\u00e9\/kit-robinet-pour-annexe-longue\/"},"modified":"2025-02-14T17:42:24","modified_gmt":"2025-02-14T15:42:24","slug":"kit-robinet-pour-annexe-longue","status":"publish","type":"product","link":"https:\/\/www.melform.com\/fr\/conteneurs-\/catalogue-de-produits\/pieces-de-rechange\/robinets-bouchons-vannes\/kit-robinet-pour-annexe-longue\/","title":{"rendered":"KIT DE ROBINET ETENDU"},"content":{"rendered":"Con\u00e7u pour rendre le contenant adapt\u00e9 \u00e0 l&#8217;utilisation avec des tasses de diff\u00e9rentes tailles. Il garantit une distribution optimale et une utilisation pratique et efficace. Fabriqu\u00e9 avec des mat\u00e9riaux de haute qualit\u00e9, il assure durabilit\u00e9 et performance \u00e0 long terme, id\u00e9al pour les environnements professionnels o\u00f9 la polyvalence et la fiabilit\u00e9 sont essentielles.\r\n\r\n<strong>Compatibilit\u00e9 du produit :<\/strong>\r\n<ul>\r\n \t<li><em>THERMAX QC05 \/ QC10 \/ QC20 \/ Q-XTRA<\/em><\/li>\r\n<\/ul>\r\nUne solution id\u00e9ale pour am\u00e9liorer la fonctionnalit\u00e9 du contenant, offrant un d\u00e9bit fluide et r\u00e9gul\u00e9 pour tout type d&#8217;op\u00e9ration, rendant les t\u00e2ches plus rapides et plus efficaces.\r\n\r\nEmballage unit\u00e9: 1","protected":false},"excerpt":{"rendered":"Con\u00e7u pour rendre le contenant adapt\u00e9 \u00e0 l&#8217;utilisation avec des tasses de diff\u00e9rentes tailles. Il garantit une distribution optimale et une utilisation pratique et efficace. Fabriqu\u00e9 avec des mat\u00e9riaux de haute qualit\u00e9, il assure durabilit\u00e9 et performance \u00e0 long terme, id\u00e9al pour les environnements professionnels o\u00f9 la polyvalence et la fiabilit\u00e9 sont essentielles. Compatibilit\u00e9 du [&hellip;]","protected":false},"featured_media":15416,"template":"","meta":{"_acf_changed":false,"_themeisle_gutenberg_block_has_review":false},"product_brand":[],"product_cat":[920,1055],"product_tag":[],"class_list":{"0":"post-15800","1":"product","2":"type-product","3":"status-publish","4":"has-post-thumbnail","6":"product_cat-pieces-de-rechange","7":"product_cat-robinets-bouchons-vannes","9":"first","10":"instock","11":"shipping-taxable","12":"product-type-simple"},"acf":[],"yoast_head":"<!-- This site is optimized with the Yoast SEO plugin v26.4 - https:\/\/yoast.com\/wordpress\/plugins\/seo\/ -->\n<title>KIT DE ROBINET ETENDU - MELFORM<\/title>\n<meta name=\"robots\" content=\"index, follow, max-snippet:-1, max-image-preview:large, max-video-preview:-1\" \/>\n<link rel=\"canonical\" href=\"https:\/\/www.melform.com\/fr\/conteneurs-\/catalogue-de-produits\/pieces-de-rechange\/robinets-bouchons-vannes\/kit-robinet-pour-annexe-longue\/\" \/>\n<meta property=\"og:locale\" content=\"fr_FR\" \/>\n<meta property=\"og:type\" content=\"article\" \/>\n<meta property=\"og:title\" content=\"KIT DE ROBINET ETENDU - MELFORM\" \/>\n<meta property=\"og:description\" content=\"Con\u00e7u pour rendre le contenant adapt\u00e9 \u00e0 l&#8217;utilisation avec des tasses de diff\u00e9rentes tailles. Il garantit une distribution optimale et une utilisation pratique et efficace. Fabriqu\u00e9 avec des mat\u00e9riaux de haute qualit\u00e9, il assure durabilit\u00e9 et performance \u00e0 long terme, id\u00e9al pour les environnements professionnels o\u00f9 la polyvalence et la fiabilit\u00e9 sont essentielles. Compatibilit\u00e9 du [&hellip;]\" \/>\n<meta property=\"og:url\" content=\"https:\/\/www.melform.com\/fr\/conteneurs-\/catalogue-de-produits\/pieces-de-rechange\/robinets-bouchons-vannes\/kit-robinet-pour-annexe-longue\/\" \/>\n<meta property=\"og:site_name\" content=\"MELFORM\" \/>\n<meta property=\"article:modified_time\" content=\"2025-02-14T15:42:24+00:00\" \/>\n<meta property=\"og:image\" content=\"https:\/\/www.melform.com\/wp-content\/uploads\/2024\/12\/RRI175.jpg\" \/>\n\t<meta property=\"og:image:width\" content=\"2000\" \/>\n\t<meta property=\"og:image:height\" content=\"1333\" \/>\n\t<meta property=\"og:image:type\" content=\"image\/jpeg\" \/>\n<meta name=\"twitter:card\" content=\"summary_large_image\" \/>\n<script type=\"application\/ld+json\" class=\"yoast-schema-graph\">{\"@context\":\"https:\/\/schema.org\",\"@graph\":[{\"@type\":\"WebPage\",\"@id\":\"https:\/\/www.melform.com\/fr\/conteneurs-\/catalogue-de-produits\/pieces-de-rechange\/robinets-bouchons-vannes\/kit-robinet-pour-annexe-longue\/\",\"url\":\"https:\/\/www.melform.com\/fr\/conteneurs-\/catalogue-de-produits\/pieces-de-rechange\/robinets-bouchons-vannes\/kit-robinet-pour-annexe-longue\/\",\"name\":\"KIT DE ROBINET ETENDU - MELFORM\",\"isPartOf\":{\"@id\":\"https:\/\/www.melform.com\/fr\/#website\"},\"primaryImageOfPage\":{\"@id\":\"https:\/\/www.melform.com\/fr\/conteneurs-\/catalogue-de-produits\/pieces-de-rechange\/robinets-bouchons-vannes\/kit-robinet-pour-annexe-longue\/#primaryimage\"},\"image\":{\"@id\":\"https:\/\/www.melform.com\/fr\/conteneurs-\/catalogue-de-produits\/pieces-de-rechange\/robinets-bouchons-vannes\/kit-robinet-pour-annexe-longue\/#primaryimage\"},\"thumbnailUrl\":\"https:\/\/www.melform.com\/wp-content\/uploads\/2024\/12\/RRI175.jpg\",\"datePublished\":\"2024-12-31T14:34:18+00:00\",\"dateModified\":\"2025-02-14T15:42:24+00:00\",\"breadcrumb\":{\"@id\":\"https:\/\/www.melform.com\/fr\/conteneurs-\/catalogue-de-produits\/pieces-de-rechange\/robinets-bouchons-vannes\/kit-robinet-pour-annexe-longue\/#breadcrumb\"},\"inLanguage\":\"fr-FR\",\"potentialAction\":[{\"@type\":\"ReadAction\",\"target\":[\"https:\/\/www.melform.com\/fr\/conteneurs-\/catalogue-de-produits\/pieces-de-rechange\/robinets-bouchons-vannes\/kit-robinet-pour-annexe-longue\/\"]}]},{\"@type\":\"ImageObject\",\"inLanguage\":\"fr-FR\",\"@id\":\"https:\/\/www.melform.com\/fr\/conteneurs-\/catalogue-de-produits\/pieces-de-rechange\/robinets-bouchons-vannes\/kit-robinet-pour-annexe-longue\/#primaryimage\",\"url\":\"https:\/\/www.melform.com\/wp-content\/uploads\/2024\/12\/RRI175.jpg\",\"contentUrl\":\"https:\/\/www.melform.com\/wp-content\/uploads\/2024\/12\/RRI175.jpg\",\"width\":2000,\"height\":1333},{\"@type\":\"BreadcrumbList\",\"@id\":\"https:\/\/www.melform.com\/fr\/conteneurs-\/catalogue-de-produits\/pieces-de-rechange\/robinets-bouchons-vannes\/kit-robinet-pour-annexe-longue\/#breadcrumb\",\"itemListElement\":[{\"@type\":\"ListItem\",\"position\":1,\"name\":\"Home\",\"item\":\"https:\/\/www.melform.com\/fr\/\"},{\"@type\":\"ListItem\",\"position\":2,\"name\":\"Shop\",\"item\":\"https:\/\/www.melform.com\/fr\/shop\/\"},{\"@type\":\"ListItem\",\"position\":3,\"name\":\"KIT DE ROBINET ETENDU\"}]},{\"@type\":\"WebSite\",\"@id\":\"https:\/\/www.melform.com\/fr\/#website\",\"url\":\"https:\/\/www.melform.com\/fr\/\",\"name\":\"MELFORM\",\"description\":\"SISTEMI PER IL TRASPORTO E STOCCAGGIO A TEMPERATURA CONTROLLATA\",\"potentialAction\":[{\"@type\":\"SearchAction\",\"target\":{\"@type\":\"EntryPoint\",\"urlTemplate\":\"https:\/\/www.melform.com\/fr\/?s={search_term_string}\"},\"query-input\":{\"@type\":\"PropertyValueSpecification\",\"valueRequired\":true,\"valueName\":\"search_term_string\"}}],\"inLanguage\":\"fr-FR\"}]}<\/script>\n<!-- \/ Yoast SEO plugin. -->","yoast_head_json":{"title":"KIT DE ROBINET ETENDU - MELFORM","robots":{"index":"index","follow":"follow","max-snippet":"max-snippet:-1","max-image-preview":"max-image-preview:large","max-video-preview":"max-video-preview:-1"},"canonical":"https:\/\/www.melform.com\/fr\/conteneurs-\/catalogue-de-produits\/pieces-de-rechange\/robinets-bouchons-vannes\/kit-robinet-pour-annexe-longue\/","og_locale":"fr_FR","og_type":"article","og_title":"KIT DE ROBINET ETENDU - MELFORM","og_description":"Con\u00e7u pour rendre le contenant adapt\u00e9 \u00e0 l&#8217;utilisation avec des tasses de diff\u00e9rentes tailles. Il garantit une distribution optimale et une utilisation pratique et efficace. Fabriqu\u00e9 avec des mat\u00e9riaux de haute qualit\u00e9, il assure durabilit\u00e9 et performance \u00e0 long terme, id\u00e9al pour les environnements professionnels o\u00f9 la polyvalence et la fiabilit\u00e9 sont essentielles. Compatibilit\u00e9 du [&hellip;]","og_url":"https:\/\/www.melform.com\/fr\/conteneurs-\/catalogue-de-produits\/pieces-de-rechange\/robinets-bouchons-vannes\/kit-robinet-pour-annexe-longue\/","og_site_name":"MELFORM","article_modified_time":"2025-02-14T15:42:24+00:00","og_image":[{"width":2000,"height":1333,"url":"https:\/\/www.melform.com\/wp-content\/uploads\/2024\/12\/RRI175.jpg","type":"image\/jpeg"}],"twitter_card":"summary_large_image","schema":{"@context":"https:\/\/schema.org","@graph":[{"@type":"WebPage","@id":"https:\/\/www.melform.com\/fr\/conteneurs-\/catalogue-de-produits\/pieces-de-rechange\/robinets-bouchons-vannes\/kit-robinet-pour-annexe-longue\/","url":"https:\/\/www.melform.com\/fr\/conteneurs-\/catalogue-de-produits\/pieces-de-rechange\/robinets-bouchons-vannes\/kit-robinet-pour-annexe-longue\/","name":"KIT DE ROBINET ETENDU - MELFORM","isPartOf":{"@id":"https:\/\/www.melform.com\/fr\/#website"},"primaryImageOfPage":{"@id":"https:\/\/www.melform.com\/fr\/conteneurs-\/catalogue-de-produits\/pieces-de-rechange\/robinets-bouchons-vannes\/kit-robinet-pour-annexe-longue\/#primaryimage"},"image":{"@id":"https:\/\/www.melform.com\/fr\/conteneurs-\/catalogue-de-produits\/pieces-de-rechange\/robinets-bouchons-vannes\/kit-robinet-pour-annexe-longue\/#primaryimage"},"thumbnailUrl":"https:\/\/www.melform.com\/wp-content\/uploads\/2024\/12\/RRI175.jpg","datePublished":"2024-12-31T14:34:18+00:00","dateModified":"2025-02-14T15:42:24+00:00","breadcrumb":{"@id":"https:\/\/www.melform.com\/fr\/conteneurs-\/catalogue-de-produits\/pieces-de-rechange\/robinets-bouchons-vannes\/kit-robinet-pour-annexe-longue\/#breadcrumb"},"inLanguage":"fr-FR","potentialAction":[{"@type":"ReadAction","target":["https:\/\/www.melform.com\/fr\/conteneurs-\/catalogue-de-produits\/pieces-de-rechange\/robinets-bouchons-vannes\/kit-robinet-pour-annexe-longue\/"]}]},{"@type":"ImageObject","inLanguage":"fr-FR","@id":"https:\/\/www.melform.com\/fr\/conteneurs-\/catalogue-de-produits\/pieces-de-rechange\/robinets-bouchons-vannes\/kit-robinet-pour-annexe-longue\/#primaryimage","url":"https:\/\/www.melform.com\/wp-content\/uploads\/2024\/12\/RRI175.jpg","contentUrl":"https:\/\/www.melform.com\/wp-content\/uploads\/2024\/12\/RRI175.jpg","width":2000,"height":1333},{"@type":"BreadcrumbList","@id":"https:\/\/www.melform.com\/fr\/conteneurs-\/catalogue-de-produits\/pieces-de-rechange\/robinets-bouchons-vannes\/kit-robinet-pour-annexe-longue\/#breadcrumb","itemListElement":[{"@type":"ListItem","position":1,"name":"Home","item":"https:\/\/www.melform.com\/fr\/"},{"@type":"ListItem","position":2,"name":"Shop","item":"https:\/\/www.melform.com\/fr\/shop\/"},{"@type":"ListItem","position":3,"name":"KIT DE ROBINET ETENDU"}]},{"@type":"WebSite","@id":"https:\/\/www.melform.com\/fr\/#website","url":"https:\/\/www.melform.com\/fr\/","name":"MELFORM","description":"SISTEMI PER IL TRASPORTO E STOCCAGGIO A TEMPERATURA CONTROLLATA","potentialAction":[{"@type":"SearchAction","target":{"@type":"EntryPoint","urlTemplate":"https:\/\/www.melform.com\/fr\/?s={search_term_string}"},"query-input":{"@type":"PropertyValueSpecification","valueRequired":true,"valueName":"search_term_string"}}],"inLanguage":"fr-FR"}]}},"_links":{"self":[{"href":"https:\/\/www.melform.com\/fr\/wp-json\/wp\/v2\/product\/15800","targetHints":{"allow":["GET"]}}],"collection":[{"href":"https:\/\/www.melform.com\/fr\/wp-json\/wp\/v2\/product"}],"about":[{"href":"https:\/\/www.melform.com\/fr\/wp-json\/wp\/v2\/types\/product"}],"wp:featuredmedia":[{"embeddable":true,"href":"https:\/\/www.melform.com\/fr\/wp-json\/wp\/v2\/media\/15416"}],"wp:attachment":[{"href":"https:\/\/www.melform.com\/fr\/wp-json\/wp\/v2\/media?parent=15800"}],"wp:term":[{"taxonomy":"product_brand","embeddable":true,"href":"https:\/\/www.melform.com\/fr\/wp-json\/wp\/v2\/product_brand?post=15800"},{"taxonomy":"product_cat","embeddable":true,"href":"https:\/\/www.melform.com\/fr\/wp-json\/wp\/v2\/product_cat?post=15800"},{"taxonomy":"product_tag","embeddable":true,"href":"https:\/\/www.melform.com\/fr\/wp-json\/wp\/v2\/product_tag?post=15800"}],"curies":[{"name":"wp","href":"https:\/\/api.w.org\/{rel}","templated":true}]}}