{"id":15804,"date":"2024-12-31T16:38:19","date_gmt":"2024-12-31T14:38:19","guid":{"rendered":"https:\/\/www.melform.com\/?post_type=product&#038;p=15804"},"modified":"2025-01-05T15:33:58","modified_gmt":"2025-01-05T13:33:58","slug":"bouchon-de-vidange-deau-dricy","status":"publish","type":"product","link":"https:\/\/www.melform.com\/fr\/conteneurs-\/catalogue-de-produits\/pieces-de-rechange\/robinets-bouchons-vannes\/bouchon-de-vidange-deau-dricy\/","title":{"rendered":"BOUCHON DE VIDANGE D&#8217;EAU"},"content":{"rendered":"Le bouchon de vidange d&#8217;eau est con\u00e7u pour garantir une fermeture efficace et \u00e9viter les fuites, tout en assurant un drainage optimal lors de l&#8217;utilisation. Fabriqu\u00e9 avec des mat\u00e9riaux r\u00e9sistants et durables, il est con\u00e7u pour r\u00e9sister aux contraintes et aux conditions environnementales difficiles.\r\n\r\nCompatibilit\u00e9 produit: DRICY 150 \/ DRICY 360 \/ DRICY 540.\r\n\r\nEmballage unit\u00e9: 5","protected":false},"excerpt":{"rendered":"Le bouchon de vidange d&#8217;eau est con\u00e7u pour garantir une fermeture efficace et \u00e9viter les fuites, tout en assurant un drainage optimal lors de l&#8217;utilisation. Fabriqu\u00e9 avec des mat\u00e9riaux r\u00e9sistants et durables, il est con\u00e7u pour r\u00e9sister aux contraintes et aux conditions environnementales difficiles. Compatibilit\u00e9 produit: DRICY 150 \/ DRICY 360 \/ DRICY 540. Emballage [&hellip;]","protected":false},"featured_media":15446,"template":"","meta":{"_acf_changed":false,"_themeisle_gutenberg_block_has_review":false},"product_brand":[],"product_cat":[920,1055],"product_tag":[],"class_list":{"0":"post-15804","1":"product","2":"type-product","3":"status-publish","4":"has-post-thumbnail","6":"product_cat-pieces-de-rechange","7":"product_cat-robinets-bouchons-vannes","9":"first","10":"instock","11":"shipping-taxable","12":"product-type-simple"},"acf":[],"yoast_head":"<!-- This site is optimized with the Yoast SEO plugin v26.4 - https:\/\/yoast.com\/wordpress\/plugins\/seo\/ -->\n<title>BOUCHON DE VIDANGE D&#039;EAU - MELFORM<\/title>\n<meta name=\"robots\" content=\"index, follow, max-snippet:-1, max-image-preview:large, max-video-preview:-1\" \/>\n<link rel=\"canonical\" href=\"https:\/\/www.melform.com\/fr\/conteneurs-\/catalogue-de-produits\/pieces-de-rechange\/robinets-bouchons-vannes\/bouchon-de-vidange-deau-dricy\/\" \/>\n<meta property=\"og:locale\" content=\"fr_FR\" \/>\n<meta property=\"og:type\" content=\"article\" \/>\n<meta property=\"og:title\" content=\"BOUCHON DE VIDANGE D&#039;EAU - MELFORM\" \/>\n<meta property=\"og:description\" content=\"Le bouchon de vidange d&#8217;eau est con\u00e7u pour garantir une fermeture efficace et \u00e9viter les fuites, tout en assurant un drainage optimal lors de l&#8217;utilisation. Fabriqu\u00e9 avec des mat\u00e9riaux r\u00e9sistants et durables, il est con\u00e7u pour r\u00e9sister aux contraintes et aux conditions environnementales difficiles. Compatibilit\u00e9 produit: DRICY 150 \/ DRICY 360 \/ DRICY 540. Emballage [&hellip;]\" \/>\n<meta property=\"og:url\" content=\"https:\/\/www.melform.com\/fr\/conteneurs-\/catalogue-de-produits\/pieces-de-rechange\/robinets-bouchons-vannes\/bouchon-de-vidange-deau-dricy\/\" \/>\n<meta property=\"og:site_name\" content=\"MELFORM\" \/>\n<meta property=\"article:modified_time\" content=\"2025-01-05T13:33:58+00:00\" \/>\n<meta property=\"og:image\" content=\"https:\/\/www.melform.com\/wp-content\/uploads\/2024\/12\/RRI199.jpg\" \/>\n\t<meta property=\"og:image:width\" content=\"2000\" \/>\n\t<meta property=\"og:image:height\" content=\"1333\" \/>\n\t<meta property=\"og:image:type\" content=\"image\/jpeg\" \/>\n<meta name=\"twitter:card\" content=\"summary_large_image\" \/>\n<script type=\"application\/ld+json\" class=\"yoast-schema-graph\">{\"@context\":\"https:\/\/schema.org\",\"@graph\":[{\"@type\":\"WebPage\",\"@id\":\"https:\/\/www.melform.com\/fr\/conteneurs-\/catalogue-de-produits\/pieces-de-rechange\/robinets-bouchons-vannes\/bouchon-de-vidange-deau-dricy\/\",\"url\":\"https:\/\/www.melform.com\/fr\/conteneurs-\/catalogue-de-produits\/pieces-de-rechange\/robinets-bouchons-vannes\/bouchon-de-vidange-deau-dricy\/\",\"name\":\"BOUCHON DE VIDANGE D'EAU - MELFORM\",\"isPartOf\":{\"@id\":\"https:\/\/www.melform.com\/fr\/#website\"},\"primaryImageOfPage\":{\"@id\":\"https:\/\/www.melform.com\/fr\/conteneurs-\/catalogue-de-produits\/pieces-de-rechange\/robinets-bouchons-vannes\/bouchon-de-vidange-deau-dricy\/#primaryimage\"},\"image\":{\"@id\":\"https:\/\/www.melform.com\/fr\/conteneurs-\/catalogue-de-produits\/pieces-de-rechange\/robinets-bouchons-vannes\/bouchon-de-vidange-deau-dricy\/#primaryimage\"},\"thumbnailUrl\":\"https:\/\/www.melform.com\/wp-content\/uploads\/2024\/12\/RRI199.jpg\",\"datePublished\":\"2024-12-31T14:38:19+00:00\",\"dateModified\":\"2025-01-05T13:33:58+00:00\",\"breadcrumb\":{\"@id\":\"https:\/\/www.melform.com\/fr\/conteneurs-\/catalogue-de-produits\/pieces-de-rechange\/robinets-bouchons-vannes\/bouchon-de-vidange-deau-dricy\/#breadcrumb\"},\"inLanguage\":\"fr-FR\",\"potentialAction\":[{\"@type\":\"ReadAction\",\"target\":[\"https:\/\/www.melform.com\/fr\/conteneurs-\/catalogue-de-produits\/pieces-de-rechange\/robinets-bouchons-vannes\/bouchon-de-vidange-deau-dricy\/\"]}]},{\"@type\":\"ImageObject\",\"inLanguage\":\"fr-FR\",\"@id\":\"https:\/\/www.melform.com\/fr\/conteneurs-\/catalogue-de-produits\/pieces-de-rechange\/robinets-bouchons-vannes\/bouchon-de-vidange-deau-dricy\/#primaryimage\",\"url\":\"https:\/\/www.melform.com\/wp-content\/uploads\/2024\/12\/RRI199.jpg\",\"contentUrl\":\"https:\/\/www.melform.com\/wp-content\/uploads\/2024\/12\/RRI199.jpg\",\"width\":2000,\"height\":1333},{\"@type\":\"BreadcrumbList\",\"@id\":\"https:\/\/www.melform.com\/fr\/conteneurs-\/catalogue-de-produits\/pieces-de-rechange\/robinets-bouchons-vannes\/bouchon-de-vidange-deau-dricy\/#breadcrumb\",\"itemListElement\":[{\"@type\":\"ListItem\",\"position\":1,\"name\":\"Home\",\"item\":\"https:\/\/www.melform.com\/fr\/\"},{\"@type\":\"ListItem\",\"position\":2,\"name\":\"Shop\",\"item\":\"https:\/\/www.melform.com\/fr\/shop\/\"},{\"@type\":\"ListItem\",\"position\":3,\"name\":\"BOUCHON DE VIDANGE D&#8217;EAU\"}]},{\"@type\":\"WebSite\",\"@id\":\"https:\/\/www.melform.com\/fr\/#website\",\"url\":\"https:\/\/www.melform.com\/fr\/\",\"name\":\"MELFORM\",\"description\":\"SISTEMI PER IL TRASPORTO E STOCCAGGIO A TEMPERATURA CONTROLLATA\",\"potentialAction\":[{\"@type\":\"SearchAction\",\"target\":{\"@type\":\"EntryPoint\",\"urlTemplate\":\"https:\/\/www.melform.com\/fr\/?s={search_term_string}\"},\"query-input\":{\"@type\":\"PropertyValueSpecification\",\"valueRequired\":true,\"valueName\":\"search_term_string\"}}],\"inLanguage\":\"fr-FR\"}]}<\/script>\n<!-- \/ Yoast SEO plugin. -->","yoast_head_json":{"title":"BOUCHON DE VIDANGE D'EAU - MELFORM","robots":{"index":"index","follow":"follow","max-snippet":"max-snippet:-1","max-image-preview":"max-image-preview:large","max-video-preview":"max-video-preview:-1"},"canonical":"https:\/\/www.melform.com\/fr\/conteneurs-\/catalogue-de-produits\/pieces-de-rechange\/robinets-bouchons-vannes\/bouchon-de-vidange-deau-dricy\/","og_locale":"fr_FR","og_type":"article","og_title":"BOUCHON DE VIDANGE D'EAU - MELFORM","og_description":"Le bouchon de vidange d&#8217;eau est con\u00e7u pour garantir une fermeture efficace et \u00e9viter les fuites, tout en assurant un drainage optimal lors de l&#8217;utilisation. Fabriqu\u00e9 avec des mat\u00e9riaux r\u00e9sistants et durables, il est con\u00e7u pour r\u00e9sister aux contraintes et aux conditions environnementales difficiles. Compatibilit\u00e9 produit: DRICY 150 \/ DRICY 360 \/ DRICY 540. Emballage [&hellip;]","og_url":"https:\/\/www.melform.com\/fr\/conteneurs-\/catalogue-de-produits\/pieces-de-rechange\/robinets-bouchons-vannes\/bouchon-de-vidange-deau-dricy\/","og_site_name":"MELFORM","article_modified_time":"2025-01-05T13:33:58+00:00","og_image":[{"width":2000,"height":1333,"url":"https:\/\/www.melform.com\/wp-content\/uploads\/2024\/12\/RRI199.jpg","type":"image\/jpeg"}],"twitter_card":"summary_large_image","schema":{"@context":"https:\/\/schema.org","@graph":[{"@type":"WebPage","@id":"https:\/\/www.melform.com\/fr\/conteneurs-\/catalogue-de-produits\/pieces-de-rechange\/robinets-bouchons-vannes\/bouchon-de-vidange-deau-dricy\/","url":"https:\/\/www.melform.com\/fr\/conteneurs-\/catalogue-de-produits\/pieces-de-rechange\/robinets-bouchons-vannes\/bouchon-de-vidange-deau-dricy\/","name":"BOUCHON DE VIDANGE D'EAU - MELFORM","isPartOf":{"@id":"https:\/\/www.melform.com\/fr\/#website"},"primaryImageOfPage":{"@id":"https:\/\/www.melform.com\/fr\/conteneurs-\/catalogue-de-produits\/pieces-de-rechange\/robinets-bouchons-vannes\/bouchon-de-vidange-deau-dricy\/#primaryimage"},"image":{"@id":"https:\/\/www.melform.com\/fr\/conteneurs-\/catalogue-de-produits\/pieces-de-rechange\/robinets-bouchons-vannes\/bouchon-de-vidange-deau-dricy\/#primaryimage"},"thumbnailUrl":"https:\/\/www.melform.com\/wp-content\/uploads\/2024\/12\/RRI199.jpg","datePublished":"2024-12-31T14:38:19+00:00","dateModified":"2025-01-05T13:33:58+00:00","breadcrumb":{"@id":"https:\/\/www.melform.com\/fr\/conteneurs-\/catalogue-de-produits\/pieces-de-rechange\/robinets-bouchons-vannes\/bouchon-de-vidange-deau-dricy\/#breadcrumb"},"inLanguage":"fr-FR","potentialAction":[{"@type":"ReadAction","target":["https:\/\/www.melform.com\/fr\/conteneurs-\/catalogue-de-produits\/pieces-de-rechange\/robinets-bouchons-vannes\/bouchon-de-vidange-deau-dricy\/"]}]},{"@type":"ImageObject","inLanguage":"fr-FR","@id":"https:\/\/www.melform.com\/fr\/conteneurs-\/catalogue-de-produits\/pieces-de-rechange\/robinets-bouchons-vannes\/bouchon-de-vidange-deau-dricy\/#primaryimage","url":"https:\/\/www.melform.com\/wp-content\/uploads\/2024\/12\/RRI199.jpg","contentUrl":"https:\/\/www.melform.com\/wp-content\/uploads\/2024\/12\/RRI199.jpg","width":2000,"height":1333},{"@type":"BreadcrumbList","@id":"https:\/\/www.melform.com\/fr\/conteneurs-\/catalogue-de-produits\/pieces-de-rechange\/robinets-bouchons-vannes\/bouchon-de-vidange-deau-dricy\/#breadcrumb","itemListElement":[{"@type":"ListItem","position":1,"name":"Home","item":"https:\/\/www.melform.com\/fr\/"},{"@type":"ListItem","position":2,"name":"Shop","item":"https:\/\/www.melform.com\/fr\/shop\/"},{"@type":"ListItem","position":3,"name":"BOUCHON DE VIDANGE D&#8217;EAU"}]},{"@type":"WebSite","@id":"https:\/\/www.melform.com\/fr\/#website","url":"https:\/\/www.melform.com\/fr\/","name":"MELFORM","description":"SISTEMI PER IL TRASPORTO E STOCCAGGIO A TEMPERATURA CONTROLLATA","potentialAction":[{"@type":"SearchAction","target":{"@type":"EntryPoint","urlTemplate":"https:\/\/www.melform.com\/fr\/?s={search_term_string}"},"query-input":{"@type":"PropertyValueSpecification","valueRequired":true,"valueName":"search_term_string"}}],"inLanguage":"fr-FR"}]}},"_links":{"self":[{"href":"https:\/\/www.melform.com\/fr\/wp-json\/wp\/v2\/product\/15804","targetHints":{"allow":["GET"]}}],"collection":[{"href":"https:\/\/www.melform.com\/fr\/wp-json\/wp\/v2\/product"}],"about":[{"href":"https:\/\/www.melform.com\/fr\/wp-json\/wp\/v2\/types\/product"}],"wp:featuredmedia":[{"embeddable":true,"href":"https:\/\/www.melform.com\/fr\/wp-json\/wp\/v2\/media\/15446"}],"wp:attachment":[{"href":"https:\/\/www.melform.com\/fr\/wp-json\/wp\/v2\/media?parent=15804"}],"wp:term":[{"taxonomy":"product_brand","embeddable":true,"href":"https:\/\/www.melform.com\/fr\/wp-json\/wp\/v2\/product_brand?post=15804"},{"taxonomy":"product_cat","embeddable":true,"href":"https:\/\/www.melform.com\/fr\/wp-json\/wp\/v2\/product_cat?post=15804"},{"taxonomy":"product_tag","embeddable":true,"href":"https:\/\/www.melform.com\/fr\/wp-json\/wp\/v2\/product_tag?post=15804"}],"curies":[{"name":"wp","href":"https:\/\/api.w.org\/{rel}","templated":true}]}}