{"id":15814,"date":"2024-12-31T17:41:38","date_gmt":"2024-12-31T15:41:38","guid":{"rendered":"https:\/\/www.melform.com\/contenitori-isotermici-e-refrigerati\/non%20class\u00e9\/jeu-de-pieds-galvanises-cargo-370-cargo-500-dricy-150-dricy-360-dricy-540\/"},"modified":"2025-01-05T18:01:12","modified_gmt":"2025-01-05T16:01:12","slug":"jeu-de-pieds-galvanises-cargo-370-cargo-500-dricy-150-dricy-360-dricy-540","status":"publish","type":"product","link":"https:\/\/www.melform.com\/fr\/conteneurs-\/catalogue-de-produits\/pieces-de-rechange\/roues-et-pieds\/jeu-de-pieds-galvanises-cargo-370-cargo-500-dricy-150-dricy-360-dricy-540\/","title":{"rendered":"JEU DE 4 PIEDS EN ACIER GALVANIS\u00c9"},"content":{"rendered":"L&#8217;ensemble de 4 pieds en acier galvanis\u00e9 est con\u00e7u pour garantir <strong>stabilit\u00e9, r\u00e9sistance et durabilit\u00e9<\/strong>, m\u00eame sous des charges \u00e9lev\u00e9es. La structure en acier galvanis\u00e9 offre une excellente protection contre la corrosion, ce qui le rend id\u00e9al pour une utilisation professionnelle et des applications expos\u00e9es \u00e0 des conditions environnementales variables.\r\n\r\n<strong>Compatibilit\u00e9 du produit :<\/strong>\r\n<ul>\r\n \t<li><strong>CARGO :<\/strong> 370 \/ 500<\/li>\r\n \t<li><strong>DRICY :<\/strong> 150 \/ 360 \/ 540<\/li>\r\n<\/ul>\r\nCet ensemble est la solution id\u00e9ale pour des applications n\u00e9cessitant <strong>une grande solidit\u00e9 structurelle<\/strong>, s\u00e9curit\u00e9 et <strong>performances fiables dans le temps<\/strong>.\r\n\r\nEmballage unit\u00e9: 1","protected":false},"excerpt":{"rendered":"L&#8217;ensemble de 4 pieds en acier galvanis\u00e9 est con\u00e7u pour garantir stabilit\u00e9, r\u00e9sistance et durabilit\u00e9, m\u00eame sous des charges \u00e9lev\u00e9es. La structure en acier galvanis\u00e9 offre une excellente protection contre la corrosion, ce qui le rend id\u00e9al pour une utilisation professionnelle et des applications expos\u00e9es \u00e0 des conditions environnementales variables. Compatibilit\u00e9 du produit : CARGO [&hellip;]","protected":false},"featured_media":15455,"template":"","meta":{"_acf_changed":false,"_themeisle_gutenberg_block_has_review":false},"product_brand":[],"product_cat":[920,1052],"product_tag":[],"class_list":{"0":"post-15814","1":"product","2":"type-product","3":"status-publish","4":"has-post-thumbnail","6":"product_cat-pieces-de-rechange","7":"product_cat-roues-et-pieds","9":"first","10":"instock","11":"shipping-taxable","12":"product-type-simple"},"acf":[],"yoast_head":"<!-- This site is optimized with the Yoast SEO plugin v26.4 - https:\/\/yoast.com\/wordpress\/plugins\/seo\/ -->\n<title>JEU DE 4 PIEDS EN ACIER GALVANIS\u00c9 - MELFORM<\/title>\n<meta name=\"robots\" content=\"index, follow, max-snippet:-1, max-image-preview:large, max-video-preview:-1\" \/>\n<link rel=\"canonical\" href=\"https:\/\/www.melform.com\/fr\/conteneurs-\/catalogue-de-produits\/pieces-de-rechange\/roues-et-pieds\/jeu-de-pieds-galvanises-cargo-370-cargo-500-dricy-150-dricy-360-dricy-540\/\" \/>\n<meta property=\"og:locale\" content=\"fr_FR\" \/>\n<meta property=\"og:type\" content=\"article\" \/>\n<meta property=\"og:title\" content=\"JEU DE 4 PIEDS EN ACIER GALVANIS\u00c9 - MELFORM\" \/>\n<meta property=\"og:description\" content=\"L&#8217;ensemble de 4 pieds en acier galvanis\u00e9 est con\u00e7u pour garantir stabilit\u00e9, r\u00e9sistance et durabilit\u00e9, m\u00eame sous des charges \u00e9lev\u00e9es. La structure en acier galvanis\u00e9 offre une excellente protection contre la corrosion, ce qui le rend id\u00e9al pour une utilisation professionnelle et des applications expos\u00e9es \u00e0 des conditions environnementales variables. Compatibilit\u00e9 du produit : CARGO [&hellip;]\" \/>\n<meta property=\"og:url\" content=\"https:\/\/www.melform.com\/fr\/conteneurs-\/catalogue-de-produits\/pieces-de-rechange\/roues-et-pieds\/jeu-de-pieds-galvanises-cargo-370-cargo-500-dricy-150-dricy-360-dricy-540\/\" \/>\n<meta property=\"og:site_name\" content=\"MELFORM\" \/>\n<meta property=\"article:modified_time\" content=\"2025-01-05T16:01:12+00:00\" \/>\n<meta property=\"og:image\" content=\"https:\/\/www.melform.com\/wp-content\/uploads\/2024\/12\/RRI202.jpg\" \/>\n\t<meta property=\"og:image:width\" content=\"2000\" \/>\n\t<meta property=\"og:image:height\" content=\"1333\" \/>\n\t<meta property=\"og:image:type\" content=\"image\/jpeg\" \/>\n<meta name=\"twitter:card\" content=\"summary_large_image\" \/>\n<script type=\"application\/ld+json\" class=\"yoast-schema-graph\">{\"@context\":\"https:\/\/schema.org\",\"@graph\":[{\"@type\":\"WebPage\",\"@id\":\"https:\/\/www.melform.com\/fr\/conteneurs-\/catalogue-de-produits\/pieces-de-rechange\/roues-et-pieds\/jeu-de-pieds-galvanises-cargo-370-cargo-500-dricy-150-dricy-360-dricy-540\/\",\"url\":\"https:\/\/www.melform.com\/fr\/conteneurs-\/catalogue-de-produits\/pieces-de-rechange\/roues-et-pieds\/jeu-de-pieds-galvanises-cargo-370-cargo-500-dricy-150-dricy-360-dricy-540\/\",\"name\":\"JEU DE 4 PIEDS EN ACIER GALVANIS\u00c9 - MELFORM\",\"isPartOf\":{\"@id\":\"https:\/\/www.melform.com\/fr\/#website\"},\"primaryImageOfPage\":{\"@id\":\"https:\/\/www.melform.com\/fr\/conteneurs-\/catalogue-de-produits\/pieces-de-rechange\/roues-et-pieds\/jeu-de-pieds-galvanises-cargo-370-cargo-500-dricy-150-dricy-360-dricy-540\/#primaryimage\"},\"image\":{\"@id\":\"https:\/\/www.melform.com\/fr\/conteneurs-\/catalogue-de-produits\/pieces-de-rechange\/roues-et-pieds\/jeu-de-pieds-galvanises-cargo-370-cargo-500-dricy-150-dricy-360-dricy-540\/#primaryimage\"},\"thumbnailUrl\":\"https:\/\/www.melform.com\/wp-content\/uploads\/2024\/12\/RRI202.jpg\",\"datePublished\":\"2024-12-31T15:41:38+00:00\",\"dateModified\":\"2025-01-05T16:01:12+00:00\",\"breadcrumb\":{\"@id\":\"https:\/\/www.melform.com\/fr\/conteneurs-\/catalogue-de-produits\/pieces-de-rechange\/roues-et-pieds\/jeu-de-pieds-galvanises-cargo-370-cargo-500-dricy-150-dricy-360-dricy-540\/#breadcrumb\"},\"inLanguage\":\"fr-FR\",\"potentialAction\":[{\"@type\":\"ReadAction\",\"target\":[\"https:\/\/www.melform.com\/fr\/conteneurs-\/catalogue-de-produits\/pieces-de-rechange\/roues-et-pieds\/jeu-de-pieds-galvanises-cargo-370-cargo-500-dricy-150-dricy-360-dricy-540\/\"]}]},{\"@type\":\"ImageObject\",\"inLanguage\":\"fr-FR\",\"@id\":\"https:\/\/www.melform.com\/fr\/conteneurs-\/catalogue-de-produits\/pieces-de-rechange\/roues-et-pieds\/jeu-de-pieds-galvanises-cargo-370-cargo-500-dricy-150-dricy-360-dricy-540\/#primaryimage\",\"url\":\"https:\/\/www.melform.com\/wp-content\/uploads\/2024\/12\/RRI202.jpg\",\"contentUrl\":\"https:\/\/www.melform.com\/wp-content\/uploads\/2024\/12\/RRI202.jpg\",\"width\":2000,\"height\":1333},{\"@type\":\"BreadcrumbList\",\"@id\":\"https:\/\/www.melform.com\/fr\/conteneurs-\/catalogue-de-produits\/pieces-de-rechange\/roues-et-pieds\/jeu-de-pieds-galvanises-cargo-370-cargo-500-dricy-150-dricy-360-dricy-540\/#breadcrumb\",\"itemListElement\":[{\"@type\":\"ListItem\",\"position\":1,\"name\":\"Home\",\"item\":\"https:\/\/www.melform.com\/fr\/\"},{\"@type\":\"ListItem\",\"position\":2,\"name\":\"Shop\",\"item\":\"https:\/\/www.melform.com\/fr\/shop\/\"},{\"@type\":\"ListItem\",\"position\":3,\"name\":\"JEU DE 4 PIEDS EN ACIER GALVANIS\u00c9\"}]},{\"@type\":\"WebSite\",\"@id\":\"https:\/\/www.melform.com\/fr\/#website\",\"url\":\"https:\/\/www.melform.com\/fr\/\",\"name\":\"MELFORM\",\"description\":\"SISTEMI PER IL TRASPORTO E STOCCAGGIO A TEMPERATURA CONTROLLATA\",\"potentialAction\":[{\"@type\":\"SearchAction\",\"target\":{\"@type\":\"EntryPoint\",\"urlTemplate\":\"https:\/\/www.melform.com\/fr\/?s={search_term_string}\"},\"query-input\":{\"@type\":\"PropertyValueSpecification\",\"valueRequired\":true,\"valueName\":\"search_term_string\"}}],\"inLanguage\":\"fr-FR\"}]}<\/script>\n<!-- \/ Yoast SEO plugin. -->","yoast_head_json":{"title":"JEU DE 4 PIEDS EN ACIER GALVANIS\u00c9 - MELFORM","robots":{"index":"index","follow":"follow","max-snippet":"max-snippet:-1","max-image-preview":"max-image-preview:large","max-video-preview":"max-video-preview:-1"},"canonical":"https:\/\/www.melform.com\/fr\/conteneurs-\/catalogue-de-produits\/pieces-de-rechange\/roues-et-pieds\/jeu-de-pieds-galvanises-cargo-370-cargo-500-dricy-150-dricy-360-dricy-540\/","og_locale":"fr_FR","og_type":"article","og_title":"JEU DE 4 PIEDS EN ACIER GALVANIS\u00c9 - MELFORM","og_description":"L&#8217;ensemble de 4 pieds en acier galvanis\u00e9 est con\u00e7u pour garantir stabilit\u00e9, r\u00e9sistance et durabilit\u00e9, m\u00eame sous des charges \u00e9lev\u00e9es. La structure en acier galvanis\u00e9 offre une excellente protection contre la corrosion, ce qui le rend id\u00e9al pour une utilisation professionnelle et des applications expos\u00e9es \u00e0 des conditions environnementales variables. Compatibilit\u00e9 du produit : CARGO [&hellip;]","og_url":"https:\/\/www.melform.com\/fr\/conteneurs-\/catalogue-de-produits\/pieces-de-rechange\/roues-et-pieds\/jeu-de-pieds-galvanises-cargo-370-cargo-500-dricy-150-dricy-360-dricy-540\/","og_site_name":"MELFORM","article_modified_time":"2025-01-05T16:01:12+00:00","og_image":[{"width":2000,"height":1333,"url":"https:\/\/www.melform.com\/wp-content\/uploads\/2024\/12\/RRI202.jpg","type":"image\/jpeg"}],"twitter_card":"summary_large_image","schema":{"@context":"https:\/\/schema.org","@graph":[{"@type":"WebPage","@id":"https:\/\/www.melform.com\/fr\/conteneurs-\/catalogue-de-produits\/pieces-de-rechange\/roues-et-pieds\/jeu-de-pieds-galvanises-cargo-370-cargo-500-dricy-150-dricy-360-dricy-540\/","url":"https:\/\/www.melform.com\/fr\/conteneurs-\/catalogue-de-produits\/pieces-de-rechange\/roues-et-pieds\/jeu-de-pieds-galvanises-cargo-370-cargo-500-dricy-150-dricy-360-dricy-540\/","name":"JEU DE 4 PIEDS EN ACIER GALVANIS\u00c9 - MELFORM","isPartOf":{"@id":"https:\/\/www.melform.com\/fr\/#website"},"primaryImageOfPage":{"@id":"https:\/\/www.melform.com\/fr\/conteneurs-\/catalogue-de-produits\/pieces-de-rechange\/roues-et-pieds\/jeu-de-pieds-galvanises-cargo-370-cargo-500-dricy-150-dricy-360-dricy-540\/#primaryimage"},"image":{"@id":"https:\/\/www.melform.com\/fr\/conteneurs-\/catalogue-de-produits\/pieces-de-rechange\/roues-et-pieds\/jeu-de-pieds-galvanises-cargo-370-cargo-500-dricy-150-dricy-360-dricy-540\/#primaryimage"},"thumbnailUrl":"https:\/\/www.melform.com\/wp-content\/uploads\/2024\/12\/RRI202.jpg","datePublished":"2024-12-31T15:41:38+00:00","dateModified":"2025-01-05T16:01:12+00:00","breadcrumb":{"@id":"https:\/\/www.melform.com\/fr\/conteneurs-\/catalogue-de-produits\/pieces-de-rechange\/roues-et-pieds\/jeu-de-pieds-galvanises-cargo-370-cargo-500-dricy-150-dricy-360-dricy-540\/#breadcrumb"},"inLanguage":"fr-FR","potentialAction":[{"@type":"ReadAction","target":["https:\/\/www.melform.com\/fr\/conteneurs-\/catalogue-de-produits\/pieces-de-rechange\/roues-et-pieds\/jeu-de-pieds-galvanises-cargo-370-cargo-500-dricy-150-dricy-360-dricy-540\/"]}]},{"@type":"ImageObject","inLanguage":"fr-FR","@id":"https:\/\/www.melform.com\/fr\/conteneurs-\/catalogue-de-produits\/pieces-de-rechange\/roues-et-pieds\/jeu-de-pieds-galvanises-cargo-370-cargo-500-dricy-150-dricy-360-dricy-540\/#primaryimage","url":"https:\/\/www.melform.com\/wp-content\/uploads\/2024\/12\/RRI202.jpg","contentUrl":"https:\/\/www.melform.com\/wp-content\/uploads\/2024\/12\/RRI202.jpg","width":2000,"height":1333},{"@type":"BreadcrumbList","@id":"https:\/\/www.melform.com\/fr\/conteneurs-\/catalogue-de-produits\/pieces-de-rechange\/roues-et-pieds\/jeu-de-pieds-galvanises-cargo-370-cargo-500-dricy-150-dricy-360-dricy-540\/#breadcrumb","itemListElement":[{"@type":"ListItem","position":1,"name":"Home","item":"https:\/\/www.melform.com\/fr\/"},{"@type":"ListItem","position":2,"name":"Shop","item":"https:\/\/www.melform.com\/fr\/shop\/"},{"@type":"ListItem","position":3,"name":"JEU DE 4 PIEDS EN ACIER GALVANIS\u00c9"}]},{"@type":"WebSite","@id":"https:\/\/www.melform.com\/fr\/#website","url":"https:\/\/www.melform.com\/fr\/","name":"MELFORM","description":"SISTEMI PER IL TRASPORTO E STOCCAGGIO A TEMPERATURA CONTROLLATA","potentialAction":[{"@type":"SearchAction","target":{"@type":"EntryPoint","urlTemplate":"https:\/\/www.melform.com\/fr\/?s={search_term_string}"},"query-input":{"@type":"PropertyValueSpecification","valueRequired":true,"valueName":"search_term_string"}}],"inLanguage":"fr-FR"}]}},"_links":{"self":[{"href":"https:\/\/www.melform.com\/fr\/wp-json\/wp\/v2\/product\/15814","targetHints":{"allow":["GET"]}}],"collection":[{"href":"https:\/\/www.melform.com\/fr\/wp-json\/wp\/v2\/product"}],"about":[{"href":"https:\/\/www.melform.com\/fr\/wp-json\/wp\/v2\/types\/product"}],"wp:featuredmedia":[{"embeddable":true,"href":"https:\/\/www.melform.com\/fr\/wp-json\/wp\/v2\/media\/15455"}],"wp:attachment":[{"href":"https:\/\/www.melform.com\/fr\/wp-json\/wp\/v2\/media?parent=15814"}],"wp:term":[{"taxonomy":"product_brand","embeddable":true,"href":"https:\/\/www.melform.com\/fr\/wp-json\/wp\/v2\/product_brand?post=15814"},{"taxonomy":"product_cat","embeddable":true,"href":"https:\/\/www.melform.com\/fr\/wp-json\/wp\/v2\/product_cat?post=15814"},{"taxonomy":"product_tag","embeddable":true,"href":"https:\/\/www.melform.com\/fr\/wp-json\/wp\/v2\/product_tag?post=15814"}],"curies":[{"name":"wp","href":"https:\/\/api.w.org\/{rel}","templated":true}]}}