{"id":15829,"date":"2024-12-31T18:35:00","date_gmt":"2024-12-31T16:35:00","guid":{"rendered":"https:\/\/www.melform.com\/?post_type=product&#038;p=15829"},"modified":"2025-01-05T17:30:24","modified_gmt":"2025-01-05T15:30:24","slug":"roue-en-caoutchouc-avec-support-inox-pivotant","status":"publish","type":"product","link":"https:\/\/www.melform.com\/fr\/conteneurs-\/catalogue-de-produits\/pieces-de-rechange\/roues-et-pieds\/roue-en-caoutchouc-avec-support-inox-pivotant\/","title":{"rendered":"ROUE PIVOTANTE EN CAOUTCHOUC AVEC SUPPORT INOX"},"content":{"rendered":"La roue en caoutchouc avec support en acier inoxydable est con\u00e7ue pour offrir <strong>r\u00e9sistance \u00e0 la corrosion, stabilit\u00e9 et fluidit\u00e9<\/strong>, garantissant une rotation fluide et une man\u0153uvrabilit\u00e9 optimale m\u00eame sous des charges lourdes. Le m\u00e9canisme pivotant permet des mouvements pr\u00e9cis et sans effort, la rendant id\u00e9ale pour des environnements professionnels et des applications sur diff\u00e9rentes surfaces, y compris dans des contextes expos\u00e9s \u00e0 l&#8217;humidit\u00e9 ou aux agents corrosifs.\r\n\r\n<strong>Caract\u00e9ristiques techniques :<\/strong>\r\n<ul>\r\n \t<li><strong>Type :<\/strong> Pivotante<\/li>\r\n \t<li><strong>Mat\u00e9riau de la roue :<\/strong> Caoutchouc<\/li>\r\n \t<li><strong>Mat\u00e9riau du support :<\/strong> Acier inoxydable<\/li>\r\n \t<li><strong>Diam\u00e8tre de la roue :<\/strong> 125 mm<\/li>\r\n \t<li><strong>Dimensions du support :<\/strong> 80 x 60 mm<\/li>\r\n<\/ul>\r\n<strong>Compatibilit\u00e9 du produit :<\/strong>\r\n<ul>\r\n \t<li><strong>THERMAX :<\/strong> Chariot AF150 \/ AF12 \/ Ma\u00eetre<\/li>\r\n \t<li><strong>KOALA :<\/strong> Chariot Koala 150 \/ Koala 90<\/li>\r\n<\/ul>\r\nEmballage unit\u00e9: 1","protected":false},"excerpt":{"rendered":"La roue en caoutchouc avec support en acier inoxydable est con\u00e7ue pour offrir r\u00e9sistance \u00e0 la corrosion, stabilit\u00e9 et fluidit\u00e9, garantissant une rotation fluide et une man\u0153uvrabilit\u00e9 optimale m\u00eame sous des charges lourdes. Le m\u00e9canisme pivotant permet des mouvements pr\u00e9cis et sans effort, la rendant id\u00e9ale pour des environnements professionnels et des applications sur diff\u00e9rentes [&hellip;]","protected":false},"featured_media":15494,"template":"","meta":{"_acf_changed":false,"_themeisle_gutenberg_block_has_review":false},"product_brand":[],"product_cat":[920,1052],"product_tag":[],"class_list":{"0":"post-15829","1":"product","2":"type-product","3":"status-publish","4":"has-post-thumbnail","6":"product_cat-pieces-de-rechange","7":"product_cat-roues-et-pieds","9":"first","10":"instock","11":"shipping-taxable","12":"product-type-simple"},"acf":[],"yoast_head":"<!-- This site is optimized with the Yoast SEO plugin v26.4 - https:\/\/yoast.com\/wordpress\/plugins\/seo\/ -->\n<title>ROUE PIVOTANTE EN CAOUTCHOUC AVEC SUPPORT INOX - MELFORM<\/title>\n<meta name=\"robots\" content=\"index, follow, max-snippet:-1, max-image-preview:large, max-video-preview:-1\" \/>\n<link rel=\"canonical\" href=\"https:\/\/www.melform.com\/fr\/conteneurs-\/catalogue-de-produits\/pieces-de-rechange\/roues-et-pieds\/roue-en-caoutchouc-avec-support-inox-pivotant\/\" \/>\n<meta property=\"og:locale\" content=\"fr_FR\" \/>\n<meta property=\"og:type\" content=\"article\" \/>\n<meta property=\"og:title\" content=\"ROUE PIVOTANTE EN CAOUTCHOUC AVEC SUPPORT INOX - MELFORM\" \/>\n<meta property=\"og:description\" content=\"La roue en caoutchouc avec support en acier inoxydable est con\u00e7ue pour offrir r\u00e9sistance \u00e0 la corrosion, stabilit\u00e9 et fluidit\u00e9, garantissant une rotation fluide et une man\u0153uvrabilit\u00e9 optimale m\u00eame sous des charges lourdes. Le m\u00e9canisme pivotant permet des mouvements pr\u00e9cis et sans effort, la rendant id\u00e9ale pour des environnements professionnels et des applications sur diff\u00e9rentes [&hellip;]\" \/>\n<meta property=\"og:url\" content=\"https:\/\/www.melform.com\/fr\/conteneurs-\/catalogue-de-produits\/pieces-de-rechange\/roues-et-pieds\/roue-en-caoutchouc-avec-support-inox-pivotant\/\" \/>\n<meta property=\"og:site_name\" content=\"MELFORM\" \/>\n<meta property=\"article:modified_time\" content=\"2025-01-05T15:30:24+00:00\" \/>\n<meta property=\"og:image\" content=\"https:\/\/www.melform.com\/wp-content\/uploads\/2024\/12\/RRIR03.jpg\" \/>\n\t<meta property=\"og:image:width\" content=\"2000\" \/>\n\t<meta property=\"og:image:height\" content=\"1333\" \/>\n\t<meta property=\"og:image:type\" content=\"image\/jpeg\" \/>\n<meta name=\"twitter:card\" content=\"summary_large_image\" \/>\n<script type=\"application\/ld+json\" class=\"yoast-schema-graph\">{\"@context\":\"https:\/\/schema.org\",\"@graph\":[{\"@type\":\"WebPage\",\"@id\":\"https:\/\/www.melform.com\/fr\/conteneurs-\/catalogue-de-produits\/pieces-de-rechange\/roues-et-pieds\/roue-en-caoutchouc-avec-support-inox-pivotant\/\",\"url\":\"https:\/\/www.melform.com\/fr\/conteneurs-\/catalogue-de-produits\/pieces-de-rechange\/roues-et-pieds\/roue-en-caoutchouc-avec-support-inox-pivotant\/\",\"name\":\"ROUE PIVOTANTE EN CAOUTCHOUC AVEC SUPPORT INOX - MELFORM\",\"isPartOf\":{\"@id\":\"https:\/\/www.melform.com\/fr\/#website\"},\"primaryImageOfPage\":{\"@id\":\"https:\/\/www.melform.com\/fr\/conteneurs-\/catalogue-de-produits\/pieces-de-rechange\/roues-et-pieds\/roue-en-caoutchouc-avec-support-inox-pivotant\/#primaryimage\"},\"image\":{\"@id\":\"https:\/\/www.melform.com\/fr\/conteneurs-\/catalogue-de-produits\/pieces-de-rechange\/roues-et-pieds\/roue-en-caoutchouc-avec-support-inox-pivotant\/#primaryimage\"},\"thumbnailUrl\":\"https:\/\/www.melform.com\/wp-content\/uploads\/2024\/12\/RRIR03.jpg\",\"datePublished\":\"2024-12-31T16:35:00+00:00\",\"dateModified\":\"2025-01-05T15:30:24+00:00\",\"breadcrumb\":{\"@id\":\"https:\/\/www.melform.com\/fr\/conteneurs-\/catalogue-de-produits\/pieces-de-rechange\/roues-et-pieds\/roue-en-caoutchouc-avec-support-inox-pivotant\/#breadcrumb\"},\"inLanguage\":\"fr-FR\",\"potentialAction\":[{\"@type\":\"ReadAction\",\"target\":[\"https:\/\/www.melform.com\/fr\/conteneurs-\/catalogue-de-produits\/pieces-de-rechange\/roues-et-pieds\/roue-en-caoutchouc-avec-support-inox-pivotant\/\"]}]},{\"@type\":\"ImageObject\",\"inLanguage\":\"fr-FR\",\"@id\":\"https:\/\/www.melform.com\/fr\/conteneurs-\/catalogue-de-produits\/pieces-de-rechange\/roues-et-pieds\/roue-en-caoutchouc-avec-support-inox-pivotant\/#primaryimage\",\"url\":\"https:\/\/www.melform.com\/wp-content\/uploads\/2024\/12\/RRIR03.jpg\",\"contentUrl\":\"https:\/\/www.melform.com\/wp-content\/uploads\/2024\/12\/RRIR03.jpg\",\"width\":2000,\"height\":1333},{\"@type\":\"BreadcrumbList\",\"@id\":\"https:\/\/www.melform.com\/fr\/conteneurs-\/catalogue-de-produits\/pieces-de-rechange\/roues-et-pieds\/roue-en-caoutchouc-avec-support-inox-pivotant\/#breadcrumb\",\"itemListElement\":[{\"@type\":\"ListItem\",\"position\":1,\"name\":\"Home\",\"item\":\"https:\/\/www.melform.com\/fr\/\"},{\"@type\":\"ListItem\",\"position\":2,\"name\":\"Shop\",\"item\":\"https:\/\/www.melform.com\/fr\/shop\/\"},{\"@type\":\"ListItem\",\"position\":3,\"name\":\"ROUE PIVOTANTE EN CAOUTCHOUC AVEC SUPPORT INOX\"}]},{\"@type\":\"WebSite\",\"@id\":\"https:\/\/www.melform.com\/fr\/#website\",\"url\":\"https:\/\/www.melform.com\/fr\/\",\"name\":\"MELFORM\",\"description\":\"SISTEMI PER IL TRASPORTO E STOCCAGGIO A TEMPERATURA CONTROLLATA\",\"potentialAction\":[{\"@type\":\"SearchAction\",\"target\":{\"@type\":\"EntryPoint\",\"urlTemplate\":\"https:\/\/www.melform.com\/fr\/?s={search_term_string}\"},\"query-input\":{\"@type\":\"PropertyValueSpecification\",\"valueRequired\":true,\"valueName\":\"search_term_string\"}}],\"inLanguage\":\"fr-FR\"}]}<\/script>\n<!-- \/ Yoast SEO plugin. -->","yoast_head_json":{"title":"ROUE PIVOTANTE EN CAOUTCHOUC AVEC SUPPORT INOX - MELFORM","robots":{"index":"index","follow":"follow","max-snippet":"max-snippet:-1","max-image-preview":"max-image-preview:large","max-video-preview":"max-video-preview:-1"},"canonical":"https:\/\/www.melform.com\/fr\/conteneurs-\/catalogue-de-produits\/pieces-de-rechange\/roues-et-pieds\/roue-en-caoutchouc-avec-support-inox-pivotant\/","og_locale":"fr_FR","og_type":"article","og_title":"ROUE PIVOTANTE EN CAOUTCHOUC AVEC SUPPORT INOX - MELFORM","og_description":"La roue en caoutchouc avec support en acier inoxydable est con\u00e7ue pour offrir r\u00e9sistance \u00e0 la corrosion, stabilit\u00e9 et fluidit\u00e9, garantissant une rotation fluide et une man\u0153uvrabilit\u00e9 optimale m\u00eame sous des charges lourdes. Le m\u00e9canisme pivotant permet des mouvements pr\u00e9cis et sans effort, la rendant id\u00e9ale pour des environnements professionnels et des applications sur diff\u00e9rentes [&hellip;]","og_url":"https:\/\/www.melform.com\/fr\/conteneurs-\/catalogue-de-produits\/pieces-de-rechange\/roues-et-pieds\/roue-en-caoutchouc-avec-support-inox-pivotant\/","og_site_name":"MELFORM","article_modified_time":"2025-01-05T15:30:24+00:00","og_image":[{"width":2000,"height":1333,"url":"https:\/\/www.melform.com\/wp-content\/uploads\/2024\/12\/RRIR03.jpg","type":"image\/jpeg"}],"twitter_card":"summary_large_image","schema":{"@context":"https:\/\/schema.org","@graph":[{"@type":"WebPage","@id":"https:\/\/www.melform.com\/fr\/conteneurs-\/catalogue-de-produits\/pieces-de-rechange\/roues-et-pieds\/roue-en-caoutchouc-avec-support-inox-pivotant\/","url":"https:\/\/www.melform.com\/fr\/conteneurs-\/catalogue-de-produits\/pieces-de-rechange\/roues-et-pieds\/roue-en-caoutchouc-avec-support-inox-pivotant\/","name":"ROUE PIVOTANTE EN CAOUTCHOUC AVEC SUPPORT INOX - MELFORM","isPartOf":{"@id":"https:\/\/www.melform.com\/fr\/#website"},"primaryImageOfPage":{"@id":"https:\/\/www.melform.com\/fr\/conteneurs-\/catalogue-de-produits\/pieces-de-rechange\/roues-et-pieds\/roue-en-caoutchouc-avec-support-inox-pivotant\/#primaryimage"},"image":{"@id":"https:\/\/www.melform.com\/fr\/conteneurs-\/catalogue-de-produits\/pieces-de-rechange\/roues-et-pieds\/roue-en-caoutchouc-avec-support-inox-pivotant\/#primaryimage"},"thumbnailUrl":"https:\/\/www.melform.com\/wp-content\/uploads\/2024\/12\/RRIR03.jpg","datePublished":"2024-12-31T16:35:00+00:00","dateModified":"2025-01-05T15:30:24+00:00","breadcrumb":{"@id":"https:\/\/www.melform.com\/fr\/conteneurs-\/catalogue-de-produits\/pieces-de-rechange\/roues-et-pieds\/roue-en-caoutchouc-avec-support-inox-pivotant\/#breadcrumb"},"inLanguage":"fr-FR","potentialAction":[{"@type":"ReadAction","target":["https:\/\/www.melform.com\/fr\/conteneurs-\/catalogue-de-produits\/pieces-de-rechange\/roues-et-pieds\/roue-en-caoutchouc-avec-support-inox-pivotant\/"]}]},{"@type":"ImageObject","inLanguage":"fr-FR","@id":"https:\/\/www.melform.com\/fr\/conteneurs-\/catalogue-de-produits\/pieces-de-rechange\/roues-et-pieds\/roue-en-caoutchouc-avec-support-inox-pivotant\/#primaryimage","url":"https:\/\/www.melform.com\/wp-content\/uploads\/2024\/12\/RRIR03.jpg","contentUrl":"https:\/\/www.melform.com\/wp-content\/uploads\/2024\/12\/RRIR03.jpg","width":2000,"height":1333},{"@type":"BreadcrumbList","@id":"https:\/\/www.melform.com\/fr\/conteneurs-\/catalogue-de-produits\/pieces-de-rechange\/roues-et-pieds\/roue-en-caoutchouc-avec-support-inox-pivotant\/#breadcrumb","itemListElement":[{"@type":"ListItem","position":1,"name":"Home","item":"https:\/\/www.melform.com\/fr\/"},{"@type":"ListItem","position":2,"name":"Shop","item":"https:\/\/www.melform.com\/fr\/shop\/"},{"@type":"ListItem","position":3,"name":"ROUE PIVOTANTE EN CAOUTCHOUC AVEC SUPPORT INOX"}]},{"@type":"WebSite","@id":"https:\/\/www.melform.com\/fr\/#website","url":"https:\/\/www.melform.com\/fr\/","name":"MELFORM","description":"SISTEMI PER IL TRASPORTO E STOCCAGGIO A TEMPERATURA CONTROLLATA","potentialAction":[{"@type":"SearchAction","target":{"@type":"EntryPoint","urlTemplate":"https:\/\/www.melform.com\/fr\/?s={search_term_string}"},"query-input":{"@type":"PropertyValueSpecification","valueRequired":true,"valueName":"search_term_string"}}],"inLanguage":"fr-FR"}]}},"_links":{"self":[{"href":"https:\/\/www.melform.com\/fr\/wp-json\/wp\/v2\/product\/15829","targetHints":{"allow":["GET"]}}],"collection":[{"href":"https:\/\/www.melform.com\/fr\/wp-json\/wp\/v2\/product"}],"about":[{"href":"https:\/\/www.melform.com\/fr\/wp-json\/wp\/v2\/types\/product"}],"wp:featuredmedia":[{"embeddable":true,"href":"https:\/\/www.melform.com\/fr\/wp-json\/wp\/v2\/media\/15494"}],"wp:attachment":[{"href":"https:\/\/www.melform.com\/fr\/wp-json\/wp\/v2\/media?parent=15829"}],"wp:term":[{"taxonomy":"product_brand","embeddable":true,"href":"https:\/\/www.melform.com\/fr\/wp-json\/wp\/v2\/product_brand?post=15829"},{"taxonomy":"product_cat","embeddable":true,"href":"https:\/\/www.melform.com\/fr\/wp-json\/wp\/v2\/product_cat?post=15829"},{"taxonomy":"product_tag","embeddable":true,"href":"https:\/\/www.melform.com\/fr\/wp-json\/wp\/v2\/product_tag?post=15829"}],"curies":[{"name":"wp","href":"https:\/\/api.w.org\/{rel}","templated":true}]}}