{"id":15845,"date":"2025-01-01T16:25:46","date_gmt":"2025-01-01T14:25:46","guid":{"rendered":"https:\/\/www.melform.com\/?post_type=product&#038;p=15845"},"modified":"2025-01-05T16:05:58","modified_gmt":"2025-01-05T14:05:58","slug":"roue-en-caoutchouc-avec-support-inox-fixe","status":"publish","type":"product","link":"https:\/\/www.melform.com\/fr\/conteneurs-\/catalogue-de-produits\/pieces-de-rechange\/roues-et-pieds\/roue-en-caoutchouc-avec-support-inox-fixe\/","title":{"rendered":"ROUE FIXE EN CAOUTCHOUC AVEC SUPPORT EN ACIER INOXYDABLE"},"content":{"rendered":"Roue en caoutchouc fixe avec support en acier inoxydable, con\u00e7ue pour garantir r\u00e9sistance, stabilit\u00e9 et fluidit\u00e9 de mouvement, m\u00eame dans des environnements professionnels soumis \u00e0 une utilisation intensive.\r\n\r\n<strong>Caract\u00e9ristiques :<\/strong>\r\n<ul>\r\n \t<li>Type : Fixe<\/li>\r\n \t<li>Diam\u00e8tre de la roue : 100 mm<\/li>\r\n \t<li>Dimensions du support : 80 x 60 mm<\/li>\r\n<\/ul>\r\n<strong>Compatibilit\u00e9 du produit :<\/strong>\r\n<ul>\r\n \t<li><em>Chariot MAXIDOLLY THERMAX<\/em><\/li>\r\n<\/ul>\r\nLa solution parfaite pour am\u00e9liorer les performances du chariot, assurant des d\u00e9placements stables et fiables sur diverses surfaces.\r\n\r\nEmballage unit\u00e9: 1","protected":false},"excerpt":{"rendered":"Roue en caoutchouc fixe avec support en acier inoxydable, con\u00e7ue pour garantir r\u00e9sistance, stabilit\u00e9 et fluidit\u00e9 de mouvement, m\u00eame dans des environnements professionnels soumis \u00e0 une utilisation intensive. Caract\u00e9ristiques : Type : Fixe Diam\u00e8tre de la roue : 100 mm Dimensions du support : 80 x 60 mm Compatibilit\u00e9 du produit : Chariot MAXIDOLLY THERMAX [&hellip;]","protected":false},"featured_media":15506,"template":"","meta":{"_acf_changed":false,"_themeisle_gutenberg_block_has_review":false},"product_brand":[],"product_cat":[920,1052],"product_tag":[],"class_list":{"0":"post-15845","1":"product","2":"type-product","3":"status-publish","4":"has-post-thumbnail","6":"product_cat-pieces-de-rechange","7":"product_cat-roues-et-pieds","9":"first","10":"instock","11":"shipping-taxable","12":"product-type-simple"},"acf":[],"yoast_head":"<!-- This site is optimized with the Yoast SEO plugin v26.4 - https:\/\/yoast.com\/wordpress\/plugins\/seo\/ -->\n<title>ROUE FIXE EN CAOUTCHOUC AVEC SUPPORT EN ACIER INOXYDABLE - MELFORM<\/title>\n<meta name=\"robots\" content=\"index, follow, max-snippet:-1, max-image-preview:large, max-video-preview:-1\" \/>\n<link rel=\"canonical\" href=\"https:\/\/www.melform.com\/fr\/conteneurs-\/catalogue-de-produits\/pieces-de-rechange\/roues-et-pieds\/roue-en-caoutchouc-avec-support-inox-fixe\/\" \/>\n<meta property=\"og:locale\" content=\"fr_FR\" \/>\n<meta property=\"og:type\" content=\"article\" \/>\n<meta property=\"og:title\" content=\"ROUE FIXE EN CAOUTCHOUC AVEC SUPPORT EN ACIER INOXYDABLE - MELFORM\" \/>\n<meta property=\"og:description\" content=\"Roue en caoutchouc fixe avec support en acier inoxydable, con\u00e7ue pour garantir r\u00e9sistance, stabilit\u00e9 et fluidit\u00e9 de mouvement, m\u00eame dans des environnements professionnels soumis \u00e0 une utilisation intensive. Caract\u00e9ristiques : Type : Fixe Diam\u00e8tre de la roue : 100 mm Dimensions du support : 80 x 60 mm Compatibilit\u00e9 du produit : Chariot MAXIDOLLY THERMAX [&hellip;]\" \/>\n<meta property=\"og:url\" content=\"https:\/\/www.melform.com\/fr\/conteneurs-\/catalogue-de-produits\/pieces-de-rechange\/roues-et-pieds\/roue-en-caoutchouc-avec-support-inox-fixe\/\" \/>\n<meta property=\"og:site_name\" content=\"MELFORM\" \/>\n<meta property=\"article:modified_time\" content=\"2025-01-05T14:05:58+00:00\" \/>\n<meta property=\"og:image\" content=\"https:\/\/www.melform.com\/wp-content\/uploads\/2024\/12\/RRIR07.jpg\" \/>\n\t<meta property=\"og:image:width\" content=\"2000\" \/>\n\t<meta property=\"og:image:height\" content=\"1333\" \/>\n\t<meta property=\"og:image:type\" content=\"image\/jpeg\" \/>\n<meta name=\"twitter:card\" content=\"summary_large_image\" \/>\n<script type=\"application\/ld+json\" class=\"yoast-schema-graph\">{\"@context\":\"https:\/\/schema.org\",\"@graph\":[{\"@type\":\"WebPage\",\"@id\":\"https:\/\/www.melform.com\/fr\/conteneurs-\/catalogue-de-produits\/pieces-de-rechange\/roues-et-pieds\/roue-en-caoutchouc-avec-support-inox-fixe\/\",\"url\":\"https:\/\/www.melform.com\/fr\/conteneurs-\/catalogue-de-produits\/pieces-de-rechange\/roues-et-pieds\/roue-en-caoutchouc-avec-support-inox-fixe\/\",\"name\":\"ROUE FIXE EN CAOUTCHOUC AVEC SUPPORT EN ACIER INOXYDABLE - MELFORM\",\"isPartOf\":{\"@id\":\"https:\/\/www.melform.com\/fr\/#website\"},\"primaryImageOfPage\":{\"@id\":\"https:\/\/www.melform.com\/fr\/conteneurs-\/catalogue-de-produits\/pieces-de-rechange\/roues-et-pieds\/roue-en-caoutchouc-avec-support-inox-fixe\/#primaryimage\"},\"image\":{\"@id\":\"https:\/\/www.melform.com\/fr\/conteneurs-\/catalogue-de-produits\/pieces-de-rechange\/roues-et-pieds\/roue-en-caoutchouc-avec-support-inox-fixe\/#primaryimage\"},\"thumbnailUrl\":\"https:\/\/www.melform.com\/wp-content\/uploads\/2024\/12\/RRIR07.jpg\",\"datePublished\":\"2025-01-01T14:25:46+00:00\",\"dateModified\":\"2025-01-05T14:05:58+00:00\",\"breadcrumb\":{\"@id\":\"https:\/\/www.melform.com\/fr\/conteneurs-\/catalogue-de-produits\/pieces-de-rechange\/roues-et-pieds\/roue-en-caoutchouc-avec-support-inox-fixe\/#breadcrumb\"},\"inLanguage\":\"fr-FR\",\"potentialAction\":[{\"@type\":\"ReadAction\",\"target\":[\"https:\/\/www.melform.com\/fr\/conteneurs-\/catalogue-de-produits\/pieces-de-rechange\/roues-et-pieds\/roue-en-caoutchouc-avec-support-inox-fixe\/\"]}]},{\"@type\":\"ImageObject\",\"inLanguage\":\"fr-FR\",\"@id\":\"https:\/\/www.melform.com\/fr\/conteneurs-\/catalogue-de-produits\/pieces-de-rechange\/roues-et-pieds\/roue-en-caoutchouc-avec-support-inox-fixe\/#primaryimage\",\"url\":\"https:\/\/www.melform.com\/wp-content\/uploads\/2024\/12\/RRIR07.jpg\",\"contentUrl\":\"https:\/\/www.melform.com\/wp-content\/uploads\/2024\/12\/RRIR07.jpg\",\"width\":2000,\"height\":1333},{\"@type\":\"BreadcrumbList\",\"@id\":\"https:\/\/www.melform.com\/fr\/conteneurs-\/catalogue-de-produits\/pieces-de-rechange\/roues-et-pieds\/roue-en-caoutchouc-avec-support-inox-fixe\/#breadcrumb\",\"itemListElement\":[{\"@type\":\"ListItem\",\"position\":1,\"name\":\"Home\",\"item\":\"https:\/\/www.melform.com\/fr\/\"},{\"@type\":\"ListItem\",\"position\":2,\"name\":\"Shop\",\"item\":\"https:\/\/www.melform.com\/fr\/shop\/\"},{\"@type\":\"ListItem\",\"position\":3,\"name\":\"ROUE FIXE EN CAOUTCHOUC AVEC SUPPORT EN ACIER INOXYDABLE\"}]},{\"@type\":\"WebSite\",\"@id\":\"https:\/\/www.melform.com\/fr\/#website\",\"url\":\"https:\/\/www.melform.com\/fr\/\",\"name\":\"MELFORM\",\"description\":\"SISTEMI PER IL TRASPORTO E STOCCAGGIO A TEMPERATURA CONTROLLATA\",\"potentialAction\":[{\"@type\":\"SearchAction\",\"target\":{\"@type\":\"EntryPoint\",\"urlTemplate\":\"https:\/\/www.melform.com\/fr\/?s={search_term_string}\"},\"query-input\":{\"@type\":\"PropertyValueSpecification\",\"valueRequired\":true,\"valueName\":\"search_term_string\"}}],\"inLanguage\":\"fr-FR\"}]}<\/script>\n<!-- \/ Yoast SEO plugin. -->","yoast_head_json":{"title":"ROUE FIXE EN CAOUTCHOUC AVEC SUPPORT EN ACIER INOXYDABLE - MELFORM","robots":{"index":"index","follow":"follow","max-snippet":"max-snippet:-1","max-image-preview":"max-image-preview:large","max-video-preview":"max-video-preview:-1"},"canonical":"https:\/\/www.melform.com\/fr\/conteneurs-\/catalogue-de-produits\/pieces-de-rechange\/roues-et-pieds\/roue-en-caoutchouc-avec-support-inox-fixe\/","og_locale":"fr_FR","og_type":"article","og_title":"ROUE FIXE EN CAOUTCHOUC AVEC SUPPORT EN ACIER INOXYDABLE - MELFORM","og_description":"Roue en caoutchouc fixe avec support en acier inoxydable, con\u00e7ue pour garantir r\u00e9sistance, stabilit\u00e9 et fluidit\u00e9 de mouvement, m\u00eame dans des environnements professionnels soumis \u00e0 une utilisation intensive. Caract\u00e9ristiques : Type : Fixe Diam\u00e8tre de la roue : 100 mm Dimensions du support : 80 x 60 mm Compatibilit\u00e9 du produit : Chariot MAXIDOLLY THERMAX [&hellip;]","og_url":"https:\/\/www.melform.com\/fr\/conteneurs-\/catalogue-de-produits\/pieces-de-rechange\/roues-et-pieds\/roue-en-caoutchouc-avec-support-inox-fixe\/","og_site_name":"MELFORM","article_modified_time":"2025-01-05T14:05:58+00:00","og_image":[{"width":2000,"height":1333,"url":"https:\/\/www.melform.com\/wp-content\/uploads\/2024\/12\/RRIR07.jpg","type":"image\/jpeg"}],"twitter_card":"summary_large_image","schema":{"@context":"https:\/\/schema.org","@graph":[{"@type":"WebPage","@id":"https:\/\/www.melform.com\/fr\/conteneurs-\/catalogue-de-produits\/pieces-de-rechange\/roues-et-pieds\/roue-en-caoutchouc-avec-support-inox-fixe\/","url":"https:\/\/www.melform.com\/fr\/conteneurs-\/catalogue-de-produits\/pieces-de-rechange\/roues-et-pieds\/roue-en-caoutchouc-avec-support-inox-fixe\/","name":"ROUE FIXE EN CAOUTCHOUC AVEC SUPPORT EN ACIER INOXYDABLE - MELFORM","isPartOf":{"@id":"https:\/\/www.melform.com\/fr\/#website"},"primaryImageOfPage":{"@id":"https:\/\/www.melform.com\/fr\/conteneurs-\/catalogue-de-produits\/pieces-de-rechange\/roues-et-pieds\/roue-en-caoutchouc-avec-support-inox-fixe\/#primaryimage"},"image":{"@id":"https:\/\/www.melform.com\/fr\/conteneurs-\/catalogue-de-produits\/pieces-de-rechange\/roues-et-pieds\/roue-en-caoutchouc-avec-support-inox-fixe\/#primaryimage"},"thumbnailUrl":"https:\/\/www.melform.com\/wp-content\/uploads\/2024\/12\/RRIR07.jpg","datePublished":"2025-01-01T14:25:46+00:00","dateModified":"2025-01-05T14:05:58+00:00","breadcrumb":{"@id":"https:\/\/www.melform.com\/fr\/conteneurs-\/catalogue-de-produits\/pieces-de-rechange\/roues-et-pieds\/roue-en-caoutchouc-avec-support-inox-fixe\/#breadcrumb"},"inLanguage":"fr-FR","potentialAction":[{"@type":"ReadAction","target":["https:\/\/www.melform.com\/fr\/conteneurs-\/catalogue-de-produits\/pieces-de-rechange\/roues-et-pieds\/roue-en-caoutchouc-avec-support-inox-fixe\/"]}]},{"@type":"ImageObject","inLanguage":"fr-FR","@id":"https:\/\/www.melform.com\/fr\/conteneurs-\/catalogue-de-produits\/pieces-de-rechange\/roues-et-pieds\/roue-en-caoutchouc-avec-support-inox-fixe\/#primaryimage","url":"https:\/\/www.melform.com\/wp-content\/uploads\/2024\/12\/RRIR07.jpg","contentUrl":"https:\/\/www.melform.com\/wp-content\/uploads\/2024\/12\/RRIR07.jpg","width":2000,"height":1333},{"@type":"BreadcrumbList","@id":"https:\/\/www.melform.com\/fr\/conteneurs-\/catalogue-de-produits\/pieces-de-rechange\/roues-et-pieds\/roue-en-caoutchouc-avec-support-inox-fixe\/#breadcrumb","itemListElement":[{"@type":"ListItem","position":1,"name":"Home","item":"https:\/\/www.melform.com\/fr\/"},{"@type":"ListItem","position":2,"name":"Shop","item":"https:\/\/www.melform.com\/fr\/shop\/"},{"@type":"ListItem","position":3,"name":"ROUE FIXE EN CAOUTCHOUC AVEC SUPPORT EN ACIER INOXYDABLE"}]},{"@type":"WebSite","@id":"https:\/\/www.melform.com\/fr\/#website","url":"https:\/\/www.melform.com\/fr\/","name":"MELFORM","description":"SISTEMI PER IL TRASPORTO E STOCCAGGIO A TEMPERATURA CONTROLLATA","potentialAction":[{"@type":"SearchAction","target":{"@type":"EntryPoint","urlTemplate":"https:\/\/www.melform.com\/fr\/?s={search_term_string}"},"query-input":{"@type":"PropertyValueSpecification","valueRequired":true,"valueName":"search_term_string"}}],"inLanguage":"fr-FR"}]}},"_links":{"self":[{"href":"https:\/\/www.melform.com\/fr\/wp-json\/wp\/v2\/product\/15845","targetHints":{"allow":["GET"]}}],"collection":[{"href":"https:\/\/www.melform.com\/fr\/wp-json\/wp\/v2\/product"}],"about":[{"href":"https:\/\/www.melform.com\/fr\/wp-json\/wp\/v2\/types\/product"}],"wp:featuredmedia":[{"embeddable":true,"href":"https:\/\/www.melform.com\/fr\/wp-json\/wp\/v2\/media\/15506"}],"wp:attachment":[{"href":"https:\/\/www.melform.com\/fr\/wp-json\/wp\/v2\/media?parent=15845"}],"wp:term":[{"taxonomy":"product_brand","embeddable":true,"href":"https:\/\/www.melform.com\/fr\/wp-json\/wp\/v2\/product_brand?post=15845"},{"taxonomy":"product_cat","embeddable":true,"href":"https:\/\/www.melform.com\/fr\/wp-json\/wp\/v2\/product_cat?post=15845"},{"taxonomy":"product_tag","embeddable":true,"href":"https:\/\/www.melform.com\/fr\/wp-json\/wp\/v2\/product_tag?post=15845"}],"curies":[{"name":"wp","href":"https:\/\/api.w.org\/{rel}","templated":true}]}}