{"id":15923,"date":"2025-01-02T15:28:44","date_gmt":"2025-01-02T13:28:44","guid":{"rendered":"https:\/\/www.melform.com\/?post_type=product&#038;p=15923"},"modified":"2025-01-13T18:28:18","modified_gmt":"2025-01-13T16:28:18","slug":"adaptateur-en-acier-inoxydable-pour-les-bacs-l-530mm-copia","status":"publish","type":"product","link":"https:\/\/www.melform.com\/fr\/conteneurs-\/outlet-offres\/conteneurs-isothermes-passifs-offres\/adaptateur-en-acier-inoxydable-pour-les-bacs-l-530mm-copia\/","title":{"rendered":"VERROU DE SECURITE POUR BACS GN &#8211; 325mm"},"content":{"rendered":"Adaptateur en acier inoxydable de haute qualit\u00e9, con\u00e7u pour garantir la stabilit\u00e9 des bacs GN \u00e0 l&#8217;int\u00e9rieur des conteneurs, m\u00eame lors du transport.\r\n\r\n<strong>Caract\u00e9ristiques techniques :<\/strong>\r\n<ul>\r\n \t<li><strong>Longueur :<\/strong> 325 mm<\/li>\r\n \t<li><strong>Mat\u00e9riau :<\/strong> Acier inoxydable<\/li>\r\n \t<li><strong>Utilisation :<\/strong> Fixation et maintien des bacs GN pour assurer une position stable et s\u00e9curis\u00e9e<\/li>\r\n<\/ul>\r\nProduit hors production.","protected":false},"excerpt":{"rendered":"Adaptateur en acier inoxydable de haute qualit\u00e9, con\u00e7u pour garantir la stabilit\u00e9 des bacs GN \u00e0 l&#8217;int\u00e9rieur des conteneurs, m\u00eame lors du transport. Caract\u00e9ristiques techniques : Longueur : 325 mm Mat\u00e9riau : Acier inoxydable Utilisation : Fixation et maintien des bacs GN pour assurer une position stable et s\u00e9curis\u00e9e Produit hors production.","protected":false},"featured_media":16943,"template":"","meta":{"_acf_changed":false,"_themeisle_gutenberg_block_has_review":false},"product_brand":[],"product_cat":[815,973],"product_tag":[],"class_list":{"0":"post-15923","1":"product","2":"type-product","3":"status-publish","4":"has-post-thumbnail","6":"product_cat-outlet-offres","7":"product_cat-conteneurs-isothermes-passifs-offres","8":"pa_moq-19-fr","10":"first","11":"instock","12":"purchasable","13":"product-type-variable","14":"wvs-archive-product-wrapper"},"acf":[],"yoast_head":"<!-- This site is optimized with the Yoast SEO plugin v26.4 - https:\/\/yoast.com\/wordpress\/plugins\/seo\/ -->\n<title>VERROU DE SECURITE POUR BACS GN - 325mm - MELFORM<\/title>\n<meta name=\"robots\" content=\"index, follow, max-snippet:-1, max-image-preview:large, max-video-preview:-1\" \/>\n<link rel=\"canonical\" href=\"https:\/\/www.melform.com\/fr\/conteneurs-\/outlet-offres\/conteneurs-isothermes-passifs-offres\/adaptateur-en-acier-inoxydable-pour-les-bacs-l-530mm-copia\/\" \/>\n<meta property=\"og:locale\" content=\"fr_FR\" \/>\n<meta property=\"og:type\" content=\"article\" \/>\n<meta property=\"og:title\" content=\"VERROU DE SECURITE POUR BACS GN - 325mm - MELFORM\" \/>\n<meta property=\"og:description\" content=\"Adaptateur en acier inoxydable de haute qualit\u00e9, con\u00e7u pour garantir la stabilit\u00e9 des bacs GN \u00e0 l&#8217;int\u00e9rieur des conteneurs, m\u00eame lors du transport. Caract\u00e9ristiques techniques : Longueur : 325 mm Mat\u00e9riau : Acier inoxydable Utilisation : Fixation et maintien des bacs GN pour assurer une position stable et s\u00e9curis\u00e9e Produit hors production.\" \/>\n<meta property=\"og:url\" content=\"https:\/\/www.melform.com\/fr\/conteneurs-\/outlet-offres\/conteneurs-isothermes-passifs-offres\/adaptateur-en-acier-inoxydable-pour-les-bacs-l-530mm-copia\/\" \/>\n<meta property=\"og:site_name\" content=\"MELFORM\" \/>\n<meta property=\"article:modified_time\" content=\"2025-01-13T16:28:18+00:00\" \/>\n<meta property=\"og:image\" content=\"https:\/\/www.melform.com\/wp-content\/uploads\/2025\/01\/ABA005.jpg\" \/>\n\t<meta property=\"og:image:width\" content=\"764\" \/>\n\t<meta property=\"og:image:height\" content=\"519\" \/>\n\t<meta property=\"og:image:type\" content=\"image\/jpeg\" \/>\n<meta name=\"twitter:card\" content=\"summary_large_image\" \/>\n<script type=\"application\/ld+json\" class=\"yoast-schema-graph\">{\"@context\":\"https:\/\/schema.org\",\"@graph\":[{\"@type\":\"WebPage\",\"@id\":\"https:\/\/www.melform.com\/fr\/conteneurs-\/outlet-offres\/conteneurs-isothermes-passifs-offres\/adaptateur-en-acier-inoxydable-pour-les-bacs-l-530mm-copia\/\",\"url\":\"https:\/\/www.melform.com\/fr\/conteneurs-\/outlet-offres\/conteneurs-isothermes-passifs-offres\/adaptateur-en-acier-inoxydable-pour-les-bacs-l-530mm-copia\/\",\"name\":\"VERROU DE SECURITE POUR BACS GN - 325mm - MELFORM\",\"isPartOf\":{\"@id\":\"https:\/\/www.melform.com\/fr\/#website\"},\"primaryImageOfPage\":{\"@id\":\"https:\/\/www.melform.com\/fr\/conteneurs-\/outlet-offres\/conteneurs-isothermes-passifs-offres\/adaptateur-en-acier-inoxydable-pour-les-bacs-l-530mm-copia\/#primaryimage\"},\"image\":{\"@id\":\"https:\/\/www.melform.com\/fr\/conteneurs-\/outlet-offres\/conteneurs-isothermes-passifs-offres\/adaptateur-en-acier-inoxydable-pour-les-bacs-l-530mm-copia\/#primaryimage\"},\"thumbnailUrl\":\"https:\/\/www.melform.com\/wp-content\/uploads\/2025\/01\/ABA005.jpg\",\"datePublished\":\"2025-01-02T13:28:44+00:00\",\"dateModified\":\"2025-01-13T16:28:18+00:00\",\"breadcrumb\":{\"@id\":\"https:\/\/www.melform.com\/fr\/conteneurs-\/outlet-offres\/conteneurs-isothermes-passifs-offres\/adaptateur-en-acier-inoxydable-pour-les-bacs-l-530mm-copia\/#breadcrumb\"},\"inLanguage\":\"fr-FR\",\"potentialAction\":[{\"@type\":\"ReadAction\",\"target\":[\"https:\/\/www.melform.com\/fr\/conteneurs-\/outlet-offres\/conteneurs-isothermes-passifs-offres\/adaptateur-en-acier-inoxydable-pour-les-bacs-l-530mm-copia\/\"]}]},{\"@type\":\"ImageObject\",\"inLanguage\":\"fr-FR\",\"@id\":\"https:\/\/www.melform.com\/fr\/conteneurs-\/outlet-offres\/conteneurs-isothermes-passifs-offres\/adaptateur-en-acier-inoxydable-pour-les-bacs-l-530mm-copia\/#primaryimage\",\"url\":\"https:\/\/www.melform.com\/wp-content\/uploads\/2025\/01\/ABA005.jpg\",\"contentUrl\":\"https:\/\/www.melform.com\/wp-content\/uploads\/2025\/01\/ABA005.jpg\",\"width\":764,\"height\":519},{\"@type\":\"BreadcrumbList\",\"@id\":\"https:\/\/www.melform.com\/fr\/conteneurs-\/outlet-offres\/conteneurs-isothermes-passifs-offres\/adaptateur-en-acier-inoxydable-pour-les-bacs-l-530mm-copia\/#breadcrumb\",\"itemListElement\":[{\"@type\":\"ListItem\",\"position\":1,\"name\":\"Home\",\"item\":\"https:\/\/www.melform.com\/fr\/\"},{\"@type\":\"ListItem\",\"position\":2,\"name\":\"Shop\",\"item\":\"https:\/\/www.melform.com\/fr\/shop\/\"},{\"@type\":\"ListItem\",\"position\":3,\"name\":\"VERROU DE SECURITE POUR BACS GN &#8211; 325mm\"}]},{\"@type\":\"WebSite\",\"@id\":\"https:\/\/www.melform.com\/fr\/#website\",\"url\":\"https:\/\/www.melform.com\/fr\/\",\"name\":\"MELFORM\",\"description\":\"SISTEMI PER IL TRASPORTO E STOCCAGGIO A TEMPERATURA CONTROLLATA\",\"potentialAction\":[{\"@type\":\"SearchAction\",\"target\":{\"@type\":\"EntryPoint\",\"urlTemplate\":\"https:\/\/www.melform.com\/fr\/?s={search_term_string}\"},\"query-input\":{\"@type\":\"PropertyValueSpecification\",\"valueRequired\":true,\"valueName\":\"search_term_string\"}}],\"inLanguage\":\"fr-FR\"}]}<\/script>\n<!-- \/ Yoast SEO plugin. -->","yoast_head_json":{"title":"VERROU DE SECURITE POUR BACS GN - 325mm - MELFORM","robots":{"index":"index","follow":"follow","max-snippet":"max-snippet:-1","max-image-preview":"max-image-preview:large","max-video-preview":"max-video-preview:-1"},"canonical":"https:\/\/www.melform.com\/fr\/conteneurs-\/outlet-offres\/conteneurs-isothermes-passifs-offres\/adaptateur-en-acier-inoxydable-pour-les-bacs-l-530mm-copia\/","og_locale":"fr_FR","og_type":"article","og_title":"VERROU DE SECURITE POUR BACS GN - 325mm - MELFORM","og_description":"Adaptateur en acier inoxydable de haute qualit\u00e9, con\u00e7u pour garantir la stabilit\u00e9 des bacs GN \u00e0 l&#8217;int\u00e9rieur des conteneurs, m\u00eame lors du transport. Caract\u00e9ristiques techniques : Longueur : 325 mm Mat\u00e9riau : Acier inoxydable Utilisation : Fixation et maintien des bacs GN pour assurer une position stable et s\u00e9curis\u00e9e Produit hors production.","og_url":"https:\/\/www.melform.com\/fr\/conteneurs-\/outlet-offres\/conteneurs-isothermes-passifs-offres\/adaptateur-en-acier-inoxydable-pour-les-bacs-l-530mm-copia\/","og_site_name":"MELFORM","article_modified_time":"2025-01-13T16:28:18+00:00","og_image":[{"width":764,"height":519,"url":"https:\/\/www.melform.com\/wp-content\/uploads\/2025\/01\/ABA005.jpg","type":"image\/jpeg"}],"twitter_card":"summary_large_image","schema":{"@context":"https:\/\/schema.org","@graph":[{"@type":"WebPage","@id":"https:\/\/www.melform.com\/fr\/conteneurs-\/outlet-offres\/conteneurs-isothermes-passifs-offres\/adaptateur-en-acier-inoxydable-pour-les-bacs-l-530mm-copia\/","url":"https:\/\/www.melform.com\/fr\/conteneurs-\/outlet-offres\/conteneurs-isothermes-passifs-offres\/adaptateur-en-acier-inoxydable-pour-les-bacs-l-530mm-copia\/","name":"VERROU DE SECURITE POUR BACS GN - 325mm - MELFORM","isPartOf":{"@id":"https:\/\/www.melform.com\/fr\/#website"},"primaryImageOfPage":{"@id":"https:\/\/www.melform.com\/fr\/conteneurs-\/outlet-offres\/conteneurs-isothermes-passifs-offres\/adaptateur-en-acier-inoxydable-pour-les-bacs-l-530mm-copia\/#primaryimage"},"image":{"@id":"https:\/\/www.melform.com\/fr\/conteneurs-\/outlet-offres\/conteneurs-isothermes-passifs-offres\/adaptateur-en-acier-inoxydable-pour-les-bacs-l-530mm-copia\/#primaryimage"},"thumbnailUrl":"https:\/\/www.melform.com\/wp-content\/uploads\/2025\/01\/ABA005.jpg","datePublished":"2025-01-02T13:28:44+00:00","dateModified":"2025-01-13T16:28:18+00:00","breadcrumb":{"@id":"https:\/\/www.melform.com\/fr\/conteneurs-\/outlet-offres\/conteneurs-isothermes-passifs-offres\/adaptateur-en-acier-inoxydable-pour-les-bacs-l-530mm-copia\/#breadcrumb"},"inLanguage":"fr-FR","potentialAction":[{"@type":"ReadAction","target":["https:\/\/www.melform.com\/fr\/conteneurs-\/outlet-offres\/conteneurs-isothermes-passifs-offres\/adaptateur-en-acier-inoxydable-pour-les-bacs-l-530mm-copia\/"]}]},{"@type":"ImageObject","inLanguage":"fr-FR","@id":"https:\/\/www.melform.com\/fr\/conteneurs-\/outlet-offres\/conteneurs-isothermes-passifs-offres\/adaptateur-en-acier-inoxydable-pour-les-bacs-l-530mm-copia\/#primaryimage","url":"https:\/\/www.melform.com\/wp-content\/uploads\/2025\/01\/ABA005.jpg","contentUrl":"https:\/\/www.melform.com\/wp-content\/uploads\/2025\/01\/ABA005.jpg","width":764,"height":519},{"@type":"BreadcrumbList","@id":"https:\/\/www.melform.com\/fr\/conteneurs-\/outlet-offres\/conteneurs-isothermes-passifs-offres\/adaptateur-en-acier-inoxydable-pour-les-bacs-l-530mm-copia\/#breadcrumb","itemListElement":[{"@type":"ListItem","position":1,"name":"Home","item":"https:\/\/www.melform.com\/fr\/"},{"@type":"ListItem","position":2,"name":"Shop","item":"https:\/\/www.melform.com\/fr\/shop\/"},{"@type":"ListItem","position":3,"name":"VERROU DE SECURITE POUR BACS GN &#8211; 325mm"}]},{"@type":"WebSite","@id":"https:\/\/www.melform.com\/fr\/#website","url":"https:\/\/www.melform.com\/fr\/","name":"MELFORM","description":"SISTEMI PER IL TRASPORTO E STOCCAGGIO A TEMPERATURA CONTROLLATA","potentialAction":[{"@type":"SearchAction","target":{"@type":"EntryPoint","urlTemplate":"https:\/\/www.melform.com\/fr\/?s={search_term_string}"},"query-input":{"@type":"PropertyValueSpecification","valueRequired":true,"valueName":"search_term_string"}}],"inLanguage":"fr-FR"}]}},"_links":{"self":[{"href":"https:\/\/www.melform.com\/fr\/wp-json\/wp\/v2\/product\/15923","targetHints":{"allow":["GET"]}}],"collection":[{"href":"https:\/\/www.melform.com\/fr\/wp-json\/wp\/v2\/product"}],"about":[{"href":"https:\/\/www.melform.com\/fr\/wp-json\/wp\/v2\/types\/product"}],"wp:featuredmedia":[{"embeddable":true,"href":"https:\/\/www.melform.com\/fr\/wp-json\/wp\/v2\/media\/16943"}],"wp:attachment":[{"href":"https:\/\/www.melform.com\/fr\/wp-json\/wp\/v2\/media?parent=15923"}],"wp:term":[{"taxonomy":"product_brand","embeddable":true,"href":"https:\/\/www.melform.com\/fr\/wp-json\/wp\/v2\/product_brand?post=15923"},{"taxonomy":"product_cat","embeddable":true,"href":"https:\/\/www.melform.com\/fr\/wp-json\/wp\/v2\/product_cat?post=15923"},{"taxonomy":"product_tag","embeddable":true,"href":"https:\/\/www.melform.com\/fr\/wp-json\/wp\/v2\/product_tag?post=15923"}],"curies":[{"name":"wp","href":"https:\/\/api.w.org\/{rel}","templated":true}]}}