{"id":16001,"date":"2025-01-03T16:17:43","date_gmt":"2025-01-03T14:17:43","guid":{"rendered":"https:\/\/www.melform.com\/contenitori-isotermici-e-refrigerati\/non%20class\u00e9\/conteneur-isotherme-af-150-a-ouverture-superieure\/"},"modified":"2025-01-14T17:50:25","modified_gmt":"2025-01-14T15:50:25","slug":"conteneur-isotherme-af-150-a-ouverture-superieure","status":"publish","type":"product","link":"https:\/\/www.melform.com\/fr\/conteneurs-\/outlet-offres\/conteneurs-isothermes-passifs-offres\/conteneur-isotherme-af-150-a-ouverture-superieure\/","title":{"rendered":"Conteneur isotherme AF 150 \u00e0 ouverture sup\u00e9rieure"},"content":{"rendered":"Le <strong>Conteneur AF 150<\/strong> d&#8217;une capacit\u00e9 de <strong>148 litres<\/strong> est le choix id\u00e9al pour le transport s\u00e9curis\u00e9 de produits \u00e0 temp\u00e9rature contr\u00f4l\u00e9e. Parfait pour les secteurs alimentaire et logistique, il offre une grande praticit\u00e9 gr\u00e2ce \u00e0 son ouverture sup\u00e9rieure facilitant le chargement et le d\u00e9chargement.\r\n<ul>\r\n \t<li><strong>Isolation thermique avanc\u00e9e :<\/strong> fabriqu\u00e9 en poly\u00e9thyl\u00e8ne robuste et mousse polyur\u00e9thane sans CFC ni HCFC.<\/li>\r\n \t<li><strong>Performances fiables :<\/strong> pr\u00e9serve la qualit\u00e9 des aliments et limite la prolif\u00e9ration bact\u00e9rienne.<\/li>\r\n \t<li><strong>Imperfections minimes :<\/strong> l\u00e9gers imperfections externes qui n&#8217;affectent pas la fonctionnalit\u00e9.<\/li>\r\n<\/ul>\r\n<strong>Conditionnement :<\/strong> 1 unit\u00e9","protected":false},"excerpt":{"rendered":"Le Conteneur AF 150 d&#8217;une capacit\u00e9 de 148 litres est le choix id\u00e9al pour le transport s\u00e9curis\u00e9 de produits \u00e0 temp\u00e9rature contr\u00f4l\u00e9e. Parfait pour les secteurs alimentaire et logistique, il offre une grande praticit\u00e9 gr\u00e2ce \u00e0 son ouverture sup\u00e9rieure facilitant le chargement et le d\u00e9chargement. Isolation thermique avanc\u00e9e : fabriqu\u00e9 en poly\u00e9thyl\u00e8ne robuste et mousse [&hellip;]","protected":false},"featured_media":15996,"template":"","meta":{"_acf_changed":false,"_themeisle_gutenberg_block_has_review":false},"product_brand":[],"product_cat":[912,815,973],"product_tag":[],"class_list":{"0":"post-16001","1":"product","2":"type-product","3":"status-publish","4":"has-post-thumbnail","6":"product_cat-catalogue-de-produits","7":"product_cat-outlet-offres","8":"product_cat-conteneurs-isothermes-passifs-offres","10":"first","11":"instock","12":"purchasable","13":"product-type-simple"},"acf":[],"yoast_head":"<!-- This site is optimized with the Yoast SEO plugin v26.4 - https:\/\/yoast.com\/wordpress\/plugins\/seo\/ -->\n<title>Conteneur isotherme AF 150 \u00e0 ouverture sup\u00e9rieure - MELFORM<\/title>\n<meta name=\"robots\" content=\"index, follow, max-snippet:-1, max-image-preview:large, max-video-preview:-1\" \/>\n<link rel=\"canonical\" href=\"https:\/\/www.melform.com\/fr\/conteneurs-\/outlet-offres\/conteneurs-isothermes-passifs-offres\/conteneur-isotherme-af-150-a-ouverture-superieure\/\" \/>\n<meta property=\"og:locale\" content=\"fr_FR\" \/>\n<meta property=\"og:type\" content=\"article\" \/>\n<meta property=\"og:title\" content=\"Conteneur isotherme AF 150 \u00e0 ouverture sup\u00e9rieure - MELFORM\" \/>\n<meta property=\"og:description\" content=\"Le Conteneur AF 150 d&#8217;une capacit\u00e9 de 148 litres est le choix id\u00e9al pour le transport s\u00e9curis\u00e9 de produits \u00e0 temp\u00e9rature contr\u00f4l\u00e9e. Parfait pour les secteurs alimentaire et logistique, il offre une grande praticit\u00e9 gr\u00e2ce \u00e0 son ouverture sup\u00e9rieure facilitant le chargement et le d\u00e9chargement. Isolation thermique avanc\u00e9e : fabriqu\u00e9 en poly\u00e9thyl\u00e8ne robuste et mousse [&hellip;]\" \/>\n<meta property=\"og:url\" content=\"https:\/\/www.melform.com\/fr\/conteneurs-\/outlet-offres\/conteneurs-isothermes-passifs-offres\/conteneur-isotherme-af-150-a-ouverture-superieure\/\" \/>\n<meta property=\"og:site_name\" content=\"MELFORM\" \/>\n<meta property=\"article:modified_time\" content=\"2025-01-14T15:50:25+00:00\" \/>\n<meta property=\"og:image\" content=\"https:\/\/www.melform.com\/wp-content\/uploads\/2025\/01\/A1500011.jpg\" \/>\n\t<meta property=\"og:image:width\" content=\"886\" \/>\n\t<meta property=\"og:image:height\" content=\"947\" \/>\n\t<meta property=\"og:image:type\" content=\"image\/jpeg\" \/>\n<meta name=\"twitter:card\" content=\"summary_large_image\" \/>\n<script type=\"application\/ld+json\" class=\"yoast-schema-graph\">{\"@context\":\"https:\/\/schema.org\",\"@graph\":[{\"@type\":\"WebPage\",\"@id\":\"https:\/\/www.melform.com\/fr\/conteneurs-\/outlet-offres\/conteneurs-isothermes-passifs-offres\/conteneur-isotherme-af-150-a-ouverture-superieure\/\",\"url\":\"https:\/\/www.melform.com\/fr\/conteneurs-\/outlet-offres\/conteneurs-isothermes-passifs-offres\/conteneur-isotherme-af-150-a-ouverture-superieure\/\",\"name\":\"Conteneur isotherme AF 150 \u00e0 ouverture sup\u00e9rieure - MELFORM\",\"isPartOf\":{\"@id\":\"https:\/\/www.melform.com\/fr\/#website\"},\"primaryImageOfPage\":{\"@id\":\"https:\/\/www.melform.com\/fr\/conteneurs-\/outlet-offres\/conteneurs-isothermes-passifs-offres\/conteneur-isotherme-af-150-a-ouverture-superieure\/#primaryimage\"},\"image\":{\"@id\":\"https:\/\/www.melform.com\/fr\/conteneurs-\/outlet-offres\/conteneurs-isothermes-passifs-offres\/conteneur-isotherme-af-150-a-ouverture-superieure\/#primaryimage\"},\"thumbnailUrl\":\"https:\/\/www.melform.com\/wp-content\/uploads\/2025\/01\/A1500011.jpg\",\"datePublished\":\"2025-01-03T14:17:43+00:00\",\"dateModified\":\"2025-01-14T15:50:25+00:00\",\"breadcrumb\":{\"@id\":\"https:\/\/www.melform.com\/fr\/conteneurs-\/outlet-offres\/conteneurs-isothermes-passifs-offres\/conteneur-isotherme-af-150-a-ouverture-superieure\/#breadcrumb\"},\"inLanguage\":\"fr-FR\",\"potentialAction\":[{\"@type\":\"ReadAction\",\"target\":[\"https:\/\/www.melform.com\/fr\/conteneurs-\/outlet-offres\/conteneurs-isothermes-passifs-offres\/conteneur-isotherme-af-150-a-ouverture-superieure\/\"]}]},{\"@type\":\"ImageObject\",\"inLanguage\":\"fr-FR\",\"@id\":\"https:\/\/www.melform.com\/fr\/conteneurs-\/outlet-offres\/conteneurs-isothermes-passifs-offres\/conteneur-isotherme-af-150-a-ouverture-superieure\/#primaryimage\",\"url\":\"https:\/\/www.melform.com\/wp-content\/uploads\/2025\/01\/A1500011.jpg\",\"contentUrl\":\"https:\/\/www.melform.com\/wp-content\/uploads\/2025\/01\/A1500011.jpg\",\"width\":886,\"height\":947},{\"@type\":\"BreadcrumbList\",\"@id\":\"https:\/\/www.melform.com\/fr\/conteneurs-\/outlet-offres\/conteneurs-isothermes-passifs-offres\/conteneur-isotherme-af-150-a-ouverture-superieure\/#breadcrumb\",\"itemListElement\":[{\"@type\":\"ListItem\",\"position\":1,\"name\":\"Home\",\"item\":\"https:\/\/www.melform.com\/fr\/\"},{\"@type\":\"ListItem\",\"position\":2,\"name\":\"Shop\",\"item\":\"https:\/\/www.melform.com\/fr\/shop\/\"},{\"@type\":\"ListItem\",\"position\":3,\"name\":\"Conteneur isotherme AF 150 \u00e0 ouverture sup\u00e9rieure\"}]},{\"@type\":\"WebSite\",\"@id\":\"https:\/\/www.melform.com\/fr\/#website\",\"url\":\"https:\/\/www.melform.com\/fr\/\",\"name\":\"MELFORM\",\"description\":\"SISTEMI PER IL TRASPORTO E STOCCAGGIO A TEMPERATURA CONTROLLATA\",\"potentialAction\":[{\"@type\":\"SearchAction\",\"target\":{\"@type\":\"EntryPoint\",\"urlTemplate\":\"https:\/\/www.melform.com\/fr\/?s={search_term_string}\"},\"query-input\":{\"@type\":\"PropertyValueSpecification\",\"valueRequired\":true,\"valueName\":\"search_term_string\"}}],\"inLanguage\":\"fr-FR\"}]}<\/script>\n<!-- \/ Yoast SEO plugin. -->","yoast_head_json":{"title":"Conteneur isotherme AF 150 \u00e0 ouverture sup\u00e9rieure - MELFORM","robots":{"index":"index","follow":"follow","max-snippet":"max-snippet:-1","max-image-preview":"max-image-preview:large","max-video-preview":"max-video-preview:-1"},"canonical":"https:\/\/www.melform.com\/fr\/conteneurs-\/outlet-offres\/conteneurs-isothermes-passifs-offres\/conteneur-isotherme-af-150-a-ouverture-superieure\/","og_locale":"fr_FR","og_type":"article","og_title":"Conteneur isotherme AF 150 \u00e0 ouverture sup\u00e9rieure - MELFORM","og_description":"Le Conteneur AF 150 d&#8217;une capacit\u00e9 de 148 litres est le choix id\u00e9al pour le transport s\u00e9curis\u00e9 de produits \u00e0 temp\u00e9rature contr\u00f4l\u00e9e. Parfait pour les secteurs alimentaire et logistique, il offre une grande praticit\u00e9 gr\u00e2ce \u00e0 son ouverture sup\u00e9rieure facilitant le chargement et le d\u00e9chargement. Isolation thermique avanc\u00e9e : fabriqu\u00e9 en poly\u00e9thyl\u00e8ne robuste et mousse [&hellip;]","og_url":"https:\/\/www.melform.com\/fr\/conteneurs-\/outlet-offres\/conteneurs-isothermes-passifs-offres\/conteneur-isotherme-af-150-a-ouverture-superieure\/","og_site_name":"MELFORM","article_modified_time":"2025-01-14T15:50:25+00:00","og_image":[{"width":886,"height":947,"url":"https:\/\/www.melform.com\/wp-content\/uploads\/2025\/01\/A1500011.jpg","type":"image\/jpeg"}],"twitter_card":"summary_large_image","schema":{"@context":"https:\/\/schema.org","@graph":[{"@type":"WebPage","@id":"https:\/\/www.melform.com\/fr\/conteneurs-\/outlet-offres\/conteneurs-isothermes-passifs-offres\/conteneur-isotherme-af-150-a-ouverture-superieure\/","url":"https:\/\/www.melform.com\/fr\/conteneurs-\/outlet-offres\/conteneurs-isothermes-passifs-offres\/conteneur-isotherme-af-150-a-ouverture-superieure\/","name":"Conteneur isotherme AF 150 \u00e0 ouverture sup\u00e9rieure - MELFORM","isPartOf":{"@id":"https:\/\/www.melform.com\/fr\/#website"},"primaryImageOfPage":{"@id":"https:\/\/www.melform.com\/fr\/conteneurs-\/outlet-offres\/conteneurs-isothermes-passifs-offres\/conteneur-isotherme-af-150-a-ouverture-superieure\/#primaryimage"},"image":{"@id":"https:\/\/www.melform.com\/fr\/conteneurs-\/outlet-offres\/conteneurs-isothermes-passifs-offres\/conteneur-isotherme-af-150-a-ouverture-superieure\/#primaryimage"},"thumbnailUrl":"https:\/\/www.melform.com\/wp-content\/uploads\/2025\/01\/A1500011.jpg","datePublished":"2025-01-03T14:17:43+00:00","dateModified":"2025-01-14T15:50:25+00:00","breadcrumb":{"@id":"https:\/\/www.melform.com\/fr\/conteneurs-\/outlet-offres\/conteneurs-isothermes-passifs-offres\/conteneur-isotherme-af-150-a-ouverture-superieure\/#breadcrumb"},"inLanguage":"fr-FR","potentialAction":[{"@type":"ReadAction","target":["https:\/\/www.melform.com\/fr\/conteneurs-\/outlet-offres\/conteneurs-isothermes-passifs-offres\/conteneur-isotherme-af-150-a-ouverture-superieure\/"]}]},{"@type":"ImageObject","inLanguage":"fr-FR","@id":"https:\/\/www.melform.com\/fr\/conteneurs-\/outlet-offres\/conteneurs-isothermes-passifs-offres\/conteneur-isotherme-af-150-a-ouverture-superieure\/#primaryimage","url":"https:\/\/www.melform.com\/wp-content\/uploads\/2025\/01\/A1500011.jpg","contentUrl":"https:\/\/www.melform.com\/wp-content\/uploads\/2025\/01\/A1500011.jpg","width":886,"height":947},{"@type":"BreadcrumbList","@id":"https:\/\/www.melform.com\/fr\/conteneurs-\/outlet-offres\/conteneurs-isothermes-passifs-offres\/conteneur-isotherme-af-150-a-ouverture-superieure\/#breadcrumb","itemListElement":[{"@type":"ListItem","position":1,"name":"Home","item":"https:\/\/www.melform.com\/fr\/"},{"@type":"ListItem","position":2,"name":"Shop","item":"https:\/\/www.melform.com\/fr\/shop\/"},{"@type":"ListItem","position":3,"name":"Conteneur isotherme AF 150 \u00e0 ouverture sup\u00e9rieure"}]},{"@type":"WebSite","@id":"https:\/\/www.melform.com\/fr\/#website","url":"https:\/\/www.melform.com\/fr\/","name":"MELFORM","description":"SISTEMI PER IL TRASPORTO E STOCCAGGIO A TEMPERATURA CONTROLLATA","potentialAction":[{"@type":"SearchAction","target":{"@type":"EntryPoint","urlTemplate":"https:\/\/www.melform.com\/fr\/?s={search_term_string}"},"query-input":{"@type":"PropertyValueSpecification","valueRequired":true,"valueName":"search_term_string"}}],"inLanguage":"fr-FR"}]}},"_links":{"self":[{"href":"https:\/\/www.melform.com\/fr\/wp-json\/wp\/v2\/product\/16001","targetHints":{"allow":["GET"]}}],"collection":[{"href":"https:\/\/www.melform.com\/fr\/wp-json\/wp\/v2\/product"}],"about":[{"href":"https:\/\/www.melform.com\/fr\/wp-json\/wp\/v2\/types\/product"}],"wp:featuredmedia":[{"embeddable":true,"href":"https:\/\/www.melform.com\/fr\/wp-json\/wp\/v2\/media\/15996"}],"wp:attachment":[{"href":"https:\/\/www.melform.com\/fr\/wp-json\/wp\/v2\/media?parent=16001"}],"wp:term":[{"taxonomy":"product_brand","embeddable":true,"href":"https:\/\/www.melform.com\/fr\/wp-json\/wp\/v2\/product_brand?post=16001"},{"taxonomy":"product_cat","embeddable":true,"href":"https:\/\/www.melform.com\/fr\/wp-json\/wp\/v2\/product_cat?post=16001"},{"taxonomy":"product_tag","embeddable":true,"href":"https:\/\/www.melform.com\/fr\/wp-json\/wp\/v2\/product_tag?post=16001"}],"curies":[{"name":"wp","href":"https:\/\/api.w.org\/{rel}","templated":true}]}}