{"id":16265,"date":"2025-01-04T19:29:32","date_gmt":"2025-01-04T17:29:32","guid":{"rendered":"https:\/\/www.melform.com\/?post_type=product&#038;p=16265"},"modified":"2025-01-14T18:07:03","modified_gmt":"2025-01-14T16:07:03","slug":"conteneur-isotherme-af-8-ouverture-superieure","status":"publish","type":"product","link":"https:\/\/www.melform.com\/fr\/conteneurs-\/outlet-offres\/conteneurs-isothermes-passifs-offres\/conteneur-isotherme-af-8-ouverture-superieure\/","title":{"rendered":"Conteneur isotherme AF 8 &#8211; Ouverture sup\u00e9rieure"},"content":{"rendered":"Le <strong>Conteneur Isotherme AF8<\/strong> est la solution id\u00e9ale pour le transport efficace de produits \u00e0 temp\u00e9rature contr\u00f4l\u00e9e. Sa structure monobloc sans ar\u00eates, joints ni soudures garantit robustesse, hygi\u00e8ne et facilit\u00e9 d&#8217;entretien.\r\n<ul>\r\n \t<li><strong>Capacit\u00e9 optimale :<\/strong> 68 litres, parfait pour divers usages professionnels.<\/li>\r\n \t<li><strong>Design pratique :<\/strong> ouverture sup\u00e9rieure pour un chargement et un d\u00e9chargement ais\u00e9s des produits.<\/li>\r\n \t<li><strong>Structure r\u00e9sistante :<\/strong> fabriqu\u00e9 en rotomoulage\u00a0 pour une durabilit\u00e9 exceptionnelle et une hygi\u00e8ne irr\u00e9prochable.<\/li>\r\n<\/ul>\r\n&nbsp;","protected":false},"excerpt":{"rendered":"Le Conteneur Isotherme AF8 est la solution id\u00e9ale pour le transport efficace de produits \u00e0 temp\u00e9rature contr\u00f4l\u00e9e. Sa structure monobloc sans ar\u00eates, joints ni soudures garantit robustesse, hygi\u00e8ne et facilit\u00e9 d&#8217;entretien. Capacit\u00e9 optimale : 68 litres, parfait pour divers usages professionnels. Design pratique : ouverture sup\u00e9rieure pour un chargement et un d\u00e9chargement ais\u00e9s des produits. [&hellip;]","protected":false},"featured_media":16262,"template":"","meta":{"_acf_changed":false,"_themeisle_gutenberg_block_has_review":false},"product_brand":[],"product_cat":[815,973],"product_tag":[],"class_list":{"0":"post-16265","1":"product","2":"type-product","3":"status-publish","4":"has-post-thumbnail","6":"product_cat-outlet-offres","7":"product_cat-conteneurs-isothermes-passifs-offres","8":"pa_moq-1-fr","10":"first","11":"instock","12":"shipping-taxable","13":"purchasable","14":"product-type-variable","15":"wvs-archive-product-wrapper"},"acf":[],"yoast_head":"<!-- This site is optimized with the Yoast SEO plugin v26.4 - https:\/\/yoast.com\/wordpress\/plugins\/seo\/ -->\n<title>Conteneur isotherme AF 8 - Ouverture sup\u00e9rieure - MELFORM<\/title>\n<meta name=\"robots\" content=\"index, follow, max-snippet:-1, max-image-preview:large, max-video-preview:-1\" \/>\n<link rel=\"canonical\" href=\"https:\/\/www.melform.com\/fr\/conteneurs-\/outlet-offres\/conteneurs-isothermes-passifs-offres\/conteneur-isotherme-af-8-ouverture-superieure\/\" \/>\n<meta property=\"og:locale\" content=\"fr_FR\" \/>\n<meta property=\"og:type\" content=\"article\" \/>\n<meta property=\"og:title\" content=\"Conteneur isotherme AF 8 - Ouverture sup\u00e9rieure - MELFORM\" \/>\n<meta property=\"og:description\" content=\"Le Conteneur Isotherme AF8 est la solution id\u00e9ale pour le transport efficace de produits \u00e0 temp\u00e9rature contr\u00f4l\u00e9e. Sa structure monobloc sans ar\u00eates, joints ni soudures garantit robustesse, hygi\u00e8ne et facilit\u00e9 d&#8217;entretien. Capacit\u00e9 optimale : 68 litres, parfait pour divers usages professionnels. Design pratique : ouverture sup\u00e9rieure pour un chargement et un d\u00e9chargement ais\u00e9s des produits. [&hellip;]\" \/>\n<meta property=\"og:url\" content=\"https:\/\/www.melform.com\/fr\/conteneurs-\/outlet-offres\/conteneurs-isothermes-passifs-offres\/conteneur-isotherme-af-8-ouverture-superieure\/\" \/>\n<meta property=\"og:site_name\" content=\"MELFORM\" \/>\n<meta property=\"article:modified_time\" content=\"2025-01-14T16:07:03+00:00\" \/>\n<meta property=\"og:image\" content=\"https:\/\/www.melform.com\/wp-content\/uploads\/2025\/01\/AF8_aperto.jpeg\" \/>\n\t<meta property=\"og:image:width\" content=\"960\" \/>\n\t<meta property=\"og:image:height\" content=\"1280\" \/>\n\t<meta property=\"og:image:type\" content=\"image\/jpeg\" \/>\n<meta name=\"twitter:card\" content=\"summary_large_image\" \/>\n<script type=\"application\/ld+json\" class=\"yoast-schema-graph\">{\"@context\":\"https:\/\/schema.org\",\"@graph\":[{\"@type\":\"WebPage\",\"@id\":\"https:\/\/www.melform.com\/fr\/conteneurs-\/outlet-offres\/conteneurs-isothermes-passifs-offres\/conteneur-isotherme-af-8-ouverture-superieure\/\",\"url\":\"https:\/\/www.melform.com\/fr\/conteneurs-\/outlet-offres\/conteneurs-isothermes-passifs-offres\/conteneur-isotherme-af-8-ouverture-superieure\/\",\"name\":\"Conteneur isotherme AF 8 - Ouverture sup\u00e9rieure - MELFORM\",\"isPartOf\":{\"@id\":\"https:\/\/www.melform.com\/fr\/#website\"},\"primaryImageOfPage\":{\"@id\":\"https:\/\/www.melform.com\/fr\/conteneurs-\/outlet-offres\/conteneurs-isothermes-passifs-offres\/conteneur-isotherme-af-8-ouverture-superieure\/#primaryimage\"},\"image\":{\"@id\":\"https:\/\/www.melform.com\/fr\/conteneurs-\/outlet-offres\/conteneurs-isothermes-passifs-offres\/conteneur-isotherme-af-8-ouverture-superieure\/#primaryimage\"},\"thumbnailUrl\":\"https:\/\/www.melform.com\/wp-content\/uploads\/2025\/01\/AF8_aperto.jpeg\",\"datePublished\":\"2025-01-04T17:29:32+00:00\",\"dateModified\":\"2025-01-14T16:07:03+00:00\",\"breadcrumb\":{\"@id\":\"https:\/\/www.melform.com\/fr\/conteneurs-\/outlet-offres\/conteneurs-isothermes-passifs-offres\/conteneur-isotherme-af-8-ouverture-superieure\/#breadcrumb\"},\"inLanguage\":\"fr-FR\",\"potentialAction\":[{\"@type\":\"ReadAction\",\"target\":[\"https:\/\/www.melform.com\/fr\/conteneurs-\/outlet-offres\/conteneurs-isothermes-passifs-offres\/conteneur-isotherme-af-8-ouverture-superieure\/\"]}]},{\"@type\":\"ImageObject\",\"inLanguage\":\"fr-FR\",\"@id\":\"https:\/\/www.melform.com\/fr\/conteneurs-\/outlet-offres\/conteneurs-isothermes-passifs-offres\/conteneur-isotherme-af-8-ouverture-superieure\/#primaryimage\",\"url\":\"https:\/\/www.melform.com\/wp-content\/uploads\/2025\/01\/AF8_aperto.jpeg\",\"contentUrl\":\"https:\/\/www.melform.com\/wp-content\/uploads\/2025\/01\/AF8_aperto.jpeg\",\"width\":960,\"height\":1280},{\"@type\":\"BreadcrumbList\",\"@id\":\"https:\/\/www.melform.com\/fr\/conteneurs-\/outlet-offres\/conteneurs-isothermes-passifs-offres\/conteneur-isotherme-af-8-ouverture-superieure\/#breadcrumb\",\"itemListElement\":[{\"@type\":\"ListItem\",\"position\":1,\"name\":\"Home\",\"item\":\"https:\/\/www.melform.com\/fr\/\"},{\"@type\":\"ListItem\",\"position\":2,\"name\":\"Shop\",\"item\":\"https:\/\/www.melform.com\/fr\/shop\/\"},{\"@type\":\"ListItem\",\"position\":3,\"name\":\"Conteneur isotherme AF 8 &#8211; Ouverture sup\u00e9rieure\"}]},{\"@type\":\"WebSite\",\"@id\":\"https:\/\/www.melform.com\/fr\/#website\",\"url\":\"https:\/\/www.melform.com\/fr\/\",\"name\":\"MELFORM\",\"description\":\"SISTEMI PER IL TRASPORTO E STOCCAGGIO A TEMPERATURA CONTROLLATA\",\"potentialAction\":[{\"@type\":\"SearchAction\",\"target\":{\"@type\":\"EntryPoint\",\"urlTemplate\":\"https:\/\/www.melform.com\/fr\/?s={search_term_string}\"},\"query-input\":{\"@type\":\"PropertyValueSpecification\",\"valueRequired\":true,\"valueName\":\"search_term_string\"}}],\"inLanguage\":\"fr-FR\"}]}<\/script>\n<!-- \/ Yoast SEO plugin. -->","yoast_head_json":{"title":"Conteneur isotherme AF 8 - Ouverture sup\u00e9rieure - MELFORM","robots":{"index":"index","follow":"follow","max-snippet":"max-snippet:-1","max-image-preview":"max-image-preview:large","max-video-preview":"max-video-preview:-1"},"canonical":"https:\/\/www.melform.com\/fr\/conteneurs-\/outlet-offres\/conteneurs-isothermes-passifs-offres\/conteneur-isotherme-af-8-ouverture-superieure\/","og_locale":"fr_FR","og_type":"article","og_title":"Conteneur isotherme AF 8 - Ouverture sup\u00e9rieure - MELFORM","og_description":"Le Conteneur Isotherme AF8 est la solution id\u00e9ale pour le transport efficace de produits \u00e0 temp\u00e9rature contr\u00f4l\u00e9e. Sa structure monobloc sans ar\u00eates, joints ni soudures garantit robustesse, hygi\u00e8ne et facilit\u00e9 d&#8217;entretien. Capacit\u00e9 optimale : 68 litres, parfait pour divers usages professionnels. Design pratique : ouverture sup\u00e9rieure pour un chargement et un d\u00e9chargement ais\u00e9s des produits. [&hellip;]","og_url":"https:\/\/www.melform.com\/fr\/conteneurs-\/outlet-offres\/conteneurs-isothermes-passifs-offres\/conteneur-isotherme-af-8-ouverture-superieure\/","og_site_name":"MELFORM","article_modified_time":"2025-01-14T16:07:03+00:00","og_image":[{"width":960,"height":1280,"url":"https:\/\/www.melform.com\/wp-content\/uploads\/2025\/01\/AF8_aperto.jpeg","type":"image\/jpeg"}],"twitter_card":"summary_large_image","schema":{"@context":"https:\/\/schema.org","@graph":[{"@type":"WebPage","@id":"https:\/\/www.melform.com\/fr\/conteneurs-\/outlet-offres\/conteneurs-isothermes-passifs-offres\/conteneur-isotherme-af-8-ouverture-superieure\/","url":"https:\/\/www.melform.com\/fr\/conteneurs-\/outlet-offres\/conteneurs-isothermes-passifs-offres\/conteneur-isotherme-af-8-ouverture-superieure\/","name":"Conteneur isotherme AF 8 - Ouverture sup\u00e9rieure - MELFORM","isPartOf":{"@id":"https:\/\/www.melform.com\/fr\/#website"},"primaryImageOfPage":{"@id":"https:\/\/www.melform.com\/fr\/conteneurs-\/outlet-offres\/conteneurs-isothermes-passifs-offres\/conteneur-isotherme-af-8-ouverture-superieure\/#primaryimage"},"image":{"@id":"https:\/\/www.melform.com\/fr\/conteneurs-\/outlet-offres\/conteneurs-isothermes-passifs-offres\/conteneur-isotherme-af-8-ouverture-superieure\/#primaryimage"},"thumbnailUrl":"https:\/\/www.melform.com\/wp-content\/uploads\/2025\/01\/AF8_aperto.jpeg","datePublished":"2025-01-04T17:29:32+00:00","dateModified":"2025-01-14T16:07:03+00:00","breadcrumb":{"@id":"https:\/\/www.melform.com\/fr\/conteneurs-\/outlet-offres\/conteneurs-isothermes-passifs-offres\/conteneur-isotherme-af-8-ouverture-superieure\/#breadcrumb"},"inLanguage":"fr-FR","potentialAction":[{"@type":"ReadAction","target":["https:\/\/www.melform.com\/fr\/conteneurs-\/outlet-offres\/conteneurs-isothermes-passifs-offres\/conteneur-isotherme-af-8-ouverture-superieure\/"]}]},{"@type":"ImageObject","inLanguage":"fr-FR","@id":"https:\/\/www.melform.com\/fr\/conteneurs-\/outlet-offres\/conteneurs-isothermes-passifs-offres\/conteneur-isotherme-af-8-ouverture-superieure\/#primaryimage","url":"https:\/\/www.melform.com\/wp-content\/uploads\/2025\/01\/AF8_aperto.jpeg","contentUrl":"https:\/\/www.melform.com\/wp-content\/uploads\/2025\/01\/AF8_aperto.jpeg","width":960,"height":1280},{"@type":"BreadcrumbList","@id":"https:\/\/www.melform.com\/fr\/conteneurs-\/outlet-offres\/conteneurs-isothermes-passifs-offres\/conteneur-isotherme-af-8-ouverture-superieure\/#breadcrumb","itemListElement":[{"@type":"ListItem","position":1,"name":"Home","item":"https:\/\/www.melform.com\/fr\/"},{"@type":"ListItem","position":2,"name":"Shop","item":"https:\/\/www.melform.com\/fr\/shop\/"},{"@type":"ListItem","position":3,"name":"Conteneur isotherme AF 8 &#8211; Ouverture sup\u00e9rieure"}]},{"@type":"WebSite","@id":"https:\/\/www.melform.com\/fr\/#website","url":"https:\/\/www.melform.com\/fr\/","name":"MELFORM","description":"SISTEMI PER IL TRASPORTO E STOCCAGGIO A TEMPERATURA CONTROLLATA","potentialAction":[{"@type":"SearchAction","target":{"@type":"EntryPoint","urlTemplate":"https:\/\/www.melform.com\/fr\/?s={search_term_string}"},"query-input":{"@type":"PropertyValueSpecification","valueRequired":true,"valueName":"search_term_string"}}],"inLanguage":"fr-FR"}]}},"_links":{"self":[{"href":"https:\/\/www.melform.com\/fr\/wp-json\/wp\/v2\/product\/16265","targetHints":{"allow":["GET"]}}],"collection":[{"href":"https:\/\/www.melform.com\/fr\/wp-json\/wp\/v2\/product"}],"about":[{"href":"https:\/\/www.melform.com\/fr\/wp-json\/wp\/v2\/types\/product"}],"wp:featuredmedia":[{"embeddable":true,"href":"https:\/\/www.melform.com\/fr\/wp-json\/wp\/v2\/media\/16262"}],"wp:attachment":[{"href":"https:\/\/www.melform.com\/fr\/wp-json\/wp\/v2\/media?parent=16265"}],"wp:term":[{"taxonomy":"product_brand","embeddable":true,"href":"https:\/\/www.melform.com\/fr\/wp-json\/wp\/v2\/product_brand?post=16265"},{"taxonomy":"product_cat","embeddable":true,"href":"https:\/\/www.melform.com\/fr\/wp-json\/wp\/v2\/product_cat?post=16265"},{"taxonomy":"product_tag","embeddable":true,"href":"https:\/\/www.melform.com\/fr\/wp-json\/wp\/v2\/product_tag?post=16265"}],"curies":[{"name":"wp","href":"https:\/\/api.w.org\/{rel}","templated":true}]}}