{"id":16313,"date":"2025-01-04T19:59:34","date_gmt":"2025-01-04T17:59:34","guid":{"rendered":"https:\/\/www.melform.com\/?post_type=product&#038;p=16313"},"modified":"2025-01-14T18:16:11","modified_gmt":"2025-01-14T16:16:11","slug":"monotherm-ts50-zn","status":"publish","type":"product","link":"https:\/\/www.melform.com\/fr\/conteneurs-\/outlet-offres\/conteneurs-isothermes-passifs-offres\/monotherm-ts50-zn\/","title":{"rendered":"PLATEAU ISOTHERME A 4 COMPARTIMENTS"},"content":{"rendered":"Le <strong>plateau isotherme \u00e0 quatre compartiments<\/strong> est con\u00e7u pour le transport s\u00e9curis\u00e9 de repas \u00e0 temp\u00e9rature contr\u00f4l\u00e9e, en maintenant chaque plat dans des conditions optimales de consommation. Gr\u00e2ce \u00e0 son <strong>haut coefficient d&#8217;isolation thermique<\/strong>, il peut conserver des aliments chauds ou froids, d\u00e9j\u00e0 portionn\u00e9s, jusqu&#8217;\u00e0 <strong>30 minutes<\/strong>.\r\n<ul>\r\n \t<li><strong>Structure polyvalente :<\/strong> dimensions ext\u00e9rieures <strong>EN<\/strong>, compatibles avec tout chariot de transport standard.<\/li>\r\n \t<li><strong>R\u00e9sistance thermique :<\/strong> utilisation garantie de <strong>-30\u00b0C \u00e0 +85\u00b0C<\/strong>, id\u00e9ale pour diff\u00e9rents besoins op\u00e9rationnels.<\/li>\r\n \t<li><strong>Design fonctionnel :<\/strong> quatre compartiments s\u00e9par\u00e9s pour pr\u00e9server la qualit\u00e9 et la s\u00e9paration des plats.<\/li>\r\n<\/ul>\r\n<strong>Remarque :<\/strong> couleur hors production.","protected":false},"excerpt":{"rendered":"Le plateau isotherme \u00e0 quatre compartiments est con\u00e7u pour le transport s\u00e9curis\u00e9 de repas \u00e0 temp\u00e9rature contr\u00f4l\u00e9e, en maintenant chaque plat dans des conditions optimales de consommation. Gr\u00e2ce \u00e0 son haut coefficient d&#8217;isolation thermique, il peut conserver des aliments chauds ou froids, d\u00e9j\u00e0 portionn\u00e9s, jusqu&#8217;\u00e0 30 minutes. Structure polyvalente : dimensions ext\u00e9rieures EN, compatibles avec [&hellip;]","protected":false},"featured_media":16310,"template":"","meta":{"_acf_changed":false,"_themeisle_gutenberg_block_has_review":false},"product_brand":[],"product_cat":[815,973],"product_tag":[],"class_list":{"0":"post-16313","1":"product","2":"type-product","3":"status-publish","4":"has-post-thumbnail","6":"product_cat-outlet-offres","7":"product_cat-conteneurs-isothermes-passifs-offres","8":"pa_moq-1-fr","10":"first","11":"instock","12":"shipping-taxable","13":"product-type-variable","14":"wvs-archive-product-wrapper"},"acf":[],"yoast_head":"<!-- This site is optimized with the Yoast SEO plugin v26.4 - https:\/\/yoast.com\/wordpress\/plugins\/seo\/ -->\n<title>PLATEAU ISOTHERME A 4 COMPARTIMENTS - MELFORM<\/title>\n<meta name=\"robots\" content=\"index, follow, max-snippet:-1, max-image-preview:large, max-video-preview:-1\" \/>\n<link rel=\"canonical\" href=\"https:\/\/www.melform.com\/fr\/conteneurs-\/outlet-offres\/conteneurs-isothermes-passifs-offres\/monotherm-ts50-zn\/\" \/>\n<meta property=\"og:locale\" content=\"fr_FR\" \/>\n<meta property=\"og:type\" content=\"article\" \/>\n<meta property=\"og:title\" content=\"PLATEAU ISOTHERME A 4 COMPARTIMENTS - MELFORM\" \/>\n<meta property=\"og:description\" content=\"Le plateau isotherme \u00e0 quatre compartiments est con\u00e7u pour le transport s\u00e9curis\u00e9 de repas \u00e0 temp\u00e9rature contr\u00f4l\u00e9e, en maintenant chaque plat dans des conditions optimales de consommation. Gr\u00e2ce \u00e0 son haut coefficient d&#8217;isolation thermique, il peut conserver des aliments chauds ou froids, d\u00e9j\u00e0 portionn\u00e9s, jusqu&#8217;\u00e0 30 minutes. Structure polyvalente : dimensions ext\u00e9rieures EN, compatibles avec [&hellip;]\" \/>\n<meta property=\"og:url\" content=\"https:\/\/www.melform.com\/fr\/conteneurs-\/outlet-offres\/conteneurs-isothermes-passifs-offres\/monotherm-ts50-zn\/\" \/>\n<meta property=\"og:site_name\" content=\"MELFORM\" \/>\n<meta property=\"article:modified_time\" content=\"2025-01-14T16:16:11+00:00\" \/>\n<meta property=\"og:image\" content=\"https:\/\/www.melform.com\/wp-content\/uploads\/2025\/01\/TS520001-TS50-3.jpeg\" \/>\n\t<meta property=\"og:image:width\" content=\"1280\" \/>\n\t<meta property=\"og:image:height\" content=\"960\" \/>\n\t<meta property=\"og:image:type\" content=\"image\/jpeg\" \/>\n<meta name=\"twitter:card\" content=\"summary_large_image\" \/>\n<script type=\"application\/ld+json\" class=\"yoast-schema-graph\">{\"@context\":\"https:\/\/schema.org\",\"@graph\":[{\"@type\":\"WebPage\",\"@id\":\"https:\/\/www.melform.com\/fr\/conteneurs-\/outlet-offres\/conteneurs-isothermes-passifs-offres\/monotherm-ts50-zn\/\",\"url\":\"https:\/\/www.melform.com\/fr\/conteneurs-\/outlet-offres\/conteneurs-isothermes-passifs-offres\/monotherm-ts50-zn\/\",\"name\":\"PLATEAU ISOTHERME A 4 COMPARTIMENTS - MELFORM\",\"isPartOf\":{\"@id\":\"https:\/\/www.melform.com\/fr\/#website\"},\"primaryImageOfPage\":{\"@id\":\"https:\/\/www.melform.com\/fr\/conteneurs-\/outlet-offres\/conteneurs-isothermes-passifs-offres\/monotherm-ts50-zn\/#primaryimage\"},\"image\":{\"@id\":\"https:\/\/www.melform.com\/fr\/conteneurs-\/outlet-offres\/conteneurs-isothermes-passifs-offres\/monotherm-ts50-zn\/#primaryimage\"},\"thumbnailUrl\":\"https:\/\/www.melform.com\/wp-content\/uploads\/2025\/01\/TS520001-TS50-3.jpeg\",\"datePublished\":\"2025-01-04T17:59:34+00:00\",\"dateModified\":\"2025-01-14T16:16:11+00:00\",\"breadcrumb\":{\"@id\":\"https:\/\/www.melform.com\/fr\/conteneurs-\/outlet-offres\/conteneurs-isothermes-passifs-offres\/monotherm-ts50-zn\/#breadcrumb\"},\"inLanguage\":\"fr-FR\",\"potentialAction\":[{\"@type\":\"ReadAction\",\"target\":[\"https:\/\/www.melform.com\/fr\/conteneurs-\/outlet-offres\/conteneurs-isothermes-passifs-offres\/monotherm-ts50-zn\/\"]}]},{\"@type\":\"ImageObject\",\"inLanguage\":\"fr-FR\",\"@id\":\"https:\/\/www.melform.com\/fr\/conteneurs-\/outlet-offres\/conteneurs-isothermes-passifs-offres\/monotherm-ts50-zn\/#primaryimage\",\"url\":\"https:\/\/www.melform.com\/wp-content\/uploads\/2025\/01\/TS520001-TS50-3.jpeg\",\"contentUrl\":\"https:\/\/www.melform.com\/wp-content\/uploads\/2025\/01\/TS520001-TS50-3.jpeg\",\"width\":1280,\"height\":960},{\"@type\":\"BreadcrumbList\",\"@id\":\"https:\/\/www.melform.com\/fr\/conteneurs-\/outlet-offres\/conteneurs-isothermes-passifs-offres\/monotherm-ts50-zn\/#breadcrumb\",\"itemListElement\":[{\"@type\":\"ListItem\",\"position\":1,\"name\":\"Home\",\"item\":\"https:\/\/www.melform.com\/fr\/\"},{\"@type\":\"ListItem\",\"position\":2,\"name\":\"Shop\",\"item\":\"https:\/\/www.melform.com\/fr\/shop\/\"},{\"@type\":\"ListItem\",\"position\":3,\"name\":\"PLATEAU ISOTHERME A 4 COMPARTIMENTS\"}]},{\"@type\":\"WebSite\",\"@id\":\"https:\/\/www.melform.com\/fr\/#website\",\"url\":\"https:\/\/www.melform.com\/fr\/\",\"name\":\"MELFORM\",\"description\":\"SISTEMI PER IL TRASPORTO E STOCCAGGIO A TEMPERATURA CONTROLLATA\",\"potentialAction\":[{\"@type\":\"SearchAction\",\"target\":{\"@type\":\"EntryPoint\",\"urlTemplate\":\"https:\/\/www.melform.com\/fr\/?s={search_term_string}\"},\"query-input\":{\"@type\":\"PropertyValueSpecification\",\"valueRequired\":true,\"valueName\":\"search_term_string\"}}],\"inLanguage\":\"fr-FR\"}]}<\/script>\n<!-- \/ Yoast SEO plugin. -->","yoast_head_json":{"title":"PLATEAU ISOTHERME A 4 COMPARTIMENTS - MELFORM","robots":{"index":"index","follow":"follow","max-snippet":"max-snippet:-1","max-image-preview":"max-image-preview:large","max-video-preview":"max-video-preview:-1"},"canonical":"https:\/\/www.melform.com\/fr\/conteneurs-\/outlet-offres\/conteneurs-isothermes-passifs-offres\/monotherm-ts50-zn\/","og_locale":"fr_FR","og_type":"article","og_title":"PLATEAU ISOTHERME A 4 COMPARTIMENTS - MELFORM","og_description":"Le plateau isotherme \u00e0 quatre compartiments est con\u00e7u pour le transport s\u00e9curis\u00e9 de repas \u00e0 temp\u00e9rature contr\u00f4l\u00e9e, en maintenant chaque plat dans des conditions optimales de consommation. Gr\u00e2ce \u00e0 son haut coefficient d&#8217;isolation thermique, il peut conserver des aliments chauds ou froids, d\u00e9j\u00e0 portionn\u00e9s, jusqu&#8217;\u00e0 30 minutes. Structure polyvalente : dimensions ext\u00e9rieures EN, compatibles avec [&hellip;]","og_url":"https:\/\/www.melform.com\/fr\/conteneurs-\/outlet-offres\/conteneurs-isothermes-passifs-offres\/monotherm-ts50-zn\/","og_site_name":"MELFORM","article_modified_time":"2025-01-14T16:16:11+00:00","og_image":[{"width":1280,"height":960,"url":"https:\/\/www.melform.com\/wp-content\/uploads\/2025\/01\/TS520001-TS50-3.jpeg","type":"image\/jpeg"}],"twitter_card":"summary_large_image","schema":{"@context":"https:\/\/schema.org","@graph":[{"@type":"WebPage","@id":"https:\/\/www.melform.com\/fr\/conteneurs-\/outlet-offres\/conteneurs-isothermes-passifs-offres\/monotherm-ts50-zn\/","url":"https:\/\/www.melform.com\/fr\/conteneurs-\/outlet-offres\/conteneurs-isothermes-passifs-offres\/monotherm-ts50-zn\/","name":"PLATEAU ISOTHERME A 4 COMPARTIMENTS - MELFORM","isPartOf":{"@id":"https:\/\/www.melform.com\/fr\/#website"},"primaryImageOfPage":{"@id":"https:\/\/www.melform.com\/fr\/conteneurs-\/outlet-offres\/conteneurs-isothermes-passifs-offres\/monotherm-ts50-zn\/#primaryimage"},"image":{"@id":"https:\/\/www.melform.com\/fr\/conteneurs-\/outlet-offres\/conteneurs-isothermes-passifs-offres\/monotherm-ts50-zn\/#primaryimage"},"thumbnailUrl":"https:\/\/www.melform.com\/wp-content\/uploads\/2025\/01\/TS520001-TS50-3.jpeg","datePublished":"2025-01-04T17:59:34+00:00","dateModified":"2025-01-14T16:16:11+00:00","breadcrumb":{"@id":"https:\/\/www.melform.com\/fr\/conteneurs-\/outlet-offres\/conteneurs-isothermes-passifs-offres\/monotherm-ts50-zn\/#breadcrumb"},"inLanguage":"fr-FR","potentialAction":[{"@type":"ReadAction","target":["https:\/\/www.melform.com\/fr\/conteneurs-\/outlet-offres\/conteneurs-isothermes-passifs-offres\/monotherm-ts50-zn\/"]}]},{"@type":"ImageObject","inLanguage":"fr-FR","@id":"https:\/\/www.melform.com\/fr\/conteneurs-\/outlet-offres\/conteneurs-isothermes-passifs-offres\/monotherm-ts50-zn\/#primaryimage","url":"https:\/\/www.melform.com\/wp-content\/uploads\/2025\/01\/TS520001-TS50-3.jpeg","contentUrl":"https:\/\/www.melform.com\/wp-content\/uploads\/2025\/01\/TS520001-TS50-3.jpeg","width":1280,"height":960},{"@type":"BreadcrumbList","@id":"https:\/\/www.melform.com\/fr\/conteneurs-\/outlet-offres\/conteneurs-isothermes-passifs-offres\/monotherm-ts50-zn\/#breadcrumb","itemListElement":[{"@type":"ListItem","position":1,"name":"Home","item":"https:\/\/www.melform.com\/fr\/"},{"@type":"ListItem","position":2,"name":"Shop","item":"https:\/\/www.melform.com\/fr\/shop\/"},{"@type":"ListItem","position":3,"name":"PLATEAU ISOTHERME A 4 COMPARTIMENTS"}]},{"@type":"WebSite","@id":"https:\/\/www.melform.com\/fr\/#website","url":"https:\/\/www.melform.com\/fr\/","name":"MELFORM","description":"SISTEMI PER IL TRASPORTO E STOCCAGGIO A TEMPERATURA CONTROLLATA","potentialAction":[{"@type":"SearchAction","target":{"@type":"EntryPoint","urlTemplate":"https:\/\/www.melform.com\/fr\/?s={search_term_string}"},"query-input":{"@type":"PropertyValueSpecification","valueRequired":true,"valueName":"search_term_string"}}],"inLanguage":"fr-FR"}]}},"_links":{"self":[{"href":"https:\/\/www.melform.com\/fr\/wp-json\/wp\/v2\/product\/16313","targetHints":{"allow":["GET"]}}],"collection":[{"href":"https:\/\/www.melform.com\/fr\/wp-json\/wp\/v2\/product"}],"about":[{"href":"https:\/\/www.melform.com\/fr\/wp-json\/wp\/v2\/types\/product"}],"wp:featuredmedia":[{"embeddable":true,"href":"https:\/\/www.melform.com\/fr\/wp-json\/wp\/v2\/media\/16310"}],"wp:attachment":[{"href":"https:\/\/www.melform.com\/fr\/wp-json\/wp\/v2\/media?parent=16313"}],"wp:term":[{"taxonomy":"product_brand","embeddable":true,"href":"https:\/\/www.melform.com\/fr\/wp-json\/wp\/v2\/product_brand?post=16313"},{"taxonomy":"product_cat","embeddable":true,"href":"https:\/\/www.melform.com\/fr\/wp-json\/wp\/v2\/product_cat?post=16313"},{"taxonomy":"product_tag","embeddable":true,"href":"https:\/\/www.melform.com\/fr\/wp-json\/wp\/v2\/product_tag?post=16313"}],"curies":[{"name":"wp","href":"https:\/\/api.w.org\/{rel}","templated":true}]}}