{"id":16459,"date":"2025-01-05T21:25:17","date_gmt":"2025-01-05T19:25:17","guid":{"rendered":"https:\/\/www.melform.com\/?post_type=product&#038;p=16459"},"modified":"2025-01-05T23:52:43","modified_gmt":"2025-01-05T21:52:43","slug":"bol-en-melamine-copia","status":"publish","type":"product","link":"https:\/\/www.melform.com\/fr\/conteneurs-\/outlet-offres\/assiettes-et-recipients-offres\/bol-en-melamine-copia\/","title":{"rendered":"Bols"},"content":{"rendered":"Large gamme de bols de diff\u00e9rentes tailles et mati\u00e8res, parfaits pour le service et la pr\u00e9paration avec praticit\u00e9 et style, adapt\u00e9s \u00e0 tous les besoins. Produit hors production","protected":false},"excerpt":{"rendered":"Large gamme de bols de diff\u00e9rentes tailles et mati\u00e8res, parfaits pour le service et la pr\u00e9paration avec praticit\u00e9 et style, adapt\u00e9s \u00e0 tous les besoins. Produit hors production","protected":false},"featured_media":8876,"template":"","meta":{"_acf_changed":false,"_themeisle_gutenberg_block_has_review":false},"product_brand":[],"product_cat":[815,977],"product_tag":[],"class_list":{"0":"post-16459","1":"product","2":"type-product","3":"status-publish","4":"has-post-thumbnail","6":"product_cat-outlet-offres","7":"product_cat-assiettes-et-recipients-offres","8":"pa_diametro-mm-105-fr","9":"pa_diametro-mm-130-fr","10":"pa_diametro-mm-186-fr","11":"pa_linea-melamine-fr-2","12":"pa_linea-porcelaine","13":"pa_moq-49-fr","14":"pa_moq-60-fr","16":"first","17":"instock","18":"purchasable","19":"product-type-variable","20":"wvs-archive-product-wrapper"},"acf":[],"yoast_head":"<!-- This site is optimized with the Yoast SEO plugin v26.4 - https:\/\/yoast.com\/wordpress\/plugins\/seo\/ -->\n<title>Bols - MELFORM<\/title>\n<meta name=\"robots\" content=\"index, follow, max-snippet:-1, max-image-preview:large, max-video-preview:-1\" \/>\n<link rel=\"canonical\" href=\"https:\/\/www.melform.com\/fr\/conteneurs-\/outlet-offres\/assiettes-et-recipients-offres\/bol-en-melamine-copia\/\" \/>\n<meta property=\"og:locale\" content=\"fr_FR\" \/>\n<meta property=\"og:type\" content=\"article\" \/>\n<meta property=\"og:title\" content=\"Bols - MELFORM\" \/>\n<meta property=\"og:description\" content=\"Large gamme de bols de diff\u00e9rentes tailles et mati\u00e8res, parfaits pour le service et la pr\u00e9paration avec praticit\u00e9 et style, adapt\u00e9s \u00e0 tous les besoins. Produit hors production\" \/>\n<meta property=\"og:url\" content=\"https:\/\/www.melform.com\/fr\/conteneurs-\/outlet-offres\/assiettes-et-recipients-offres\/bol-en-melamine-copia\/\" \/>\n<meta property=\"og:site_name\" content=\"MELFORM\" \/>\n<meta property=\"article:modified_time\" content=\"2025-01-05T21:52:43+00:00\" \/>\n<meta property=\"og:image\" content=\"https:\/\/www.melform.com\/wp-content\/uploads\/2022\/10\/5652_LR-1.jpg\" \/>\n\t<meta property=\"og:image:width\" content=\"1200\" \/>\n\t<meta property=\"og:image:height\" content=\"1200\" \/>\n\t<meta property=\"og:image:type\" content=\"image\/jpeg\" \/>\n<meta name=\"twitter:card\" content=\"summary_large_image\" \/>\n<script type=\"application\/ld+json\" class=\"yoast-schema-graph\">{\"@context\":\"https:\/\/schema.org\",\"@graph\":[{\"@type\":\"WebPage\",\"@id\":\"https:\/\/www.melform.com\/fr\/conteneurs-\/outlet-offres\/assiettes-et-recipients-offres\/bol-en-melamine-copia\/\",\"url\":\"https:\/\/www.melform.com\/fr\/conteneurs-\/outlet-offres\/assiettes-et-recipients-offres\/bol-en-melamine-copia\/\",\"name\":\"Bols - MELFORM\",\"isPartOf\":{\"@id\":\"https:\/\/www.melform.com\/fr\/#website\"},\"primaryImageOfPage\":{\"@id\":\"https:\/\/www.melform.com\/fr\/conteneurs-\/outlet-offres\/assiettes-et-recipients-offres\/bol-en-melamine-copia\/#primaryimage\"},\"image\":{\"@id\":\"https:\/\/www.melform.com\/fr\/conteneurs-\/outlet-offres\/assiettes-et-recipients-offres\/bol-en-melamine-copia\/#primaryimage\"},\"thumbnailUrl\":\"https:\/\/www.melform.com\/wp-content\/uploads\/2022\/10\/5652_LR-1.jpg\",\"datePublished\":\"2025-01-05T19:25:17+00:00\",\"dateModified\":\"2025-01-05T21:52:43+00:00\",\"breadcrumb\":{\"@id\":\"https:\/\/www.melform.com\/fr\/conteneurs-\/outlet-offres\/assiettes-et-recipients-offres\/bol-en-melamine-copia\/#breadcrumb\"},\"inLanguage\":\"fr-FR\",\"potentialAction\":[{\"@type\":\"ReadAction\",\"target\":[\"https:\/\/www.melform.com\/fr\/conteneurs-\/outlet-offres\/assiettes-et-recipients-offres\/bol-en-melamine-copia\/\"]}]},{\"@type\":\"ImageObject\",\"inLanguage\":\"fr-FR\",\"@id\":\"https:\/\/www.melform.com\/fr\/conteneurs-\/outlet-offres\/assiettes-et-recipients-offres\/bol-en-melamine-copia\/#primaryimage\",\"url\":\"https:\/\/www.melform.com\/wp-content\/uploads\/2022\/10\/5652_LR-1.jpg\",\"contentUrl\":\"https:\/\/www.melform.com\/wp-content\/uploads\/2022\/10\/5652_LR-1.jpg\",\"width\":1200,\"height\":1200},{\"@type\":\"BreadcrumbList\",\"@id\":\"https:\/\/www.melform.com\/fr\/conteneurs-\/outlet-offres\/assiettes-et-recipients-offres\/bol-en-melamine-copia\/#breadcrumb\",\"itemListElement\":[{\"@type\":\"ListItem\",\"position\":1,\"name\":\"Home\",\"item\":\"https:\/\/www.melform.com\/fr\/\"},{\"@type\":\"ListItem\",\"position\":2,\"name\":\"Shop\",\"item\":\"https:\/\/www.melform.com\/fr\/shop\/\"},{\"@type\":\"ListItem\",\"position\":3,\"name\":\"Bols\"}]},{\"@type\":\"WebSite\",\"@id\":\"https:\/\/www.melform.com\/fr\/#website\",\"url\":\"https:\/\/www.melform.com\/fr\/\",\"name\":\"MELFORM\",\"description\":\"SISTEMI PER IL TRASPORTO E STOCCAGGIO A TEMPERATURA CONTROLLATA\",\"potentialAction\":[{\"@type\":\"SearchAction\",\"target\":{\"@type\":\"EntryPoint\",\"urlTemplate\":\"https:\/\/www.melform.com\/fr\/?s={search_term_string}\"},\"query-input\":{\"@type\":\"PropertyValueSpecification\",\"valueRequired\":true,\"valueName\":\"search_term_string\"}}],\"inLanguage\":\"fr-FR\"}]}<\/script>\n<!-- \/ Yoast SEO plugin. -->","yoast_head_json":{"title":"Bols - MELFORM","robots":{"index":"index","follow":"follow","max-snippet":"max-snippet:-1","max-image-preview":"max-image-preview:large","max-video-preview":"max-video-preview:-1"},"canonical":"https:\/\/www.melform.com\/fr\/conteneurs-\/outlet-offres\/assiettes-et-recipients-offres\/bol-en-melamine-copia\/","og_locale":"fr_FR","og_type":"article","og_title":"Bols - MELFORM","og_description":"Large gamme de bols de diff\u00e9rentes tailles et mati\u00e8res, parfaits pour le service et la pr\u00e9paration avec praticit\u00e9 et style, adapt\u00e9s \u00e0 tous les besoins. Produit hors production","og_url":"https:\/\/www.melform.com\/fr\/conteneurs-\/outlet-offres\/assiettes-et-recipients-offres\/bol-en-melamine-copia\/","og_site_name":"MELFORM","article_modified_time":"2025-01-05T21:52:43+00:00","og_image":[{"width":1200,"height":1200,"url":"https:\/\/www.melform.com\/wp-content\/uploads\/2022\/10\/5652_LR-1.jpg","type":"image\/jpeg"}],"twitter_card":"summary_large_image","schema":{"@context":"https:\/\/schema.org","@graph":[{"@type":"WebPage","@id":"https:\/\/www.melform.com\/fr\/conteneurs-\/outlet-offres\/assiettes-et-recipients-offres\/bol-en-melamine-copia\/","url":"https:\/\/www.melform.com\/fr\/conteneurs-\/outlet-offres\/assiettes-et-recipients-offres\/bol-en-melamine-copia\/","name":"Bols - MELFORM","isPartOf":{"@id":"https:\/\/www.melform.com\/fr\/#website"},"primaryImageOfPage":{"@id":"https:\/\/www.melform.com\/fr\/conteneurs-\/outlet-offres\/assiettes-et-recipients-offres\/bol-en-melamine-copia\/#primaryimage"},"image":{"@id":"https:\/\/www.melform.com\/fr\/conteneurs-\/outlet-offres\/assiettes-et-recipients-offres\/bol-en-melamine-copia\/#primaryimage"},"thumbnailUrl":"https:\/\/www.melform.com\/wp-content\/uploads\/2022\/10\/5652_LR-1.jpg","datePublished":"2025-01-05T19:25:17+00:00","dateModified":"2025-01-05T21:52:43+00:00","breadcrumb":{"@id":"https:\/\/www.melform.com\/fr\/conteneurs-\/outlet-offres\/assiettes-et-recipients-offres\/bol-en-melamine-copia\/#breadcrumb"},"inLanguage":"fr-FR","potentialAction":[{"@type":"ReadAction","target":["https:\/\/www.melform.com\/fr\/conteneurs-\/outlet-offres\/assiettes-et-recipients-offres\/bol-en-melamine-copia\/"]}]},{"@type":"ImageObject","inLanguage":"fr-FR","@id":"https:\/\/www.melform.com\/fr\/conteneurs-\/outlet-offres\/assiettes-et-recipients-offres\/bol-en-melamine-copia\/#primaryimage","url":"https:\/\/www.melform.com\/wp-content\/uploads\/2022\/10\/5652_LR-1.jpg","contentUrl":"https:\/\/www.melform.com\/wp-content\/uploads\/2022\/10\/5652_LR-1.jpg","width":1200,"height":1200},{"@type":"BreadcrumbList","@id":"https:\/\/www.melform.com\/fr\/conteneurs-\/outlet-offres\/assiettes-et-recipients-offres\/bol-en-melamine-copia\/#breadcrumb","itemListElement":[{"@type":"ListItem","position":1,"name":"Home","item":"https:\/\/www.melform.com\/fr\/"},{"@type":"ListItem","position":2,"name":"Shop","item":"https:\/\/www.melform.com\/fr\/shop\/"},{"@type":"ListItem","position":3,"name":"Bols"}]},{"@type":"WebSite","@id":"https:\/\/www.melform.com\/fr\/#website","url":"https:\/\/www.melform.com\/fr\/","name":"MELFORM","description":"SISTEMI PER IL TRASPORTO E STOCCAGGIO A TEMPERATURA CONTROLLATA","potentialAction":[{"@type":"SearchAction","target":{"@type":"EntryPoint","urlTemplate":"https:\/\/www.melform.com\/fr\/?s={search_term_string}"},"query-input":{"@type":"PropertyValueSpecification","valueRequired":true,"valueName":"search_term_string"}}],"inLanguage":"fr-FR"}]}},"_links":{"self":[{"href":"https:\/\/www.melform.com\/fr\/wp-json\/wp\/v2\/product\/16459","targetHints":{"allow":["GET"]}}],"collection":[{"href":"https:\/\/www.melform.com\/fr\/wp-json\/wp\/v2\/product"}],"about":[{"href":"https:\/\/www.melform.com\/fr\/wp-json\/wp\/v2\/types\/product"}],"wp:featuredmedia":[{"embeddable":true,"href":"https:\/\/www.melform.com\/fr\/wp-json\/wp\/v2\/media\/8876"}],"wp:attachment":[{"href":"https:\/\/www.melform.com\/fr\/wp-json\/wp\/v2\/media?parent=16459"}],"wp:term":[{"taxonomy":"product_brand","embeddable":true,"href":"https:\/\/www.melform.com\/fr\/wp-json\/wp\/v2\/product_brand?post=16459"},{"taxonomy":"product_cat","embeddable":true,"href":"https:\/\/www.melform.com\/fr\/wp-json\/wp\/v2\/product_cat?post=16459"},{"taxonomy":"product_tag","embeddable":true,"href":"https:\/\/www.melform.com\/fr\/wp-json\/wp\/v2\/product_tag?post=16459"}],"curies":[{"name":"wp","href":"https:\/\/api.w.org\/{rel}","templated":true}]}}